{"id":3044,"date":"2025-09-16T08:56:08","date_gmt":"2025-09-16T08:56:08","guid":{"rendered":"https:\/\/chemsfine.com\/newsite\/?post_type=product&#038;p=3044"},"modified":"2025-09-21T08:50:06","modified_gmt":"2025-09-21T08:50:06","slug":"cumparati-enantat-online","status":"publish","type":"product","link":"https:\/\/buy-prescriptionz.com\/ro\/produs\/cumparati-enantat-online\/","title":{"rendered":"Cump\u0103ra\u021bi Enanthate Online"},"content":{"rendered":"<h2>Cump\u0103ra\u021bi Enanthate Online<\/h2>\n<h3>\u00cen cazul \u00een care pentru a cump\u0103ra Testosteron Enanthate online sub form\u0103 de injec\u021bie<\/h3>\n<p>Testosteron Enanthate Online, <a href=\"https:\/\/buy-prescriptionz.com\/ro\/\">Enanthate<\/a> l este un medicament androgen \u0219i steroid anabolic care este destinat tratamentului nivelului sc\u0103zut de testosteron la b\u0103rba\u021bi \u0219i femei sau la persoanele cu schimbare chirurgical\u0103 a sexului. Cump\u0103ra\u021bi Testosteron Enanthate online pentru tratamentul hormonal pentru b\u0103rba\u021bi \u0219i femei transsexuali.<br \/>\nCump\u0103ra\u021bi Testosteron Enanthate \u00een injec\u021bie la buy-prescriptionz.com pentru perfuzie \u00een mu\u0219chi, \u00een mod normal, o dat\u0103 la fiecare dou\u0103 p\u00e2n\u0103 la patru s\u0103pt\u0103m\u00e2ni.<\/p>\n<h3>Testosteron Enanthate de v\u00e2nzare<\/h3>\n<p>Testosteron Enanthate online pentru masculinizare, cum ar fi cur\u0103\u021barea pielii, dezvoltarea p\u0103rului extins, modific\u0103ri ale vocii \u0219i dorin\u021ba sexual\u0103 dezvoltat\u0103. \u0218ti\u021bi cum s\u0103 cump\u0103ra\u021bi Testosteron Enanthate online? R\u0103spunsul este la buy-prescriptionz.com.<\/p>\n<p>Cump\u0103ra\u021bi Primobolan 100 mg f\u0103r\u0103 prescrip\u021bie medical\u0103 ca un androgen \u0219i steroid anabolic ob\u021binut chimic \u0219i este un agonist al receptorului androgen, natura organic\u0103 a androgenilor cum ar fi testosteronul \u0219i dihidrotestosteronul.<\/p>\n<p>Cump\u0103ra\u021bi Testosteron Enanthate f\u0103r\u0103 un medic pentru efecte androgenice fiabile \u0219i utiliz\u0103ri anabolice moderate, ceea ce \u00eel face valoros pentru a crea masculinizare \u0219i adecvat pentru terapia de substitu\u021bie androgenic\u0103.<\/p>\n<p>Comanda\u021bi online Enantat de testosteron ca medicament pentru cre\u0219terea nivelului de testosteron \u0219i promedicament pentru cre\u0219terea nivelului de testosteron din organism. Pe buy-prescriptionz.com, ve\u021bi putea comanda \u0219i \u00een vrac acest medicament oriunde \u00een regiunile selectate. Enantatul de testosteron este utilizat \u00een terapia de substitu\u021bie androgenic\u0103. Medicamentul este \u00een mod clar cel mai bun, \u00een Statele Unite, pentru tratamentul hipogonadismului la b\u0103rba\u021bi, al adolescen\u021bei \u00eent\u00e2rziate la b\u0103rba\u021bii tineri \u0219i al nivelului de testosteron la femei.<\/p>\n<h3>Cump\u0103ra\u021bi Testosteron Enanthate la pre\u021b ieftin: Farmacologie<\/h3>\n<p>Testosteronul enantat are o eliminare de 4,5 zile \u0219i un timp de 8,5 zile atunci c\u00e2nd este utilizat ca o injec\u021bie intramuscular\u0103 de depozit. Achizi\u021biona\u021bi Testosteron Enanthate online pentru vizitele dvs. de cerin\u021be de aproximativ o dat\u0103 pe s\u0103pt\u0103m\u00e2n\u0103, iar modific\u0103rile substan\u021biale ale nivelului de testosteron rezult\u0103 cu acesta, cu niveluri la \u00eenceput ridicate \u0219i suprafiziologice.<\/p>\n<p>Cump\u0103ra\u021bi Testosteron Enanthate cu ambalaj discret cu serviciu de transport rapid \u0219i sigur, deoarece 17\u03b2-heptanoatul este un steroid androstanic ob\u021binut chimic \u0219i o filial\u0103 a testosteronului. Este un ester de androgen; \u00een mod explicit, este esterul C17\u03b2 enantat (heptanoat) al testosteronului.<\/p>\n<h1><strong>Cump\u0103ra\u021bi Enanthate Online<\/strong><\/h1>\n<p>Enantatul, adesea cunoscut sub numele de Enantat de Testosteron, este un steroid anabolic popular utilizat pentru terapia de substitu\u021bie a testosteronului \u0219i culturism. Iat\u0103 o prezentare general\u0103 complet\u0103 \u0219i beneficiile cump\u0103r\u0103rii de Enantat online:<\/p>\n<ol>\n<li><strong>Ce este Enantatul?<\/strong><\/li>\n<\/ol>\n<ol>\n<li style=\"list-style-type: none;\">\n<ul>\n<li>Enantatul de testosteron este o form\u0103 sintetic\u0103 a hormonului testosteron natural.<\/li>\n<li>It&#8217;s used primarily to treat low testosterone levels in men and to improve physical performance.<\/li>\n<\/ul>\n<\/li>\n<\/ol>\n<ol start=\"2\">\n<li><strong>Forms and Dosage:<\/strong><\/li>\n<\/ol>\n<ol>\n<li style=\"list-style-type: none;\">\n<ul>\n<li>Disponibil de obicei sub form\u0103 injectabil\u0103.<\/li>\n<li>Dozele variaz\u0103 \u00een func\u021bie de sfatul medicului \u0219i de utilizarea preconizat\u0103, variind de la 50 mg la 400 mg per injec\u021bie.<\/li>\n<\/ul>\n<\/li>\n<\/ol>\n<ol start=\"3\">\n<li><strong>Mecanism de ac\u021biune:<\/strong><\/li>\n<\/ol>\n<ol>\n<li style=\"list-style-type: none;\">\n<ul>\n<li>Enantatul func\u021bioneaz\u0103 prin suplimentarea testosteronului natural al organismului, ajut\u00e2nd la men\u021binerea unui echilibru hormonal.<\/li>\n<\/ul>\n<\/li>\n<\/ol>\n<h3>Beneficios<\/h3>\n<ol>\n<li><strong>Cre\u0219terea \u0219i for\u021ba muscular\u0103:<\/strong><\/li>\n<\/ol>\n<ol>\n<li style=\"list-style-type: none;\">\n<ul>\n<li>Sintez\u0103 proteic\u0103 \u00eembun\u0103t\u0103\u021bit\u0103: Ajut\u0103 la repararea \u0219i cre\u0219terea muscular\u0103 mai rapid\u0103.<\/li>\n<li>Reten\u021bie crescut\u0103 de azot: Crucial\u0103 pentru cre\u0219terea muscular\u0103, deoarece men\u021bine mu\u0219chii \u00eentr-o stare anabolic\u0103.<\/li>\n<\/ul>\n<\/li>\n<\/ol>\n<ol start=\"2\">\n<li><strong>Timpi de recuperare \u00eembun\u0103t\u0103\u021bi\u021bi:<\/strong><\/li>\n<\/ol>\n<ol>\n<li style=\"list-style-type: none;\">\n<ul>\n<li>Recuperare mai rapid\u0103: Reducerea durerilor musculare \u0219i recuperare mai rapid\u0103 dup\u0103 antrenamente intense.<\/li>\n<li>Cre\u0219terea produc\u021biei de globule ro\u0219ii: \u00cembun\u0103t\u0103\u021be\u0219te livrarea de oxigen c\u0103tre mu\u0219chi, sporind rezisten\u021ba \u0219i performan\u021ba.<\/li>\n<\/ul>\n<\/li>\n<\/ol>\n<ol start=\"3\">\n<li><strong>Pierderea de gr\u0103sime:<\/strong><\/li>\n<\/ol>\n<ol>\n<li style=\"list-style-type: none;\">\n<ul>\n<li>Rat\u0103 metabolic\u0103 \u00eembun\u0103t\u0103\u021bit\u0103: Stimuleaz\u0103 metabolismul gr\u0103similor, ajut\u00e2nd la o pierdere mai rapid\u0103 de gr\u0103sime, men\u021bin\u00e2nd \u00een acela\u0219i timp masa muscular\u0103 slab\u0103.<\/li>\n<\/ul>\n<\/li>\n<\/ol>\n<ol start=\"4\">\n<li><strong>Libido \u0219i stare de spirit:<\/strong><\/li>\n<\/ol>\n<ol>\n<li style=\"list-style-type: none;\">\n<ul>\n<li>Libido \u00eembun\u0103t\u0103\u021bit\u0103: Ajut\u0103 la restabilirea \u0219i cre\u0219terea libidoului.<\/li>\n<li>O dispozi\u021bie mai bun\u0103: Stabilizeaz\u0103 starea de spirit \u0219i combate simptomele depresiei asociate cu nivelul sc\u0103zut de testosteron.<\/li>\n<\/ul>\n<\/li>\n<\/ol>\n<ol start=\"5\">\n<li><strong>Densitatea \u0219i rezisten\u021ba osoas\u0103:<\/strong><\/li>\n<\/ol>\n<ol>\n<li style=\"list-style-type: none;\">\n<ul>\n<li>Cre\u0219terea densit\u0103\u021bii osoase: Ajut\u0103 la men\u021binerea s\u0103n\u0103t\u0103\u021bii oaselor \u0219i la prevenirea osteoporozei.<\/li>\n<\/ul>\n<\/li>\n<\/ol>\n<p>Unde pot cump\u0103ra Enanthate? Cump\u0103rarea de Enanthate online de la cea mai bun\u0103 farmacie, buy-prescriptionz.com, ofer\u0103 numeroase beneficii, inclusiv comoditate, varietate \u0219i economii de costuri. Este esen\u021bial s\u0103 cump\u0103ra\u021bi din surse de \u00eencredere pentru a asigura calitatea \u0219i autenticitatea produsului. Consulta\u021bi \u00eentotdeauna un furnizor de servicii medicale \u00eenainte de a \u00eencepe orice medicament nou sau regim de suplimente pentru a v\u0103 asigura c\u0103 este potrivit nevoilor dumneavoastr\u0103.<\/p>","protected":false},"excerpt":{"rendered":"<p>Buy Enanthate Online Where to buy Testosterone Enanthate online in injection form Testosterone Enanthate Online, Enanthate or Delatestryl is an androgen and anabolic steroid medication that is for the treatment of low testosterone levels in men and women or surgically sex changed individuals. Buy Testosterone Enanthate online for hormone treatment for transgender men and women. [&hellip;]<\/p>","protected":false},"featured_media":3074,"comment_status":"open","ping_status":"closed","template":"","meta":{"site-sidebar-layout":"default","site-content-layout":"","ast-site-content-layout":"default","site-content-style":"default","site-sidebar-style":"default","ast-global-header-display":"","ast-banner-title-visibility":"","ast-main-header-display":"","ast-hfb-above-header-display":"","ast-hfb-below-header-display":"","ast-hfb-mobile-header-display":"","site-post-title":"","ast-breadcrumbs-content":"","ast-featured-img":"","footer-sml-layout":"","theme-transparent-header-meta":"default","adv-header-id-meta":"","stick-header-meta":"","header-above-stick-meta":"","header-main-stick-meta":"","header-below-stick-meta":"","astra-migrate-meta-layouts":"set","ast-page-background-enabled":"default","ast-page-background-meta":{"desktop":{"background-color":"var(--ast-global-color-4)","background-image":"","background-repeat":"repeat","background-position":"center center","background-size":"auto","background-attachment":"scroll","background-type":"","background-media":"","overlay-type":"","overlay-color":"","overlay-opacity":"","overlay-gradient":""},"tablet":{"background-color":"","background-image":"","background-repeat":"repeat","background-position":"center center","background-size":"auto","background-attachment":"scroll","background-type":"","background-media":"","overlay-type":"","overlay-color":"","overlay-opacity":"","overlay-gradient":""},"mobile":{"background-color":"","background-image":"","background-repeat":"repeat","background-position":"center center","background-size":"auto","background-attachment":"scroll","background-type":"","background-media":"","overlay-type":"","overlay-color":"","overlay-opacity":"","overlay-gradient":""}},"ast-content-background-meta":{"desktop":{"background-color":"var(--ast-global-color-5)","background-image":"","background-repeat":"repeat","background-position":"center center","background-size":"auto","background-attachment":"scroll","background-type":"","background-media":"","overlay-type":"","overlay-color":"","overlay-opacity":"","overlay-gradient":""},"tablet":{"background-color":"var(--ast-global-color-5)","background-image":"","background-repeat":"repeat","background-position":"center center","background-size":"auto","background-attachment":"scroll","background-type":"","background-media":"","overlay-type":"","overlay-color":"","overlay-opacity":"","overlay-gradient":""},"mobile":{"background-color":"var(--ast-global-color-5)","background-image":"","background-repeat":"repeat","background-position":"center center","background-size":"auto","background-attachment":"scroll","background-type":"","background-media":"","overlay-type":"","overlay-color":"","overlay-opacity":"","overlay-gradient":""}}},"product_brand":[],"product_cat":[2384],"product_tag":[1302,1303,1301,1296,1299,1298,1297,1300,1295,1294,1304],"class_list":{"0":"post-3044","1":"product","2":"type-product","3":"status-publish","4":"has-post-thumbnail","6":"product_cat-buy-anabolic-steroids-online","7":"product_tag-buy-enanthate-in-canada","8":"product_tag-buy-enanthate-in-uk","9":"product_tag-buy-enanthate-in-usa","10":"product_tag-buy-enanthate-with-bitcoin","11":"product_tag-buy-enanthate-with-credit-card","12":"product_tag-buy-enanthate-with-money-gram","13":"product_tag-buy-enanthate-with-western-union","14":"product_tag-buy-enanthate-without-a-doctor","15":"product_tag-buy-enanthate-without-prescription","16":"product_tag-enanthate-for-sale","17":"product_tag-enanthate-injection","18":"desktop-align-center","19":"tablet-align-left","20":"mobile-align-left","22":"first","23":"instock","24":"shipping-taxable","25":"purchasable","26":"product-type-variable","27":"has-default-attributes"},"yoast_head":"<!-- This site is optimized with the Yoast SEO plugin v25.9 - https:\/\/yoast.com\/wordpress\/plugins\/seo\/ -->\n<title>Testosterone Enanthate Online - Testosterone enanthate,Buy Testosterone<\/title>\n<meta name=\"description\" content=\"Testosterone Enanthate Online - Testosterone;- Buy Testosterone Enanthate book online at best prices in India on Amazon.in. Read Testosterone Enanthate\" \/>\n<meta name=\"robots\" content=\"index, follow, max-snippet:-1, max-image-preview:large, max-video-preview:-1\" \/>\n<link rel=\"canonical\" href=\"https:\/\/buy-prescriptionz.com\/ro\/produs\/cumparati-enantat-online\/\" \/>\n<meta property=\"og:locale\" content=\"ro_RO\" \/>\n<meta property=\"og:type\" content=\"article\" \/>\n<meta property=\"og:title\" content=\"Testosterone Enanthate Online - Testosterone enanthate,Buy Testosterone\" \/>\n<meta property=\"og:description\" content=\"Testosterone Enanthate Online - Testosterone;- Buy Testosterone Enanthate book online at best prices in India on Amazon.in. Read Testosterone Enanthate\" \/>\n<meta property=\"og:url\" content=\"https:\/\/buy-prescriptionz.com\/ro\/produs\/cumparati-enantat-online\/\" \/>\n<meta property=\"og:site_name\" content=\"Buy Prescriptionz\" \/>\n<meta property=\"article:modified_time\" content=\"2025-09-21T08:50:06+00:00\" \/>\n<meta property=\"og:image\" content=\"https:\/\/buy-prescriptionz.com\/wp-content\/uploads\/2025\/09\/enanthate.jpg\" \/>\n\t<meta property=\"og:image:width\" content=\"400\" \/>\n\t<meta property=\"og:image:height\" content=\"300\" \/>\n\t<meta property=\"og:image:type\" content=\"image\/jpeg\" \/>\n<meta name=\"twitter:card\" content=\"summary_large_image\" \/>\n<meta name=\"twitter:label1\" content=\"Timp estimat pentru citire\" \/>\n\t<meta name=\"twitter:data1\" content=\"3 minute\" \/>\n<script type=\"application\/ld+json\" class=\"yoast-schema-graph\">{\"@context\":\"https:\/\/schema.org\",\"@graph\":[{\"@type\":\"WebPage\",\"@id\":\"https:\/\/buy-prescriptionz.com\/product\/buy-enanthate-online\/\",\"url\":\"https:\/\/buy-prescriptionz.com\/product\/buy-enanthate-online\/\",\"name\":\"Testosterone Enanthate Online - Testosterone enanthate,Buy Testosterone\",\"isPartOf\":{\"@id\":\"https:\/\/buy-prescriptionz.com\/#website\"},\"primaryImageOfPage\":{\"@id\":\"https:\/\/buy-prescriptionz.com\/product\/buy-enanthate-online\/#primaryimage\"},\"image\":{\"@id\":\"https:\/\/buy-prescriptionz.com\/product\/buy-enanthate-online\/#primaryimage\"},\"thumbnailUrl\":\"https:\/\/buy-prescriptionz.com\/wp-content\/uploads\/2025\/09\/enanthate.jpg\",\"datePublished\":\"2025-09-16T08:56:08+00:00\",\"dateModified\":\"2025-09-21T08:50:06+00:00\",\"description\":\"Testosterone Enanthate Online - Testosterone;- Buy Testosterone Enanthate book online at best prices in India on Amazon.in. Read Testosterone Enanthate\",\"breadcrumb\":{\"@id\":\"https:\/\/buy-prescriptionz.com\/product\/buy-enanthate-online\/#breadcrumb\"},\"inLanguage\":\"ro-RO\",\"potentialAction\":[{\"@type\":\"ReadAction\",\"target\":[\"https:\/\/buy-prescriptionz.com\/product\/buy-enanthate-online\/\"]}]},{\"@type\":\"ImageObject\",\"inLanguage\":\"ro-RO\",\"@id\":\"https:\/\/buy-prescriptionz.com\/product\/buy-enanthate-online\/#primaryimage\",\"url\":\"https:\/\/buy-prescriptionz.com\/wp-content\/uploads\/2025\/09\/enanthate.jpg\",\"contentUrl\":\"https:\/\/buy-prescriptionz.com\/wp-content\/uploads\/2025\/09\/enanthate.jpg\",\"width\":400,\"height\":300},{\"@type\":\"BreadcrumbList\",\"@id\":\"https:\/\/buy-prescriptionz.com\/product\/buy-enanthate-online\/#breadcrumb\",\"itemListElement\":[{\"@type\":\"ListItem\",\"position\":1,\"name\":\"Home\",\"item\":\"https:\/\/buy-prescriptionz.com\/\"},{\"@type\":\"ListItem\",\"position\":2,\"name\":\"Shop Painkillers Online\",\"item\":\"https:\/\/buy-prescriptionz.com\/shop-painkillers-online\/\"},{\"@type\":\"ListItem\",\"position\":3,\"name\":\"Buy Enanthate Online\"}]},{\"@type\":\"WebSite\",\"@id\":\"https:\/\/buy-prescriptionz.com\/#website\",\"url\":\"https:\/\/buy-prescriptionz.com\/\",\"name\":\"Buy Prescriptionz\",\"description\":\"Drugs Online\",\"publisher\":{\"@id\":\"https:\/\/buy-prescriptionz.com\/#organization\"},\"potentialAction\":[{\"@type\":\"SearchAction\",\"target\":{\"@type\":\"EntryPoint\",\"urlTemplate\":\"https:\/\/buy-prescriptionz.com\/?s={search_term_string}\"},\"query-input\":{\"@type\":\"PropertyValueSpecification\",\"valueRequired\":true,\"valueName\":\"search_term_string\"}}],\"inLanguage\":\"ro-RO\"},{\"@type\":\"Organization\",\"@id\":\"https:\/\/buy-prescriptionz.com\/#organization\",\"name\":\"Buy Prescriptionz\",\"url\":\"https:\/\/buy-prescriptionz.com\/\",\"logo\":{\"@type\":\"ImageObject\",\"inLanguage\":\"ro-RO\",\"@id\":\"https:\/\/buy-prescriptionz.com\/#\/schema\/logo\/image\/\",\"url\":\"https:\/\/buy-prescriptionz.com\/wp-content\/uploads\/2023\/09\/logo.png\",\"contentUrl\":\"https:\/\/buy-prescriptionz.com\/wp-content\/uploads\/2023\/09\/logo.png\",\"width\":350,\"height\":64,\"caption\":\"Buy Prescriptionz\"},\"image\":{\"@id\":\"https:\/\/buy-prescriptionz.com\/#\/schema\/logo\/image\/\"}}]}<\/script>\n<!-- \/ Yoast SEO plugin. -->","yoast_head_json":{"title":"Testosteron Enanthate Online - Testosteron enanthate, Cump\u0103ra\u021bi Testosteron","description":"Testosteron Enanthate Online - Testosteron;- Cumpara Testosteron Enanthate carte online la cele mai bune pre\u021buri de la https:\/\/buy-prescriptionz.com\/ Comanda Testosteron Enanthate","robots":{"index":"index","follow":"follow","max-snippet":"max-snippet:-1","max-image-preview":"max-image-preview:large","max-video-preview":"max-video-preview:-1"},"canonical":"https:\/\/buy-prescriptionz.com\/ro\/produs\/cumparati-enantat-online\/","og_locale":"ro_RO","og_type":"article","og_title":"Testosterone Enanthate Online - Testosterone enanthate,Buy Testosterone","og_description":"Testosterone Enanthate Online - Testosterone;- Buy Testosterone Enanthate book online at best prices in India on Amazon.in. Read Testosterone Enanthate","og_url":"https:\/\/buy-prescriptionz.com\/ro\/produs\/cumparati-enantat-online\/","og_site_name":"Buy Prescriptionz","article_modified_time":"2025-09-21T08:50:06+00:00","og_image":[{"width":400,"height":300,"url":"https:\/\/buy-prescriptionz.com\/wp-content\/uploads\/2025\/09\/enanthate.jpg","type":"image\/jpeg"}],"twitter_card":"summary_large_image","twitter_misc":{"Timp estimat pentru citire":"3 minute"},"schema":{"@context":"https:\/\/schema.org","@graph":[{"@type":"WebPage","@id":"https:\/\/buy-prescriptionz.com\/product\/buy-enanthate-online\/","url":"https:\/\/buy-prescriptionz.com\/product\/buy-enanthate-online\/","name":"Testosteron Enanthate Online - Testosteron enanthate, Cump\u0103ra\u021bi Testosteron","isPartOf":{"@id":"https:\/\/buy-prescriptionz.com\/#website"},"primaryImageOfPage":{"@id":"https:\/\/buy-prescriptionz.com\/product\/buy-enanthate-online\/#primaryimage"},"image":{"@id":"https:\/\/buy-prescriptionz.com\/product\/buy-enanthate-online\/#primaryimage"},"thumbnailUrl":"https:\/\/buy-prescriptionz.com\/wp-content\/uploads\/2025\/09\/enanthate.jpg","datePublished":"2025-09-16T08:56:08+00:00","dateModified":"2025-09-21T08:50:06+00:00","description":"Testosteron Enanthate Online - Testosteron;- Cumpara Testosteron Enanthate carte online la cele mai bune pre\u021buri de la https:\/\/buy-prescriptionz.com\/ Comanda Testosteron Enanthate","breadcrumb":{"@id":"https:\/\/buy-prescriptionz.com\/product\/buy-enanthate-online\/#breadcrumb"},"inLanguage":"ro-RO","potentialAction":[{"@type":"ReadAction","target":["https:\/\/buy-prescriptionz.com\/product\/buy-enanthate-online\/"]}]},{"@type":"ImageObject","inLanguage":"ro-RO","@id":"https:\/\/buy-prescriptionz.com\/product\/buy-enanthate-online\/#primaryimage","url":"https:\/\/buy-prescriptionz.com\/wp-content\/uploads\/2025\/09\/enanthate.jpg","contentUrl":"https:\/\/buy-prescriptionz.com\/wp-content\/uploads\/2025\/09\/enanthate.jpg","width":400,"height":300},{"@type":"BreadcrumbList","@id":"https:\/\/buy-prescriptionz.com\/product\/buy-enanthate-online\/#breadcrumb","itemListElement":[{"@type":"ListItem","position":1,"name":"Home","item":"https:\/\/buy-prescriptionz.com\/"},{"@type":"ListItem","position":2,"name":"Shop Painkillers Online","item":"https:\/\/buy-prescriptionz.com\/shop-painkillers-online\/"},{"@type":"ListItem","position":3,"name":"Buy Enanthate Online"}]},{"@type":"WebSite","@id":"https:\/\/buy-prescriptionz.com\/#website","url":"https:\/\/buy-prescriptionz.com\/","name":"Buy Prescriptionz","description":"Medicamente online","publisher":{"@id":"https:\/\/buy-prescriptionz.com\/#organization"},"potentialAction":[{"@type":"SearchAction","target":{"@type":"EntryPoint","urlTemplate":"https:\/\/buy-prescriptionz.com\/?s={search_term_string}"},"query-input":{"@type":"PropertyValueSpecification","valueRequired":true,"valueName":"search_term_string"}}],"inLanguage":"ro-RO"},{"@type":"Organization","@id":"https:\/\/buy-prescriptionz.com\/#organization","name":"Buy Prescriptionz","url":"https:\/\/buy-prescriptionz.com\/","logo":{"@type":"ImageObject","inLanguage":"ro-RO","@id":"https:\/\/buy-prescriptionz.com\/#\/schema\/logo\/image\/","url":"https:\/\/buy-prescriptionz.com\/wp-content\/uploads\/2023\/09\/logo.png","contentUrl":"https:\/\/buy-prescriptionz.com\/wp-content\/uploads\/2023\/09\/logo.png","width":350,"height":64,"caption":"Buy Prescriptionz"},"image":{"@id":"https:\/\/buy-prescriptionz.com\/#\/schema\/logo\/image\/"}}]}},"_links":{"self":[{"href":"https:\/\/buy-prescriptionz.com\/ro\/wp-json\/wp\/v2\/product\/3044","targetHints":{"allow":["GET"]}}],"collection":[{"href":"https:\/\/buy-prescriptionz.com\/ro\/wp-json\/wp\/v2\/product"}],"about":[{"href":"https:\/\/buy-prescriptionz.com\/ro\/wp-json\/wp\/v2\/types\/product"}],"replies":[{"embeddable":true,"href":"https:\/\/buy-prescriptionz.com\/ro\/wp-json\/wp\/v2\/comments?post=3044"}],"wp:featuredmedia":[{"embeddable":true,"href":"https:\/\/buy-prescriptionz.com\/ro\/wp-json\/wp\/v2\/media\/3074"}],"wp:attachment":[{"href":"https:\/\/buy-prescriptionz.com\/ro\/wp-json\/wp\/v2\/media?parent=3044"}],"wp:term":[{"taxonomy":"product_brand","embeddable":true,"href":"https:\/\/buy-prescriptionz.com\/ro\/wp-json\/wp\/v2\/product_brand?post=3044"},{"taxonomy":"product_cat","embeddable":true,"href":"https:\/\/buy-prescriptionz.com\/ro\/wp-json\/wp\/v2\/product_cat?post=3044"},{"taxonomy":"product_tag","embeddable":true,"href":"https:\/\/buy-prescriptionz.com\/ro\/wp-json\/wp\/v2\/product_tag?post=3044"}],"curies":[{"name":"wp","href":"https:\/\/api.w.org\/{rel}","templated":true}]}}