{"id":3048,"date":"2025-09-16T08:56:09","date_gmt":"2025-09-16T08:56:09","guid":{"rendered":"https:\/\/chemsfine.com\/newsite\/?post_type=product&#038;p=3048"},"modified":"2025-09-24T11:10:48","modified_gmt":"2025-09-24T11:10:48","slug":"cumparati-omnadren-online","status":"publish","type":"product","link":"https:\/\/buy-prescriptionz.com\/ro\/produs\/cumparati-omnadren-online\/","title":{"rendered":"Cump\u0103ra\u021bi Omnadren online"},"content":{"rendered":"<h2>Cump\u0103ra\u021bi Omnadren online<\/h2>\n<h3>Omnadren 250 (Sustanon) de Elfa | Amestec de testosteron<\/h3>\n<p>Omnadren 250 de v\u00e2nzare, Omnadren cre\u0219te rezisten\u021ba muscular\u0103 \u0219i, odat\u0103 ce a\u021bi cump\u0103rat Omnadren online, \u00eel pute\u021bi folosi singur \u0219i experimenta diferen\u021ba. Este steroidul perfect pentru to\u021bi sportivii, folosit de ace\u0219tia din \u00eentreaga lume. Omnadren 250 este un anabolic injectabil compus din 30 mg de propionat de testosteron, 60 mg de fenilpropionat de testosteron, 60 mg de izohexanoat de testosteron \u0219i 100 mg de hexanoat de testosteron. Compusul are efecte androgenice ridicate, produce o cre\u0219tere rapid\u0103 a mu\u0219chilor \u0219i o cre\u0219tere a for\u021bei, precum \u0219i o senza\u021bie general\u0103 de bun\u0103stare \u0219i o cre\u0219tere a libidoului. Omnadren previne apari\u021bia leziunilor, deoarece lubrifiaz\u0103 articula\u021biile prin stocarea fluidului \u00een \u021besuturile conjunctive \u0219i este considerat un compus anticatabolic eficient. Durata sa de via\u021b\u0103 activ\u0103 este de aproximativ 18 zile.<\/p>\n<p>Omnadren 250 se administreaz\u0103 de obicei prin injectare cel pu\u021bin o dat\u0103 pe s\u0103pt\u0103m\u00e2n\u0103, cu o doz\u0103 de 400-1200 mg pe s\u0103pt\u0103m\u00e2n\u0103 pentru b\u0103rba\u021bi, \u00een timp ce sportivii de sex feminin ar trebui s\u0103 utilizeze doze mult mai mici sau s\u0103 evite deloc utilizarea acestuia. Omnadren 250 poate fi combinat cu Equipoise sau Deca Durabolin sau cu steroizi orali precum Anadrol sau Anabol pentru a ob\u021bine un efect de cre\u0219tere \u00een mas\u0103. Utilizarea Omnadren 250 scade produc\u021bia natural\u0103 de testosteron a organismului \u0219i trebuie utilizat la sf\u00e2r\u0219itul ciclului \u00een combina\u021bie cu Nolvadex, HCG \u0219i Clomid timp de aproximativ 3 s\u0103pt\u0103m\u00e2ni pentru o restaurare eficient\u0103 a organismului uman. Femeile pot experimenta efecte tipice de virilizare \u00een timp ce utilizeaz\u0103 Omnadren, \u00een timp ce sportivii de sex masculin pot experimenta erec\u021bii dureroase la nivelul penisului, v\u0103rs\u0103turi, grea\u021b\u0103, cre\u0219terea tensiunii arteriale, cre\u0219terea colesterolului seric, schimb\u0103ri de dispozi\u021bie, agresivitate.<\/p>\n<p>Utiliz\u0103ri \u2013 Terapia de substitu\u021bie cu testosteron (TRT)<\/p>\n<p>Reac\u021bii adverse \u2013 tensiune cardiac\u0103, piele gras\u0103, probleme hepatice, acnee<\/p>\n<p>Cump\u0103ra\u021bi Omnadren online f\u0103r\u0103 prescrip\u021bie medical\u0103 \u0219i utiliza\u021bi-l pentru a cre\u0219te nivelul de testosteron, astfel \u00eenc\u00e2t acesta s\u0103 ating\u0103 valorile normale, ca \u00een TRT. De asemenea, pute\u021bi cump\u0103ra Omnadren pentru a v\u0103 bucura de beneficiile terapeutice. De multe ori, ve\u021bi putea g\u0103si Omnadren de v\u00e2nzare, ceea ce v\u0103 va u\u0219ura sarcina.<\/p>\n<h3>Prezentare general\u0103 \u0219i beneficii ale cump\u0103r\u0103rii Omnadren online<\/h3>\n<p>Omnadren este un amestec de patru esteri diferi\u021bi de testosteron, care ofer\u0103 efecte at\u00e2t cu ac\u021biune rapid\u0103, c\u00e2t \u0219i de lung\u0103 durat\u0103, ceea ce \u00eel face o alegere preferat\u0103 pentru terapia de substitu\u021bie a testosteronului \u0219i \u00eembun\u0103t\u0103\u021birea performan\u021bei \u00een culturism. Acest steroid anabolic ofer\u0103 mai multe beneficii, inclusiv niveluri stabile de testosteron, o stare de spirit \u0219i o stare de bine \u00eembun\u0103t\u0103\u021bite, o cre\u0219tere semnificativ\u0103 a masei musculare \u0219i a for\u021bei, performan\u021be atletice \u00eembun\u0103t\u0103\u021bite, timpi de recuperare mai rapizi, o rat\u0103 metabolic\u0103 crescut\u0103 pentru pierderea de gr\u0103sime \u0219i o libidou \u0219i o s\u0103n\u0103tate sexual\u0103 \u00eembun\u0103t\u0103\u021bite.<\/p>\n<p>Amestecul asigur\u0103 niveluri hormonale echilibrate, stimuleaz\u0103 sinteza proteinelor musculare, re\u021bine azotul \u00een mu\u0219chi, \u00eembun\u0103t\u0103\u021be\u0219te produc\u021bia de globule ro\u0219ii \u0219i sus\u021bine recompunerea general\u0103 a corpului prin promovarea simultan\u0103 a cre\u0219terii musculare \u0219i a pierderii de gr\u0103sime.<\/p>\n<h3>Efectele secundare ale Omnadrenului<\/h3>\n<p>De\u0219i Omnadren ofer\u0103 numeroase beneficii, este important s\u0103 fi\u021bi con\u0219tien\u021bi de poten\u021bialele efecte secundare. Reac\u021biile adverse frecvente includ acneea, c\u0103derea p\u0103rului \u0219i cre\u0219terea pilozit\u0103\u021bii corporale datorit\u0103 propriet\u0103\u021bilor sale androgenice. Unii utilizatori pot prezenta reten\u021bie de ap\u0103 \u0219i balonare, ceea ce poate duce la hipertensiune arterial\u0103. Ginecomastia, sau dezvoltarea \u021besutului mamar la b\u0103rba\u021bi, poate ap\u0103rea din cauza nivelului crescut de estrogen. \u00cen plus, Omnadren poate avea un impact negativ asupra nivelului de colesterol, cresc\u00e2nd riscul de probleme cardiovasculare. Utilizarea pe termen lung sau \u00een doze mari pot suprima produc\u021bia natural\u0103 de testosteron, duc\u00e2nd la atrofie testicular\u0103. Toxicitatea hepatic\u0103 este \u00een general sc\u0103zut\u0103 \u00een cazul formelor injectabile, dar este recomandabil\u0103 monitorizarea func\u021biei hepatice. Pentru a atenua aceste riscuri, este esen\u021bial s\u0103 utiliza\u021bi Omnadren sub supraveghere medical\u0103, s\u0103 respecta\u021bi dozele recomandate \u0219i s\u0103 efectua\u021bi controale medicale regulate.<\/p>\n<p>Pute\u021bi cump\u0103ra Nolvadex de pe un site web fiabil \u0219i u\u0219or de utilizat, cum ar fi cea mai bun\u0103 farmacie buy-prescriptionz.com. Aceast\u0103 platform\u0103 este cunoscut\u0103 pentru produsele sale autentice, metodele de livrare discrete, pre\u021burile competitive \u0219i alte beneficii. Pute\u021bi vizualiza recenziile clien\u021bilor pe site-ul lor, precum \u0219i utiliza servicii de prescrip\u021bie medical\u0103 pentru a garanta utilizarea corect\u0103 a medicamentului achizi\u021bionat. Ob\u021bine\u021bi Nolvadex de pe buy-prescriptionz.com \u0219i sim\u021bi\u021bi efectele sale benefice, toate acestea av\u00e2nd \u00een acela\u0219i timp confortul \u0219i siguran\u021ba cump\u0103r\u0103turilor online.<\/p>","protected":false},"excerpt":{"rendered":"<p>Buy Omnadren Online Omnadren 250 (Sustanon) by Jelfa | Testosterone Blend Omnadren 250 for Sale, Omnadren increases muscular endurance and once you would have bought omnadren online, you can use it for yourself and experience the difference. It is the perfect steroid for all athletes, used by them all over the world.Omnadren 250 is an [&hellip;]<\/p>","protected":false},"featured_media":3078,"comment_status":"open","ping_status":"closed","template":"","meta":{"site-sidebar-layout":"default","site-content-layout":"","ast-site-content-layout":"default","site-content-style":"default","site-sidebar-style":"default","ast-global-header-display":"","ast-banner-title-visibility":"","ast-main-header-display":"","ast-hfb-above-header-display":"","ast-hfb-below-header-display":"","ast-hfb-mobile-header-display":"","site-post-title":"","ast-breadcrumbs-content":"","ast-featured-img":"","footer-sml-layout":"","theme-transparent-header-meta":"default","adv-header-id-meta":"","stick-header-meta":"","header-above-stick-meta":"","header-main-stick-meta":"","header-below-stick-meta":"","astra-migrate-meta-layouts":"set","ast-page-background-enabled":"default","ast-page-background-meta":{"desktop":{"background-color":"var(--ast-global-color-4)","background-image":"","background-repeat":"repeat","background-position":"center center","background-size":"auto","background-attachment":"scroll","background-type":"","background-media":"","overlay-type":"","overlay-color":"","overlay-opacity":"","overlay-gradient":""},"tablet":{"background-color":"","background-image":"","background-repeat":"repeat","background-position":"center center","background-size":"auto","background-attachment":"scroll","background-type":"","background-media":"","overlay-type":"","overlay-color":"","overlay-opacity":"","overlay-gradient":""},"mobile":{"background-color":"","background-image":"","background-repeat":"repeat","background-position":"center center","background-size":"auto","background-attachment":"scroll","background-type":"","background-media":"","overlay-type":"","overlay-color":"","overlay-opacity":"","overlay-gradient":""}},"ast-content-background-meta":{"desktop":{"background-color":"var(--ast-global-color-5)","background-image":"","background-repeat":"repeat","background-position":"center center","background-size":"auto","background-attachment":"scroll","background-type":"","background-media":"","overlay-type":"","overlay-color":"","overlay-opacity":"","overlay-gradient":""},"tablet":{"background-color":"var(--ast-global-color-5)","background-image":"","background-repeat":"repeat","background-position":"center center","background-size":"auto","background-attachment":"scroll","background-type":"","background-media":"","overlay-type":"","overlay-color":"","overlay-opacity":"","overlay-gradient":""},"mobile":{"background-color":"var(--ast-global-color-5)","background-image":"","background-repeat":"repeat","background-position":"center center","background-size":"auto","background-attachment":"scroll","background-type":"","background-media":"","overlay-type":"","overlay-color":"","overlay-opacity":"","overlay-gradient":""}}},"product_brand":[],"product_cat":[2384],"product_tag":[1335,1336,1334,1329,1332,1331,1330,1333,1328,1327,1338,1337],"class_list":{"0":"post-3048","1":"product","2":"type-product","3":"status-publish","4":"has-post-thumbnail","6":"product_cat-buy-anabolic-steroids-online","7":"product_tag-buy-omnadren-in-canada","8":"product_tag-buy-omnadren-in-uk","9":"product_tag-buy-omnadren-in-usa","10":"product_tag-buy-omnadren-with-bitcoin","11":"product_tag-buy-omnadren-with-credit-card","12":"product_tag-buy-omnadren-with-money-gram","13":"product_tag-buy-omnadren-with-western-union","14":"product_tag-buy-omnadren-without-a-doctor","15":"product_tag-buy-omnadren-without-prescription","16":"product_tag-omnadren-for-sale","17":"product_tag-omnadren-pills","18":"product_tag-omnadren-tablets","19":"desktop-align-center","20":"tablet-align-left","21":"mobile-align-left","23":"first","24":"instock","25":"shipping-taxable","26":"purchasable","27":"product-type-variable","28":"has-default-attributes"},"yoast_head":"<!-- This site is optimized with the Yoast SEO plugin v25.9 - https:\/\/yoast.com\/wordpress\/plugins\/seo\/ -->\n<title>Buy Omnadren 250 Online - Omnadren 250 for Sale<\/title>\n<meta name=\"description\" content=\"If you wish to buy Omnadren 250 online so our Buy-prescriptionz store can help. We have Omnadren 250 for sale at the best rates here. Place your order now!\" \/>\n<meta name=\"robots\" content=\"index, follow, max-snippet:-1, max-image-preview:large, max-video-preview:-1\" \/>\n<link rel=\"canonical\" href=\"https:\/\/buy-prescriptionz.com\/ro\/produs\/cumparati-omnadren-online\/\" \/>\n<meta property=\"og:locale\" content=\"ro_RO\" \/>\n<meta property=\"og:type\" content=\"article\" \/>\n<meta property=\"og:title\" content=\"Buy Omnadren 250 Online - Omnadren 250 for Sale\" \/>\n<meta property=\"og:description\" content=\"If you wish to buy Omnadren 250 online so our Buy-prescriptionz store can help. We have Omnadren 250 for sale at the best rates here. Place your order now!\" \/>\n<meta property=\"og:url\" content=\"https:\/\/buy-prescriptionz.com\/ro\/produs\/cumparati-omnadren-online\/\" \/>\n<meta property=\"og:site_name\" content=\"Buy Prescriptionz\" \/>\n<meta property=\"article:modified_time\" content=\"2025-09-24T11:10:48+00:00\" \/>\n<meta property=\"og:image\" content=\"https:\/\/buy-prescriptionz.com\/wp-content\/uploads\/2025\/09\/omnadren.jpg\" \/>\n\t<meta property=\"og:image:width\" content=\"400\" \/>\n\t<meta property=\"og:image:height\" content=\"300\" \/>\n\t<meta property=\"og:image:type\" content=\"image\/jpeg\" \/>\n<meta name=\"twitter:card\" content=\"summary_large_image\" \/>\n<meta name=\"twitter:label1\" content=\"Timp estimat pentru citire\" \/>\n\t<meta name=\"twitter:data1\" content=\"3 minute\" \/>\n<script type=\"application\/ld+json\" class=\"yoast-schema-graph\">{\"@context\":\"https:\/\/schema.org\",\"@graph\":[{\"@type\":\"WebPage\",\"@id\":\"https:\/\/buy-prescriptionz.com\/product\/buy-omnadren-online\/\",\"url\":\"https:\/\/buy-prescriptionz.com\/product\/buy-omnadren-online\/\",\"name\":\"Buy Omnadren 250 Online - Omnadren 250 for Sale\",\"isPartOf\":{\"@id\":\"https:\/\/buy-prescriptionz.com\/#website\"},\"primaryImageOfPage\":{\"@id\":\"https:\/\/buy-prescriptionz.com\/product\/buy-omnadren-online\/#primaryimage\"},\"image\":{\"@id\":\"https:\/\/buy-prescriptionz.com\/product\/buy-omnadren-online\/#primaryimage\"},\"thumbnailUrl\":\"https:\/\/buy-prescriptionz.com\/wp-content\/uploads\/2025\/09\/omnadren.jpg\",\"datePublished\":\"2025-09-16T08:56:09+00:00\",\"dateModified\":\"2025-09-24T11:10:48+00:00\",\"description\":\"If you wish to buy Omnadren 250 online so our Buy-prescriptionz store can help. We have Omnadren 250 for sale at the best rates here. Place your order now!\",\"breadcrumb\":{\"@id\":\"https:\/\/buy-prescriptionz.com\/product\/buy-omnadren-online\/#breadcrumb\"},\"inLanguage\":\"ro-RO\",\"potentialAction\":[{\"@type\":\"ReadAction\",\"target\":[\"https:\/\/buy-prescriptionz.com\/product\/buy-omnadren-online\/\"]}]},{\"@type\":\"ImageObject\",\"inLanguage\":\"ro-RO\",\"@id\":\"https:\/\/buy-prescriptionz.com\/product\/buy-omnadren-online\/#primaryimage\",\"url\":\"https:\/\/buy-prescriptionz.com\/wp-content\/uploads\/2025\/09\/omnadren.jpg\",\"contentUrl\":\"https:\/\/buy-prescriptionz.com\/wp-content\/uploads\/2025\/09\/omnadren.jpg\",\"width\":400,\"height\":300},{\"@type\":\"BreadcrumbList\",\"@id\":\"https:\/\/buy-prescriptionz.com\/product\/buy-omnadren-online\/#breadcrumb\",\"itemListElement\":[{\"@type\":\"ListItem\",\"position\":1,\"name\":\"Home\",\"item\":\"https:\/\/buy-prescriptionz.com\/\"},{\"@type\":\"ListItem\",\"position\":2,\"name\":\"Shop Painkillers Online\",\"item\":\"https:\/\/buy-prescriptionz.com\/shop-painkillers-online\/\"},{\"@type\":\"ListItem\",\"position\":3,\"name\":\"Buy Omnadren Online\"}]},{\"@type\":\"WebSite\",\"@id\":\"https:\/\/buy-prescriptionz.com\/#website\",\"url\":\"https:\/\/buy-prescriptionz.com\/\",\"name\":\"Buy Prescriptionz\",\"description\":\"Drugs Online\",\"publisher\":{\"@id\":\"https:\/\/buy-prescriptionz.com\/#organization\"},\"potentialAction\":[{\"@type\":\"SearchAction\",\"target\":{\"@type\":\"EntryPoint\",\"urlTemplate\":\"https:\/\/buy-prescriptionz.com\/?s={search_term_string}\"},\"query-input\":{\"@type\":\"PropertyValueSpecification\",\"valueRequired\":true,\"valueName\":\"search_term_string\"}}],\"inLanguage\":\"ro-RO\"},{\"@type\":\"Organization\",\"@id\":\"https:\/\/buy-prescriptionz.com\/#organization\",\"name\":\"Buy Prescriptionz\",\"url\":\"https:\/\/buy-prescriptionz.com\/\",\"logo\":{\"@type\":\"ImageObject\",\"inLanguage\":\"ro-RO\",\"@id\":\"https:\/\/buy-prescriptionz.com\/#\/schema\/logo\/image\/\",\"url\":\"https:\/\/buy-prescriptionz.com\/wp-content\/uploads\/2023\/09\/logo.png\",\"contentUrl\":\"https:\/\/buy-prescriptionz.com\/wp-content\/uploads\/2023\/09\/logo.png\",\"width\":350,\"height\":64,\"caption\":\"Buy Prescriptionz\"},\"image\":{\"@id\":\"https:\/\/buy-prescriptionz.com\/#\/schema\/logo\/image\/\"}}]}<\/script>\n<!-- \/ Yoast SEO plugin. -->","yoast_head_json":{"title":"Cump\u0103ra\u021bi Omnadren 250 online - Omnadren 250 de v\u00e2nzare","description":"Dac\u0103 dori\u021bi s\u0103 cump\u0103ra\u021bi Omnadren 250 online, magazinul nostru Buy-prescriptionz v\u0103 poate ajuta. Avem Omnadren 250 de v\u00e2nzare la cele mai bune pre\u021buri aici. Plasa\u021bi comanda acum!","robots":{"index":"index","follow":"follow","max-snippet":"max-snippet:-1","max-image-preview":"max-image-preview:large","max-video-preview":"max-video-preview:-1"},"canonical":"https:\/\/buy-prescriptionz.com\/ro\/produs\/cumparati-omnadren-online\/","og_locale":"ro_RO","og_type":"article","og_title":"Buy Omnadren 250 Online - Omnadren 250 for Sale","og_description":"If you wish to buy Omnadren 250 online so our Buy-prescriptionz store can help. We have Omnadren 250 for sale at the best rates here. Place your order now!","og_url":"https:\/\/buy-prescriptionz.com\/ro\/produs\/cumparati-omnadren-online\/","og_site_name":"Buy Prescriptionz","article_modified_time":"2025-09-24T11:10:48+00:00","og_image":[{"width":400,"height":300,"url":"https:\/\/buy-prescriptionz.com\/wp-content\/uploads\/2025\/09\/omnadren.jpg","type":"image\/jpeg"}],"twitter_card":"summary_large_image","twitter_misc":{"Timp estimat pentru citire":"3 minute"},"schema":{"@context":"https:\/\/schema.org","@graph":[{"@type":"WebPage","@id":"https:\/\/buy-prescriptionz.com\/product\/buy-omnadren-online\/","url":"https:\/\/buy-prescriptionz.com\/product\/buy-omnadren-online\/","name":"Cump\u0103ra\u021bi Omnadren 250 online - Omnadren 250 de v\u00e2nzare","isPartOf":{"@id":"https:\/\/buy-prescriptionz.com\/#website"},"primaryImageOfPage":{"@id":"https:\/\/buy-prescriptionz.com\/product\/buy-omnadren-online\/#primaryimage"},"image":{"@id":"https:\/\/buy-prescriptionz.com\/product\/buy-omnadren-online\/#primaryimage"},"thumbnailUrl":"https:\/\/buy-prescriptionz.com\/wp-content\/uploads\/2025\/09\/omnadren.jpg","datePublished":"2025-09-16T08:56:09+00:00","dateModified":"2025-09-24T11:10:48+00:00","description":"Dac\u0103 dori\u021bi s\u0103 cump\u0103ra\u021bi Omnadren 250 online, magazinul nostru Buy-prescriptionz v\u0103 poate ajuta. Avem Omnadren 250 de v\u00e2nzare la cele mai bune pre\u021buri aici. Plasa\u021bi comanda acum!","breadcrumb":{"@id":"https:\/\/buy-prescriptionz.com\/product\/buy-omnadren-online\/#breadcrumb"},"inLanguage":"ro-RO","potentialAction":[{"@type":"ReadAction","target":["https:\/\/buy-prescriptionz.com\/product\/buy-omnadren-online\/"]}]},{"@type":"ImageObject","inLanguage":"ro-RO","@id":"https:\/\/buy-prescriptionz.com\/product\/buy-omnadren-online\/#primaryimage","url":"https:\/\/buy-prescriptionz.com\/wp-content\/uploads\/2025\/09\/omnadren.jpg","contentUrl":"https:\/\/buy-prescriptionz.com\/wp-content\/uploads\/2025\/09\/omnadren.jpg","width":400,"height":300},{"@type":"BreadcrumbList","@id":"https:\/\/buy-prescriptionz.com\/product\/buy-omnadren-online\/#breadcrumb","itemListElement":[{"@type":"ListItem","position":1,"name":"Home","item":"https:\/\/buy-prescriptionz.com\/"},{"@type":"ListItem","position":2,"name":"Shop Painkillers Online","item":"https:\/\/buy-prescriptionz.com\/shop-painkillers-online\/"},{"@type":"ListItem","position":3,"name":"Buy Omnadren Online"}]},{"@type":"WebSite","@id":"https:\/\/buy-prescriptionz.com\/#website","url":"https:\/\/buy-prescriptionz.com\/","name":"Buy Prescriptionz","description":"Medicamente online","publisher":{"@id":"https:\/\/buy-prescriptionz.com\/#organization"},"potentialAction":[{"@type":"SearchAction","target":{"@type":"EntryPoint","urlTemplate":"https:\/\/buy-prescriptionz.com\/?s={search_term_string}"},"query-input":{"@type":"PropertyValueSpecification","valueRequired":true,"valueName":"search_term_string"}}],"inLanguage":"ro-RO"},{"@type":"Organization","@id":"https:\/\/buy-prescriptionz.com\/#organization","name":"Buy Prescriptionz","url":"https:\/\/buy-prescriptionz.com\/","logo":{"@type":"ImageObject","inLanguage":"ro-RO","@id":"https:\/\/buy-prescriptionz.com\/#\/schema\/logo\/image\/","url":"https:\/\/buy-prescriptionz.com\/wp-content\/uploads\/2023\/09\/logo.png","contentUrl":"https:\/\/buy-prescriptionz.com\/wp-content\/uploads\/2023\/09\/logo.png","width":350,"height":64,"caption":"Buy Prescriptionz"},"image":{"@id":"https:\/\/buy-prescriptionz.com\/#\/schema\/logo\/image\/"}}]}},"_links":{"self":[{"href":"https:\/\/buy-prescriptionz.com\/ro\/wp-json\/wp\/v2\/product\/3048","targetHints":{"allow":["GET"]}}],"collection":[{"href":"https:\/\/buy-prescriptionz.com\/ro\/wp-json\/wp\/v2\/product"}],"about":[{"href":"https:\/\/buy-prescriptionz.com\/ro\/wp-json\/wp\/v2\/types\/product"}],"replies":[{"embeddable":true,"href":"https:\/\/buy-prescriptionz.com\/ro\/wp-json\/wp\/v2\/comments?post=3048"}],"wp:featuredmedia":[{"embeddable":true,"href":"https:\/\/buy-prescriptionz.com\/ro\/wp-json\/wp\/v2\/media\/3078"}],"wp:attachment":[{"href":"https:\/\/buy-prescriptionz.com\/ro\/wp-json\/wp\/v2\/media?parent=3048"}],"wp:term":[{"taxonomy":"product_brand","embeddable":true,"href":"https:\/\/buy-prescriptionz.com\/ro\/wp-json\/wp\/v2\/product_brand?post=3048"},{"taxonomy":"product_cat","embeddable":true,"href":"https:\/\/buy-prescriptionz.com\/ro\/wp-json\/wp\/v2\/product_cat?post=3048"},{"taxonomy":"product_tag","embeddable":true,"href":"https:\/\/buy-prescriptionz.com\/ro\/wp-json\/wp\/v2\/product_tag?post=3048"}],"curies":[{"name":"wp","href":"https:\/\/api.w.org\/{rel}","templated":true}]}}