{"id":3051,"date":"2025-09-16T08:56:09","date_gmt":"2025-09-16T08:56:09","guid":{"rendered":"https:\/\/chemsfine.com\/newsite\/?post_type=product&#038;p=3051"},"modified":"2025-09-22T05:26:12","modified_gmt":"2025-09-22T05:26:12","slug":"cumparati-lasix-online","status":"publish","type":"product","link":"https:\/\/buy-prescriptionz.com\/ro\/produs\/cumparati-lasix-online\/","title":{"rendered":"Cumpara Lasix Online"},"content":{"rendered":"<h2>Cumpara Lasix Online<\/h2>\n<h3>Cump\u0103ra\u021bi Lasix 40 mg online de la buy-prescriptionz.com pentru hipertensiune arterial\u0103<\/h3>\n<p>Cump\u0103ra\u021bi Lasix 40 mg online la buy-prescriptionz.com pentru hipertensiune arterial\u0103 Cump\u0103ra\u021bi Lasix online, Furosemid sau Lasix este un medicament pentru tratarea excre\u021biei de lichid din cauza grea\u021bei, a problemelor hepatice sau a bolilor de rinichi. Cump\u0103ra\u021bi Lasix 40 mg pentru tratamentul hipertensiunii arteriale, de asemenea. Lasix 40 mg online este disponibil pentru perfuzie \u00een ven\u0103 sau pe cale oral\u0103. ...<\/p>\n<h3>Cump\u0103ra\u021bi Lasix online: beneficii, efecte secundare \u0219i prezentare general\u0103<\/h3>\n<p>Lasix, cunoscut \u0219i sub numele de Furosemid, este un medicament diuretic puternic, utilizat \u00een principal pentru tratarea reten\u021biei de lichide (edem) asociat\u0103 cu insuficien\u021ba cardiac\u0103 congestiv\u0103, bolile hepatice \u0219i afec\u021biunile renale. De asemenea, este utilizat pentru a gestiona hipertensiunea arterial\u0103. Lasix func\u021bioneaz\u0103 prin \u00eempiedicarea organismului s\u0103 absoarb\u0103 prea mult\u0103 sare, ceea ce permite ca sarea s\u0103 fie eliminat\u0103 \u00een schimb prin urin\u0103.<\/p>\n<h4>Beneficiile Lasix<\/h4>\n<ol>\n<li>Reduce reten\u021bia de lichide: Lasix reduce eficient umflarea \u0219i acumularea de lichide \u00een organism, facilit\u00e2nd respira\u021bia \u0219i mi\u0219carea mai confortabil\u0103 a pacien\u021bilor cu probleme cardiace, hepatice sau renale.<\/li>\n<li>Gestisce l'ipertensione: favorendo l'eliminazione dei liquidi in eccesso, Lasix aiuta ad abbassare la pressione alta, riducendo il rischio di ictus e infarto.<\/li>\n<li>Previne complica\u021biile: Prin reducerea edemului, Lasix ajut\u0103 la prevenirea complica\u021biilor asociate cu reten\u021bia sever\u0103 de lichide, cum ar fi edemul pulmonar (lichid \u00een pl\u0103m\u00e2ni) \u0219i hipertensiunea arterial\u0103 sever\u0103.<\/li>\n<li>Ac\u021biune rapid\u0103: Lasix ac\u021bioneaz\u0103 rapid, oferind o ameliorare rapid\u0103 a simptomelor de reten\u021bie de lichide \u0219i hipertensiune arterial\u0103, care pot fi cruciale pentru pacien\u021bii afla\u021bi \u00een suferin\u021b\u0103 acut\u0103.<\/li>\n<\/ol>\n<h4>Efectele secundare ale Lasix-ului<\/h4>\n<ol>\n<li>Dezechilibru electrolitic: Reac\u021biile adverse frecvente includ niveluri sc\u0103zute de potasiu, sodiu \u0219i magneziu \u00een s\u00e2nge, care pot provoca simptome precum crampe musculare, sl\u0103biciune \u0219i b\u0103t\u0103i neregulate ale inimii.<\/li>\n<li>Deshidratarea: Pierderea excesiv\u0103 de lichide poate duce la deshidratare, provoc\u00e2nd ame\u021beli, usc\u0103ciunea gurii \u0219i sc\u0103derea debitului urinar.<\/li>\n<li>Hipotensiune arterial\u0103: Lasix poate provoca o sc\u0103dere semnificativ\u0103 a tensiunii arteriale, duc\u00e2nd la ame\u021beli sau le\u0219in, mai ales la ridicarea rapid\u0103 \u00een picioare.<\/li>\n<li>Probleme de auz: Dozele mari sau administrarea intravenoas\u0103 rapid\u0103 de Lasix pot duce la pierderea temporar\u0103 sau permanent\u0103 a auzului.<\/li>\n<li>Allergic Reactions: Some patients may experience allergic reactions, including rash, itching, or difficulty breathing.<\/li>\n<\/ol>\n<p>Este de preferat s\u0103 lua\u021bi cel mai bun Lasix sub supraveghere medical\u0103, din cauza efectelor sale puternice \u0219i a posibilelor reac\u021bii adverse. Respectarea dozei recomandate \u0219i programarea controalelor de rutin\u0103 sunt cruciale pentru monitorizarea func\u021biei renale \u0219i a nivelului de electroli\u021bi. Pentru a ob\u021bine Lasix \u0219i a ob\u021bine mai multe detalii, accesa\u021bi buy-prescriptionz.com, cea mai bun\u0103 farmacie.<\/p>\n<h3>Lasix 40 mg de v\u00e2nzare la pre\u021buri incredibile<\/h3>\n<p>Nu v\u0103 face\u021bi griji despre cum s\u0103 cump\u0103ra\u021bi Lasix 40 mg online pentru tratamentul edemelor \u0219i hipertensiunii arteriale. Comanda\u021bi Lasix 40 mg online \u0219i pentru ciroz\u0103 hepatic\u0103, impedan\u021b\u0103 renal\u0103, tulbur\u0103ri nefrotice, \u00een tratamentul umfl\u0103turilor venelor sau pl\u0103m\u00e2nilor unde este necesar\u0103 diurez\u0103 rapid\u0103 \u0219i \u00een tratamentul hipercalcemiei severe.<\/p>\n<p>Lasixul se elibereaz\u0103 prin emisie cilindric\u0103 \u00een rinichi. Doze mai mici sunt prescrise la pacien\u021bii mai stabili pentru a limita simptomele, iar doze mari sunt necesare \u00een cazul insuficien\u021bei renale. Poate provoca leziuni renale dac\u0103 este administrat \u00een exces.<\/p>\n<h3>Unde se poate cump\u0103ra Lasix 40 mg online pentru pacien\u021bii din SUA<\/h3>\n<p>Cump\u0103ra\u021bi Lasix 40 mg f\u0103r\u0103 prescrip\u021bie medical\u0103, care ac\u021bioneaz\u0103 dup\u0103 1 or\u0103 de administrare oral\u0103, iar dup\u0103 perfuzie intravenoas\u0103, efectul este observat dup\u0103 aproximativ 30 de minute. Comanda\u021bi acum pe buy-prescriptionz.com pentru un serviciu de livrare rapid \u0219i sigur. Diureza se observ\u0103 timp de 6-8 ore de injectare oral\u0103 pentru nevoi de urgen\u021b\u0103. Furosemida este un blocant explicit de subtip necompetitiv al receptorilor GABA-A. Furosemida a fost explicat\u0103 prin fluxurile reversibile induse de GABA ale receptorilor \u03b16\u03b22\u03b32 la concentra\u021bia \u00b5M, de\u0219i nu \u0219i pentru receptorii \u03b11\u03b22\u03b32. Cump\u0103ra\u021bi Lasix 40 mg la pre\u021b redus pentru comenzi \u00een vrac pe buy-prescriptionz.com.<\/p>\n<h3>Cump\u0103ra\u021bi Lasix 40 mg online<\/h3>\n<p>Activitatea asupra tubulilor distali este independent\u0103 de orice impact inhibitor asupra anhidrazei carbonice sau aldosteronului; aceasta abrog\u0103 procesul osmotic corticomedular \u0219i fluxul de ap\u0103 liber\u0103 negativ, la fel de pozitiv, precum \u0219i negativ. Acum, cump\u0103ra\u021bi Lasix 40 mg f\u0103r\u0103 medic, cu un serviciu de livrare rapid \u0219i sigur, pe buy-prescriptionz.com.<\/p>\n<p>Cump\u0103ra\u021bi Lasix 40 mg cu ambalaj discret. Ca \u0219i alte diuretice, ac\u021bioneaz\u0103 prin restric\u021bionarea cotransportorului luminal Na-K-Cl \u00een apendice prin canalul de clorur\u0103, provoc\u00e2nd pierderea de sodiu, clorur\u0103 \u0219i potasiu \u00een urin\u0103.<\/p>","protected":false},"excerpt":{"rendered":"<p>Buy Lasix Online Buy Lasix 40 mg online at buy-prescriptionz.com for Hypertension Buy Lasix Online,Furosemide or Lasix is a drug for treating liquid excretion because of nausea, liver issues, or kidney disease. Buy Lasix 40 mg for the treatment of high blood pressure also. Lasix 40 mg online is available for infusion into a vein [&hellip;]<\/p>","protected":false},"featured_media":3081,"comment_status":"open","ping_status":"closed","template":"","meta":{"site-sidebar-layout":"default","site-content-layout":"","ast-site-content-layout":"default","site-content-style":"default","site-sidebar-style":"default","ast-global-header-display":"","ast-banner-title-visibility":"","ast-main-header-display":"","ast-hfb-above-header-display":"","ast-hfb-below-header-display":"","ast-hfb-mobile-header-display":"","site-post-title":"","ast-breadcrumbs-content":"","ast-featured-img":"","footer-sml-layout":"","theme-transparent-header-meta":"default","adv-header-id-meta":"","stick-header-meta":"","header-above-stick-meta":"","header-main-stick-meta":"","header-below-stick-meta":"","astra-migrate-meta-layouts":"set","ast-page-background-enabled":"default","ast-page-background-meta":{"desktop":{"background-color":"var(--ast-global-color-4)","background-image":"","background-repeat":"repeat","background-position":"center center","background-size":"auto","background-attachment":"scroll","background-type":"","background-media":"","overlay-type":"","overlay-color":"","overlay-opacity":"","overlay-gradient":""},"tablet":{"background-color":"","background-image":"","background-repeat":"repeat","background-position":"center center","background-size":"auto","background-attachment":"scroll","background-type":"","background-media":"","overlay-type":"","overlay-color":"","overlay-opacity":"","overlay-gradient":""},"mobile":{"background-color":"","background-image":"","background-repeat":"repeat","background-position":"center center","background-size":"auto","background-attachment":"scroll","background-type":"","background-media":"","overlay-type":"","overlay-color":"","overlay-opacity":"","overlay-gradient":""}},"ast-content-background-meta":{"desktop":{"background-color":"var(--ast-global-color-5)","background-image":"","background-repeat":"repeat","background-position":"center center","background-size":"auto","background-attachment":"scroll","background-type":"","background-media":"","overlay-type":"","overlay-color":"","overlay-opacity":"","overlay-gradient":""},"tablet":{"background-color":"var(--ast-global-color-5)","background-image":"","background-repeat":"repeat","background-position":"center center","background-size":"auto","background-attachment":"scroll","background-type":"","background-media":"","overlay-type":"","overlay-color":"","overlay-opacity":"","overlay-gradient":""},"mobile":{"background-color":"var(--ast-global-color-5)","background-image":"","background-repeat":"repeat","background-position":"center center","background-size":"auto","background-attachment":"scroll","background-type":"","background-media":"","overlay-type":"","overlay-color":"","overlay-opacity":"","overlay-gradient":""}}},"product_brand":[],"product_cat":[2384],"product_tag":[1278,1279,1277,1272,1275,1274,1273,1276,1271,1270,1281,1280],"class_list":{"0":"post-3051","1":"product","2":"type-product","3":"status-publish","4":"has-post-thumbnail","6":"product_cat-buy-anabolic-steroids-online","7":"product_tag-buy-lasix-in-canada","8":"product_tag-buy-lasix-in-uk","9":"product_tag-buy-lasix-in-usa","10":"product_tag-buy-lasix-with-bitcoin","11":"product_tag-buy-lasix-with-credit-card","12":"product_tag-buy-lasix-with-money-gram","13":"product_tag-buy-lasix-with-western-union","14":"product_tag-buy-lasix-without-a-doctor","15":"product_tag-buy-lasix-without-prescription","16":"product_tag-lasix-for-sale","17":"product_tag-lasix-pills","18":"product_tag-lasix-tablets","19":"desktop-align-center","20":"tablet-align-left","21":"mobile-align-left","23":"first","24":"instock","25":"shipping-taxable","26":"purchasable","27":"product-type-variable","28":"has-default-attributes"},"yoast_head":"<!-- This site is optimized with the Yoast SEO plugin v25.9 - https:\/\/yoast.com\/wordpress\/plugins\/seo\/ -->\n<title>Buy Lasix Online - Lasix for Sale | Buy-Prescriptionz<\/title>\n<meta name=\"description\" content=\"Get Lasix for sale at pocket-friendly prices from our Buy-Prescriptionz store. We will help you buy lasix online. Accept your order and deliver it to you soon!\" \/>\n<meta name=\"robots\" content=\"index, follow, max-snippet:-1, max-image-preview:large, max-video-preview:-1\" \/>\n<link rel=\"canonical\" href=\"https:\/\/buy-prescriptionz.com\/ro\/produs\/cumparati-lasix-online\/\" \/>\n<meta property=\"og:locale\" content=\"ro_RO\" \/>\n<meta property=\"og:type\" content=\"article\" \/>\n<meta property=\"og:title\" content=\"Buy Lasix Online - Lasix for Sale | Buy-Prescriptionz\" \/>\n<meta property=\"og:description\" content=\"Get Lasix for sale at pocket-friendly prices from our Buy-Prescriptionz store. We will help you buy lasix online. Accept your order and deliver it to you soon!\" \/>\n<meta property=\"og:url\" content=\"https:\/\/buy-prescriptionz.com\/ro\/produs\/cumparati-lasix-online\/\" \/>\n<meta property=\"og:site_name\" content=\"Buy Prescriptionz\" \/>\n<meta property=\"article:modified_time\" content=\"2025-09-22T05:26:12+00:00\" \/>\n<meta property=\"og:image\" content=\"https:\/\/buy-prescriptionz.com\/wp-content\/uploads\/2025\/09\/lasix.jpg\" \/>\n\t<meta property=\"og:image:width\" content=\"400\" \/>\n\t<meta property=\"og:image:height\" content=\"300\" \/>\n\t<meta property=\"og:image:type\" content=\"image\/jpeg\" \/>\n<meta name=\"twitter:card\" content=\"summary_large_image\" \/>\n<meta name=\"twitter:label1\" content=\"Timp estimat pentru citire\" \/>\n\t<meta name=\"twitter:data1\" content=\"4 minute\" \/>\n<script type=\"application\/ld+json\" class=\"yoast-schema-graph\">{\"@context\":\"https:\/\/schema.org\",\"@graph\":[{\"@type\":\"WebPage\",\"@id\":\"https:\/\/buy-prescriptionz.com\/product\/buy-lasix-online\/\",\"url\":\"https:\/\/buy-prescriptionz.com\/product\/buy-lasix-online\/\",\"name\":\"Buy Lasix Online - Lasix for Sale | Buy-Prescriptionz\",\"isPartOf\":{\"@id\":\"https:\/\/buy-prescriptionz.com\/#website\"},\"primaryImageOfPage\":{\"@id\":\"https:\/\/buy-prescriptionz.com\/product\/buy-lasix-online\/#primaryimage\"},\"image\":{\"@id\":\"https:\/\/buy-prescriptionz.com\/product\/buy-lasix-online\/#primaryimage\"},\"thumbnailUrl\":\"https:\/\/buy-prescriptionz.com\/wp-content\/uploads\/2025\/09\/lasix.jpg\",\"datePublished\":\"2025-09-16T08:56:09+00:00\",\"dateModified\":\"2025-09-22T05:26:12+00:00\",\"description\":\"Get Lasix for sale at pocket-friendly prices from our Buy-Prescriptionz store. We will help you buy lasix online. Accept your order and deliver it to you soon!\",\"breadcrumb\":{\"@id\":\"https:\/\/buy-prescriptionz.com\/product\/buy-lasix-online\/#breadcrumb\"},\"inLanguage\":\"ro-RO\",\"potentialAction\":[{\"@type\":\"ReadAction\",\"target\":[\"https:\/\/buy-prescriptionz.com\/product\/buy-lasix-online\/\"]}]},{\"@type\":\"ImageObject\",\"inLanguage\":\"ro-RO\",\"@id\":\"https:\/\/buy-prescriptionz.com\/product\/buy-lasix-online\/#primaryimage\",\"url\":\"https:\/\/buy-prescriptionz.com\/wp-content\/uploads\/2025\/09\/lasix.jpg\",\"contentUrl\":\"https:\/\/buy-prescriptionz.com\/wp-content\/uploads\/2025\/09\/lasix.jpg\",\"width\":400,\"height\":300},{\"@type\":\"BreadcrumbList\",\"@id\":\"https:\/\/buy-prescriptionz.com\/product\/buy-lasix-online\/#breadcrumb\",\"itemListElement\":[{\"@type\":\"ListItem\",\"position\":1,\"name\":\"Home\",\"item\":\"https:\/\/buy-prescriptionz.com\/\"},{\"@type\":\"ListItem\",\"position\":2,\"name\":\"Shop Painkillers Online\",\"item\":\"https:\/\/buy-prescriptionz.com\/shop-painkillers-online\/\"},{\"@type\":\"ListItem\",\"position\":3,\"name\":\"Buy Lasix Online\"}]},{\"@type\":\"WebSite\",\"@id\":\"https:\/\/buy-prescriptionz.com\/#website\",\"url\":\"https:\/\/buy-prescriptionz.com\/\",\"name\":\"Buy Prescriptionz\",\"description\":\"Drugs Online\",\"publisher\":{\"@id\":\"https:\/\/buy-prescriptionz.com\/#organization\"},\"potentialAction\":[{\"@type\":\"SearchAction\",\"target\":{\"@type\":\"EntryPoint\",\"urlTemplate\":\"https:\/\/buy-prescriptionz.com\/?s={search_term_string}\"},\"query-input\":{\"@type\":\"PropertyValueSpecification\",\"valueRequired\":true,\"valueName\":\"search_term_string\"}}],\"inLanguage\":\"ro-RO\"},{\"@type\":\"Organization\",\"@id\":\"https:\/\/buy-prescriptionz.com\/#organization\",\"name\":\"Buy Prescriptionz\",\"url\":\"https:\/\/buy-prescriptionz.com\/\",\"logo\":{\"@type\":\"ImageObject\",\"inLanguage\":\"ro-RO\",\"@id\":\"https:\/\/buy-prescriptionz.com\/#\/schema\/logo\/image\/\",\"url\":\"https:\/\/buy-prescriptionz.com\/wp-content\/uploads\/2023\/09\/logo.png\",\"contentUrl\":\"https:\/\/buy-prescriptionz.com\/wp-content\/uploads\/2023\/09\/logo.png\",\"width\":350,\"height\":64,\"caption\":\"Buy Prescriptionz\"},\"image\":{\"@id\":\"https:\/\/buy-prescriptionz.com\/#\/schema\/logo\/image\/\"}}]}<\/script>\n<!-- \/ Yoast SEO plugin. -->","yoast_head_json":{"title":"Cump\u0103ra\u021bi Lasix Online - Lasix de V\u00e2nzare | Buy-Prescriptionz","description":"Ob\u021bine\u021bi Lasix de v\u00e2nzare la pre\u021buri accesibile din magazinul nostru Buy-Prescriptionz. V\u0103 vom ajuta s\u0103 cump\u0103ra\u021bi Lasix online. Accepta\u021bi comanda \u0219i v-o vom livra \u00een cur\u00e2nd!","robots":{"index":"index","follow":"follow","max-snippet":"max-snippet:-1","max-image-preview":"max-image-preview:large","max-video-preview":"max-video-preview:-1"},"canonical":"https:\/\/buy-prescriptionz.com\/ro\/produs\/cumparati-lasix-online\/","og_locale":"ro_RO","og_type":"article","og_title":"Buy Lasix Online - Lasix for Sale | Buy-Prescriptionz","og_description":"Get Lasix for sale at pocket-friendly prices from our Buy-Prescriptionz store. We will help you buy lasix online. Accept your order and deliver it to you soon!","og_url":"https:\/\/buy-prescriptionz.com\/ro\/produs\/cumparati-lasix-online\/","og_site_name":"Buy Prescriptionz","article_modified_time":"2025-09-22T05:26:12+00:00","og_image":[{"width":400,"height":300,"url":"https:\/\/buy-prescriptionz.com\/wp-content\/uploads\/2025\/09\/lasix.jpg","type":"image\/jpeg"}],"twitter_card":"summary_large_image","twitter_misc":{"Timp estimat pentru citire":"4 minute"},"schema":{"@context":"https:\/\/schema.org","@graph":[{"@type":"WebPage","@id":"https:\/\/buy-prescriptionz.com\/product\/buy-lasix-online\/","url":"https:\/\/buy-prescriptionz.com\/product\/buy-lasix-online\/","name":"Cump\u0103ra\u021bi Lasix Online - Lasix de V\u00e2nzare | Buy-Prescriptionz","isPartOf":{"@id":"https:\/\/buy-prescriptionz.com\/#website"},"primaryImageOfPage":{"@id":"https:\/\/buy-prescriptionz.com\/product\/buy-lasix-online\/#primaryimage"},"image":{"@id":"https:\/\/buy-prescriptionz.com\/product\/buy-lasix-online\/#primaryimage"},"thumbnailUrl":"https:\/\/buy-prescriptionz.com\/wp-content\/uploads\/2025\/09\/lasix.jpg","datePublished":"2025-09-16T08:56:09+00:00","dateModified":"2025-09-22T05:26:12+00:00","description":"Ob\u021bine\u021bi Lasix de v\u00e2nzare la pre\u021buri accesibile din magazinul nostru Buy-Prescriptionz. V\u0103 vom ajuta s\u0103 cump\u0103ra\u021bi Lasix online. Accepta\u021bi comanda \u0219i v-o vom livra \u00een cur\u00e2nd!","breadcrumb":{"@id":"https:\/\/buy-prescriptionz.com\/product\/buy-lasix-online\/#breadcrumb"},"inLanguage":"ro-RO","potentialAction":[{"@type":"ReadAction","target":["https:\/\/buy-prescriptionz.com\/product\/buy-lasix-online\/"]}]},{"@type":"ImageObject","inLanguage":"ro-RO","@id":"https:\/\/buy-prescriptionz.com\/product\/buy-lasix-online\/#primaryimage","url":"https:\/\/buy-prescriptionz.com\/wp-content\/uploads\/2025\/09\/lasix.jpg","contentUrl":"https:\/\/buy-prescriptionz.com\/wp-content\/uploads\/2025\/09\/lasix.jpg","width":400,"height":300},{"@type":"BreadcrumbList","@id":"https:\/\/buy-prescriptionz.com\/product\/buy-lasix-online\/#breadcrumb","itemListElement":[{"@type":"ListItem","position":1,"name":"Home","item":"https:\/\/buy-prescriptionz.com\/"},{"@type":"ListItem","position":2,"name":"Shop Painkillers Online","item":"https:\/\/buy-prescriptionz.com\/shop-painkillers-online\/"},{"@type":"ListItem","position":3,"name":"Buy Lasix Online"}]},{"@type":"WebSite","@id":"https:\/\/buy-prescriptionz.com\/#website","url":"https:\/\/buy-prescriptionz.com\/","name":"Buy Prescriptionz","description":"Medicamente online","publisher":{"@id":"https:\/\/buy-prescriptionz.com\/#organization"},"potentialAction":[{"@type":"SearchAction","target":{"@type":"EntryPoint","urlTemplate":"https:\/\/buy-prescriptionz.com\/?s={search_term_string}"},"query-input":{"@type":"PropertyValueSpecification","valueRequired":true,"valueName":"search_term_string"}}],"inLanguage":"ro-RO"},{"@type":"Organization","@id":"https:\/\/buy-prescriptionz.com\/#organization","name":"Buy Prescriptionz","url":"https:\/\/buy-prescriptionz.com\/","logo":{"@type":"ImageObject","inLanguage":"ro-RO","@id":"https:\/\/buy-prescriptionz.com\/#\/schema\/logo\/image\/","url":"https:\/\/buy-prescriptionz.com\/wp-content\/uploads\/2023\/09\/logo.png","contentUrl":"https:\/\/buy-prescriptionz.com\/wp-content\/uploads\/2023\/09\/logo.png","width":350,"height":64,"caption":"Buy Prescriptionz"},"image":{"@id":"https:\/\/buy-prescriptionz.com\/#\/schema\/logo\/image\/"}}]}},"_links":{"self":[{"href":"https:\/\/buy-prescriptionz.com\/ro\/wp-json\/wp\/v2\/product\/3051","targetHints":{"allow":["GET"]}}],"collection":[{"href":"https:\/\/buy-prescriptionz.com\/ro\/wp-json\/wp\/v2\/product"}],"about":[{"href":"https:\/\/buy-prescriptionz.com\/ro\/wp-json\/wp\/v2\/types\/product"}],"replies":[{"embeddable":true,"href":"https:\/\/buy-prescriptionz.com\/ro\/wp-json\/wp\/v2\/comments?post=3051"}],"wp:featuredmedia":[{"embeddable":true,"href":"https:\/\/buy-prescriptionz.com\/ro\/wp-json\/wp\/v2\/media\/3081"}],"wp:attachment":[{"href":"https:\/\/buy-prescriptionz.com\/ro\/wp-json\/wp\/v2\/media?parent=3051"}],"wp:term":[{"taxonomy":"product_brand","embeddable":true,"href":"https:\/\/buy-prescriptionz.com\/ro\/wp-json\/wp\/v2\/product_brand?post=3051"},{"taxonomy":"product_cat","embeddable":true,"href":"https:\/\/buy-prescriptionz.com\/ro\/wp-json\/wp\/v2\/product_cat?post=3051"},{"taxonomy":"product_tag","embeddable":true,"href":"https:\/\/buy-prescriptionz.com\/ro\/wp-json\/wp\/v2\/product_tag?post=3051"}],"curies":[{"name":"wp","href":"https:\/\/api.w.org\/{rel}","templated":true}]}}