{"id":3052,"date":"2025-09-16T08:56:09","date_gmt":"2025-09-16T08:56:09","guid":{"rendered":"https:\/\/chemsfine.com\/newsite\/?post_type=product&#038;p=3052"},"modified":"2025-09-22T11:15:45","modified_gmt":"2025-09-22T11:15:45","slug":"cumparati-insulina-online","status":"publish","type":"product","link":"https:\/\/buy-prescriptionz.com\/ro\/produs\/cumparati-insulina-online\/","title":{"rendered":"Cump\u0103ra\u021bi Insulina online"},"content":{"rendered":"<h1>Cump\u0103ra\u021bi insulin\u0103 online de 100 mg, 150 mg \u0219i 50 mg<\/h1>\n<p>Cump\u0103ra\u021bi<a href=\"https:\/\/en.wikipedia.org\/wiki\/Insulin\"> Insulin<\/a> Insulina online este un hormon peptidic produs de celulele beta ale insulelor pancreatice; este hormonul anabolic fundamental al organismului. Unde se poate cump\u0103ra insulin\u0103 online la buy-prescriptionz.com, care direc\u021bioneaz\u0103 digestia amidonului, gr\u0103similor \u0219i proteinelor, ajut\u00e2nd la ingerarea zaharurilor \u0219i glucozei din s\u00e2nge \u00een celulele hepatice, adipoase \u0219i musculare scheletice.<\/p>\n<p>L'insuline est une hormone essentielle \u00e0 la r\u00e9gulation de la glyc\u00e9mie et \u00e0 la gestion du diab\u00e8te. Elle aide l'organisme \u00e0 utiliser efficacement le glucose, pr\u00e9venant ainsi les complications li\u00e9es \u00e0 l'hyperglyc\u00e9mie ou \u00e0 l'hypoglyc\u00e9mie. Pour un achat d'insuline pratique et fiable, rendez-vous sur Buy-prescriptionz.com, la meilleure pharmacie du pays. Elle propose un large choix d'insuline, vous permettant d'obtenir rapidement et en toute s\u00e9curit\u00e9 le m\u00e9dicament dont vous avez besoin.<\/p>\n<h2>Acquista insulina online. Su buy-prescriptionz.com per gli Stati Uniti e gli stati europei.<\/h2>\n<p>Glucoza asimilat\u0103 este transformat\u0103 fie \u00een glicogen prin glicogenez\u0103, fie \u00een gr\u0103simi (trigliceride) prin lipogenez\u0103, sau, la nivelul ficatului, \u00een ambele. Glucoz\u0103 Insulina circulant\u0103 influen\u021beaz\u0103 amalgamarea proteinelor \u00een diferite \u021besuturi.<\/p>\n<p><a href=\"https:\/\/buy-prescriptionz.com\/ro\/produs\/dormicum\/\">Insulin<\/a> de v\u00e2nzare pe buy-prescriptionz.com pentru pacien\u021bii diabetici, deoarece este un hormon anabolic care ajut\u0103 la eliberarea \u0219i schimbarea particulelor \u00een s\u00e2nge. Nivelurile sc\u0103zute de insulin\u0103 din s\u00e2nge au un impact opus, prin avansarea catabolismului pe scar\u0103 larg\u0103, \u00een special a raportului mu\u0219chi\/gr\u0103sime. Nu este greu de \u0219tiut de unde s\u0103 cump\u0103ra\u021bi insulin\u0103 online, deoarece pe prescriptionz.com pute\u021bi cump\u0103ra insulin\u0103 de calitatea dorit\u0103 oric\u00e2nd \u0219i oriunde dori\u021bi. Dormicum Online<\/p>\n<h3>Beneficios<\/h3>\n<ul>\n<li>Comoditate: Pute\u021bi comanda cu u\u0219urin\u021b\u0103 cea mai bun\u0103 insulin\u0103 din confortul casei dvs., f\u0103r\u0103 a fi nevoie s\u0103 merge\u021bi la farmacie. Acest lucru este benefic \u00een special pentru cei cu probleme de mobilitate sau cu program \u00eenc\u0103rcat.<\/li>\n<li>Economii de costuri: Farmaciile online ofer\u0103 adesea pre\u021buri mai competitive \u00een compara\u021bie cu farmaciile locale. De asemenea, pute\u021bi g\u0103si reduceri \u0219i op\u021biuni de achizi\u021bie \u00een vrac.<\/li>\n<li>Confiden\u021bialitate: Achizi\u021bionarea de insulin\u0103 online permite un proces discret, ceea ce poate fi important pentru cei care prefer\u0103 s\u0103 \u00ee\u0219i p\u0103streze confiden\u021bialitatea afec\u021biunilor medicale.<\/li>\n<\/ul>\n<h3>Uses<\/h3>\n<ul>\n<li>Reglarea glicemiei: Insulina este esen\u021bial\u0103 pentru gestionarea at\u00e2t a diabetului de tip 1, c\u00e2t \u0219i a celui de tip 2, ajut\u00e2nd la men\u021binerea unor niveluri normale de glucoz\u0103 din s\u00e2nge.<\/li>\n<li>Controlul hiperglicemiei: Prin sc\u0103derea nivelului de zah\u0103r din s\u00e2nge, insulina previne complica\u021biile asociate cu nivelul ridicat de zah\u0103r din s\u00e2nge, cum ar fi leziunile nervoase \u0219i problemele cardiovasculare.<\/li>\n<li>Sus\u021bine metabolismul: Insulina ajut\u0103 organismul s\u0103 utilizeze eficient glucoza, ceea ce este crucial pentru producerea de energie \u0219i func\u021bia metabolic\u0103 general\u0103.<\/li>\n<\/ul>\n<h3>Efecte secundare<\/h3>\n<ul>\n<li>Hipoglicemia: Nivelul sc\u0103zut de zah\u0103r din s\u00e2nge este un efect secundar frecvent al insulinei, caracterizat prin simptome precum ame\u021beli, transpira\u021bii \u0219i confuzie.<\/li>\n<li>Cre\u0219terea \u00een greutate: Utilizarea pe termen lung a insulinei poate duce la cre\u0219terea \u00een greutate, deoarece aceasta promoveaz\u0103 depozitarea glucozei sub form\u0103 de gr\u0103sime.<\/li>\n<li>Reazioni allergiche: sebbene rare, alcune persone possono manifestare reazioni allergiche, tra cui eruzione cutanea, prurito e difficolt\u00e0 respiratorie.<\/li>\n<li>Probleme la locul inject\u0103rii: Injec\u021biile repetate cu insulin\u0103 pot provoca probleme localizate, cum ar fi ro\u0219ea\u021b\u0103, umflare sau lipodistrofie (distribu\u021bie anormal\u0103 a gr\u0103simii).<\/li>\n<\/ul>\n<h3>\u00a0Insulin\u0103 f\u0103r\u0103 prescrip\u021bie medical\u0103 \u0219i serviciu de livrare rapid \u0219i sigur<\/h3>\n<p>Afl\u0103 cum s\u0103 cumperi insulin\u0103 online pe prescriptionz.com, deoarece celulele beta sunt sensibile la produc\u021bia de glucoz\u0103, numit\u0103 nivel de glucoz\u0103. Dac\u0103 nivelul de glucoz\u0103 este ridicat, celulele beta emit insulin\u0103 \u00een s\u00e2nge; c\u00e2nd nivelurile de glucoz\u0103 sunt sc\u0103zute, eliberarea de insulin\u0103 este inhibat\u0103. Glucagonul, prin ficat, pentru a elimina glucoza prin glicogenoliz\u0103 \u0219i gluconeogenez\u0103, are efectul opus insulinei. Po\u021bi cump\u0103ra insulin\u0103 online \u0219i, de asemenea, po\u021bi cump\u0103ra insulin\u0103 la un pre\u021b mic.<\/p>\n<p>Ob\u021bine\u021bi insulin\u0103 f\u0103r\u0103 medic, la fel ca insulinele cu ac\u021biune rapid\u0103, care nu necesit\u0103 perfuzie intermediar\u0103, prescris\u0103 pentru insulina uman\u0103 \u0219i insulinele animale. Insulina cu ac\u021biune prelungit\u0103; prima dintre acestea a fost Lantus (insulin\u0103 glargin). Comanda\u021bi acest produs care are un impact constant pentru o perioad\u0103 complet\u0103 de 18 p\u00e2n\u0103 la 24 de ore. O alt\u0103 insulin\u0103 cu eliberare prelungit\u0103 este Levemir, care se bazeaz\u0103 pe o abordare de acilare a gr\u0103similor nesaturate. De asemenea, cump\u0103ra\u021bi insulin\u0103 cu ambalaj discret de la buy-prescriptionz.com, cu serviciu de livrare rapid\u0103 \u0219i sigur\u0103 \u00een Statele Unite \u0219i \u00een anumite state europene.<\/p>","protected":false},"excerpt":{"rendered":"<p>Buy Insulin Online of 100 mg, 150 mg, and 50 mg Buy Insulin Online is a peptide hormone produced by beta cells of the pancreatic islets; it is the fundamental anabolic hormone of the body. Where to Buy Insulin online at buy-prescriptionz.com that directs the digestion of starches, fats, and protein by helping the ingestion [&hellip;]<\/p>","protected":false},"featured_media":3082,"comment_status":"open","ping_status":"closed","template":"","meta":{"site-sidebar-layout":"default","site-content-layout":"","ast-site-content-layout":"default","site-content-style":"default","site-sidebar-style":"default","ast-global-header-display":"","ast-banner-title-visibility":"","ast-main-header-display":"","ast-hfb-above-header-display":"","ast-hfb-below-header-display":"","ast-hfb-mobile-header-display":"","site-post-title":"","ast-breadcrumbs-content":"","ast-featured-img":"","footer-sml-layout":"","theme-transparent-header-meta":"default","adv-header-id-meta":"","stick-header-meta":"","header-above-stick-meta":"","header-main-stick-meta":"","header-below-stick-meta":"","astra-migrate-meta-layouts":"set","ast-page-background-enabled":"default","ast-page-background-meta":{"desktop":{"background-color":"var(--ast-global-color-4)","background-image":"","background-repeat":"repeat","background-position":"center center","background-size":"auto","background-attachment":"scroll","background-type":"","background-media":"","overlay-type":"","overlay-color":"","overlay-opacity":"","overlay-gradient":""},"tablet":{"background-color":"","background-image":"","background-repeat":"repeat","background-position":"center center","background-size":"auto","background-attachment":"scroll","background-type":"","background-media":"","overlay-type":"","overlay-color":"","overlay-opacity":"","overlay-gradient":""},"mobile":{"background-color":"","background-image":"","background-repeat":"repeat","background-position":"center center","background-size":"auto","background-attachment":"scroll","background-type":"","background-media":"","overlay-type":"","overlay-color":"","overlay-opacity":"","overlay-gradient":""}},"ast-content-background-meta":{"desktop":{"background-color":"var(--ast-global-color-5)","background-image":"","background-repeat":"repeat","background-position":"center center","background-size":"auto","background-attachment":"scroll","background-type":"","background-media":"","overlay-type":"","overlay-color":"","overlay-opacity":"","overlay-gradient":""},"tablet":{"background-color":"var(--ast-global-color-5)","background-image":"","background-repeat":"repeat","background-position":"center center","background-size":"auto","background-attachment":"scroll","background-type":"","background-media":"","overlay-type":"","overlay-color":"","overlay-opacity":"","overlay-gradient":""},"mobile":{"background-color":"var(--ast-global-color-5)","background-image":"","background-repeat":"repeat","background-position":"center center","background-size":"auto","background-attachment":"scroll","background-type":"","background-media":"","overlay-type":"","overlay-color":"","overlay-opacity":"","overlay-gradient":""}}},"product_brand":[],"product_cat":[2384],"product_tag":[],"class_list":{"0":"post-3052","1":"product","2":"type-product","3":"status-publish","4":"has-post-thumbnail","6":"product_cat-buy-anabolic-steroids-online","7":"desktop-align-center","8":"tablet-align-left","9":"mobile-align-left","11":"first","12":"instock","13":"shipping-taxable","14":"purchasable","15":"product-type-variable","16":"has-default-attributes"},"yoast_head":"<!-- This site is optimized with the Yoast SEO plugin v25.9 - https:\/\/yoast.com\/wordpress\/plugins\/seo\/ -->\n<title>Buy Insulin Online - buy insulin online from walmart,insulin for sale online<\/title>\n<meta name=\"description\" content=\"Buy Insulin Online.where to buy insulin cheap,Buy Lantus insulin online works by controlling blood over the counter insulin walmart\" \/>\n<meta name=\"robots\" content=\"index, follow, max-snippet:-1, max-image-preview:large, max-video-preview:-1\" \/>\n<link rel=\"canonical\" href=\"https:\/\/buy-prescriptionz.com\/ro\/produs\/cumparati-insulina-online\/\" \/>\n<meta property=\"og:locale\" content=\"ro_RO\" \/>\n<meta property=\"og:type\" content=\"article\" \/>\n<meta property=\"og:title\" content=\"Buy Insulin Online - buy insulin online from walmart,insulin for sale online\" \/>\n<meta property=\"og:description\" content=\"Buy Insulin Online.where to buy insulin cheap,Buy Lantus insulin online works by controlling blood over the counter insulin walmart\" \/>\n<meta property=\"og:url\" content=\"https:\/\/buy-prescriptionz.com\/ro\/produs\/cumparati-insulina-online\/\" \/>\n<meta property=\"og:site_name\" content=\"Buy Prescriptionz\" \/>\n<meta property=\"article:modified_time\" content=\"2025-09-22T11:15:45+00:00\" \/>\n<meta property=\"og:image\" content=\"https:\/\/buy-prescriptionz.com\/wp-content\/uploads\/2025\/09\/insulin.jpg\" \/>\n\t<meta property=\"og:image:width\" content=\"400\" \/>\n\t<meta property=\"og:image:height\" content=\"300\" \/>\n\t<meta property=\"og:image:type\" content=\"image\/jpeg\" \/>\n<meta name=\"twitter:card\" content=\"summary_large_image\" \/>\n<meta name=\"twitter:label1\" content=\"Timp estimat pentru citire\" \/>\n\t<meta name=\"twitter:data1\" content=\"4 minute\" \/>\n<script type=\"application\/ld+json\" class=\"yoast-schema-graph\">{\"@context\":\"https:\/\/schema.org\",\"@graph\":[{\"@type\":\"WebPage\",\"@id\":\"https:\/\/buy-prescriptionz.com\/product\/buy-insulin-online\/\",\"url\":\"https:\/\/buy-prescriptionz.com\/product\/buy-insulin-online\/\",\"name\":\"Buy Insulin Online - buy insulin online from walmart,insulin for sale online\",\"isPartOf\":{\"@id\":\"https:\/\/buy-prescriptionz.com\/#website\"},\"primaryImageOfPage\":{\"@id\":\"https:\/\/buy-prescriptionz.com\/product\/buy-insulin-online\/#primaryimage\"},\"image\":{\"@id\":\"https:\/\/buy-prescriptionz.com\/product\/buy-insulin-online\/#primaryimage\"},\"thumbnailUrl\":\"https:\/\/buy-prescriptionz.com\/wp-content\/uploads\/2025\/09\/insulin.jpg\",\"datePublished\":\"2025-09-16T08:56:09+00:00\",\"dateModified\":\"2025-09-22T11:15:45+00:00\",\"description\":\"Buy Insulin Online.where to buy insulin cheap,Buy Lantus insulin online works by controlling blood over the counter insulin walmart\",\"breadcrumb\":{\"@id\":\"https:\/\/buy-prescriptionz.com\/product\/buy-insulin-online\/#breadcrumb\"},\"inLanguage\":\"ro-RO\",\"potentialAction\":[{\"@type\":\"ReadAction\",\"target\":[\"https:\/\/buy-prescriptionz.com\/product\/buy-insulin-online\/\"]}]},{\"@type\":\"ImageObject\",\"inLanguage\":\"ro-RO\",\"@id\":\"https:\/\/buy-prescriptionz.com\/product\/buy-insulin-online\/#primaryimage\",\"url\":\"https:\/\/buy-prescriptionz.com\/wp-content\/uploads\/2025\/09\/insulin.jpg\",\"contentUrl\":\"https:\/\/buy-prescriptionz.com\/wp-content\/uploads\/2025\/09\/insulin.jpg\",\"width\":400,\"height\":300},{\"@type\":\"BreadcrumbList\",\"@id\":\"https:\/\/buy-prescriptionz.com\/product\/buy-insulin-online\/#breadcrumb\",\"itemListElement\":[{\"@type\":\"ListItem\",\"position\":1,\"name\":\"Home\",\"item\":\"https:\/\/buy-prescriptionz.com\/\"},{\"@type\":\"ListItem\",\"position\":2,\"name\":\"Shop Painkillers Online\",\"item\":\"https:\/\/buy-prescriptionz.com\/shop-painkillers-online\/\"},{\"@type\":\"ListItem\",\"position\":3,\"name\":\"Buy Insulin Online\"}]},{\"@type\":\"WebSite\",\"@id\":\"https:\/\/buy-prescriptionz.com\/#website\",\"url\":\"https:\/\/buy-prescriptionz.com\/\",\"name\":\"Buy Prescriptionz\",\"description\":\"Drugs Online\",\"publisher\":{\"@id\":\"https:\/\/buy-prescriptionz.com\/#organization\"},\"potentialAction\":[{\"@type\":\"SearchAction\",\"target\":{\"@type\":\"EntryPoint\",\"urlTemplate\":\"https:\/\/buy-prescriptionz.com\/?s={search_term_string}\"},\"query-input\":{\"@type\":\"PropertyValueSpecification\",\"valueRequired\":true,\"valueName\":\"search_term_string\"}}],\"inLanguage\":\"ro-RO\"},{\"@type\":\"Organization\",\"@id\":\"https:\/\/buy-prescriptionz.com\/#organization\",\"name\":\"Buy Prescriptionz\",\"url\":\"https:\/\/buy-prescriptionz.com\/\",\"logo\":{\"@type\":\"ImageObject\",\"inLanguage\":\"ro-RO\",\"@id\":\"https:\/\/buy-prescriptionz.com\/#\/schema\/logo\/image\/\",\"url\":\"https:\/\/buy-prescriptionz.com\/wp-content\/uploads\/2023\/09\/logo.png\",\"contentUrl\":\"https:\/\/buy-prescriptionz.com\/wp-content\/uploads\/2023\/09\/logo.png\",\"width\":350,\"height\":64,\"caption\":\"Buy Prescriptionz\"},\"image\":{\"@id\":\"https:\/\/buy-prescriptionz.com\/#\/schema\/logo\/image\/\"}}]}<\/script>\n<!-- \/ Yoast SEO plugin. -->","yoast_head_json":{"title":"Cump\u0103r\u0103 insulin\u0103 online - cump\u0103r\u0103 insulin\u0103 online de la Walmart, insulin\u0103 de v\u00e2nzare online","description":"Cump\u0103ra\u021bi insulin\u0103 online. Unde se poate cump\u0103ra insulin\u0103 ieftin, Cump\u0103ra\u021bi insulin\u0103 Lantus online care func\u021bioneaz\u0103 prin controlul tensiunii arteriale f\u0103r\u0103 prescrip\u021bie medical\u0103 la Walmart","robots":{"index":"index","follow":"follow","max-snippet":"max-snippet:-1","max-image-preview":"max-image-preview:large","max-video-preview":"max-video-preview:-1"},"canonical":"https:\/\/buy-prescriptionz.com\/ro\/produs\/cumparati-insulina-online\/","og_locale":"ro_RO","og_type":"article","og_title":"Buy Insulin Online - buy insulin online from walmart,insulin for sale online","og_description":"Buy Insulin Online.where to buy insulin cheap,Buy Lantus insulin online works by controlling blood over the counter insulin walmart","og_url":"https:\/\/buy-prescriptionz.com\/ro\/produs\/cumparati-insulina-online\/","og_site_name":"Buy Prescriptionz","article_modified_time":"2025-09-22T11:15:45+00:00","og_image":[{"width":400,"height":300,"url":"https:\/\/buy-prescriptionz.com\/wp-content\/uploads\/2025\/09\/insulin.jpg","type":"image\/jpeg"}],"twitter_card":"summary_large_image","twitter_misc":{"Timp estimat pentru citire":"4 minute"},"schema":{"@context":"https:\/\/schema.org","@graph":[{"@type":"WebPage","@id":"https:\/\/buy-prescriptionz.com\/product\/buy-insulin-online\/","url":"https:\/\/buy-prescriptionz.com\/product\/buy-insulin-online\/","name":"Cump\u0103r\u0103 insulin\u0103 online - cump\u0103r\u0103 insulin\u0103 online de la Walmart, insulin\u0103 de v\u00e2nzare online","isPartOf":{"@id":"https:\/\/buy-prescriptionz.com\/#website"},"primaryImageOfPage":{"@id":"https:\/\/buy-prescriptionz.com\/product\/buy-insulin-online\/#primaryimage"},"image":{"@id":"https:\/\/buy-prescriptionz.com\/product\/buy-insulin-online\/#primaryimage"},"thumbnailUrl":"https:\/\/buy-prescriptionz.com\/wp-content\/uploads\/2025\/09\/insulin.jpg","datePublished":"2025-09-16T08:56:09+00:00","dateModified":"2025-09-22T11:15:45+00:00","description":"Cump\u0103ra\u021bi insulin\u0103 online. Unde se poate cump\u0103ra insulin\u0103 ieftin, Cump\u0103ra\u021bi insulin\u0103 Lantus online care func\u021bioneaz\u0103 prin controlul tensiunii arteriale f\u0103r\u0103 prescrip\u021bie medical\u0103 la Walmart","breadcrumb":{"@id":"https:\/\/buy-prescriptionz.com\/product\/buy-insulin-online\/#breadcrumb"},"inLanguage":"ro-RO","potentialAction":[{"@type":"ReadAction","target":["https:\/\/buy-prescriptionz.com\/product\/buy-insulin-online\/"]}]},{"@type":"ImageObject","inLanguage":"ro-RO","@id":"https:\/\/buy-prescriptionz.com\/product\/buy-insulin-online\/#primaryimage","url":"https:\/\/buy-prescriptionz.com\/wp-content\/uploads\/2025\/09\/insulin.jpg","contentUrl":"https:\/\/buy-prescriptionz.com\/wp-content\/uploads\/2025\/09\/insulin.jpg","width":400,"height":300},{"@type":"BreadcrumbList","@id":"https:\/\/buy-prescriptionz.com\/product\/buy-insulin-online\/#breadcrumb","itemListElement":[{"@type":"ListItem","position":1,"name":"Home","item":"https:\/\/buy-prescriptionz.com\/"},{"@type":"ListItem","position":2,"name":"Shop Painkillers Online","item":"https:\/\/buy-prescriptionz.com\/shop-painkillers-online\/"},{"@type":"ListItem","position":3,"name":"Buy Insulin Online"}]},{"@type":"WebSite","@id":"https:\/\/buy-prescriptionz.com\/#website","url":"https:\/\/buy-prescriptionz.com\/","name":"Buy Prescriptionz","description":"Medicamente online","publisher":{"@id":"https:\/\/buy-prescriptionz.com\/#organization"},"potentialAction":[{"@type":"SearchAction","target":{"@type":"EntryPoint","urlTemplate":"https:\/\/buy-prescriptionz.com\/?s={search_term_string}"},"query-input":{"@type":"PropertyValueSpecification","valueRequired":true,"valueName":"search_term_string"}}],"inLanguage":"ro-RO"},{"@type":"Organization","@id":"https:\/\/buy-prescriptionz.com\/#organization","name":"Buy Prescriptionz","url":"https:\/\/buy-prescriptionz.com\/","logo":{"@type":"ImageObject","inLanguage":"ro-RO","@id":"https:\/\/buy-prescriptionz.com\/#\/schema\/logo\/image\/","url":"https:\/\/buy-prescriptionz.com\/wp-content\/uploads\/2023\/09\/logo.png","contentUrl":"https:\/\/buy-prescriptionz.com\/wp-content\/uploads\/2023\/09\/logo.png","width":350,"height":64,"caption":"Buy Prescriptionz"},"image":{"@id":"https:\/\/buy-prescriptionz.com\/#\/schema\/logo\/image\/"}}]}},"_links":{"self":[{"href":"https:\/\/buy-prescriptionz.com\/ro\/wp-json\/wp\/v2\/product\/3052","targetHints":{"allow":["GET"]}}],"collection":[{"href":"https:\/\/buy-prescriptionz.com\/ro\/wp-json\/wp\/v2\/product"}],"about":[{"href":"https:\/\/buy-prescriptionz.com\/ro\/wp-json\/wp\/v2\/types\/product"}],"replies":[{"embeddable":true,"href":"https:\/\/buy-prescriptionz.com\/ro\/wp-json\/wp\/v2\/comments?post=3052"}],"wp:featuredmedia":[{"embeddable":true,"href":"https:\/\/buy-prescriptionz.com\/ro\/wp-json\/wp\/v2\/media\/3082"}],"wp:attachment":[{"href":"https:\/\/buy-prescriptionz.com\/ro\/wp-json\/wp\/v2\/media?parent=3052"}],"wp:term":[{"taxonomy":"product_brand","embeddable":true,"href":"https:\/\/buy-prescriptionz.com\/ro\/wp-json\/wp\/v2\/product_brand?post=3052"},{"taxonomy":"product_cat","embeddable":true,"href":"https:\/\/buy-prescriptionz.com\/ro\/wp-json\/wp\/v2\/product_cat?post=3052"},{"taxonomy":"product_tag","embeddable":true,"href":"https:\/\/buy-prescriptionz.com\/ro\/wp-json\/wp\/v2\/product_tag?post=3052"}],"curies":[{"name":"wp","href":"https:\/\/api.w.org\/{rel}","templated":true}]}}