{"id":3053,"date":"2025-09-16T08:56:09","date_gmt":"2025-09-16T08:56:09","guid":{"rendered":"https:\/\/chemsfine.com\/newsite\/?post_type=product&#038;p=3053"},"modified":"2025-09-26T17:48:15","modified_gmt":"2025-09-26T17:48:15","slug":"cumparati-vicoprofen-online","status":"publish","type":"product","link":"https:\/\/buy-prescriptionz.com\/ro\/produs\/cumparati-vicoprofen-online\/","title":{"rendered":"Cumpara Vicoprofen Online"},"content":{"rendered":"<h2>Cumpara Vicoprofen Online<\/h2>\n<h3>Cumpara Vicoprofen Online,Ce sunt hidrocodon \u0219i ibuprofen, \u0219i cum poate func\u021biona (sistem de activitate)?<\/h3>\n<p>Cump\u0103ra\u021bi Vicoprofen Online, este un amestec de analgezice narcotice (bitartrat de hidrocodon\u0103, un analgezic identificat cu opiacee) \u0219i un medicament atenuant nesteroidian (ibuprofen). Cele dou\u0103 medicamente sunt puternice pentru agonia tabl\u0103. Se evalueaz\u0103 c\u0103 un comprimat de Vicoprofen este la fel de conving\u0103tor ca dou\u0103 comprimate de Tylenol #3 (paracetamol 300 mg \u00een plus fa\u021b\u0103 de codein\u0103 30 mg). Vicoprofenul a fost afirmat de FDA \u00een 1997.<\/p>\n<p>Vicoprofenul este utilizat pentru dureri moderate p\u00e2n\u0103 la severe, atunci c\u00e2nd sunt necesare medicamente mai puternice. Con\u021bine hidrocodon\u0103, un analgezic opioid mai puternic, \u0219i ibuprofen, un analgezic f\u0103r\u0103 prescrip\u021bie medical\u0103. Este menit s\u0103 amelioreze durerea sever\u0103. Cu toate acestea, concentra\u021bia de opioide a Vicoprofenului trebuie utilizat\u0103 cu precau\u021bie, sub supravegherea unui medic, pentru a preveni dependen\u021ba \u0219i efectele negative. Merge\u021bi \u00eentotdeauna la medic pentru a confirma c\u0103 este corect pentru gestionarea durerii. Cump\u0103ra\u021bi doar de la cea mai bun\u0103 farmacie, Buy-prescriptionz.com.<\/p>\n<p><strong>Ce nume de marc\u0103 sunt accesibile pentru hidrocodon \u0219i ibuprofen?<\/strong><\/p>\n<p>Vicoprofen, Reprexain, Xylon<\/p>\n<p><strong>Sunt hidrocodona \u0219i ibuprofenul accesibile ca medicamente neexclusive?<\/strong><\/p>\n<p>Conven\u021bional DISPONIBIL: Da<\/p>\n<p><strong>Am nevoie de un remediu pentru hidrocodon \u0219i ibuprofen?<\/strong><\/p>\n<p>\u00centr-adev\u0103r<\/p>\n<p><strong>Care sunt utiliz\u0103rile pentru hidrocodon\u0103 \u0219i ibuprofen?<\/strong><\/p>\n<p>Hidrocodona \u0219i ibuprofenul (Vicoprofen) este un analgezic narcotic aprobat pentru administrarea de durere moderat\u0103 p\u00e2n\u0103 la extrem\u0103, utilizat pe o baz\u0103 tranzitorie.<\/p>\n<h3>Cump\u0103ra\u021bi vicoprofen online. <strong>Care sunt simptomele hidrocodonei \u0219i ibuprofenului?<\/strong><\/h3>\n<p><strong>Simptomele cele mai succesive experimentate cu hidrocodona includ:<\/strong><\/p>\n<p>ame\u021beli,<\/p>\n<p>ame\u021beal\u0103,<\/p>\n<p>sedare,<\/p>\n<p>boal\u0103,<\/p>\n<p>dispepsie (reflux acid),<\/p>\n<p>regurgitarea,<\/p>\n<p>nelini\u0219te,<\/p>\n<p>anxietate \u0219i<\/p>\n<p>lenevire (l\u00e2ncezeal\u0103).<\/p>\n<h3>Doza de vicoprofen<\/h3>\n<p>Cel mai bun Vicoprofen trateaz\u0103 durerea acut\u0103. Despre dozajul s\u0103u:<\/p>\n<p>\u00cencepe\u021bi \u00een siguran\u021b\u0103: Pentru a reduce dependen\u021ba \u0219i efectele negative, medicul dumneavoastr\u0103 v\u0103 va prescrie cea mai mic\u0103 doz\u0103 eficient\u0103 pentru cel mai scurt timp.<\/p>\n<p>Doz\u0103 tipic\u0103: Doza obi\u0219nuit\u0103 pentru tratamentul durerii este de un comprimat la fiecare 4-6 ore. Nu dep\u0103\u0219i\u021bi limita zilnic\u0103 recomandat\u0103 de medic, \u00een general 5 comprimate.<br \/>\nDurata conteaz\u0103: Vicoprofenul este recomandat pentru tratamentul durerii acute \u0219i dureaz\u0103 de obicei 10 zile.<\/p>\n<p>Ajust\u0103ri: Doza dumneavoastr\u0103 poate fi modificat\u0103 \u00een func\u021bie de durere, r\u0103spunsul la medicament \u0219i problemele de s\u0103n\u0103tate.<\/p>\n<p>Vicoprofenul, un analgezic puternic, trebuie utilizat cu aten\u021bie pentru a maximiza siguran\u021ba \u0219i eficacitatea. Comunicarea deschis\u0103 cu medicul dumneavoastr\u0103 cu privire la durere \u0219i r\u0103spunsul la tratament este vital\u0103.<\/p>\n<h3>Care sunt efectele secundare ale vicoprofenului?<\/h3>\n<p>Vicoprofenul func\u021bioneaz\u0103 bine, dar are efecte adverse. Urm\u0103torul este un rezumat al reac\u021biilor adverse pe care le pute\u021bi experimenta:<\/p>\n<p>Este posibil s\u0103 ave\u021bi probleme cu stomacul, grea\u021b\u0103 sau constipa\u021bie. Pentru a reduce durerile de stomac, m\u00e2nca\u021bi \u00een timp ce \u00eel lua\u021bi.<\/p>\n<p>Vicoprofenul poate provoca somnolen\u021b\u0103 sau ame\u021beli, a\u0219adar evita\u021bi s\u0103 conduce\u021bi vehicule sau s\u0103 folosi\u021bi echipamente grele p\u00e2n\u0103 c\u00e2nd \u0219ti\u021bi cum v\u0103 afecteaz\u0103.<\/p>\n<p>Dureri de cap \u0219i ame\u021beli: \u00cen mod ironic, poate provoca dureri de cap.<\/p>\n<p>Schimb\u0103ri de dispozi\u021bie sau anxietate crescut\u0103? Medicamentul ar putea ajuta.<\/p>\n<p>Deoarece con\u021bine hidrocodon\u0103, poate crea dependen\u021b\u0103. Lua\u021bi acest lucru \u00een serios \u0219i urma\u021bi sfatul medicului dumneavoastr\u0103.<\/p>\n<p>Un rezumat simplu. Efectele secundare ale vicoprofenului pot varia, a\u0219a c\u0103, dac\u0103 sunte\u021bi \u00eengrijorat sau v\u0103 sim\u021bi\u021bi ciudat, adresa\u021bi-v\u0103 medicului dumneavoastr\u0103.<\/p>\n<p><strong>Alte simptome semnificative includ obstruc\u021bia \u0219i potrivirea ureterului, ceea ce poate provoca probleme la urinare.<\/strong><\/p>\n<p>Reac\u021biile cele mai larg recunoscute ale ibuprofenului includ cadrul gastrointestinal. Acesta poate provoca ulcera\u021bii, chinuri stomacale, crampe, \u00eemboln\u0103viri, gastrit\u0103 \u0219i chiar moarte gastrointestinal\u0103 autentic\u0103. O parte din timp, ulcera\u021biile \u0219i drenajul stomacal pot ap\u0103rea f\u0103r\u0103 agonie gastric\u0103, iar scaunele \u00eentunecate de \u00eent\u00e2rziere, deficien\u021ba \u0219i ame\u021beala dup\u0103 ce sta\u021bi \u00een picioare ar putea fi principalele indicii ale mor\u021bii interioare. Erup\u021bii cutanate, sl\u0103biciune a rinichilor, \u021biuit \u00een urechi (tinitus) \u0219i ame\u021beli se pot \u00eent\u00e2mpla, de asemenea,. cumpara Vicoprofen Online<\/p>\n<p>Hidrocodona poate descuraja respira\u021bia \u0219i este utilizat\u0103 cu aten\u021bie la pacien\u021bii \u00een v\u00e2rst\u0103, la cei cu dizabilit\u0103\u021bi \u0219i la cei cu antecedente de ulcer sau boal\u0103 pulmonar\u0103 real\u0103. Hidrocodona poate afecta capacitatea de g\u00e2ndire \u0219i capacit\u0103\u021bile fizice necesare pentru conducerea vehiculelor sau utilizarea aparatelor. Hidrocodona poate fi factorul de predispozi\u021bie. Dependen\u021ba mental\u0103 \u0219i fizic\u0103 poate ap\u0103rea, dar este imposibil\u0103 atunci c\u00e2nd este utilizat\u0103 pentru ameliorarea temporar\u0103 a durerii. Care sunt dozele pentru hidrocodon\u0103 \u0219i ibuprofen?<\/p>\n<p>Por\u021bia tipic\u0103 de Vicoprofen este de un comprimat la fiecare 4 p\u00e2n\u0103 la 6 ore, dup\u0103 cum este necesar pentru agonie. Produc\u0103torul prescrie o limit\u0103 de 5 comprimate pentru fiecare zi \u0219i o durat\u0103 momentan\u0103 de tratament (sub zece zile).<\/p>\n<h3>\u00ceNTREBARE<\/h3>\n<p><strong>Din punct de vedere restaurativ, expresia \"mialgie\" face aluzie la ce fel de agonie?<\/strong><\/p>\n<p>Vezi r\u0103spunsul<\/p>\n<p><strong>Ce medicamente sau \u00eembun\u0103t\u0103\u021biri se asociaz\u0103 cu hidrocodona \u0219i ibuprofenul?<\/strong><\/p>\n<p>Hidrocodona, ca \u0219i alte analgezice opiacee pentru ameliorarea chinului, se interfereaz\u0103 cu re\u021bete \u0219i medicamente care modereaz\u0103 procedurile cerebrale, de exemplu, lichior, barbiturice, relaxante ale mu\u0219chilor scheletici, inclusiv carisoprodol (Soma), ciclobenzaprin\u0103 (Flexeril) \u0219i benzodiazepine (de exemplu, lorazepam [Ativan] \u0219i clonazepam [Klonopin]).<\/p>\n<p>Narcoticele, de exemplu, hidrocodona, pot \u00eencetini motilitatea intestinelor. \u00cen momentul \u00een care este al\u0103turat cu re\u021bete care au ac\u021biune anticolinergic\u0103, acest impact asupra intestinului ar putea fi completat, determin\u00e2nd \u00eenfundarea \u0219tampilat\u0103. Astfel de medicamente \u00eencorporeaz\u0103 diciclomina (Bentyl), c\u00e2teva antihistaminice (de exemplu, carbinoxamina [Rondec], clemastina [Tavist], difenhidramina [Benadryl], prometazina [Phenergan]); c\u00e2teva fenotiazine (de exemplu, tioridazina [Mellaril], triflupromazina [Stelazine]); unele antidepresive triciclice (de exemplu, amitriptilin\u0103 [Elavil, Endep] amoxapin\u0103 [Asendin], clomipramin\u0103 [Anafranil], protriptilin\u0103 [Vivactil]); clozapin\u0103 (Clozaril), ciclobenzaprin\u0103 (Flexeril) \u0219i disopiramid\u0103 (Norpace). Utilizarea antidiareicelor (de exemplu, difenoxilat [Lomotil], loperamid\u0103 [Imodium]) la persoanele care iau analgezice narcotice, de exemplu, hidrocodon\u0103, poate determina oprirea grav\u0103 \u0219i poate o sedare mai demn\u0103 de luat \u00een seam\u0103.<\/p>\n<p>Cimetidina (Tagamet), atunci c\u00e2nd este utilizat\u0103 \u00eempreun\u0103 cu analgezicele sedative, de exemplu, hidrocodona, poate provoca perplexitate, confuzie, convulsii sau dificult\u0103\u021bi respiratorii prin extinderea grup\u0103rilor sanguine ale sedativului.<\/p>\n<p>Ibuprofenul, care are propriet\u0103\u021bi de diminuare a s\u00e2ngelui (anticoagulante), este utilizat cu alert\u0103 la pacien\u021bii care iau alte anticoagulante de diminuare a s\u00e2ngelui, de exemplu, warfarin\u0103 (Coumadin), ca urmare a unui pericol extins de moarte. Utilizarea simultan\u0103 a ibuprofenului \u0219i a clopidogrelului (Plavix) poate determina, de asemenea, un risc crescut de deces. Pacien\u021bii care iau litiu (Eskalith, Lithobid) pot crea niveluri letale de litiu \u00een s\u00e2nge dac\u0103 ibuprofenul este administrat simultan. Ibuprofenul poate construi metotrexat (Rheumatrex, Trexall) calitate otr\u0103vitoare atunci c\u00e2nd este utilizat \u00eempreun\u0103.<\/p>\n<p>Sunt hidrocodona \u0219i ibuprofenul sigure \u00een cazul \u00een care sunt \u00eens\u0103rcinat\u0103 sau al\u0103ptez?<\/p>\n<p>Hidrocodona \u0219i ibuprofenul traverseaz\u0103 placenta. Oricum ar fi, nu exist\u0103 suficiente date g\u00e2ndite cu privire la impactul hidrocodonei \u0219i ibuprofenului asupra eclozionului. Medicii pot utiliza hidrocodona \u0219i ibuprofenul dac\u0103 avantajele dep\u0103\u0219esc pericolele poten\u021biale.<\/p>\n<p>Nu se \u0219tie dac\u0103 hidrocodona este emis\u0103 \u00een laptele matern.<\/p>\n<p>La ce altceva ar fi bine s\u0103 m\u0103 g\u00e2ndesc \u00een leg\u0103tur\u0103 cu hidrocodona \u0219i ibuprofenul?<\/p>\n<p>Ce aranjamente de hidrocodon \u0219i ibuprofen sunt accesibile?<\/p>\n<p>Tablete: bitartrat de hidrocodon\u0103 7,5 mg \u0219i ibuprofen 200 mg.<\/p>\n<p>Prin ce metod\u0103 ar fi recomandabil s\u0103 p\u0103strez hidrocodona \u0219i ibuprofenul la p\u0103strare?<\/p>\n<p>Tabletele ar trebui s\u0103 fie puse deoparte la temperatura camerei \u00eentre 15 C - 30 C (59 F - 86 F).<\/p>\n<p>Cele mai recente \u0219tiri despre durerea cronic\u0103<\/p>\n<p>Ar putea CBD s\u0103 trateze dependen\u021ba de opioide?<\/p>\n<p>Mai pu\u021bin\u0103 durere, mai multe accidente de ma\u0219in\u0103: Marijuana legalizat\u0103<\/p>\n<p>Hipnoterapia, alternativ\u0103 la opioide pentru durere?<\/p>\n<p>Cercet\u0103torii descoper\u0103 un juc\u0103tor nea\u0219teptat \u00een fibromialgie<\/p>\n<p>1 din 4 muncitori americani se lupt\u0103 cu dureri de spate<\/p>\n<p>Ave\u021bi nevoie de mai multe \u0219tiri? Urm\u0103ri\u021bi Buletinul informativ Buyprescriptionz!<\/p>\n<p>Zi de zi cu zi \u0218tiri de s\u0103n\u0103tate<\/p>\n<p>Exerci\u021biu Efecte de t\u0103iere a foamei<\/p>\n<p>Este eficient vaccinul \u00eempotriva clamidiei?<\/p>\n<p>Antrenamentele lungi, probleme cardiace<\/p>\n<p>Proteze dentare \u00een timpul opera\u021biei<\/p>\n<p>Fotbal de baz\u0103 Cauza decesului<\/p>\n<p>XML More Health News \"<\/p>\n<p>\u00cen deriv\u0103 pe Buyprescriptionz<\/p>\n<p>Febra Dengue<\/p>\n<p>Hepatita A<\/p>\n<p>Virusul Ebola<\/p>\n<p>Simptomele \u0219i semnele sarcinii timpurii<\/p>\n<p>Hack<\/p>\n<p>Rundown<\/p>\n<p>Hidrocodona \u0219i ibuprofenul (Vicoprofen) este un analgezic narcotic aprobat pentru administrarea de durere moderat\u0103 p\u00e2n\u0103 la grav\u0103, utilizat pe o baz\u0103 tranzitorie. Studia\u021bi simptomele, comunic\u0103rile sedate, admonest\u0103rile \u0219i asigur\u0103rile \u00eenainte de a lua orice re\u021bet\u0103.<\/p>","protected":false},"excerpt":{"rendered":"<p>Buy Vicoprofen Online Buy Vicoprofen Online,What are hydrocodone and ibuprofen, and how can it work (system of activity)? Buy Vicoprofen Online, it is a mix of a narcotic pain-relieving (hydrocodone bitartrate, an agony reliever identified with opiates) and a nonsteroidal mitigating drug (ibuprofen). The two meds are powerful for agony the board. It is evaluated [&hellip;]<\/p>","protected":false},"featured_media":3083,"comment_status":"open","ping_status":"closed","template":"","meta":{"site-sidebar-layout":"default","site-content-layout":"","ast-site-content-layout":"default","site-content-style":"default","site-sidebar-style":"default","ast-global-header-display":"","ast-banner-title-visibility":"","ast-main-header-display":"","ast-hfb-above-header-display":"","ast-hfb-below-header-display":"","ast-hfb-mobile-header-display":"","site-post-title":"","ast-breadcrumbs-content":"","ast-featured-img":"","footer-sml-layout":"","theme-transparent-header-meta":"default","adv-header-id-meta":"","stick-header-meta":"","header-above-stick-meta":"","header-main-stick-meta":"","header-below-stick-meta":"","astra-migrate-meta-layouts":"set","ast-page-background-enabled":"default","ast-page-background-meta":{"desktop":{"background-color":"var(--ast-global-color-4)","background-image":"","background-repeat":"repeat","background-position":"center center","background-size":"auto","background-attachment":"scroll","background-type":"","background-media":"","overlay-type":"","overlay-color":"","overlay-opacity":"","overlay-gradient":""},"tablet":{"background-color":"","background-image":"","background-repeat":"repeat","background-position":"center center","background-size":"auto","background-attachment":"scroll","background-type":"","background-media":"","overlay-type":"","overlay-color":"","overlay-opacity":"","overlay-gradient":""},"mobile":{"background-color":"","background-image":"","background-repeat":"repeat","background-position":"center center","background-size":"auto","background-attachment":"scroll","background-type":"","background-media":"","overlay-type":"","overlay-color":"","overlay-opacity":"","overlay-gradient":""}},"ast-content-background-meta":{"desktop":{"background-color":"var(--ast-global-color-5)","background-image":"","background-repeat":"repeat","background-position":"center center","background-size":"auto","background-attachment":"scroll","background-type":"","background-media":"","overlay-type":"","overlay-color":"","overlay-opacity":"","overlay-gradient":""},"tablet":{"background-color":"var(--ast-global-color-5)","background-image":"","background-repeat":"repeat","background-position":"center center","background-size":"auto","background-attachment":"scroll","background-type":"","background-media":"","overlay-type":"","overlay-color":"","overlay-opacity":"","overlay-gradient":""},"mobile":{"background-color":"var(--ast-global-color-5)","background-image":"","background-repeat":"repeat","background-position":"center center","background-size":"auto","background-attachment":"scroll","background-type":"","background-media":"","overlay-type":"","overlay-color":"","overlay-opacity":"","overlay-gradient":""}}},"product_brand":[],"product_cat":[2385],"product_tag":[1230,1231,1229,1224,1227,1226,1225,1228,1223,1222,1233,1232],"class_list":{"0":"post-3053","1":"product","2":"type-product","3":"status-publish","4":"has-post-thumbnail","6":"product_cat-buy-pain-killer-pills-online","7":"product_tag-buy-vicoprofen-in-canada","8":"product_tag-buy-vicoprofen-in-uk","9":"product_tag-buy-vicoprofen-in-usa","10":"product_tag-buy-vicoprofen-with-bitcoin","11":"product_tag-buy-vicoprofen-with-credit-card","12":"product_tag-buy-vicoprofen-with-money-gram","13":"product_tag-buy-vicoprofen-with-western-union","14":"product_tag-buy-vicoprofen-without-a-doctor","15":"product_tag-buy-vicoprofen-without-prescription","16":"product_tag-vicoprofen-for-sale","17":"product_tag-vicoprofen-pills","18":"product_tag-vicoprofen-tablets","19":"desktop-align-center","20":"tablet-align-left","21":"mobile-align-left","23":"first","24":"instock","25":"shipping-taxable","26":"purchasable","27":"product-type-variable","28":"has-default-attributes"},"yoast_head":"<!-- This site is optimized with the Yoast SEO plugin v25.9 - https:\/\/yoast.com\/wordpress\/plugins\/seo\/ -->\n<title>Buy Vicoprofen Online USA - Buy Vicoprofen Online for Sale -<\/title>\n<meta name=\"description\" content=\"Buy Vicoprofen Online, we are best sellers of this drug. we sell other drugs for pain and anxiety. we do discrete shipping and safe delBuy Vicoprofen Online\" \/>\n<meta name=\"robots\" content=\"index, follow, max-snippet:-1, max-image-preview:large, max-video-preview:-1\" \/>\n<link rel=\"canonical\" href=\"https:\/\/buy-prescriptionz.com\/ro\/produs\/cumparati-vicoprofen-online\/\" \/>\n<meta property=\"og:locale\" content=\"ro_RO\" \/>\n<meta property=\"og:type\" content=\"article\" \/>\n<meta property=\"og:title\" content=\"Buy Vicoprofen Online USA - Buy Vicoprofen Online for Sale -\" \/>\n<meta property=\"og:description\" content=\"Buy Vicoprofen Online, we are best sellers of this drug. we sell other drugs for pain and anxiety. we do discrete shipping and safe delBuy Vicoprofen Online\" \/>\n<meta property=\"og:url\" content=\"https:\/\/buy-prescriptionz.com\/ro\/produs\/cumparati-vicoprofen-online\/\" \/>\n<meta property=\"og:site_name\" content=\"Buy Prescriptionz\" \/>\n<meta property=\"article:modified_time\" content=\"2025-09-26T17:48:15+00:00\" \/>\n<meta property=\"og:image\" content=\"https:\/\/buy-prescriptionz.com\/wp-content\/uploads\/2025\/09\/vicoprofen.jpg\" \/>\n\t<meta property=\"og:image:width\" content=\"400\" \/>\n\t<meta property=\"og:image:height\" content=\"300\" \/>\n\t<meta property=\"og:image:type\" content=\"image\/jpeg\" \/>\n<meta name=\"twitter:card\" content=\"summary_large_image\" \/>\n<meta name=\"twitter:label1\" content=\"Timp estimat pentru citire\" \/>\n\t<meta name=\"twitter:data1\" content=\"6 minute\" \/>\n<script type=\"application\/ld+json\" class=\"yoast-schema-graph\">{\"@context\":\"https:\/\/schema.org\",\"@graph\":[{\"@type\":\"WebPage\",\"@id\":\"https:\/\/buy-prescriptionz.com\/es\/producto\/comprar-vicoprofeno-en-linea\/\",\"url\":\"https:\/\/buy-prescriptionz.com\/es\/producto\/comprar-vicoprofeno-en-linea\/\",\"name\":\"Buy Vicoprofen Online USA - Buy Vicoprofen Online for Sale -\",\"isPartOf\":{\"@id\":\"https:\/\/buy-prescriptionz.com\/#website\"},\"primaryImageOfPage\":{\"@id\":\"https:\/\/buy-prescriptionz.com\/es\/producto\/comprar-vicoprofeno-en-linea\/#primaryimage\"},\"image\":{\"@id\":\"https:\/\/buy-prescriptionz.com\/es\/producto\/comprar-vicoprofeno-en-linea\/#primaryimage\"},\"thumbnailUrl\":\"https:\/\/buy-prescriptionz.com\/wp-content\/uploads\/2025\/09\/vicoprofen.jpg\",\"datePublished\":\"2025-09-16T08:56:09+00:00\",\"dateModified\":\"2025-09-26T17:48:15+00:00\",\"description\":\"Buy Vicoprofen Online, we are best sellers of this drug. we sell other drugs for pain and anxiety. we do discrete shipping and safe delBuy Vicoprofen Online\",\"breadcrumb\":{\"@id\":\"https:\/\/buy-prescriptionz.com\/es\/producto\/comprar-vicoprofeno-en-linea\/#breadcrumb\"},\"inLanguage\":\"ro-RO\",\"potentialAction\":[{\"@type\":\"ReadAction\",\"target\":[\"https:\/\/buy-prescriptionz.com\/es\/producto\/comprar-vicoprofeno-en-linea\/\"]}]},{\"@type\":\"ImageObject\",\"inLanguage\":\"ro-RO\",\"@id\":\"https:\/\/buy-prescriptionz.com\/es\/producto\/comprar-vicoprofeno-en-linea\/#primaryimage\",\"url\":\"https:\/\/buy-prescriptionz.com\/wp-content\/uploads\/2025\/09\/vicoprofen.jpg\",\"contentUrl\":\"https:\/\/buy-prescriptionz.com\/wp-content\/uploads\/2025\/09\/vicoprofen.jpg\",\"width\":400,\"height\":300},{\"@type\":\"BreadcrumbList\",\"@id\":\"https:\/\/buy-prescriptionz.com\/es\/producto\/comprar-vicoprofeno-en-linea\/#breadcrumb\",\"itemListElement\":[{\"@type\":\"ListItem\",\"position\":1,\"name\":\"Home\",\"item\":\"https:\/\/buy-prescriptionz.com\/\"},{\"@type\":\"ListItem\",\"position\":2,\"name\":\"Shop Painkillers Online\",\"item\":\"https:\/\/buy-prescriptionz.com\/shop-painkillers-online\/\"},{\"@type\":\"ListItem\",\"position\":3,\"name\":\"Buy Vicoprofen Online\"}]},{\"@type\":\"WebSite\",\"@id\":\"https:\/\/buy-prescriptionz.com\/#website\",\"url\":\"https:\/\/buy-prescriptionz.com\/\",\"name\":\"Buy Prescriptionz\",\"description\":\"Drugs Online\",\"publisher\":{\"@id\":\"https:\/\/buy-prescriptionz.com\/#organization\"},\"potentialAction\":[{\"@type\":\"SearchAction\",\"target\":{\"@type\":\"EntryPoint\",\"urlTemplate\":\"https:\/\/buy-prescriptionz.com\/?s={search_term_string}\"},\"query-input\":{\"@type\":\"PropertyValueSpecification\",\"valueRequired\":true,\"valueName\":\"search_term_string\"}}],\"inLanguage\":\"ro-RO\"},{\"@type\":\"Organization\",\"@id\":\"https:\/\/buy-prescriptionz.com\/#organization\",\"name\":\"Buy Prescriptionz\",\"url\":\"https:\/\/buy-prescriptionz.com\/\",\"logo\":{\"@type\":\"ImageObject\",\"inLanguage\":\"ro-RO\",\"@id\":\"https:\/\/buy-prescriptionz.com\/#\/schema\/logo\/image\/\",\"url\":\"https:\/\/buy-prescriptionz.com\/wp-content\/uploads\/2023\/09\/logo.png\",\"contentUrl\":\"https:\/\/buy-prescriptionz.com\/wp-content\/uploads\/2023\/09\/logo.png\",\"width\":350,\"height\":64,\"caption\":\"Buy Prescriptionz\"},\"image\":{\"@id\":\"https:\/\/buy-prescriptionz.com\/#\/schema\/logo\/image\/\"}}]}<\/script>\n<!-- \/ Yoast SEO plugin. -->","yoast_head_json":{"title":"Cumpara Vicoprofen Online SUA - Cumpara Vicoprofen Online pentru v\u00e2nzare -","description":"Cumpara Vicoprofen Online, suntem cei mai buni v\u00e2nz\u0103tori de acest medicament. vindem alte medicamente pentru durere \u0219i anxietate. facem transport maritim discret \u0219i sigur delBuy Vicoprofen Online","robots":{"index":"index","follow":"follow","max-snippet":"max-snippet:-1","max-image-preview":"max-image-preview:large","max-video-preview":"max-video-preview:-1"},"canonical":"https:\/\/buy-prescriptionz.com\/ro\/produs\/cumparati-vicoprofen-online\/","og_locale":"ro_RO","og_type":"article","og_title":"Buy Vicoprofen Online USA - Buy Vicoprofen Online for Sale -","og_description":"Buy Vicoprofen Online, we are best sellers of this drug. we sell other drugs for pain and anxiety. we do discrete shipping and safe delBuy Vicoprofen Online","og_url":"https:\/\/buy-prescriptionz.com\/ro\/produs\/cumparati-vicoprofen-online\/","og_site_name":"Buy Prescriptionz","article_modified_time":"2025-09-26T17:48:15+00:00","og_image":[{"width":400,"height":300,"url":"https:\/\/buy-prescriptionz.com\/wp-content\/uploads\/2025\/09\/vicoprofen.jpg","type":"image\/jpeg"}],"twitter_card":"summary_large_image","twitter_misc":{"Timp estimat pentru citire":"6 minute"},"schema":{"@context":"https:\/\/schema.org","@graph":[{"@type":"WebPage","@id":"https:\/\/buy-prescriptionz.com\/es\/producto\/comprar-vicoprofeno-en-linea\/","url":"https:\/\/buy-prescriptionz.com\/es\/producto\/comprar-vicoprofeno-en-linea\/","name":"Cumpara Vicoprofen Online SUA - Cumpara Vicoprofen Online pentru v\u00e2nzare -","isPartOf":{"@id":"https:\/\/buy-prescriptionz.com\/#website"},"primaryImageOfPage":{"@id":"https:\/\/buy-prescriptionz.com\/es\/producto\/comprar-vicoprofeno-en-linea\/#primaryimage"},"image":{"@id":"https:\/\/buy-prescriptionz.com\/es\/producto\/comprar-vicoprofeno-en-linea\/#primaryimage"},"thumbnailUrl":"https:\/\/buy-prescriptionz.com\/wp-content\/uploads\/2025\/09\/vicoprofen.jpg","datePublished":"2025-09-16T08:56:09+00:00","dateModified":"2025-09-26T17:48:15+00:00","description":"Cumpara Vicoprofen Online, suntem cei mai buni v\u00e2nz\u0103tori de acest medicament. vindem alte medicamente pentru durere \u0219i anxietate. facem transport maritim discret \u0219i sigur delBuy Vicoprofen Online","breadcrumb":{"@id":"https:\/\/buy-prescriptionz.com\/es\/producto\/comprar-vicoprofeno-en-linea\/#breadcrumb"},"inLanguage":"ro-RO","potentialAction":[{"@type":"ReadAction","target":["https:\/\/buy-prescriptionz.com\/es\/producto\/comprar-vicoprofeno-en-linea\/"]}]},{"@type":"ImageObject","inLanguage":"ro-RO","@id":"https:\/\/buy-prescriptionz.com\/es\/producto\/comprar-vicoprofeno-en-linea\/#primaryimage","url":"https:\/\/buy-prescriptionz.com\/wp-content\/uploads\/2025\/09\/vicoprofen.jpg","contentUrl":"https:\/\/buy-prescriptionz.com\/wp-content\/uploads\/2025\/09\/vicoprofen.jpg","width":400,"height":300},{"@type":"BreadcrumbList","@id":"https:\/\/buy-prescriptionz.com\/es\/producto\/comprar-vicoprofeno-en-linea\/#breadcrumb","itemListElement":[{"@type":"ListItem","position":1,"name":"Home","item":"https:\/\/buy-prescriptionz.com\/"},{"@type":"ListItem","position":2,"name":"Shop Painkillers Online","item":"https:\/\/buy-prescriptionz.com\/shop-painkillers-online\/"},{"@type":"ListItem","position":3,"name":"Buy Vicoprofen Online"}]},{"@type":"WebSite","@id":"https:\/\/buy-prescriptionz.com\/#website","url":"https:\/\/buy-prescriptionz.com\/","name":"Buy Prescriptionz","description":"Medicamente online","publisher":{"@id":"https:\/\/buy-prescriptionz.com\/#organization"},"potentialAction":[{"@type":"SearchAction","target":{"@type":"EntryPoint","urlTemplate":"https:\/\/buy-prescriptionz.com\/?s={search_term_string}"},"query-input":{"@type":"PropertyValueSpecification","valueRequired":true,"valueName":"search_term_string"}}],"inLanguage":"ro-RO"},{"@type":"Organization","@id":"https:\/\/buy-prescriptionz.com\/#organization","name":"Buy Prescriptionz","url":"https:\/\/buy-prescriptionz.com\/","logo":{"@type":"ImageObject","inLanguage":"ro-RO","@id":"https:\/\/buy-prescriptionz.com\/#\/schema\/logo\/image\/","url":"https:\/\/buy-prescriptionz.com\/wp-content\/uploads\/2023\/09\/logo.png","contentUrl":"https:\/\/buy-prescriptionz.com\/wp-content\/uploads\/2023\/09\/logo.png","width":350,"height":64,"caption":"Buy Prescriptionz"},"image":{"@id":"https:\/\/buy-prescriptionz.com\/#\/schema\/logo\/image\/"}}]}},"_links":{"self":[{"href":"https:\/\/buy-prescriptionz.com\/ro\/wp-json\/wp\/v2\/product\/3053","targetHints":{"allow":["GET"]}}],"collection":[{"href":"https:\/\/buy-prescriptionz.com\/ro\/wp-json\/wp\/v2\/product"}],"about":[{"href":"https:\/\/buy-prescriptionz.com\/ro\/wp-json\/wp\/v2\/types\/product"}],"replies":[{"embeddable":true,"href":"https:\/\/buy-prescriptionz.com\/ro\/wp-json\/wp\/v2\/comments?post=3053"}],"wp:featuredmedia":[{"embeddable":true,"href":"https:\/\/buy-prescriptionz.com\/ro\/wp-json\/wp\/v2\/media\/3083"}],"wp:attachment":[{"href":"https:\/\/buy-prescriptionz.com\/ro\/wp-json\/wp\/v2\/media?parent=3053"}],"wp:term":[{"taxonomy":"product_brand","embeddable":true,"href":"https:\/\/buy-prescriptionz.com\/ro\/wp-json\/wp\/v2\/product_brand?post=3053"},{"taxonomy":"product_cat","embeddable":true,"href":"https:\/\/buy-prescriptionz.com\/ro\/wp-json\/wp\/v2\/product_cat?post=3053"},{"taxonomy":"product_tag","embeddable":true,"href":"https:\/\/buy-prescriptionz.com\/ro\/wp-json\/wp\/v2\/product_tag?post=3053"}],"curies":[{"name":"wp","href":"https:\/\/api.w.org\/{rel}","templated":true}]}}