{"id":3054,"date":"2025-09-16T08:56:09","date_gmt":"2025-09-16T08:56:09","guid":{"rendered":"https:\/\/chemsfine.com\/newsite\/?post_type=product&#038;p=3054"},"modified":"2025-09-26T17:43:17","modified_gmt":"2025-09-26T17:43:17","slug":"cumparati-vicodin-online","status":"publish","type":"product","link":"https:\/\/buy-prescriptionz.com\/ro\/produs\/cumparati-vicodin-online\/","title":{"rendered":"Cump\u0103ra\u021bi Vicodin ES online"},"content":{"rendered":"<h2>Cump\u0103ra\u021bi Vicodin online<\/h2>\n<p>Durerea moderat\u0103 p\u00e2n\u0103 la sever\u0103 este tratat\u0103 cu acest medicament combinat. Are dou\u0103 tipuri de analgezice: acetaminofen, un non-opioid, \u0219i hidrocodon\u0103, un opioid. Modul \u00een care organismul percepe \u0219i reac\u021bioneaz\u0103 la durere este modificat de ac\u021biunea hidrocodonei asupra creierului. Febra poate fi, de asemenea, redus\u0103 cu paracetamol.<\/p>\n<h3>Cum iau Vicodin?<\/h3>\n<p>Lua\u021bi cel mai bun Vicodin conform indica\u021biilor medicului. Respecta\u021bi instruc\u021biunile de pe eticheta medicamentului dumneavoastr\u0103. Nu utiliza\u021bi niciodat\u0103 acest medicament mai mult dec\u00e2t este recomandat sau \u00een doze mai mari. Supradozajul poate duce la deces sau leziuni hepatice. Informa\u021bi-v\u0103 medicul dac\u0103 medicamentul nu pare a fi la fel de eficient \u00een ameliorarea durerii. Chiar \u0219i \u00een doze normale, hidrocodona are poten\u021bialul de a crea dependen\u021b\u0103. Vicodin nu trebuie administrat niciodat\u0103 altcuiva, \u00een special dac\u0103 are antecedente de abuz sau dependen\u021b\u0103 de droguri. Mai ales \u00een cazurile \u00een care medicamentul este utilizat f\u0103r\u0103 prescrip\u021bie medical\u0103 de c\u0103tre copii sau alte persoane, utilizarea abuziv\u0103 a medicamentelor narcotice poate duce la dependen\u021b\u0103, supradozaj sau deces. Este ilegal s\u0103 vinde\u021bi sau s\u0103 furniza\u021bi vicodin oricui.<\/p>\n<p>Informa\u021bi medicul \u00een avans dac\u0103 ve\u021bi lua acest medicament \u0219i dac\u0103 ave\u021bi nevoie de o interven\u021bie chirurgical\u0103 sau alte teste medicale. Este posibil s\u0103 fie nevoie s\u0103 lua\u021bi o mic\u0103 pauz\u0103 de la administrarea medicamentului. Dup\u0103 ce a\u021bi luat Vicodin pentru o perioad\u0103 lung\u0103 de timp, nu \u00eentrerupe\u021bi brusc utilizarea medicamentului, deoarece acest lucru ar putea provoca simptome nepl\u0103cute de sevraj. Consulta\u021bi medicul dumneavoastr\u0103 cu privire la renun\u021barea la Vicodin \u00een siguran\u021b\u0103. A se p\u0103stra departe de c\u0103ldur\u0103 \u0219i umiditate, la temperatura camerei. \u00cenregistra\u021bi c\u00e2t medicament a\u021bi luat din fiecare flacon proasp\u0103t. Deoarece hidrocodona este un drog de abuz, trebuie s\u0103 fi\u021bi aten\u021bi la orice utilizare necorespunz\u0103toare sau f\u0103r\u0103 prescrip\u021bie medical\u0103 a medicamentului dumneavoastr\u0103. Asigura\u021bi-v\u0103 c\u0103 primi\u021bi acelea\u0219i pastile - exact tipul \u0219i marca - pe care le-a prescris medicul dumneavoastr\u0103, verific\u00e2nd \u00eentotdeauna flaconul. Cump\u0103ra\u021bi aceste medicamente numai de la farmaciile de \u00eencredere \u0219i cele mai bune, numite Buy-prescriptionz.com.<\/p>\n<h3>Cump\u0103ra\u021bi Vicodin ES<\/h3>\n<p>Cump\u0103ra\u021bi Vicodin ES online. Hidrocodona sau dihidrocodeinona este un narcotic semifabricat ob\u021binut din dou\u0103 dintre sedativele obi\u0219nuite, codein\u0103 \u0219i tebain\u0103. Hidrocodona este un opiaceu oral, analgezic \u0219i antitusiv. Este disponibil \u00een general sub form\u0103 de tablete, flacon \u0219i sirop \u0219i este adesea combinat cu alte amestecuri analgezice, cum ar fi acetaminofenul sau ibuprofenul. Este prezentat, \u00een structurile sale variabile, sub diverse m\u0103rci comerciale, inclusiv Vicodin, Anexsia, Dicodid, Hycodan (sau \u00een mod tradi\u021bional Hydromet), Hycomine, Lorcet, Lortab, Norco, Novahistex, Hydroco, Tussionex, Gentex, Vicoprofen, Xodol, Bekadid, Calmodid, Codinovo, Dunedin, Kolikodol, Orthoxycol, Mercodinone, Synkonin, Norgan \u0219i Hydrokon. Hidrocodona a fost introdus\u0103 pentru prima dat\u0103 \u00een Germania \u00een 1920 \u0219i a fost aprobat\u0103 de FDA la 23 martie 1943, fiind disponibil\u0103 pentru achizi\u021bionare \u00een Statele Unite sub denumirea comercial\u0103 Hycodan. (Achizi\u021bionare Vicodin)<\/p>\n<h3>(Cump\u0103ra\u021bi VICODIN) PREZENTARE GENERAL\u0102 A HIDROCODONEI<\/h3>\n<p>Ca opiat, hidrocodona diminueaz\u0103 durerea prin influen\u021barea receptorilor narcotici din creier \u0219i din coloana vertebral\u0103. Poate fi administrat\u0103 cu sau f\u0103r\u0103 alimente, dup\u0103 cum este necesar. Atunci c\u00e2nd este administrat\u0103 cu alcool, poate cre\u0219te oboseala. Poate interac\u021biona cu inhibitorii de monoaminooxidaz\u0103, precum \u0219i cu alte medicamente care cauzeaz\u0103 oboseal\u0103. Se \u00eencadreaz\u0103 \u00een clasa B de sarcin\u0103 aprobat\u0103 de FDA: impactul s\u0103u asupra vie\u021bii \u00een curs de dezvoltare sau a copilului nu este cunoscut cu siguran\u021b\u0103, iar femeile \u00eens\u0103rcinate ar trebui s\u0103 \u00ee\u0219i consulte medicii \u00eenainte de a o administra. Reac\u021biile adverse normale includ tulbur\u0103ri de dispozi\u021bie, ame\u021beal\u0103, grea\u021b\u0103, lene, obstruc\u021bie, regurgita\u021bii \u0219i extaz. C\u00e2teva simptome mai pu\u021bin frecvente sunt reac\u021bia advers\u0103 la sensibilitate, s\u00e2nger\u0103ri, modific\u0103ri ale dispozi\u021biei, cea\u021b\u0103 mental\u0103, anxietate, somnolen\u021b\u0103, dificult\u0103\u021bi la urinare, ureter \u00eenfundat, respira\u021bie sporadic\u0103 sau \u00eencetinit\u0103 \u0219i erup\u021bii cutanate. Cump\u0103ra\u021bi Vicodin ES online<\/p>\n<p>Cump\u0103rarea Vicodin: modeleaz\u0103 predispozi\u021bia \u0219i poate provoca dependen\u021b\u0103 fizic\u0103 \u0219i mental\u0103, \u00eens\u0103 poten\u021bialul de dependen\u021b\u0103 se schimb\u0103 de la o persoan\u0103 la alta, depinde de diferen\u021be naturale excep\u021bionale. Comer\u021bul \u0219i produc\u021bia acestui medicament au crescut considerabil \u00een ultima vreme, la fel ca \u0219i redirec\u021bionarea \u0219i utilizarea ilegal\u0103. \u00cen SUA, hidrocodona pur\u0103 \u0219i componentele care con\u021bin mai mult de 15 mg pe unitate de m\u0103sur\u0103 sunt considerate medicamente din Lista II. Cele care con\u021bin mai pu\u021bin sau echivalent cu 15 mg pe unitate de m\u0103sur\u0103 \u00een combina\u021bie cu acetaminofen sau alt medicament necontrolat se numesc combina\u021bii de hidrocodon\u0103 \u0219i sunt considerate medicamente din Lista III. Hidrocodona se g\u0103se\u0219te frecvent \u00een combina\u021bie cu alte medicamente, cum ar fi paracetamolul, ibuprofenul \u0219i metilbromura de homatropin\u0103. Motivul pentru care medicamentele necontrolate sunt prezente \u00eentr-o combina\u021bie este adesea dublu. 1) Pentru a oferi o u\u0219urare prelungit\u0103 a durerii prin intermediul unui efect cooperativ al medicamentelor. 2) Pentru a limita administrarea de hidrocodon\u0103 prin provocarea de simptome grave \u0219i adesea periculoase la doze mai mari dec\u00e2t cele recomandate (vezi mai jos). \u00cen Regatul Unit, este \u00eenregistrat ca medicament de clasa A \u00een conformitate cu Legea privind abuzul de droguri din 1971. Hidrocodona nu este disponibil\u0103 \u00een form\u0103 nealterat\u0103 \u00een Statele Unite din cauza unei alte reglement\u0103ri \u0219i este \u00eentotdeauna v\u00e2ndut\u0103 \u00eempreun\u0103 cu un AINS, acetaminofen sau un antihistaminic. Formula nealterat\u0103 Codiclear DH este cel mai bun produs american pe baz\u0103 de hidrocodon\u0103, con\u021bin\u00e2nd guaifenesin \u0219i cantit\u0103\u021bi mici de etanol ca componente active. \u00cen Germania \u0219i \u00een alte p\u0103r\u021bi, hidrocodona este disponibil\u0103 sub form\u0103 de comprimate cu component\u0103 activ\u0103 unic\u0103, Dicodid (prin rela\u021bie cu alte produse ale produc\u0103torului original, Dilaudid \u0219i Dinarkon \u0219i altele), disponibil \u00een doze de 5 \u0219i 10 mg.<\/p>\n<p>cump\u0103ra\u021bi Vicodin, solicita\u021bi hidrocodon\u0103, hidrocodon\u0103 ponosit\u0103, hidrocodon\u0103 pe web, hidrocodon\u0103, medicamente, accesibile, con\u021bin\u00e2nd, efecte, languros, acetaminofen, amesteca\u021bi, dinamic, normal, controlat, dependen\u021b\u0103, individual, considerat, plan, extins, doz\u0103, unite, \u00eencorporate, analgezic, opiacee, narcotice, amestecuri, ibuprofen, Germania, hycodan, decodificare, structuri, st\u0103ri, reac\u021bii, unitate de m\u0103sur\u0103, per doz\u0103, sunt considerate, orar g\u00e2ndit, necontrolat, amesteca\u021bi cu, partea obi\u0219nuit\u0103, SUA, unificatul, sub, luat cu, diferite medicamente, cu alte<\/p>","protected":false},"excerpt":{"rendered":"<p>Buy Vicodin Online Moderate to severe pain is treated with this combo medicine. It has two types of painkillers: acetaminophen, a non-opioid, and hydrocodone, an opioid. The way your body perceives and reacts to pain is altered by hydrocodone&#8217;s action on the brain. Fever may also be lowered with paracetamol. How do I take Vicodin? [&hellip;]<\/p>","protected":false},"featured_media":3084,"comment_status":"open","ping_status":"closed","template":"","meta":{"site-sidebar-layout":"default","site-content-layout":"","ast-site-content-layout":"default","site-content-style":"default","site-sidebar-style":"default","ast-global-header-display":"","ast-banner-title-visibility":"","ast-main-header-display":"","ast-hfb-above-header-display":"","ast-hfb-below-header-display":"","ast-hfb-mobile-header-display":"","site-post-title":"","ast-breadcrumbs-content":"","ast-featured-img":"","footer-sml-layout":"","theme-transparent-header-meta":"default","adv-header-id-meta":"","stick-header-meta":"","header-above-stick-meta":"","header-main-stick-meta":"","header-below-stick-meta":"","astra-migrate-meta-layouts":"set","ast-page-background-enabled":"default","ast-page-background-meta":{"desktop":{"background-color":"var(--ast-global-color-4)","background-image":"","background-repeat":"repeat","background-position":"center center","background-size":"auto","background-attachment":"scroll","background-type":"","background-media":"","overlay-type":"","overlay-color":"","overlay-opacity":"","overlay-gradient":""},"tablet":{"background-color":"","background-image":"","background-repeat":"repeat","background-position":"center center","background-size":"auto","background-attachment":"scroll","background-type":"","background-media":"","overlay-type":"","overlay-color":"","overlay-opacity":"","overlay-gradient":""},"mobile":{"background-color":"","background-image":"","background-repeat":"repeat","background-position":"center center","background-size":"auto","background-attachment":"scroll","background-type":"","background-media":"","overlay-type":"","overlay-color":"","overlay-opacity":"","overlay-gradient":""}},"ast-content-background-meta":{"desktop":{"background-color":"var(--ast-global-color-5)","background-image":"","background-repeat":"repeat","background-position":"center center","background-size":"auto","background-attachment":"scroll","background-type":"","background-media":"","overlay-type":"","overlay-color":"","overlay-opacity":"","overlay-gradient":""},"tablet":{"background-color":"var(--ast-global-color-5)","background-image":"","background-repeat":"repeat","background-position":"center center","background-size":"auto","background-attachment":"scroll","background-type":"","background-media":"","overlay-type":"","overlay-color":"","overlay-opacity":"","overlay-gradient":""},"mobile":{"background-color":"var(--ast-global-color-5)","background-image":"","background-repeat":"repeat","background-position":"center center","background-size":"auto","background-attachment":"scroll","background-type":"","background-media":"","overlay-type":"","overlay-color":"","overlay-opacity":"","overlay-gradient":""}}},"product_brand":[],"product_cat":[2385],"product_tag":[1266,1267,1265,1260,1263,1262,1261,1264,1259,1258,1269,1268],"class_list":{"0":"post-3054","1":"product","2":"type-product","3":"status-publish","4":"has-post-thumbnail","6":"product_cat-buy-pain-killer-pills-online","7":"product_tag-buy-vicodin-es-in-canada","8":"product_tag-buy-vicodin-es-in-uk","9":"product_tag-buy-vicodin-es-in-usa","10":"product_tag-buy-vicodin-es-with-bitcoin","11":"product_tag-buy-vicodin-es-with-credit-card","12":"product_tag-buy-vicodin-es-with-money-gram","13":"product_tag-buy-vicodin-es-with-western-union","14":"product_tag-buy-vicodin-es-without-a-doctor","15":"product_tag-buy-vicodin-es-without-prescription","16":"product_tag-vicodin-es-for-sale","17":"product_tag-vicodin-es-pills","18":"product_tag-vicodin-es-tablets","19":"desktop-align-center","20":"tablet-align-left","21":"mobile-align-left","23":"first","24":"instock","25":"shipping-taxable","26":"purchasable","27":"product-type-variable","28":"has-default-attributes"},"yoast_head":"<!-- This site is optimized with the Yoast SEO plugin v25.9 - https:\/\/yoast.com\/wordpress\/plugins\/seo\/ -->\n<title>Buy Vicodin-ES Online - Vicodin-ES for Sale - Order Vicodin-ES<\/title>\n<meta name=\"description\" content=\"You can get in touch with our online Buy-Prescriptionz store and buy Vicodin-ES online. You can get Vicodin-ES for sale at cheap prices. Place order right away!\" \/>\n<meta name=\"robots\" content=\"index, follow, max-snippet:-1, max-image-preview:large, max-video-preview:-1\" \/>\n<link rel=\"canonical\" href=\"https:\/\/buy-prescriptionz.com\/ro\/produs\/cumparati-vicodin-online\/\" \/>\n<meta property=\"og:locale\" content=\"ro_RO\" \/>\n<meta property=\"og:type\" content=\"article\" \/>\n<meta property=\"og:title\" content=\"Buy Vicodin-ES Online - Vicodin-ES for Sale - Order Vicodin-ES\" \/>\n<meta property=\"og:description\" content=\"You can get in touch with our online Buy-Prescriptionz store and buy Vicodin-ES online. You can get Vicodin-ES for sale at cheap prices. Place order right away!\" \/>\n<meta property=\"og:url\" content=\"https:\/\/buy-prescriptionz.com\/ro\/produs\/cumparati-vicodin-online\/\" \/>\n<meta property=\"og:site_name\" content=\"Buy Prescriptionz\" \/>\n<meta property=\"article:modified_time\" content=\"2025-09-26T17:43:17+00:00\" \/>\n<meta property=\"og:image\" content=\"https:\/\/buy-prescriptionz.com\/wp-content\/uploads\/2025\/09\/vicodin-es.jpg\" \/>\n\t<meta property=\"og:image:width\" content=\"400\" \/>\n\t<meta property=\"og:image:height\" content=\"300\" \/>\n\t<meta property=\"og:image:type\" content=\"image\/jpeg\" \/>\n<meta name=\"twitter:card\" content=\"summary_large_image\" \/>\n<meta name=\"twitter:label1\" content=\"Timp estimat pentru citire\" \/>\n\t<meta name=\"twitter:data1\" content=\"5 minute\" \/>\n<script type=\"application\/ld+json\" class=\"yoast-schema-graph\">{\"@context\":\"https:\/\/schema.org\",\"@graph\":[{\"@type\":\"WebPage\",\"@id\":\"https:\/\/buy-prescriptionz.com\/product\/buy-vicodin-es-online\/\",\"url\":\"https:\/\/buy-prescriptionz.com\/product\/buy-vicodin-es-online\/\",\"name\":\"Buy Vicodin-ES Online - Vicodin-ES for Sale - Order Vicodin-ES\",\"isPartOf\":{\"@id\":\"https:\/\/buy-prescriptionz.com\/#website\"},\"primaryImageOfPage\":{\"@id\":\"https:\/\/buy-prescriptionz.com\/product\/buy-vicodin-es-online\/#primaryimage\"},\"image\":{\"@id\":\"https:\/\/buy-prescriptionz.com\/product\/buy-vicodin-es-online\/#primaryimage\"},\"thumbnailUrl\":\"https:\/\/buy-prescriptionz.com\/wp-content\/uploads\/2025\/09\/vicodin-es.jpg\",\"datePublished\":\"2025-09-16T08:56:09+00:00\",\"dateModified\":\"2025-09-26T17:43:17+00:00\",\"description\":\"You can get in touch with our online Buy-Prescriptionz store and buy Vicodin-ES online. You can get Vicodin-ES for sale at cheap prices. Place order right away!\",\"breadcrumb\":{\"@id\":\"https:\/\/buy-prescriptionz.com\/product\/buy-vicodin-es-online\/#breadcrumb\"},\"inLanguage\":\"ro-RO\",\"potentialAction\":[{\"@type\":\"ReadAction\",\"target\":[\"https:\/\/buy-prescriptionz.com\/product\/buy-vicodin-es-online\/\"]}]},{\"@type\":\"ImageObject\",\"inLanguage\":\"ro-RO\",\"@id\":\"https:\/\/buy-prescriptionz.com\/product\/buy-vicodin-es-online\/#primaryimage\",\"url\":\"https:\/\/buy-prescriptionz.com\/wp-content\/uploads\/2025\/09\/vicodin-es.jpg\",\"contentUrl\":\"https:\/\/buy-prescriptionz.com\/wp-content\/uploads\/2025\/09\/vicodin-es.jpg\",\"width\":400,\"height\":300},{\"@type\":\"BreadcrumbList\",\"@id\":\"https:\/\/buy-prescriptionz.com\/product\/buy-vicodin-es-online\/#breadcrumb\",\"itemListElement\":[{\"@type\":\"ListItem\",\"position\":1,\"name\":\"Home\",\"item\":\"https:\/\/buy-prescriptionz.com\/\"},{\"@type\":\"ListItem\",\"position\":2,\"name\":\"Shop Painkillers Online\",\"item\":\"https:\/\/buy-prescriptionz.com\/shop-painkillers-online\/\"},{\"@type\":\"ListItem\",\"position\":3,\"name\":\"Buy Vicodin ES Online\"}]},{\"@type\":\"WebSite\",\"@id\":\"https:\/\/buy-prescriptionz.com\/#website\",\"url\":\"https:\/\/buy-prescriptionz.com\/\",\"name\":\"Buy Prescriptionz\",\"description\":\"Drugs Online\",\"publisher\":{\"@id\":\"https:\/\/buy-prescriptionz.com\/#organization\"},\"potentialAction\":[{\"@type\":\"SearchAction\",\"target\":{\"@type\":\"EntryPoint\",\"urlTemplate\":\"https:\/\/buy-prescriptionz.com\/?s={search_term_string}\"},\"query-input\":{\"@type\":\"PropertyValueSpecification\",\"valueRequired\":true,\"valueName\":\"search_term_string\"}}],\"inLanguage\":\"ro-RO\"},{\"@type\":\"Organization\",\"@id\":\"https:\/\/buy-prescriptionz.com\/#organization\",\"name\":\"Buy Prescriptionz\",\"url\":\"https:\/\/buy-prescriptionz.com\/\",\"logo\":{\"@type\":\"ImageObject\",\"inLanguage\":\"ro-RO\",\"@id\":\"https:\/\/buy-prescriptionz.com\/#\/schema\/logo\/image\/\",\"url\":\"https:\/\/buy-prescriptionz.com\/wp-content\/uploads\/2023\/09\/logo.png\",\"contentUrl\":\"https:\/\/buy-prescriptionz.com\/wp-content\/uploads\/2023\/09\/logo.png\",\"width\":350,\"height\":64,\"caption\":\"Buy Prescriptionz\"},\"image\":{\"@id\":\"https:\/\/buy-prescriptionz.com\/#\/schema\/logo\/image\/\"}}]}<\/script>\n<!-- \/ Yoast SEO plugin. -->","yoast_head_json":{"title":"Cump\u0103ra\u021bi Vicodin-ES online - Vicodin-ES de v\u00e2nzare - Comanda\u021bi Vicodin-ES","description":"Pute\u021bi contacta magazinul nostru online Buy-Prescriptionz \u0219i pute\u021bi cump\u0103ra Vicodin-ES online. Pute\u021bi ob\u021bine Vicodin-ES de v\u00e2nzare la pre\u021buri mici. Plasa\u021bi comanda imediat!","robots":{"index":"index","follow":"follow","max-snippet":"max-snippet:-1","max-image-preview":"max-image-preview:large","max-video-preview":"max-video-preview:-1"},"canonical":"https:\/\/buy-prescriptionz.com\/ro\/produs\/cumparati-vicodin-online\/","og_locale":"ro_RO","og_type":"article","og_title":"Buy Vicodin-ES Online - Vicodin-ES for Sale - Order Vicodin-ES","og_description":"You can get in touch with our online Buy-Prescriptionz store and buy Vicodin-ES online. You can get Vicodin-ES for sale at cheap prices. Place order right away!","og_url":"https:\/\/buy-prescriptionz.com\/ro\/produs\/cumparati-vicodin-online\/","og_site_name":"Buy Prescriptionz","article_modified_time":"2025-09-26T17:43:17+00:00","og_image":[{"width":400,"height":300,"url":"https:\/\/buy-prescriptionz.com\/wp-content\/uploads\/2025\/09\/vicodin-es.jpg","type":"image\/jpeg"}],"twitter_card":"summary_large_image","twitter_misc":{"Timp estimat pentru citire":"5 minute"},"schema":{"@context":"https:\/\/schema.org","@graph":[{"@type":"WebPage","@id":"https:\/\/buy-prescriptionz.com\/product\/buy-vicodin-es-online\/","url":"https:\/\/buy-prescriptionz.com\/product\/buy-vicodin-es-online\/","name":"Cump\u0103ra\u021bi Vicodin-ES online - Vicodin-ES de v\u00e2nzare - Comanda\u021bi Vicodin-ES","isPartOf":{"@id":"https:\/\/buy-prescriptionz.com\/#website"},"primaryImageOfPage":{"@id":"https:\/\/buy-prescriptionz.com\/product\/buy-vicodin-es-online\/#primaryimage"},"image":{"@id":"https:\/\/buy-prescriptionz.com\/product\/buy-vicodin-es-online\/#primaryimage"},"thumbnailUrl":"https:\/\/buy-prescriptionz.com\/wp-content\/uploads\/2025\/09\/vicodin-es.jpg","datePublished":"2025-09-16T08:56:09+00:00","dateModified":"2025-09-26T17:43:17+00:00","description":"Pute\u021bi contacta magazinul nostru online Buy-Prescriptionz \u0219i pute\u021bi cump\u0103ra Vicodin-ES online. Pute\u021bi ob\u021bine Vicodin-ES de v\u00e2nzare la pre\u021buri mici. Plasa\u021bi comanda imediat!","breadcrumb":{"@id":"https:\/\/buy-prescriptionz.com\/product\/buy-vicodin-es-online\/#breadcrumb"},"inLanguage":"ro-RO","potentialAction":[{"@type":"ReadAction","target":["https:\/\/buy-prescriptionz.com\/product\/buy-vicodin-es-online\/"]}]},{"@type":"ImageObject","inLanguage":"ro-RO","@id":"https:\/\/buy-prescriptionz.com\/product\/buy-vicodin-es-online\/#primaryimage","url":"https:\/\/buy-prescriptionz.com\/wp-content\/uploads\/2025\/09\/vicodin-es.jpg","contentUrl":"https:\/\/buy-prescriptionz.com\/wp-content\/uploads\/2025\/09\/vicodin-es.jpg","width":400,"height":300},{"@type":"BreadcrumbList","@id":"https:\/\/buy-prescriptionz.com\/product\/buy-vicodin-es-online\/#breadcrumb","itemListElement":[{"@type":"ListItem","position":1,"name":"Home","item":"https:\/\/buy-prescriptionz.com\/"},{"@type":"ListItem","position":2,"name":"Shop Painkillers Online","item":"https:\/\/buy-prescriptionz.com\/shop-painkillers-online\/"},{"@type":"ListItem","position":3,"name":"Buy Vicodin ES Online"}]},{"@type":"WebSite","@id":"https:\/\/buy-prescriptionz.com\/#website","url":"https:\/\/buy-prescriptionz.com\/","name":"Buy Prescriptionz","description":"Medicamente online","publisher":{"@id":"https:\/\/buy-prescriptionz.com\/#organization"},"potentialAction":[{"@type":"SearchAction","target":{"@type":"EntryPoint","urlTemplate":"https:\/\/buy-prescriptionz.com\/?s={search_term_string}"},"query-input":{"@type":"PropertyValueSpecification","valueRequired":true,"valueName":"search_term_string"}}],"inLanguage":"ro-RO"},{"@type":"Organization","@id":"https:\/\/buy-prescriptionz.com\/#organization","name":"Buy Prescriptionz","url":"https:\/\/buy-prescriptionz.com\/","logo":{"@type":"ImageObject","inLanguage":"ro-RO","@id":"https:\/\/buy-prescriptionz.com\/#\/schema\/logo\/image\/","url":"https:\/\/buy-prescriptionz.com\/wp-content\/uploads\/2023\/09\/logo.png","contentUrl":"https:\/\/buy-prescriptionz.com\/wp-content\/uploads\/2023\/09\/logo.png","width":350,"height":64,"caption":"Buy Prescriptionz"},"image":{"@id":"https:\/\/buy-prescriptionz.com\/#\/schema\/logo\/image\/"}}]}},"_links":{"self":[{"href":"https:\/\/buy-prescriptionz.com\/ro\/wp-json\/wp\/v2\/product\/3054","targetHints":{"allow":["GET"]}}],"collection":[{"href":"https:\/\/buy-prescriptionz.com\/ro\/wp-json\/wp\/v2\/product"}],"about":[{"href":"https:\/\/buy-prescriptionz.com\/ro\/wp-json\/wp\/v2\/types\/product"}],"replies":[{"embeddable":true,"href":"https:\/\/buy-prescriptionz.com\/ro\/wp-json\/wp\/v2\/comments?post=3054"}],"wp:featuredmedia":[{"embeddable":true,"href":"https:\/\/buy-prescriptionz.com\/ro\/wp-json\/wp\/v2\/media\/3084"}],"wp:attachment":[{"href":"https:\/\/buy-prescriptionz.com\/ro\/wp-json\/wp\/v2\/media?parent=3054"}],"wp:term":[{"taxonomy":"product_brand","embeddable":true,"href":"https:\/\/buy-prescriptionz.com\/ro\/wp-json\/wp\/v2\/product_brand?post=3054"},{"taxonomy":"product_cat","embeddable":true,"href":"https:\/\/buy-prescriptionz.com\/ro\/wp-json\/wp\/v2\/product_cat?post=3054"},{"taxonomy":"product_tag","embeddable":true,"href":"https:\/\/buy-prescriptionz.com\/ro\/wp-json\/wp\/v2\/product_tag?post=3054"}],"curies":[{"name":"wp","href":"https:\/\/api.w.org\/{rel}","templated":true}]}}