{"id":3058,"date":"2025-09-16T08:56:10","date_gmt":"2025-09-16T08:56:10","guid":{"rendered":"https:\/\/chemsfine.com\/newsite\/?post_type=product&#038;p=3058"},"modified":"2025-09-25T12:45:43","modified_gmt":"2025-09-25T12:45:43","slug":"cumparati-ritalin-online","status":"publish","type":"product","link":"https:\/\/buy-prescriptionz.com\/ro\/produs\/cumparati-ritalin-online\/","title":{"rendered":"Cump\u0103ra\u021bi Ritalin online"},"content":{"rendered":"<h2>Cump\u0103ra\u021bi Ritalin online<\/h2>\n<h3>Cump\u0103ra\u021bi Ritalin online f\u0103r\u0103 prescrip\u021bie medical\u0103<\/h3>\n<p>Achizi\u021bie<a href=\"https:\/\/buy-prescriptionz.com\/ro\/\"> Ritalin<\/a> Online f\u0103r\u0103 prescrip\u021bie medical\u0103. Pentru \u00eenceput, Ritalin (metilfenidat) este un stimulent al sistemului senzorial focal. De asemenea, Acesta influen\u021beaz\u0103 sinteticele din minte \u0219i nervii care se adaug\u0103 la hiperactivitate \u0219i controlul conducerii. Mai mult, Creeaz\u0103 astfel de efecte precum extinderea sau \u00eengrijirea ascu\u021bimii, combaterea epuiz\u0103rii \u0219i \u00eembun\u0103t\u0103\u021birea aten\u021biei. De asemenea, Meta-examin\u0103rile \u0219i auditurile metodice ale studiilor de imagistic\u0103 cu reverbera\u021bie atractiv\u0103 propun c\u0103 tratamentul pe termen lung cu stimulente pentru ADHD (\u00een mod explicit, amfetamina \u0219i metilfenidatul) diminueaz\u0103 varia\u021biile fa\u021b\u0103 de norm\u0103 \u00een structura \u0219i capacitatea min\u021bii g\u0103site la persoanele cu ADHD. De asemenea, auditurile cercet\u0103rilor clinice privind stimulentele au stabilit securitatea \u0219i adecvarea utiliz\u0103rii pe termen lung a stimulentelor ADHD pentru persoanele cu ADHD. Cu toate acestea, r\u0103m\u00e2ne incert\u0103 m\u0103re\u021bia exact\u0103 a \u00eembun\u0103t\u0103\u021birilor \u00een indica\u021biile ADHD \u0219i satisfac\u021bia personal\u0103 care sunt furnizate de tratamentul cu metilfenidat. \u00cen cele din urm\u0103, Cump\u0103ra\u021bi Ritalin online f\u0103r\u0103 solu\u021bie de la Butterfly Medication Shop.<\/p>\n<h3>Angaj\u0103ri<\/h3>\n<p>Ritalin este utilizat pentru a trata o lips\u0103 de capacitate de concentrare \u00een mod constant (ADD), o problem\u0103 de hiperactivitate cu deficit de aten\u021bie (ADHD) \u0219i narcolepsie.<\/p>\n<h3>\u00cen cazul \u00een care pentru a ob\u021bine Ritalin Online<\/h3>\n<p>\u00cen cazul \u00een care pentru a ob\u021bine Ritalin Online; Pute\u021bi ob\u021bine Ritalin Online de la Buyprescriptionz. Solicita\u021bi Ritalin Online de la Buyprescriptionz prin simpla intrare \u00een magazinul nostru online de pe site \u0219i includerea Ritalin \u00een co\u0219ul de cump\u0103r\u0103turi. \u00cen orice caz, C\u00e2nd \u00eel include\u021bi \u00een camionul de livrare, \u0219i dup\u0103 aceea, pute\u021bi continua s\u0103 v\u0103 uita\u021bi \u0219i, \u00een plus, asigura\u021bi-v\u0103 c\u0103 completa\u021bi datele de transport f\u0103r\u0103 gre\u0219eli. Mai mult, Avem, de asemenea, tehnici de instalare directe pentru a face mai simplu pentru pacien\u021bii no\u0219tri. \u00cen plus, Cump\u0103ra\u021bi Ritalin Online de la magazinul nostru online \u0219i folosi\u021bi cele mai simple tehnici de instalare \u0219i, \u00een plus, transport rapid \u0219i discret. Subiectul Unde s\u0103 ob\u021bine\u021bi Ritalin tocmai a fost abordat.<\/p>\n<h3>Cump\u0103rarea Ritalinului online: Beneficii \u0219i efecte secundare<\/h3>\n<ol>\n<li>\u00cembun\u0103t\u0103\u021birea concentr\u0103rii: Ritalinul ajut\u0103 la cre\u0219terea concentr\u0103rii \u0219i a focaliz\u0103rii, fiind benefic \u00een special pentru persoanele cu ADHD.<\/li>\n<li>Func\u021bie cognitiv\u0103 \u00eembun\u0103t\u0103\u021bit\u0103: Poate \u00eembun\u0103t\u0103\u021bi func\u021biile cognitive, cum ar fi memoria \u0219i capacitatea de \u00eenv\u0103\u021bare.<\/li>\n<li>Stabilizarea dispozi\u021biei: Ritalinul poate ajuta la stabilizarea schimb\u0103rilor de dispozi\u021bie, f\u0103c\u00e2nd sarcinile zilnice mai u\u0219or de gestionat.<\/li>\n<li>Productivitate crescut\u0103: Prin reducerea simptomelor ADHD, Ritalin \u00eei ajut\u0103 pe utilizatori s\u0103 devin\u0103 mai productivi \u00een munc\u0103 sau \u00een studii.<\/li>\n<li>Comoditate: Cump\u0103rarea de Ritalin online poate fi convenabil\u0103, economisind timp \u0219i oferind livrare la domiciliu.<\/li>\n<\/ol>\n<p>Achizi\u021bionarea de Ritalin online poate oferi confort \u0219i confiden\u021bialitate. Permite persoanelor s\u0103 acceseze medicamentele lor f\u0103r\u0103 a fi nevoie de o vizit\u0103 fizic\u0103 la farmacie. Farmaciile online ofer\u0103 adesea informa\u021bii detaliate despre medicamente, ajut\u00e2nd utilizatorii s\u0103 ia decizii informate. Cu toate acestea, este esen\u021bial s\u0103 se asigure c\u0103 sursa online este de \u00eencredere \u0219i necesit\u0103 o re\u021bet\u0103, deoarece acest lucru ajut\u0103 la garantarea autenticit\u0103\u021bii \u0219i siguran\u021bei medicamentului.<\/p>\n<h4>Efectele secundare ale Ritalinei<\/h4>\n<ol>\n<li>Insomnie: Dificultatea de a adormi sau de a r\u0103m\u00e2ne adormit este un efect secundar frecvent.<\/li>\n<li>Pierderea poftei de m\u00e2ncare: Ritalinul poate reduce pofta de m\u00e2ncare, duc\u00e2nd la pierderea \u00een greutate.<\/li>\n<\/ol>\n<p>Ritalin ofer\u0103 beneficii semnificative pentru persoanele cu ADHD, \u00eembun\u0103t\u0103\u021bind concentrarea \u0219i productivitatea. Cu toate acestea, poate provoca efecte secundare precum insomnia \u0219i pierderea poftei de m\u00e2ncare. Cump\u0103ra\u021bi \u00eentotdeauna din surse de \u00eencredere. Pentru mai multe informa\u021bii, vizita\u021bi cea mai bun\u0103 farmacie buy-prescriptionz.com.<\/p>\n<h3>Cump\u0103ra\u021bi Ritalin (EFECTELE SECUNDARE)<\/h3>\n<p>Achizi\u021biona\u021bi Ritalin de la Buyprescriptionz pentru tratamentul tulbur\u0103rii de hiperactivitate cu deficit de aten\u021bie SNC: hiperactivitate, o tulburare de somn, ner\u0103bdare, tremor, influen\u021be sociale tulbur\u0103toare, dezordine, fantezii, durere cerebral\u0103, crab, nebunie, problem\u0103 de g\u00e2ndire.<\/p>\n<h3>M\u0103sur\u0103tori \u0218I ADMINISTRARE<\/h3>\n<p>Cump\u0103ra\u021bi Ritalin Online de la magazinul nostru medical online \u0219i urm\u0103ri\u021bi m\u0103surarea \u0219i organizarea noastr\u0103 dat\u0103 aici . Organizarea dozei Ritalin LA\u00ae (clorhidrat de metilfenidat) cazuri de eliberare l\u0103rgit\u0103 este pentru organizarea oral\u0103 o dat\u0103 pe zi \u00een prima parte a zilei.<\/p>\n<p>Ritalin LA precum \u0219i substan\u021ba lor nu ar trebui s\u0103 fie strivite, mu\u0219cate sau separate. Mai mult, recipientele ar putea fi deschise cu grij\u0103 \u0219i globulele s\u0103 fie pres\u0103rate peste o lingur\u0103 de piure de fructe.<\/p>\n<p>\u00cen plus, piureul de fructe nu trebuie s\u0103 fie cald, deoarece ar putea influen\u021ba propriet\u0103\u021bile de desc\u0103rcare ajustat\u0103 ale acestui plan. Amestecul de medicamente \u0219i piureul de fructe ar trebui s\u0103 se cheltuiasc\u0103 prompt \u0219i complet. Amestecul de medicamente \u0219i piure de fructe nu ar trebui s\u0103 fie p\u0103strat pentru ceva timp mai t\u00e2rziu. Pacien\u021bii ar trebui s\u0103 fie \u00eencuraja\u021bi s\u0103 p\u0103streze o distan\u021b\u0103 strategic\u0103 fa\u021b\u0103 de<\/p>\n<h3>CONTRAINDICA\u021aII<\/h3>\n<p>Nelini\u0219titor: Ritalin LA (clorhidrat de metilfenidat) extinde\u021bi recipientele de desc\u0103rcare de gestiune este contraindicat \u00een caz de nelini\u0219te, presiune \u0219i tulburare, deoarece medicamentul poate exaspera aceste indica\u021bii.<\/p>\n<p>Glaucom: Este contraindicat la pacien\u021bii cu glaucom.<\/p>\n<p>Ticuri : Este contraindicat la pacien\u021bii cu ticuri motorii sau cu antecedente familiale sau concluzie de tulburare Tourette.<\/p>","protected":false},"excerpt":{"rendered":"<p>Buy Ritalin Online Purchase Ritalin Online Without Prescription Purchase Ritalin Online Without Prescription. To start, Ritalin (methylphenidate) is a focal sensory system stimulant. Also, It influences synthetics in mind and nerves that add to hyperactivity and drive control. Further, It creates such impacts as expanding or looking after sharpness, battling exhaustion, and improving attention.\u200c Likewise, [&hellip;]<\/p>","protected":false},"featured_media":3088,"comment_status":"open","ping_status":"closed","template":"","meta":{"site-sidebar-layout":"default","site-content-layout":"","ast-site-content-layout":"default","site-content-style":"default","site-sidebar-style":"default","ast-global-header-display":"","ast-banner-title-visibility":"","ast-main-header-display":"","ast-hfb-above-header-display":"","ast-hfb-below-header-display":"","ast-hfb-mobile-header-display":"","site-post-title":"","ast-breadcrumbs-content":"","ast-featured-img":"","footer-sml-layout":"","theme-transparent-header-meta":"default","adv-header-id-meta":"","stick-header-meta":"","header-above-stick-meta":"","header-main-stick-meta":"","header-below-stick-meta":"","astra-migrate-meta-layouts":"set","ast-page-background-enabled":"default","ast-page-background-meta":{"desktop":{"background-color":"var(--ast-global-color-4)","background-image":"","background-repeat":"repeat","background-position":"center center","background-size":"auto","background-attachment":"scroll","background-type":"","background-media":"","overlay-type":"","overlay-color":"","overlay-opacity":"","overlay-gradient":""},"tablet":{"background-color":"","background-image":"","background-repeat":"repeat","background-position":"center center","background-size":"auto","background-attachment":"scroll","background-type":"","background-media":"","overlay-type":"","overlay-color":"","overlay-opacity":"","overlay-gradient":""},"mobile":{"background-color":"","background-image":"","background-repeat":"repeat","background-position":"center center","background-size":"auto","background-attachment":"scroll","background-type":"","background-media":"","overlay-type":"","overlay-color":"","overlay-opacity":"","overlay-gradient":""}},"ast-content-background-meta":{"desktop":{"background-color":"var(--ast-global-color-5)","background-image":"","background-repeat":"repeat","background-position":"center center","background-size":"auto","background-attachment":"scroll","background-type":"","background-media":"","overlay-type":"","overlay-color":"","overlay-opacity":"","overlay-gradient":""},"tablet":{"background-color":"var(--ast-global-color-5)","background-image":"","background-repeat":"repeat","background-position":"center center","background-size":"auto","background-attachment":"scroll","background-type":"","background-media":"","overlay-type":"","overlay-color":"","overlay-opacity":"","overlay-gradient":""},"mobile":{"background-color":"var(--ast-global-color-5)","background-image":"","background-repeat":"repeat","background-position":"center center","background-size":"auto","background-attachment":"scroll","background-type":"","background-media":"","overlay-type":"","overlay-color":"","overlay-opacity":"","overlay-gradient":""}}},"product_brand":[],"product_cat":[2385],"product_tag":[1242,1243,1241,1236,1239,1238,1237,1240,1235,1234,1245,1244],"class_list":{"0":"post-3058","1":"product","2":"type-product","3":"status-publish","4":"has-post-thumbnail","6":"product_cat-buy-pain-killer-pills-online","7":"product_tag-buy-ritalin-in-canada","8":"product_tag-buy-ritalin-in-uk","9":"product_tag-buy-ritalin-in-usa","10":"product_tag-buy-ritalin-with-bitcoin","11":"product_tag-buy-ritalin-with-credit-card","12":"product_tag-buy-ritalin-with-money-gram","13":"product_tag-buy-ritalin-with-western-union","14":"product_tag-buy-ritalin-without-a-doctor","15":"product_tag-buy-ritalin-without-prescription","16":"product_tag-ritalin-for-sale","17":"product_tag-ritalin-pills","18":"product_tag-ritalin-tablets","19":"desktop-align-center","20":"tablet-align-left","21":"mobile-align-left","23":"first","24":"instock","25":"shipping-taxable","26":"purchasable","27":"product-type-variable","28":"has-default-attributes"},"yoast_head":"<!-- This site is optimized with the Yoast SEO plugin v25.9 - https:\/\/yoast.com\/wordpress\/plugins\/seo\/ -->\n<title>Buy Ritalin Online for Sale @ Best Price - Buy Ritalin 10mg Online<\/title>\n<meta name=\"description\" content=\"Buy Ritalin Online, buy Ritalin (Methylphenidate) 10mg online without any prescription, If this is the question where to buy Ritalin online\" \/>\n<meta name=\"robots\" content=\"index, follow, max-snippet:-1, max-image-preview:large, max-video-preview:-1\" \/>\n<link rel=\"canonical\" href=\"https:\/\/buy-prescriptionz.com\/ro\/produs\/cumparati-ritalin-online\/\" \/>\n<meta property=\"og:locale\" content=\"ro_RO\" \/>\n<meta property=\"og:type\" content=\"article\" \/>\n<meta property=\"og:title\" content=\"Buy Ritalin Online for Sale @ Best Price - Buy Ritalin 10mg Online\" \/>\n<meta property=\"og:description\" content=\"Buy Ritalin Online, buy Ritalin (Methylphenidate) 10mg online without any prescription, If this is the question where to buy Ritalin online\" \/>\n<meta property=\"og:url\" content=\"https:\/\/buy-prescriptionz.com\/ro\/produs\/cumparati-ritalin-online\/\" \/>\n<meta property=\"og:site_name\" content=\"Buy Prescriptionz\" \/>\n<meta property=\"article:modified_time\" content=\"2025-09-25T12:45:43+00:00\" \/>\n<meta property=\"og:image\" content=\"https:\/\/buy-prescriptionz.com\/wp-content\/uploads\/2025\/09\/ritalin.jpg\" \/>\n\t<meta property=\"og:image:width\" content=\"400\" \/>\n\t<meta property=\"og:image:height\" content=\"300\" \/>\n\t<meta property=\"og:image:type\" content=\"image\/jpeg\" \/>\n<meta name=\"twitter:card\" content=\"summary_large_image\" \/>\n<meta name=\"twitter:label1\" content=\"Timp estimat pentru citire\" \/>\n\t<meta name=\"twitter:data1\" content=\"4 minute\" \/>\n<script type=\"application\/ld+json\" class=\"yoast-schema-graph\">{\"@context\":\"https:\/\/schema.org\",\"@graph\":[{\"@type\":\"WebPage\",\"@id\":\"https:\/\/buy-prescriptionz.com\/product\/buy-ritalin-online\/\",\"url\":\"https:\/\/buy-prescriptionz.com\/product\/buy-ritalin-online\/\",\"name\":\"Buy Ritalin Online for Sale @ Best Price - Buy Ritalin 10mg Online\",\"isPartOf\":{\"@id\":\"https:\/\/buy-prescriptionz.com\/#website\"},\"primaryImageOfPage\":{\"@id\":\"https:\/\/buy-prescriptionz.com\/product\/buy-ritalin-online\/#primaryimage\"},\"image\":{\"@id\":\"https:\/\/buy-prescriptionz.com\/product\/buy-ritalin-online\/#primaryimage\"},\"thumbnailUrl\":\"https:\/\/buy-prescriptionz.com\/wp-content\/uploads\/2025\/09\/ritalin.jpg\",\"datePublished\":\"2025-09-16T08:56:10+00:00\",\"dateModified\":\"2025-09-25T12:45:43+00:00\",\"description\":\"Buy Ritalin Online, buy Ritalin (Methylphenidate) 10mg online without any prescription, If this is the question where to buy Ritalin online\",\"breadcrumb\":{\"@id\":\"https:\/\/buy-prescriptionz.com\/product\/buy-ritalin-online\/#breadcrumb\"},\"inLanguage\":\"ro-RO\",\"potentialAction\":[{\"@type\":\"ReadAction\",\"target\":[\"https:\/\/buy-prescriptionz.com\/product\/buy-ritalin-online\/\"]}]},{\"@type\":\"ImageObject\",\"inLanguage\":\"ro-RO\",\"@id\":\"https:\/\/buy-prescriptionz.com\/product\/buy-ritalin-online\/#primaryimage\",\"url\":\"https:\/\/buy-prescriptionz.com\/wp-content\/uploads\/2025\/09\/ritalin.jpg\",\"contentUrl\":\"https:\/\/buy-prescriptionz.com\/wp-content\/uploads\/2025\/09\/ritalin.jpg\",\"width\":400,\"height\":300},{\"@type\":\"BreadcrumbList\",\"@id\":\"https:\/\/buy-prescriptionz.com\/product\/buy-ritalin-online\/#breadcrumb\",\"itemListElement\":[{\"@type\":\"ListItem\",\"position\":1,\"name\":\"Home\",\"item\":\"https:\/\/buy-prescriptionz.com\/\"},{\"@type\":\"ListItem\",\"position\":2,\"name\":\"Shop Painkillers Online\",\"item\":\"https:\/\/buy-prescriptionz.com\/shop-painkillers-online\/\"},{\"@type\":\"ListItem\",\"position\":3,\"name\":\"Buy Ritalin Online\"}]},{\"@type\":\"WebSite\",\"@id\":\"https:\/\/buy-prescriptionz.com\/#website\",\"url\":\"https:\/\/buy-prescriptionz.com\/\",\"name\":\"Buy Prescriptionz\",\"description\":\"Drugs Online\",\"publisher\":{\"@id\":\"https:\/\/buy-prescriptionz.com\/#organization\"},\"potentialAction\":[{\"@type\":\"SearchAction\",\"target\":{\"@type\":\"EntryPoint\",\"urlTemplate\":\"https:\/\/buy-prescriptionz.com\/?s={search_term_string}\"},\"query-input\":{\"@type\":\"PropertyValueSpecification\",\"valueRequired\":true,\"valueName\":\"search_term_string\"}}],\"inLanguage\":\"ro-RO\"},{\"@type\":\"Organization\",\"@id\":\"https:\/\/buy-prescriptionz.com\/#organization\",\"name\":\"Buy Prescriptionz\",\"url\":\"https:\/\/buy-prescriptionz.com\/\",\"logo\":{\"@type\":\"ImageObject\",\"inLanguage\":\"ro-RO\",\"@id\":\"https:\/\/buy-prescriptionz.com\/#\/schema\/logo\/image\/\",\"url\":\"https:\/\/buy-prescriptionz.com\/wp-content\/uploads\/2023\/09\/logo.png\",\"contentUrl\":\"https:\/\/buy-prescriptionz.com\/wp-content\/uploads\/2023\/09\/logo.png\",\"width\":350,\"height\":64,\"caption\":\"Buy Prescriptionz\"},\"image\":{\"@id\":\"https:\/\/buy-prescriptionz.com\/#\/schema\/logo\/image\/\"}}]}<\/script>\n<!-- \/ Yoast SEO plugin. -->","yoast_head_json":{"title":"Cump\u0103ra\u021bi Ritalin Online pentru v\u00e2nzare @ Cel mai bun pre\u021b - Cumpara Ritalin 10mg Online","description":"Cumpara Ritalin Online, cumpara Ritalin (Methylphenidate) 10mg online f\u0103r\u0103 prescrip\u021bie medical\u0103, Dac\u0103 aceasta este \u00eentrebarea unde s\u0103 cumpere Ritalin online","robots":{"index":"index","follow":"follow","max-snippet":"max-snippet:-1","max-image-preview":"max-image-preview:large","max-video-preview":"max-video-preview:-1"},"canonical":"https:\/\/buy-prescriptionz.com\/ro\/produs\/cumparati-ritalin-online\/","og_locale":"ro_RO","og_type":"article","og_title":"Buy Ritalin Online for Sale @ Best Price - Buy Ritalin 10mg Online","og_description":"Buy Ritalin Online, buy Ritalin (Methylphenidate) 10mg online without any prescription, If this is the question where to buy Ritalin online","og_url":"https:\/\/buy-prescriptionz.com\/ro\/produs\/cumparati-ritalin-online\/","og_site_name":"Buy Prescriptionz","article_modified_time":"2025-09-25T12:45:43+00:00","og_image":[{"width":400,"height":300,"url":"https:\/\/buy-prescriptionz.com\/wp-content\/uploads\/2025\/09\/ritalin.jpg","type":"image\/jpeg"}],"twitter_card":"summary_large_image","twitter_misc":{"Timp estimat pentru citire":"4 minute"},"schema":{"@context":"https:\/\/schema.org","@graph":[{"@type":"WebPage","@id":"https:\/\/buy-prescriptionz.com\/product\/buy-ritalin-online\/","url":"https:\/\/buy-prescriptionz.com\/product\/buy-ritalin-online\/","name":"Cump\u0103ra\u021bi Ritalin Online pentru v\u00e2nzare @ Cel mai bun pre\u021b - Cumpara Ritalin 10mg Online","isPartOf":{"@id":"https:\/\/buy-prescriptionz.com\/#website"},"primaryImageOfPage":{"@id":"https:\/\/buy-prescriptionz.com\/product\/buy-ritalin-online\/#primaryimage"},"image":{"@id":"https:\/\/buy-prescriptionz.com\/product\/buy-ritalin-online\/#primaryimage"},"thumbnailUrl":"https:\/\/buy-prescriptionz.com\/wp-content\/uploads\/2025\/09\/ritalin.jpg","datePublished":"2025-09-16T08:56:10+00:00","dateModified":"2025-09-25T12:45:43+00:00","description":"Cumpara Ritalin Online, cumpara Ritalin (Methylphenidate) 10mg online f\u0103r\u0103 prescrip\u021bie medical\u0103, Dac\u0103 aceasta este \u00eentrebarea unde s\u0103 cumpere Ritalin online","breadcrumb":{"@id":"https:\/\/buy-prescriptionz.com\/product\/buy-ritalin-online\/#breadcrumb"},"inLanguage":"ro-RO","potentialAction":[{"@type":"ReadAction","target":["https:\/\/buy-prescriptionz.com\/product\/buy-ritalin-online\/"]}]},{"@type":"ImageObject","inLanguage":"ro-RO","@id":"https:\/\/buy-prescriptionz.com\/product\/buy-ritalin-online\/#primaryimage","url":"https:\/\/buy-prescriptionz.com\/wp-content\/uploads\/2025\/09\/ritalin.jpg","contentUrl":"https:\/\/buy-prescriptionz.com\/wp-content\/uploads\/2025\/09\/ritalin.jpg","width":400,"height":300},{"@type":"BreadcrumbList","@id":"https:\/\/buy-prescriptionz.com\/product\/buy-ritalin-online\/#breadcrumb","itemListElement":[{"@type":"ListItem","position":1,"name":"Home","item":"https:\/\/buy-prescriptionz.com\/"},{"@type":"ListItem","position":2,"name":"Shop Painkillers Online","item":"https:\/\/buy-prescriptionz.com\/shop-painkillers-online\/"},{"@type":"ListItem","position":3,"name":"Buy Ritalin Online"}]},{"@type":"WebSite","@id":"https:\/\/buy-prescriptionz.com\/#website","url":"https:\/\/buy-prescriptionz.com\/","name":"Buy Prescriptionz","description":"Medicamente online","publisher":{"@id":"https:\/\/buy-prescriptionz.com\/#organization"},"potentialAction":[{"@type":"SearchAction","target":{"@type":"EntryPoint","urlTemplate":"https:\/\/buy-prescriptionz.com\/?s={search_term_string}"},"query-input":{"@type":"PropertyValueSpecification","valueRequired":true,"valueName":"search_term_string"}}],"inLanguage":"ro-RO"},{"@type":"Organization","@id":"https:\/\/buy-prescriptionz.com\/#organization","name":"Buy Prescriptionz","url":"https:\/\/buy-prescriptionz.com\/","logo":{"@type":"ImageObject","inLanguage":"ro-RO","@id":"https:\/\/buy-prescriptionz.com\/#\/schema\/logo\/image\/","url":"https:\/\/buy-prescriptionz.com\/wp-content\/uploads\/2023\/09\/logo.png","contentUrl":"https:\/\/buy-prescriptionz.com\/wp-content\/uploads\/2023\/09\/logo.png","width":350,"height":64,"caption":"Buy Prescriptionz"},"image":{"@id":"https:\/\/buy-prescriptionz.com\/#\/schema\/logo\/image\/"}}]}},"_links":{"self":[{"href":"https:\/\/buy-prescriptionz.com\/ro\/wp-json\/wp\/v2\/product\/3058","targetHints":{"allow":["GET"]}}],"collection":[{"href":"https:\/\/buy-prescriptionz.com\/ro\/wp-json\/wp\/v2\/product"}],"about":[{"href":"https:\/\/buy-prescriptionz.com\/ro\/wp-json\/wp\/v2\/types\/product"}],"replies":[{"embeddable":true,"href":"https:\/\/buy-prescriptionz.com\/ro\/wp-json\/wp\/v2\/comments?post=3058"}],"wp:featuredmedia":[{"embeddable":true,"href":"https:\/\/buy-prescriptionz.com\/ro\/wp-json\/wp\/v2\/media\/3088"}],"wp:attachment":[{"href":"https:\/\/buy-prescriptionz.com\/ro\/wp-json\/wp\/v2\/media?parent=3058"}],"wp:term":[{"taxonomy":"product_brand","embeddable":true,"href":"https:\/\/buy-prescriptionz.com\/ro\/wp-json\/wp\/v2\/product_brand?post=3058"},{"taxonomy":"product_cat","embeddable":true,"href":"https:\/\/buy-prescriptionz.com\/ro\/wp-json\/wp\/v2\/product_cat?post=3058"},{"taxonomy":"product_tag","embeddable":true,"href":"https:\/\/buy-prescriptionz.com\/ro\/wp-json\/wp\/v2\/product_tag?post=3058"}],"curies":[{"name":"wp","href":"https:\/\/api.w.org\/{rel}","templated":true}]}}