{"id":3065,"date":"2025-09-16T08:56:10","date_gmt":"2025-09-16T08:56:10","guid":{"rendered":"https:\/\/chemsfine.com\/newsite\/?post_type=product&#038;p=3065"},"modified":"2025-09-24T06:50:48","modified_gmt":"2025-09-24T06:50:48","slug":"cumparati-nitrazepam-nipam-online","status":"publish","type":"product","link":"https:\/\/buy-prescriptionz.com\/ro\/produs\/cumparati-nitrazepam-nipam-online\/","title":{"rendered":"Cump\u0103ra\u021bi Nitrazepam (Nipam) Online"},"content":{"rendered":"<h2>Cump\u0103ra\u021bi Nitrazepam (Nipam) Online<\/h2>\n<h3>Cump\u0103ra\u021bi Nitrazepam (Nipam) Online Informa\u021bii generale:<\/h3>\n<p>cump\u0103ra\u021bi-nitrazepam-nipam-online, Nitrazepamul este un medicament sedativ utilizat pe termen scurt pentru a ajuta oamenii s\u0103 doarm\u0103. Acesta apar\u021bine unui grup de medicamente numite benzodiazepine. Este utilizat mai ales \u00een cazuri severe, invalidante sau care provoac\u0103 disconfort extrem.<\/p>\n<p>Costul medicamentului pentru Cump\u0103ra\u021bi Nitrazepam 5mg este mult mai mic dec\u00e2t pre\u021bul de v\u00e2nzare cu am\u0103nuntul. Solicita\u021bi re\u021bete profesionale care necesit\u0103 pu\u021bin sau deloc efort de la persoane legale \u0219i de \u00eencredere din SUA. Nitrazepamul poate provoca instabilitate, lene sau modific\u0103ri ale vederii. Aceste efecte pot fi mai grave dac\u0103 \u00eel lua\u021bi cu alcool sau anumite medicamente. Utiliza\u021bi Nitrazepamul cu aten\u021bie. \u00cencerca\u021bi s\u0103 nu conduce\u021bi vehicule sau s\u0103 efectua\u021bi alte sarcini poten\u021bial periculoase p\u00e2n\u0103 c\u00e2nd nu \u0219ti\u021bi cum reac\u021biona\u021bi la acesta. Continua\u021bi s\u0103 utiliza\u021bi cu aten\u021bie \u00een diminea\u021ba urm\u0103toare administr\u0103rii Nitrazepamului. \u00cencerca\u021bi s\u0103 nu consuma\u021bi alcool \u0219i s\u0103 nu utiliza\u021bi medicamente care pot provoca lenevie (de exemplu, tranchilizante, relaxante musculare) \u00een timp ce utiliza\u021bi Nitrazepam; acesta ar putea agrava efectele acestora. \u00centreba\u021bi-v\u0103 medicul dac\u0103 ave\u021bi \u00eentreb\u0103ri despre ce medicamente pot provoca somnolen\u021b\u0103. Simptomele frecvente, cum ar fi tulburarea de ritm, lene\u0219eala, problemele de coordonare \u0219i problemele de memorie, apar frecvent \u00een decurs de o or\u0103 de la administrarea Nitrazepamului. Asigura\u021bi-v\u0103 c\u0103 lua\u021bi Nitrazepam chiar \u00eenainte de a merge la culcare sau dup\u0103 ce v-a\u021bi pus deja \u00een pat. Acest lucru va diminua aceste simptome. Nitrazepamul v\u0103 poate provoca arsuri solare \u0219i mai puternice. Men\u021bine\u021bi o distan\u021b\u0103 strategic\u0103 de soare, lampi de soare sau spa\u021bii de bronzat p\u00e2n\u0103 c\u00e2nd \u0219ti\u021bi cum reac\u021biona\u021bi la Nitrazepam. Folosi\u021bi o crem\u0103 de protec\u021bie solar\u0103 sau purta\u021bi \u00eembr\u0103c\u0103minte de protec\u021bie dac\u0103 trebuie s\u0103 sta\u021bi afar\u0103 mai mult de o perioad\u0103 scurt\u0103 de timp. Spune\u021bi-i medicului dumneavoastr\u0103 de familie sau dentistului c\u0103 lua\u021bi Nitrazepam \u00eenainte de a merge la orice tratament sau stomatologie, \u00eengrijire de urgen\u021b\u0103 sau interven\u021bie medical\u0103. Acest produs poate con\u021bine colorant tartrazinic. Acest lucru poate provoca o reac\u021bie advers\u0103 la sensibilitate la anumi\u021bi pacien\u021bi. Dac\u0103 a\u021bi avut vreodat\u0103 o reac\u021bie de hipersensibilitate la tartrazin\u0103, cump\u0103ra\u021bi-nitrazepam-nipam-online, \u00eentreba\u021bi dac\u0103 produsul dumneavoastr\u0103 con\u021bine tartrazin\u0103. \u00cencerca\u021bi s\u0103 nu lua\u021bi mai mult dec\u00e2t doza recomandat\u0103 \u0219i s\u0103 nu o utiliza\u021bi mai mult dec\u00e2t este recomandat f\u0103r\u0103 a consulta medicul dumneavoastr\u0103 de familie. Este posibil s\u0103 ave\u021bi dificult\u0103\u021bi \u00een a dormi timp de 1-2 zile dup\u0103 ce a\u021bi \u00eencetat s\u0103 lua\u021bi Nitrazepam. \u00cen cazul \u00een care problema continu\u0103, contacta\u021bi medicul de familie.<\/p>\n<h3>Cump\u0103ra\u021bi Nitrazepam (Nipam) 5mg<\/h3>\n<p>Cump\u0103ra\u021bi Nitrazepam (Nipam) Online, Pute\u021bi cump\u0103ra Nitrazepam pe web (Nipam) 5mg solicitare aici, avem excelent Nitrazepam (Mogadon) 5mg pastile. achizi\u021biona\u021bi Nitrazepam (Nipam) 5mg Online f\u0103r\u0103 medicamente.<\/p>\n<p><strong>Achizi\u021bionarea Nitrazepam (Nipam) 5mg online de c\u0103tre cel mai bun site online f\u0103r\u0103 prescrip\u021bie medical\u0103.<\/strong><\/p>\n<p>Nitrazepam (Nipam) 5mg<\/p>\n<p>Top-notch Nitrazepam (Nipam) 5mg pastile 5mg<\/p>\n<p>Livrare general\u0103<\/p>\n<p>Ambalaje prudente<\/p>\n<p>Asisten\u021b\u0103 live<\/p>\n<p>100% Satisfac\u021bie garantat\u0103<\/p>\n<p><strong>Achizi\u021biona\u021bi Nitrazepam pe web (Nipam) 5mg de c\u0103tre cel mai bun site online f\u0103r\u0103 prescrip\u021bie medical\u0103.<\/strong><\/p>\n<p>OFERIM SERVICII DE PESTE M\u0102RI TRANSPORT MARITIM SIGUR LA U\u0218A TA!<\/p>\n<p>Pute\u021bi efectua plata prin card de credit \u0219i de debit.<\/p>\n<p>EMS\/USPS Express Express Discreet TrackAble Livrare \u00een general Intervalul de livrare.<\/p>\n<p>Nitrazepam (Nipam) 5mg este utilizat pentru administrarea problemei de tensiune, ajutorul tranzitoriu al efectelor secundare ale nervozit\u0103\u021bii sau nelini\u0219tii legate de mizerie.buy-nitrazepam-nipam-online<\/p>\n<h3>Despre comprimatul Nipam 5 mg<\/h3>\n<p>Comprimatul Nipam 5 mg este un tip de benzodiazepam hipnotic utilizat pentru a trata spasmele infantile \u0219i insomnia. Se recomand\u0103 insistent ca o persoan\u0103 s\u0103 nu ia cel mai bun comprimat Nipam 5 mg dac\u0103 are BPOC, alergii, hipertensiune ocular\u0103 sau leziuni hepatice grave. Acest medicament poate ajuta, de asemenea, \u00een cazul tulbur\u0103rilor de dispozi\u021bie, al efectelor de sevraj alcoolic, al relaxantelor musculare scheletice \u0219i al tulbur\u0103rilor care provoac\u0103 convulsii.<br \/>\n<strong><br \/>\n<\/strong>Comprimatul Nipam 5 mg este administrat \u00een continuare femeilor \u00eens\u0103rcinate, chiar dac\u0103 exist\u0103 posibilitatea ca acesta s\u0103 d\u0103uneze copilului nen\u0103scut dac\u0103 este administrat \u00een timpul sarcinii. Acest lucru se datoreaz\u0103 faptului c\u0103 beneficiile posibile dep\u0103\u0219esc \u00een mod clar riscurile.<\/p>\n<h3><strong>Cum ar trebui luat\u0103 suma?<\/strong><\/h3>\n<p>Dac\u0103 uita\u021bi s\u0103 lua\u021bi comprimatul de Nipam 5 MG, trebuie s\u0103 o face\u021bi imediat ce v\u0103 aminti\u021bi. Dac\u0103 este aproape timpul pentru urm\u0103toarea doz\u0103, nu o lua\u021bi pe cea uitat\u0103. Nu lua\u021bi dou\u0103 doze odat\u0103 pentru a compensa doza uitat\u0103.<\/p>\n<p><strong>Exist\u0103 vreo instruc\u021biune pentru o supradoz\u0103?<\/strong><\/p>\n<p>Dac\u0103 crede\u021bi c\u0103 cineva a f\u0103cut o supradoz\u0103, solicita\u021bi asisten\u021b\u0103 medical\u0103 de urgen\u021b\u0103 sau suna\u021bi-v\u0103 medicul. Informa\u021biile de aici provin din cantitatea de sare con\u021binut\u0103 \u00een medicament. Medicamentul poate fi utilizat \u0219i poate avea rezultate diferite \u00een func\u021bie de persoan\u0103. \u00cenainte de a lua acest medicament, trebuie s\u0103 discuta\u021bi cu un psihiatru.<\/p>\n<p><strong>Aspecte importante despre comprimatul Nipam 5 mg <\/strong><\/p>\n<p>C\u00e2t dureaz\u0103 efectul?<\/p>\n<p>\u00cen general, efectele acestui medicament dureaz\u0103 \u00eentre 6 \u0219i 8 ore.<\/p>\n<p>C\u00e2nd \u00eencepe lupta?<\/p>\n<p>Vei putea spune c\u0103 acest medicament \u00ee\u0219i face efectul \u00een 30 p\u00e2n\u0103 la 60 de minute.<\/p>\n<p>Exist\u0103 semne despre sarcin\u0103?<\/p>\n<p>Femeile \u00eens\u0103rcinate nu trebuie s\u0103 ia acest medicament. Comprimatul Nipam 5 mg trece prin placent\u0103. Au fost raportate cazuri de fisuri orale, dar date mai recente nu sus\u021bin o asociere \u00eentre utilizarea medicamentului \u0219i fisurile orale. Alte malforma\u021bii congenitale raportate includ hernii inghinale, defecte cardiace, spina bifida, tr\u0103s\u0103turi faciale dismorfice, defecte scheletice \u0219i multe altele. De asemenea, au fost raportate hipotonie \u0219i simptome de sevraj dup\u0103 utilizare \u00een perioada apropiat\u0103 na\u0219terii.<\/p>\n<p>Devine un obicei?<\/p>\n<p>A fost descris\u0103 o tendin\u021b\u0103 de a forma obiceiuri.<\/p>\n<p>Exist\u0103 vreun sfat despre al\u0103ptare?<\/p>\n<p>Femeile care al\u0103pteaz\u0103 nu trebuie s\u0103 ia acest medicament. Comprimatul de Nipam 5 mg poate trece \u00een laptele matern.<\/p>\n<p>Este sigur c\u00e2nd bei?<\/p>\n<p>Benzodiazepinele au fost asociate cu o triste\u021be suplimentar\u0103 la nivelul SNC; evita\u021bi sau consuma\u021bi mai pu\u021bin alcool.<\/p>\n<p>Este \u00een regul\u0103 s\u0103 conduc dup\u0103 ce am luat acest medicament?<\/p>\n<p>Acest medicament are efecte secundare care pot duce la pierderea cuno\u0219tin\u021bei. Prin urmare, pacientul nu trebuie s\u0103 conduc\u0103 dac\u0103 se simte r\u0103u, cum ar fi somnolen\u021b\u0103, ame\u021beli sau dificult\u0103\u021bi de vedere.<\/p>\n<p>Schimb\u0103 acest lucru modul \u00een care func\u021bioneaz\u0103 rinichii?<\/p>\n<p>Nu poate fi dializat (0% p\u00e2n\u0103 la 5%); nu este necesar\u0103 o cantitate suplimentar\u0103.<\/p>\n<p>Schimb\u0103 acest lucru modul \u00een care func\u021bioneaz\u0103 ficatul?<\/p>\n<p>Nu lua\u021bi acest medicament dac\u0103 ave\u021bi ciroz\u0103 sau o boal\u0103 hepatic\u0103 grav\u0103 sau acut\u0103; reduce\u021bi doza la jum\u0103tate.<\/p>\n<p>Dac\u0103 crede\u021bi c\u0103 cineva a f\u0103cut o supradoz\u0103, solicita\u021bi asisten\u021b\u0103 medical\u0103 de urgen\u021b\u0103 sau suna\u021bi-v\u0103 medicul. Informa\u021biile de aici provin din cantitatea de sare con\u021binut\u0103 \u00een medicament. Medicamentul poate fi utilizat \u0219i poate avea rezultate diferite \u00een func\u021bie de persoan\u0103. \u00cenainte de a lua acest medicament, trebuie s\u0103 discuta\u021bi cu un psihiatru.<\/p>\n<h3>Cum vom trimite pachete?<\/h3>\n<p>Ambal\u0103m pachetele cu grij\u0103, cu h\u00e2rtii de tungsten \u0219i de carbon, pentru a evita trecerea prin aparatele cu raze X tradi\u021bionale din terminalele avioanelor. Pachetele sunt umplute impecabil cu h\u00e2rtii de binecuv\u00e2ntare din exterior.<\/p>\n<h3>Cum poate func\u021biona?<\/h3>\n<p>Cump\u0103ra\u021bi Nitrazepam (Nipam) Online, Nitrazepam are un loc cu o adunare de medicamente numite benzodiazepine. Acesta urm\u0103re\u0219te receptorii din creier (receptorii GABA) provoc\u00e2nd sosirea unui compus numit GABA (coroziv gama amino butiric). GABA este o substan\u021b\u0103 inhibitorie notabil\u0103 din creier asociat\u0103 cu stimularea letargiei \u0219i controlul nelini\u0219tii \u0219i al crizelor.<\/p>\n<p>Nitrazepamul ac\u021bioneaz\u0103 prin extinderea mi\u0219c\u0103rii GABA, reduc\u00e2nd astfel activitatea anumitor zone ale min\u021bii. Acest rezultat duce la l\u00e2ncezeal\u0103, la reducerea tensiunii \u0219i la destinderea mu\u0219chilor.<\/p>\n<p>Nitrazepamul este utilizat cel mai adesea pentru a trata o tulburare de somn. Acesta diminueaz\u0103 timpul necesar pentru a adormi \u0219i trezirile nocturne, la fel cum extinde suma total\u0103 a timpului petrecut \u00een repaus. Deoarece nitrazepamul r\u0103m\u00e2ne dinamic \u00een organism pentru o perioad\u0103 lung\u0103 de timp, oboseala poate ap\u0103rea a doua zi. buy-nitrazepam-nipam-online<\/p>\n<h3>De ce se utilizeaz\u0103 comprimatul Nipam 5 mg pentru insomnie?<\/h3>\n<p>Dac\u0103 crede\u021bi c\u0103 cineva a f\u0103cut o supradoz\u0103, solicita\u021bi asisten\u021b\u0103 medical\u0103 de urgen\u021b\u0103 sau suna\u021bi-v\u0103 medicul. Informa\u021biile de aici provin din cantitatea de sare con\u021binut\u0103 \u00een medicament. Medicamentul poate fi utilizat \u0219i poate avea rezultate diferite \u00een func\u021bie de persoan\u0103. \u00cenainte de a lua acest medicament, trebuie s\u0103 discuta\u021bi cu un psihiatru.<\/p>","protected":false},"excerpt":{"rendered":"<p>Buy Nitrazepam (Nipam) Online Buy Nitrazepam (Nipam) Online\u00a0General Information: buy-nitrazepam-nipam-online, Nitrazepam is a sedative medication which is used in the short-term to help people sleep. It belongs to a group of drugs called benzodiazepines. It is mostly used in cases which are severe, disabling or causing extreme distress The medicine cost on Buy Nitrazepam 5mg [&hellip;]<\/p>","protected":false},"featured_media":3095,"comment_status":"open","ping_status":"closed","template":"","meta":{"site-sidebar-layout":"default","site-content-layout":"","ast-site-content-layout":"default","site-content-style":"default","site-sidebar-style":"default","ast-global-header-display":"","ast-banner-title-visibility":"","ast-main-header-display":"","ast-hfb-above-header-display":"","ast-hfb-below-header-display":"","ast-hfb-mobile-header-display":"","site-post-title":"","ast-breadcrumbs-content":"","ast-featured-img":"","footer-sml-layout":"","theme-transparent-header-meta":"default","adv-header-id-meta":"","stick-header-meta":"","header-above-stick-meta":"","header-main-stick-meta":"","header-below-stick-meta":"","astra-migrate-meta-layouts":"set","ast-page-background-enabled":"default","ast-page-background-meta":{"desktop":{"background-color":"var(--ast-global-color-4)","background-image":"","background-repeat":"repeat","background-position":"center center","background-size":"auto","background-attachment":"scroll","background-type":"","background-media":"","overlay-type":"","overlay-color":"","overlay-opacity":"","overlay-gradient":""},"tablet":{"background-color":"","background-image":"","background-repeat":"repeat","background-position":"center center","background-size":"auto","background-attachment":"scroll","background-type":"","background-media":"","overlay-type":"","overlay-color":"","overlay-opacity":"","overlay-gradient":""},"mobile":{"background-color":"","background-image":"","background-repeat":"repeat","background-position":"center center","background-size":"auto","background-attachment":"scroll","background-type":"","background-media":"","overlay-type":"","overlay-color":"","overlay-opacity":"","overlay-gradient":""}},"ast-content-background-meta":{"desktop":{"background-color":"var(--ast-global-color-5)","background-image":"","background-repeat":"repeat","background-position":"center center","background-size":"auto","background-attachment":"scroll","background-type":"","background-media":"","overlay-type":"","overlay-color":"","overlay-opacity":"","overlay-gradient":""},"tablet":{"background-color":"var(--ast-global-color-5)","background-image":"","background-repeat":"repeat","background-position":"center center","background-size":"auto","background-attachment":"scroll","background-type":"","background-media":"","overlay-type":"","overlay-color":"","overlay-opacity":"","overlay-gradient":""},"mobile":{"background-color":"var(--ast-global-color-5)","background-image":"","background-repeat":"repeat","background-position":"center center","background-size":"auto","background-attachment":"scroll","background-type":"","background-media":"","overlay-type":"","overlay-color":"","overlay-opacity":"","overlay-gradient":""}}},"product_brand":[],"product_cat":[2385],"product_tag":[1087,1088,1086,1081,1084,1083,1082,1085,1080,1079,1090,1089],"class_list":{"0":"post-3065","1":"product","2":"type-product","3":"status-publish","4":"has-post-thumbnail","6":"product_cat-buy-pain-killer-pills-online","7":"product_tag-buy-nitrazeoam-nipam-in-canada","8":"product_tag-buy-nitrazeoam-nipam-in-uk","9":"product_tag-buy-nitrazeoam-nipam-in-usa","10":"product_tag-buy-nitrazeoam-nipam-with-bitcoin","11":"product_tag-buy-nitrazeoam-nipam-with-credit-card","12":"product_tag-buy-nitrazeoam-nipam-with-money-gram","13":"product_tag-buy-nitrazeoam-nipam-with-western-union","14":"product_tag-buy-nitrazeoam-nipam-without-a-doctor","15":"product_tag-buy-nitrazeoam-nipam-without-prescription","16":"product_tag-nitrazeoam-nipam-for-sale","17":"product_tag-nitrazeoam-nipam-pills","18":"product_tag-nitrazeoam-nipam-tablets","19":"desktop-align-center","20":"tablet-align-left","21":"mobile-align-left","23":"first","24":"instock","25":"shipping-taxable","26":"purchasable","27":"product-type-variable","28":"has-default-attributes"},"yoast_head":"<!-- This site is optimized with the Yoast SEO plugin v25.9 - https:\/\/yoast.com\/wordpress\/plugins\/seo\/ -->\n<title>Buy Nitrazepam (Nipam) Online - Sleeping Pills Vendor<\/title>\n<meta name=\"description\" content=\"Buy Nitrazepam (Nipam) Online, Nitrazepam-5-MG and there variants. Check for ... Nitrazepam 5 MG This composition has 44 Products ... NIPAM 5MG TAB\" \/>\n<meta name=\"robots\" content=\"index, follow, max-snippet:-1, max-image-preview:large, max-video-preview:-1\" \/>\n<link rel=\"canonical\" href=\"https:\/\/buy-prescriptionz.com\/ro\/produs\/cumparati-nitrazepam-nipam-online\/\" \/>\n<meta property=\"og:locale\" content=\"ro_RO\" \/>\n<meta property=\"og:type\" content=\"article\" \/>\n<meta property=\"og:title\" content=\"Buy Nitrazepam (Nipam) Online - Sleeping Pills Vendor\" \/>\n<meta property=\"og:description\" content=\"Buy Nitrazepam (Nipam) Online, Nitrazepam-5-MG and there variants. Check for ... Nitrazepam 5 MG This composition has 44 Products ... NIPAM 5MG TAB\" \/>\n<meta property=\"og:url\" content=\"https:\/\/buy-prescriptionz.com\/ro\/produs\/cumparati-nitrazepam-nipam-online\/\" \/>\n<meta property=\"og:site_name\" content=\"Buy Prescriptionz\" \/>\n<meta property=\"article:modified_time\" content=\"2025-09-24T06:50:48+00:00\" \/>\n<meta property=\"og:image\" content=\"https:\/\/buy-prescriptionz.com\/wp-content\/uploads\/2025\/09\/nitrazeoam-nipam.jpg\" \/>\n\t<meta property=\"og:image:width\" content=\"400\" \/>\n\t<meta property=\"og:image:height\" content=\"300\" \/>\n\t<meta property=\"og:image:type\" content=\"image\/jpeg\" \/>\n<meta name=\"twitter:card\" content=\"summary_large_image\" \/>\n<meta name=\"twitter:label1\" content=\"Timp estimat pentru citire\" \/>\n\t<meta name=\"twitter:data1\" content=\"6 minute\" \/>\n<script type=\"application\/ld+json\" class=\"yoast-schema-graph\">{\"@context\":\"https:\/\/schema.org\",\"@graph\":[{\"@type\":\"WebPage\",\"@id\":\"https:\/\/buy-prescriptionz.com\/product\/buy-nitrazepam-nipam-online\/\",\"url\":\"https:\/\/buy-prescriptionz.com\/product\/buy-nitrazepam-nipam-online\/\",\"name\":\"Buy Nitrazepam (Nipam) Online - Sleeping Pills Vendor\",\"isPartOf\":{\"@id\":\"https:\/\/buy-prescriptionz.com\/#website\"},\"primaryImageOfPage\":{\"@id\":\"https:\/\/buy-prescriptionz.com\/product\/buy-nitrazepam-nipam-online\/#primaryimage\"},\"image\":{\"@id\":\"https:\/\/buy-prescriptionz.com\/product\/buy-nitrazepam-nipam-online\/#primaryimage\"},\"thumbnailUrl\":\"https:\/\/buy-prescriptionz.com\/wp-content\/uploads\/2025\/09\/nitrazeoam-nipam.jpg\",\"datePublished\":\"2025-09-16T08:56:10+00:00\",\"dateModified\":\"2025-09-24T06:50:48+00:00\",\"description\":\"Buy Nitrazepam (Nipam) Online, Nitrazepam-5-MG and there variants. Check for ... Nitrazepam 5 MG This composition has 44 Products ... NIPAM 5MG TAB\",\"breadcrumb\":{\"@id\":\"https:\/\/buy-prescriptionz.com\/product\/buy-nitrazepam-nipam-online\/#breadcrumb\"},\"inLanguage\":\"ro-RO\",\"potentialAction\":[{\"@type\":\"ReadAction\",\"target\":[\"https:\/\/buy-prescriptionz.com\/product\/buy-nitrazepam-nipam-online\/\"]}]},{\"@type\":\"ImageObject\",\"inLanguage\":\"ro-RO\",\"@id\":\"https:\/\/buy-prescriptionz.com\/product\/buy-nitrazepam-nipam-online\/#primaryimage\",\"url\":\"https:\/\/buy-prescriptionz.com\/wp-content\/uploads\/2025\/09\/nitrazeoam-nipam.jpg\",\"contentUrl\":\"https:\/\/buy-prescriptionz.com\/wp-content\/uploads\/2025\/09\/nitrazeoam-nipam.jpg\",\"width\":400,\"height\":300},{\"@type\":\"BreadcrumbList\",\"@id\":\"https:\/\/buy-prescriptionz.com\/product\/buy-nitrazepam-nipam-online\/#breadcrumb\",\"itemListElement\":[{\"@type\":\"ListItem\",\"position\":1,\"name\":\"Home\",\"item\":\"https:\/\/buy-prescriptionz.com\/\"},{\"@type\":\"ListItem\",\"position\":2,\"name\":\"Shop Painkillers Online\",\"item\":\"https:\/\/buy-prescriptionz.com\/shop-painkillers-online\/\"},{\"@type\":\"ListItem\",\"position\":3,\"name\":\"Buy Nitrazepam (Nipam) Online\"}]},{\"@type\":\"WebSite\",\"@id\":\"https:\/\/buy-prescriptionz.com\/#website\",\"url\":\"https:\/\/buy-prescriptionz.com\/\",\"name\":\"Buy Prescriptionz\",\"description\":\"Drugs Online\",\"publisher\":{\"@id\":\"https:\/\/buy-prescriptionz.com\/#organization\"},\"potentialAction\":[{\"@type\":\"SearchAction\",\"target\":{\"@type\":\"EntryPoint\",\"urlTemplate\":\"https:\/\/buy-prescriptionz.com\/?s={search_term_string}\"},\"query-input\":{\"@type\":\"PropertyValueSpecification\",\"valueRequired\":true,\"valueName\":\"search_term_string\"}}],\"inLanguage\":\"ro-RO\"},{\"@type\":\"Organization\",\"@id\":\"https:\/\/buy-prescriptionz.com\/#organization\",\"name\":\"Buy Prescriptionz\",\"url\":\"https:\/\/buy-prescriptionz.com\/\",\"logo\":{\"@type\":\"ImageObject\",\"inLanguage\":\"ro-RO\",\"@id\":\"https:\/\/buy-prescriptionz.com\/#\/schema\/logo\/image\/\",\"url\":\"https:\/\/buy-prescriptionz.com\/wp-content\/uploads\/2023\/09\/logo.png\",\"contentUrl\":\"https:\/\/buy-prescriptionz.com\/wp-content\/uploads\/2023\/09\/logo.png\",\"width\":350,\"height\":64,\"caption\":\"Buy Prescriptionz\"},\"image\":{\"@id\":\"https:\/\/buy-prescriptionz.com\/#\/schema\/logo\/image\/\"}}]}<\/script>\n<!-- \/ Yoast SEO plugin. -->","yoast_head_json":{"title":"Cumpara Nitrazepam (Nipam) Online - Somnifere Vendor","description":"Cumpara Nitrazepam (Nipam) Online, Nitrazepam-5-MG \u0219i variantele sale. Verifica\u021bi pentru ... Nitrazepam 5 MG Aceast\u0103 compozi\u021bie are 44 Produse ... NIPAM 5MG TAB","robots":{"index":"index","follow":"follow","max-snippet":"max-snippet:-1","max-image-preview":"max-image-preview:large","max-video-preview":"max-video-preview:-1"},"canonical":"https:\/\/buy-prescriptionz.com\/ro\/produs\/cumparati-nitrazepam-nipam-online\/","og_locale":"ro_RO","og_type":"article","og_title":"Buy Nitrazepam (Nipam) Online - Sleeping Pills Vendor","og_description":"Buy Nitrazepam (Nipam) Online, Nitrazepam-5-MG and there variants. Check for ... Nitrazepam 5 MG This composition has 44 Products ... NIPAM 5MG TAB","og_url":"https:\/\/buy-prescriptionz.com\/ro\/produs\/cumparati-nitrazepam-nipam-online\/","og_site_name":"Buy Prescriptionz","article_modified_time":"2025-09-24T06:50:48+00:00","og_image":[{"width":400,"height":300,"url":"https:\/\/buy-prescriptionz.com\/wp-content\/uploads\/2025\/09\/nitrazeoam-nipam.jpg","type":"image\/jpeg"}],"twitter_card":"summary_large_image","twitter_misc":{"Timp estimat pentru citire":"6 minute"},"schema":{"@context":"https:\/\/schema.org","@graph":[{"@type":"WebPage","@id":"https:\/\/buy-prescriptionz.com\/product\/buy-nitrazepam-nipam-online\/","url":"https:\/\/buy-prescriptionz.com\/product\/buy-nitrazepam-nipam-online\/","name":"Cumpara Nitrazepam (Nipam) Online - Somnifere Vendor","isPartOf":{"@id":"https:\/\/buy-prescriptionz.com\/#website"},"primaryImageOfPage":{"@id":"https:\/\/buy-prescriptionz.com\/product\/buy-nitrazepam-nipam-online\/#primaryimage"},"image":{"@id":"https:\/\/buy-prescriptionz.com\/product\/buy-nitrazepam-nipam-online\/#primaryimage"},"thumbnailUrl":"https:\/\/buy-prescriptionz.com\/wp-content\/uploads\/2025\/09\/nitrazeoam-nipam.jpg","datePublished":"2025-09-16T08:56:10+00:00","dateModified":"2025-09-24T06:50:48+00:00","description":"Cumpara Nitrazepam (Nipam) Online, Nitrazepam-5-MG \u0219i variantele sale. Verifica\u021bi pentru ... Nitrazepam 5 MG Aceast\u0103 compozi\u021bie are 44 Produse ... NIPAM 5MG TAB","breadcrumb":{"@id":"https:\/\/buy-prescriptionz.com\/product\/buy-nitrazepam-nipam-online\/#breadcrumb"},"inLanguage":"ro-RO","potentialAction":[{"@type":"ReadAction","target":["https:\/\/buy-prescriptionz.com\/product\/buy-nitrazepam-nipam-online\/"]}]},{"@type":"ImageObject","inLanguage":"ro-RO","@id":"https:\/\/buy-prescriptionz.com\/product\/buy-nitrazepam-nipam-online\/#primaryimage","url":"https:\/\/buy-prescriptionz.com\/wp-content\/uploads\/2025\/09\/nitrazeoam-nipam.jpg","contentUrl":"https:\/\/buy-prescriptionz.com\/wp-content\/uploads\/2025\/09\/nitrazeoam-nipam.jpg","width":400,"height":300},{"@type":"BreadcrumbList","@id":"https:\/\/buy-prescriptionz.com\/product\/buy-nitrazepam-nipam-online\/#breadcrumb","itemListElement":[{"@type":"ListItem","position":1,"name":"Home","item":"https:\/\/buy-prescriptionz.com\/"},{"@type":"ListItem","position":2,"name":"Shop Painkillers Online","item":"https:\/\/buy-prescriptionz.com\/shop-painkillers-online\/"},{"@type":"ListItem","position":3,"name":"Buy Nitrazepam (Nipam) Online"}]},{"@type":"WebSite","@id":"https:\/\/buy-prescriptionz.com\/#website","url":"https:\/\/buy-prescriptionz.com\/","name":"Buy Prescriptionz","description":"Medicamente online","publisher":{"@id":"https:\/\/buy-prescriptionz.com\/#organization"},"potentialAction":[{"@type":"SearchAction","target":{"@type":"EntryPoint","urlTemplate":"https:\/\/buy-prescriptionz.com\/?s={search_term_string}"},"query-input":{"@type":"PropertyValueSpecification","valueRequired":true,"valueName":"search_term_string"}}],"inLanguage":"ro-RO"},{"@type":"Organization","@id":"https:\/\/buy-prescriptionz.com\/#organization","name":"Buy Prescriptionz","url":"https:\/\/buy-prescriptionz.com\/","logo":{"@type":"ImageObject","inLanguage":"ro-RO","@id":"https:\/\/buy-prescriptionz.com\/#\/schema\/logo\/image\/","url":"https:\/\/buy-prescriptionz.com\/wp-content\/uploads\/2023\/09\/logo.png","contentUrl":"https:\/\/buy-prescriptionz.com\/wp-content\/uploads\/2023\/09\/logo.png","width":350,"height":64,"caption":"Buy Prescriptionz"},"image":{"@id":"https:\/\/buy-prescriptionz.com\/#\/schema\/logo\/image\/"}}]}},"_links":{"self":[{"href":"https:\/\/buy-prescriptionz.com\/ro\/wp-json\/wp\/v2\/product\/3065","targetHints":{"allow":["GET"]}}],"collection":[{"href":"https:\/\/buy-prescriptionz.com\/ro\/wp-json\/wp\/v2\/product"}],"about":[{"href":"https:\/\/buy-prescriptionz.com\/ro\/wp-json\/wp\/v2\/types\/product"}],"replies":[{"embeddable":true,"href":"https:\/\/buy-prescriptionz.com\/ro\/wp-json\/wp\/v2\/comments?post=3065"}],"wp:featuredmedia":[{"embeddable":true,"href":"https:\/\/buy-prescriptionz.com\/ro\/wp-json\/wp\/v2\/media\/3095"}],"wp:attachment":[{"href":"https:\/\/buy-prescriptionz.com\/ro\/wp-json\/wp\/v2\/media?parent=3065"}],"wp:term":[{"taxonomy":"product_brand","embeddable":true,"href":"https:\/\/buy-prescriptionz.com\/ro\/wp-json\/wp\/v2\/product_brand?post=3065"},{"taxonomy":"product_cat","embeddable":true,"href":"https:\/\/buy-prescriptionz.com\/ro\/wp-json\/wp\/v2\/product_cat?post=3065"},{"taxonomy":"product_tag","embeddable":true,"href":"https:\/\/buy-prescriptionz.com\/ro\/wp-json\/wp\/v2\/product_tag?post=3065"}],"curies":[{"name":"wp","href":"https:\/\/api.w.org\/{rel}","templated":true}]}}