{"id":3066,"date":"2025-09-16T08:56:11","date_gmt":"2025-09-16T08:56:11","guid":{"rendered":"https:\/\/chemsfine.com\/newsite\/?post_type=product&#038;p=3066"},"modified":"2025-09-29T11:01:19","modified_gmt":"2025-09-29T11:01:19","slug":"cumparati-mepron-chimicale-online","status":"publish","type":"product","link":"https:\/\/buy-prescriptionz.com\/ro\/produs\/cumparati-mepron-chimicale-online\/","title":{"rendered":"Cump\u0103ra\u021bi Mepron Chemical Online"},"content":{"rendered":"<h2>Cump\u0103ra\u021bi Mepron Chemical Online<\/h2>\n<h3>Ce face mepronul?<\/h3>\n<p>De\u0219i unii oameni nu pot lua trimetoprim-sulfametoxazol (TMP-SMX), mepronul (atovaquona) este un medicament antiprotozoar utilizat pentru a trata pneumonia u\u0219oar\u0103 p\u00e2n\u0103 la moderat\u0103 cu Pneumocystis carinii, dar este utilizat \u0219i pentru a evita aceast\u0103 infec\u021bie la persoanele care pot.<\/p>\n<h3>Cum te face Mepron s\u0103 te sim\u021bi?<\/h3>\n<p>dureri sau disconfort stomacal, diaree, constipa\u021bie, dureri de cap, oboseal\u0103, ame\u021beli, dureri musculare, erup\u021bii cutanate, transpira\u021bii sau dificult\u0103\u021bi de somn \u0219i incapacitatea de a adormi sau de a r\u0103m\u00e2ne adormit. Dac\u0103 ave\u021bi oricare dintre urm\u0103toarele reac\u021bii adverse periculoase, trebuie s\u0103 consulta\u021bi imediat un medic sau s\u0103 suna\u021bi la 112: Semne de avertizare la nivelul ochilor, cum ar fi pierderea rapid\u0103 a vederii, vedere \u00eence\u021bo\u0219at\u0103, vedere \u00een tunel, durere sau umflare a ochilor sau vederea unor inele \u00een jurul luminilor; Probleme cardiace grave, cum ar fi b\u0103t\u0103i rapide, neregulate sau pulsatile ale inimii, tremur\u0103turi \u00een piept, lips\u0103 de respira\u021bie \u0219i senza\u021bie rapid\u0103 de ame\u021beal\u0103, le\u0219in sau le\u0219in; Durere de cap puternic\u0103, confuzie, vorbire neclar\u0103, sl\u0103biciune a bra\u021belor sau picioarelor, dificult\u0103\u021bi de mers, pierderea echilibrului, senza\u021bie de tremur\u0103turi, rigiditate muscular\u0103 foarte mare, febr\u0103 mare, transpira\u021bie abundent\u0103 sau tremur\u0103turi. Pot exista \u0219i alte reac\u021bii adverse care nu sunt enumerate \u00een acest text. Discuta\u021bi cu medicul dumneavoastr\u0103 dac\u0103 dori\u021bi s\u0103 afla\u021bi mai multe despre reac\u021biile adverse.<\/p>\n<h3>C\u00e2t Mepron s\u0103 ia?<\/h3>\n<p>Mepron (atovaquon\u0103) este disponibil \u00eentr-o concentra\u021bie de 750 mg atovaquon\u0103 per linguri\u021b\u0103 (5 ml). Doza este diferit\u0103 pentru adul\u021bi \u0219i copii \u0219i este stabilit\u0103 de medicul care o prescrie. Re\u021bine\u021bi c\u0103 neadministrarea suspensiei de Mepron cu alimente poate \u00eengreuna eficacitatea tratamentului. Persoanele alergice la atovaquon\u0103 nu trebuie s\u0103 ia acest medicament.<\/p>\n<p>Ce alte medicamente, substan\u021be sau suplimente func\u021bioneaz\u0103 \u00eempreun\u0103 cu mepron? Este posibil ca Mepron s\u0103 nu func\u021bioneze bine \u00eempreun\u0103 cu unele medicamente, cum ar fi rifabutina, rifampicina, anticoagulantele sau medicamentele utilizate pentru tratarea convulsiilor.<\/p>\n<p>Mepron \u00een timpul sarcinii sau al\u0103pt\u0103rii Nu exist\u0103 suficiente rapoarte privind utilizarea Mepron de c\u0103tre femeile \u00eens\u0103rcinate. Mepron trebuie utilizat \u00een timpul sarcinii numai dac\u0103 beneficiul posibil este mai mare dec\u00e2t riscul posibil pentru copilul nen\u0103scut. Nu \u0219tim dac\u0103 Mepron ajunge \u00een laptele matern. Discuta\u021bi cu medicul dumneavoastr\u0103 \u00eenainte de a \u00eencepe al\u0103ptarea.<\/p>\n<p>Pentru o op\u021biune de \u00eencredere \u0219i convenabil\u0103 de a cump\u0103ra Mepron, alege\u021bi cea mai bun\u0103 farmacie Buy-prescriptionz.com. Oferind o gam\u0103 larg\u0103 de medicamente originale, pre\u021buri competitive, tranzac\u021bii sigure \u0219i un serviciu clien\u021bi excelent, Buy-prescriptionz.com asigur\u0103 o experien\u021b\u0103 de cump\u0103r\u0103turi f\u0103r\u0103 probleme \u0219i fiabil\u0103. Vizita\u021bi Buy-prescriptionz.com ast\u0103zi pentru a v\u0103 satisface nevoile de prescrip\u021bie medical\u0103 cu \u00eencredere.<\/p>\n<h3>Informa\u021bii esen\u021biale despre Mepron<\/h3>\n<p>Cump\u0103ra\u021bi Mepron Chemical Online Pneumonia cu Pneumocystis jiroveci este un tip de pneumonie care afecteaz\u0103 pl\u0103m\u00e2nii. Cre\u0219terea cu Pneumocystis jiroveci provoac\u0103 infec\u021bii. Mepronul de marc\u0103 sau conven\u021bional con\u021bine Atovaquon\u0103 \u00eentr-o form\u0103 fin\u0103, fin\u0103, la scar\u0103 mic\u0103. Acest lucru favorizeaz\u0103 o mai bun\u0103 asimilare a medicamentului \u00een compara\u021bie cu alte comprimate. Este utilizat at\u00e2t pentru prevenirea, c\u00e2t \u0219i pentru tratarea pneumoniei cu Pneumocystis jiroveci. Mepronul de marc\u0103 sau conven\u021bional ac\u021bioneaz\u0103 prin suprimarea dezvolt\u0103rii cre\u0219terii Pneumocystis jiroveci \u00een cazurile asociate cu HIV. Poate fi recomandat pentru utilizare de c\u0103tre orice grup de v\u00e2rst\u0103, cu o doz\u0103 rezonabil\u0103. Medicamentul este, de asemenea, prescris pentru a preveni pneumonia cu Pneumocystis carinii la persoanele care nu pot suporta tratamentul cu trimetoprim-sulfametoxazol.<\/p>\n<h3>Protec\u021bie\/Efecte secundare pentru b\u0103rba\u021bi<\/h3>\n<p>Lua\u021bi Mepron\/Atovaquone de marc\u0103 sau neexclusiv \u00eempreun\u0103 cu alimentele. Acesta \u00eembun\u0103t\u0103\u021be\u0219te biodisponibilitatea, ceea ce \u00eenseamn\u0103 c\u0103 concentra\u021bia medicamentului \u00een organism este extins\u0103 atunci c\u00e2nd este administrat cu alimente. Medicul dumneavoastr\u0103 de familie va lua \u00een considerare administrarea medicamentului sub form\u0103 de perfuzie, dac\u0103 nu sunte\u021bi preg\u0103tit s\u0103 lua\u021bi medicamentul \u00eempreun\u0103 cu alimentele. Acest lucru este esen\u021bial pentru cre\u0219terea ratei \u0219i supravie\u021buirea. Dac\u0103 exist\u0103 alte infec\u021bii bacteriene sau virale, nu este prudent s\u0103 utiliza\u021bi acest medicament \u00een mod constant. Consulta\u021bi medicul de familie dac\u0103 sunte\u021bi gravid\u0103. Este necesar\u0103 o judecat\u0103 competent\u0103 pentru a evalua beneficiile tratamentului cu Mepron fa\u021b\u0103 de riscul de pneumonie cu Pneumocystis jiroveci. Consulta\u021bi medicul de familie dac\u0103 prescrip\u021bia trebuie luat\u0103 \u00een timpul sarcinii. Informa\u021bi-v\u0103 medicul de familie dac\u0103 ave\u021bi infec\u021bii hepatice, renale sau lua\u021bi anumite medicamente precum rifabutin\u0103, rifampicin\u0103, medicamente pentru convulsii \u0219i altele. Reac\u021biile adverse care pot ap\u0103rea \u00een timpul tratamentului cu Mepron\/Atovaquone de marc\u0103 sau conven\u021bional sunt: r\u0103nire eficient\u0103, moarte, grea\u021b\u0103, instabilitate, defect ciudat \u0219i pete albe \u00een g\u00e2t sau gur\u0103. Mepronul de marc\u0103 sau neexclusiv poate provoca, de asemenea, reac\u021bii adverse minore, cum ar fi congestie, scurgeri, insomnie, transpira\u021bie \u0219i erup\u021bii cutanate u\u0219oare.<\/p>\n<h3>Dozajul de Mepron<\/h3>\n<p>Suspensia de Mepron, fie ea de marc\u0103, fie conven\u021bional\u0103, este disponibil\u0103 \u00een flacoane. Pentru ac\u021biune contraactiv\u0103, doza recomandat\u0103 este de 10 ml o dat\u0103 pe zi, al\u0103turi de mese. Pentru tratament, se recomand\u0103 5 ml de suspensie de dou\u0103 ori pe zi, timp de 21 de zile. Dozajul este acela\u0219i pentru adul\u021bi sau tineri peste 13 ani. Men\u021bine\u021bi un interval de timp echivalent \u00eentre cele dou\u0103 doze pe parcursul zilei pentru a men\u021bine o concentra\u021bie constant\u0103 a medicamentului \u00een organism. \u00cendep\u0103rta\u021bi clapeta de la deschidere \u0219i rupe\u021bi unde vede\u021bi o ad\u00e2ncitur\u0103 pentru a deschide buzunarul. Agita\u021bi u\u0219or flaconul \u00eenainte de utilizare. Nu \u00eentrerupe\u021bi administrarea medicamentului \u00een timpul perioadei recomandate. Avem \u00een stoc suspensia oral\u0103 de Mepron \u00een doze de 750 mg\/5 ml. Economisesc mult\u0103 energie \u00een timpul afec\u021biunii \u00eent\u00e2rziate. Cump\u0103ra\u021bi Mepron de la Buyprescriptionz \u0219i profita\u021bi de pre\u021burile mai mici.<\/p>","protected":false},"excerpt":{"rendered":"<p>Buy Mepron Chemical Online What does mepron do? While some people can&#8217;t take trimethoprim-sulfamethoxazole (TMP-SMX), mepron (atovaquone) is an antiprotozoal drug that is used to treat mild to moderate Pneumocystis carinii pneumonia, it is also used to avoid this infection in people who can. How does Mepron make you feel? stomach pain or upset, diarrhoea, [&hellip;]<\/p>","protected":false},"featured_media":3096,"comment_status":"open","ping_status":"closed","template":"","meta":{"site-sidebar-layout":"default","site-content-layout":"","ast-site-content-layout":"default","site-content-style":"default","site-sidebar-style":"default","ast-global-header-display":"","ast-banner-title-visibility":"","ast-main-header-display":"","ast-hfb-above-header-display":"","ast-hfb-below-header-display":"","ast-hfb-mobile-header-display":"","site-post-title":"","ast-breadcrumbs-content":"","ast-featured-img":"","footer-sml-layout":"","theme-transparent-header-meta":"default","adv-header-id-meta":"","stick-header-meta":"","header-above-stick-meta":"","header-main-stick-meta":"","header-below-stick-meta":"","astra-migrate-meta-layouts":"set","ast-page-background-enabled":"default","ast-page-background-meta":{"desktop":{"background-color":"var(--ast-global-color-4)","background-image":"","background-repeat":"repeat","background-position":"center center","background-size":"auto","background-attachment":"scroll","background-type":"","background-media":"","overlay-type":"","overlay-color":"","overlay-opacity":"","overlay-gradient":""},"tablet":{"background-color":"","background-image":"","background-repeat":"repeat","background-position":"center center","background-size":"auto","background-attachment":"scroll","background-type":"","background-media":"","overlay-type":"","overlay-color":"","overlay-opacity":"","overlay-gradient":""},"mobile":{"background-color":"","background-image":"","background-repeat":"repeat","background-position":"center center","background-size":"auto","background-attachment":"scroll","background-type":"","background-media":"","overlay-type":"","overlay-color":"","overlay-opacity":"","overlay-gradient":""}},"ast-content-background-meta":{"desktop":{"background-color":"var(--ast-global-color-5)","background-image":"","background-repeat":"repeat","background-position":"center center","background-size":"auto","background-attachment":"scroll","background-type":"","background-media":"","overlay-type":"","overlay-color":"","overlay-opacity":"","overlay-gradient":""},"tablet":{"background-color":"var(--ast-global-color-5)","background-image":"","background-repeat":"repeat","background-position":"center center","background-size":"auto","background-attachment":"scroll","background-type":"","background-media":"","overlay-type":"","overlay-color":"","overlay-opacity":"","overlay-gradient":""},"mobile":{"background-color":"var(--ast-global-color-5)","background-image":"","background-repeat":"repeat","background-position":"center center","background-size":"auto","background-attachment":"scroll","background-type":"","background-media":"","overlay-type":"","overlay-color":"","overlay-opacity":"","overlay-gradient":""}}},"product_brand":[],"product_cat":[2385],"product_tag":[1170,1171,1165,1168,1167,1166,1169,1164,1163,1173,1172],"class_list":{"0":"post-3066","1":"product","2":"type-product","3":"status-publish","4":"has-post-thumbnail","6":"product_cat-buy-pain-killer-pills-online","7":"product_tag-buy-mepron-chemical-name-atovaquone-in-canada","8":"product_tag-buy-mepron-chemical-name-atovaquone-in-uk","9":"product_tag-buy-mepron-chemical-name-atovaquone-with-bitcoin","10":"product_tag-buy-mepron-chemical-name-atovaquone-with-credit-card","11":"product_tag-buy-mepron-chemical-name-atovaquone-with-money-gram","12":"product_tag-buy-mepron-chemical-name-atovaquone-with-western-union","13":"product_tag-buy-mepron-chemical-name-atovaquone-without-a-doctor","14":"product_tag-buy-mepron-chemical-name-atovaquone-without-prescription","15":"product_tag-mepron-chemical-name-atovaquone-for-sale","16":"product_tag-mepron-chemical-name-atovaquone-pills","17":"product_tag-mepron-chemical-name-atovaquone-tablets","18":"desktop-align-center","19":"tablet-align-left","20":"mobile-align-left","22":"first","23":"instock","24":"shipping-taxable","25":"purchasable","26":"product-type-variable","27":"has-default-attributes"},"yoast_head":"<!-- This site is optimized with the Yoast SEO plugin v25.9 - https:\/\/yoast.com\/wordpress\/plugins\/seo\/ -->\n<title>Buy Mepron Chemical Online Buy Mepron Chemical Online-<\/title>\n<meta name=\"description\" content=\"Buy Mepron Chemical Online where you can buy Buy Mepron Chemical Online Online name-atovaquone at best prices with free shipping and home delivery\" \/>\n<meta name=\"robots\" content=\"index, follow, max-snippet:-1, max-image-preview:large, max-video-preview:-1\" \/>\n<link rel=\"canonical\" href=\"https:\/\/buy-prescriptionz.com\/ro\/produs\/cumparati-mepron-chimicale-online\/\" \/>\n<meta property=\"og:locale\" content=\"ro_RO\" \/>\n<meta property=\"og:type\" content=\"article\" \/>\n<meta property=\"og:title\" content=\"Buy Mepron Chemical Online Buy Mepron Chemical Online-\" \/>\n<meta property=\"og:description\" content=\"Buy Mepron Chemical Online where you can buy Buy Mepron Chemical Online Online name-atovaquone at best prices with free shipping and home delivery\" \/>\n<meta property=\"og:url\" content=\"https:\/\/buy-prescriptionz.com\/ro\/produs\/cumparati-mepron-chimicale-online\/\" \/>\n<meta property=\"og:site_name\" content=\"Buy Prescriptionz\" \/>\n<meta property=\"article:modified_time\" content=\"2025-09-29T11:01:19+00:00\" \/>\n<meta property=\"og:image\" content=\"https:\/\/buy-prescriptionz.com\/wp-content\/uploads\/2025\/09\/mepron-chemical-name-atovaquone.jpg\" \/>\n\t<meta property=\"og:image:width\" content=\"400\" \/>\n\t<meta property=\"og:image:height\" content=\"300\" \/>\n\t<meta property=\"og:image:type\" content=\"image\/jpeg\" \/>\n<meta name=\"twitter:card\" content=\"summary_large_image\" \/>\n<meta name=\"twitter:label1\" content=\"Timp estimat pentru citire\" \/>\n\t<meta name=\"twitter:data1\" content=\"4 minute\" \/>\n<script type=\"application\/ld+json\" class=\"yoast-schema-graph\">{\"@context\":\"https:\/\/schema.org\",\"@graph\":[{\"@type\":\"WebPage\",\"@id\":\"https:\/\/buy-prescriptionz.com\/product\/buy-mepron-chemical-online\/\",\"url\":\"https:\/\/buy-prescriptionz.com\/product\/buy-mepron-chemical-online\/\",\"name\":\"Buy Mepron Chemical Online Buy Mepron Chemical Online-\",\"isPartOf\":{\"@id\":\"https:\/\/buy-prescriptionz.com\/#website\"},\"primaryImageOfPage\":{\"@id\":\"https:\/\/buy-prescriptionz.com\/product\/buy-mepron-chemical-online\/#primaryimage\"},\"image\":{\"@id\":\"https:\/\/buy-prescriptionz.com\/product\/buy-mepron-chemical-online\/#primaryimage\"},\"thumbnailUrl\":\"https:\/\/buy-prescriptionz.com\/wp-content\/uploads\/2025\/09\/mepron-chemical-name-atovaquone.jpg\",\"datePublished\":\"2025-09-16T08:56:11+00:00\",\"dateModified\":\"2025-09-29T11:01:19+00:00\",\"description\":\"Buy Mepron Chemical Online where you can buy Buy Mepron Chemical Online Online name-atovaquone at best prices with free shipping and home delivery\",\"breadcrumb\":{\"@id\":\"https:\/\/buy-prescriptionz.com\/product\/buy-mepron-chemical-online\/#breadcrumb\"},\"inLanguage\":\"ro-RO\",\"potentialAction\":[{\"@type\":\"ReadAction\",\"target\":[\"https:\/\/buy-prescriptionz.com\/product\/buy-mepron-chemical-online\/\"]}]},{\"@type\":\"ImageObject\",\"inLanguage\":\"ro-RO\",\"@id\":\"https:\/\/buy-prescriptionz.com\/product\/buy-mepron-chemical-online\/#primaryimage\",\"url\":\"https:\/\/buy-prescriptionz.com\/wp-content\/uploads\/2025\/09\/mepron-chemical-name-atovaquone.jpg\",\"contentUrl\":\"https:\/\/buy-prescriptionz.com\/wp-content\/uploads\/2025\/09\/mepron-chemical-name-atovaquone.jpg\",\"width\":400,\"height\":300},{\"@type\":\"BreadcrumbList\",\"@id\":\"https:\/\/buy-prescriptionz.com\/product\/buy-mepron-chemical-online\/#breadcrumb\",\"itemListElement\":[{\"@type\":\"ListItem\",\"position\":1,\"name\":\"Home\",\"item\":\"https:\/\/buy-prescriptionz.com\/\"},{\"@type\":\"ListItem\",\"position\":2,\"name\":\"Shop Painkillers Online\",\"item\":\"https:\/\/buy-prescriptionz.com\/shop-painkillers-online\/\"},{\"@type\":\"ListItem\",\"position\":3,\"name\":\"Buy Mepron Chemical Online\"}]},{\"@type\":\"WebSite\",\"@id\":\"https:\/\/buy-prescriptionz.com\/#website\",\"url\":\"https:\/\/buy-prescriptionz.com\/\",\"name\":\"Buy Prescriptionz\",\"description\":\"Drugs Online\",\"publisher\":{\"@id\":\"https:\/\/buy-prescriptionz.com\/#organization\"},\"potentialAction\":[{\"@type\":\"SearchAction\",\"target\":{\"@type\":\"EntryPoint\",\"urlTemplate\":\"https:\/\/buy-prescriptionz.com\/?s={search_term_string}\"},\"query-input\":{\"@type\":\"PropertyValueSpecification\",\"valueRequired\":true,\"valueName\":\"search_term_string\"}}],\"inLanguage\":\"ro-RO\"},{\"@type\":\"Organization\",\"@id\":\"https:\/\/buy-prescriptionz.com\/#organization\",\"name\":\"Buy Prescriptionz\",\"url\":\"https:\/\/buy-prescriptionz.com\/\",\"logo\":{\"@type\":\"ImageObject\",\"inLanguage\":\"ro-RO\",\"@id\":\"https:\/\/buy-prescriptionz.com\/#\/schema\/logo\/image\/\",\"url\":\"https:\/\/buy-prescriptionz.com\/wp-content\/uploads\/2023\/09\/logo.png\",\"contentUrl\":\"https:\/\/buy-prescriptionz.com\/wp-content\/uploads\/2023\/09\/logo.png\",\"width\":350,\"height\":64,\"caption\":\"Buy Prescriptionz\"},\"image\":{\"@id\":\"https:\/\/buy-prescriptionz.com\/#\/schema\/logo\/image\/\"}}]}<\/script>\n<!-- \/ Yoast SEO plugin. -->","yoast_head_json":{"title":"Cump\u0103ra\u021bi online substan\u021be chimice Mepron Cump\u0103ra\u021bi online substan\u021be chimice Mepron-","description":"Cump\u0103ra\u021bi Mepron Chemical online de unde pute\u021bi cump\u0103ra Cump\u0103ra\u021bi Mepron Chemical online Online nume-atovaquone la cele mai bune pre\u021buri cu livrare gratuit\u0103 \u0219i livrare la domiciliu","robots":{"index":"index","follow":"follow","max-snippet":"max-snippet:-1","max-image-preview":"max-image-preview:large","max-video-preview":"max-video-preview:-1"},"canonical":"https:\/\/buy-prescriptionz.com\/ro\/produs\/cumparati-mepron-chimicale-online\/","og_locale":"ro_RO","og_type":"article","og_title":"Buy Mepron Chemical Online Buy Mepron Chemical Online-","og_description":"Buy Mepron Chemical Online where you can buy Buy Mepron Chemical Online Online name-atovaquone at best prices with free shipping and home delivery","og_url":"https:\/\/buy-prescriptionz.com\/ro\/produs\/cumparati-mepron-chimicale-online\/","og_site_name":"Buy Prescriptionz","article_modified_time":"2025-09-29T11:01:19+00:00","og_image":[{"width":400,"height":300,"url":"https:\/\/buy-prescriptionz.com\/wp-content\/uploads\/2025\/09\/mepron-chemical-name-atovaquone.jpg","type":"image\/jpeg"}],"twitter_card":"summary_large_image","twitter_misc":{"Timp estimat pentru citire":"4 minute"},"schema":{"@context":"https:\/\/schema.org","@graph":[{"@type":"WebPage","@id":"https:\/\/buy-prescriptionz.com\/product\/buy-mepron-chemical-online\/","url":"https:\/\/buy-prescriptionz.com\/product\/buy-mepron-chemical-online\/","name":"Cump\u0103ra\u021bi online substan\u021be chimice Mepron Cump\u0103ra\u021bi online substan\u021be chimice Mepron-","isPartOf":{"@id":"https:\/\/buy-prescriptionz.com\/#website"},"primaryImageOfPage":{"@id":"https:\/\/buy-prescriptionz.com\/product\/buy-mepron-chemical-online\/#primaryimage"},"image":{"@id":"https:\/\/buy-prescriptionz.com\/product\/buy-mepron-chemical-online\/#primaryimage"},"thumbnailUrl":"https:\/\/buy-prescriptionz.com\/wp-content\/uploads\/2025\/09\/mepron-chemical-name-atovaquone.jpg","datePublished":"2025-09-16T08:56:11+00:00","dateModified":"2025-09-29T11:01:19+00:00","description":"Cump\u0103ra\u021bi Mepron Chemical online de unde pute\u021bi cump\u0103ra Cump\u0103ra\u021bi Mepron Chemical online Online nume-atovaquone la cele mai bune pre\u021buri cu livrare gratuit\u0103 \u0219i livrare la domiciliu","breadcrumb":{"@id":"https:\/\/buy-prescriptionz.com\/product\/buy-mepron-chemical-online\/#breadcrumb"},"inLanguage":"ro-RO","potentialAction":[{"@type":"ReadAction","target":["https:\/\/buy-prescriptionz.com\/product\/buy-mepron-chemical-online\/"]}]},{"@type":"ImageObject","inLanguage":"ro-RO","@id":"https:\/\/buy-prescriptionz.com\/product\/buy-mepron-chemical-online\/#primaryimage","url":"https:\/\/buy-prescriptionz.com\/wp-content\/uploads\/2025\/09\/mepron-chemical-name-atovaquone.jpg","contentUrl":"https:\/\/buy-prescriptionz.com\/wp-content\/uploads\/2025\/09\/mepron-chemical-name-atovaquone.jpg","width":400,"height":300},{"@type":"BreadcrumbList","@id":"https:\/\/buy-prescriptionz.com\/product\/buy-mepron-chemical-online\/#breadcrumb","itemListElement":[{"@type":"ListItem","position":1,"name":"Home","item":"https:\/\/buy-prescriptionz.com\/"},{"@type":"ListItem","position":2,"name":"Shop Painkillers Online","item":"https:\/\/buy-prescriptionz.com\/shop-painkillers-online\/"},{"@type":"ListItem","position":3,"name":"Buy Mepron Chemical Online"}]},{"@type":"WebSite","@id":"https:\/\/buy-prescriptionz.com\/#website","url":"https:\/\/buy-prescriptionz.com\/","name":"Buy Prescriptionz","description":"Medicamente online","publisher":{"@id":"https:\/\/buy-prescriptionz.com\/#organization"},"potentialAction":[{"@type":"SearchAction","target":{"@type":"EntryPoint","urlTemplate":"https:\/\/buy-prescriptionz.com\/?s={search_term_string}"},"query-input":{"@type":"PropertyValueSpecification","valueRequired":true,"valueName":"search_term_string"}}],"inLanguage":"ro-RO"},{"@type":"Organization","@id":"https:\/\/buy-prescriptionz.com\/#organization","name":"Buy Prescriptionz","url":"https:\/\/buy-prescriptionz.com\/","logo":{"@type":"ImageObject","inLanguage":"ro-RO","@id":"https:\/\/buy-prescriptionz.com\/#\/schema\/logo\/image\/","url":"https:\/\/buy-prescriptionz.com\/wp-content\/uploads\/2023\/09\/logo.png","contentUrl":"https:\/\/buy-prescriptionz.com\/wp-content\/uploads\/2023\/09\/logo.png","width":350,"height":64,"caption":"Buy Prescriptionz"},"image":{"@id":"https:\/\/buy-prescriptionz.com\/#\/schema\/logo\/image\/"}}]}},"_links":{"self":[{"href":"https:\/\/buy-prescriptionz.com\/ro\/wp-json\/wp\/v2\/product\/3066","targetHints":{"allow":["GET"]}}],"collection":[{"href":"https:\/\/buy-prescriptionz.com\/ro\/wp-json\/wp\/v2\/product"}],"about":[{"href":"https:\/\/buy-prescriptionz.com\/ro\/wp-json\/wp\/v2\/types\/product"}],"replies":[{"embeddable":true,"href":"https:\/\/buy-prescriptionz.com\/ro\/wp-json\/wp\/v2\/comments?post=3066"}],"wp:featuredmedia":[{"embeddable":true,"href":"https:\/\/buy-prescriptionz.com\/ro\/wp-json\/wp\/v2\/media\/3096"}],"wp:attachment":[{"href":"https:\/\/buy-prescriptionz.com\/ro\/wp-json\/wp\/v2\/media?parent=3066"}],"wp:term":[{"taxonomy":"product_brand","embeddable":true,"href":"https:\/\/buy-prescriptionz.com\/ro\/wp-json\/wp\/v2\/product_brand?post=3066"},{"taxonomy":"product_cat","embeddable":true,"href":"https:\/\/buy-prescriptionz.com\/ro\/wp-json\/wp\/v2\/product_cat?post=3066"},{"taxonomy":"product_tag","embeddable":true,"href":"https:\/\/buy-prescriptionz.com\/ro\/wp-json\/wp\/v2\/product_tag?post=3066"}],"curies":[{"name":"wp","href":"https:\/\/api.w.org\/{rel}","templated":true}]}}