{"id":3067,"date":"2025-09-16T08:56:11","date_gmt":"2025-09-16T08:56:11","guid":{"rendered":"https:\/\/chemsfine.com\/newsite\/?post_type=product&#038;p=3067"},"modified":"2025-09-29T10:42:33","modified_gmt":"2025-09-29T10:42:33","slug":"cumparati-lorazepam-ativan-online","status":"publish","type":"product","link":"https:\/\/buy-prescriptionz.com\/ro\/produs\/cumparati-lorazepam-ativan-online\/","title":{"rendered":"Cump\u0103ra\u021bi Lorazepam (Ativan) Online"},"content":{"rendered":"<h2>Cump\u0103ra\u021bi Lorazepam (Ativan) Online<\/h2>\n<p>Lorazepamul face parte din clasa de medicamente numite benzodiazepine. Lorazepamul poate fi utilizat pentru ameliorarea temporar\u0103, adic\u0103 \u00een cazul simptomelor de tensiune excesiv\u0103. Acesta \u00eempiedic\u0103 leg\u0103tura dintre nervii cerebrali. C\u00e2teva persoane au observat o cre\u0219tere semnificativ\u0103 a durerii, care dureaz\u0103 aproximativ 30 de minute \u0219i apare dup\u0103 administrarea medicamentului Lorazepam. Pentru convulsiile \u00eent\u00e2rziate, Lorazepamul injectabil poate fi utilizat ca tratament de baz\u0103. Prin intermediul medicamentului Lorazepam, letargia, anxietatea \u0219i convulsiile pot fi tratate rapid. Acest medicament este u\u0219or disponibil pentru achizi\u021bionare online. Reac\u021bia apare \u0219i imediat dup\u0103 utilizare; aceasta poate duce la o relaxare a st\u0103rii de s\u0103n\u0103tate.<\/p>\n<h3>WHAT PRECAUTIONS SHOULD ONE TAKE WHILE TAKING LORAZEPAM?<\/h3>\n<p>Cump\u0103ra\u021bi Lorazepam (Ativan) online, Cump\u0103ra\u021bi Lorazepam (Ativan) online, Dac\u0103 cineva are probleme respiratorii, insuficien\u021b\u0103 pulmonar\u0103 sau renal\u0103, boli de inim\u0103, somnolen\u021b\u0103 sau impoten\u021b\u0103, atunci Lorazepam poate reac\u021biona la aceste afec\u021biuni. Femeile care doresc s\u0103 r\u0103m\u00e2n\u0103 \u00eens\u0103rcinate sau femeile \u00eens\u0103rcinate nu ar trebui s\u0103 ia acest comprimat sau ar trebui s\u0103 consulte un medic \u00eenainte de a lua Lorazepam.<\/p>\n<p>Medicamentul eliberat pe baz\u0103 de re\u021bet\u0103, Lorazepam, este utilizat pentru a trata tulbur\u0103rile de anxietate, inclusiv atacurile de panic\u0103, fobiile sociale, tulburarea obsesiv-compulsiv\u0103 (TOC) \u0219i tulburarea de anxietate generalizat\u0103 (caracterizat\u0103 prin \u00eengrijorare sau nelini\u0219te excesiv\u0103). \u00cen plus, este utilizat pentru ameliorarea temporar\u0103 a simptomelor de anxietate.<\/p>\n<p>Simptomele de anxietate includ trepida\u021bie, respira\u021bie rapid\u0103, ritm cardiac crescut, transpira\u021bie abundent\u0103, tremur\u0103turi, sl\u0103biciune \u0219i pierderea concentr\u0103rii, acestea fiind ameliorate prin administrarea unui miligram din cel mai bun Lorazepam. Alimentele pot fi consumate \u00eempreun\u0103 cu acesta sau nu. Pentru a ajuta organismul s\u0103 men\u021bin\u0103 o cantitate constant\u0103 de medicament, lua\u021bi-l la aceea\u0219i or\u0103 \u00een fiecare zi. Deoarece acest medicament are un poten\u021bial semnificativ de formare a dependen\u021bei, lua\u021bi-l conform dozei \u0219i duratei recomandate de medicul dumneavoastr\u0103.<\/p>\n<h3>Lua\u021bi \u00een considerare posibilitatea unei supradoze SAU a OMIT\u0102RII DE A LUA LORAZEPAM.<\/h3>\n<p>Cump\u0103ra\u021bi Lorazepam (Ativan) online. \u00cen cazul \u00een care cineva omite dozele de Lorazepam, poate lua comprimatul \u00een acela\u0219i timp, dar nu ar trebui s\u0103 ia doza dubl\u0103. Cump\u0103ra\u021bi Lorazepam (Ativan) online, dac\u0103 exist\u0103 termenul pentru urm\u0103toarea doz\u0103. Lorazepam poate fi administrat gre\u0219it \u0219i, prin urmare, exist\u0103 un risc mare de supradozaj. De aceea, trebuie solicitat imediat ajutor de urgen\u021b\u0103.<\/p>\n<p><strong>BENEFICIILE ATIVAN TABLETE \u00ceN TRATAMENTUL PE TERMEN SCURT<\/strong><\/p>\n<p>Sentimentele de \u00eengrijorare \u0219i anxietate excesiv\u0103 care pot ap\u0103rea \u00een timpul situa\u021biilor stresante, cum ar fi un interviu de angajare sau un test, sunt diminuate prin administrarea celui mai bun comprimat de Lorazepam. \u00cen plus, acesta poate reduce agita\u021bia, oboseala, dificult\u0103\u021bile de concentrare \u0219i nelini\u0219tea. Drept urmare, ve\u021bi putea s\u0103 v\u0103 ocupa\u021bi de activit\u0103\u021bile zilnice mai u\u0219or \u0219i mai productiv. Chiar dac\u0103 v\u0103 sim\u021bi\u021bi bine, continua\u021bi s\u0103 lua\u021bi acest medicament. \u00centreruperile bru\u0219te pot duce la probleme majore.<\/p>\n<p>Prin cre\u0219terea cantit\u0103\u021bii de substan\u021b\u0103 chimic\u0103 GABA din creier, comprimatul Lorazepam reduce simptomele unei variet\u0103\u021bi de tulbur\u0103ri de anxietate, cum ar fi tulburarea de anxietate generalizat\u0103 \u0219i tulburarea obsesiv-compulsiv\u0103. Acest lucru opre\u0219te simptomele anormale de anxietate, cum ar fi oboseala, iritabilitatea, nelini\u0219tea, dificult\u0103\u021bile de concentrare \u0219i problemele de somn. V\u0103 calmeaz\u0103 \u0219i v\u0103 \u00eembun\u0103t\u0103\u021be\u0219te abilit\u0103\u021bile de rezolvare a problemelor. O diet\u0103 echilibrat\u0103 \u0219i exerci\u021biile fizice v\u0103 pot ajuta s\u0103 v\u0103 ridica\u021bi moralul. Continua\u021bi s\u0103 lua\u021bi medicamentul p\u00e2n\u0103 c\u00e2nd medicul v\u0103 d\u0103 und\u0103 verde.<\/p>\n<p><strong>EFECTE ADVERSE ALE COMPRIMATELOR \u00ceN TIMPUL UTILIZ\u0102RII<\/strong><\/p>\n<p>Majoritatea efectelor adverse dispar atunci c\u00e2nd organismul se obi\u0219nuie\u0219te cu medicamentul \u0219i nu mai necesit\u0103 tratament medical. Consulta\u021bi medicul dac\u0103 acestea persist\u0103 sau dac\u0103 ave\u021bi nel\u0103muriri \u00een leg\u0103tur\u0103 cu acestea.<\/p>\n<p><strong>Reac\u021bii adverse frecvente ale Lorazepamului<\/strong><\/p>\n<p>Ame\u021beli\/Sedare<\/p>\n<p>Durere\/Obosit<\/p>\n<p>mu\u0219chi sl\u0103bi\u021bi\/Senza\u021bie de somnolen\u021b\u0103<\/p>\n<p>Lorazepam, cunoscut \u00een mod obi\u0219nuit sub numele de Ativan, este un medicament eficient pentru gestionarea anxiet\u0103\u021bii \u0219i a altor afec\u021biuni conexe. Cei care au nevoie de acest medicament pot achizi\u021biona Lorazepam online de la cea mai bun\u0103 farmacie, Buy-prescriptionz.com. Aceast\u0103 platform\u0103 fiabil\u0103 v\u0103 asigur\u0103 c\u0103 ob\u021bine\u021bi medicamentul de care ave\u021bi nevoie rapid \u0219i \u00een siguran\u021b\u0103.<\/p>","protected":false},"excerpt":{"rendered":"<p>Buy Lorazepam (Ativan) Online Lorazepam is from the class of meds which is called as benzodiazepines. Lorazepam can be utilized for transient alleviation, which is for the indications of a great deal of tension. It hinders the correspondence between the nerves of the cerebrum. A few people have encountered accommodating measure of progress in the [&hellip;]<\/p>","protected":false},"featured_media":3097,"comment_status":"open","ping_status":"closed","template":"","meta":{"site-sidebar-layout":"default","site-content-layout":"","ast-site-content-layout":"default","site-content-style":"default","site-sidebar-style":"default","ast-global-header-display":"","ast-banner-title-visibility":"","ast-main-header-display":"","ast-hfb-above-header-display":"","ast-hfb-below-header-display":"","ast-hfb-mobile-header-display":"","site-post-title":"","ast-breadcrumbs-content":"","ast-featured-img":"","footer-sml-layout":"","theme-transparent-header-meta":"default","adv-header-id-meta":"","stick-header-meta":"","header-above-stick-meta":"","header-main-stick-meta":"","header-below-stick-meta":"","astra-migrate-meta-layouts":"set","ast-page-background-enabled":"default","ast-page-background-meta":{"desktop":{"background-color":"var(--ast-global-color-4)","background-image":"","background-repeat":"repeat","background-position":"center center","background-size":"auto","background-attachment":"scroll","background-type":"","background-media":"","overlay-type":"","overlay-color":"","overlay-opacity":"","overlay-gradient":""},"tablet":{"background-color":"","background-image":"","background-repeat":"repeat","background-position":"center center","background-size":"auto","background-attachment":"scroll","background-type":"","background-media":"","overlay-type":"","overlay-color":"","overlay-opacity":"","overlay-gradient":""},"mobile":{"background-color":"","background-image":"","background-repeat":"repeat","background-position":"center center","background-size":"auto","background-attachment":"scroll","background-type":"","background-media":"","overlay-type":"","overlay-color":"","overlay-opacity":"","overlay-gradient":""}},"ast-content-background-meta":{"desktop":{"background-color":"var(--ast-global-color-5)","background-image":"","background-repeat":"repeat","background-position":"center center","background-size":"auto","background-attachment":"scroll","background-type":"","background-media":"","overlay-type":"","overlay-color":"","overlay-opacity":"","overlay-gradient":""},"tablet":{"background-color":"var(--ast-global-color-5)","background-image":"","background-repeat":"repeat","background-position":"center center","background-size":"auto","background-attachment":"scroll","background-type":"","background-media":"","overlay-type":"","overlay-color":"","overlay-opacity":"","overlay-gradient":""},"mobile":{"background-color":"var(--ast-global-color-5)","background-image":"","background-repeat":"repeat","background-position":"center center","background-size":"auto","background-attachment":"scroll","background-type":"","background-media":"","overlay-type":"","overlay-color":"","overlay-opacity":"","overlay-gradient":""}}},"product_brand":[],"product_cat":[2385],"product_tag":[1182,1183,1181,1176,1179,1178,1177,1180,1175,1174,1185,1184],"class_list":{"0":"post-3067","1":"product","2":"type-product","3":"status-publish","4":"has-post-thumbnail","6":"product_cat-buy-pain-killer-pills-online","7":"product_tag-buy-lorazepam-ativan-in-canada","8":"product_tag-buy-lorazepam-ativan-in-uk","9":"product_tag-buy-lorazepam-ativan-in-usa","10":"product_tag-buy-lorazepam-ativan-with-bitcoin","11":"product_tag-buy-lorazepam-ativan-with-credit-card","12":"product_tag-buy-lorazepam-ativan-with-money-gram","13":"product_tag-buy-lorazepam-ativan-with-western-union","14":"product_tag-buy-lorazepam-ativan-without-a-doctor","15":"product_tag-buy-lorazepam-ativan-without-prescription","16":"product_tag-lorazepam-ativan-for-sale","17":"product_tag-lorazepam-ativan-pills","18":"product_tag-lorazepam-ativan-tablets","19":"desktop-align-center","20":"tablet-align-left","21":"mobile-align-left","23":"first","24":"instock","25":"shipping-taxable","26":"purchasable","27":"product-type-variable","28":"has-default-attributes"},"yoast_head":"<!-- This site is optimized with the Yoast SEO plugin v25.9 - https:\/\/yoast.com\/wordpress\/plugins\/seo\/ -->\n<title>Buy Lorazepam (Ativan) Online - Buy Prescriptionz<\/title>\n<meta name=\"description\" content=\"Buy Lorazepam (Ativan) OnlineBuy Lorazepam (Ativan) Online at best price without doctor&#039;s prescription. Buy Lorazepam (Ativan) Online lorazepam-ativan\" \/>\n<meta name=\"robots\" content=\"index, follow, max-snippet:-1, max-image-preview:large, max-video-preview:-1\" \/>\n<link rel=\"canonical\" href=\"https:\/\/buy-prescriptionz.com\/ro\/produs\/cumparati-lorazepam-ativan-online\/\" \/>\n<meta property=\"og:locale\" content=\"ro_RO\" \/>\n<meta property=\"og:type\" content=\"article\" \/>\n<meta property=\"og:title\" content=\"Buy Lorazepam (Ativan) Online - Buy Prescriptionz\" \/>\n<meta property=\"og:description\" content=\"Buy Lorazepam (Ativan) OnlineBuy Lorazepam (Ativan) Online at best price without doctor&#039;s prescription. Buy Lorazepam (Ativan) Online lorazepam-ativan\" \/>\n<meta property=\"og:url\" content=\"https:\/\/buy-prescriptionz.com\/ro\/produs\/cumparati-lorazepam-ativan-online\/\" \/>\n<meta property=\"og:site_name\" content=\"Buy Prescriptionz\" \/>\n<meta property=\"article:modified_time\" content=\"2025-09-29T10:42:33+00:00\" \/>\n<meta property=\"og:image\" content=\"https:\/\/buy-prescriptionz.com\/wp-content\/uploads\/2025\/09\/lorazepam-ativan.jpg\" \/>\n\t<meta property=\"og:image:width\" content=\"400\" \/>\n\t<meta property=\"og:image:height\" content=\"300\" \/>\n\t<meta property=\"og:image:type\" content=\"image\/jpeg\" \/>\n<meta name=\"twitter:card\" content=\"summary_large_image\" \/>\n<meta name=\"twitter:label1\" content=\"Timp estimat pentru citire\" \/>\n\t<meta name=\"twitter:data1\" content=\"3 minute\" \/>\n<script type=\"application\/ld+json\" class=\"yoast-schema-graph\">{\"@context\":\"https:\/\/schema.org\",\"@graph\":[{\"@type\":\"WebPage\",\"@id\":\"https:\/\/buy-prescriptionz.com\/product\/buy-lorazepam-ativan-online\/\",\"url\":\"https:\/\/buy-prescriptionz.com\/product\/buy-lorazepam-ativan-online\/\",\"name\":\"Buy Lorazepam (Ativan) Online - Buy Prescriptionz\",\"isPartOf\":{\"@id\":\"https:\/\/buy-prescriptionz.com\/#website\"},\"primaryImageOfPage\":{\"@id\":\"https:\/\/buy-prescriptionz.com\/product\/buy-lorazepam-ativan-online\/#primaryimage\"},\"image\":{\"@id\":\"https:\/\/buy-prescriptionz.com\/product\/buy-lorazepam-ativan-online\/#primaryimage\"},\"thumbnailUrl\":\"https:\/\/buy-prescriptionz.com\/wp-content\/uploads\/2025\/09\/lorazepam-ativan.jpg\",\"datePublished\":\"2025-09-16T08:56:11+00:00\",\"dateModified\":\"2025-09-29T10:42:33+00:00\",\"description\":\"Buy Lorazepam (Ativan) OnlineBuy Lorazepam (Ativan) Online at best price without doctor's prescription. Buy Lorazepam (Ativan) Online lorazepam-ativan\",\"breadcrumb\":{\"@id\":\"https:\/\/buy-prescriptionz.com\/product\/buy-lorazepam-ativan-online\/#breadcrumb\"},\"inLanguage\":\"ro-RO\",\"potentialAction\":[{\"@type\":\"ReadAction\",\"target\":[\"https:\/\/buy-prescriptionz.com\/product\/buy-lorazepam-ativan-online\/\"]}]},{\"@type\":\"ImageObject\",\"inLanguage\":\"ro-RO\",\"@id\":\"https:\/\/buy-prescriptionz.com\/product\/buy-lorazepam-ativan-online\/#primaryimage\",\"url\":\"https:\/\/buy-prescriptionz.com\/wp-content\/uploads\/2025\/09\/lorazepam-ativan.jpg\",\"contentUrl\":\"https:\/\/buy-prescriptionz.com\/wp-content\/uploads\/2025\/09\/lorazepam-ativan.jpg\",\"width\":400,\"height\":300},{\"@type\":\"BreadcrumbList\",\"@id\":\"https:\/\/buy-prescriptionz.com\/product\/buy-lorazepam-ativan-online\/#breadcrumb\",\"itemListElement\":[{\"@type\":\"ListItem\",\"position\":1,\"name\":\"Home\",\"item\":\"https:\/\/buy-prescriptionz.com\/\"},{\"@type\":\"ListItem\",\"position\":2,\"name\":\"Shop Painkillers Online\",\"item\":\"https:\/\/buy-prescriptionz.com\/shop-painkillers-online\/\"},{\"@type\":\"ListItem\",\"position\":3,\"name\":\"Buy Lorazepam (Ativan) Online\"}]},{\"@type\":\"WebSite\",\"@id\":\"https:\/\/buy-prescriptionz.com\/#website\",\"url\":\"https:\/\/buy-prescriptionz.com\/\",\"name\":\"Buy Prescriptionz\",\"description\":\"Drugs Online\",\"publisher\":{\"@id\":\"https:\/\/buy-prescriptionz.com\/#organization\"},\"potentialAction\":[{\"@type\":\"SearchAction\",\"target\":{\"@type\":\"EntryPoint\",\"urlTemplate\":\"https:\/\/buy-prescriptionz.com\/?s={search_term_string}\"},\"query-input\":{\"@type\":\"PropertyValueSpecification\",\"valueRequired\":true,\"valueName\":\"search_term_string\"}}],\"inLanguage\":\"ro-RO\"},{\"@type\":\"Organization\",\"@id\":\"https:\/\/buy-prescriptionz.com\/#organization\",\"name\":\"Buy Prescriptionz\",\"url\":\"https:\/\/buy-prescriptionz.com\/\",\"logo\":{\"@type\":\"ImageObject\",\"inLanguage\":\"ro-RO\",\"@id\":\"https:\/\/buy-prescriptionz.com\/#\/schema\/logo\/image\/\",\"url\":\"https:\/\/buy-prescriptionz.com\/wp-content\/uploads\/2023\/09\/logo.png\",\"contentUrl\":\"https:\/\/buy-prescriptionz.com\/wp-content\/uploads\/2023\/09\/logo.png\",\"width\":350,\"height\":64,\"caption\":\"Buy Prescriptionz\"},\"image\":{\"@id\":\"https:\/\/buy-prescriptionz.com\/#\/schema\/logo\/image\/\"}}]}<\/script>\n<!-- \/ Yoast SEO plugin. -->","yoast_head_json":{"title":"Cump\u0103ra\u021bi Lorazepam (Ativan) Online - Cump\u0103ra\u021bi Re\u021bete","description":"Buy Lorazepam (Ativan) OnlineBuy Lorazepam (Ativan) Online at best price without doctor's prescription. Buy Lorazepam (Ativan) Online lorazepam-ativan","robots":{"index":"index","follow":"follow","max-snippet":"max-snippet:-1","max-image-preview":"max-image-preview:large","max-video-preview":"max-video-preview:-1"},"canonical":"https:\/\/buy-prescriptionz.com\/ro\/produs\/cumparati-lorazepam-ativan-online\/","og_locale":"ro_RO","og_type":"article","og_title":"Buy Lorazepam (Ativan) Online - Buy Prescriptionz","og_description":"Buy Lorazepam (Ativan) OnlineBuy Lorazepam (Ativan) Online at best price without doctor's prescription. Buy Lorazepam (Ativan) Online lorazepam-ativan","og_url":"https:\/\/buy-prescriptionz.com\/ro\/produs\/cumparati-lorazepam-ativan-online\/","og_site_name":"Buy Prescriptionz","article_modified_time":"2025-09-29T10:42:33+00:00","og_image":[{"width":400,"height":300,"url":"https:\/\/buy-prescriptionz.com\/wp-content\/uploads\/2025\/09\/lorazepam-ativan.jpg","type":"image\/jpeg"}],"twitter_card":"summary_large_image","twitter_misc":{"Timp estimat pentru citire":"3 minute"},"schema":{"@context":"https:\/\/schema.org","@graph":[{"@type":"WebPage","@id":"https:\/\/buy-prescriptionz.com\/product\/buy-lorazepam-ativan-online\/","url":"https:\/\/buy-prescriptionz.com\/product\/buy-lorazepam-ativan-online\/","name":"Cump\u0103ra\u021bi Lorazepam (Ativan) Online - Cump\u0103ra\u021bi Re\u021bete","isPartOf":{"@id":"https:\/\/buy-prescriptionz.com\/#website"},"primaryImageOfPage":{"@id":"https:\/\/buy-prescriptionz.com\/product\/buy-lorazepam-ativan-online\/#primaryimage"},"image":{"@id":"https:\/\/buy-prescriptionz.com\/product\/buy-lorazepam-ativan-online\/#primaryimage"},"thumbnailUrl":"https:\/\/buy-prescriptionz.com\/wp-content\/uploads\/2025\/09\/lorazepam-ativan.jpg","datePublished":"2025-09-16T08:56:11+00:00","dateModified":"2025-09-29T10:42:33+00:00","description":"Buy Lorazepam (Ativan) OnlineBuy Lorazepam (Ativan) Online at best price without doctor's prescription. Buy Lorazepam (Ativan) Online lorazepam-ativan","breadcrumb":{"@id":"https:\/\/buy-prescriptionz.com\/product\/buy-lorazepam-ativan-online\/#breadcrumb"},"inLanguage":"ro-RO","potentialAction":[{"@type":"ReadAction","target":["https:\/\/buy-prescriptionz.com\/product\/buy-lorazepam-ativan-online\/"]}]},{"@type":"ImageObject","inLanguage":"ro-RO","@id":"https:\/\/buy-prescriptionz.com\/product\/buy-lorazepam-ativan-online\/#primaryimage","url":"https:\/\/buy-prescriptionz.com\/wp-content\/uploads\/2025\/09\/lorazepam-ativan.jpg","contentUrl":"https:\/\/buy-prescriptionz.com\/wp-content\/uploads\/2025\/09\/lorazepam-ativan.jpg","width":400,"height":300},{"@type":"BreadcrumbList","@id":"https:\/\/buy-prescriptionz.com\/product\/buy-lorazepam-ativan-online\/#breadcrumb","itemListElement":[{"@type":"ListItem","position":1,"name":"Home","item":"https:\/\/buy-prescriptionz.com\/"},{"@type":"ListItem","position":2,"name":"Shop Painkillers Online","item":"https:\/\/buy-prescriptionz.com\/shop-painkillers-online\/"},{"@type":"ListItem","position":3,"name":"Buy Lorazepam (Ativan) Online"}]},{"@type":"WebSite","@id":"https:\/\/buy-prescriptionz.com\/#website","url":"https:\/\/buy-prescriptionz.com\/","name":"Buy Prescriptionz","description":"Medicamente online","publisher":{"@id":"https:\/\/buy-prescriptionz.com\/#organization"},"potentialAction":[{"@type":"SearchAction","target":{"@type":"EntryPoint","urlTemplate":"https:\/\/buy-prescriptionz.com\/?s={search_term_string}"},"query-input":{"@type":"PropertyValueSpecification","valueRequired":true,"valueName":"search_term_string"}}],"inLanguage":"ro-RO"},{"@type":"Organization","@id":"https:\/\/buy-prescriptionz.com\/#organization","name":"Buy Prescriptionz","url":"https:\/\/buy-prescriptionz.com\/","logo":{"@type":"ImageObject","inLanguage":"ro-RO","@id":"https:\/\/buy-prescriptionz.com\/#\/schema\/logo\/image\/","url":"https:\/\/buy-prescriptionz.com\/wp-content\/uploads\/2023\/09\/logo.png","contentUrl":"https:\/\/buy-prescriptionz.com\/wp-content\/uploads\/2023\/09\/logo.png","width":350,"height":64,"caption":"Buy Prescriptionz"},"image":{"@id":"https:\/\/buy-prescriptionz.com\/#\/schema\/logo\/image\/"}}]}},"_links":{"self":[{"href":"https:\/\/buy-prescriptionz.com\/ro\/wp-json\/wp\/v2\/product\/3067","targetHints":{"allow":["GET"]}}],"collection":[{"href":"https:\/\/buy-prescriptionz.com\/ro\/wp-json\/wp\/v2\/product"}],"about":[{"href":"https:\/\/buy-prescriptionz.com\/ro\/wp-json\/wp\/v2\/types\/product"}],"replies":[{"embeddable":true,"href":"https:\/\/buy-prescriptionz.com\/ro\/wp-json\/wp\/v2\/comments?post=3067"}],"wp:featuredmedia":[{"embeddable":true,"href":"https:\/\/buy-prescriptionz.com\/ro\/wp-json\/wp\/v2\/media\/3097"}],"wp:attachment":[{"href":"https:\/\/buy-prescriptionz.com\/ro\/wp-json\/wp\/v2\/media?parent=3067"}],"wp:term":[{"taxonomy":"product_brand","embeddable":true,"href":"https:\/\/buy-prescriptionz.com\/ro\/wp-json\/wp\/v2\/product_brand?post=3067"},{"taxonomy":"product_cat","embeddable":true,"href":"https:\/\/buy-prescriptionz.com\/ro\/wp-json\/wp\/v2\/product_cat?post=3067"},{"taxonomy":"product_tag","embeddable":true,"href":"https:\/\/buy-prescriptionz.com\/ro\/wp-json\/wp\/v2\/product_tag?post=3067"}],"curies":[{"name":"wp","href":"https:\/\/api.w.org\/{rel}","templated":true}]}}