{"id":3068,"date":"2025-09-16T08:56:11","date_gmt":"2025-09-16T08:56:11","guid":{"rendered":"https:\/\/chemsfine.com\/newsite\/?post_type=product&#038;p=3068"},"modified":"2025-09-22T05:24:47","modified_gmt":"2025-09-22T05:24:47","slug":"cumparati-ketaset-online","status":"publish","type":"product","link":"https:\/\/buy-prescriptionz.com\/ro\/produs\/cumparati-ketaset-online\/","title":{"rendered":"Cump\u0103ra\u021bi Ketaset online"},"content":{"rendered":"<h2>Cump\u0103ra\u021bi Ketaset online<\/h2>\n<p>Cump\u0103ra\u021bi Ketaset Online-despre Ketaset Cump\u0103ra\u021bi Ketaset Online ,Ketaset este un medicament extraordinar pentru inducerea anesteziei. Acest articol este utilizat chiar \u00eenainte de orice metodologie terapeutic\u0103 sau procedur\u0103 medical\u0103. De asemenea, ar putea exista \u0219i alte utiliz\u0103ri ale acestui articol care nu sunt discutate aici. Cum s\u0103 utiliza\u021bi Ketaset? Ketaset este un element injectabil, a\u0219a c\u0103 aduce\u021bi acest lucru \u00een ...<\/p>\n<h3>Cum s\u0103 utiliza\u021bi Ketaset?<\/h3>\n<p>Ketaset este un element injectabil, astfel \u00eenc\u00e2t s\u0103 aduc\u0103 acest lucru \u00een mu\u0219chi printr-o injec\u021bie. Acesta este utilizat \u00een mod normal de c\u0103tre speciali\u0219ti \u00een a face pacien\u021bii letargici pentru a nu-i face s\u0103 simt\u0103 durere \u00een timpul unei proceduri medicale.<\/p>\n<p>Cump\u0103ra\u021bi Ketaset la cele mai bune pre\u021buri accesibile de la farmacia noastr\u0103 online ast\u0103zi. Comanda dvs. va ajunge la dvs. \u00eentr-un interval scurt de timp. Oferi\u021bi cerin\u021bele dvs. acum!<\/p>\n<h3>Cump\u0103ra\u021bi Ketaset online<\/h3>\n<p>Ketaset este o substan\u021b\u0103 controlat\u0103 \u00een \u00eentreaga lume din cauza c\u0103reia nu este posibil s\u0103 o achizi\u021biona\u021bi \u00een mod deschis f\u0103r\u0103 o re\u021bet\u0103 adecvat\u0103 de la un medic, prin urmare, este cel mai bine s\u0103 cump\u0103ra\u021bi ketaset online prin magazinele online standard \u00een loc s\u0103 o cump\u0103ra\u021bi de pe str\u0103zi, deoarece este mai sigur \u0219i toate comenzile plasate sunt discrete \u0219i protejate prin m\u0103suri puternice de confiden\u021bialitate.<br \/>\nPute\u021bi utiliza op\u021biunea de a cump\u0103ra din magazinele noastre online, deoarece comenzile Ketaset sunt gestionate discret de c\u0103tre magazinul nostru \u0219i secretul acestor comenzi nu este niciodat\u0103 compromis \u00een nici un caz.<\/p>\n<h3>Ce este Ketaset?<\/h3>\n<p>Ketaset este unul dintre numeroasele nume de marc\u0103 pentru ketamin\u0103, care este un medicament pentru anestezie \u0219i este clasificat \u00een diferite categorii, cum ar fi antagoni\u0219ti ai receptorilor NDMA, antidepresiv, anestezic \u0219i halucinogen. Listarea \u00een categorii largi a Ketaset arat\u0103 c\u0103 este utilizat pe scar\u0103 larg\u0103 \u00een diverse scopuri, de\u0219i este utilizat \u00een principal pentru inducerea anesteziei.<br \/>\nChimia de Ketaset<br \/>\nDenumirea IUPAC a medicamentului este \"(RS)-2-(2-Clorofenil)-2-(metil amino) ciclohexanon\u0103\", \u00een timp ce num\u0103rul CAS al medicamentului este 6740-88-1. Formula molecular\u0103 a medicamentului este C13H16ClNO, \u00een timp ce greutatea molecular\u0103 a cetasetului este de 237,725 g\/mol.<br \/>\nResponsabilitatea de dependen\u021b\u0103 a medicamentului este moderat\u0103.<\/p>\n<h3>Utiliz\u0103ri de Ketaset<\/h3>\n<p>Utiliz\u0103rile ketasetului sunt largi, deoarece este folosit at\u00e2t pentru tratamentul oamenilor, c\u00e2t \u0219i al animalelor. La oameni, Ketaset este utilizat \u00een diverse scopuri, cum ar fi pentru inducerea anesteziei, ca antidepresiv \u0219i ca analgezic. La administrare, ketaset provoac\u0103 sedare \u0219i anestezia este indus\u0103 la pacien\u021bi pe dac\u0103 s-a administrat o cantitate substan\u021bial\u0103 de medicament.<br \/>\nKetaset are propriet\u0103\u021bi antidepresive \u0219i este utilizat pentru a provoca efecte de anxietate \u0219i relaxare muscular\u0103 la pacien\u021bii afla\u021bi \u00een unit\u0103\u021bile de terapie intensiv\u0103. Efectul medicamentului este de a\u0219a natur\u0103 \u00eenc\u00e2t, nu afecteaz\u0103 func\u021biile cerebrale \u0219i cardiace la administrare.<br \/>\nAcest medicament este, de asemenea, cunoscut pentru a fi utilizat pentru reducerea stresului \u0219i relocarea memoriei. Ketaset este, de asemenea, cunoscut pentru a fi folosit de oameni \u00een scopuri recrea\u021bionale, deoarece poate produce efecte precum umflarea ego-ului, suprimarea emo\u021bional\u0103 \u0219i sentimentul de sobrietate.<br \/>\nFace\u021bi clic aici pentru a cump\u0103ra ketamin\u0103 online<\/p>\n<h3>Efectele lui Ketaset<\/h3>\n<p>Efectele ketasetului variaz\u0103 de la cele fizice, psihologice \u0219i subiective. Ketaset provoac\u0103 agita\u021bie \u0219i halucina\u021bii atunci c\u00e2nd medicamentul dispare. Tensiunea arterial\u0103 ridicat\u0103 a fost, de asemenea, asociat\u0103 cu utilizarea de ketaset.<br \/>\nUnele dintre celelalte efecte cauzate de ketaset sunt de natur\u0103 cardiovascular\u0103, gastrointestinal\u0103 \u0219i respiratorie. Efectele cardiovasculare includ modific\u0103ri ale sistemului nervos. Efectele gastrointestinale includ v\u0103rs\u0103turi \u0219i grea\u021b\u0103, iar aceste efecte sunt observate de obicei la aproximativ 25% dintre pacien\u021bii c\u0103rora li s-a administrat ketaset \u00een scop anestezic. Efectele respiratorii includ bronhodilatatorul \u00een care calea respiratorie \u00ee\u0219i pierde frecarea \u0219i rezisten\u021ba la fluxul de aer prin calea aerului este diminuat\u0103. Acest lucru are ca rezultat cre\u0219terea fluxului de aer c\u0103tre pl\u0103m\u00e2ni, care poate fi d\u0103un\u0103tor \u00een cauze severe.<br \/>\nUtilizarea medicamentului \u00een scopuri recreative a fost, de asemenea, descurajat\u0103, deoarece \u00een \u00eentreaga lume au fost \u00eenregistrate decese ale persoanelor care au folosit ketaset f\u0103r\u0103 un sfat adecvat.<\/p>\n<h3>Ketaset Injec\u021bie<\/h3>\n<p>Ketamina sau injec\u021bia de ketaset poate fi utilizat\u0103 pentru a induce anestezia la pacien\u021bi. Avantajul injec\u021biei cu ketaset este c\u0103 are o marj\u0103 de siguran\u021b\u0103 mai mare \u0219i un efect rapid.<br \/>\nFace\u021bi clic aici pentru a cump\u0103ra Focalin XR<\/p>\n<h3><strong>KETASET brief<\/strong><\/h3>\n<p>\u00cen cazul pisicilor, KETASET poate fi utilizat pentru a le men\u021bine nemi\u0219cate sau ca unic anestezic pentru interven\u021bii chirurgicale scurte, exploratorii sau de mic\u0103 amploare, care nu necesit\u0103 relaxarea mu\u0219chilor. La maimu\u021bele subumane, poate fi utilizat pentru a le men\u021bine la p\u0103m\u00e2nt.<\/p>\n<h3>Ketaset de v\u00e2nzare<\/h3>\n<p>Magazinul nostru online este una dintre principalele surse de droguri de ketamin\u0103 \u0219i le trimitem \u00een \u00eentreaga lume prin serviciul nostru standard de transport maritim. Toate formele de ketamin\u0103 pur\u0103, cum ar fi Ketaset, ketalar, pulbere etc. sunt disponibile \u00een magazinul nostru online.<\/p>\n<h3><strong>Dozaj \u0219i administrare<\/strong><\/h3>\n<p>C\u00e2nd este injectat \u00een mu\u0219chi, KETASET este bine acceptat de pisici \u0219i animale non-umane. \u00cenainte de a \u00eencepe sedarea sau restric\u021bionarea cu KETASET, nu trebuie s\u0103 posti\u021bi. Cu toate acestea, dac\u0103 v\u0103 preg\u0103ti\u021bi pentru o interven\u021bie chirurgical\u0103 op\u021bional\u0103, trebuie s\u0103 evita\u021bi s\u0103 m\u00e2nca\u021bi timp de cel pu\u021bin \u0219ase ore \u00eenainte de a administra KETASET.<\/p>\n<p>Anestezia poate s\u0103 nu dureze la fel de mult la pisicile care nu sunt \u00eenc\u0103 complet dezvoltate. Pentru nou-n\u0103scu\u021bii de maimu\u021be subumane (cu v\u00e2rsta mai mic\u0103 de 24 de ore), este dificil s\u0103 fie men\u021binut\u0103. Ca \u0219i \u00een cazul altor anestezice, KETASET are un efect oarecum variabil asupra fiec\u0103rei persoane, \u00een func\u021bie de cantitate, starea general\u0103 de s\u0103n\u0103tate \u0219i v\u00e2rsta acesteia. Din acest motiv, nu este posibil s\u0103 se ofere sfaturi exacte privind dozajul.<\/p>\n<p><strong>Detalii despre dozaj<\/strong><\/p>\n<p>Pentru pisici, se recomand\u0103 o cantitate de 11 mg\/kg (5 mg\/lb) pentru a le imobiliza.<\/p>\n<p>\u00centre 22 \u0219i 33 mg\/kg (10 p\u00e2n\u0103 la 15 mg\/lb) este o doz\u0103 bun\u0103 pentru anestezie, care func\u021bioneaz\u0103 bine pentru interven\u021bii chirurgicale mici sau de diagnostic care nu necesit\u0103 relaxarea mu\u0219chilor.<\/p>","protected":false},"excerpt":{"rendered":"<p>Buy Ketaset Online Buy Ketaset Online ,Ketaset is an extraordinary medicine for inducing anaesthesia. This item is utilized just before any therapeutic methodology or medical procedure. There might likewise be different employments of this item that are not talked here. How To Use Ketaset? Ketaset is an injectable item, so bring this into your muscles [&hellip;]<\/p>","protected":false},"featured_media":3098,"comment_status":"open","ping_status":"closed","template":"","meta":{"site-sidebar-layout":"default","site-content-layout":"","ast-site-content-layout":"default","site-content-style":"default","site-sidebar-style":"default","ast-global-header-display":"","ast-banner-title-visibility":"","ast-main-header-display":"","ast-hfb-above-header-display":"","ast-hfb-below-header-display":"","ast-hfb-mobile-header-display":"","site-post-title":"","ast-breadcrumbs-content":"","ast-featured-img":"","footer-sml-layout":"","theme-transparent-header-meta":"default","adv-header-id-meta":"","stick-header-meta":"","header-above-stick-meta":"","header-main-stick-meta":"","header-below-stick-meta":"","astra-migrate-meta-layouts":"set","ast-page-background-enabled":"default","ast-page-background-meta":{"desktop":{"background-color":"var(--ast-global-color-4)","background-image":"","background-repeat":"repeat","background-position":"center center","background-size":"auto","background-attachment":"scroll","background-type":"","background-media":"","overlay-type":"","overlay-color":"","overlay-opacity":"","overlay-gradient":""},"tablet":{"background-color":"","background-image":"","background-repeat":"repeat","background-position":"center center","background-size":"auto","background-attachment":"scroll","background-type":"","background-media":"","overlay-type":"","overlay-color":"","overlay-opacity":"","overlay-gradient":""},"mobile":{"background-color":"","background-image":"","background-repeat":"repeat","background-position":"center center","background-size":"auto","background-attachment":"scroll","background-type":"","background-media":"","overlay-type":"","overlay-color":"","overlay-opacity":"","overlay-gradient":""}},"ast-content-background-meta":{"desktop":{"background-color":"var(--ast-global-color-5)","background-image":"","background-repeat":"repeat","background-position":"center center","background-size":"auto","background-attachment":"scroll","background-type":"","background-media":"","overlay-type":"","overlay-color":"","overlay-opacity":"","overlay-gradient":""},"tablet":{"background-color":"var(--ast-global-color-5)","background-image":"","background-repeat":"repeat","background-position":"center center","background-size":"auto","background-attachment":"scroll","background-type":"","background-media":"","overlay-type":"","overlay-color":"","overlay-opacity":"","overlay-gradient":""},"mobile":{"background-color":"var(--ast-global-color-5)","background-image":"","background-repeat":"repeat","background-position":"center center","background-size":"auto","background-attachment":"scroll","background-type":"","background-media":"","overlay-type":"","overlay-color":"","overlay-opacity":"","overlay-gradient":""}}},"product_brand":[],"product_cat":[2385],"product_tag":[1075,1076,1074,1069,1072,1071,1070,1073,1068,1067,1078,1077],"class_list":{"0":"post-3068","1":"product","2":"type-product","3":"status-publish","4":"has-post-thumbnail","6":"product_cat-buy-pain-killer-pills-online","7":"product_tag-buy-ketaset-in-canada","8":"product_tag-buy-ketaset-in-uk","9":"product_tag-buy-ketaset-in-usa","10":"product_tag-buy-ketaset-with-bitcoin","11":"product_tag-buy-ketaset-with-credit-card","12":"product_tag-buy-ketaset-with-money-gram","13":"product_tag-buy-ketaset-with-western-union","14":"product_tag-buy-ketaset-without-a-doctor","15":"product_tag-buy-ketaset-without-prescription","16":"product_tag-ketaset-for-sale","17":"product_tag-ketaset-pills","18":"product_tag-ketaset-tablets","19":"desktop-align-center","20":"tablet-align-left","21":"mobile-align-left","23":"first","24":"instock","25":"featured","26":"shipping-taxable","27":"purchasable","28":"product-type-variable","29":"has-default-attributes"},"yoast_head":"<!-- This site is optimized with the Yoast SEO plugin v25.9 - https:\/\/yoast.com\/wordpress\/plugins\/seo\/ -->\n<title>Buy Ketaset Online - Ketaset for Sale | Buy-Prescriptionz<\/title>\n<meta name=\"description\" content=\"Looking to buy Ketaset online at a reasonable price? Visit our reputable online chemical store and get Ketaset for sale today. Place an order now and get the best rate in our store.\" \/>\n<meta name=\"robots\" content=\"index, follow, max-snippet:-1, max-image-preview:large, max-video-preview:-1\" \/>\n<link rel=\"canonical\" href=\"https:\/\/buy-prescriptionz.com\/ro\/produs\/cumparati-ketaset-online\/\" \/>\n<meta property=\"og:locale\" content=\"ro_RO\" \/>\n<meta property=\"og:type\" content=\"article\" \/>\n<meta property=\"og:title\" content=\"Buy Ketaset Online - Ketaset for Sale | Buy-Prescriptionz\" \/>\n<meta property=\"og:description\" content=\"Looking to buy Ketaset online at a reasonable price? Visit our reputable online chemical store and get Ketaset for sale today. Place an order now and get the best rate in our store.\" \/>\n<meta property=\"og:url\" content=\"https:\/\/buy-prescriptionz.com\/ro\/produs\/cumparati-ketaset-online\/\" \/>\n<meta property=\"og:site_name\" content=\"Buy Prescriptionz\" \/>\n<meta property=\"article:modified_time\" content=\"2025-09-22T05:24:47+00:00\" \/>\n<meta property=\"og:image\" content=\"https:\/\/buy-prescriptionz.com\/wp-content\/uploads\/2025\/09\/ketaset.jpeg\" \/>\n\t<meta property=\"og:image:width\" content=\"400\" \/>\n\t<meta property=\"og:image:height\" content=\"300\" \/>\n\t<meta property=\"og:image:type\" content=\"image\/jpeg\" \/>\n<meta name=\"twitter:card\" content=\"summary_large_image\" \/>\n<meta name=\"twitter:label1\" content=\"Timp estimat pentru citire\" \/>\n\t<meta name=\"twitter:data1\" content=\"5 minute\" \/>\n<script type=\"application\/ld+json\" class=\"yoast-schema-graph\">{\"@context\":\"https:\/\/schema.org\",\"@graph\":[{\"@type\":\"WebPage\",\"@id\":\"https:\/\/buy-prescriptionz.com\/product\/buy-ketaset-online\/\",\"url\":\"https:\/\/buy-prescriptionz.com\/product\/buy-ketaset-online\/\",\"name\":\"Buy Ketaset Online - Ketaset for Sale | Buy-Prescriptionz\",\"isPartOf\":{\"@id\":\"https:\/\/buy-prescriptionz.com\/#website\"},\"primaryImageOfPage\":{\"@id\":\"https:\/\/buy-prescriptionz.com\/product\/buy-ketaset-online\/#primaryimage\"},\"image\":{\"@id\":\"https:\/\/buy-prescriptionz.com\/product\/buy-ketaset-online\/#primaryimage\"},\"thumbnailUrl\":\"https:\/\/buy-prescriptionz.com\/wp-content\/uploads\/2025\/09\/ketaset.jpeg\",\"datePublished\":\"2025-09-16T08:56:11+00:00\",\"dateModified\":\"2025-09-22T05:24:47+00:00\",\"description\":\"Looking to buy Ketaset online at a reasonable price? Visit our reputable online chemical store and get Ketaset for sale today. Place an order now and get the best rate in our store.\",\"breadcrumb\":{\"@id\":\"https:\/\/buy-prescriptionz.com\/product\/buy-ketaset-online\/#breadcrumb\"},\"inLanguage\":\"ro-RO\",\"potentialAction\":[{\"@type\":\"ReadAction\",\"target\":[\"https:\/\/buy-prescriptionz.com\/product\/buy-ketaset-online\/\"]}]},{\"@type\":\"ImageObject\",\"inLanguage\":\"ro-RO\",\"@id\":\"https:\/\/buy-prescriptionz.com\/product\/buy-ketaset-online\/#primaryimage\",\"url\":\"https:\/\/buy-prescriptionz.com\/wp-content\/uploads\/2025\/09\/ketaset.jpeg\",\"contentUrl\":\"https:\/\/buy-prescriptionz.com\/wp-content\/uploads\/2025\/09\/ketaset.jpeg\",\"width\":400,\"height\":300},{\"@type\":\"BreadcrumbList\",\"@id\":\"https:\/\/buy-prescriptionz.com\/product\/buy-ketaset-online\/#breadcrumb\",\"itemListElement\":[{\"@type\":\"ListItem\",\"position\":1,\"name\":\"Home\",\"item\":\"https:\/\/buy-prescriptionz.com\/\"},{\"@type\":\"ListItem\",\"position\":2,\"name\":\"Shop Painkillers Online\",\"item\":\"https:\/\/buy-prescriptionz.com\/shop-painkillers-online\/\"},{\"@type\":\"ListItem\",\"position\":3,\"name\":\"Buy Ketaset Online\"}]},{\"@type\":\"WebSite\",\"@id\":\"https:\/\/buy-prescriptionz.com\/#website\",\"url\":\"https:\/\/buy-prescriptionz.com\/\",\"name\":\"Buy Prescriptionz\",\"description\":\"Drugs Online\",\"publisher\":{\"@id\":\"https:\/\/buy-prescriptionz.com\/#organization\"},\"potentialAction\":[{\"@type\":\"SearchAction\",\"target\":{\"@type\":\"EntryPoint\",\"urlTemplate\":\"https:\/\/buy-prescriptionz.com\/?s={search_term_string}\"},\"query-input\":{\"@type\":\"PropertyValueSpecification\",\"valueRequired\":true,\"valueName\":\"search_term_string\"}}],\"inLanguage\":\"ro-RO\"},{\"@type\":\"Organization\",\"@id\":\"https:\/\/buy-prescriptionz.com\/#organization\",\"name\":\"Buy Prescriptionz\",\"url\":\"https:\/\/buy-prescriptionz.com\/\",\"logo\":{\"@type\":\"ImageObject\",\"inLanguage\":\"ro-RO\",\"@id\":\"https:\/\/buy-prescriptionz.com\/#\/schema\/logo\/image\/\",\"url\":\"https:\/\/buy-prescriptionz.com\/wp-content\/uploads\/2023\/09\/logo.png\",\"contentUrl\":\"https:\/\/buy-prescriptionz.com\/wp-content\/uploads\/2023\/09\/logo.png\",\"width\":350,\"height\":64,\"caption\":\"Buy Prescriptionz\"},\"image\":{\"@id\":\"https:\/\/buy-prescriptionz.com\/#\/schema\/logo\/image\/\"}}]}<\/script>\n<!-- \/ Yoast SEO plugin. -->","yoast_head_json":{"title":"Cump\u0103ra\u021bi Ketaset Online - Ketaset de V\u00e2nzare | Buy-Prescriptionz","description":"Dori\u021bi s\u0103 cump\u0103ra\u021bi Ketaset online la un pre\u021b rezonabil? Vizita\u021bi magazinul nostru online de produse chimice de renume \u0219i cump\u0103ra\u021bi Ketaset de v\u00e2nzare ast\u0103zi. Plasa\u021bi o comand\u0103 acum \u0219i beneficia\u021bi de cel mai bun pre\u021b din magazinul nostru.","robots":{"index":"index","follow":"follow","max-snippet":"max-snippet:-1","max-image-preview":"max-image-preview:large","max-video-preview":"max-video-preview:-1"},"canonical":"https:\/\/buy-prescriptionz.com\/ro\/produs\/cumparati-ketaset-online\/","og_locale":"ro_RO","og_type":"article","og_title":"Buy Ketaset Online - Ketaset for Sale | Buy-Prescriptionz","og_description":"Looking to buy Ketaset online at a reasonable price? Visit our reputable online chemical store and get Ketaset for sale today. Place an order now and get the best rate in our store.","og_url":"https:\/\/buy-prescriptionz.com\/ro\/produs\/cumparati-ketaset-online\/","og_site_name":"Buy Prescriptionz","article_modified_time":"2025-09-22T05:24:47+00:00","og_image":[{"width":400,"height":300,"url":"https:\/\/buy-prescriptionz.com\/wp-content\/uploads\/2025\/09\/ketaset.jpeg","type":"image\/jpeg"}],"twitter_card":"summary_large_image","twitter_misc":{"Timp estimat pentru citire":"5 minute"},"schema":{"@context":"https:\/\/schema.org","@graph":[{"@type":"WebPage","@id":"https:\/\/buy-prescriptionz.com\/product\/buy-ketaset-online\/","url":"https:\/\/buy-prescriptionz.com\/product\/buy-ketaset-online\/","name":"Cump\u0103ra\u021bi Ketaset Online - Ketaset de V\u00e2nzare | Buy-Prescriptionz","isPartOf":{"@id":"https:\/\/buy-prescriptionz.com\/#website"},"primaryImageOfPage":{"@id":"https:\/\/buy-prescriptionz.com\/product\/buy-ketaset-online\/#primaryimage"},"image":{"@id":"https:\/\/buy-prescriptionz.com\/product\/buy-ketaset-online\/#primaryimage"},"thumbnailUrl":"https:\/\/buy-prescriptionz.com\/wp-content\/uploads\/2025\/09\/ketaset.jpeg","datePublished":"2025-09-16T08:56:11+00:00","dateModified":"2025-09-22T05:24:47+00:00","description":"Dori\u021bi s\u0103 cump\u0103ra\u021bi Ketaset online la un pre\u021b rezonabil? Vizita\u021bi magazinul nostru online de produse chimice de renume \u0219i cump\u0103ra\u021bi Ketaset de v\u00e2nzare ast\u0103zi. Plasa\u021bi o comand\u0103 acum \u0219i beneficia\u021bi de cel mai bun pre\u021b din magazinul nostru.","breadcrumb":{"@id":"https:\/\/buy-prescriptionz.com\/product\/buy-ketaset-online\/#breadcrumb"},"inLanguage":"ro-RO","potentialAction":[{"@type":"ReadAction","target":["https:\/\/buy-prescriptionz.com\/product\/buy-ketaset-online\/"]}]},{"@type":"ImageObject","inLanguage":"ro-RO","@id":"https:\/\/buy-prescriptionz.com\/product\/buy-ketaset-online\/#primaryimage","url":"https:\/\/buy-prescriptionz.com\/wp-content\/uploads\/2025\/09\/ketaset.jpeg","contentUrl":"https:\/\/buy-prescriptionz.com\/wp-content\/uploads\/2025\/09\/ketaset.jpeg","width":400,"height":300},{"@type":"BreadcrumbList","@id":"https:\/\/buy-prescriptionz.com\/product\/buy-ketaset-online\/#breadcrumb","itemListElement":[{"@type":"ListItem","position":1,"name":"Home","item":"https:\/\/buy-prescriptionz.com\/"},{"@type":"ListItem","position":2,"name":"Shop Painkillers Online","item":"https:\/\/buy-prescriptionz.com\/shop-painkillers-online\/"},{"@type":"ListItem","position":3,"name":"Buy Ketaset Online"}]},{"@type":"WebSite","@id":"https:\/\/buy-prescriptionz.com\/#website","url":"https:\/\/buy-prescriptionz.com\/","name":"Buy Prescriptionz","description":"Medicamente online","publisher":{"@id":"https:\/\/buy-prescriptionz.com\/#organization"},"potentialAction":[{"@type":"SearchAction","target":{"@type":"EntryPoint","urlTemplate":"https:\/\/buy-prescriptionz.com\/?s={search_term_string}"},"query-input":{"@type":"PropertyValueSpecification","valueRequired":true,"valueName":"search_term_string"}}],"inLanguage":"ro-RO"},{"@type":"Organization","@id":"https:\/\/buy-prescriptionz.com\/#organization","name":"Buy Prescriptionz","url":"https:\/\/buy-prescriptionz.com\/","logo":{"@type":"ImageObject","inLanguage":"ro-RO","@id":"https:\/\/buy-prescriptionz.com\/#\/schema\/logo\/image\/","url":"https:\/\/buy-prescriptionz.com\/wp-content\/uploads\/2023\/09\/logo.png","contentUrl":"https:\/\/buy-prescriptionz.com\/wp-content\/uploads\/2023\/09\/logo.png","width":350,"height":64,"caption":"Buy Prescriptionz"},"image":{"@id":"https:\/\/buy-prescriptionz.com\/#\/schema\/logo\/image\/"}}]}},"_links":{"self":[{"href":"https:\/\/buy-prescriptionz.com\/ro\/wp-json\/wp\/v2\/product\/3068","targetHints":{"allow":["GET"]}}],"collection":[{"href":"https:\/\/buy-prescriptionz.com\/ro\/wp-json\/wp\/v2\/product"}],"about":[{"href":"https:\/\/buy-prescriptionz.com\/ro\/wp-json\/wp\/v2\/types\/product"}],"replies":[{"embeddable":true,"href":"https:\/\/buy-prescriptionz.com\/ro\/wp-json\/wp\/v2\/comments?post=3068"}],"wp:featuredmedia":[{"embeddable":true,"href":"https:\/\/buy-prescriptionz.com\/ro\/wp-json\/wp\/v2\/media\/3098"}],"wp:attachment":[{"href":"https:\/\/buy-prescriptionz.com\/ro\/wp-json\/wp\/v2\/media?parent=3068"}],"wp:term":[{"taxonomy":"product_brand","embeddable":true,"href":"https:\/\/buy-prescriptionz.com\/ro\/wp-json\/wp\/v2\/product_brand?post=3068"},{"taxonomy":"product_cat","embeddable":true,"href":"https:\/\/buy-prescriptionz.com\/ro\/wp-json\/wp\/v2\/product_cat?post=3068"},{"taxonomy":"product_tag","embeddable":true,"href":"https:\/\/buy-prescriptionz.com\/ro\/wp-json\/wp\/v2\/product_tag?post=3068"}],"curies":[{"name":"wp","href":"https:\/\/api.w.org\/{rel}","templated":true}]}}