{"id":3069,"date":"2025-09-16T08:56:11","date_gmt":"2025-09-16T08:56:11","guid":{"rendered":"https:\/\/chemsfine.com\/newsite\/?post_type=product&#038;p=3069"},"modified":"2025-09-22T05:22:06","modified_gmt":"2025-09-22T05:22:06","slug":"cumparati-ketalar-injectie-online","status":"publish","type":"product","link":"https:\/\/buy-prescriptionz.com\/ro\/produs\/cumparati-ketalar-injectie-online\/","title":{"rendered":"Cump\u0103ra\u021bi Ketalar Injection Online"},"content":{"rendered":"<h2>Cump\u0103ra\u021bi Ketalar Injection Online<\/h2>\n<p>Cump\u0103ra\u021bi Ketalar online f\u0103r\u0103 prescrip\u021bie medical\u0103 la Buyprescriptionz.com. Ketalar Injection produce o \u00een\u0103l\u021bime brusc\u0103 care dureaz\u0103 aproximativ o or\u0103. Acesta \u00eencepe \u00een jur de 2 p\u00e2n\u0103 la 5 minute dup\u0103 ce doza a fost fumat\u0103 sau \u00eenghi\u021bit\u0103. Dar \u00een cazul injec\u021biei, se \u00eent\u00e2mpl\u0103 \u00een jur de 30 de secunde dup\u0103 ce a avut loc injec\u021bia.<\/p>\n<p>Prima senza\u021bie de euforie pe care o va sim\u021bi utilizatorul este o senza\u021bie cople\u0219itoare de relaxare, uneori descris\u0103 ca o senza\u021bie de bubuitur\u0103 \u00een tot corpul. Unii utilizatori simt c\u0103 plutesc, \u00een timp ce al\u021bii chiar o descriu ca fiind \u00een afara corpului lor. Mul\u021bi experimenteaz\u0103 halucina\u021bii care pot dura mai mult dec\u00e2t efectele anestezice. Cump\u0103ra\u021bi Ketalar online f\u0103r\u0103 prescrip\u021bie medical\u0103 Dozele mai mari pot produce efecte mai intense, utilizatorii raport\u00e2nd o deta\u0219are complet\u0103 \u0219i absolut\u0103 de corpurile lor. Efectele sunt similare cu cele descrise de persoanele care au avut experien\u021be aproape de moarte \u0219i sunt descrise ca fiind \u00een \u201egaura K\u201d.<\/p>\n<h3>CE POATE FACE INJEC\u021aIA KETALAR PENTRU DUMNEAVOASTR\u0102<\/h3>\n<p>Ketalar 50 mg\/ml Un sedativ general se administreaz\u0103 prin injec\u021bie. Acest medicament este utilizat de un medic specialist numit anestezist pentru a face ca oamenii s\u0103-\u0219i piard\u0103 temporar con\u0219tiin\u021ba \u0219i senza\u021biile \u00een timpul interven\u021biilor chirurgicale majore \u00eentr-un cadru spitalicesc. De obicei, este foarte sigur, ac\u021bioneaz\u0103 destul de rapid \u0219i permite tratamentului s\u0103 continue f\u0103r\u0103 a provoca durere sau stres.<\/p>\n<h3>CUM SE UTILIZEAZ\u0102 INJEC\u021aIA KETALAR<\/h3>\n<p>Cea mai bun\u0103 injec\u021bie cu Ketalar v\u0103 va fi administrat\u0103 de c\u0103tre medicul dumneavoastr\u0103 sau asistenta medical\u0103. V\u0103 rug\u0103m s\u0103 nu v\u0103 face\u021bi griji.<\/p>\n<h3>CUM FUNC\u021aIONEAZ\u0102 INJEC\u021aIA<\/h3>\n<p>Ketalar 50 mg\/ml. Un anestezic general se administreaz\u0103 prin injec\u021bie. Ac\u021bioneaz\u0103 prin pierderea cuno\u0219tin\u021bei pentru o perioad\u0103 scurt\u0103 de timp. Acest lucru face posibil\u0103 efectuarea interven\u021biilor chirurgicale f\u0103r\u0103 durere sau stres.<\/p>\n<h3>EFECTELE SECUNDARE ALE CLORHIDRATULUI DE KETAMIN\u0102 INJECTABIL<\/h3>\n<p>Medicamentul are, bine\u00een\u021beles, efecte secundare, iar acestea pot fi destul de profunde. Efectele secundare pe termen scurt includ halucina\u021bii grave. Ca \u00een cazul tuturor drogurilor psihotrope, pl\u0103cerea halucina\u021biei depinde de starea de spirit a utilizatorului, iar dac\u0103 acesta caut\u0103 s\u0103 scape de nefericire, halucina\u021biile vor fi probabil nepl\u0103cute. Cump\u0103ra\u021bi Ketalar online f\u0103r\u0103 prescrip\u021bie medical\u0103 aici, la farmacia noastr\u0103 online.<\/p>\n<p><strong>\u00cen mod natural, efectele secundare ale clorhidratului de ketamin\u0103 injectabil includ:<\/strong><\/p>\n<p>Somnolen\u021b\u0103.<br \/>\nCre\u0219terea ritmului cardiac.<br \/>\nTensiunea arterial\u0103 crescut\u0103.<br \/>\nDozele mari de ketamin\u0103 pot avea ca rezultat ceea ce unii descriu ca fiind \"gaura K\", care poate include halucina\u021bii vizuale \u0219i auditive intense \u0219i nepl\u0103cute, \u00eenso\u021bite de o derealizare accentuat\u0103 \u0219i o deta\u0219are \u00eensp\u0103im\u00e2nt\u0103toare de realitate.<\/p>\n<h3>C\u00e2t Ketalar ar trebui s\u0103 iau?<\/h3>\n<p>Este alc\u0103tuit dintr-o solu\u021bie steril\u0103 u\u0219or acid\u0103 (pH 3,5\u20135,5) care poate fi injectat\u0103 intravenos sau intramuscular. Este disponibil \u00een concentra\u021bii de 10, 50 sau 100 mg de ketamin\u0103 baz\u0103 per mililitru, iar ca \u0219i conservant, se adaug\u0103 maximum 0,1 mg\/ml de fenerol (clorur\u0103 de benzetoniu). Clorura de sare a fost utilizat\u0103 pentru a face fluidul de 10 mg\/ml izotonic. Pacien\u021bii trebuie supraveghea\u021bi p\u00e2n\u0103 c\u00e2nd efectele secundare dispar. Este posibil ca medicamentul s\u0103 devin\u0103 dependent.<\/p>\n<h3>Ce alte medicamente, substan\u021be sau suplimente func\u021bioneaz\u0103 \u00eempreun\u0103 cu Ketalar?<\/h3>\n<p>Este posibil ca Ketalar s\u0103 nu func\u021bioneze la fel de bine cu barbiturice sau alte medicamente. Spune\u021bi medicului dumneavoastr\u0103 despre toate medicamentele \u0219i vitaminele pe care le lua\u021bi. Ketalar \u00cen timpul sarcinii \u0219i al\u0103pt\u0103rii, injec\u021bia cu Ketalar nu trebuie utilizat\u0103 de femeile \u00eens\u0103rcinate sau de persoanele care sunt \u00een travaliu \u0219i nu a fost testat\u0103 la copii cu v\u00e2rsta sub 16 ani. Pentru o injec\u021bie autentic\u0103 cu Ketalar, vizita\u021bi cea mai bun\u0103 farmacie, Buy-Prescriptionz.com. Ace\u0219tia ofer\u0103 medicamente de \u00eenalt\u0103 calitate, cu livrare rapid\u0103 \u0219i servicii fiabile. Ave\u021bi \u00eencredere \u00een Buy-Prescriptionz.com pentru nevoile dumneavoastr\u0103 medicale \u0219i asigura\u021bi-v\u0103 o surs\u0103 sigur\u0103 \u0219i de \u00eencredere pentru injec\u021bia cu Ketalar.<\/p>","protected":false},"excerpt":{"rendered":"<p>Buy Ketalar Injection Online Buy Ketalar Online Without Prescription at buy-prescriptionz.com. Ketalar Injection produces an abrupt high that lasts for about an hour. It starts around 2 to 5 minutes after the dose has been smoked or swallowed. But with injection, it happens around 30 seconds after the injection has occurred. The first feeling of [&hellip;]<\/p>","protected":false},"featured_media":3099,"comment_status":"open","ping_status":"closed","template":"","meta":{"site-sidebar-layout":"default","site-content-layout":"","ast-site-content-layout":"default","site-content-style":"default","site-sidebar-style":"default","ast-global-header-display":"","ast-banner-title-visibility":"","ast-main-header-display":"","ast-hfb-above-header-display":"","ast-hfb-below-header-display":"","ast-hfb-mobile-header-display":"","site-post-title":"","ast-breadcrumbs-content":"","ast-featured-img":"","footer-sml-layout":"","theme-transparent-header-meta":"default","adv-header-id-meta":"","stick-header-meta":"","header-above-stick-meta":"","header-main-stick-meta":"","header-below-stick-meta":"","astra-migrate-meta-layouts":"set","ast-page-background-enabled":"default","ast-page-background-meta":{"desktop":{"background-color":"var(--ast-global-color-4)","background-image":"","background-repeat":"repeat","background-position":"center center","background-size":"auto","background-attachment":"scroll","background-type":"","background-media":"","overlay-type":"","overlay-color":"","overlay-opacity":"","overlay-gradient":""},"tablet":{"background-color":"","background-image":"","background-repeat":"repeat","background-position":"center center","background-size":"auto","background-attachment":"scroll","background-type":"","background-media":"","overlay-type":"","overlay-color":"","overlay-opacity":"","overlay-gradient":""},"mobile":{"background-color":"","background-image":"","background-repeat":"repeat","background-position":"center center","background-size":"auto","background-attachment":"scroll","background-type":"","background-media":"","overlay-type":"","overlay-color":"","overlay-opacity":"","overlay-gradient":""}},"ast-content-background-meta":{"desktop":{"background-color":"var(--ast-global-color-5)","background-image":"","background-repeat":"repeat","background-position":"center center","background-size":"auto","background-attachment":"scroll","background-type":"","background-media":"","overlay-type":"","overlay-color":"","overlay-opacity":"","overlay-gradient":""},"tablet":{"background-color":"var(--ast-global-color-5)","background-image":"","background-repeat":"repeat","background-position":"center center","background-size":"auto","background-attachment":"scroll","background-type":"","background-media":"","overlay-type":"","overlay-color":"","overlay-opacity":"","overlay-gradient":""},"mobile":{"background-color":"var(--ast-global-color-5)","background-image":"","background-repeat":"repeat","background-position":"center center","background-size":"auto","background-attachment":"scroll","background-type":"","background-media":"","overlay-type":"","overlay-color":"","overlay-opacity":"","overlay-gradient":""}}},"product_brand":[],"product_cat":[2385],"product_tag":[1063,1064,1062,1057,1060,1059,1058,1061,1056,1055,1066,1065],"class_list":{"0":"post-3069","1":"product","2":"type-product","3":"status-publish","4":"has-post-thumbnail","6":"product_cat-buy-pain-killer-pills-online","7":"product_tag-buy-ketalar-injection-in-canada","8":"product_tag-buy-ketalar-injection-in-uk","9":"product_tag-buy-ketalar-injection-in-usa","10":"product_tag-buy-ketalar-injection-with-bitcoin","11":"product_tag-buy-ketalar-injection-with-credit-card","12":"product_tag-buy-ketalar-injection-with-money-gram","13":"product_tag-buy-ketalar-injection-with-western-union","14":"product_tag-buy-ketalar-injection-without-a-doctor","15":"product_tag-buy-ketalar-injection-without-prescription","16":"product_tag-ketalar-injection-for-sale","17":"product_tag-ketalar-injection-pills","18":"product_tag-ketalar-injection-tablets","19":"desktop-align-center","20":"tablet-align-left","21":"mobile-align-left","23":"first","24":"instock","25":"shipping-taxable","26":"purchasable","27":"product-type-variable","28":"has-default-attributes"},"yoast_head":"<!-- This site is optimized with the Yoast SEO plugin v25.9 - https:\/\/yoast.com\/wordpress\/plugins\/seo\/ -->\n<title>Buy Ketalar Injection Online USA - Buy Ketalar Injection Online for Sale - Buy Prescriptionz<\/title>\n<meta name=\"description\" content=\"Buyprescriptionz.com is an online pharmacy store where you can Buy Ketalar Injection Online at best price without doctor&#039;s prescription. Buy Ketalar Injection Online Now with Free &amp; Secure Shipping!\" \/>\n<meta name=\"robots\" content=\"index, follow, max-snippet:-1, max-image-preview:large, max-video-preview:-1\" \/>\n<link rel=\"canonical\" href=\"https:\/\/buy-prescriptionz.com\/ro\/produs\/cumparati-ketalar-injectie-online\/\" \/>\n<meta property=\"og:locale\" content=\"ro_RO\" \/>\n<meta property=\"og:type\" content=\"article\" \/>\n<meta property=\"og:title\" content=\"Buy Ketalar Injection Online USA - Buy Ketalar Injection Online for Sale - Buy Prescriptionz\" \/>\n<meta property=\"og:description\" content=\"Buyprescriptionz.com is an online pharmacy store where you can Buy Ketalar Injection Online at best price without doctor&#039;s prescription. Buy Ketalar Injection Online Now with Free &amp; Secure Shipping!\" \/>\n<meta property=\"og:url\" content=\"https:\/\/buy-prescriptionz.com\/ro\/produs\/cumparati-ketalar-injectie-online\/\" \/>\n<meta property=\"og:site_name\" content=\"Buy Prescriptionz\" \/>\n<meta property=\"article:modified_time\" content=\"2025-09-22T05:22:06+00:00\" \/>\n<meta property=\"og:image\" content=\"https:\/\/buy-prescriptionz.com\/wp-content\/uploads\/2025\/09\/ketalar-injection.jpg\" \/>\n\t<meta property=\"og:image:width\" content=\"400\" \/>\n\t<meta property=\"og:image:height\" content=\"300\" \/>\n\t<meta property=\"og:image:type\" content=\"image\/jpeg\" \/>\n<meta name=\"twitter:card\" content=\"summary_large_image\" \/>\n<meta name=\"twitter:label1\" content=\"Timp estimat pentru citire\" \/>\n\t<meta name=\"twitter:data1\" content=\"3 minute\" \/>\n<script type=\"application\/ld+json\" class=\"yoast-schema-graph\">{\"@context\":\"https:\/\/schema.org\",\"@graph\":[{\"@type\":\"WebPage\",\"@id\":\"https:\/\/buy-prescriptionz.com\/product\/buy-ketalar-injection-online\/\",\"url\":\"https:\/\/buy-prescriptionz.com\/product\/buy-ketalar-injection-online\/\",\"name\":\"Buy Ketalar Injection Online USA - Buy Ketalar Injection Online for Sale - Buy Prescriptionz\",\"isPartOf\":{\"@id\":\"https:\/\/buy-prescriptionz.com\/#website\"},\"primaryImageOfPage\":{\"@id\":\"https:\/\/buy-prescriptionz.com\/product\/buy-ketalar-injection-online\/#primaryimage\"},\"image\":{\"@id\":\"https:\/\/buy-prescriptionz.com\/product\/buy-ketalar-injection-online\/#primaryimage\"},\"thumbnailUrl\":\"https:\/\/buy-prescriptionz.com\/wp-content\/uploads\/2025\/09\/ketalar-injection.jpg\",\"datePublished\":\"2025-09-16T08:56:11+00:00\",\"dateModified\":\"2025-09-22T05:22:06+00:00\",\"description\":\"Buyprescriptionz.com is an online pharmacy store where you can Buy Ketalar Injection Online at best price without doctor's prescription. Buy Ketalar Injection Online Now with Free & Secure Shipping!\",\"breadcrumb\":{\"@id\":\"https:\/\/buy-prescriptionz.com\/product\/buy-ketalar-injection-online\/#breadcrumb\"},\"inLanguage\":\"ro-RO\",\"potentialAction\":[{\"@type\":\"ReadAction\",\"target\":[\"https:\/\/buy-prescriptionz.com\/product\/buy-ketalar-injection-online\/\"]}]},{\"@type\":\"ImageObject\",\"inLanguage\":\"ro-RO\",\"@id\":\"https:\/\/buy-prescriptionz.com\/product\/buy-ketalar-injection-online\/#primaryimage\",\"url\":\"https:\/\/buy-prescriptionz.com\/wp-content\/uploads\/2025\/09\/ketalar-injection.jpg\",\"contentUrl\":\"https:\/\/buy-prescriptionz.com\/wp-content\/uploads\/2025\/09\/ketalar-injection.jpg\",\"width\":400,\"height\":300},{\"@type\":\"BreadcrumbList\",\"@id\":\"https:\/\/buy-prescriptionz.com\/product\/buy-ketalar-injection-online\/#breadcrumb\",\"itemListElement\":[{\"@type\":\"ListItem\",\"position\":1,\"name\":\"Home\",\"item\":\"https:\/\/buy-prescriptionz.com\/\"},{\"@type\":\"ListItem\",\"position\":2,\"name\":\"Shop Painkillers Online\",\"item\":\"https:\/\/buy-prescriptionz.com\/shop-painkillers-online\/\"},{\"@type\":\"ListItem\",\"position\":3,\"name\":\"Buy Ketalar Injection Online\"}]},{\"@type\":\"WebSite\",\"@id\":\"https:\/\/buy-prescriptionz.com\/#website\",\"url\":\"https:\/\/buy-prescriptionz.com\/\",\"name\":\"Buy Prescriptionz\",\"description\":\"Drugs Online\",\"publisher\":{\"@id\":\"https:\/\/buy-prescriptionz.com\/#organization\"},\"potentialAction\":[{\"@type\":\"SearchAction\",\"target\":{\"@type\":\"EntryPoint\",\"urlTemplate\":\"https:\/\/buy-prescriptionz.com\/?s={search_term_string}\"},\"query-input\":{\"@type\":\"PropertyValueSpecification\",\"valueRequired\":true,\"valueName\":\"search_term_string\"}}],\"inLanguage\":\"ro-RO\"},{\"@type\":\"Organization\",\"@id\":\"https:\/\/buy-prescriptionz.com\/#organization\",\"name\":\"Buy Prescriptionz\",\"url\":\"https:\/\/buy-prescriptionz.com\/\",\"logo\":{\"@type\":\"ImageObject\",\"inLanguage\":\"ro-RO\",\"@id\":\"https:\/\/buy-prescriptionz.com\/#\/schema\/logo\/image\/\",\"url\":\"https:\/\/buy-prescriptionz.com\/wp-content\/uploads\/2023\/09\/logo.png\",\"contentUrl\":\"https:\/\/buy-prescriptionz.com\/wp-content\/uploads\/2023\/09\/logo.png\",\"width\":350,\"height\":64,\"caption\":\"Buy Prescriptionz\"},\"image\":{\"@id\":\"https:\/\/buy-prescriptionz.com\/#\/schema\/logo\/image\/\"}}]}<\/script>\n<!-- \/ Yoast SEO plugin. -->","yoast_head_json":{"title":"Cump\u0103ra\u021bi Ketalar Injec\u021bie Online SUA - Cump\u0103ra\u021bi Ketalar Injec\u021bie Online de V\u00e2nzare - Cump\u0103ra\u021bi Prescriptionz","description":"Buyprescriptionz.com este un magazin de farmacie online, unde pute\u021bi cump\u0103ra Ketalar Injection Online la cel mai bun pre\u021b f\u0103r\u0103 prescrip\u021bie medical\u0103. Cump\u0103ra\u021bi Ketalar Injection online acum cu livrare gratuit\u0103 \u0219i sigur\u0103!","robots":{"index":"index","follow":"follow","max-snippet":"max-snippet:-1","max-image-preview":"max-image-preview:large","max-video-preview":"max-video-preview:-1"},"canonical":"https:\/\/buy-prescriptionz.com\/ro\/produs\/cumparati-ketalar-injectie-online\/","og_locale":"ro_RO","og_type":"article","og_title":"Buy Ketalar Injection Online USA - Buy Ketalar Injection Online for Sale - Buy Prescriptionz","og_description":"Buyprescriptionz.com is an online pharmacy store where you can Buy Ketalar Injection Online at best price without doctor's prescription. Buy Ketalar Injection Online Now with Free & Secure Shipping!","og_url":"https:\/\/buy-prescriptionz.com\/ro\/produs\/cumparati-ketalar-injectie-online\/","og_site_name":"Buy Prescriptionz","article_modified_time":"2025-09-22T05:22:06+00:00","og_image":[{"width":400,"height":300,"url":"https:\/\/buy-prescriptionz.com\/wp-content\/uploads\/2025\/09\/ketalar-injection.jpg","type":"image\/jpeg"}],"twitter_card":"summary_large_image","twitter_misc":{"Timp estimat pentru citire":"3 minute"},"schema":{"@context":"https:\/\/schema.org","@graph":[{"@type":"WebPage","@id":"https:\/\/buy-prescriptionz.com\/product\/buy-ketalar-injection-online\/","url":"https:\/\/buy-prescriptionz.com\/product\/buy-ketalar-injection-online\/","name":"Cump\u0103ra\u021bi Ketalar Injec\u021bie Online SUA - Cump\u0103ra\u021bi Ketalar Injec\u021bie Online de V\u00e2nzare - Cump\u0103ra\u021bi Prescriptionz","isPartOf":{"@id":"https:\/\/buy-prescriptionz.com\/#website"},"primaryImageOfPage":{"@id":"https:\/\/buy-prescriptionz.com\/product\/buy-ketalar-injection-online\/#primaryimage"},"image":{"@id":"https:\/\/buy-prescriptionz.com\/product\/buy-ketalar-injection-online\/#primaryimage"},"thumbnailUrl":"https:\/\/buy-prescriptionz.com\/wp-content\/uploads\/2025\/09\/ketalar-injection.jpg","datePublished":"2025-09-16T08:56:11+00:00","dateModified":"2025-09-22T05:22:06+00:00","description":"Buyprescriptionz.com este un magazin de farmacie online, unde pute\u021bi cump\u0103ra Ketalar Injection Online la cel mai bun pre\u021b f\u0103r\u0103 prescrip\u021bie medical\u0103. Cump\u0103ra\u021bi Ketalar Injection online acum cu livrare gratuit\u0103 \u0219i sigur\u0103!","breadcrumb":{"@id":"https:\/\/buy-prescriptionz.com\/product\/buy-ketalar-injection-online\/#breadcrumb"},"inLanguage":"ro-RO","potentialAction":[{"@type":"ReadAction","target":["https:\/\/buy-prescriptionz.com\/product\/buy-ketalar-injection-online\/"]}]},{"@type":"ImageObject","inLanguage":"ro-RO","@id":"https:\/\/buy-prescriptionz.com\/product\/buy-ketalar-injection-online\/#primaryimage","url":"https:\/\/buy-prescriptionz.com\/wp-content\/uploads\/2025\/09\/ketalar-injection.jpg","contentUrl":"https:\/\/buy-prescriptionz.com\/wp-content\/uploads\/2025\/09\/ketalar-injection.jpg","width":400,"height":300},{"@type":"BreadcrumbList","@id":"https:\/\/buy-prescriptionz.com\/product\/buy-ketalar-injection-online\/#breadcrumb","itemListElement":[{"@type":"ListItem","position":1,"name":"Home","item":"https:\/\/buy-prescriptionz.com\/"},{"@type":"ListItem","position":2,"name":"Shop Painkillers Online","item":"https:\/\/buy-prescriptionz.com\/shop-painkillers-online\/"},{"@type":"ListItem","position":3,"name":"Buy Ketalar Injection Online"}]},{"@type":"WebSite","@id":"https:\/\/buy-prescriptionz.com\/#website","url":"https:\/\/buy-prescriptionz.com\/","name":"Buy Prescriptionz","description":"Medicamente online","publisher":{"@id":"https:\/\/buy-prescriptionz.com\/#organization"},"potentialAction":[{"@type":"SearchAction","target":{"@type":"EntryPoint","urlTemplate":"https:\/\/buy-prescriptionz.com\/?s={search_term_string}"},"query-input":{"@type":"PropertyValueSpecification","valueRequired":true,"valueName":"search_term_string"}}],"inLanguage":"ro-RO"},{"@type":"Organization","@id":"https:\/\/buy-prescriptionz.com\/#organization","name":"Buy Prescriptionz","url":"https:\/\/buy-prescriptionz.com\/","logo":{"@type":"ImageObject","inLanguage":"ro-RO","@id":"https:\/\/buy-prescriptionz.com\/#\/schema\/logo\/image\/","url":"https:\/\/buy-prescriptionz.com\/wp-content\/uploads\/2023\/09\/logo.png","contentUrl":"https:\/\/buy-prescriptionz.com\/wp-content\/uploads\/2023\/09\/logo.png","width":350,"height":64,"caption":"Buy Prescriptionz"},"image":{"@id":"https:\/\/buy-prescriptionz.com\/#\/schema\/logo\/image\/"}}]}},"_links":{"self":[{"href":"https:\/\/buy-prescriptionz.com\/ro\/wp-json\/wp\/v2\/product\/3069","targetHints":{"allow":["GET"]}}],"collection":[{"href":"https:\/\/buy-prescriptionz.com\/ro\/wp-json\/wp\/v2\/product"}],"about":[{"href":"https:\/\/buy-prescriptionz.com\/ro\/wp-json\/wp\/v2\/types\/product"}],"replies":[{"embeddable":true,"href":"https:\/\/buy-prescriptionz.com\/ro\/wp-json\/wp\/v2\/comments?post=3069"}],"wp:featuredmedia":[{"embeddable":true,"href":"https:\/\/buy-prescriptionz.com\/ro\/wp-json\/wp\/v2\/media\/3099"}],"wp:attachment":[{"href":"https:\/\/buy-prescriptionz.com\/ro\/wp-json\/wp\/v2\/media?parent=3069"}],"wp:term":[{"taxonomy":"product_brand","embeddable":true,"href":"https:\/\/buy-prescriptionz.com\/ro\/wp-json\/wp\/v2\/product_brand?post=3069"},{"taxonomy":"product_cat","embeddable":true,"href":"https:\/\/buy-prescriptionz.com\/ro\/wp-json\/wp\/v2\/product_cat?post=3069"},{"taxonomy":"product_tag","embeddable":true,"href":"https:\/\/buy-prescriptionz.com\/ro\/wp-json\/wp\/v2\/product_tag?post=3069"}],"curies":[{"name":"wp","href":"https:\/\/api.w.org\/{rel}","templated":true}]}}