{"id":3070,"date":"2025-09-16T08:56:11","date_gmt":"2025-09-16T08:56:11","guid":{"rendered":"https:\/\/chemsfine.com\/newsite\/?post_type=product&#038;p=3070"},"modified":"2025-09-22T08:46:34","modified_gmt":"2025-09-22T08:46:34","slug":"cumparati-flexeril-online-ciclobenzaprina","status":"publish","type":"product","link":"https:\/\/buy-prescriptionz.com\/ro\/produs\/cumparati-flexeril-online-ciclobenzaprina\/","title":{"rendered":"Cump\u0103ra\u021bi Flexeril online (Cyclobenzaprine)"},"content":{"rendered":"<h2>Cump\u0103ra\u021bi Flexeril (Cyclobenzaprine) Online<\/h2>\n<h3>Ce este Flexeril? De ce se utilizeaz\u0103?<\/h3>\n<p>Ce este Flexeril? De ce se utilizeaz\u0103? Cump\u0103ra\u021bi Flexeril Online(Cyclobenzaprine), Flexeril este un medicament, cunoscut \u00een mod obi\u0219nuit sub numele de marc\u0103 Cyclobenzaprine. Acest medicament (Flexeril) este un calmant muscular CNS (sistem nervos central), ceea ce \u00eenseamn\u0103 c\u0103 ajut\u0103 la ob\u021binerea relax\u0103rii mu\u0219chilor. Flexiril folosit pentru unele fizioterapie, precum \u0219i prescris de medic \u0219i ...<\/p>\n<p>Flexeril, cunoscut generic sub numele de Ciclobenzaprin\u0103, este un relaxant muscular adesea prescris pentru tratarea spasmelor musculare. Este utilizat \u00een mod obi\u0219nuit \u00eempreun\u0103 cu odihna \u0219i terapia fizic\u0103 pentru a ameliora disconfortul cauzat de afec\u021biunile musculo-scheletice acute. Odat\u0103 ce utiliza\u021bi Flexeril ca parte a unui medicament pentru procesul de relaxare muscular\u0103, ve\u021bi observa anumite schimb\u0103ri \u00een corpul dumneavoastr\u0103. Mu\u0219chii extrem de \u00eencorda\u021bi vor fi relaxa\u021bi, ceea ce va ajuta la accelerarea activit\u0103\u021bii dumneavoastr\u0103 fizice. Pute\u021bi cump\u0103ra Flexeril online de pe site-ul nostru la pre\u021buri rezonabile.<\/p>\n<h3>Ce alte lucruri nu ar trebui folosite \u00eempreun\u0103 cu Flexeril?<\/h3>\n<p>Cump\u0103ra\u021bi Flexeril online (Ciclobenzaprin\u0103). Exist\u0103 anumite produse \u0219i medicamente care nu ar trebui luate \u00eempreun\u0103 cu Flexeril. Acest lucru se datoreaz\u0103 faptului c\u0103 anumite deprimante ale SNC pot avea efecte adverse dac\u0103 sunt utilizate \u00eempreun\u0103 cu Flexeril. Dac\u0103 o persoan\u0103 dore\u0219te vreodat\u0103 s\u0103 cumpere Flexeril online, ar trebui s\u0103 cunoasc\u0103 ace\u0219ti termeni care ar putea cauza probleme. Aceste deprimante sunt - medicamente precum benzodiazepinele \u0219i barbituricele \u0219i alcoolul.<\/p>\n<p>V-am men\u021bionat deja c\u0103 administrarea Flexeril conform dozei prescrise nu v\u0103 va face r\u0103u. \u00cens\u0103, administrarea sa din abunden\u021b\u0103 \u0219i f\u0103r\u0103 a consulta un medic va avea consecin\u021be d\u0103un\u0103toare.<\/p>\n<h3>Cum se utilizeaz\u0103 Flexeril<strong><br \/>\n<\/strong><\/h3>\n<p>Dozaj: Urma\u021bi cu stricte\u021be prescrip\u021bia medicului dumneavoastr\u0103. Doza ini\u021bial\u0103 obi\u0219nuit\u0103 este de 5 mg de trei ori pe zi, care poate fi ajustat\u0103 \u00een func\u021bie de r\u0103spunsul la tratament \u0219i de starea dumneavoastr\u0103 medical\u0103.<\/p>\n<p>Administrare: Flexeril se administreaz\u0103 de obicei pe cale oral\u0103, cu sau f\u0103r\u0103 alimente. Consecven\u021ba \u00een administrarea medicamentului la acelea\u0219i ore \u00een fiecare zi este benefic\u0103.<\/p>\n<p>Durat\u0103: \u00cen general, prescris pentru utilizare pe termen scurt, de p\u00e2n\u0103 la 2-3 s\u0103pt\u0103m\u00e2ni, cu excep\u021bia cazului \u00een care un furnizor de servicii medicale recomand\u0103 altfel.<\/p>\n<p>Flexeril (Ciclobenzaprin\u0103) este un relaxant muscular eficient, utilizat pentru ameliorarea spasmelor musculare \u0219i a durerii asociate. Atunci c\u00e2nd v\u0103 g\u00e2ndi\u021bi s\u0103 cump\u0103ra\u021bi Flexeril online, acorda\u021bi prioritate siguran\u021bei consult\u00e2nd un furnizor de servicii medicale, utiliz\u00e2nd farmacii online de renume \u0219i verificate, cum ar fi buy-prescriptionz.com, \u0219i respect\u00e2nd instruc\u021biunile prescrise. Fi\u021bi \u00eentotdeauna con\u0219tien\u021bi de poten\u021bialele efecte secundare \u0219i interac\u021biuni medicamentoase \u0219i utiliza\u021bi medicamentul \u00een mod responsabil pentru o ameliorare pe termen scurt.<\/p>\n<h3>Utiliz\u0103ri ale Flexerilului<\/h3>\n<p>Spasme musculare: Flexeril este utilizat \u00een principal pentru a trata spasmele musculare rezultate din afec\u021biuni musculo-scheletice acute, cum ar fi entorse \u0219i luxa\u021bii.<\/p>\n<p>Ameliorarea durerii: Este adesea utilizat\u0103 \u00een combina\u021bie cu odihn\u0103 \u0219i terapie fizic\u0103 pentru a ameliora durerile musculare \u0219i a \u00eembun\u0103t\u0103\u021bi mobilitatea.<\/p>\n<p>Utiliz\u0103ri neautorizate: De\u0219i nu este frecvent utilizat, uneori poate fi utilizat \u00een afara indica\u021biilor legale pentru afec\u021biuni precum fibromialgia sau sindroamele de durere cronic\u0103, sub supravegherea unui furnizor de servicii medicale.<\/p>\n<h3>Considera\u021bii importante<\/h3>\n<p>Dozaj \u0219i utilizare: Urma\u021bi instruc\u021biunile de dozare furnizate de medicul dumneavoastr\u0103. Nu v\u0103 automedica\u021bi \u0219i nu ajusta\u021bi doza f\u0103r\u0103 sfatul medicului.<\/p>\n<p>Reac\u021bii adverse poten\u021biale: Fi\u021bi con\u0219tien\u021bi de posibilele reac\u021bii adverse, cum ar fi somnolen\u021b\u0103, usc\u0103ciunea gurii sau ame\u021beli. Contacta\u021bi medicul dac\u0103 manifesta\u021bi orice reac\u021bii adverse.<\/p>\n<p>Depozitare: Depozita\u021bi cel mai bun Flexeril la temperatura camerei, ferit de umiditate \u0219i c\u0103ldur\u0103.<\/p>\n<h3>Efectele secundare ale Flexerilului<\/h3>\n<p>Dac\u0103 cump\u0103ra\u021bi Flexeril online, primi\u021bi un medicament eliberat pe baz\u0103 de re\u021bet\u0103, administrat pentru tratamentul pe termen scurt al cazurilor critice de leziuni musculare, cu exerci\u021bii fizice \u0219i odihn\u0103. Cu toate acestea, trebuie s\u0103 \u0219ti\u021bi c\u0103, indiferent c\u00e2t de mult este prescris un medicament, acesta nu este niciodat\u0103 lipsit de unul dintre aspectele sale, \u0219i anume efectele secundare. Acestea pot ap\u0103rea sau nu \u00een func\u021bie de aportul dumneavoastr\u0103 \u0219i pot afecta sau nu s\u0103n\u0103tatea dumneavoastr\u0103, \u00een func\u021bie de imunitatea dumneavoastr\u0103.<\/p>\n<p><strong>Prin urmare, este recomandat s\u0103 cunoa\u0219te\u021bi efectele secundare ale Flexeril \u00eenainte de a-l cump\u0103ra \u0219i a \u00eencepe s\u0103 \u00eel lua\u021bi:<\/strong><\/p>\n<p>Cre\u0219terea ritmului cardiac.<br \/>\nNausea<br \/>\nAme\u021beli<br \/>\nGura \u00eencepe s\u0103 se usuce \u00een mod repetat<br \/>\nDurere de cap<br \/>\nConfuzie<\/p>\n<p>Dac\u0103 lua\u021bi medicamentul \u00een timp ce continua\u021bi s\u0103 consuma\u021bi alcool sau alte droguri, chiar dac\u0103 a\u021bi cump\u0103rat Flexeril online \u0219i a\u021bi \u00eenceput s\u0103 lua\u021bi medicamentul f\u0103r\u0103 prescrip\u021bie medical\u0103, atunci pute\u021bi deveni victima unor efecte secundare severe ale medicamentului, cum ar fi:<\/p>","protected":false},"excerpt":{"rendered":"<p>Buy Flexeril (Cyclobenzaprine) Online What is Flexeril? Why is it used? Buy Flexeril Online(Cyclobenzaprine), Flexeril is a medication, commonly known by its brand name Cyclobenzaprine. This drug (Flexeril) is a CNS (central nervous system) muscle soothing which means that it helps to get relax your muscles. Flexiril used for some physiotherapy as well as prescribed [&hellip;]<\/p>","protected":false},"featured_media":3100,"comment_status":"open","ping_status":"closed","template":"","meta":{"site-sidebar-layout":"default","site-content-layout":"","ast-site-content-layout":"default","site-content-style":"default","site-sidebar-style":"default","ast-global-header-display":"","ast-banner-title-visibility":"","ast-main-header-display":"","ast-hfb-above-header-display":"","ast-hfb-below-header-display":"","ast-hfb-mobile-header-display":"","site-post-title":"","ast-breadcrumbs-content":"","ast-featured-img":"","footer-sml-layout":"","theme-transparent-header-meta":"default","adv-header-id-meta":"","stick-header-meta":"","header-above-stick-meta":"","header-main-stick-meta":"","header-below-stick-meta":"","astra-migrate-meta-layouts":"set","ast-page-background-enabled":"default","ast-page-background-meta":{"desktop":{"background-color":"var(--ast-global-color-4)","background-image":"","background-repeat":"repeat","background-position":"center center","background-size":"auto","background-attachment":"scroll","background-type":"","background-media":"","overlay-type":"","overlay-color":"","overlay-opacity":"","overlay-gradient":""},"tablet":{"background-color":"","background-image":"","background-repeat":"repeat","background-position":"center center","background-size":"auto","background-attachment":"scroll","background-type":"","background-media":"","overlay-type":"","overlay-color":"","overlay-opacity":"","overlay-gradient":""},"mobile":{"background-color":"","background-image":"","background-repeat":"repeat","background-position":"center center","background-size":"auto","background-attachment":"scroll","background-type":"","background-media":"","overlay-type":"","overlay-color":"","overlay-opacity":"","overlay-gradient":""}},"ast-content-background-meta":{"desktop":{"background-color":"var(--ast-global-color-5)","background-image":"","background-repeat":"repeat","background-position":"center center","background-size":"auto","background-attachment":"scroll","background-type":"","background-media":"","overlay-type":"","overlay-color":"","overlay-opacity":"","overlay-gradient":""},"tablet":{"background-color":"var(--ast-global-color-5)","background-image":"","background-repeat":"repeat","background-position":"center center","background-size":"auto","background-attachment":"scroll","background-type":"","background-media":"","overlay-type":"","overlay-color":"","overlay-opacity":"","overlay-gradient":""},"mobile":{"background-color":"var(--ast-global-color-5)","background-image":"","background-repeat":"repeat","background-position":"center center","background-size":"auto","background-attachment":"scroll","background-type":"","background-media":"","overlay-type":"","overlay-color":"","overlay-opacity":"","overlay-gradient":""}}},"product_brand":[],"product_cat":[2385],"product_tag":[1051,1052,1050,1045,1048,1047,1046,1049,1044,1043,1054,1053],"class_list":{"0":"post-3070","1":"product","2":"type-product","3":"status-publish","4":"has-post-thumbnail","6":"product_cat-buy-pain-killer-pills-online","7":"product_tag-buy-flexeril-cyclobenzaprine-in-canada","8":"product_tag-buy-flexeril-cyclobenzaprine-in-uk","9":"product_tag-buy-flexeril-cyclobenzaprine-in-usa","10":"product_tag-buy-flexeril-cyclobenzaprine-with-bitcoin","11":"product_tag-buy-flexeril-cyclobenzaprine-with-credit-card","12":"product_tag-buy-flexeril-cyclobenzaprine-with-money-gram","13":"product_tag-buy-flexeril-cyclobenzaprine-with-western-union","14":"product_tag-buy-flexeril-cyclobenzaprine-without-a-doctor","15":"product_tag-buy-flexeril-cyclobenzaprine-without-prescription","16":"product_tag-flexeril-cyclobenzaprine-for-sale","17":"product_tag-flexeril-cyclobenzaprine-pills","18":"product_tag-flexeril-cyclobenzaprine-tablets","19":"desktop-align-center","20":"tablet-align-left","21":"mobile-align-left","23":"first","24":"instock","25":"shipping-taxable","26":"purchasable","27":"product-type-variable","28":"has-default-attributes"},"yoast_head":"<!-- This site is optimized with the Yoast SEO plugin v25.9 - https:\/\/yoast.com\/wordpress\/plugins\/seo\/ -->\n<title>Buy Flexeril Online - Flexeril for Sale - Order Flexeril<\/title>\n<meta name=\"description\" content=\"Our online Buy-Prescriptionz store has the best quality Flexeril for sale. If you want to buy Flexeril online, then we can help you from all ends. Order today!\" \/>\n<meta name=\"robots\" content=\"index, follow, max-snippet:-1, max-image-preview:large, max-video-preview:-1\" \/>\n<link rel=\"canonical\" href=\"https:\/\/buy-prescriptionz.com\/ro\/produs\/cumparati-flexeril-online-ciclobenzaprina\/\" \/>\n<meta property=\"og:locale\" content=\"ro_RO\" \/>\n<meta property=\"og:type\" content=\"article\" \/>\n<meta property=\"og:title\" content=\"Buy Flexeril Online - Flexeril for Sale - Order Flexeril\" \/>\n<meta property=\"og:description\" content=\"Our online Buy-Prescriptionz store has the best quality Flexeril for sale. If you want to buy Flexeril online, then we can help you from all ends. Order today!\" \/>\n<meta property=\"og:url\" content=\"https:\/\/buy-prescriptionz.com\/ro\/produs\/cumparati-flexeril-online-ciclobenzaprina\/\" \/>\n<meta property=\"og:site_name\" content=\"Buy Prescriptionz\" \/>\n<meta property=\"article:modified_time\" content=\"2025-09-22T08:46:34+00:00\" \/>\n<meta property=\"og:image\" content=\"https:\/\/buy-prescriptionz.com\/wp-content\/uploads\/2025\/09\/flexeril-cyclobenzaprine.jpeg\" \/>\n\t<meta property=\"og:image:width\" content=\"400\" \/>\n\t<meta property=\"og:image:height\" content=\"300\" \/>\n\t<meta property=\"og:image:type\" content=\"image\/jpeg\" \/>\n<meta name=\"twitter:card\" content=\"summary_large_image\" \/>\n<meta name=\"twitter:label1\" content=\"Timp estimat pentru citire\" \/>\n\t<meta name=\"twitter:data1\" content=\"4 minute\" \/>\n<script type=\"application\/ld+json\" class=\"yoast-schema-graph\">{\"@context\":\"https:\/\/schema.org\",\"@graph\":[{\"@type\":\"WebPage\",\"@id\":\"https:\/\/buy-prescriptionz.com\/product\/buy-flexeril-onlinecyclobenzaprine\/\",\"url\":\"https:\/\/buy-prescriptionz.com\/product\/buy-flexeril-onlinecyclobenzaprine\/\",\"name\":\"Buy Flexeril Online - Flexeril for Sale - Order Flexeril\",\"isPartOf\":{\"@id\":\"https:\/\/buy-prescriptionz.com\/#website\"},\"primaryImageOfPage\":{\"@id\":\"https:\/\/buy-prescriptionz.com\/product\/buy-flexeril-onlinecyclobenzaprine\/#primaryimage\"},\"image\":{\"@id\":\"https:\/\/buy-prescriptionz.com\/product\/buy-flexeril-onlinecyclobenzaprine\/#primaryimage\"},\"thumbnailUrl\":\"https:\/\/buy-prescriptionz.com\/wp-content\/uploads\/2025\/09\/flexeril-cyclobenzaprine.jpeg\",\"datePublished\":\"2025-09-16T08:56:11+00:00\",\"dateModified\":\"2025-09-22T08:46:34+00:00\",\"description\":\"Our online Buy-Prescriptionz store has the best quality Flexeril for sale. If you want to buy Flexeril online, then we can help you from all ends. Order today!\",\"breadcrumb\":{\"@id\":\"https:\/\/buy-prescriptionz.com\/product\/buy-flexeril-onlinecyclobenzaprine\/#breadcrumb\"},\"inLanguage\":\"ro-RO\",\"potentialAction\":[{\"@type\":\"ReadAction\",\"target\":[\"https:\/\/buy-prescriptionz.com\/product\/buy-flexeril-onlinecyclobenzaprine\/\"]}]},{\"@type\":\"ImageObject\",\"inLanguage\":\"ro-RO\",\"@id\":\"https:\/\/buy-prescriptionz.com\/product\/buy-flexeril-onlinecyclobenzaprine\/#primaryimage\",\"url\":\"https:\/\/buy-prescriptionz.com\/wp-content\/uploads\/2025\/09\/flexeril-cyclobenzaprine.jpeg\",\"contentUrl\":\"https:\/\/buy-prescriptionz.com\/wp-content\/uploads\/2025\/09\/flexeril-cyclobenzaprine.jpeg\",\"width\":400,\"height\":300},{\"@type\":\"BreadcrumbList\",\"@id\":\"https:\/\/buy-prescriptionz.com\/product\/buy-flexeril-onlinecyclobenzaprine\/#breadcrumb\",\"itemListElement\":[{\"@type\":\"ListItem\",\"position\":1,\"name\":\"Home\",\"item\":\"https:\/\/buy-prescriptionz.com\/\"},{\"@type\":\"ListItem\",\"position\":2,\"name\":\"Shop Painkillers Online\",\"item\":\"https:\/\/buy-prescriptionz.com\/shop-painkillers-online\/\"},{\"@type\":\"ListItem\",\"position\":3,\"name\":\"Buy Flexeril Online(Cyclobenzaprine)\"}]},{\"@type\":\"WebSite\",\"@id\":\"https:\/\/buy-prescriptionz.com\/#website\",\"url\":\"https:\/\/buy-prescriptionz.com\/\",\"name\":\"Buy Prescriptionz\",\"description\":\"Drugs Online\",\"publisher\":{\"@id\":\"https:\/\/buy-prescriptionz.com\/#organization\"},\"potentialAction\":[{\"@type\":\"SearchAction\",\"target\":{\"@type\":\"EntryPoint\",\"urlTemplate\":\"https:\/\/buy-prescriptionz.com\/?s={search_term_string}\"},\"query-input\":{\"@type\":\"PropertyValueSpecification\",\"valueRequired\":true,\"valueName\":\"search_term_string\"}}],\"inLanguage\":\"ro-RO\"},{\"@type\":\"Organization\",\"@id\":\"https:\/\/buy-prescriptionz.com\/#organization\",\"name\":\"Buy Prescriptionz\",\"url\":\"https:\/\/buy-prescriptionz.com\/\",\"logo\":{\"@type\":\"ImageObject\",\"inLanguage\":\"ro-RO\",\"@id\":\"https:\/\/buy-prescriptionz.com\/#\/schema\/logo\/image\/\",\"url\":\"https:\/\/buy-prescriptionz.com\/wp-content\/uploads\/2023\/09\/logo.png\",\"contentUrl\":\"https:\/\/buy-prescriptionz.com\/wp-content\/uploads\/2023\/09\/logo.png\",\"width\":350,\"height\":64,\"caption\":\"Buy Prescriptionz\"},\"image\":{\"@id\":\"https:\/\/buy-prescriptionz.com\/#\/schema\/logo\/image\/\"}}]}<\/script>\n<!-- \/ Yoast SEO plugin. -->","yoast_head_json":{"title":"Cump\u0103ra\u021bi Flexeril online - Flexeril de v\u00e2nzare - Comanda\u021bi Flexeril","description":"Magazinul nostru online Buy-Prescriptionz are Flexeril de cea mai bun\u0103 calitate de v\u00e2nzare. Dac\u0103 dori\u021bi s\u0103 cump\u0103ra\u021bi Flexeril online, v\u0103 putem ajuta din toate punctele de vedere. Comanda\u021bi ast\u0103zi!","robots":{"index":"index","follow":"follow","max-snippet":"max-snippet:-1","max-image-preview":"max-image-preview:large","max-video-preview":"max-video-preview:-1"},"canonical":"https:\/\/buy-prescriptionz.com\/ro\/produs\/cumparati-flexeril-online-ciclobenzaprina\/","og_locale":"ro_RO","og_type":"article","og_title":"Buy Flexeril Online - Flexeril for Sale - Order Flexeril","og_description":"Our online Buy-Prescriptionz store has the best quality Flexeril for sale. If you want to buy Flexeril online, then we can help you from all ends. Order today!","og_url":"https:\/\/buy-prescriptionz.com\/ro\/produs\/cumparati-flexeril-online-ciclobenzaprina\/","og_site_name":"Buy Prescriptionz","article_modified_time":"2025-09-22T08:46:34+00:00","og_image":[{"width":400,"height":300,"url":"https:\/\/buy-prescriptionz.com\/wp-content\/uploads\/2025\/09\/flexeril-cyclobenzaprine.jpeg","type":"image\/jpeg"}],"twitter_card":"summary_large_image","twitter_misc":{"Timp estimat pentru citire":"4 minute"},"schema":{"@context":"https:\/\/schema.org","@graph":[{"@type":"WebPage","@id":"https:\/\/buy-prescriptionz.com\/product\/buy-flexeril-onlinecyclobenzaprine\/","url":"https:\/\/buy-prescriptionz.com\/product\/buy-flexeril-onlinecyclobenzaprine\/","name":"Cump\u0103ra\u021bi Flexeril online - Flexeril de v\u00e2nzare - Comanda\u021bi Flexeril","isPartOf":{"@id":"https:\/\/buy-prescriptionz.com\/#website"},"primaryImageOfPage":{"@id":"https:\/\/buy-prescriptionz.com\/product\/buy-flexeril-onlinecyclobenzaprine\/#primaryimage"},"image":{"@id":"https:\/\/buy-prescriptionz.com\/product\/buy-flexeril-onlinecyclobenzaprine\/#primaryimage"},"thumbnailUrl":"https:\/\/buy-prescriptionz.com\/wp-content\/uploads\/2025\/09\/flexeril-cyclobenzaprine.jpeg","datePublished":"2025-09-16T08:56:11+00:00","dateModified":"2025-09-22T08:46:34+00:00","description":"Magazinul nostru online Buy-Prescriptionz are Flexeril de cea mai bun\u0103 calitate de v\u00e2nzare. Dac\u0103 dori\u021bi s\u0103 cump\u0103ra\u021bi Flexeril online, v\u0103 putem ajuta din toate punctele de vedere. Comanda\u021bi ast\u0103zi!","breadcrumb":{"@id":"https:\/\/buy-prescriptionz.com\/product\/buy-flexeril-onlinecyclobenzaprine\/#breadcrumb"},"inLanguage":"ro-RO","potentialAction":[{"@type":"ReadAction","target":["https:\/\/buy-prescriptionz.com\/product\/buy-flexeril-onlinecyclobenzaprine\/"]}]},{"@type":"ImageObject","inLanguage":"ro-RO","@id":"https:\/\/buy-prescriptionz.com\/product\/buy-flexeril-onlinecyclobenzaprine\/#primaryimage","url":"https:\/\/buy-prescriptionz.com\/wp-content\/uploads\/2025\/09\/flexeril-cyclobenzaprine.jpeg","contentUrl":"https:\/\/buy-prescriptionz.com\/wp-content\/uploads\/2025\/09\/flexeril-cyclobenzaprine.jpeg","width":400,"height":300},{"@type":"BreadcrumbList","@id":"https:\/\/buy-prescriptionz.com\/product\/buy-flexeril-onlinecyclobenzaprine\/#breadcrumb","itemListElement":[{"@type":"ListItem","position":1,"name":"Home","item":"https:\/\/buy-prescriptionz.com\/"},{"@type":"ListItem","position":2,"name":"Shop Painkillers Online","item":"https:\/\/buy-prescriptionz.com\/shop-painkillers-online\/"},{"@type":"ListItem","position":3,"name":"Buy Flexeril Online(Cyclobenzaprine)"}]},{"@type":"WebSite","@id":"https:\/\/buy-prescriptionz.com\/#website","url":"https:\/\/buy-prescriptionz.com\/","name":"Buy Prescriptionz","description":"Medicamente online","publisher":{"@id":"https:\/\/buy-prescriptionz.com\/#organization"},"potentialAction":[{"@type":"SearchAction","target":{"@type":"EntryPoint","urlTemplate":"https:\/\/buy-prescriptionz.com\/?s={search_term_string}"},"query-input":{"@type":"PropertyValueSpecification","valueRequired":true,"valueName":"search_term_string"}}],"inLanguage":"ro-RO"},{"@type":"Organization","@id":"https:\/\/buy-prescriptionz.com\/#organization","name":"Buy Prescriptionz","url":"https:\/\/buy-prescriptionz.com\/","logo":{"@type":"ImageObject","inLanguage":"ro-RO","@id":"https:\/\/buy-prescriptionz.com\/#\/schema\/logo\/image\/","url":"https:\/\/buy-prescriptionz.com\/wp-content\/uploads\/2023\/09\/logo.png","contentUrl":"https:\/\/buy-prescriptionz.com\/wp-content\/uploads\/2023\/09\/logo.png","width":350,"height":64,"caption":"Buy Prescriptionz"},"image":{"@id":"https:\/\/buy-prescriptionz.com\/#\/schema\/logo\/image\/"}}]}},"_links":{"self":[{"href":"https:\/\/buy-prescriptionz.com\/ro\/wp-json\/wp\/v2\/product\/3070","targetHints":{"allow":["GET"]}}],"collection":[{"href":"https:\/\/buy-prescriptionz.com\/ro\/wp-json\/wp\/v2\/product"}],"about":[{"href":"https:\/\/buy-prescriptionz.com\/ro\/wp-json\/wp\/v2\/types\/product"}],"replies":[{"embeddable":true,"href":"https:\/\/buy-prescriptionz.com\/ro\/wp-json\/wp\/v2\/comments?post=3070"}],"wp:featuredmedia":[{"embeddable":true,"href":"https:\/\/buy-prescriptionz.com\/ro\/wp-json\/wp\/v2\/media\/3100"}],"wp:attachment":[{"href":"https:\/\/buy-prescriptionz.com\/ro\/wp-json\/wp\/v2\/media?parent=3070"}],"wp:term":[{"taxonomy":"product_brand","embeddable":true,"href":"https:\/\/buy-prescriptionz.com\/ro\/wp-json\/wp\/v2\/product_brand?post=3070"},{"taxonomy":"product_cat","embeddable":true,"href":"https:\/\/buy-prescriptionz.com\/ro\/wp-json\/wp\/v2\/product_cat?post=3070"},{"taxonomy":"product_tag","embeddable":true,"href":"https:\/\/buy-prescriptionz.com\/ro\/wp-json\/wp\/v2\/product_tag?post=3070"}],"curies":[{"name":"wp","href":"https:\/\/api.w.org\/{rel}","templated":true}]}}