{"id":3102,"date":"2025-09-16T08:56:24","date_gmt":"2025-09-16T08:56:24","guid":{"rendered":"https:\/\/chemsfine.com\/newsite\/?post_type=product&#038;p=3102"},"modified":"2025-09-16T08:58:25","modified_gmt":"2025-09-16T08:58:25","slug":"cumparati-dormicum-online","status":"publish","type":"product","link":"https:\/\/buy-prescriptionz.com\/ro\/produs\/cumparati-dormicum-online\/","title":{"rendered":"Cump\u0103ra\u021bi Dormicum online"},"content":{"rendered":"<h2>Cump\u0103ra\u021bi c\u0103rin online | c\u0103rin de v\u00e2nzare<\/h2>\n<p>Dormicum este un medicament care con\u021bine ingredientul activ midazolam. Acesta face parte dintr-o clas\u0103 de medicamente cunoscute sub numele de benzodiazepine. Este utilizat pentru a trata insomnia \u0219i pentru a ajuta pacien\u021bii s\u0103 se preg\u0103teasc\u0103 pentru interven\u021bii chirurgicale. Este un hipnotic cu ac\u021biune rapid\u0103, cu un timp de \u00eenjum\u0103t\u0103\u021bire biologic\u0103 scurt, \u0219i este disponibil \u00een dou\u0103 doze (Dormicum 15mg \u0219i Dormicum 7,5mg). Tabletele au redus cu succes timpul de debut al somnului \u00een multe studii controlate, precum \u0219i \u00een laboratorul de somn. Aceasta \u00eenseamn\u0103 c\u0103, lu\u00e2nd doza potrivit\u0103 de Dormicum pentru somn, v\u0103 pute\u021bi prelungi timpul de somn f\u0103r\u0103 a compromite somnul REM. Ca urmare, eficien\u021ba somnului se \u00eembun\u0103t\u0103\u021be\u0219te.<\/p>\n<p>Este posibil s\u0103 adormi\u021bi \u00een 20 de minute dup\u0103 administrarea Dormicum, iar durata somnului se va ajusta automat pentru a se potrivi cu tiparele de somn legate de v\u00e2rsta dumneavoastr\u0103. Deoarece Midazolamul, ingredientul activ din Dormicum, are caracteristici anxiolitice, anticonvulsivante, relaxante musculare \u0219i sedative, nu ve\u021bi observa nicio afectare a performan\u021belor atunci c\u00e2nd v\u0103 trezi\u021bi.<\/p>\n<h3>Dormicum online<\/h3>\n<p>Cump\u0103ra\u021bi dormicum online |dormicum la v\u00e2nzare | dormicum , Midazolam este un somnifer cu un \u00eenceput rapid de ac\u021biune, un timp de \u00eenjum\u0103t\u0103\u021bire scurt \u00een organism \u0219i o administrare eficient\u0103, consecvent\u0103 \u0219i simpl\u0103. S-a constatat, de asemenea, \u00een studiile clinice \u0219i \u00een testele de laborator, c\u0103 DORMICUM abreviaz\u0103 debutul somnului \u0219i prelunge\u0219te durata somnului f\u0103r\u0103 a provoca modific\u0103ri cantitative \u00een somnul paradoxal (REM). \u00cen mod obi\u0219nuit, timpul dintre administrarea Dormicum \u0219i adormirea este mai mic de 20 de minute, iar somnul revine la normal dup\u0103 aceea. Pacientul se simte revigorat \u0219i odihnit atunci c\u00e2nd se treze\u0219te.<br \/>\n\u00cen al doilea r\u00e2nd, pute\u021bi comanda Midazolam (Dormicum) 15mg pastile online de la noi; avem Midazolam (Dormicum) 15mg pastile de \u00eenalt\u0103 calitate. F\u0103r\u0103 prescrip\u021bie medical\u0103, cump\u0103ra\u021bi Midazolam (Dormicum) 15mg online.<br \/>\nCel mai bun site online f\u0103r\u0103 prescrip\u021bie medical\u0103 vinde Midazolam (Lorazepam) 15mg.<br \/>\n15mg Midazolam (Dormicum)<br \/>\nMidazolam (Dormicum) 15mg pastile de calitate superioar\u0103<br \/>\nLivrare \u00een orice \u021bar\u0103 din lume<br \/>\nAmbalaj discret<br \/>\nAsisten\u021ba este disponibil\u0103 24\/7.<br \/>\nGarantat 100% Satisfac\u021bia clien\u021bilor 100%<br \/>\nCumpara Midazolam online (Dormicum) 15mg de c\u0103tre cel mai bun site online f\u0103r\u0103 prescrip\u021bie medical\u0103.<\/p>\n<div>\n<div class=\"b_factrow\">Propofol<\/div>\n<\/div>\n<div>\n<div class=\"b_factrow\">Lorazepam<\/div>\n<\/div>\n<div>\n<div class=\"b_factrow\">Fentanil<\/div>\n<\/div>\n<div>\n<div class=\"b_factrow\">Diazepam<\/div>\n<\/div>\n<div>\n<div class=\"b_factrow\">Ketamin\u0103<\/div>\n<div>\n<h3>Prezentare general\u0103<\/h3>\n<p>Dormicum 15 mg est un m\u00e9dicament efficace pour le traitement \u00e0 court terme de l'insomnie s\u00e9v\u00e8re et de l'anxi\u00e9t\u00e9 avant une intervention chirurgicale. Il doit \u00eatre utilis\u00e9 sous surveillance m\u00e9dicale en raison de sa puissance et de ses effets secondaires potentiels.<\/p>\n<p>Maleatul de midazolam se g\u0103se\u0219te \u00een comprimatele de Dormicum, \u00een timp ce clorhidratul de midazolam se g\u0103se\u0219te \u00een fiole.<br \/>\nCa excipien\u021bi, fiecare fiol\u0103 include \u0219i hidroxid de sodiu, acid clorhidric, clorur\u0103 de sodiu \u0219i ap\u0103 pentru injec\u021bie.<br \/>\nMidazolam este 8-cloro-6-(2-fluorofenil)-1-metil-4H-imidazo[1,5-a][1,4] benzodiazepin\u0103.<\/p>\n<h3><strong>Semne \u0219i utiliz\u0103ri <\/strong><\/h3>\n<p>Comprimat: Ca adjuvant temporar pentru somn. Doar afec\u021biunile grave care provoac\u0103 dizabilit\u0103\u021bi sau suferin\u021be grave trebuie tratate cu benzodiazepine. \u00cenainte de interven\u021bii chirurgicale sau tratamente diagnostice, sedarea este utilizat\u0103 ca premedica\u021bie.<br \/>\nAmpoule: Inducing conscious sedation, either with or without local anesthetic (IV injection), prior to diagnostic or therapeutic treatments.<br \/>\nPremedication prior to anesthetic induction (intranasal or rectal in youngsters).<br \/>\nInducerea \u0219i men\u021binerea anesteziei: fie ca sedativ \u00een anestezia mixt\u0103, cum ar fi anestezia intravenoas\u0103 complet\u0103 (injec\u021bie intravenoas\u0103, perfuzie intravenoas\u0103), fie ca medicament de induc\u021bie \u00een anestezia inhalatorie.<br \/>\nLa copii, ataralgezie combinat\u0103 cu ketamin\u0103 (administrare intramuscular\u0103).<br \/>\ntratament sedat prelungit \u00een unit\u0103\u021bile de terapie intensiv\u0103 (administrat intravenos \u00een perfuzie continu\u0103 sau \u00een bolus).<\/p>\n<p>Pentru o surs\u0103 sigur\u0103, lua\u021bi \u00een considerare achizi\u021bionarea Dormicum 15mg de la Buy-Prescriptionz.com. Ace\u0219tia ofer\u0103 medicamente autentice, cu livrare rapid\u0103 \u0219i servicii excelente pentru clien\u021bi. Asigura\u021bi-v\u0103 un tratament sigur \u0219i eficient aleg\u00e2nd cea mai bun\u0103 farmacie, precum Buy-Prescriptionz.com.<\/p>\n<\/div>\n<\/div>\n<h2>Angaj\u0103ri<\/h2>\n<p>Acest medicament este utilizat ca parte a copiilor \u00eenainte de o metodologie sau anestezie pentru a provoca somnolen\u021b\u0103, pentru a diminua tensiunea \u0219i pentru a distrage aten\u021bia de la opera\u021bie sau metod\u0103. Acesta ar trebui s\u0103 fie utilizat \u00een timp ce copilul se afl\u0103 \u00een aten\u021bia unui specialist \u00een domeniul bun\u0103st\u0103rii. Nu este destinat utiliz\u0103rii la domiciliu sau pe termen lung. midazolamul are un loc cu o clas\u0103 de medicamente numite benzodiazepine, care proceseaz\u0103 un impact lini\u0219titor asupra creierului \u0219i a nervilor (sistemul senzorial focal). Se crede c\u0103 func\u021bioneaz\u0103 prin extinderea impactului unui anumit amestec regulat (GABA) \u00een creier. Aceast\u0103 pastil\u0103 ar putea fi, de asemenea, utilizat\u0103 \u00een mod fugar pentru probleme de somn (de exemplu, inconveniente \u00een a se odihni, \"team\u0103 nocturn\u0103\")<\/p>\n<p><strong>OFERIM SERVICII DE PESTE M\u0102RI TRANSPORT MARITIM SIGUR LA U\u0218A TA!<\/strong><\/p>\n<p>\u00cen plus, pute\u021bi efectua plata prin intermediul cardului de credit \u0219i de debit.<br \/>\nEMS\/USPS Express Discreet Discreet Trackable Delivery \u00een \u00eentreaga lume Range.<br \/>\nCum trimitem coletele?<br \/>\n\u00cen plus, ambal\u0103m pachetele cu aten\u021bie cu tungsten \u0219i h\u00e2rtii de carbon pentru a trece de ma\u0219inile cu raze X de la aeroporturi.<br \/>\n\u00cen cele din urm\u0103, pute\u021bi<\/p>\n<p>Cump\u0103ra\u021bi Dormicum Online, pute\u021bi cump\u0103ra Dormicum 15mg online aici f\u0103r\u0103 portret la rata de prost gust. suntem cea mai bun\u0103 farmacie solid\u0103 online din SUA.<\/p>\n<p>pot cump\u0103ra midazolam<br \/>\ndormicum unde s\u0103 cumpere<\/p>\n<h3>Pentru a v\u0103 relaxa \u00eenainte de opera\u021bie, lua\u021bi 15 mg de Domicum Midazolam.<\/h3>\n<p><strong>Introducere<\/strong>:<\/p>\n<p>Dormicum Midazolam 15mg este un medicament relaxant muscular \u0219i calmant utilizat la copii \u00eenainte de o procedur\u0103 sau anestezie pentru a promova somnolen\u021ba, a reduce anxietatea \u0219i a face ca opera\u021bia sau procedura s\u0103 fie uitat\u0103. Este un medicament narcotic cu caracteristici amnezice. Acest medicament este unic \u00een acest grup deoarece efectele sale sunt scurte \u0219i imediate. Acest medicament unic poate fi utilizat \u00eentr-o varietate de contexte biomedicale, inclusiv \u00een proceduri medicale cardiovasculare, stomatologie \u0219i sisteme endoscopice. Acesta trebuie utilizat \u00een timp ce t\u00e2n\u0103rul se afl\u0103 sub supravegherea unui medic. Nu este destinat utiliz\u0103rii la domiciliu sau pe o perioad\u0103 \u00eendelungat\u0103 de timp. Midazolamul apar\u021bine clasei de medicamente benzodiazepine, care au un efect calmant asupra creierului \u0219i a nervilor, cunoscut \u0219i sub numele de sistem nervos central. Se consider\u0103 c\u0103 func\u021bioneaz\u0103 prin stimularea efectelor unei substan\u021be chimice naturale din creier.<\/p>\n<p>&nbsp;<\/p>","protected":false},"excerpt":{"rendered":"<p><strong>Dormicum<\/strong>\u00a0(Midazolam) 7,5 mg pastile\/tablete:\u00a0<strong>Dormicum<\/strong>\u00a0(Midazolam) Se utilizeaz\u0103 \u00eenainte de o interven\u021bie chirurgical\u0103 sau anumite\u00a0<strong>medical<\/strong>\u00a0teste pentru a v\u0103 face somnoros, somnolent sau relaxat. Apar\u021bine unei clase de medicamente numite benzodiazepine. PRE\u021a\/CILET\u0102.\u00a0<strong>Dormicum<\/strong>\u00a0(Midazolam) cantitate de 15 mg.<\/p>","protected":false},"featured_media":3132,"comment_status":"open","ping_status":"closed","template":"","meta":{"site-sidebar-layout":"default","site-content-layout":"","ast-site-content-layout":"default","site-content-style":"default","site-sidebar-style":"default","ast-global-header-display":"","ast-banner-title-visibility":"","ast-main-header-display":"","ast-hfb-above-header-display":"","ast-hfb-below-header-display":"","ast-hfb-mobile-header-display":"","site-post-title":"","ast-breadcrumbs-content":"","ast-featured-img":"","footer-sml-layout":"","theme-transparent-header-meta":"default","adv-header-id-meta":"","stick-header-meta":"","header-above-stick-meta":"","header-main-stick-meta":"","header-below-stick-meta":"","astra-migrate-meta-layouts":"","ast-page-background-enabled":"default","ast-page-background-meta":{"desktop":{"background-color":"var(--ast-global-color-4)","background-image":"","background-repeat":"repeat","background-position":"center center","background-size":"auto","background-attachment":"scroll","background-type":"","background-media":"","overlay-type":"","overlay-color":"","overlay-opacity":"","overlay-gradient":""},"tablet":{"background-color":"","background-image":"","background-repeat":"repeat","background-position":"center center","background-size":"auto","background-attachment":"scroll","background-type":"","background-media":"","overlay-type":"","overlay-color":"","overlay-opacity":"","overlay-gradient":""},"mobile":{"background-color":"","background-image":"","background-repeat":"repeat","background-position":"center center","background-size":"auto","background-attachment":"scroll","background-type":"","background-media":"","overlay-type":"","overlay-color":"","overlay-opacity":"","overlay-gradient":""}},"ast-content-background-meta":{"desktop":{"background-color":"var(--ast-global-color-5)","background-image":"","background-repeat":"repeat","background-position":"center center","background-size":"auto","background-attachment":"scroll","background-type":"","background-media":"","overlay-type":"","overlay-color":"","overlay-opacity":"","overlay-gradient":""},"tablet":{"background-color":"var(--ast-global-color-5)","background-image":"","background-repeat":"repeat","background-position":"center center","background-size":"auto","background-attachment":"scroll","background-type":"","background-media":"","overlay-type":"","overlay-color":"","overlay-opacity":"","overlay-gradient":""},"mobile":{"background-color":"var(--ast-global-color-5)","background-image":"","background-repeat":"repeat","background-position":"center center","background-size":"auto","background-attachment":"scroll","background-type":"","background-media":"","overlay-type":"","overlay-color":"","overlay-opacity":"","overlay-gradient":""}}},"product_brand":[],"product_cat":[2385],"product_tag":[2313,1015,1016,1014,1009,1012,1011,1010,1013,1008,2314,2312,1007,1018,1017],"class_list":{"0":"post-3102","1":"product","2":"type-product","3":"status-publish","4":"has-post-thumbnail","6":"product_cat-buy-pain-killer-pills-online","7":"product_tag-buy-dormicum","8":"product_tag-buy-dormicum-in-canada","9":"product_tag-buy-dormicum-in-uk","10":"product_tag-buy-dormicum-in-usa","11":"product_tag-buy-dormicum-with-bitcoin","12":"product_tag-buy-dormicum-with-credit-card","13":"product_tag-buy-dormicum-with-money-gram","14":"product_tag-buy-dormicum-with-western-union","15":"product_tag-buy-dormicum-without-a-doctor","16":"product_tag-buy-dormicum-without-prescription","17":"product_tag-dormicum-15mg-price","18":"product_tag-dormicum-15mg-sleeping-tablets","19":"product_tag-dormicum-for-sale","20":"product_tag-dormicum-pills","21":"product_tag-dormicum-tablets","22":"desktop-align-center","23":"tablet-align-left","24":"mobile-align-left","26":"first","27":"instock","28":"shipping-taxable","29":"purchasable","30":"product-type-variable","31":"has-default-attributes"},"yoast_head":"<!-- This site is optimized with the Yoast SEO plugin v25.9 - https:\/\/yoast.com\/wordpress\/plugins\/seo\/ -->\n<title>Buy Dormicum Online - Dormicum for Sale<\/title>\n<meta name=\"description\" content=\"If you want to buy Dormicum online, then visit our online store buy-prescriptionz. We have high-quality products like Dormicum for sale. Place your order now!\" \/>\n<meta name=\"robots\" content=\"index, follow, max-snippet:-1, max-image-preview:large, max-video-preview:-1\" \/>\n<link rel=\"canonical\" href=\"https:\/\/buy-prescriptionz.com\/ro\/produs\/cumparati-dormicum-online\/\" \/>\n<meta property=\"og:locale\" content=\"ro_RO\" \/>\n<meta property=\"og:type\" content=\"article\" \/>\n<meta property=\"og:title\" content=\"Buy Dormicum Online - Dormicum for Sale\" \/>\n<meta property=\"og:description\" content=\"If you want to buy Dormicum online, then visit our online store buy-prescriptionz. We have high-quality products like Dormicum for sale. Place your order now!\" \/>\n<meta property=\"og:url\" content=\"https:\/\/buy-prescriptionz.com\/ro\/produs\/cumparati-dormicum-online\/\" \/>\n<meta property=\"og:site_name\" content=\"Buy Prescriptionz\" \/>\n<meta property=\"article:modified_time\" content=\"2025-09-16T08:58:25+00:00\" \/>\n<meta property=\"og:image\" content=\"https:\/\/buy-prescriptionz.com\/wp-content\/uploads\/2025\/09\/dormicum.jpg\" \/>\n\t<meta property=\"og:image:width\" content=\"400\" \/>\n\t<meta property=\"og:image:height\" content=\"300\" \/>\n\t<meta property=\"og:image:type\" content=\"image\/jpeg\" \/>\n<meta name=\"twitter:card\" content=\"summary_large_image\" \/>\n<meta name=\"twitter:label1\" content=\"Timp estimat pentru citire\" \/>\n\t<meta name=\"twitter:data1\" content=\"5 minute\" \/>\n<script type=\"application\/ld+json\" class=\"yoast-schema-graph\">{\"@context\":\"https:\/\/schema.org\",\"@graph\":[{\"@type\":\"WebPage\",\"@id\":\"https:\/\/buy-prescriptionz.com\/product\/buy-dormicum-online\/\",\"url\":\"https:\/\/buy-prescriptionz.com\/product\/buy-dormicum-online\/\",\"name\":\"Buy Dormicum Online - Dormicum for Sale\",\"isPartOf\":{\"@id\":\"https:\/\/buy-prescriptionz.com\/#website\"},\"primaryImageOfPage\":{\"@id\":\"https:\/\/buy-prescriptionz.com\/product\/buy-dormicum-online\/#primaryimage\"},\"image\":{\"@id\":\"https:\/\/buy-prescriptionz.com\/product\/buy-dormicum-online\/#primaryimage\"},\"thumbnailUrl\":\"https:\/\/buy-prescriptionz.com\/wp-content\/uploads\/2025\/09\/dormicum.jpg\",\"datePublished\":\"2025-09-16T08:56:24+00:00\",\"dateModified\":\"2025-09-16T08:58:25+00:00\",\"description\":\"If you want to buy Dormicum online, then visit our online store buy-prescriptionz. We have high-quality products like Dormicum for sale. Place your order now!\",\"breadcrumb\":{\"@id\":\"https:\/\/buy-prescriptionz.com\/product\/buy-dormicum-online\/#breadcrumb\"},\"inLanguage\":\"ro-RO\",\"potentialAction\":[{\"@type\":\"ReadAction\",\"target\":[\"https:\/\/buy-prescriptionz.com\/product\/buy-dormicum-online\/\"]}]},{\"@type\":\"ImageObject\",\"inLanguage\":\"ro-RO\",\"@id\":\"https:\/\/buy-prescriptionz.com\/product\/buy-dormicum-online\/#primaryimage\",\"url\":\"https:\/\/buy-prescriptionz.com\/wp-content\/uploads\/2025\/09\/dormicum.jpg\",\"contentUrl\":\"https:\/\/buy-prescriptionz.com\/wp-content\/uploads\/2025\/09\/dormicum.jpg\",\"width\":400,\"height\":300},{\"@type\":\"BreadcrumbList\",\"@id\":\"https:\/\/buy-prescriptionz.com\/product\/buy-dormicum-online\/#breadcrumb\",\"itemListElement\":[{\"@type\":\"ListItem\",\"position\":1,\"name\":\"Home\",\"item\":\"https:\/\/buy-prescriptionz.com\/\"},{\"@type\":\"ListItem\",\"position\":2,\"name\":\"Shop Painkillers Online\",\"item\":\"https:\/\/buy-prescriptionz.com\/shop-painkillers-online\/\"},{\"@type\":\"ListItem\",\"position\":3,\"name\":\"Buy Dormicum Online\"}]},{\"@type\":\"WebSite\",\"@id\":\"https:\/\/buy-prescriptionz.com\/#website\",\"url\":\"https:\/\/buy-prescriptionz.com\/\",\"name\":\"Buy Prescriptionz\",\"description\":\"Drugs Online\",\"publisher\":{\"@id\":\"https:\/\/buy-prescriptionz.com\/#organization\"},\"potentialAction\":[{\"@type\":\"SearchAction\",\"target\":{\"@type\":\"EntryPoint\",\"urlTemplate\":\"https:\/\/buy-prescriptionz.com\/?s={search_term_string}\"},\"query-input\":{\"@type\":\"PropertyValueSpecification\",\"valueRequired\":true,\"valueName\":\"search_term_string\"}}],\"inLanguage\":\"ro-RO\"},{\"@type\":\"Organization\",\"@id\":\"https:\/\/buy-prescriptionz.com\/#organization\",\"name\":\"Buy Prescriptionz\",\"url\":\"https:\/\/buy-prescriptionz.com\/\",\"logo\":{\"@type\":\"ImageObject\",\"inLanguage\":\"ro-RO\",\"@id\":\"https:\/\/buy-prescriptionz.com\/#\/schema\/logo\/image\/\",\"url\":\"https:\/\/buy-prescriptionz.com\/wp-content\/uploads\/2023\/09\/logo.png\",\"contentUrl\":\"https:\/\/buy-prescriptionz.com\/wp-content\/uploads\/2023\/09\/logo.png\",\"width\":350,\"height\":64,\"caption\":\"Buy Prescriptionz\"},\"image\":{\"@id\":\"https:\/\/buy-prescriptionz.com\/#\/schema\/logo\/image\/\"}}]}<\/script>\n<!-- \/ Yoast SEO plugin. -->","yoast_head_json":{"title":"Cump\u0103ra\u021bi Dormicum Online - Dormicum de v\u00e2nzare","description":"Dac\u0103 dori\u021bi s\u0103 cump\u0103ra\u021bi Dormicum online, vizita\u021bi magazinul nostru online buy-prescriptionz. Avem produse de \u00eenalt\u0103 calitate, precum Dormicum, de v\u00e2nzare. Plasa\u021bi comanda acum!","robots":{"index":"index","follow":"follow","max-snippet":"max-snippet:-1","max-image-preview":"max-image-preview:large","max-video-preview":"max-video-preview:-1"},"canonical":"https:\/\/buy-prescriptionz.com\/ro\/produs\/cumparati-dormicum-online\/","og_locale":"ro_RO","og_type":"article","og_title":"Buy Dormicum Online - Dormicum for Sale","og_description":"If you want to buy Dormicum online, then visit our online store buy-prescriptionz. We have high-quality products like Dormicum for sale. Place your order now!","og_url":"https:\/\/buy-prescriptionz.com\/ro\/produs\/cumparati-dormicum-online\/","og_site_name":"Buy Prescriptionz","article_modified_time":"2025-09-16T08:58:25+00:00","og_image":[{"width":400,"height":300,"url":"https:\/\/buy-prescriptionz.com\/wp-content\/uploads\/2025\/09\/dormicum.jpg","type":"image\/jpeg"}],"twitter_card":"summary_large_image","twitter_misc":{"Timp estimat pentru citire":"5 minute"},"schema":{"@context":"https:\/\/schema.org","@graph":[{"@type":"WebPage","@id":"https:\/\/buy-prescriptionz.com\/product\/buy-dormicum-online\/","url":"https:\/\/buy-prescriptionz.com\/product\/buy-dormicum-online\/","name":"Cump\u0103ra\u021bi Dormicum Online - Dormicum de v\u00e2nzare","isPartOf":{"@id":"https:\/\/buy-prescriptionz.com\/#website"},"primaryImageOfPage":{"@id":"https:\/\/buy-prescriptionz.com\/product\/buy-dormicum-online\/#primaryimage"},"image":{"@id":"https:\/\/buy-prescriptionz.com\/product\/buy-dormicum-online\/#primaryimage"},"thumbnailUrl":"https:\/\/buy-prescriptionz.com\/wp-content\/uploads\/2025\/09\/dormicum.jpg","datePublished":"2025-09-16T08:56:24+00:00","dateModified":"2025-09-16T08:58:25+00:00","description":"Dac\u0103 dori\u021bi s\u0103 cump\u0103ra\u021bi Dormicum online, vizita\u021bi magazinul nostru online buy-prescriptionz. Avem produse de \u00eenalt\u0103 calitate, precum Dormicum, de v\u00e2nzare. Plasa\u021bi comanda acum!","breadcrumb":{"@id":"https:\/\/buy-prescriptionz.com\/product\/buy-dormicum-online\/#breadcrumb"},"inLanguage":"ro-RO","potentialAction":[{"@type":"ReadAction","target":["https:\/\/buy-prescriptionz.com\/product\/buy-dormicum-online\/"]}]},{"@type":"ImageObject","inLanguage":"ro-RO","@id":"https:\/\/buy-prescriptionz.com\/product\/buy-dormicum-online\/#primaryimage","url":"https:\/\/buy-prescriptionz.com\/wp-content\/uploads\/2025\/09\/dormicum.jpg","contentUrl":"https:\/\/buy-prescriptionz.com\/wp-content\/uploads\/2025\/09\/dormicum.jpg","width":400,"height":300},{"@type":"BreadcrumbList","@id":"https:\/\/buy-prescriptionz.com\/product\/buy-dormicum-online\/#breadcrumb","itemListElement":[{"@type":"ListItem","position":1,"name":"Home","item":"https:\/\/buy-prescriptionz.com\/"},{"@type":"ListItem","position":2,"name":"Shop Painkillers Online","item":"https:\/\/buy-prescriptionz.com\/shop-painkillers-online\/"},{"@type":"ListItem","position":3,"name":"Buy Dormicum Online"}]},{"@type":"WebSite","@id":"https:\/\/buy-prescriptionz.com\/#website","url":"https:\/\/buy-prescriptionz.com\/","name":"Buy Prescriptionz","description":"Medicamente online","publisher":{"@id":"https:\/\/buy-prescriptionz.com\/#organization"},"potentialAction":[{"@type":"SearchAction","target":{"@type":"EntryPoint","urlTemplate":"https:\/\/buy-prescriptionz.com\/?s={search_term_string}"},"query-input":{"@type":"PropertyValueSpecification","valueRequired":true,"valueName":"search_term_string"}}],"inLanguage":"ro-RO"},{"@type":"Organization","@id":"https:\/\/buy-prescriptionz.com\/#organization","name":"Buy Prescriptionz","url":"https:\/\/buy-prescriptionz.com\/","logo":{"@type":"ImageObject","inLanguage":"ro-RO","@id":"https:\/\/buy-prescriptionz.com\/#\/schema\/logo\/image\/","url":"https:\/\/buy-prescriptionz.com\/wp-content\/uploads\/2023\/09\/logo.png","contentUrl":"https:\/\/buy-prescriptionz.com\/wp-content\/uploads\/2023\/09\/logo.png","width":350,"height":64,"caption":"Buy Prescriptionz"},"image":{"@id":"https:\/\/buy-prescriptionz.com\/#\/schema\/logo\/image\/"}}]}},"_links":{"self":[{"href":"https:\/\/buy-prescriptionz.com\/ro\/wp-json\/wp\/v2\/product\/3102","targetHints":{"allow":["GET"]}}],"collection":[{"href":"https:\/\/buy-prescriptionz.com\/ro\/wp-json\/wp\/v2\/product"}],"about":[{"href":"https:\/\/buy-prescriptionz.com\/ro\/wp-json\/wp\/v2\/types\/product"}],"replies":[{"embeddable":true,"href":"https:\/\/buy-prescriptionz.com\/ro\/wp-json\/wp\/v2\/comments?post=3102"}],"wp:featuredmedia":[{"embeddable":true,"href":"https:\/\/buy-prescriptionz.com\/ro\/wp-json\/wp\/v2\/media\/3132"}],"wp:attachment":[{"href":"https:\/\/buy-prescriptionz.com\/ro\/wp-json\/wp\/v2\/media?parent=3102"}],"wp:term":[{"taxonomy":"product_brand","embeddable":true,"href":"https:\/\/buy-prescriptionz.com\/ro\/wp-json\/wp\/v2\/product_brand?post=3102"},{"taxonomy":"product_cat","embeddable":true,"href":"https:\/\/buy-prescriptionz.com\/ro\/wp-json\/wp\/v2\/product_cat?post=3102"},{"taxonomy":"product_tag","embeddable":true,"href":"https:\/\/buy-prescriptionz.com\/ro\/wp-json\/wp\/v2\/product_tag?post=3102"}],"curies":[{"name":"wp","href":"https:\/\/api.w.org\/{rel}","templated":true}]}}