{"id":3104,"date":"2025-09-16T08:56:25","date_gmt":"2025-09-16T08:56:25","guid":{"rendered":"https:\/\/chemsfine.com\/newsite\/?post_type=product&#038;p=3104"},"modified":"2025-09-22T04:59:59","modified_gmt":"2025-09-22T04:59:59","slug":"cumparati-codeina-online","status":"publish","type":"product","link":"https:\/\/buy-prescriptionz.com\/ro\/produs\/cumparati-codeina-online\/","title":{"rendered":"Cump\u0103ra\u021bi Codein\u0103 Online"},"content":{"rendered":"<h2><strong>Cump\u0103ra\u021bi Codein\u0103 Online<\/strong><\/h2>\n<p>Siropul de codein\u0103 este un medicament utilizat pentru ameliorarea durerii u\u0219oare p\u00e2n\u0103 la moderat severe \u0219i pentru reducerea tusei. Acesta apar\u021bine unei clase de medicamente cunoscute sub numele de opioide, care ac\u021bioneaz\u0103 prin modificarea modului \u00een care creierul \u0219i sistemul nervos r\u0103spund la durere \u0219i prin suprimarea reflexului de tuse din creier.<\/p>\n<h3><strong>Cump\u0103ra\u021bi codein\u0103 online PROMETAZIN\u0102 SIROP DE TUSE CU CODEIN\u0102<\/strong><\/h3>\n<p>Cump\u0103ra\u021bi codein\u0103 online, cump\u0103ra\u021bi sirop de codein\u0103 cu prometazin\u0103 de v\u00e2nzare online \u00een siguran\u021b\u0103. Clorhidrat de prometazin\u0103 \u0219i sirop de fosfat de codein\u0103. Codeina este un narcotic. Este un analgezic \u0219i un antitusiv. Prometazina este un antihistaminic. Blocheaz\u0103 efectele histaminei chimice care apare \u00een mod natural \u00een organism. Siropul de codein\u0103 este un medicament utilizat pentru a ameliora durerea u\u0219oar\u0103 p\u00e2n\u0103 la moderat sever\u0103 \u0219i pentru a reduce tusea. Acesta apar\u021bine unei clase de medicamente cunoscute sub numele de opioide, care func\u021bioneaz\u0103 prin modificarea modului \u00een care creierul \u0219i sistemul nervos r\u0103spund la durere \u0219i prin suprimarea reflexului de tuse din creier.<\/p>\n<h3>Asocierea cu alte medicamente:<\/h3>\n<p>Codeina este adesea combinat\u0103 cu alte medicamente precum acetaminofenul (Tylenol) pentru a ameliora durerea. Aceast\u0103 combina\u021bie poate oferi o gestionare mai eficient\u0103 a durerii \u00een cazul afec\u021biunilor precum artrita, durerile de spate \u0219i durerile postoperatorii.<\/p>\n<h3>Cum func\u021bioneaz\u0103 siropul de codein\u0103<\/h3>\n<p>Ameliorarea durerii: Codeina se leag\u0103 de receptorii opioizi din creier \u0219i m\u0103duva spin\u0103rii, modific\u00e2nd percep\u021bia durerii \u0219i oferind ameliorare.<\/p>\n<p>Supresia tusei: Reduce activitatea \u00een partea creierului care declan\u0219eaz\u0103 tusea, reduc\u00e2nd astfel nevoia de a tu\u0219i.<\/p>\n<h3>Utilizare \u0219i dozaj<\/h3>\n<p>Dozaj: Dozajul de sirop de codein\u0103 variaz\u0103 \u00een func\u021bie de starea de s\u0103n\u0103tate, v\u00e2rst\u0103 \u0219i r\u0103spunsul la tratament al fiec\u0103rei persoane. Este important s\u0103 urma\u021bi prescrip\u021bia medicului \u0219i s\u0103 nu dep\u0103\u0219i\u021bi doza recomandat\u0103.<\/p>\n<p>Administrare: Siropul de codein\u0103 trebuie administrat oral, de obicei cu un dispozitiv de m\u0103surare pentru a asigura o dozare precis\u0103.<\/p>\n<h3>Precau\u021bii \u0219i efecte secundare<\/h3>\n<p>Reac\u021bii adverse frecvente: Somnolen\u021b\u0103, ame\u021beli, constipa\u021bie, grea\u021b\u0103 \u0219i v\u0103rs\u0103turi.<\/p>\n<p>Reac\u021bii adverse grave: Probleme respiratorii, somnolen\u021b\u0103 sever\u0103, confuzie \u0219i reac\u021bii alergice. Solicita\u021bi asisten\u021b\u0103 medical\u0103 dac\u0103 apar reac\u021bii adverse severe.<\/p>\n<h3>Precau\u021bii:<\/h3>\n<p>Risc de dependen\u021b\u0103: Codeina are poten\u021bial de abuz \u0219i dependen\u021b\u0103. Trebuie utilizat\u0103 exact a\u0219a cum este prescris de un profesionist din domeniul s\u0103n\u0103t\u0103\u021bii.<\/p>\n<p>Interac\u021biuni: Codeina poate interac\u021biona cu alte medicamente, a\u0219a c\u0103 este esen\u021bial s\u0103 informa\u021bi medicul despre toate medicamentele luate.<\/p>\n<p>Sarcina \u0219i al\u0103ptarea: Codeina trebuie utilizat\u0103 cu precau\u021bie \u00een timpul sarcinii \u0219i al\u0103pt\u0103rii, deoarece poate afecta copilul.<\/p>\n<p>Siropul de codein\u0103 este un medicament versatil care ofer\u0103 o ameliorare eficient\u0103 a durerii \u0219i suprimarea tusei. Beneficiile sale includ gestionarea durerii u\u0219oare p\u00e2n\u0103 la moderate \u0219i ameliorarea tusei uscate persistente. Cu toate acestea, din cauza poten\u021bialului s\u0103u de efecte secundare \u0219i dependen\u021b\u0103, acesta trebuie utilizat \u00een mod responsabil \u0219i numai conform prescrip\u021biei unui furnizor de servicii medicale. Pentru acces sigur \u0219i fiabil la sirop de codein\u0103, lua\u021bi \u00een considerare achizi\u021bionarea de la o farmacie de \u00eencredere \u0219i de la cea mai bun\u0103 farmacie, cum ar fi <a href=\"https:\/\/buy-prescriptionz.com\/ro\/\">Buy-Prescriptionz.com<\/a>Urma\u021bi \u00eentotdeauna \u00eendrum\u0103rile medicului dumneavoastr\u0103 \u0219i consulta\u021bi-l dac\u0103 ave\u021bi \u00eentreb\u0103ri sau nel\u0103muriri cu privire la utilizarea acestuia.<\/p>","protected":false},"excerpt":{"rendered":"<p>Buy Codeine Online Codeine syrup is a medication used to relieve mild to moderately severe pain and to reduce coughing. It belongs to a class of drugs known as opioids, which work by altering the way the brain and nervous system respond to pain and by suppressing the cough reflex in the brain. Buy Codeine [&hellip;]<\/p>","protected":false},"featured_media":3134,"comment_status":"open","ping_status":"closed","template":"","meta":{"site-sidebar-layout":"default","site-content-layout":"","ast-site-content-layout":"default","site-content-style":"default","site-sidebar-style":"default","ast-global-header-display":"","ast-banner-title-visibility":"","ast-main-header-display":"","ast-hfb-above-header-display":"","ast-hfb-below-header-display":"","ast-hfb-mobile-header-display":"","site-post-title":"","ast-breadcrumbs-content":"","ast-featured-img":"","footer-sml-layout":"","theme-transparent-header-meta":"default","adv-header-id-meta":"","stick-header-meta":"","header-above-stick-meta":"","header-main-stick-meta":"","header-below-stick-meta":"","astra-migrate-meta-layouts":"set","ast-page-background-enabled":"default","ast-page-background-meta":{"desktop":{"background-color":"var(--ast-global-color-4)","background-image":"","background-repeat":"repeat","background-position":"center center","background-size":"auto","background-attachment":"scroll","background-type":"","background-media":"","overlay-type":"","overlay-color":"","overlay-opacity":"","overlay-gradient":""},"tablet":{"background-color":"","background-image":"","background-repeat":"repeat","background-position":"center center","background-size":"auto","background-attachment":"scroll","background-type":"","background-media":"","overlay-type":"","overlay-color":"","overlay-opacity":"","overlay-gradient":""},"mobile":{"background-color":"","background-image":"","background-repeat":"repeat","background-position":"center center","background-size":"auto","background-attachment":"scroll","background-type":"","background-media":"","overlay-type":"","overlay-color":"","overlay-opacity":"","overlay-gradient":""}},"ast-content-background-meta":{"desktop":{"background-color":"var(--ast-global-color-5)","background-image":"","background-repeat":"repeat","background-position":"center center","background-size":"auto","background-attachment":"scroll","background-type":"","background-media":"","overlay-type":"","overlay-color":"","overlay-opacity":"","overlay-gradient":""},"tablet":{"background-color":"var(--ast-global-color-5)","background-image":"","background-repeat":"repeat","background-position":"center center","background-size":"auto","background-attachment":"scroll","background-type":"","background-media":"","overlay-type":"","overlay-color":"","overlay-opacity":"","overlay-gradient":""},"mobile":{"background-color":"var(--ast-global-color-5)","background-image":"","background-repeat":"repeat","background-position":"center center","background-size":"auto","background-attachment":"scroll","background-type":"","background-media":"","overlay-type":"","overlay-color":"","overlay-opacity":"","overlay-gradient":""}}},"product_brand":[],"product_cat":[2385],"product_tag":[992,993,991,986,989,988,987,990,985,984,995,994],"class_list":{"0":"post-3104","1":"product","2":"type-product","3":"status-publish","4":"has-post-thumbnail","6":"product_cat-buy-pain-killer-pills-online","7":"product_tag-buy-codeine-in-canada","8":"product_tag-buy-codeine-in-uk","9":"product_tag-buy-codeine-in-usa","10":"product_tag-buy-codeine-with-bitcoin","11":"product_tag-buy-codeine-with-credit-card","12":"product_tag-buy-codeine-with-money-gram","13":"product_tag-buy-codeine-with-western-union","14":"product_tag-buy-codeine-without-a-doctor","15":"product_tag-buy-codeine-without-prescription","16":"product_tag-codeine-for-sale","17":"product_tag-codeine-pills","18":"product_tag-codeine-tablets","19":"desktop-align-center","20":"tablet-align-left","21":"mobile-align-left","23":"first","24":"instock","25":"shipping-taxable","26":"purchasable","27":"product-type-variable","28":"has-default-attributes"},"yoast_head":"<!-- This site is optimized with the Yoast SEO plugin v25.9 - https:\/\/yoast.com\/wordpress\/plugins\/seo\/ -->\n<title>Buy Codeine Online USA - Buy Codeine Online for Sale - Buy Prescriptionz<\/title>\n<meta name=\"description\" content=\"Buy Prescriptionz Buy Codeine Online from buypresciptionz.com pharmacy store where you can Buy Codeine Online at best price without doctor&#039;s prescription.\" \/>\n<meta name=\"robots\" content=\"index, follow, max-snippet:-1, max-image-preview:large, max-video-preview:-1\" \/>\n<link rel=\"canonical\" href=\"https:\/\/buy-prescriptionz.com\/ro\/produs\/cumparati-codeina-online\/\" \/>\n<meta property=\"og:locale\" content=\"ro_RO\" \/>\n<meta property=\"og:type\" content=\"article\" \/>\n<meta property=\"og:title\" content=\"Buy Codeine Online USA - Buy Codeine Online for Sale - Buy Prescriptionz\" \/>\n<meta property=\"og:description\" content=\"Buy Prescriptionz Buy Codeine Online from buypresciptionz.com pharmacy store where you can Buy Codeine Online at best price without doctor&#039;s prescription.\" \/>\n<meta property=\"og:url\" content=\"https:\/\/buy-prescriptionz.com\/ro\/produs\/cumparati-codeina-online\/\" \/>\n<meta property=\"og:site_name\" content=\"Buy Prescriptionz\" \/>\n<meta property=\"article:modified_time\" content=\"2025-09-22T04:59:59+00:00\" \/>\n<meta property=\"og:image\" content=\"https:\/\/buy-prescriptionz.com\/wp-content\/uploads\/2025\/09\/codeine.jpg\" \/>\n\t<meta property=\"og:image:width\" content=\"400\" \/>\n\t<meta property=\"og:image:height\" content=\"300\" \/>\n\t<meta property=\"og:image:type\" content=\"image\/jpeg\" \/>\n<meta name=\"twitter:card\" content=\"summary_large_image\" \/>\n<meta name=\"twitter:label1\" content=\"Timp estimat pentru citire\" \/>\n\t<meta name=\"twitter:data1\" content=\"3 minute\" \/>\n<script type=\"application\/ld+json\" class=\"yoast-schema-graph\">{\"@context\":\"https:\/\/schema.org\",\"@graph\":[{\"@type\":\"WebPage\",\"@id\":\"https:\/\/buy-prescriptionz.com\/cs\/produkt\/koupit-kodein-online\/\",\"url\":\"https:\/\/buy-prescriptionz.com\/cs\/produkt\/koupit-kodein-online\/\",\"name\":\"Buy Codeine Online USA - Buy Codeine Online for Sale - Buy Prescriptionz\",\"isPartOf\":{\"@id\":\"https:\/\/buy-prescriptionz.com\/#website\"},\"primaryImageOfPage\":{\"@id\":\"https:\/\/buy-prescriptionz.com\/cs\/produkt\/koupit-kodein-online\/#primaryimage\"},\"image\":{\"@id\":\"https:\/\/buy-prescriptionz.com\/cs\/produkt\/koupit-kodein-online\/#primaryimage\"},\"thumbnailUrl\":\"https:\/\/buy-prescriptionz.com\/wp-content\/uploads\/2025\/09\/codeine.jpg\",\"datePublished\":\"2025-09-16T08:56:25+00:00\",\"dateModified\":\"2025-09-22T04:59:59+00:00\",\"description\":\"Buy Prescriptionz Buy Codeine Online from buypresciptionz.com pharmacy store where you can Buy Codeine Online at best price without doctor's prescription.\",\"breadcrumb\":{\"@id\":\"https:\/\/buy-prescriptionz.com\/cs\/produkt\/koupit-kodein-online\/#breadcrumb\"},\"inLanguage\":\"ro-RO\",\"potentialAction\":[{\"@type\":\"ReadAction\",\"target\":[\"https:\/\/buy-prescriptionz.com\/cs\/produkt\/koupit-kodein-online\/\"]}]},{\"@type\":\"ImageObject\",\"inLanguage\":\"ro-RO\",\"@id\":\"https:\/\/buy-prescriptionz.com\/cs\/produkt\/koupit-kodein-online\/#primaryimage\",\"url\":\"https:\/\/buy-prescriptionz.com\/wp-content\/uploads\/2025\/09\/codeine.jpg\",\"contentUrl\":\"https:\/\/buy-prescriptionz.com\/wp-content\/uploads\/2025\/09\/codeine.jpg\",\"width\":400,\"height\":300},{\"@type\":\"BreadcrumbList\",\"@id\":\"https:\/\/buy-prescriptionz.com\/cs\/produkt\/koupit-kodein-online\/#breadcrumb\",\"itemListElement\":[{\"@type\":\"ListItem\",\"position\":1,\"name\":\"Home\",\"item\":\"https:\/\/buy-prescriptionz.com\/\"},{\"@type\":\"ListItem\",\"position\":2,\"name\":\"Shop Painkillers Online\",\"item\":\"https:\/\/buy-prescriptionz.com\/shop-painkillers-online\/\"},{\"@type\":\"ListItem\",\"position\":3,\"name\":\"Buy Codeine Online\"}]},{\"@type\":\"WebSite\",\"@id\":\"https:\/\/buy-prescriptionz.com\/#website\",\"url\":\"https:\/\/buy-prescriptionz.com\/\",\"name\":\"Buy Prescriptionz\",\"description\":\"Drugs Online\",\"publisher\":{\"@id\":\"https:\/\/buy-prescriptionz.com\/#organization\"},\"potentialAction\":[{\"@type\":\"SearchAction\",\"target\":{\"@type\":\"EntryPoint\",\"urlTemplate\":\"https:\/\/buy-prescriptionz.com\/?s={search_term_string}\"},\"query-input\":{\"@type\":\"PropertyValueSpecification\",\"valueRequired\":true,\"valueName\":\"search_term_string\"}}],\"inLanguage\":\"ro-RO\"},{\"@type\":\"Organization\",\"@id\":\"https:\/\/buy-prescriptionz.com\/#organization\",\"name\":\"Buy Prescriptionz\",\"url\":\"https:\/\/buy-prescriptionz.com\/\",\"logo\":{\"@type\":\"ImageObject\",\"inLanguage\":\"ro-RO\",\"@id\":\"https:\/\/buy-prescriptionz.com\/#\/schema\/logo\/image\/\",\"url\":\"https:\/\/buy-prescriptionz.com\/wp-content\/uploads\/2023\/09\/logo.png\",\"contentUrl\":\"https:\/\/buy-prescriptionz.com\/wp-content\/uploads\/2023\/09\/logo.png\",\"width\":350,\"height\":64,\"caption\":\"Buy Prescriptionz\"},\"image\":{\"@id\":\"https:\/\/buy-prescriptionz.com\/#\/schema\/logo\/image\/\"}}]}<\/script>\n<!-- \/ Yoast SEO plugin. -->","yoast_head_json":{"title":"Cump\u0103ra\u021bi Codein\u0103 Online SUA - Cump\u0103ra\u021bi Codein\u0103 Online de V\u00e2nzare - Cump\u0103ra\u021bi Re\u021bete","description":"Buy Prescriptionz Buy Codeine Online from buypresciptionz.com pharmacy store where you can Buy Codeine Online at best price without doctor's prescription.","robots":{"index":"index","follow":"follow","max-snippet":"max-snippet:-1","max-image-preview":"max-image-preview:large","max-video-preview":"max-video-preview:-1"},"canonical":"https:\/\/buy-prescriptionz.com\/ro\/produs\/cumparati-codeina-online\/","og_locale":"ro_RO","og_type":"article","og_title":"Buy Codeine Online USA - Buy Codeine Online for Sale - Buy Prescriptionz","og_description":"Buy Prescriptionz Buy Codeine Online from buypresciptionz.com pharmacy store where you can Buy Codeine Online at best price without doctor's prescription.","og_url":"https:\/\/buy-prescriptionz.com\/ro\/produs\/cumparati-codeina-online\/","og_site_name":"Buy Prescriptionz","article_modified_time":"2025-09-22T04:59:59+00:00","og_image":[{"width":400,"height":300,"url":"https:\/\/buy-prescriptionz.com\/wp-content\/uploads\/2025\/09\/codeine.jpg","type":"image\/jpeg"}],"twitter_card":"summary_large_image","twitter_misc":{"Timp estimat pentru citire":"3 minute"},"schema":{"@context":"https:\/\/schema.org","@graph":[{"@type":"WebPage","@id":"https:\/\/buy-prescriptionz.com\/cs\/produkt\/koupit-kodein-online\/","url":"https:\/\/buy-prescriptionz.com\/cs\/produkt\/koupit-kodein-online\/","name":"Cump\u0103ra\u021bi Codein\u0103 Online SUA - Cump\u0103ra\u021bi Codein\u0103 Online de V\u00e2nzare - Cump\u0103ra\u021bi Re\u021bete","isPartOf":{"@id":"https:\/\/buy-prescriptionz.com\/#website"},"primaryImageOfPage":{"@id":"https:\/\/buy-prescriptionz.com\/cs\/produkt\/koupit-kodein-online\/#primaryimage"},"image":{"@id":"https:\/\/buy-prescriptionz.com\/cs\/produkt\/koupit-kodein-online\/#primaryimage"},"thumbnailUrl":"https:\/\/buy-prescriptionz.com\/wp-content\/uploads\/2025\/09\/codeine.jpg","datePublished":"2025-09-16T08:56:25+00:00","dateModified":"2025-09-22T04:59:59+00:00","description":"Buy Prescriptionz Buy Codeine Online from buypresciptionz.com pharmacy store where you can Buy Codeine Online at best price without doctor's prescription.","breadcrumb":{"@id":"https:\/\/buy-prescriptionz.com\/cs\/produkt\/koupit-kodein-online\/#breadcrumb"},"inLanguage":"ro-RO","potentialAction":[{"@type":"ReadAction","target":["https:\/\/buy-prescriptionz.com\/cs\/produkt\/koupit-kodein-online\/"]}]},{"@type":"ImageObject","inLanguage":"ro-RO","@id":"https:\/\/buy-prescriptionz.com\/cs\/produkt\/koupit-kodein-online\/#primaryimage","url":"https:\/\/buy-prescriptionz.com\/wp-content\/uploads\/2025\/09\/codeine.jpg","contentUrl":"https:\/\/buy-prescriptionz.com\/wp-content\/uploads\/2025\/09\/codeine.jpg","width":400,"height":300},{"@type":"BreadcrumbList","@id":"https:\/\/buy-prescriptionz.com\/cs\/produkt\/koupit-kodein-online\/#breadcrumb","itemListElement":[{"@type":"ListItem","position":1,"name":"Home","item":"https:\/\/buy-prescriptionz.com\/"},{"@type":"ListItem","position":2,"name":"Shop Painkillers Online","item":"https:\/\/buy-prescriptionz.com\/shop-painkillers-online\/"},{"@type":"ListItem","position":3,"name":"Buy Codeine Online"}]},{"@type":"WebSite","@id":"https:\/\/buy-prescriptionz.com\/#website","url":"https:\/\/buy-prescriptionz.com\/","name":"Buy Prescriptionz","description":"Medicamente online","publisher":{"@id":"https:\/\/buy-prescriptionz.com\/#organization"},"potentialAction":[{"@type":"SearchAction","target":{"@type":"EntryPoint","urlTemplate":"https:\/\/buy-prescriptionz.com\/?s={search_term_string}"},"query-input":{"@type":"PropertyValueSpecification","valueRequired":true,"valueName":"search_term_string"}}],"inLanguage":"ro-RO"},{"@type":"Organization","@id":"https:\/\/buy-prescriptionz.com\/#organization","name":"Buy Prescriptionz","url":"https:\/\/buy-prescriptionz.com\/","logo":{"@type":"ImageObject","inLanguage":"ro-RO","@id":"https:\/\/buy-prescriptionz.com\/#\/schema\/logo\/image\/","url":"https:\/\/buy-prescriptionz.com\/wp-content\/uploads\/2023\/09\/logo.png","contentUrl":"https:\/\/buy-prescriptionz.com\/wp-content\/uploads\/2023\/09\/logo.png","width":350,"height":64,"caption":"Buy Prescriptionz"},"image":{"@id":"https:\/\/buy-prescriptionz.com\/#\/schema\/logo\/image\/"}}]}},"_links":{"self":[{"href":"https:\/\/buy-prescriptionz.com\/ro\/wp-json\/wp\/v2\/product\/3104","targetHints":{"allow":["GET"]}}],"collection":[{"href":"https:\/\/buy-prescriptionz.com\/ro\/wp-json\/wp\/v2\/product"}],"about":[{"href":"https:\/\/buy-prescriptionz.com\/ro\/wp-json\/wp\/v2\/types\/product"}],"replies":[{"embeddable":true,"href":"https:\/\/buy-prescriptionz.com\/ro\/wp-json\/wp\/v2\/comments?post=3104"}],"wp:featuredmedia":[{"embeddable":true,"href":"https:\/\/buy-prescriptionz.com\/ro\/wp-json\/wp\/v2\/media\/3134"}],"wp:attachment":[{"href":"https:\/\/buy-prescriptionz.com\/ro\/wp-json\/wp\/v2\/media?parent=3104"}],"wp:term":[{"taxonomy":"product_brand","embeddable":true,"href":"https:\/\/buy-prescriptionz.com\/ro\/wp-json\/wp\/v2\/product_brand?post=3104"},{"taxonomy":"product_cat","embeddable":true,"href":"https:\/\/buy-prescriptionz.com\/ro\/wp-json\/wp\/v2\/product_cat?post=3104"},{"taxonomy":"product_tag","embeddable":true,"href":"https:\/\/buy-prescriptionz.com\/ro\/wp-json\/wp\/v2\/product_tag?post=3104"}],"curies":[{"name":"wp","href":"https:\/\/api.w.org\/{rel}","templated":true}]}}