{"id":3111,"date":"2025-09-16T08:56:26","date_gmt":"2025-09-16T08:56:26","guid":{"rendered":"https:\/\/chemsfine.com\/newsite\/?post_type=product&#038;p=3111"},"modified":"2025-09-23T07:05:30","modified_gmt":"2025-09-23T07:05:30","slug":"cumparati-comprimate-de-naproxen-online","status":"publish","type":"product","link":"https:\/\/buy-prescriptionz.com\/ro\/produs\/cumparati-comprimate-de-naproxen-online\/","title":{"rendered":"Cump\u0103ra\u021bi Naproxen Tablete Online"},"content":{"rendered":"<h2>Cump\u0103ra\u021bi Naproxen Tablete Online<\/h2>\n<p>Cump\u0103ra\u021bi Naproxen Tablete online, Naproxen Tablete poate fi cump\u0103rat online de la o farmacie de renume. Re\u00eennoirea re\u021betei de Naproxen este u\u0219oar\u0103 cu serviciul nostru online de re\u021bete private. Pur \u0219i simplu completa\u021bi chestionarul nostru online care va fi analizat de medicul nostru online. Dac\u0103 Naproxen este potrivit pentru dumneavoastr\u0103, medicul nostru online va scrie o re\u021bet\u0103 pentru dumneavoastr\u0103 pe care farmacia noastr\u0103 o va completa. Toate produsele sunt expediate din depozitul nostru din Fran\u021ba .<\/p>\n<p>Naproxenul este un analgezic care ac\u021bioneaz\u0103 \u0219i ca antiinflamator. Este adesea utilizat pentru a ameliora durerile articulare, de exemplu \u00een cazul artritei reumatoide, osteoartritei sau gutei.<\/p>\n<p>Naproxen 250mg \u0219i Naproxen 500mg sunt disponibile pentru a cump\u0103ra online de la farmacia noastr\u0103 online. Dac\u0103 nu sunte\u021bi sigur ce doz\u0103 este cea mai potrivit\u0103 pentru dumneavoastr\u0103, medicul nostru online poate determina o doz\u0103 potrivit\u0103.<\/p>\n<h3>Cum func\u021bioneaz\u0103 Naproxenul?<\/h3>\n<p>Naproxenul apar\u021bine unei clase de medicamente cunoscute sub numele de medicamente antiinflamatoare nesteroidiene (AINS). Aceste medicamente sunt utilizate pentru a ameliora durerea \u0219i inflama\u021bia \u00een tot corpul.<\/p>\n<p>Naproxenul ac\u021bioneaz\u0103 prin inhibarea unei enzime din corpul dumneavoastr\u0103 care produce substan\u021be cunoscute sub numele de prostaglandine. Prostaglandinele sunt produse ca r\u0103spuns la deteriorarea \u021besuturilor \u0219i provoac\u0103 durere \u0219i inflama\u021bie atunci c\u00e2nd sunt pr<a href=\"https:\/\/buy-prescriptionz.com\/ro\/\">e<\/a>sent.<\/p>\n<p>Sinteza prostaglandinelor \u00een organism este redus\u0103 prin blocarea unei anumite enzime numite ciclo-oxigenaz\u0103 (COX), ceea ce reduce durerea \u0219i inflama\u021bia.<\/p>\n<p>De\u0219i este posibil s\u0103 v\u0103 sim\u021bi\u021bi mai bine dup\u0103 o or\u0103 de la administrarea naproxenului, poate dura mai multe zile pentru a atinge eficacitatea maxim\u0103 dac\u0103 este administrat zilnic.<\/p>\n<p>C\u0103uta\u021bi o modalitate convenabil\u0103 de a gestiona durerea \u0219i inflama\u021bia? Comprimatele de naproxen sunt o alegere popular\u0103 pentru tratarea afec\u021biunilor precum artrita, durerile musculare \u0219i crampele menstruale. La buy-prescriptionz.com, oferim o modalitate u\u0219oar\u0103 \u0219i sigur\u0103 de a cump\u0103ra comprimate de naproxen online.<\/p>\n<p><strong>De ce s\u0103 alege\u021bi comprimatele de Naproxen?<\/strong><br \/>\nNaproxenul este un medicament antiinflamator nesteroidian (AINS) care ajut\u0103 la reducerea inflama\u021biei \u0219i a durerii. Este utilizat \u00een mod obi\u0219nuit pentru:<br \/>\nAmeliorarea artritei<br \/>\nMuscle pain<br \/>\nDureri de spate<br \/>\nCrampe menstruale<br \/>\nDureri de cap<br \/>\nDurere de din\u0163i<\/p>\n<p>Avantajele cump\u0103r\u0103rii online a comprimatelor de Naproxen<br \/>\nComoditate: Cump\u0103rarea celor mai bune comprimate de Naproxen online v\u0103 economise\u0219te timp \u0219i b\u0103t\u0103i de cap. Pute\u021bi comanda din confortul casei dvs. \u0219i pute\u021bi primi medicamentul livrat direct la u\u0219a dvs.<\/p>\n<p>Proces u\u0219or de comandat: Site-ul nostru web este u\u0219or de utilizat, facilit\u00e2nd g\u0103sirea medicamentului de care ave\u021bi nevoie \u0219i plasarea unei comenzi. Pur \u0219i simplu ad\u0103uga\u021bi produsul dorit \u00een co\u0219, finaliza\u021bi procesul de finalizare a comenzii \u0219i a\u0219tepta\u021bi livrarea.<\/p>\n<p>Pre\u021buri competitive: Pe buy-prescriptionz.com, cele mai bune farmacii ofer\u0103 pre\u021buri competitive pentru comprimatele de Naproxen. Pute\u021bi g\u0103si diverse doze pentru a se potrivi nevoilor dumneavoastr\u0103, toate la pre\u021buri accesibile.<\/p>\n<p>Informa\u021bii detaliate despre produs: De unde pot cump\u0103ra comprimate de Naproxen? Pute\u021bi g\u0103si informa\u021bii complete despre produs la cele mai bune farmacii online, precum buy-prescriptionz.com, inclusiv detalii despre dozaj, efecte secundare \u0219i instruc\u021biuni de utilizare, ajut\u00e2ndu-v\u0103 s\u0103 lua\u021bi decizii informate cu privire la achizi\u021bia dvs.<\/p>\n<p>Discreet Packaging<\/p>\n<p>Confiden\u021bialitatea dumneavoastr\u0103 este important\u0103. Ne asigur\u0103m c\u0103 toate comenzile sunt expediate \u00eentr-un ambalaj discret, astfel \u00eenc\u00e2t s\u0103 pute\u021bi primi medicamentele f\u0103r\u0103 jen\u0103 sau priviri indiscrete.<\/p>\n<p>Farmaciile online au adesea un stoc mai mare dec\u00e2t magazinele locale, asigur\u00e2ndu-se c\u0103 Best Naproxen Tablets este disponibil atunci c\u00e2nd ave\u021bi nevoie de ele, prevenind \u00eent\u00e2rzierile \u00een tratamentul dumneavoastr\u0103.<\/p>\n<p>24\/7 Availability<br \/>\nSpre deosebire de farmaciile tradi\u021bionale, farmaciile online sunt deschise 24\/7. Aceasta \u00eenseamn\u0103 c\u0103 pute\u021bi plasa o comand\u0103 oric\u00e2nd v\u0103 este convenabil, chiar \u0219i \u00een afara programului normal de lucru.<\/p>\n<h3 id=\"desc-content-2\" class=\"arrow-right-xs arrow-down-xs\">Cum pot lua Naproxen?<\/h3>\n<p>Comprimatele de naproxen se administreaz\u0103 de dou\u0103 ori pe zi, cu sau dup\u0103 o mas\u0103 sau o gustare. Fiecare comprimat trebuie luat cu un pahar de ap\u0103 \u0219i \u00eenghi\u021bit \u00eentreg.<\/p>\n<p>Lua\u021bi c\u00e2t mai pu\u021bin naproxen posibil pentru o perioad\u0103 c\u00e2t mai scurt\u0103 de timp. \u00cen timpul consulta\u021biei, medicul nostru online v\u0103 va prescrie doza cea mai potrivit\u0103 pentru dumneavoastr\u0103. Cump\u0103ra\u021bi tablete de naproxen online<\/p>\n<h3>Pot lua Naproxen \u00eempreun\u0103 cu alte medicamente?<\/h3>\n<p>Nu trebuie s\u0103 utiliza\u021bi naproxen \u00eempreun\u0103 cu alte medicamente pentru durere, cum ar fi ibuprofenul, dar \u00eel pute\u021bi lua cu acetaminofen sau cu un opioid f\u0103r\u0103 prescrip\u021bie medical\u0103, cum ar fi tramadolul, pentru o perioad\u0103 limitat\u0103 de timp.<\/p>\n<p>\u00centreba\u021bi medicul sau farmacistul dac\u0103 nu sunte\u021bi sigur ce pute\u021bi lua \u00eempreun\u0103 cu Naproxen. V\u0103 rug\u0103m s\u0103 informa\u021bi medicul nostru online despre toate medicamentele pe care le lua\u021bi \u00een prezent, inclusiv cele prescrise de medic sau disponibile f\u0103r\u0103 prescrip\u021bie medical\u0103, precum \u0219i suplimentele pentru s\u0103n\u0103tate \u0219i pe baz\u0103 de plante, \u00eenainte de a cump\u0103ra naproxen online prin intermediul serviciului nostru privat de prescrip\u021bie medical\u0103.<\/p>\n<h2 id=\"desc-content-3\" class=\"arrow-right-xs arrow-down-xs\">Side effects and cautions<\/h2>\n<pre class=\"arrow-right-xs arrow-down-xs\">Naproxenul, ca orice alt medicament, are poten\u021bialul de a provoca efecte negative. \u00cen plus, Naproxenul poate fi sau nu potrivit pentru dumneavoastr\u0103 sau situa\u021bia dumneavoastr\u0103. \u00cenainte de a comanda Naproxen de la un medic cu prescrip\u021bie medical\u0103, consulta\u021bi medicul pentru a v\u0103 asigura c\u0103 este sigur pentru dumneavoastr\u0103.<\/pre>\n<p>\u00cenainte de a \u00eencepe s\u0103 lua\u021bi naproxen, asigura\u021bi-v\u0103 c\u0103 citi\u021bi prospectul care vine odat\u0103 cu re\u021beta. Acest prospect con\u021bine informa\u021bii importante despre cum s\u0103 utiliza\u021bi naproxenul, cum s\u0103 \u00eel p\u0103stra\u021bi \u00een siguran\u021b\u0103, o list\u0103 complet\u0103 a efectelor secundare, ingredientelor \u0219i contraindica\u021biilor \u0219i ce trebuie s\u0103 face\u021bi dac\u0103 ave\u021bi o reac\u021bie advers\u0103 la naproxen.<\/p>\n<p>Pute\u021bi consulta prospectul pentru pacient pentru Naproxen online aici.<\/p>\n<h3>Cine nu ar trebui s\u0103 ia Naproxen?<\/h3>\n<p>Naproxenul nu este potrivit pentru toat\u0103 lumea. Dac\u0103 nu sunte\u021bi sigur dac\u0103 este sigur pentru dumneavoastr\u0103, discuta\u021bi cu medicul dumneavoastr\u0103 \u00eenainte de a cump\u0103ra Naproxen online.<\/p>\n<p>Nu lua\u021bi Naproxen dac\u0103:<\/p>\n<ul>\n<li>sunte\u021bi alergic la aspirin\u0103 sau la alte AINS<\/li>\n<li>sunte\u021bi alergic la naproxen sau la oricare dintre celelalte ingrediente enumerate \u00een prospectul pentru pacient<\/li>\n<li>bh\u00ed dh\u00e1 ch\u00e1s n\u00f3 n\u00edos m\u00f3 de othrais pheipteacha, fuili\u00fa n\u00f3 poll sa bholg orthu<\/li>\n<li>ave\u021bi sau a\u021bi avut ulcere stomacale, ulcere duodenale, s\u00e2nger\u0103ri la nivelul stomacului sau intestinelor<\/li>\n<\/ul>\n<p>Dac\u0103 nu sunte\u021bi sigur dac\u0103 oricare dintre cele de mai sus vi se aplic\u0103, adresa\u021bi-v\u0103 medicului dumneavoastr\u0103.<\/p>","protected":false},"excerpt":{"rendered":"<p>Buy Naproxen Tablets Online Buy Naproxen Tablets Online, Naproxen Tablets can be bought online from a reputable UK pharmacy. Renewing your Naproxen prescription is easy with our online private prescription service. Simply complete our online questionnaire which will be reviewed by our online doctor. If Naproxen is suitable for you, our online doctor will write [&hellip;]<\/p>","protected":false},"featured_media":3143,"comment_status":"open","ping_status":"closed","template":"","meta":{"site-sidebar-layout":"default","site-content-layout":"","ast-site-content-layout":"default","site-content-style":"default","site-sidebar-style":"default","ast-global-header-display":"","ast-banner-title-visibility":"","ast-main-header-display":"","ast-hfb-above-header-display":"","ast-hfb-below-header-display":"","ast-hfb-mobile-header-display":"","site-post-title":"","ast-breadcrumbs-content":"","ast-featured-img":"","footer-sml-layout":"","theme-transparent-header-meta":"default","adv-header-id-meta":"","stick-header-meta":"","header-above-stick-meta":"","header-main-stick-meta":"","header-below-stick-meta":"","astra-migrate-meta-layouts":"set","ast-page-background-enabled":"default","ast-page-background-meta":{"desktop":{"background-color":"var(--ast-global-color-4)","background-image":"","background-repeat":"repeat","background-position":"center center","background-size":"auto","background-attachment":"scroll","background-type":"","background-media":"","overlay-type":"","overlay-color":"","overlay-opacity":"","overlay-gradient":""},"tablet":{"background-color":"","background-image":"","background-repeat":"repeat","background-position":"center center","background-size":"auto","background-attachment":"scroll","background-type":"","background-media":"","overlay-type":"","overlay-color":"","overlay-opacity":"","overlay-gradient":""},"mobile":{"background-color":"","background-image":"","background-repeat":"repeat","background-position":"center center","background-size":"auto","background-attachment":"scroll","background-type":"","background-media":"","overlay-type":"","overlay-color":"","overlay-opacity":"","overlay-gradient":""}},"ast-content-background-meta":{"desktop":{"background-color":"var(--ast-global-color-5)","background-image":"","background-repeat":"repeat","background-position":"center center","background-size":"auto","background-attachment":"scroll","background-type":"","background-media":"","overlay-type":"","overlay-color":"","overlay-opacity":"","overlay-gradient":""},"tablet":{"background-color":"var(--ast-global-color-5)","background-image":"","background-repeat":"repeat","background-position":"center center","background-size":"auto","background-attachment":"scroll","background-type":"","background-media":"","overlay-type":"","overlay-color":"","overlay-opacity":"","overlay-gradient":""},"mobile":{"background-color":"var(--ast-global-color-5)","background-image":"","background-repeat":"repeat","background-position":"center center","background-size":"auto","background-attachment":"scroll","background-type":"","background-media":"","overlay-type":"","overlay-color":"","overlay-opacity":"","overlay-gradient":""}}},"product_brand":[],"product_cat":[15,2385,2146],"product_tag":[2268,2274,2267,2266,2277,2276,2272,2269,2275,2270,2278,2273,2271],"class_list":{"0":"post-3111","1":"product","2":"type-product","3":"status-publish","4":"has-post-thumbnail","6":"product_cat-buy-prescription-drugs","7":"product_cat-buy-pain-killer-pills-online","8":"product_cat-buy-cortamethasone-50ml-online","9":"product_tag-28-naproxen-500-mg-asda-naproxen","10":"product_tag-buy-naproxen-500-mg","11":"product_tag-buy-naproxen-boots","12":"product_tag-cheap-naproxen-500-mg","13":"product_tag-naproxen-220-mg","14":"product_tag-naproxen-500-mg-price","15":"product_tag-naproxen-500-mg-tablet-price","16":"product_tag-naproxen-amazon-uk","17":"product_tag-naproxen-for-sale","18":"product_tag-naproxen-price-uk","19":"product_tag-prescription-strength-naproxe","20":"product_tag-where-can-i-buy-naproxen","21":"product_tag-wockhardt-naproxen-500-mg","22":"desktop-align-center","23":"tablet-align-left","24":"mobile-align-left","26":"first","27":"instock","28":"shipping-taxable","29":"purchasable","30":"product-type-variable","31":"has-default-attributes"},"yoast_head":"<!-- This site is optimized with the Yoast SEO plugin v25.9 - https:\/\/yoast.com\/wordpress\/plugins\/seo\/ -->\n<title>Naproxen Tablets for Sale - Buy Naproxen Tablets Online<\/title>\n<meta name=\"description\" content=\"You can get Naproxen Tablets for sale at the best rates from our online store. We are here to help you buy Naproxen Tablets online. Connect with best store in town today!\" \/>\n<meta name=\"robots\" content=\"index, follow, max-snippet:-1, max-image-preview:large, max-video-preview:-1\" \/>\n<link rel=\"canonical\" href=\"https:\/\/buy-prescriptionz.com\/ro\/produs\/cumparati-comprimate-de-naproxen-online\/\" \/>\n<meta property=\"og:locale\" content=\"ro_RO\" \/>\n<meta property=\"og:type\" content=\"article\" \/>\n<meta property=\"og:title\" content=\"Naproxen Tablets for Sale - Buy Naproxen Tablets Online\" \/>\n<meta property=\"og:description\" content=\"You can get Naproxen Tablets for sale at the best rates from our online store. We are here to help you buy Naproxen Tablets online. Connect with best store in town today!\" \/>\n<meta property=\"og:url\" content=\"https:\/\/buy-prescriptionz.com\/ro\/produs\/cumparati-comprimate-de-naproxen-online\/\" \/>\n<meta property=\"og:site_name\" content=\"Buy Prescriptionz\" \/>\n<meta property=\"article:modified_time\" content=\"2025-09-23T07:05:30+00:00\" \/>\n<meta property=\"og:image\" content=\"https:\/\/buy-prescriptionz.com\/wp-content\/uploads\/2025\/09\/nnm.jpg\" \/>\n\t<meta property=\"og:image:width\" content=\"330\" \/>\n\t<meta property=\"og:image:height\" content=\"330\" \/>\n\t<meta property=\"og:image:type\" content=\"image\/jpeg\" \/>\n<meta name=\"twitter:card\" content=\"summary_large_image\" \/>\n<meta name=\"twitter:label1\" content=\"Timp estimat pentru citire\" \/>\n\t<meta name=\"twitter:data1\" content=\"4 minute\" \/>\n<script type=\"application\/ld+json\" class=\"yoast-schema-graph\">{\"@context\":\"https:\/\/schema.org\",\"@graph\":[{\"@type\":\"WebPage\",\"@id\":\"https:\/\/buy-prescriptionz.com\/product\/buy-naproxen-tablets-online\/\",\"url\":\"https:\/\/buy-prescriptionz.com\/product\/buy-naproxen-tablets-online\/\",\"name\":\"Naproxen Tablets for Sale - Buy Naproxen Tablets Online\",\"isPartOf\":{\"@id\":\"https:\/\/buy-prescriptionz.com\/#website\"},\"primaryImageOfPage\":{\"@id\":\"https:\/\/buy-prescriptionz.com\/product\/buy-naproxen-tablets-online\/#primaryimage\"},\"image\":{\"@id\":\"https:\/\/buy-prescriptionz.com\/product\/buy-naproxen-tablets-online\/#primaryimage\"},\"thumbnailUrl\":\"https:\/\/buy-prescriptionz.com\/wp-content\/uploads\/2025\/09\/nnm.jpg\",\"datePublished\":\"2025-09-16T08:56:26+00:00\",\"dateModified\":\"2025-09-23T07:05:30+00:00\",\"description\":\"You can get Naproxen Tablets for sale at the best rates from our online store. We are here to help you buy Naproxen Tablets online. Connect with best store in town today!\",\"breadcrumb\":{\"@id\":\"https:\/\/buy-prescriptionz.com\/product\/buy-naproxen-tablets-online\/#breadcrumb\"},\"inLanguage\":\"ro-RO\",\"potentialAction\":[{\"@type\":\"ReadAction\",\"target\":[\"https:\/\/buy-prescriptionz.com\/product\/buy-naproxen-tablets-online\/\"]}]},{\"@type\":\"ImageObject\",\"inLanguage\":\"ro-RO\",\"@id\":\"https:\/\/buy-prescriptionz.com\/product\/buy-naproxen-tablets-online\/#primaryimage\",\"url\":\"https:\/\/buy-prescriptionz.com\/wp-content\/uploads\/2025\/09\/nnm.jpg\",\"contentUrl\":\"https:\/\/buy-prescriptionz.com\/wp-content\/uploads\/2025\/09\/nnm.jpg\",\"width\":330,\"height\":330},{\"@type\":\"BreadcrumbList\",\"@id\":\"https:\/\/buy-prescriptionz.com\/product\/buy-naproxen-tablets-online\/#breadcrumb\",\"itemListElement\":[{\"@type\":\"ListItem\",\"position\":1,\"name\":\"Home\",\"item\":\"https:\/\/buy-prescriptionz.com\/\"},{\"@type\":\"ListItem\",\"position\":2,\"name\":\"Shop Painkillers Online\",\"item\":\"https:\/\/buy-prescriptionz.com\/shop-painkillers-online\/\"},{\"@type\":\"ListItem\",\"position\":3,\"name\":\"Buy Naproxen Tablets Online\"}]},{\"@type\":\"WebSite\",\"@id\":\"https:\/\/buy-prescriptionz.com\/#website\",\"url\":\"https:\/\/buy-prescriptionz.com\/\",\"name\":\"Buy Prescriptionz\",\"description\":\"Drugs Online\",\"publisher\":{\"@id\":\"https:\/\/buy-prescriptionz.com\/#organization\"},\"potentialAction\":[{\"@type\":\"SearchAction\",\"target\":{\"@type\":\"EntryPoint\",\"urlTemplate\":\"https:\/\/buy-prescriptionz.com\/?s={search_term_string}\"},\"query-input\":{\"@type\":\"PropertyValueSpecification\",\"valueRequired\":true,\"valueName\":\"search_term_string\"}}],\"inLanguage\":\"ro-RO\"},{\"@type\":\"Organization\",\"@id\":\"https:\/\/buy-prescriptionz.com\/#organization\",\"name\":\"Buy Prescriptionz\",\"url\":\"https:\/\/buy-prescriptionz.com\/\",\"logo\":{\"@type\":\"ImageObject\",\"inLanguage\":\"ro-RO\",\"@id\":\"https:\/\/buy-prescriptionz.com\/#\/schema\/logo\/image\/\",\"url\":\"https:\/\/buy-prescriptionz.com\/wp-content\/uploads\/2023\/09\/logo.png\",\"contentUrl\":\"https:\/\/buy-prescriptionz.com\/wp-content\/uploads\/2023\/09\/logo.png\",\"width\":350,\"height\":64,\"caption\":\"Buy Prescriptionz\"},\"image\":{\"@id\":\"https:\/\/buy-prescriptionz.com\/#\/schema\/logo\/image\/\"}}]}<\/script>\n<!-- \/ Yoast SEO plugin. -->","yoast_head_json":{"title":"Comprimate de Naproxen de v\u00e2nzare - Cump\u0103ra\u021bi comprimate de Naproxen online","description":"Pute\u021bi ob\u021bine comprimate de Naproxen de v\u00e2nzare la cele mai bune pre\u021buri din magazinul nostru online. Suntem aici pentru a v\u0103 ajuta s\u0103 cump\u0103ra\u021bi comprimate de Naproxen online. Conecta\u021bi-v\u0103 cu cel mai bun magazin din ora\u0219 ast\u0103zi!","robots":{"index":"index","follow":"follow","max-snippet":"max-snippet:-1","max-image-preview":"max-image-preview:large","max-video-preview":"max-video-preview:-1"},"canonical":"https:\/\/buy-prescriptionz.com\/ro\/produs\/cumparati-comprimate-de-naproxen-online\/","og_locale":"ro_RO","og_type":"article","og_title":"Naproxen Tablets for Sale - Buy Naproxen Tablets Online","og_description":"You can get Naproxen Tablets for sale at the best rates from our online store. We are here to help you buy Naproxen Tablets online. Connect with best store in town today!","og_url":"https:\/\/buy-prescriptionz.com\/ro\/produs\/cumparati-comprimate-de-naproxen-online\/","og_site_name":"Buy Prescriptionz","article_modified_time":"2025-09-23T07:05:30+00:00","og_image":[{"width":330,"height":330,"url":"https:\/\/buy-prescriptionz.com\/wp-content\/uploads\/2025\/09\/nnm.jpg","type":"image\/jpeg"}],"twitter_card":"summary_large_image","twitter_misc":{"Timp estimat pentru citire":"4 minute"},"schema":{"@context":"https:\/\/schema.org","@graph":[{"@type":"WebPage","@id":"https:\/\/buy-prescriptionz.com\/product\/buy-naproxen-tablets-online\/","url":"https:\/\/buy-prescriptionz.com\/product\/buy-naproxen-tablets-online\/","name":"Comprimate de Naproxen de v\u00e2nzare - Cump\u0103ra\u021bi comprimate de Naproxen online","isPartOf":{"@id":"https:\/\/buy-prescriptionz.com\/#website"},"primaryImageOfPage":{"@id":"https:\/\/buy-prescriptionz.com\/product\/buy-naproxen-tablets-online\/#primaryimage"},"image":{"@id":"https:\/\/buy-prescriptionz.com\/product\/buy-naproxen-tablets-online\/#primaryimage"},"thumbnailUrl":"https:\/\/buy-prescriptionz.com\/wp-content\/uploads\/2025\/09\/nnm.jpg","datePublished":"2025-09-16T08:56:26+00:00","dateModified":"2025-09-23T07:05:30+00:00","description":"Pute\u021bi ob\u021bine comprimate de Naproxen de v\u00e2nzare la cele mai bune pre\u021buri din magazinul nostru online. Suntem aici pentru a v\u0103 ajuta s\u0103 cump\u0103ra\u021bi comprimate de Naproxen online. Conecta\u021bi-v\u0103 cu cel mai bun magazin din ora\u0219 ast\u0103zi!","breadcrumb":{"@id":"https:\/\/buy-prescriptionz.com\/product\/buy-naproxen-tablets-online\/#breadcrumb"},"inLanguage":"ro-RO","potentialAction":[{"@type":"ReadAction","target":["https:\/\/buy-prescriptionz.com\/product\/buy-naproxen-tablets-online\/"]}]},{"@type":"ImageObject","inLanguage":"ro-RO","@id":"https:\/\/buy-prescriptionz.com\/product\/buy-naproxen-tablets-online\/#primaryimage","url":"https:\/\/buy-prescriptionz.com\/wp-content\/uploads\/2025\/09\/nnm.jpg","contentUrl":"https:\/\/buy-prescriptionz.com\/wp-content\/uploads\/2025\/09\/nnm.jpg","width":330,"height":330},{"@type":"BreadcrumbList","@id":"https:\/\/buy-prescriptionz.com\/product\/buy-naproxen-tablets-online\/#breadcrumb","itemListElement":[{"@type":"ListItem","position":1,"name":"Home","item":"https:\/\/buy-prescriptionz.com\/"},{"@type":"ListItem","position":2,"name":"Shop Painkillers Online","item":"https:\/\/buy-prescriptionz.com\/shop-painkillers-online\/"},{"@type":"ListItem","position":3,"name":"Buy Naproxen Tablets Online"}]},{"@type":"WebSite","@id":"https:\/\/buy-prescriptionz.com\/#website","url":"https:\/\/buy-prescriptionz.com\/","name":"Buy Prescriptionz","description":"Medicamente online","publisher":{"@id":"https:\/\/buy-prescriptionz.com\/#organization"},"potentialAction":[{"@type":"SearchAction","target":{"@type":"EntryPoint","urlTemplate":"https:\/\/buy-prescriptionz.com\/?s={search_term_string}"},"query-input":{"@type":"PropertyValueSpecification","valueRequired":true,"valueName":"search_term_string"}}],"inLanguage":"ro-RO"},{"@type":"Organization","@id":"https:\/\/buy-prescriptionz.com\/#organization","name":"Buy Prescriptionz","url":"https:\/\/buy-prescriptionz.com\/","logo":{"@type":"ImageObject","inLanguage":"ro-RO","@id":"https:\/\/buy-prescriptionz.com\/#\/schema\/logo\/image\/","url":"https:\/\/buy-prescriptionz.com\/wp-content\/uploads\/2023\/09\/logo.png","contentUrl":"https:\/\/buy-prescriptionz.com\/wp-content\/uploads\/2023\/09\/logo.png","width":350,"height":64,"caption":"Buy Prescriptionz"},"image":{"@id":"https:\/\/buy-prescriptionz.com\/#\/schema\/logo\/image\/"}}]}},"_links":{"self":[{"href":"https:\/\/buy-prescriptionz.com\/ro\/wp-json\/wp\/v2\/product\/3111","targetHints":{"allow":["GET"]}}],"collection":[{"href":"https:\/\/buy-prescriptionz.com\/ro\/wp-json\/wp\/v2\/product"}],"about":[{"href":"https:\/\/buy-prescriptionz.com\/ro\/wp-json\/wp\/v2\/types\/product"}],"replies":[{"embeddable":true,"href":"https:\/\/buy-prescriptionz.com\/ro\/wp-json\/wp\/v2\/comments?post=3111"}],"wp:featuredmedia":[{"embeddable":true,"href":"https:\/\/buy-prescriptionz.com\/ro\/wp-json\/wp\/v2\/media\/3143"}],"wp:attachment":[{"href":"https:\/\/buy-prescriptionz.com\/ro\/wp-json\/wp\/v2\/media?parent=3111"}],"wp:term":[{"taxonomy":"product_brand","embeddable":true,"href":"https:\/\/buy-prescriptionz.com\/ro\/wp-json\/wp\/v2\/product_brand?post=3111"},{"taxonomy":"product_cat","embeddable":true,"href":"https:\/\/buy-prescriptionz.com\/ro\/wp-json\/wp\/v2\/product_cat?post=3111"},{"taxonomy":"product_tag","embeddable":true,"href":"https:\/\/buy-prescriptionz.com\/ro\/wp-json\/wp\/v2\/product_tag?post=3111"}],"curies":[{"name":"wp","href":"https:\/\/api.w.org\/{rel}","templated":true}]}}