{"id":965,"date":"2019-04-12T17:48:19","date_gmt":"2019-04-12T17:48:19","guid":{"rendered":"https:\/\/buyprescriptionz.com\/?page_id=965"},"modified":"2019-04-12T17:52:15","modified_gmt":"2019-04-12T17:52:15","slug":"about-us","status":"publish","type":"page","link":"https:\/\/buy-prescriptionz.com\/sv\/about-us\/","title":{"rendered":"Om oss"},"content":{"rendered":"<p style=\"text-align: justify;\">K\u00f6p Prescriptionz: En anm\u00e4rkningsv\u00e4rd l\u00e4kemedelsorganisation som \u00e4r etablerad i Albany, NY 12223 (USA). Vi \u00e4r grossist, tillverkare, distribut\u00f6r, handlare, \u00e5terf\u00f6rs\u00e4ljare och export\u00f6r. Vi riktar i grunden v\u00e5ra aff\u00e4rs\u00f6vningar i USA, Australien, Storbritannien och Europa.<\/p>\n<p style=\"text-align: justify;\">P\u00e5 detta s\u00e4tt, n\u00e4r vi pratar om dessa mediciner eller farmaceutiska f\u00f6rem\u00e5l, \u00e4r de lika v\u00e4rdefulla som os\u00e4kra.<\/p>\n<p style=\"text-align: justify;\">Den p\u00e5litliga relation som vi har f\u00e5tt fr\u00e5n v\u00e5ra kunder genom v\u00e5ra aff\u00e4rs\u00f6vningar tar oss allt mer fram\u00e5t mot ditt v\u00e4lbefinnande. P\u00e5 s\u00e5 s\u00e4tt kommer vi att tillfredsst\u00e4lla dina \u00f6nskem\u00e5l.<\/p>\n<p style=\"text-align: justify;\">K\u00f6p Prescriptionz tillverkar ett hj\u00e4rtligt omr\u00e5de som f\u00f6rmedlar ett brett spektrum av terapeutiska mediciner med fullst\u00e4ndiga f\u00f6rsiktighets\u00e5tg\u00e4rder. Vi \u00e4r \u00f6verallt f\u00f6rberedda f\u00f6r dig och som ett resultat av dig \u00e4r vi h\u00e4r. Vi lovar dig f\u00f6r alla v\u00e5ra f\u00f6rem\u00e5l \u00e4r skyddade och kvaliteten \u00e4r bra.<\/p>\n<p style=\"text-align: justify;\"><strong>Vi handlar framf\u00f6r allt med nedanst\u00e5ende produkter:<\/strong><\/p>\n<ul style=\"text-align: justify;\">\n<li>Anabola steroider<\/li>\n<li>Receptbelagda l\u00e4kemedel<\/li>\n<li>Depressants and Anxiety<\/li>\n<li>Hallucinogener<\/li>\n<li>Marijuana and Hashish<\/li>\n<li>Opioider<\/li>\n<li>Piller<\/li>\n<li>Stimulantia<\/li>\n<\/ul>\n<p style=\"text-align: justify;\">V\u00e5r administration f\u00f6rv\u00e4rra befattningshavare, transport administration, och drog specialist konferens. Vilket \u00e4r f\u00f6r din v\u00e4lf\u00e4rd.<\/p>\n<p style=\"text-align: justify;\">V\u00e5r organisation Buy Prescriptionz motsvarar alla \u00f6ppna d\u00f6rrar oavsett vad som \u00e4r status, k\u00f6n, v\u00e4lbefinnande, spr\u00e5k, religion, \u00e5lder och sexuell introduktion. Vi presenterar med dig och f\u00f6r dig i allm\u00e4nhet.<\/p>\n<p style=\"text-align: justify;\">V\u00e5r personal l\u00e4gger lager i b\u00e4sta administration och kvalitet f\u00f6r dig. L\u00e4ngs dessa linjer f\u00e5r vi den personalstyrka som indikeras av ditt behov. Vi f\u00f6rberedde v\u00e5r personal generellt f\u00f6rdelaktigt och uppdaterar f\u00f6r dig med m\u00e5let att vi kan ge dig det b\u00e4sta. Vi tar itu med din tid och ditt v\u00e4lbefinnande, det \u00e4r v\u00e5r avsikt.<\/p>\n<p style=\"text-align: justify;\">V\u00e5r avsikt \u00e4r att f\u00f6rmedla apoteksadministration av b\u00e4sta klass och s\u00e4ker medicinering med dina stora v\u00e4lbefinnandem\u00e5l. Vi \u00e4r duktiga.<\/p>\n<p style=\"text-align: justify;\">Vi ser till att v\u00e5r administration ska vara m\u00e5ttlig och du kan handla n\u00e4r och var som helst. Vi f\u00f6rhandlar inte med ditt v\u00e4lbefinnande.<\/p>\n<p style=\"text-align: justify;\">Ang\u00e5ende v\u00e5rt n\u00e4rliggande n\u00e4tverk Buy Prescriptionz, f\u00f6rst\u00e5 ditt krav p\u00e5 h\u00e4pnadsv\u00e4ckande h\u00e4nsyn fr\u00e5n oss. L\u00e4ngs dessa linjer, att du inte beh\u00f6ver resa eller fr\u00e5ga mer.<\/p>\n<p style=\"text-align: justify;\">Faktum \u00e4r att \u00e4ven vi tror f\u00f6r det n\u00e4rliggande n\u00e4tverket, tillverkade vi v\u00e5r ryktbarhet och namn i apoteket.<\/p>\n<p style=\"text-align: justify;\">Vi g\u00f6r v\u00e5r administration b\u00e4st f\u00f6r dig med v\u00e5ra otroliga anstr\u00e4ngningar.<\/p>\n<p style=\"text-align: justify;\">Ditt f\u00f6rtroende, v\u00e5ra anstr\u00e4ngningar.<\/p>\n<p style=\"text-align: justify;\"><strong>F\u00d6R ALLA YTTERLIGARE FR\u00c5GOR ELLER DETALJER KAN DU \u00c4VEN KONTAKTA OSS P\u00c5:<\/strong><\/p>\n<p style=\"text-align: justify;\"><strong>Adress:<\/strong> 115 Fire Access Road, Albany, NY 12223 (USA)<\/p>\n<p style=\"text-align: justify;\"><strong>E-post:<\/strong> info@buy-prescriptionz.com<\/p>\n<p style=\"text-align: justify;\"><strong>Ring\/WhatsApp:<\/strong> +1 (510) 972-3097<\/p>","protected":false},"excerpt":{"rendered":"<p>Buy Prescriptionz: A notable pharmaceutical organization that is set up in Albany, NY 12223 (USA). We are Wholesaler, Manufacturer, Distributor, Trader, Retailer, and Exporter. We fundamentally direct our business exercises in the USA, Australia, United Kingdom, and Europe. In this way, as we talk about these medications or pharmaceutical item they are valuable just as [&hellip;]<\/p>","protected":false},"author":1,"featured_media":0,"parent":0,"menu_order":0,"comment_status":"open","ping_status":"open","template":"","meta":{"site-sidebar-layout":"default","site-content-layout":"","ast-site-content-layout":"default","site-content-style":"default","site-sidebar-style":"default","ast-global-header-display":"","ast-banner-title-visibility":"","ast-main-header-display":"","ast-hfb-above-header-display":"","ast-hfb-below-header-display":"","ast-hfb-mobile-header-display":"","site-post-title":"","ast-breadcrumbs-content":"","ast-featured-img":"","footer-sml-layout":"","theme-transparent-header-meta":"","adv-header-id-meta":"","stick-header-meta":"","header-above-stick-meta":"","header-main-stick-meta":"","header-below-stick-meta":"","astra-migrate-meta-layouts":"default","ast-page-background-enabled":"default","ast-page-background-meta":{"desktop":{"background-color":"var(--ast-global-color-4)","background-image":"","background-repeat":"repeat","background-position":"center center","background-size":"auto","background-attachment":"scroll","background-type":"","background-media":"","overlay-type":"","overlay-color":"","overlay-opacity":"","overlay-gradient":""},"tablet":{"background-color":"","background-image":"","background-repeat":"repeat","background-position":"center center","background-size":"auto","background-attachment":"scroll","background-type":"","background-media":"","overlay-type":"","overlay-color":"","overlay-opacity":"","overlay-gradient":""},"mobile":{"background-color":"","background-image":"","background-repeat":"repeat","background-position":"center center","background-size":"auto","background-attachment":"scroll","background-type":"","background-media":"","overlay-type":"","overlay-color":"","overlay-opacity":"","overlay-gradient":""}},"ast-content-background-meta":{"desktop":{"background-color":"var(--ast-global-color-5)","background-image":"","background-repeat":"repeat","background-position":"center center","background-size":"auto","background-attachment":"scroll","background-type":"","background-media":"","overlay-type":"","overlay-color":"","overlay-opacity":"","overlay-gradient":""},"tablet":{"background-color":"var(--ast-global-color-5)","background-image":"","background-repeat":"repeat","background-position":"center center","background-size":"auto","background-attachment":"scroll","background-type":"","background-media":"","overlay-type":"","overlay-color":"","overlay-opacity":"","overlay-gradient":""},"mobile":{"background-color":"var(--ast-global-color-5)","background-image":"","background-repeat":"repeat","background-position":"center center","background-size":"auto","background-attachment":"scroll","background-type":"","background-media":"","overlay-type":"","overlay-color":"","overlay-opacity":"","overlay-gradient":""}},"footnotes":""},"class_list":["post-965","page","type-page","status-publish","hentry"],"yoast_head":"<!-- This site is optimized with the Yoast SEO plugin v25.9 - https:\/\/yoast.com\/wordpress\/plugins\/seo\/ -->\n<title>About us - Buy Prescriptionz<\/title>\n<meta name=\"robots\" content=\"index, follow, max-snippet:-1, max-image-preview:large, max-video-preview:-1\" \/>\n<link rel=\"canonical\" href=\"https:\/\/buy-prescriptionz.com\/sv\/about-us\/\" \/>\n<meta property=\"og:locale\" content=\"sv_SE\" \/>\n<meta property=\"og:type\" content=\"article\" \/>\n<meta property=\"og:title\" content=\"About us - Buy Prescriptionz\" \/>\n<meta property=\"og:description\" content=\"Buy Prescriptionz: A notable pharmaceutical organization that is set up in Albany, NY 12223 (USA). We are Wholesaler, Manufacturer, Distributor, Trader, Retailer, and Exporter. We fundamentally direct our business exercises in the USA, Australia, United Kingdom, and Europe. In this way, as we talk about these medications or pharmaceutical item they are valuable just as [&hellip;]\" \/>\n<meta property=\"og:url\" content=\"https:\/\/buy-prescriptionz.com\/sv\/about-us\/\" \/>\n<meta property=\"og:site_name\" content=\"Buy Prescriptionz\" \/>\n<meta property=\"article:modified_time\" content=\"2019-04-12T17:52:15+00:00\" \/>\n<meta name=\"twitter:card\" content=\"summary_large_image\" \/>\n<meta name=\"twitter:label1\" content=\"Ber\u00e4knad l\u00e4stid\" \/>\n\t<meta name=\"twitter:data1\" content=\"2 minuter\" \/>\n<script type=\"application\/ld+json\" class=\"yoast-schema-graph\">{\"@context\":\"https:\/\/schema.org\",\"@graph\":[{\"@type\":\"WebPage\",\"@id\":\"https:\/\/buy-prescriptionz.com\/about-us\/\",\"url\":\"https:\/\/buy-prescriptionz.com\/about-us\/\",\"name\":\"About us - Buy Prescriptionz\",\"isPartOf\":{\"@id\":\"https:\/\/buy-prescriptionz.com\/#website\"},\"datePublished\":\"2019-04-12T17:48:19+00:00\",\"dateModified\":\"2019-04-12T17:52:15+00:00\",\"breadcrumb\":{\"@id\":\"https:\/\/buy-prescriptionz.com\/about-us\/#breadcrumb\"},\"inLanguage\":\"sv-SE\",\"potentialAction\":[{\"@type\":\"ReadAction\",\"target\":[\"https:\/\/buy-prescriptionz.com\/about-us\/\"]}]},{\"@type\":\"BreadcrumbList\",\"@id\":\"https:\/\/buy-prescriptionz.com\/about-us\/#breadcrumb\",\"itemListElement\":[{\"@type\":\"ListItem\",\"position\":1,\"name\":\"Home\",\"item\":\"https:\/\/buy-prescriptionz.com\/\"},{\"@type\":\"ListItem\",\"position\":2,\"name\":\"About us\"}]},{\"@type\":\"WebSite\",\"@id\":\"https:\/\/buy-prescriptionz.com\/#website\",\"url\":\"https:\/\/buy-prescriptionz.com\/\",\"name\":\"Buy Prescriptionz\",\"description\":\"Drugs Online\",\"publisher\":{\"@id\":\"https:\/\/buy-prescriptionz.com\/#organization\"},\"potentialAction\":[{\"@type\":\"SearchAction\",\"target\":{\"@type\":\"EntryPoint\",\"urlTemplate\":\"https:\/\/buy-prescriptionz.com\/?s={search_term_string}\"},\"query-input\":{\"@type\":\"PropertyValueSpecification\",\"valueRequired\":true,\"valueName\":\"search_term_string\"}}],\"inLanguage\":\"sv-SE\"},{\"@type\":\"Organization\",\"@id\":\"https:\/\/buy-prescriptionz.com\/#organization\",\"name\":\"Buy Prescriptionz\",\"url\":\"https:\/\/buy-prescriptionz.com\/\",\"logo\":{\"@type\":\"ImageObject\",\"inLanguage\":\"sv-SE\",\"@id\":\"https:\/\/buy-prescriptionz.com\/#\/schema\/logo\/image\/\",\"url\":\"https:\/\/buy-prescriptionz.com\/wp-content\/uploads\/2023\/09\/logo.png\",\"contentUrl\":\"https:\/\/buy-prescriptionz.com\/wp-content\/uploads\/2023\/09\/logo.png\",\"width\":350,\"height\":64,\"caption\":\"Buy Prescriptionz\"},\"image\":{\"@id\":\"https:\/\/buy-prescriptionz.com\/#\/schema\/logo\/image\/\"}}]}<\/script>\n<!-- \/ Yoast SEO plugin. -->","yoast_head_json":{"title":"About us - Buy Prescriptionz","robots":{"index":"index","follow":"follow","max-snippet":"max-snippet:-1","max-image-preview":"max-image-preview:large","max-video-preview":"max-video-preview:-1"},"canonical":"https:\/\/buy-prescriptionz.com\/sv\/about-us\/","og_locale":"sv_SE","og_type":"article","og_title":"About us - Buy Prescriptionz","og_description":"Buy Prescriptionz: A notable pharmaceutical organization that is set up in Albany, NY 12223 (USA). We are Wholesaler, Manufacturer, Distributor, Trader, Retailer, and Exporter. We fundamentally direct our business exercises in the USA, Australia, United Kingdom, and Europe. In this way, as we talk about these medications or pharmaceutical item they are valuable just as [&hellip;]","og_url":"https:\/\/buy-prescriptionz.com\/sv\/about-us\/","og_site_name":"Buy Prescriptionz","article_modified_time":"2019-04-12T17:52:15+00:00","twitter_card":"summary_large_image","twitter_misc":{"Ber\u00e4knad l\u00e4stid":"2 minuter"},"schema":{"@context":"https:\/\/schema.org","@graph":[{"@type":"WebPage","@id":"https:\/\/buy-prescriptionz.com\/about-us\/","url":"https:\/\/buy-prescriptionz.com\/about-us\/","name":"About us - Buy Prescriptionz","isPartOf":{"@id":"https:\/\/buy-prescriptionz.com\/#website"},"datePublished":"2019-04-12T17:48:19+00:00","dateModified":"2019-04-12T17:52:15+00:00","breadcrumb":{"@id":"https:\/\/buy-prescriptionz.com\/about-us\/#breadcrumb"},"inLanguage":"sv-SE","potentialAction":[{"@type":"ReadAction","target":["https:\/\/buy-prescriptionz.com\/about-us\/"]}]},{"@type":"BreadcrumbList","@id":"https:\/\/buy-prescriptionz.com\/about-us\/#breadcrumb","itemListElement":[{"@type":"ListItem","position":1,"name":"Home","item":"https:\/\/buy-prescriptionz.com\/"},{"@type":"ListItem","position":2,"name":"About us"}]},{"@type":"WebSite","@id":"https:\/\/buy-prescriptionz.com\/#website","url":"https:\/\/buy-prescriptionz.com\/","name":"Buy Prescriptionz","description":"Droger p\u00e5 n\u00e4tet","publisher":{"@id":"https:\/\/buy-prescriptionz.com\/#organization"},"potentialAction":[{"@type":"SearchAction","target":{"@type":"EntryPoint","urlTemplate":"https:\/\/buy-prescriptionz.com\/?s={search_term_string}"},"query-input":{"@type":"PropertyValueSpecification","valueRequired":true,"valueName":"search_term_string"}}],"inLanguage":"sv-SE"},{"@type":"Organization","@id":"https:\/\/buy-prescriptionz.com\/#organization","name":"Buy Prescriptionz","url":"https:\/\/buy-prescriptionz.com\/","logo":{"@type":"ImageObject","inLanguage":"sv-SE","@id":"https:\/\/buy-prescriptionz.com\/#\/schema\/logo\/image\/","url":"https:\/\/buy-prescriptionz.com\/wp-content\/uploads\/2023\/09\/logo.png","contentUrl":"https:\/\/buy-prescriptionz.com\/wp-content\/uploads\/2023\/09\/logo.png","width":350,"height":64,"caption":"Buy Prescriptionz"},"image":{"@id":"https:\/\/buy-prescriptionz.com\/#\/schema\/logo\/image\/"}}]}},"_links":{"self":[{"href":"https:\/\/buy-prescriptionz.com\/sv\/wp-json\/wp\/v2\/pages\/965","targetHints":{"allow":["GET"]}}],"collection":[{"href":"https:\/\/buy-prescriptionz.com\/sv\/wp-json\/wp\/v2\/pages"}],"about":[{"href":"https:\/\/buy-prescriptionz.com\/sv\/wp-json\/wp\/v2\/types\/page"}],"author":[{"embeddable":true,"href":"https:\/\/buy-prescriptionz.com\/sv\/wp-json\/wp\/v2\/users\/1"}],"replies":[{"embeddable":true,"href":"https:\/\/buy-prescriptionz.com\/sv\/wp-json\/wp\/v2\/comments?post=965"}],"version-history":[{"count":0,"href":"https:\/\/buy-prescriptionz.com\/sv\/wp-json\/wp\/v2\/pages\/965\/revisions"}],"wp:attachment":[{"href":"https:\/\/buy-prescriptionz.com\/sv\/wp-json\/wp\/v2\/media?parent=965"}],"curies":[{"name":"wp","href":"https:\/\/api.w.org\/{rel}","templated":true}]}}