{"id":978,"date":"2019-05-08T05:46:53","date_gmt":"2019-05-08T05:46:53","guid":{"rendered":"https:\/\/buyprescriptionz.com\/?page_id=978"},"modified":"2019-05-08T05:46:53","modified_gmt":"2019-05-08T05:46:53","slug":"ayurvedic-urea","status":"publish","type":"page","link":"https:\/\/buy-prescriptionz.com\/sv\/ayurvedic-urea\/","title":{"rendered":"Ayurvedisk urea"},"content":{"rendered":"<h3 style=\"text-align: justify;\">Vad \u00e4r ayurvedisk urea p\u00e5 Buyprescriptionz Pharmacy?<\/h3>\n<p style=\"text-align: justify;\">Ayurvedisk urea \u00e4r den legit h\u00f6jd\u00f6kande medicinen som finns tillg\u00e4nglig i v\u00e4rlden som inte har n\u00e5gra biverkningar, men som har begr\u00e4nsat arbete p\u00e5 \u00e5lder fr\u00e5n 16-40 \u00e5r. Du kan\u00a0<strong>buy Ayurvedic Urea online\u00a0<\/strong>i v\u00e4tska och pulver, och det kanske inte \u00e4r billigt.<\/p>\n<p style=\"text-align: justify;\"><strong>Dhatrumurgasiniy: Magisk \u00f6rt fr\u00e5n Himalaya<\/strong><\/p>\n<p style=\"text-align: justify;\"><strong>K\u00f6p Ayurvedic Urea\u00a0<\/strong>med den magiska \u00f6rten som huvudingrediens. Den \u00e4r karakteriserad som en av de s\u00e4llsynta \u00f6rterna som finns i Himalayas tjocka vildmarker runt Nepal, s\u00f6dra Asien. Vi har\u00a0<strong>Ayurvedisk urea online\u00a0<\/strong>till \u00f6verkomliga priser.<\/p>\n<p style=\"text-align: justify;\"><strong>Ayurvedisk urea till salu fr\u00e5n\u00a0<\/strong>Sydasiens magiska hem av \u00f6rter och fr\u00e4sande biologisk m\u00e5ngfald som b\u00e4st f\u00f6r \u00f6gonen. Dhatrumurgasiniy \u00e4r en kostsam \u00f6rt som hittats och \u00e4r otillg\u00e4nglig \u00e4n saffran.\u00a0<strong>Hur man k\u00f6per ayurvedisk urea online,\u00a0<\/strong>det \u00e4r enkelt, best\u00e4ll din kvantitet p\u00e5 buy-prescriptionz.com.<\/p>\n<p style=\"text-align: justify;\"><strong>Skaffa \u00e5tg\u00e4rder: Ayurvedisk ureas huvudingrediens<\/strong><\/p>\n<p style=\"text-align: justify;\">Detta kan vara det b\u00e4sta alternativet f\u00f6r dig att veta\u00a0<strong>var kan man k\u00f6pa ayurvedisk urea online<\/strong>\u00a0med en konsoliderad anstr\u00e4ngning av den officiella leverant\u00f6ren av ayurvedisk urea p\u00e5 buy-prescriptionz.com. Hos oss kan du\u00a0<strong>k\u00f6p ayurvedisk urea utan recept\u00a0<\/strong>och<strong>\u00a0till doktorn\u00a0<\/strong>vid varje efterfr\u00e5gad kvantitet och kvalitet.<\/p>\n<h3 style=\"text-align: justify;\">Hur fungerar ayurvedisk urea n\u00e4r man k\u00f6per den online?<\/h3>\n<p style=\"text-align: justify;\">Ayurvedisk urea fungerar genom att hj\u00e4lpa tillv\u00e4xtcellerna i m\u00e4nskliga ben och bildandet av nya celler i ben.<\/p>\n<p style=\"text-align: justify;\">De fokuserade omr\u00e5dena \u00e4r dina\u00a0<strong>best\u00e4lla\u00a0<\/strong>av\u00a0<strong>Ayurvedisk urea online<\/strong>\u00a0\u00e4r ben (max 5 tum), ryggm\u00e4rg (max 3 tum) och nacke (max 1 tum).<\/p>\n<p style=\"text-align: justify;\"><strong>V\u00e5r ayurvediska urea finns i pulver, v\u00e4tska och \u00f6rter och best\u00e5r av mikrober som hj\u00e4lper till att snabbt skapa benceller. Dessa mikrober ses i f\u00f6r\u00e4ndring med Dhatrumurgasiniy p\u00e5 f\u00f6ljande s\u00e4tt:<\/strong><\/p>\n<ul style=\"text-align: justify;\">\n<li>Konservativ v\u00e4vnad<\/li>\n<li>Spongv\u00e4vnad<\/li>\n<li>Subkondral v\u00e4vnad<\/li>\n<li>osteoblaster<\/li>\n<li>Osteoklast<\/li>\n<li>Osteocyter<\/li>\n<li>Hematopoetisk<\/li>\n<\/ul>\n<p style=\"text-align: justify;\">Intaget belopp f\u00f6r att fokusera och leverera p\u00e5 ditt m\u00e5l medan\u00a0<strong>Att k\u00f6pa Ayurvedic Urea online till ett billigt pris med diskret f\u00f6rpackning\u00a0<\/strong>och med<strong>\u00a0snabb och s\u00e4ker fraktservice.<\/strong><\/p>\n<p style=\"text-align: justify;\"><strong>Vi levererar l\u00e4kemedlet med v\u00e5r\u00a0snabba och s\u00e4kra leveranstj\u00e4nst\u00a0i f\u00f6ljande kvantitet och pris:<\/strong><\/p>\n<ul>\n<li style=\"text-align: justify;\">2 tum (10 kg) = $1500<\/li>\n<li style=\"text-align: justify;\">4 tum (25 kg) = $2500<\/li>\n<li style=\"text-align: justify;\">6 tum (42 kg) = $4000<\/li>\n<li style=\"text-align: justify;\">8 tum (56 kg) = $6000<\/li>\n<\/ul>","protected":false},"excerpt":{"rendered":"<p>What is Ayurvedic Urea at Buyprescriptionz Pharmacy? Ayurvedic Urea is the legit height increasing medication available in the world that has no side-effects, but it has limited working on age from 16-40 years. You can\u00a0buy Ayurvedic Urea online\u00a0in liquid and powder, and it may not come cheap. Dhatrumurgasiniy: Magical Herb from the Himalayas Buy Ayurvedic [&hellip;]<\/p>","protected":false},"author":1,"featured_media":0,"parent":0,"menu_order":0,"comment_status":"open","ping_status":"open","template":"","meta":{"site-sidebar-layout":"default","site-content-layout":"","ast-site-content-layout":"default","site-content-style":"default","site-sidebar-style":"default","ast-global-header-display":"","ast-banner-title-visibility":"","ast-main-header-display":"","ast-hfb-above-header-display":"","ast-hfb-below-header-display":"","ast-hfb-mobile-header-display":"","site-post-title":"","ast-breadcrumbs-content":"","ast-featured-img":"","footer-sml-layout":"","theme-transparent-header-meta":"","adv-header-id-meta":"","stick-header-meta":"","header-above-stick-meta":"","header-main-stick-meta":"","header-below-stick-meta":"","astra-migrate-meta-layouts":"default","ast-page-background-enabled":"default","ast-page-background-meta":{"desktop":{"background-color":"var(--ast-global-color-4)","background-image":"","background-repeat":"repeat","background-position":"center center","background-size":"auto","background-attachment":"scroll","background-type":"","background-media":"","overlay-type":"","overlay-color":"","overlay-opacity":"","overlay-gradient":""},"tablet":{"background-color":"","background-image":"","background-repeat":"repeat","background-position":"center center","background-size":"auto","background-attachment":"scroll","background-type":"","background-media":"","overlay-type":"","overlay-color":"","overlay-opacity":"","overlay-gradient":""},"mobile":{"background-color":"","background-image":"","background-repeat":"repeat","background-position":"center center","background-size":"auto","background-attachment":"scroll","background-type":"","background-media":"","overlay-type":"","overlay-color":"","overlay-opacity":"","overlay-gradient":""}},"ast-content-background-meta":{"desktop":{"background-color":"var(--ast-global-color-5)","background-image":"","background-repeat":"repeat","background-position":"center center","background-size":"auto","background-attachment":"scroll","background-type":"","background-media":"","overlay-type":"","overlay-color":"","overlay-opacity":"","overlay-gradient":""},"tablet":{"background-color":"var(--ast-global-color-5)","background-image":"","background-repeat":"repeat","background-position":"center center","background-size":"auto","background-attachment":"scroll","background-type":"","background-media":"","overlay-type":"","overlay-color":"","overlay-opacity":"","overlay-gradient":""},"mobile":{"background-color":"var(--ast-global-color-5)","background-image":"","background-repeat":"repeat","background-position":"center center","background-size":"auto","background-attachment":"scroll","background-type":"","background-media":"","overlay-type":"","overlay-color":"","overlay-opacity":"","overlay-gradient":""}},"footnotes":""},"class_list":["post-978","page","type-page","status-publish","hentry"],"yoast_head":"<!-- This site is optimized with the Yoast SEO plugin v25.9 - https:\/\/yoast.com\/wordpress\/plugins\/seo\/ -->\n<title>Ayurvedic Urea - Buy Prescriptionz<\/title>\n<meta name=\"robots\" content=\"index, follow, max-snippet:-1, max-image-preview:large, max-video-preview:-1\" \/>\n<link rel=\"canonical\" href=\"https:\/\/buy-prescriptionz.com\/sv\/ayurvedic-urea\/\" \/>\n<meta property=\"og:locale\" content=\"sv_SE\" \/>\n<meta property=\"og:type\" content=\"article\" \/>\n<meta property=\"og:title\" content=\"Ayurvedic Urea - Buy Prescriptionz\" \/>\n<meta property=\"og:description\" content=\"What is Ayurvedic Urea at Buyprescriptionz Pharmacy? Ayurvedic Urea is the legit height increasing medication available in the world that has no side-effects, but it has limited working on age from 16-40 years. You can\u00a0buy Ayurvedic Urea online\u00a0in liquid and powder, and it may not come cheap. Dhatrumurgasiniy: Magical Herb from the Himalayas Buy Ayurvedic [&hellip;]\" \/>\n<meta property=\"og:url\" content=\"https:\/\/buy-prescriptionz.com\/sv\/ayurvedic-urea\/\" \/>\n<meta property=\"og:site_name\" content=\"Buy Prescriptionz\" \/>\n<meta name=\"twitter:card\" content=\"summary_large_image\" \/>\n<meta name=\"twitter:label1\" content=\"Ber\u00e4knad l\u00e4stid\" \/>\n\t<meta name=\"twitter:data1\" content=\"2 minuter\" \/>\n<script type=\"application\/ld+json\" class=\"yoast-schema-graph\">{\"@context\":\"https:\/\/schema.org\",\"@graph\":[{\"@type\":\"WebPage\",\"@id\":\"https:\/\/buy-prescriptionz.com\/ayurvedic-urea\/\",\"url\":\"https:\/\/buy-prescriptionz.com\/ayurvedic-urea\/\",\"name\":\"Ayurvedic Urea - Buy Prescriptionz\",\"isPartOf\":{\"@id\":\"https:\/\/buy-prescriptionz.com\/#website\"},\"datePublished\":\"2019-05-08T05:46:53+00:00\",\"breadcrumb\":{\"@id\":\"https:\/\/buy-prescriptionz.com\/ayurvedic-urea\/#breadcrumb\"},\"inLanguage\":\"sv-SE\",\"potentialAction\":[{\"@type\":\"ReadAction\",\"target\":[\"https:\/\/buy-prescriptionz.com\/ayurvedic-urea\/\"]}]},{\"@type\":\"BreadcrumbList\",\"@id\":\"https:\/\/buy-prescriptionz.com\/ayurvedic-urea\/#breadcrumb\",\"itemListElement\":[{\"@type\":\"ListItem\",\"position\":1,\"name\":\"Home\",\"item\":\"https:\/\/buy-prescriptionz.com\/\"},{\"@type\":\"ListItem\",\"position\":2,\"name\":\"Ayurvedic Urea\"}]},{\"@type\":\"WebSite\",\"@id\":\"https:\/\/buy-prescriptionz.com\/#website\",\"url\":\"https:\/\/buy-prescriptionz.com\/\",\"name\":\"Buy Prescriptionz\",\"description\":\"Drugs Online\",\"publisher\":{\"@id\":\"https:\/\/buy-prescriptionz.com\/#organization\"},\"potentialAction\":[{\"@type\":\"SearchAction\",\"target\":{\"@type\":\"EntryPoint\",\"urlTemplate\":\"https:\/\/buy-prescriptionz.com\/?s={search_term_string}\"},\"query-input\":{\"@type\":\"PropertyValueSpecification\",\"valueRequired\":true,\"valueName\":\"search_term_string\"}}],\"inLanguage\":\"sv-SE\"},{\"@type\":\"Organization\",\"@id\":\"https:\/\/buy-prescriptionz.com\/#organization\",\"name\":\"Buy Prescriptionz\",\"url\":\"https:\/\/buy-prescriptionz.com\/\",\"logo\":{\"@type\":\"ImageObject\",\"inLanguage\":\"sv-SE\",\"@id\":\"https:\/\/buy-prescriptionz.com\/#\/schema\/logo\/image\/\",\"url\":\"https:\/\/buy-prescriptionz.com\/wp-content\/uploads\/2023\/09\/logo.png\",\"contentUrl\":\"https:\/\/buy-prescriptionz.com\/wp-content\/uploads\/2023\/09\/logo.png\",\"width\":350,\"height\":64,\"caption\":\"Buy Prescriptionz\"},\"image\":{\"@id\":\"https:\/\/buy-prescriptionz.com\/#\/schema\/logo\/image\/\"}}]}<\/script>\n<!-- \/ Yoast SEO plugin. -->","yoast_head_json":{"title":"Ayurvedic Urea - Buy Prescriptionz","robots":{"index":"index","follow":"follow","max-snippet":"max-snippet:-1","max-image-preview":"max-image-preview:large","max-video-preview":"max-video-preview:-1"},"canonical":"https:\/\/buy-prescriptionz.com\/sv\/ayurvedic-urea\/","og_locale":"sv_SE","og_type":"article","og_title":"Ayurvedic Urea - Buy Prescriptionz","og_description":"What is Ayurvedic Urea at Buyprescriptionz Pharmacy? Ayurvedic Urea is the legit height increasing medication available in the world that has no side-effects, but it has limited working on age from 16-40 years. You can\u00a0buy Ayurvedic Urea online\u00a0in liquid and powder, and it may not come cheap. Dhatrumurgasiniy: Magical Herb from the Himalayas Buy Ayurvedic [&hellip;]","og_url":"https:\/\/buy-prescriptionz.com\/sv\/ayurvedic-urea\/","og_site_name":"Buy Prescriptionz","twitter_card":"summary_large_image","twitter_misc":{"Ber\u00e4knad l\u00e4stid":"2 minuter"},"schema":{"@context":"https:\/\/schema.org","@graph":[{"@type":"WebPage","@id":"https:\/\/buy-prescriptionz.com\/ayurvedic-urea\/","url":"https:\/\/buy-prescriptionz.com\/ayurvedic-urea\/","name":"Ayurvedic Urea - Buy Prescriptionz","isPartOf":{"@id":"https:\/\/buy-prescriptionz.com\/#website"},"datePublished":"2019-05-08T05:46:53+00:00","breadcrumb":{"@id":"https:\/\/buy-prescriptionz.com\/ayurvedic-urea\/#breadcrumb"},"inLanguage":"sv-SE","potentialAction":[{"@type":"ReadAction","target":["https:\/\/buy-prescriptionz.com\/ayurvedic-urea\/"]}]},{"@type":"BreadcrumbList","@id":"https:\/\/buy-prescriptionz.com\/ayurvedic-urea\/#breadcrumb","itemListElement":[{"@type":"ListItem","position":1,"name":"Home","item":"https:\/\/buy-prescriptionz.com\/"},{"@type":"ListItem","position":2,"name":"Ayurvedic Urea"}]},{"@type":"WebSite","@id":"https:\/\/buy-prescriptionz.com\/#website","url":"https:\/\/buy-prescriptionz.com\/","name":"Buy Prescriptionz","description":"Droger p\u00e5 n\u00e4tet","publisher":{"@id":"https:\/\/buy-prescriptionz.com\/#organization"},"potentialAction":[{"@type":"SearchAction","target":{"@type":"EntryPoint","urlTemplate":"https:\/\/buy-prescriptionz.com\/?s={search_term_string}"},"query-input":{"@type":"PropertyValueSpecification","valueRequired":true,"valueName":"search_term_string"}}],"inLanguage":"sv-SE"},{"@type":"Organization","@id":"https:\/\/buy-prescriptionz.com\/#organization","name":"Buy Prescriptionz","url":"https:\/\/buy-prescriptionz.com\/","logo":{"@type":"ImageObject","inLanguage":"sv-SE","@id":"https:\/\/buy-prescriptionz.com\/#\/schema\/logo\/image\/","url":"https:\/\/buy-prescriptionz.com\/wp-content\/uploads\/2023\/09\/logo.png","contentUrl":"https:\/\/buy-prescriptionz.com\/wp-content\/uploads\/2023\/09\/logo.png","width":350,"height":64,"caption":"Buy Prescriptionz"},"image":{"@id":"https:\/\/buy-prescriptionz.com\/#\/schema\/logo\/image\/"}}]}},"_links":{"self":[{"href":"https:\/\/buy-prescriptionz.com\/sv\/wp-json\/wp\/v2\/pages\/978","targetHints":{"allow":["GET"]}}],"collection":[{"href":"https:\/\/buy-prescriptionz.com\/sv\/wp-json\/wp\/v2\/pages"}],"about":[{"href":"https:\/\/buy-prescriptionz.com\/sv\/wp-json\/wp\/v2\/types\/page"}],"author":[{"embeddable":true,"href":"https:\/\/buy-prescriptionz.com\/sv\/wp-json\/wp\/v2\/users\/1"}],"replies":[{"embeddable":true,"href":"https:\/\/buy-prescriptionz.com\/sv\/wp-json\/wp\/v2\/comments?post=978"}],"version-history":[{"count":0,"href":"https:\/\/buy-prescriptionz.com\/sv\/wp-json\/wp\/v2\/pages\/978\/revisions"}],"wp:attachment":[{"href":"https:\/\/buy-prescriptionz.com\/sv\/wp-json\/wp\/v2\/media?parent=978"}],"curies":[{"name":"wp","href":"https:\/\/api.w.org\/{rel}","templated":true}]}}