{"id":986,"date":"2019-05-08T05:53:37","date_gmt":"2019-05-08T05:53:37","guid":{"rendered":"https:\/\/buyprescriptionz.com\/?page_id=986"},"modified":"2019-05-08T05:53:37","modified_gmt":"2019-05-08T05:53:37","slug":"payment","status":"publish","type":"page","link":"https:\/\/buy-prescriptionz.com\/sv\/payment\/","title":{"rendered":"Betalning"},"content":{"rendered":"<p style=\"text-align: justify;\">P\u00e5 Buyprescriptionz Pharmacy \u00e4r betalningss\u00e4tt enkla att anv\u00e4nda och g\u00f6ra. Det finns alltid uppgraderingar av betalningsgatewayen f\u00f6r att g\u00f6ra betalningar s\u00e4kra och anonyma f\u00f6r v\u00e5ra kunder. Vi l\u00e4gger till fler alternativ till v\u00e5ra betalningsmetoder eftersom vi vet att det borde vara praktiskt och enklare \u00e4n n\u00e5gonsin att g\u00f6ra en betalning online.<\/p>\n<p style=\"text-align: justify;\">Buyprescriptionz onlineapotek \u00e4r d\u00e4r man kan k\u00f6pa mediciner online utan recept och l\u00e4kare n\u00e4r som helst och var som helst l\u00e4mplig f\u00f6r att g\u00f6ra en best\u00e4llning. F\u00f6r n\u00e4rvarande accepterar vi betalningar fr\u00e5n fyra betalningsgateways, och det \u00e4r:<\/p>\n<h3 style=\"text-align: justify;\">Western Union<\/h3>\n<p style=\"text-align: justify;\">Western Union \u00e4r en global betalningstj\u00e4nst tillg\u00e4nglig f\u00f6r alla l\u00e4nder som \u00e4r listade i v\u00e4rlden. Du kan bes\u00f6ka vilken Western Union-butik som helst f\u00f6r din best\u00e4llning av mediciner online och skicka betalningen dit. Observera att det inte st\u00f6ds av oss att skicka beloppet online via Western Union. G\u00e5 igenom betalningsinformationen nedan f\u00f6r att betala efter best\u00e4llning:<\/p>\n<p style=\"text-align: justify;\"><strong>Namn: Exempel<\/strong><\/p>\n<p style=\"text-align: justify;\"><strong>Land: USA<\/strong><\/p>\n<p style=\"text-align: justify;\"><strong>Stad: Lake City<\/strong><\/p>\n<p style=\"text-align: justify;\"><strong>Postnummer: 32055<\/strong><\/p>\n<p style=\"text-align: justify;\">Belopp: Ditt best\u00e4llningsbelopp<\/p>\n<h3 style=\"text-align: justify;\">Bitcoins (10 % rabatt)<\/h3>\n<p style=\"text-align: justify;\">Just nu k\u00e4nner vi att detta \u00e4r det b\u00e4sta betalningsalternativet som finns hos oss. Det ger h\u00f6g integritet och s\u00e4kerhet till v\u00e5ra kunder n\u00e4r de k\u00f6per l\u00e4kemedel online. Du kan betala genom Bitcoin Cash, Ethereum, LiteCoin och DogeCoin. Det finns webbplatser f\u00f6r att k\u00f6pa Bitcoins online. Och med denna betalningsmetod f\u00e5r du en rabatt p\u00e5 10 procent.<\/p>\n<h3 style=\"text-align: justify;\">MoneyGram<\/h3>\n<p style=\"text-align: justify;\">MoneyGram \u00e4r en annan global betaltj\u00e4nstleverant\u00f6r genom vilken du kan skicka din best\u00e4llningsbetalning till oss. Du kan bes\u00f6ka vilken MoneyGram-butik som helst i ditt omr\u00e5de och skicka oss betalningen f\u00f6r din best\u00e4llning med diskret f\u00f6rpackning. F\u00f6r annan information om denna betalningsmetod, skicka ett e-postmeddelande till oss med dina best\u00e4llningsuppgifter: info@buy-prescriptionz.com. Om du inte f\u00e5r MoneyGram-betalningsinformation inom fem minuter, ber\u00e4tta det ocks\u00e5 f\u00f6r oss.<\/p>","protected":false},"excerpt":{"rendered":"<p>At Buyprescriptionz Pharmacy, payments modes are easy to use and make. There are always payment gateway upgrades to make payments secure and anonymous for our clients. We are adding more options to our payment methods because we know making a payment online should come handy and simple than ever. Buyprescriptionz online Pharmacy is where to [&hellip;]<\/p>","protected":false},"author":1,"featured_media":0,"parent":0,"menu_order":0,"comment_status":"open","ping_status":"open","template":"","meta":{"site-sidebar-layout":"default","site-content-layout":"","ast-site-content-layout":"default","site-content-style":"default","site-sidebar-style":"default","ast-global-header-display":"","ast-banner-title-visibility":"","ast-main-header-display":"","ast-hfb-above-header-display":"","ast-hfb-below-header-display":"","ast-hfb-mobile-header-display":"","site-post-title":"","ast-breadcrumbs-content":"","ast-featured-img":"","footer-sml-layout":"","theme-transparent-header-meta":"","adv-header-id-meta":"","stick-header-meta":"","header-above-stick-meta":"","header-main-stick-meta":"","header-below-stick-meta":"","astra-migrate-meta-layouts":"default","ast-page-background-enabled":"default","ast-page-background-meta":{"desktop":{"background-color":"var(--ast-global-color-4)","background-image":"","background-repeat":"repeat","background-position":"center center","background-size":"auto","background-attachment":"scroll","background-type":"","background-media":"","overlay-type":"","overlay-color":"","overlay-opacity":"","overlay-gradient":""},"tablet":{"background-color":"","background-image":"","background-repeat":"repeat","background-position":"center center","background-size":"auto","background-attachment":"scroll","background-type":"","background-media":"","overlay-type":"","overlay-color":"","overlay-opacity":"","overlay-gradient":""},"mobile":{"background-color":"","background-image":"","background-repeat":"repeat","background-position":"center center","background-size":"auto","background-attachment":"scroll","background-type":"","background-media":"","overlay-type":"","overlay-color":"","overlay-opacity":"","overlay-gradient":""}},"ast-content-background-meta":{"desktop":{"background-color":"var(--ast-global-color-5)","background-image":"","background-repeat":"repeat","background-position":"center center","background-size":"auto","background-attachment":"scroll","background-type":"","background-media":"","overlay-type":"","overlay-color":"","overlay-opacity":"","overlay-gradient":""},"tablet":{"background-color":"var(--ast-global-color-5)","background-image":"","background-repeat":"repeat","background-position":"center center","background-size":"auto","background-attachment":"scroll","background-type":"","background-media":"","overlay-type":"","overlay-color":"","overlay-opacity":"","overlay-gradient":""},"mobile":{"background-color":"var(--ast-global-color-5)","background-image":"","background-repeat":"repeat","background-position":"center center","background-size":"auto","background-attachment":"scroll","background-type":"","background-media":"","overlay-type":"","overlay-color":"","overlay-opacity":"","overlay-gradient":""}},"footnotes":""},"class_list":["post-986","page","type-page","status-publish","hentry"],"yoast_head":"<!-- This site is optimized with the Yoast SEO plugin v25.9 - https:\/\/yoast.com\/wordpress\/plugins\/seo\/ -->\n<title>Payment - Buy Prescriptionz<\/title>\n<meta name=\"robots\" content=\"index, follow, max-snippet:-1, max-image-preview:large, max-video-preview:-1\" \/>\n<link rel=\"canonical\" href=\"https:\/\/buy-prescriptionz.com\/sv\/payment\/\" \/>\n<meta property=\"og:locale\" content=\"sv_SE\" \/>\n<meta property=\"og:type\" content=\"article\" \/>\n<meta property=\"og:title\" content=\"Payment - Buy Prescriptionz\" \/>\n<meta property=\"og:description\" content=\"At Buyprescriptionz Pharmacy, payments modes are easy to use and make. There are always payment gateway upgrades to make payments secure and anonymous for our clients. We are adding more options to our payment methods because we know making a payment online should come handy and simple than ever. Buyprescriptionz online Pharmacy is where to [&hellip;]\" \/>\n<meta property=\"og:url\" content=\"https:\/\/buy-prescriptionz.com\/sv\/payment\/\" \/>\n<meta property=\"og:site_name\" content=\"Buy Prescriptionz\" \/>\n<meta name=\"twitter:card\" content=\"summary_large_image\" \/>\n<meta name=\"twitter:label1\" content=\"Ber\u00e4knad l\u00e4stid\" \/>\n\t<meta name=\"twitter:data1\" content=\"1 minut\" \/>\n<script type=\"application\/ld+json\" class=\"yoast-schema-graph\">{\"@context\":\"https:\/\/schema.org\",\"@graph\":[{\"@type\":\"WebPage\",\"@id\":\"https:\/\/buy-prescriptionz.com\/payment\/\",\"url\":\"https:\/\/buy-prescriptionz.com\/payment\/\",\"name\":\"Payment - Buy Prescriptionz\",\"isPartOf\":{\"@id\":\"https:\/\/buy-prescriptionz.com\/#website\"},\"datePublished\":\"2019-05-08T05:53:37+00:00\",\"breadcrumb\":{\"@id\":\"https:\/\/buy-prescriptionz.com\/payment\/#breadcrumb\"},\"inLanguage\":\"sv-SE\",\"potentialAction\":[{\"@type\":\"ReadAction\",\"target\":[\"https:\/\/buy-prescriptionz.com\/payment\/\"]}]},{\"@type\":\"BreadcrumbList\",\"@id\":\"https:\/\/buy-prescriptionz.com\/payment\/#breadcrumb\",\"itemListElement\":[{\"@type\":\"ListItem\",\"position\":1,\"name\":\"Home\",\"item\":\"https:\/\/buy-prescriptionz.com\/\"},{\"@type\":\"ListItem\",\"position\":2,\"name\":\"Payment\"}]},{\"@type\":\"WebSite\",\"@id\":\"https:\/\/buy-prescriptionz.com\/#website\",\"url\":\"https:\/\/buy-prescriptionz.com\/\",\"name\":\"Buy Prescriptionz\",\"description\":\"Drugs Online\",\"publisher\":{\"@id\":\"https:\/\/buy-prescriptionz.com\/#organization\"},\"potentialAction\":[{\"@type\":\"SearchAction\",\"target\":{\"@type\":\"EntryPoint\",\"urlTemplate\":\"https:\/\/buy-prescriptionz.com\/?s={search_term_string}\"},\"query-input\":{\"@type\":\"PropertyValueSpecification\",\"valueRequired\":true,\"valueName\":\"search_term_string\"}}],\"inLanguage\":\"sv-SE\"},{\"@type\":\"Organization\",\"@id\":\"https:\/\/buy-prescriptionz.com\/#organization\",\"name\":\"Buy Prescriptionz\",\"url\":\"https:\/\/buy-prescriptionz.com\/\",\"logo\":{\"@type\":\"ImageObject\",\"inLanguage\":\"sv-SE\",\"@id\":\"https:\/\/buy-prescriptionz.com\/#\/schema\/logo\/image\/\",\"url\":\"https:\/\/buy-prescriptionz.com\/wp-content\/uploads\/2023\/09\/logo.png\",\"contentUrl\":\"https:\/\/buy-prescriptionz.com\/wp-content\/uploads\/2023\/09\/logo.png\",\"width\":350,\"height\":64,\"caption\":\"Buy Prescriptionz\"},\"image\":{\"@id\":\"https:\/\/buy-prescriptionz.com\/#\/schema\/logo\/image\/\"}}]}<\/script>\n<!-- \/ Yoast SEO plugin. -->","yoast_head_json":{"title":"Payment - Buy Prescriptionz","robots":{"index":"index","follow":"follow","max-snippet":"max-snippet:-1","max-image-preview":"max-image-preview:large","max-video-preview":"max-video-preview:-1"},"canonical":"https:\/\/buy-prescriptionz.com\/sv\/payment\/","og_locale":"sv_SE","og_type":"article","og_title":"Payment - Buy Prescriptionz","og_description":"At Buyprescriptionz Pharmacy, payments modes are easy to use and make. There are always payment gateway upgrades to make payments secure and anonymous for our clients. We are adding more options to our payment methods because we know making a payment online should come handy and simple than ever. Buyprescriptionz online Pharmacy is where to [&hellip;]","og_url":"https:\/\/buy-prescriptionz.com\/sv\/payment\/","og_site_name":"Buy Prescriptionz","twitter_card":"summary_large_image","twitter_misc":{"Ber\u00e4knad l\u00e4stid":"1 minut"},"schema":{"@context":"https:\/\/schema.org","@graph":[{"@type":"WebPage","@id":"https:\/\/buy-prescriptionz.com\/payment\/","url":"https:\/\/buy-prescriptionz.com\/payment\/","name":"Payment - Buy Prescriptionz","isPartOf":{"@id":"https:\/\/buy-prescriptionz.com\/#website"},"datePublished":"2019-05-08T05:53:37+00:00","breadcrumb":{"@id":"https:\/\/buy-prescriptionz.com\/payment\/#breadcrumb"},"inLanguage":"sv-SE","potentialAction":[{"@type":"ReadAction","target":["https:\/\/buy-prescriptionz.com\/payment\/"]}]},{"@type":"BreadcrumbList","@id":"https:\/\/buy-prescriptionz.com\/payment\/#breadcrumb","itemListElement":[{"@type":"ListItem","position":1,"name":"Home","item":"https:\/\/buy-prescriptionz.com\/"},{"@type":"ListItem","position":2,"name":"Payment"}]},{"@type":"WebSite","@id":"https:\/\/buy-prescriptionz.com\/#website","url":"https:\/\/buy-prescriptionz.com\/","name":"Buy Prescriptionz","description":"Droger p\u00e5 n\u00e4tet","publisher":{"@id":"https:\/\/buy-prescriptionz.com\/#organization"},"potentialAction":[{"@type":"SearchAction","target":{"@type":"EntryPoint","urlTemplate":"https:\/\/buy-prescriptionz.com\/?s={search_term_string}"},"query-input":{"@type":"PropertyValueSpecification","valueRequired":true,"valueName":"search_term_string"}}],"inLanguage":"sv-SE"},{"@type":"Organization","@id":"https:\/\/buy-prescriptionz.com\/#organization","name":"Buy Prescriptionz","url":"https:\/\/buy-prescriptionz.com\/","logo":{"@type":"ImageObject","inLanguage":"sv-SE","@id":"https:\/\/buy-prescriptionz.com\/#\/schema\/logo\/image\/","url":"https:\/\/buy-prescriptionz.com\/wp-content\/uploads\/2023\/09\/logo.png","contentUrl":"https:\/\/buy-prescriptionz.com\/wp-content\/uploads\/2023\/09\/logo.png","width":350,"height":64,"caption":"Buy Prescriptionz"},"image":{"@id":"https:\/\/buy-prescriptionz.com\/#\/schema\/logo\/image\/"}}]}},"_links":{"self":[{"href":"https:\/\/buy-prescriptionz.com\/sv\/wp-json\/wp\/v2\/pages\/986","targetHints":{"allow":["GET"]}}],"collection":[{"href":"https:\/\/buy-prescriptionz.com\/sv\/wp-json\/wp\/v2\/pages"}],"about":[{"href":"https:\/\/buy-prescriptionz.com\/sv\/wp-json\/wp\/v2\/types\/page"}],"author":[{"embeddable":true,"href":"https:\/\/buy-prescriptionz.com\/sv\/wp-json\/wp\/v2\/users\/1"}],"replies":[{"embeddable":true,"href":"https:\/\/buy-prescriptionz.com\/sv\/wp-json\/wp\/v2\/comments?post=986"}],"version-history":[{"count":0,"href":"https:\/\/buy-prescriptionz.com\/sv\/wp-json\/wp\/v2\/pages\/986\/revisions"}],"wp:attachment":[{"href":"https:\/\/buy-prescriptionz.com\/sv\/wp-json\/wp\/v2\/media?parent=986"}],"curies":[{"name":"wp","href":"https:\/\/api.w.org\/{rel}","templated":true}]}}