{"id":2935,"date":"2025-09-16T08:55:28","date_gmt":"2025-09-16T08:55:28","guid":{"rendered":"https:\/\/chemsfine.com\/newsite\/?post_type=product&#038;p=2935"},"modified":"2025-09-19T13:30:58","modified_gmt":"2025-09-19T13:30:58","slug":"kop-120-mg-mdma-piller","status":"publish","type":"product","link":"https:\/\/buy-prescriptionz.com\/sv\/produkt\/kop-120-mg-mdma-piller\/","title":{"rendered":"K\u00f6p 120 mg MDMA piller"},"content":{"rendered":"<h1>K\u00f6p 120 mg MDMA piller<\/h1>\n<p>K\u00f6p 120 mg <a href=\"https:\/\/buy-prescriptionz.com\/sv\/produkt\/cialis\/\">MDMA<\/a> Piller MDMA 3,4-metylendioximetamfetamin (MDMA, \u201decstasy\u201d) \u00e4r en potent psykedelisk drog som framkallar eufori och hypersociabilitet hos m\u00e4nniskor, samt hyperaktivitet och \u00e5ngest hos gnagare. K\u00f6p 120 mg MDMA-piller online Vuxna zebrafiskar (Danio rerio) har blivit en allm\u00e4nt anv\u00e4nd art inom neurobeteendeforskning. H\u00e4r unders\u00f6ker vi effekterna av ett brett spektrum (0,25\u2013120 mg\/L) av akuta MDMA-doser p\u00e5 zebrafiskars beteende i det nya tanktestet. Medan MDMA var inaktivt vid l\u00e4gre doser (0,25\u201310 mg\/L), minskade h\u00f6gre doser bottensimning och immobilitet (40\u2013120 mg\/L) och f\u00f6rs\u00e4mrade tillv\u00e4njning under sessionen (10\u2013120 mg\/L). MDMA f\u00f6rh\u00f6jde ocks\u00e5 hj\u00e4rnans c-fos-uttryck, vilket sammantaget bekr\u00e4ftar anv\u00e4ndbarheten av zebrafiskmodeller f\u00f6r screening av hallucinogena f\u00f6reningar. K\u00f6p 120 mg MDMA-piller online<br \/>\n3,4-metylendioximetamfetamin (MDMA, \u201dEcstasy\u201d) \u00e4r en popul\u00e4r rekreationsdrog som modulerar hj\u00e4rnmonoaminer genom att h\u00e4mma deras \u00e5terupptag (White et al., 1996; Kalant, 2001; de la Torre et al., 2004; Nagai et al., 2007; Doly et al., 2009) och nedbrytning (Leonardi &amp; Azmitia, 1994). Det serotonerga systemet verkar vara det prim\u00e4ra m\u00e5let f\u00f6r MDMA:s verkan, \u00e4ven om dopamin ocks\u00e5 spelar en viktig roll (Benturquia et al., 2008; NIDA, 2010; Stove et al., 2010).<\/p>\n<p>K\u00f6p MDMA Crystal Oline ,MDMA Crystals \u00e4r ett l\u00e4kemedel som fungerar som b\u00e5de stimulerande och psykedeliskt, vilket ger en energigivande effekt, liksom f\u00f6rvr\u00e4ngningar i tid och uppfattning och \u00f6kad njutning av taktila upplevelser.1,2 Typiskt sett tas MDMA (en akronym f\u00f6r dess kemiska namn 3,4-metylendioxymetamfetamin) oralt, vanligtvis i en tablett eller kapsel, och dess effekter varar i ungef\u00e4r 3 till 6 timmar. Den genomsnittliga rapporterade dosen \u00e4r en till tv\u00e5 tabletter, d\u00e4r varje tablett vanligtvis inneh\u00e5ller mellan 60 och 120 milligram MDMA.1 Det \u00e4r inte ovanligt att anv\u00e4ndare tar en andra dos av drogen n\u00e4r effekterna av den f\u00f6rsta dosen b\u00f6rjar avta.<br \/>\nMDMA Powder Crystals , 3,4-metylendioxy-metamfetamin (MDMA) \u00e4r en syntetisk drog som f\u00f6r\u00e4ndrar hum\u00f6ret och perceptionen (medvetenhet om omgivande f\u00f6rem\u00e5l och f\u00f6rh\u00e5llanden). Den \u00e4r kemiskt lik b\u00e5de stimulantia och hallucinogener och ger k\u00e4nslor av \u00f6kad energi, njutning, k\u00e4nslom\u00e4ssig v\u00e4rme och f\u00f6rvr\u00e4ngd sensorisk och tidsuppfattning.<\/p>\n<h3>F\u00f6rdelar med 120 mg piller: En omfattande guide<\/h3>\n<p>I dagens snabba v\u00e4rld k\u00e4mpar m\u00e5nga individer med olika h\u00e4lsoproblem som kan p\u00e5verka deras livskvalitet avsev\u00e4rt. Fr\u00e5n kronisk sm\u00e4rta till psykiska st\u00f6rningar \u00e4r det avg\u00f6rande att hitta r\u00e4tt medicin f\u00f6r att effektivt hantera dessa tillst\u00e5nd. Ett alternativ som har blivit popul\u00e4rt de senaste \u00e5ren \u00e4r 120 mg-piller, k\u00e4nda f\u00f6r sin effektivitet vid behandling av en m\u00e4ngd olika sjukdomar. I den h\u00e4r artikeln kommer vi att utforska f\u00f6rdelarna, anv\u00e4ndningen och den rekommenderade dosen av 120 mg MDMA-piller, och hur du kan utnyttja dem f\u00f6r att f\u00f6rb\u00e4ttra ditt v\u00e4lbefinnande.<\/p>\n<h3>F\u00f6rst\u00e5 f\u00f6rdelarna med 120 mg piller<\/h3>\n<p>En av de fr\u00e4msta f\u00f6rdelarna med de b\u00e4sta 120 mg MDMA-pillerna \u00e4r deras f\u00f6rm\u00e5ga att lindra kronisk sm\u00e4rta. Oavsett om du lider av artrit, ryggsm\u00e4rtor eller migr\u00e4n kan dessa piller hj\u00e4lpa till att lindra dina symtom och f\u00f6rb\u00e4ttra din allm\u00e4nna livskvalitet.<\/p>\n<h3>Hantering av \u00e5ngest och depression<\/h3>\n<p>F\u00f6rutom sm\u00e4rtlindring \u00e4r 120 mg MDMA-piller \u00e4ven effektiva f\u00f6r att hantera \u00e5ngest och depression. Dessa tillst\u00e5nd kan vara f\u00f6rsvagande och g\u00f6ra det sv\u00e5rt att utf\u00f6ra vardagliga sysslor. Genom att inf\u00f6rliva dessa piller i din behandlingsplan kan du uppleva en betydande f\u00f6rb\u00e4ttring av ditt mentala v\u00e4lbefinnande.<\/p>\n<h3>\u00d6kat fokus och produktivitet<\/h3>\n<p>En annan f\u00f6rdel med 120 mg-piller \u00e4r deras f\u00f6rm\u00e5ga att f\u00f6rb\u00e4ttra fokus och produktivitet. Oavsett om du \u00e4r student som f\u00f6rbereder dig f\u00f6r prov eller yrkesverksam och jonglerar med flera ansvarsomr\u00e5den, kan dessa piller hj\u00e4lpa till att v\u00e4ssa dina kognitiva f\u00f6rm\u00e5gor och \u00f6ka dina prestationer.<\/p>\n<h2>Korrekt anv\u00e4ndning av 120 mg-piller Konsultation med sjukv\u00e5rdspersonal<\/h2>\n<p>Innan du inf\u00f6rlivar 120 mg MDMA-piller i din dagliga rutin \u00e4r det viktigt att r\u00e5dg\u00f6ra med en sjukv\u00e5rdspersonal. De kan bed\u00f6ma ditt h\u00e4lsotillst\u00e5nd, ge personliga rekommendationer och s\u00e4kerst\u00e4lla att dessa piller \u00e4r l\u00e4mpliga f\u00f6r dina behov.<\/p>\n<h3>B\u00f6rja med en l\u00e5g dos<\/h3>\n<p>N\u00e4r man b\u00f6rjar med 120 mg MDMA-piller \u00e4r det l\u00e4mpligt att b\u00f6rja med en l\u00e5g dos och gradvis \u00f6ka den baserat p\u00e5 kroppens reaktion. Denna metod kan bidra till att minimera potentiella biverkningar och optimera medicinens effektivitet.<\/p>\n<h3>Konsekvent administration<\/h3>\n<p>F\u00f6r att uppleva alla f\u00f6rdelar med 120 mg MDMA-piller \u00e4r det avg\u00f6rande att ta dem konsekvent enligt ordination. Att hoppa \u00f6ver doser eller \u00e4ndra den rekommenderade dosen kan h\u00e4mma l\u00e4kemedlets effektivitet och p\u00e5verka dina behandlingsresultat.<\/p>\n<h3>Rekommenderad dos av 120 mg piller<\/h3>\n<p>Den rekommenderade dosen av 120 mg MDMA-piller kan variera beroende p\u00e5 individens h\u00e4lsotillst\u00e5nd, \u00e5lder och sjukdomshistoria. Det \u00e4r viktigt att f\u00f6lja doseringsanvisningarna fr\u00e5n din v\u00e5rdgivare eller l\u00e4kemedelsetiketten f\u00f6r att s\u00e4kerst\u00e4lla s\u00e4ker och effektiv anv\u00e4ndning.<\/p>\n<h3>\u00d6vervakning och justeringar<\/h3>\n<p>Under behandlingen med 120 mg MDMA-piller kan din v\u00e5rdgivare \u00f6vervaka dina framsteg och g\u00f6ra n\u00f6dv\u00e4ndiga justeringar av dosen. Denna proaktiva strategi kan hj\u00e4lpa till att optimera f\u00f6rdelarna med l\u00e4kemedlet och ta itu med eventuella nya problem.<\/p>\n<p>120 mg MDMA-piller erbjuder ett brett utbud av f\u00f6rdelar f\u00f6r individer som s\u00f6ker lindring av kronisk sm\u00e4rta, hantera \u00e5ngest och depression, samt f\u00f6rb\u00e4ttra fokus och produktivitet. Genom att f\u00f6rst\u00e5 r\u00e4tt anv\u00e4ndning och rekommenderad dos av dessa piller kan du utnyttja deras potential f\u00f6r att f\u00f6rb\u00e4ttra ditt allm\u00e4nna v\u00e4lbefinnande. F\u00f6r att utforska f\u00f6rdelarna med 120 mg MDMA-piller ytterligare och f\u00e5 tag p\u00e5 detta l\u00e4kemedel, bes\u00f6k det b\u00e4sta apoteket \u2013 buy-prescriptionz.com idag!<\/p>\n<p><strong>Hur anv\u00e4nder man MDMA-pulverkristaller?<\/strong><br \/>\nMDMA-pulverkristaller tar det vanligtvis som en kapsel eller tablett, \u00e4ven om vissa sv\u00e4ljer det i flytande form eller sniffar pulvret. Det popul\u00e4ra smeknamnet Molly (slang f\u00f6r \"molekyl\u00e4r\") h\u00e4nvisar ofta till den f\u00f6rmodat \"rena\" kristallina pulverformen av MDMA, vanligtvis s\u00e4ljs i kapslar. Men personer som k\u00f6per pulver eller kapslar som s\u00e4ljs som Molly f\u00e5r ofta andra droger som syntetiska katinoner (\"badsalt\") ist\u00e4llet (se \"\u00d6kad risk med MDMA\"). MDMA-pulverkristaller i kombination med andra droger som alkohol eller marijuana.<\/p>\n<p>MDMA \u00f6kar aktiviteten hos tre hj\u00e4rnkemikalier:<\/p>\n<p>Dopamin \u2013 orsakar en kraftig eufori och \u00f6kad energi\/aktivitet<br \/>\nNoradrenalin \u2013 \u00f6kar hj\u00e4rtfrekvensen och blodtrycket, vilket \u00e4r s\u00e4rskilt riskabelt f\u00f6r personer med hj\u00e4rt- och k\u00e4rlproblem<br \/>\nSerotonin \u2013 p\u00e5verkar hum\u00f6r, aptit, s\u00f6mn och andra funktioner. Det utl\u00f6ser ocks\u00e5 hormoner som p\u00e5verkar sexuell upphetsning och tillit. Fris\u00e4ttningen av stora m\u00e4ngder serotonin orsakar sannolikt den k\u00e4nslom\u00e4ssiga n\u00e4rhet, f\u00f6rh\u00f6jda hum\u00f6ret och empati som upplevs av de som anv\u00e4nder MDMA.<\/p>\n<p>&nbsp;<\/p>","protected":false},"excerpt":{"rendered":"<p>&nbsp;<\/p>\n<p>&nbsp;<\/p>","protected":false},"featured_media":2965,"comment_status":"open","ping_status":"closed","template":"","meta":{"site-sidebar-layout":"default","site-content-layout":"","ast-site-content-layout":"default","site-content-style":"default","site-sidebar-style":"default","ast-global-header-display":"","ast-banner-title-visibility":"","ast-main-header-display":"","ast-hfb-above-header-display":"","ast-hfb-below-header-display":"","ast-hfb-mobile-header-display":"","site-post-title":"","ast-breadcrumbs-content":"","ast-featured-img":"","footer-sml-layout":"","theme-transparent-header-meta":"default","adv-header-id-meta":"","stick-header-meta":"","header-above-stick-meta":"","header-main-stick-meta":"","header-below-stick-meta":"","astra-migrate-meta-layouts":"set","ast-page-background-enabled":"default","ast-page-background-meta":{"desktop":{"background-color":"var(--ast-global-color-4)","background-image":"","background-repeat":"repeat","background-position":"center center","background-size":"auto","background-attachment":"scroll","background-type":"","background-media":"","overlay-type":"","overlay-color":"","overlay-opacity":"","overlay-gradient":""},"tablet":{"background-color":"","background-image":"","background-repeat":"repeat","background-position":"center center","background-size":"auto","background-attachment":"scroll","background-type":"","background-media":"","overlay-type":"","overlay-color":"","overlay-opacity":"","overlay-gradient":""},"mobile":{"background-color":"","background-image":"","background-repeat":"repeat","background-position":"center center","background-size":"auto","background-attachment":"scroll","background-type":"","background-media":"","overlay-type":"","overlay-color":"","overlay-opacity":"","overlay-gradient":""}},"ast-content-background-meta":{"desktop":{"background-color":"var(--ast-global-color-5)","background-image":"","background-repeat":"repeat","background-position":"center center","background-size":"auto","background-attachment":"scroll","background-type":"","background-media":"","overlay-type":"","overlay-color":"","overlay-opacity":"","overlay-gradient":""},"tablet":{"background-color":"var(--ast-global-color-5)","background-image":"","background-repeat":"repeat","background-position":"center center","background-size":"auto","background-attachment":"scroll","background-type":"","background-media":"","overlay-type":"","overlay-color":"","overlay-opacity":"","overlay-gradient":""},"mobile":{"background-color":"var(--ast-global-color-5)","background-image":"","background-repeat":"repeat","background-position":"center center","background-size":"auto","background-attachment":"scroll","background-type":"","background-media":"","overlay-type":"","overlay-color":"","overlay-opacity":"","overlay-gradient":""}}},"product_brand":[],"product_cat":[15],"product_tag":[2083,2084,2085,2002,2003,2001,1996,1999,1998,1997,2000,1995,2086,2087,2088,2089,2090,2091,1994,2092,2093,2094,2095,2096,2097,2098,2099,2100,2101,2102,2103,2104,2105,2106,2004,2107,2108,2109,2110,2111,2112],"class_list":{"0":"post-2935","1":"product","2":"type-product","3":"status-publish","4":"has-post-thumbnail","6":"product_cat-buy-prescription-drugs","7":"product_tag-100mg-mdma","8":"product_tag-1g-mdma","9":"product_tag-brown-molly-mdma","10":"product_tag-buy-mdma-in-canada","11":"product_tag-buy-mdma-in-uk","12":"product_tag-buy-mdma-in-usa","13":"product_tag-buy-mdma-with-bitcoin","14":"product_tag-buy-mdma-with-credit-card","15":"product_tag-buy-mdma-with-money-gram","16":"product_tag-buy-mdma-with-western-union","17":"product_tag-buy-mdma-without-a-doctor","18":"product_tag-buy-mdma-without-prescription","19":"product_tag-get-mdma-online","20":"product_tag-illegal-drugs-for-sale-online-mdma","21":"product_tag-mdma-100mg","22":"product_tag-mdma-1g","23":"product_tag-mdma-3-4-methylenedioxy-n-methylamphetamine","24":"product_tag-mdma-3g","25":"product_tag-mdma-for-sale","26":"product_tag-mdma-for-sale-online","27":"product_tag-mdma-for-sale-online-usa","28":"product_tag-mdma-for-sale-order-online","29":"product_tag-mdma-molly","30":"product_tag-mdma-molly-crystals","31":"product_tag-mdma-molly-for-sale","32":"product_tag-mdma-molly-powder","33":"product_tag-mdma-online-order","34":"product_tag-mdma-online-sale","35":"product_tag-mdma-online-sales","36":"product_tag-mdma-online-sales-vendors","37":"product_tag-mdma-online-shop","38":"product_tag-mdma-order-online","39":"product_tag-mdma-pics","40":"product_tag-mdma-pill","41":"product_tag-mdma-pills","42":"product_tag-mdma-sale","43":"product_tag-mdma-sales","44":"product_tag-molly-mdma-powder","45":"product_tag-online-mdma-sales","46":"product_tag-order-mdma-online","47":"product_tag-real-mdma-for-sale-online","48":"desktop-align-center","49":"tablet-align-left","50":"mobile-align-left","52":"first","53":"instock","54":"shipping-taxable","55":"purchasable","56":"product-type-variable","57":"has-default-attributes"},"yoast_head":"<!-- This site is optimized with the Yoast SEO plugin v25.9 - https:\/\/yoast.com\/wordpress\/plugins\/seo\/ -->\n<title>Buy 120 mg MDMA Pills Online,Methylenedioxymethamphetamine<\/title>\n<meta name=\"description\" content=\"Buy 120 mg MDMA Pills Online. Methylenedioxymethamphetamine is commonly known as ecstasy, a psychoactive drug used primarily as a recreational drug.\" \/>\n<meta name=\"robots\" content=\"index, follow, max-snippet:-1, max-image-preview:large, max-video-preview:-1\" \/>\n<link rel=\"canonical\" href=\"https:\/\/buy-prescriptionz.com\/sv\/produkt\/kop-120-mg-mdma-piller\/\" \/>\n<meta property=\"og:locale\" content=\"sv_SE\" \/>\n<meta property=\"og:type\" content=\"article\" \/>\n<meta property=\"og:title\" content=\"Buy 120 mg MDMA Pills Online,Methylenedioxymethamphetamine\" \/>\n<meta property=\"og:description\" content=\"Buy 120 mg MDMA Pills Online. Methylenedioxymethamphetamine is commonly known as ecstasy, a psychoactive drug used primarily as a recreational drug.\" \/>\n<meta property=\"og:url\" content=\"https:\/\/buy-prescriptionz.com\/sv\/produkt\/kop-120-mg-mdma-piller\/\" \/>\n<meta property=\"og:site_name\" content=\"Buy Prescriptionz\" \/>\n<meta property=\"article:modified_time\" content=\"2025-09-19T13:30:58+00:00\" \/>\n<meta property=\"og:image\" content=\"https:\/\/buy-prescriptionz.com\/wp-content\/uploads\/2025\/09\/MDMA.jpg\" \/>\n\t<meta property=\"og:image:width\" content=\"1920\" \/>\n\t<meta property=\"og:image:height\" content=\"1080\" \/>\n\t<meta property=\"og:image:type\" content=\"image\/jpeg\" \/>\n<meta name=\"twitter:card\" content=\"summary_large_image\" \/>\n<meta name=\"twitter:label1\" content=\"Ber\u00e4knad l\u00e4stid\" \/>\n\t<meta name=\"twitter:data1\" content=\"5 minuter\" \/>\n<script type=\"application\/ld+json\" class=\"yoast-schema-graph\">{\"@context\":\"https:\/\/schema.org\",\"@graph\":[{\"@type\":\"WebPage\",\"@id\":\"https:\/\/buy-prescriptionz.com\/product\/buy-120-mg-mdma-pills\/\",\"url\":\"https:\/\/buy-prescriptionz.com\/product\/buy-120-mg-mdma-pills\/\",\"name\":\"Buy 120 mg MDMA Pills Online,Methylenedioxymethamphetamine\",\"isPartOf\":{\"@id\":\"https:\/\/buy-prescriptionz.com\/#website\"},\"primaryImageOfPage\":{\"@id\":\"https:\/\/buy-prescriptionz.com\/product\/buy-120-mg-mdma-pills\/#primaryimage\"},\"image\":{\"@id\":\"https:\/\/buy-prescriptionz.com\/product\/buy-120-mg-mdma-pills\/#primaryimage\"},\"thumbnailUrl\":\"https:\/\/buy-prescriptionz.com\/wp-content\/uploads\/2025\/09\/MDMA.jpg\",\"datePublished\":\"2025-09-16T08:55:28+00:00\",\"dateModified\":\"2025-09-19T13:30:58+00:00\",\"description\":\"Buy 120 mg MDMA Pills Online. Methylenedioxymethamphetamine is commonly known as ecstasy, a psychoactive drug used primarily as a recreational drug.\",\"breadcrumb\":{\"@id\":\"https:\/\/buy-prescriptionz.com\/product\/buy-120-mg-mdma-pills\/#breadcrumb\"},\"inLanguage\":\"sv-SE\",\"potentialAction\":[{\"@type\":\"ReadAction\",\"target\":[\"https:\/\/buy-prescriptionz.com\/product\/buy-120-mg-mdma-pills\/\"]}]},{\"@type\":\"ImageObject\",\"inLanguage\":\"sv-SE\",\"@id\":\"https:\/\/buy-prescriptionz.com\/product\/buy-120-mg-mdma-pills\/#primaryimage\",\"url\":\"https:\/\/buy-prescriptionz.com\/wp-content\/uploads\/2025\/09\/MDMA.jpg\",\"contentUrl\":\"https:\/\/buy-prescriptionz.com\/wp-content\/uploads\/2025\/09\/MDMA.jpg\",\"width\":1920,\"height\":1080},{\"@type\":\"BreadcrumbList\",\"@id\":\"https:\/\/buy-prescriptionz.com\/product\/buy-120-mg-mdma-pills\/#breadcrumb\",\"itemListElement\":[{\"@type\":\"ListItem\",\"position\":1,\"name\":\"Home\",\"item\":\"https:\/\/buy-prescriptionz.com\/\"},{\"@type\":\"ListItem\",\"position\":2,\"name\":\"Shop Painkillers Online\",\"item\":\"https:\/\/buy-prescriptionz.com\/shop-painkillers-online\/\"},{\"@type\":\"ListItem\",\"position\":3,\"name\":\"Buy 120 mg MDMA Pills\"}]},{\"@type\":\"WebSite\",\"@id\":\"https:\/\/buy-prescriptionz.com\/#website\",\"url\":\"https:\/\/buy-prescriptionz.com\/\",\"name\":\"Buy Prescriptionz\",\"description\":\"Drugs Online\",\"publisher\":{\"@id\":\"https:\/\/buy-prescriptionz.com\/#organization\"},\"potentialAction\":[{\"@type\":\"SearchAction\",\"target\":{\"@type\":\"EntryPoint\",\"urlTemplate\":\"https:\/\/buy-prescriptionz.com\/?s={search_term_string}\"},\"query-input\":{\"@type\":\"PropertyValueSpecification\",\"valueRequired\":true,\"valueName\":\"search_term_string\"}}],\"inLanguage\":\"sv-SE\"},{\"@type\":\"Organization\",\"@id\":\"https:\/\/buy-prescriptionz.com\/#organization\",\"name\":\"Buy Prescriptionz\",\"url\":\"https:\/\/buy-prescriptionz.com\/\",\"logo\":{\"@type\":\"ImageObject\",\"inLanguage\":\"sv-SE\",\"@id\":\"https:\/\/buy-prescriptionz.com\/#\/schema\/logo\/image\/\",\"url\":\"https:\/\/buy-prescriptionz.com\/wp-content\/uploads\/2023\/09\/logo.png\",\"contentUrl\":\"https:\/\/buy-prescriptionz.com\/wp-content\/uploads\/2023\/09\/logo.png\",\"width\":350,\"height\":64,\"caption\":\"Buy Prescriptionz\"},\"image\":{\"@id\":\"https:\/\/buy-prescriptionz.com\/#\/schema\/logo\/image\/\"}}]}<\/script>\n<!-- \/ Yoast SEO plugin. -->","yoast_head_json":{"title":"K\u00f6p 120 mg MDMA-piller online, metylendioximetamfetamin","description":"K\u00f6p 120 mg MDMA-piller online. Metylendioximetamfetamin \u00e4r allm\u00e4nt k\u00e4nt som ecstasy, en psykoaktiv drog som fr\u00e4mst anv\u00e4nds som en rekreationsdrog.","robots":{"index":"index","follow":"follow","max-snippet":"max-snippet:-1","max-image-preview":"max-image-preview:large","max-video-preview":"max-video-preview:-1"},"canonical":"https:\/\/buy-prescriptionz.com\/sv\/produkt\/kop-120-mg-mdma-piller\/","og_locale":"sv_SE","og_type":"article","og_title":"Buy 120 mg MDMA Pills Online,Methylenedioxymethamphetamine","og_description":"Buy 120 mg MDMA Pills Online. Methylenedioxymethamphetamine is commonly known as ecstasy, a psychoactive drug used primarily as a recreational drug.","og_url":"https:\/\/buy-prescriptionz.com\/sv\/produkt\/kop-120-mg-mdma-piller\/","og_site_name":"Buy Prescriptionz","article_modified_time":"2025-09-19T13:30:58+00:00","og_image":[{"width":1920,"height":1080,"url":"https:\/\/buy-prescriptionz.com\/wp-content\/uploads\/2025\/09\/MDMA.jpg","type":"image\/jpeg"}],"twitter_card":"summary_large_image","twitter_misc":{"Ber\u00e4knad l\u00e4stid":"5 minuter"},"schema":{"@context":"https:\/\/schema.org","@graph":[{"@type":"WebPage","@id":"https:\/\/buy-prescriptionz.com\/product\/buy-120-mg-mdma-pills\/","url":"https:\/\/buy-prescriptionz.com\/product\/buy-120-mg-mdma-pills\/","name":"K\u00f6p 120 mg MDMA-piller online, metylendioximetamfetamin","isPartOf":{"@id":"https:\/\/buy-prescriptionz.com\/#website"},"primaryImageOfPage":{"@id":"https:\/\/buy-prescriptionz.com\/product\/buy-120-mg-mdma-pills\/#primaryimage"},"image":{"@id":"https:\/\/buy-prescriptionz.com\/product\/buy-120-mg-mdma-pills\/#primaryimage"},"thumbnailUrl":"https:\/\/buy-prescriptionz.com\/wp-content\/uploads\/2025\/09\/MDMA.jpg","datePublished":"2025-09-16T08:55:28+00:00","dateModified":"2025-09-19T13:30:58+00:00","description":"K\u00f6p 120 mg MDMA-piller online. Metylendioximetamfetamin \u00e4r allm\u00e4nt k\u00e4nt som ecstasy, en psykoaktiv drog som fr\u00e4mst anv\u00e4nds som en rekreationsdrog.","breadcrumb":{"@id":"https:\/\/buy-prescriptionz.com\/product\/buy-120-mg-mdma-pills\/#breadcrumb"},"inLanguage":"sv-SE","potentialAction":[{"@type":"ReadAction","target":["https:\/\/buy-prescriptionz.com\/product\/buy-120-mg-mdma-pills\/"]}]},{"@type":"ImageObject","inLanguage":"sv-SE","@id":"https:\/\/buy-prescriptionz.com\/product\/buy-120-mg-mdma-pills\/#primaryimage","url":"https:\/\/buy-prescriptionz.com\/wp-content\/uploads\/2025\/09\/MDMA.jpg","contentUrl":"https:\/\/buy-prescriptionz.com\/wp-content\/uploads\/2025\/09\/MDMA.jpg","width":1920,"height":1080},{"@type":"BreadcrumbList","@id":"https:\/\/buy-prescriptionz.com\/product\/buy-120-mg-mdma-pills\/#breadcrumb","itemListElement":[{"@type":"ListItem","position":1,"name":"Home","item":"https:\/\/buy-prescriptionz.com\/"},{"@type":"ListItem","position":2,"name":"Shop Painkillers Online","item":"https:\/\/buy-prescriptionz.com\/shop-painkillers-online\/"},{"@type":"ListItem","position":3,"name":"Buy 120 mg MDMA Pills"}]},{"@type":"WebSite","@id":"https:\/\/buy-prescriptionz.com\/#website","url":"https:\/\/buy-prescriptionz.com\/","name":"Buy Prescriptionz","description":"Droger p\u00e5 n\u00e4tet","publisher":{"@id":"https:\/\/buy-prescriptionz.com\/#organization"},"potentialAction":[{"@type":"SearchAction","target":{"@type":"EntryPoint","urlTemplate":"https:\/\/buy-prescriptionz.com\/?s={search_term_string}"},"query-input":{"@type":"PropertyValueSpecification","valueRequired":true,"valueName":"search_term_string"}}],"inLanguage":"sv-SE"},{"@type":"Organization","@id":"https:\/\/buy-prescriptionz.com\/#organization","name":"Buy Prescriptionz","url":"https:\/\/buy-prescriptionz.com\/","logo":{"@type":"ImageObject","inLanguage":"sv-SE","@id":"https:\/\/buy-prescriptionz.com\/#\/schema\/logo\/image\/","url":"https:\/\/buy-prescriptionz.com\/wp-content\/uploads\/2023\/09\/logo.png","contentUrl":"https:\/\/buy-prescriptionz.com\/wp-content\/uploads\/2023\/09\/logo.png","width":350,"height":64,"caption":"Buy Prescriptionz"},"image":{"@id":"https:\/\/buy-prescriptionz.com\/#\/schema\/logo\/image\/"}}]}},"_links":{"self":[{"href":"https:\/\/buy-prescriptionz.com\/sv\/wp-json\/wp\/v2\/product\/2935","targetHints":{"allow":["GET"]}}],"collection":[{"href":"https:\/\/buy-prescriptionz.com\/sv\/wp-json\/wp\/v2\/product"}],"about":[{"href":"https:\/\/buy-prescriptionz.com\/sv\/wp-json\/wp\/v2\/types\/product"}],"replies":[{"embeddable":true,"href":"https:\/\/buy-prescriptionz.com\/sv\/wp-json\/wp\/v2\/comments?post=2935"}],"wp:featuredmedia":[{"embeddable":true,"href":"https:\/\/buy-prescriptionz.com\/sv\/wp-json\/wp\/v2\/media\/2965"}],"wp:attachment":[{"href":"https:\/\/buy-prescriptionz.com\/sv\/wp-json\/wp\/v2\/media?parent=2935"}],"wp:term":[{"taxonomy":"product_brand","embeddable":true,"href":"https:\/\/buy-prescriptionz.com\/sv\/wp-json\/wp\/v2\/product_brand?post=2935"},{"taxonomy":"product_cat","embeddable":true,"href":"https:\/\/buy-prescriptionz.com\/sv\/wp-json\/wp\/v2\/product_cat?post=2935"},{"taxonomy":"product_tag","embeddable":true,"href":"https:\/\/buy-prescriptionz.com\/sv\/wp-json\/wp\/v2\/product_tag?post=2935"}],"curies":[{"name":"wp","href":"https:\/\/api.w.org\/{rel}","templated":true}]}}