{"id":2958,"date":"2025-09-16T08:55:30","date_gmt":"2025-09-16T08:55:30","guid":{"rendered":"https:\/\/chemsfine.com\/newsite\/?post_type=product&#038;p=2958"},"modified":"2025-09-23T14:08:33","modified_gmt":"2025-09-23T14:08:33","slug":"kop-nembutal-pulver-lakemedel-online","status":"publish","type":"product","link":"https:\/\/buy-prescriptionz.com\/sv\/produkt\/kop-nembutal-pulver-lakemedel-online\/","title":{"rendered":"K\u00f6p Nembutal Powder l\u00e4kemedel online"},"content":{"rendered":"<h2>K\u00f6p Nembutal Powder l\u00e4kemedel online<\/h2>\n<p>Pulverl\u00e4kemedel online . Nembutal tillh\u00f6r den klass av l\u00e4kemedel som kallas barbiturater. Den huvudsakliga behandlingen av Nembutal anses vara en korttidsbehandling av s\u00f6mnl\u00f6shet, som preanestetikum f\u00f6re operation och \u00e4ven vid behandling av \u00e5ngest och \u00e4ven antikonvulsivt medel vid n\u00f6dsituationer. Detta har ocks\u00e5 anv\u00e4nts f\u00f6r att minska trycket fr\u00e5n skallen, vilket \u00e4r vid traumatisk hj\u00e4rnskada, och det har ocks\u00e5 anv\u00e4nts som eutanasil\u00e4kemedel f\u00f6r m\u00e4nniskor och djur. Det anv\u00e4nds ocks\u00e5 vid statlig avr\u00e4ttning av brottslingar. Detta l\u00e4kemedel kan ocks\u00e5 anv\u00e4ndas f\u00f6r att avliva djur eller till och med m\u00e4nniskor och \u00e4r uppenbarligen ett potentiellt farligt l\u00e4kemedel i h\u00f6g dos.<\/p>\n<p>K\u00f6p Nembutal Powder Drugs Online Nembutal pulver \u00e4ven kallat \"Peaceful exit\" eller Pentobarbital Sodium har alltmer \u00f6kat i efterfr\u00e5gan \u00f6ver hela v\u00e4rlden, eftersom detta \u00e4r den enda k\u00e4nda produkten f\u00f6r att \u00e5stadkomma d\u00f6den snabbt utan sm\u00e4rta (det kan h\u00e4nda inom 5-10 minuter efter att ha druckit det).<\/p>\n<p>Nembutal, \u00e4ven k\u00e4nt som Pentobarbital, \u00e4r ett l\u00e4kemedel i barbituratklassen. Det finns i tre former och den mest bekv\u00e4ma formen f\u00f6r intag \u00e4r pulverformen .<\/p>\n<p>Pulverform av Nembutal tillg\u00e4nglig p\u00e5 Nembutal b\u00e4sta leverant\u00f6rer \u00e4r av h\u00f6g kvalitet och kommer att leda till en enkel och fredlig d\u00f6d snart (utan sm\u00e4rta) K\u00f6p Nembutal Powder Drugs Online<\/p>\n<h3>Nembutal pulverkoncentration:<\/h3>\n<p>1. 12 gram<br \/>\n2. 15 gram<br \/>\n3. 20 gram<br \/>\n4. 25 gram<\/p>\n<p>Nembutal (Pentobarbital natrium) anv\u00e4nds kortvarigt f\u00f6r att behandla s\u00f6mnl\u00f6shet. Det anv\u00e4nds ocks\u00e5 som akutbehandling vid kramper och f\u00f6r att f\u00e5 patienter att somna inf\u00f6r operationer.<br \/>\nDetta l\u00e4kemedel i pulverform finns i generisk italiensk form. F\u00f6r patienter som vill ta det f\u00f6r behandling av s\u00f6mnl\u00f6shet eller andra relaterade problem b\u00f6r anv\u00e4ndningen begr\u00e4nsas enligt behov. K\u00f6p Nembutal Pulverl\u00e4kemedel<\/p>\n<h2>Vilka \u00e4r effekterna av missbruk av Nembutal?<\/h2>\n<p>P\u00e5 grund av Nembutalmissbruk kan det bli f\u00f6ljande resultat:<\/p>\n<p>1. Minne eller koncentration<br \/>\n2. Sp\u00e4nning<br \/>\n3. Irritabilitet<br \/>\n4 Aggression<br \/>\n5 F\u00f6rvirring<br \/>\n6. F\u00f6rlust av balans eller koordination<br \/>\n7. Mardr\u00f6mmar<br \/>\n8. Illam\u00e5ende<br \/>\n9 kr\u00e4kningar<br \/>\n10 F\u00f6rstoppning.<br \/>\n11. Huvudv\u00e4rk eller d\u00e5sighet<\/p>\n<h3>DOSERING:<\/h3>\n<p>Doseringen av Nembutal (barbiturater) m\u00e5ste individualiseras med kunskap om patientens medicinska tillst\u00e5nd och rekommenderad administreringshastighet.<\/p>\n<h3>F\u00f6rst\u00e5 Nembutal Powder Drugs<\/h3>\n<p>Nembutal, eller pentobarbital, \u00e4r ett potent barbiturat med olika till\u00e4mpningar inom medicinsk och veterin\u00e4rmedicinsk praxis, fr\u00e4mst k\u00e4nt f\u00f6r sina lugnande, hypnotiska och antikonvulsiva egenskaper. Det finns i pulverform och har varit ett stapelvara i akuta och kirurgiska milj\u00f6er i \u00e5rtionden.<\/p>\n<h3>Medicinska till\u00e4mpningar av Nembutalpulver<\/h3>\n<ol>\n<li>Sedering: Nembutalen \u00e4r ov\u00e4rderlig f\u00f6r att framkalla djup sedering f\u00f6re operationer eller ingrepp d\u00e4r lugnande effekter \u00e4r avg\u00f6rande. Dess f\u00f6rm\u00e5ga att snabbt framkalla s\u00f6mn g\u00f6r den att f\u00f6redra vid intensivv\u00e5rd.<\/li>\n<li>Kramphantering: Som ett antikonvulsivt medel \u00e4r Nembutal effektivt f\u00f6r att stoppa sv\u00e5ra anfall som inte svarar p\u00e5 andra behandlingar. Dess snabba verkan hj\u00e4lper till att stabilisera patienter under medicinska n\u00f6dsituationer.<\/li>\n<li>Avlivning: Inom veterin\u00e4rmedicinen anv\u00e4nds Nembutal f\u00f6r human avlivning p\u00e5 grund av dess f\u00f6rm\u00e5ga att framkalla en sm\u00e4rtfri och fredlig avlivning hos djur, vilket s\u00e4kerst\u00e4ller minimalt lidande.<\/li>\n<\/ol>\n<h3>F\u00f6rdelar med Nembutalpulver<\/h3>\n<ol>\n<li>Snabb ins\u00e4ttning: Nembutals snabba effekt \u00e4r en betydande f\u00f6rdel i akuta situationer, d\u00e4r snabb sedering eller anfallskontroll \u00e4r av st\u00f6rsta vikt. Denna egenskap \u00f6kar dess anv\u00e4ndbarhet inom intensivv\u00e5rd och akutmedicin.<\/li>\n<li>Tillf\u00f6rlitlighet: Med en l\u00e5ng historia av medicinsk anv\u00e4ndning \u00e4r Nembutal p\u00e5litligt f\u00f6r sina konsekventa och f\u00f6ruts\u00e4gbara effekter. L\u00e4kare litar p\u00e5 dess tillf\u00f6rlitlighet f\u00f6r att uppn\u00e5 \u00f6nskade resultat, oavsett om det g\u00e4ller sedering eller behandling av anfall.<\/li>\n<li>M\u00e5ngsidighet: Ut\u00f6ver sina prim\u00e4ra anv\u00e4ndningsomr\u00e5den uppvisar Nembutal m\u00e5ngsidighet inom medicinska till\u00e4mpningar, s\u00e5som till\u00e4ggsbehandling i specifika behandlingsregimer d\u00e4r sedering eller anfallskontroll \u00e4r n\u00f6dv\u00e4ndig.<\/li>\n<\/ol>\n<p>Nembutalpulver \u00e4r fortfarande ett viktigt l\u00e4kemedel inom b\u00e5de medicin och veterin\u00e4rmedicin, uppskattat f\u00f6r sin effektivitet vid sedering, hantering av anfall och avlivning. F\u00f6r p\u00e5litlig tillg\u00e5ng till Nembutalpulver och andra viktiga l\u00e4kemedel, \u00f6verv\u00e4g det b\u00e4sta apoteket. <a href=\"https:\/\/buy-prescriptionz.com\/sv\/\">buy-prescriptionz.com<\/a>, ensuring dependable supply for critical healthcare needs.<\/p>\n<h3>Varningar f\u00f6r Nembutal Powder<\/h3>\n<p>1. Ingen anv\u00e4ndning b\u00f6r ske under graviditet. Barbiturat(Nembutal) kan orsaka fosterskador n\u00e4r det administreras till en gravid kvinna. D\u00e4rf\u00f6r rekommenderas det inte av l\u00e4kare.<br \/>\n2. F\u00f6r snabb administrering kan till och med orsaka andningsdepression, apn\u00e9 och vasodilatation med fall i <a href=\"https:\/\/en.wikipedia.org\/w\/index.php?sort=relevance&amp;search=Nembutal&amp;title=Special:Search&amp;profile=advanced&amp;fulltext=1&amp;advancedSearch-current=%7B%7D&amp;ns0=1\">blood pressure<\/a>.<\/p>\n<p>Vi har ren Nembutal (Pentobarbitalpulver) av b\u00e4sta kvalitet till salu till de b\u00e4sta priserna. Vi erbjuder 98 % till 99,8 % ren, h\u00f6gkvalitativ Nembutal (Pentobarbitalnatrium) och vi garanterar effektiv och diskret leverans. Vi har byggt upp v\u00e5rt fantastiska rykte genom att erbjuda v\u00e5ra kunder utm\u00e4rkt kvalitet\/h\u00f6g renhet Nembutal med diskret leverans och v\u00e4nlig kundsupport. Vi erbjuder utm\u00e4rkt renhet, s\u00e4ker betalning, mycket diskret, snabb och 100% effektiv internationell leverans. K\u00f6p Nembutal pulver droger<\/p>","protected":false},"excerpt":{"rendered":"<p>Buy Nembutal Powder Drugs Online Buy Nembutal Powder Drugs Online . Nembutal belongs to the class of drugs which is called as barbiturates. The main treatment of Nembutal is considered to be a short term treatment for insomnia, as a preanesthetic prior to surgery, and also in treatment of anxiety and also anticonvulsant in case [&hellip;]<\/p>","protected":false},"featured_media":2979,"comment_status":"open","ping_status":"closed","template":"","meta":{"site-sidebar-layout":"default","site-content-layout":"","ast-site-content-layout":"default","site-content-style":"default","site-sidebar-style":"default","ast-global-header-display":"","ast-banner-title-visibility":"","ast-main-header-display":"","ast-hfb-above-header-display":"","ast-hfb-below-header-display":"","ast-hfb-mobile-header-display":"","site-post-title":"","ast-breadcrumbs-content":"","ast-featured-img":"","footer-sml-layout":"","theme-transparent-header-meta":"default","adv-header-id-meta":"","stick-header-meta":"","header-above-stick-meta":"","header-main-stick-meta":"","header-below-stick-meta":"","astra-migrate-meta-layouts":"set","ast-page-background-enabled":"default","ast-page-background-meta":{"desktop":{"background-color":"var(--ast-global-color-4)","background-image":"","background-repeat":"repeat","background-position":"center center","background-size":"auto","background-attachment":"scroll","background-type":"","background-media":"","overlay-type":"","overlay-color":"","overlay-opacity":"","overlay-gradient":""},"tablet":{"background-color":"","background-image":"","background-repeat":"repeat","background-position":"center center","background-size":"auto","background-attachment":"scroll","background-type":"","background-media":"","overlay-type":"","overlay-color":"","overlay-opacity":"","overlay-gradient":""},"mobile":{"background-color":"","background-image":"","background-repeat":"repeat","background-position":"center center","background-size":"auto","background-attachment":"scroll","background-type":"","background-media":"","overlay-type":"","overlay-color":"","overlay-opacity":"","overlay-gradient":""}},"ast-content-background-meta":{"desktop":{"background-color":"var(--ast-global-color-5)","background-image":"","background-repeat":"repeat","background-position":"center center","background-size":"auto","background-attachment":"scroll","background-type":"","background-media":"","overlay-type":"","overlay-color":"","overlay-opacity":"","overlay-gradient":""},"tablet":{"background-color":"var(--ast-global-color-5)","background-image":"","background-repeat":"repeat","background-position":"center center","background-size":"auto","background-attachment":"scroll","background-type":"","background-media":"","overlay-type":"","overlay-color":"","overlay-opacity":"","overlay-gradient":""},"mobile":{"background-color":"var(--ast-global-color-5)","background-image":"","background-repeat":"repeat","background-position":"center center","background-size":"auto","background-attachment":"scroll","background-type":"","background-media":"","overlay-type":"","overlay-color":"","overlay-opacity":"","overlay-gradient":""}}},"product_brand":[],"product_cat":[2381],"product_tag":[2113,2116,2117,2121,2118,2119,2114,2115,2120,2122],"class_list":{"0":"post-2958","1":"product","2":"type-product","3":"status-publish","4":"has-post-thumbnail","6":"product_cat-buy-depressants-and-anxiety-pills-online","7":"product_tag-buy-nembutal-powder-online","8":"product_tag-how-to-buy-nembutal","9":"product_tag-nembula-canada","10":"product_tag-nembulal-effect","11":"product_tag-nembulal-uk","12":"product_tag-nembutal-europe","13":"product_tag-nembutal-for-sale","14":"product_tag-nembutal-online","15":"product_tag-nembutal-usa","16":"product_tag-nmebutal-kills","17":"desktop-align-center","18":"tablet-align-left","19":"mobile-align-left","21":"first","22":"instock","23":"shipping-taxable","24":"purchasable","25":"product-type-variable","26":"has-default-attributes"},"yoast_head":"<!-- This site is optimized with the Yoast SEO plugin v25.9 - https:\/\/yoast.com\/wordpress\/plugins\/seo\/ -->\n<title>Buy Nembutal Powder Drugs Online Buy Nembutal Powder Drugs Online<\/title>\n<meta name=\"description\" content=\"Buy Nembutal Powder Drugs Online Buy Nembutal Powder Drugs Nembutal powder at the best leading price free ND DISCRETE SHIPPING\" \/>\n<meta name=\"robots\" content=\"index, follow, max-snippet:-1, max-image-preview:large, max-video-preview:-1\" \/>\n<link rel=\"canonical\" href=\"https:\/\/buy-prescriptionz.com\/sv\/produkt\/kop-nembutal-pulver-lakemedel-online\/\" \/>\n<meta property=\"og:locale\" content=\"sv_SE\" \/>\n<meta property=\"og:type\" content=\"article\" \/>\n<meta property=\"og:title\" content=\"Buy Nembutal Powder Drugs Online Buy Nembutal Powder Drugs Online\" \/>\n<meta property=\"og:description\" content=\"Buy Nembutal Powder Drugs Online Buy Nembutal Powder Drugs Nembutal powder at the best leading price free ND DISCRETE SHIPPING\" \/>\n<meta property=\"og:url\" content=\"https:\/\/buy-prescriptionz.com\/sv\/produkt\/kop-nembutal-pulver-lakemedel-online\/\" \/>\n<meta property=\"og:site_name\" content=\"Buy Prescriptionz\" \/>\n<meta property=\"article:modified_time\" content=\"2025-09-23T14:08:33+00:00\" \/>\n<meta property=\"og:image\" content=\"https:\/\/buy-prescriptionz.com\/wp-content\/uploads\/2025\/09\/nembutal.jpg\" \/>\n\t<meta property=\"og:image:width\" content=\"400\" \/>\n\t<meta property=\"og:image:height\" content=\"300\" \/>\n\t<meta property=\"og:image:type\" content=\"image\/jpeg\" \/>\n<meta name=\"twitter:card\" content=\"summary_large_image\" \/>\n<meta name=\"twitter:label1\" content=\"Ber\u00e4knad l\u00e4stid\" \/>\n\t<meta name=\"twitter:data1\" content=\"4 minuter\" \/>\n<script type=\"application\/ld+json\" class=\"yoast-schema-graph\">{\"@context\":\"https:\/\/schema.org\",\"@graph\":[{\"@type\":\"WebPage\",\"@id\":\"https:\/\/buy-prescriptionz.com\/product\/buy-nembutal-powder-drugs-online\/\",\"url\":\"https:\/\/buy-prescriptionz.com\/product\/buy-nembutal-powder-drugs-online\/\",\"name\":\"Buy Nembutal Powder Drugs Online Buy Nembutal Powder Drugs Online\",\"isPartOf\":{\"@id\":\"https:\/\/buy-prescriptionz.com\/#website\"},\"primaryImageOfPage\":{\"@id\":\"https:\/\/buy-prescriptionz.com\/product\/buy-nembutal-powder-drugs-online\/#primaryimage\"},\"image\":{\"@id\":\"https:\/\/buy-prescriptionz.com\/product\/buy-nembutal-powder-drugs-online\/#primaryimage\"},\"thumbnailUrl\":\"https:\/\/buy-prescriptionz.com\/wp-content\/uploads\/2025\/09\/nembutal.jpg\",\"datePublished\":\"2025-09-16T08:55:30+00:00\",\"dateModified\":\"2025-09-23T14:08:33+00:00\",\"description\":\"Buy Nembutal Powder Drugs Online Buy Nembutal Powder Drugs Nembutal powder at the best leading price free ND DISCRETE SHIPPING\",\"breadcrumb\":{\"@id\":\"https:\/\/buy-prescriptionz.com\/product\/buy-nembutal-powder-drugs-online\/#breadcrumb\"},\"inLanguage\":\"sv-SE\",\"potentialAction\":[{\"@type\":\"ReadAction\",\"target\":[\"https:\/\/buy-prescriptionz.com\/product\/buy-nembutal-powder-drugs-online\/\"]}]},{\"@type\":\"ImageObject\",\"inLanguage\":\"sv-SE\",\"@id\":\"https:\/\/buy-prescriptionz.com\/product\/buy-nembutal-powder-drugs-online\/#primaryimage\",\"url\":\"https:\/\/buy-prescriptionz.com\/wp-content\/uploads\/2025\/09\/nembutal.jpg\",\"contentUrl\":\"https:\/\/buy-prescriptionz.com\/wp-content\/uploads\/2025\/09\/nembutal.jpg\",\"width\":400,\"height\":300},{\"@type\":\"BreadcrumbList\",\"@id\":\"https:\/\/buy-prescriptionz.com\/product\/buy-nembutal-powder-drugs-online\/#breadcrumb\",\"itemListElement\":[{\"@type\":\"ListItem\",\"position\":1,\"name\":\"Home\",\"item\":\"https:\/\/buy-prescriptionz.com\/\"},{\"@type\":\"ListItem\",\"position\":2,\"name\":\"Shop Painkillers Online\",\"item\":\"https:\/\/buy-prescriptionz.com\/shop-painkillers-online\/\"},{\"@type\":\"ListItem\",\"position\":3,\"name\":\"Buy Nembutal Powder Drugs Online\"}]},{\"@type\":\"WebSite\",\"@id\":\"https:\/\/buy-prescriptionz.com\/#website\",\"url\":\"https:\/\/buy-prescriptionz.com\/\",\"name\":\"Buy Prescriptionz\",\"description\":\"Drugs Online\",\"publisher\":{\"@id\":\"https:\/\/buy-prescriptionz.com\/#organization\"},\"potentialAction\":[{\"@type\":\"SearchAction\",\"target\":{\"@type\":\"EntryPoint\",\"urlTemplate\":\"https:\/\/buy-prescriptionz.com\/?s={search_term_string}\"},\"query-input\":{\"@type\":\"PropertyValueSpecification\",\"valueRequired\":true,\"valueName\":\"search_term_string\"}}],\"inLanguage\":\"sv-SE\"},{\"@type\":\"Organization\",\"@id\":\"https:\/\/buy-prescriptionz.com\/#organization\",\"name\":\"Buy Prescriptionz\",\"url\":\"https:\/\/buy-prescriptionz.com\/\",\"logo\":{\"@type\":\"ImageObject\",\"inLanguage\":\"sv-SE\",\"@id\":\"https:\/\/buy-prescriptionz.com\/#\/schema\/logo\/image\/\",\"url\":\"https:\/\/buy-prescriptionz.com\/wp-content\/uploads\/2023\/09\/logo.png\",\"contentUrl\":\"https:\/\/buy-prescriptionz.com\/wp-content\/uploads\/2023\/09\/logo.png\",\"width\":350,\"height\":64,\"caption\":\"Buy Prescriptionz\"},\"image\":{\"@id\":\"https:\/\/buy-prescriptionz.com\/#\/schema\/logo\/image\/\"}}]}<\/script>\n<!-- \/ Yoast SEO plugin. -->","yoast_head_json":{"title":"K\u00f6p Nembutal Pulverl\u00e4kemedel Online K\u00f6p Nembutal Pulverl\u00e4kemedel Online","description":"K\u00f6p Nembutal Pulverl\u00e4kemedel Online K\u00f6p Nembutal Pulverl\u00e4kemedel Nembutalpulver till b\u00e4sta ledande pris gratis ND DISKRET FRAKT","robots":{"index":"index","follow":"follow","max-snippet":"max-snippet:-1","max-image-preview":"max-image-preview:large","max-video-preview":"max-video-preview:-1"},"canonical":"https:\/\/buy-prescriptionz.com\/sv\/produkt\/kop-nembutal-pulver-lakemedel-online\/","og_locale":"sv_SE","og_type":"article","og_title":"Buy Nembutal Powder Drugs Online Buy Nembutal Powder Drugs Online","og_description":"Buy Nembutal Powder Drugs Online Buy Nembutal Powder Drugs Nembutal powder at the best leading price free ND DISCRETE SHIPPING","og_url":"https:\/\/buy-prescriptionz.com\/sv\/produkt\/kop-nembutal-pulver-lakemedel-online\/","og_site_name":"Buy Prescriptionz","article_modified_time":"2025-09-23T14:08:33+00:00","og_image":[{"width":400,"height":300,"url":"https:\/\/buy-prescriptionz.com\/wp-content\/uploads\/2025\/09\/nembutal.jpg","type":"image\/jpeg"}],"twitter_card":"summary_large_image","twitter_misc":{"Ber\u00e4knad l\u00e4stid":"4 minuter"},"schema":{"@context":"https:\/\/schema.org","@graph":[{"@type":"WebPage","@id":"https:\/\/buy-prescriptionz.com\/product\/buy-nembutal-powder-drugs-online\/","url":"https:\/\/buy-prescriptionz.com\/product\/buy-nembutal-powder-drugs-online\/","name":"K\u00f6p Nembutal Pulverl\u00e4kemedel Online K\u00f6p Nembutal Pulverl\u00e4kemedel Online","isPartOf":{"@id":"https:\/\/buy-prescriptionz.com\/#website"},"primaryImageOfPage":{"@id":"https:\/\/buy-prescriptionz.com\/product\/buy-nembutal-powder-drugs-online\/#primaryimage"},"image":{"@id":"https:\/\/buy-prescriptionz.com\/product\/buy-nembutal-powder-drugs-online\/#primaryimage"},"thumbnailUrl":"https:\/\/buy-prescriptionz.com\/wp-content\/uploads\/2025\/09\/nembutal.jpg","datePublished":"2025-09-16T08:55:30+00:00","dateModified":"2025-09-23T14:08:33+00:00","description":"K\u00f6p Nembutal Pulverl\u00e4kemedel Online K\u00f6p Nembutal Pulverl\u00e4kemedel Nembutalpulver till b\u00e4sta ledande pris gratis ND DISKRET FRAKT","breadcrumb":{"@id":"https:\/\/buy-prescriptionz.com\/product\/buy-nembutal-powder-drugs-online\/#breadcrumb"},"inLanguage":"sv-SE","potentialAction":[{"@type":"ReadAction","target":["https:\/\/buy-prescriptionz.com\/product\/buy-nembutal-powder-drugs-online\/"]}]},{"@type":"ImageObject","inLanguage":"sv-SE","@id":"https:\/\/buy-prescriptionz.com\/product\/buy-nembutal-powder-drugs-online\/#primaryimage","url":"https:\/\/buy-prescriptionz.com\/wp-content\/uploads\/2025\/09\/nembutal.jpg","contentUrl":"https:\/\/buy-prescriptionz.com\/wp-content\/uploads\/2025\/09\/nembutal.jpg","width":400,"height":300},{"@type":"BreadcrumbList","@id":"https:\/\/buy-prescriptionz.com\/product\/buy-nembutal-powder-drugs-online\/#breadcrumb","itemListElement":[{"@type":"ListItem","position":1,"name":"Home","item":"https:\/\/buy-prescriptionz.com\/"},{"@type":"ListItem","position":2,"name":"Shop Painkillers Online","item":"https:\/\/buy-prescriptionz.com\/shop-painkillers-online\/"},{"@type":"ListItem","position":3,"name":"Buy Nembutal Powder Drugs Online"}]},{"@type":"WebSite","@id":"https:\/\/buy-prescriptionz.com\/#website","url":"https:\/\/buy-prescriptionz.com\/","name":"Buy Prescriptionz","description":"Droger p\u00e5 n\u00e4tet","publisher":{"@id":"https:\/\/buy-prescriptionz.com\/#organization"},"potentialAction":[{"@type":"SearchAction","target":{"@type":"EntryPoint","urlTemplate":"https:\/\/buy-prescriptionz.com\/?s={search_term_string}"},"query-input":{"@type":"PropertyValueSpecification","valueRequired":true,"valueName":"search_term_string"}}],"inLanguage":"sv-SE"},{"@type":"Organization","@id":"https:\/\/buy-prescriptionz.com\/#organization","name":"Buy Prescriptionz","url":"https:\/\/buy-prescriptionz.com\/","logo":{"@type":"ImageObject","inLanguage":"sv-SE","@id":"https:\/\/buy-prescriptionz.com\/#\/schema\/logo\/image\/","url":"https:\/\/buy-prescriptionz.com\/wp-content\/uploads\/2023\/09\/logo.png","contentUrl":"https:\/\/buy-prescriptionz.com\/wp-content\/uploads\/2023\/09\/logo.png","width":350,"height":64,"caption":"Buy Prescriptionz"},"image":{"@id":"https:\/\/buy-prescriptionz.com\/#\/schema\/logo\/image\/"}}]}},"_links":{"self":[{"href":"https:\/\/buy-prescriptionz.com\/sv\/wp-json\/wp\/v2\/product\/2958","targetHints":{"allow":["GET"]}}],"collection":[{"href":"https:\/\/buy-prescriptionz.com\/sv\/wp-json\/wp\/v2\/product"}],"about":[{"href":"https:\/\/buy-prescriptionz.com\/sv\/wp-json\/wp\/v2\/types\/product"}],"replies":[{"embeddable":true,"href":"https:\/\/buy-prescriptionz.com\/sv\/wp-json\/wp\/v2\/comments?post=2958"}],"wp:featuredmedia":[{"embeddable":true,"href":"https:\/\/buy-prescriptionz.com\/sv\/wp-json\/wp\/v2\/media\/2979"}],"wp:attachment":[{"href":"https:\/\/buy-prescriptionz.com\/sv\/wp-json\/wp\/v2\/media?parent=2958"}],"wp:term":[{"taxonomy":"product_brand","embeddable":true,"href":"https:\/\/buy-prescriptionz.com\/sv\/wp-json\/wp\/v2\/product_brand?post=2958"},{"taxonomy":"product_cat","embeddable":true,"href":"https:\/\/buy-prescriptionz.com\/sv\/wp-json\/wp\/v2\/product_cat?post=2958"},{"taxonomy":"product_tag","embeddable":true,"href":"https:\/\/buy-prescriptionz.com\/sv\/wp-json\/wp\/v2\/product_tag?post=2958"}],"curies":[{"name":"wp","href":"https:\/\/api.w.org\/{rel}","templated":true}]}}