{"id":2959,"date":"2025-09-16T08:55:30","date_gmt":"2025-09-16T08:55:30","guid":{"rendered":"https:\/\/chemsfine.com\/newsite\/?post_type=product&#038;p=2959"},"modified":"2025-09-26T11:58:39","modified_gmt":"2025-09-26T11:58:39","slug":"midazolam","status":"publish","type":"product","link":"https:\/\/buy-prescriptionz.com\/sv\/produkt\/midazolam\/","title":{"rendered":"Midazolam"},"content":{"rendered":"<h2>K\u00d6P MIDAZOLAM ONLINE<\/h2>\n<p>K\u00d6PA MIDAZOLAM ONLINE Hur man k\u00f6per Midazolam, Midazolam s\u00e4gs vara ett kortverkande l\u00e4kemedel, som har hypnotisk-sedativa och har amnestiska och anxiolytiska egenskaper. Detta kan anv\u00e4ndas vid hj\u00e4rtkirurgi, tandv\u00e5rd och \u00e4ven vid endoskopiska ingrepp, vilket \u00e4r som preanestetisk medicinering. Detta \u00e4r ocks\u00e5 ett komplement till lokalbed\u00f6vning. Den kardiorespiratoriska stabiliteten och den korta ...<\/p>\n<h3>VILKA F\u00d6RSIKTIGHETS\u00c5TG\u00c4RDER INNEH\u00c5LLER MIDAZOLAM?<\/h3>\n<p>Om man dricker alkoholhaltiga drycker eller alkohol samtidigt med medicinen kan det leda till mycket yrsel och d\u00e5sighet. Detta \u00e4r inte bra f\u00f6r h\u00e4lsan. L\u00e4kemedel som sannolikt interagerar med Midazolam inkluderar lugnande medel, CNS-depressiva medel, s\u00f6mnmedel, lugnande medel, muskelavslappnande medel och narkotika. Eventuella symtom som hj\u00e4rtproblem och bl\u00f6dningsrubbningar b\u00f6r informeras om f\u00f6r l\u00e4karen. Hur man k\u00f6per Midazolam<\/p>\n<p><strong>Biverkningar av Midazolam<\/strong><\/p>\n<p>1. Skakning<br \/>\n2. Hum\u00f6rsv\u00e4ngningar<br \/>\n3. L\u00e5gt blodtryck<br \/>\n4. Okontrollerade r\u00f6relser<br \/>\n5. Kramper<br \/>\n6. Ytlig andning<br \/>\n7. Sv\u00e5r yrsel<br \/>\n8. Svullnad<br \/>\n9. Bronkospasm<br \/>\n10. Andningssv\u00e5righeter<\/p>\n<h3>V\u00c4ND OM MAN MISSAR EN \u00d6VERDOS AV MIDAZOLAM?<\/h3>\n<p>Om man bara missar en \u00f6verdos av Midazolam en g\u00e5ng \u00e4r det ingen stor sak om man kan ta den direkt, men om det \u00e4r dags att ta n\u00e4sta dos b\u00f6r man bara ta en dos. Om man \u00f6verdoserar Midazolam kan det leda till d\u00f6den. Du m\u00e5ste omedelbart kontakta akutmottagningen f\u00f6r hj\u00e4lp eller ringa en sjukv\u00e5rdsexpert. Det b\u00e4sta Midazolam \u00e4r en bensodiazepin, vilket inneb\u00e4r att det \u00e4r ett l\u00e4kemedel som oftast anv\u00e4nds f\u00f6r att slappna av och lugna ner m\u00e4nniskor. Ofta ges det f\u00f6re medicinska behandlingar f\u00f6r att hj\u00e4lpa m\u00e4nniskor att slappna av, lugna ner sig och somna. Det finns olika typer av midazolam, som piller, sirap och flytande behandlingar, s\u00e5 det kan anv\u00e4ndas f\u00f6r m\u00e5nga olika medicinska \u00e4ndam\u00e5l.<\/p>\n<p><strong>Hur midazolam fungerar<\/strong><br \/>\nGamma-aminosm\u00f6rsyra (GABA), en kemikalie som saktar ner hj\u00e4rnaktiviteten, fungerar b\u00e4ttre i kombination med midazolam. Denna verkan hj\u00e4lper till att lugna nervsystemet, minska stress och g\u00f6ra m\u00e4nniskor s\u00f6mniga eller sederade. Dess korta halveringstid och snabba uppstart g\u00f6r den perfekt f\u00f6r medicinska milj\u00f6er som beh\u00f6ver sedera m\u00e4nniskor snabbt och s\u00e4kert. F\u00f6rdelar med Midazolam F\u00f6re ingrepp<\/p>\n<p>Sedering: Patienter s\u00f6vas ofta med midazolam f\u00f6re behandlingar eller medicinska tester f\u00f6r att s\u00e4kerst\u00e4lla att de f\u00f6rblir lugna och avslappnade.<\/p>\n<p>\u00c5ngestlindring: L\u00e4kemedlet fungerar bra f\u00f6r att kontrollera sv\u00e5ra \u00e5ngestipsidoser och lindrar snabbt tecken p\u00e5 sv\u00e5r \u00e5ngest.<\/p>\n<p>Kontroll av anfall: Midazolam kan anv\u00e4ndas f\u00f6r att stoppa anfall i en n\u00f6dsituation, vilket g\u00f6r det till ett anv\u00e4ndbart verktyg f\u00f6r personer med epilepsi b\u00e5de p\u00e5 sjukhus och hemma.<\/p>\n<p>\u00c4ven om Midazolam fungerar mycket bra, b\u00f6r det endast anv\u00e4ndas under l\u00e4karv\u00e5rd eftersom det kan orsaka biverkningar som s\u00f6mnighet, yrsel och l\u00e5ngsam andning. L\u00e5ngvarig anv\u00e4ndning kan g\u00f6ra dig beroende av det, s\u00e5 det \u00e4r mycket viktigt att h\u00e5lla sig till den dos och tidsl\u00e4ngd som din l\u00e4kare ordinerat. Midazolam \u00e4r ett starkt och flexibelt l\u00e4kemedel som \u00e4r mycket viktigt f\u00f6r att minska anfall, h\u00e5lla m\u00e4nniskor sovande och hantera nervositet. Bes\u00f6k ett av de b\u00e4sta apoteken buy-prescriptionz.com f\u00f6r att l\u00e4ra dig mer om Midazolam och andra receptbelagda l\u00e4kemedel. De har m\u00e5nga produkter som kan hj\u00e4lpa din h\u00e4lsa och ditt v\u00e4lbefinnande.<\/p>\n<h3>VAR KAN MAN K\u00d6PA MIDAZOLAM ONLINE?<\/h3>\n<p>Midazolam kan k\u00f6pas online p\u00e5 buy-prescriptionz.com d\u00e4r de erbjuder medicinen till b\u00e4sta pris. midazolam tablett k\u00f6p online, k\u00f6p midazolam i Storbritannien,<\/p>","protected":false},"excerpt":{"rendered":"<p>BUY MIDAZOLAM ONLINE How to buy Midazolam, Midazolam is said to be a short-acting drug, which has hypnotic-sedative and has amnestic and anxiolytic properties. This can be used in cardiac surgery, dentistry, and also in endoscopic procedures, which is as pre-anesthetic medication. This is also an adjunct to local anesthesia. The cardiorespiratory stability and short [&hellip;]<\/p>","protected":false},"featured_media":2980,"comment_status":"open","ping_status":"closed","template":"","meta":{"site-sidebar-layout":"default","site-content-layout":"","ast-site-content-layout":"default","site-content-style":"default","site-sidebar-style":"default","ast-global-header-display":"","ast-banner-title-visibility":"","ast-main-header-display":"","ast-hfb-above-header-display":"","ast-hfb-below-header-display":"","ast-hfb-mobile-header-display":"","site-post-title":"","ast-breadcrumbs-content":"","ast-featured-img":"","footer-sml-layout":"","theme-transparent-header-meta":"default","adv-header-id-meta":"","stick-header-meta":"","header-above-stick-meta":"","header-main-stick-meta":"","header-below-stick-meta":"","astra-migrate-meta-layouts":"set","ast-page-background-enabled":"default","ast-page-background-meta":{"desktop":{"background-color":"var(--ast-global-color-4)","background-image":"","background-repeat":"repeat","background-position":"center center","background-size":"auto","background-attachment":"scroll","background-type":"","background-media":"","overlay-type":"","overlay-color":"","overlay-opacity":"","overlay-gradient":""},"tablet":{"background-color":"","background-image":"","background-repeat":"repeat","background-position":"center center","background-size":"auto","background-attachment":"scroll","background-type":"","background-media":"","overlay-type":"","overlay-color":"","overlay-opacity":"","overlay-gradient":""},"mobile":{"background-color":"","background-image":"","background-repeat":"repeat","background-position":"center center","background-size":"auto","background-attachment":"scroll","background-type":"","background-media":"","overlay-type":"","overlay-color":"","overlay-opacity":"","overlay-gradient":""}},"ast-content-background-meta":{"desktop":{"background-color":"var(--ast-global-color-5)","background-image":"","background-repeat":"repeat","background-position":"center center","background-size":"auto","background-attachment":"scroll","background-type":"","background-media":"","overlay-type":"","overlay-color":"","overlay-opacity":"","overlay-gradient":""},"tablet":{"background-color":"var(--ast-global-color-5)","background-image":"","background-repeat":"repeat","background-position":"center center","background-size":"auto","background-attachment":"scroll","background-type":"","background-media":"","overlay-type":"","overlay-color":"","overlay-opacity":"","overlay-gradient":""},"mobile":{"background-color":"var(--ast-global-color-5)","background-image":"","background-repeat":"repeat","background-position":"center center","background-size":"auto","background-attachment":"scroll","background-type":"","background-media":"","overlay-type":"","overlay-color":"","overlay-opacity":"","overlay-gradient":""}}},"product_brand":[],"product_cat":[2381],"product_tag":[2317,2322,2321,2316,2254,2318,2319,2323,2315,2320],"class_list":{"0":"post-2959","1":"product","2":"type-product","3":"status-publish","4":"has-post-thumbnail","6":"product_cat-buy-depressants-and-anxiety-pills-online","7":"product_tag-buy-evekeo-online","8":"product_tag-buy-midazolam-ampoules-online","9":"product_tag-buy-midazolam-online","10":"product_tag-buy-midazolam-uk","11":"product_tag-buy-phenobarbital-online","12":"product_tag-buy-sodium-oxybate-online","13":"product_tag-midazolam-manufacturer","14":"product_tag-midazolam-price","15":"product_tag-midazolam-tablet-buy-online","16":"product_tag-midazolam-vial","17":"desktop-align-center","18":"tablet-align-left","19":"mobile-align-left","21":"first","22":"instock","23":"shipping-taxable","24":"purchasable","25":"product-type-variable","26":"has-default-attributes"},"yoast_head":"<!-- This site is optimized with the Yoast SEO plugin v25.9 - https:\/\/yoast.com\/wordpress\/plugins\/seo\/ -->\n<title>Buy Midazolam Online - Midazolam for Sale - Order Midazolam<\/title>\n<meta name=\"description\" content=\"Our online Buy-Prescriptionz store has the best quality midazolan for sale. If you want to buy midazolam online, then we can help you from all ends. Order today!\" \/>\n<meta name=\"robots\" content=\"index, follow, max-snippet:-1, max-image-preview:large, max-video-preview:-1\" \/>\n<link rel=\"canonical\" href=\"https:\/\/buy-prescriptionz.com\/sv\/produkt\/midazolam\/\" \/>\n<meta property=\"og:locale\" content=\"sv_SE\" \/>\n<meta property=\"og:type\" content=\"article\" \/>\n<meta property=\"og:title\" content=\"Buy Midazolam Online - Midazolam for Sale - Order Midazolam\" \/>\n<meta property=\"og:description\" content=\"Our online Buy-Prescriptionz store has the best quality midazolan for sale. If you want to buy midazolam online, then we can help you from all ends. Order today!\" \/>\n<meta property=\"og:url\" content=\"https:\/\/buy-prescriptionz.com\/sv\/produkt\/midazolam\/\" \/>\n<meta property=\"og:site_name\" content=\"Buy Prescriptionz\" \/>\n<meta property=\"article:modified_time\" content=\"2025-09-26T11:58:39+00:00\" \/>\n<meta property=\"og:image\" content=\"https:\/\/buy-prescriptionz.com\/wp-content\/uploads\/2025\/09\/midazolam.jpg\" \/>\n\t<meta property=\"og:image:width\" content=\"400\" \/>\n\t<meta property=\"og:image:height\" content=\"300\" \/>\n\t<meta property=\"og:image:type\" content=\"image\/jpeg\" \/>\n<meta name=\"twitter:card\" content=\"summary_large_image\" \/>\n<meta name=\"twitter:label1\" content=\"Ber\u00e4knad l\u00e4stid\" \/>\n\t<meta name=\"twitter:data1\" content=\"3 minuter\" \/>\n<script type=\"application\/ld+json\" class=\"yoast-schema-graph\">{\"@context\":\"https:\/\/schema.org\",\"@graph\":[{\"@type\":\"WebPage\",\"@id\":\"https:\/\/buy-prescriptionz.com\/product\/midazolam\/\",\"url\":\"https:\/\/buy-prescriptionz.com\/product\/midazolam\/\",\"name\":\"Buy Midazolam Online - Midazolam for Sale - Order Midazolam\",\"isPartOf\":{\"@id\":\"https:\/\/buy-prescriptionz.com\/#website\"},\"primaryImageOfPage\":{\"@id\":\"https:\/\/buy-prescriptionz.com\/product\/midazolam\/#primaryimage\"},\"image\":{\"@id\":\"https:\/\/buy-prescriptionz.com\/product\/midazolam\/#primaryimage\"},\"thumbnailUrl\":\"https:\/\/buy-prescriptionz.com\/wp-content\/uploads\/2025\/09\/midazolam.jpg\",\"datePublished\":\"2025-09-16T08:55:30+00:00\",\"dateModified\":\"2025-09-26T11:58:39+00:00\",\"description\":\"Our online Buy-Prescriptionz store has the best quality midazolan for sale. If you want to buy midazolam online, then we can help you from all ends. Order today!\",\"breadcrumb\":{\"@id\":\"https:\/\/buy-prescriptionz.com\/product\/midazolam\/#breadcrumb\"},\"inLanguage\":\"sv-SE\",\"potentialAction\":[{\"@type\":\"ReadAction\",\"target\":[\"https:\/\/buy-prescriptionz.com\/product\/midazolam\/\"]}]},{\"@type\":\"ImageObject\",\"inLanguage\":\"sv-SE\",\"@id\":\"https:\/\/buy-prescriptionz.com\/product\/midazolam\/#primaryimage\",\"url\":\"https:\/\/buy-prescriptionz.com\/wp-content\/uploads\/2025\/09\/midazolam.jpg\",\"contentUrl\":\"https:\/\/buy-prescriptionz.com\/wp-content\/uploads\/2025\/09\/midazolam.jpg\",\"width\":400,\"height\":300},{\"@type\":\"BreadcrumbList\",\"@id\":\"https:\/\/buy-prescriptionz.com\/product\/midazolam\/#breadcrumb\",\"itemListElement\":[{\"@type\":\"ListItem\",\"position\":1,\"name\":\"Home\",\"item\":\"https:\/\/buy-prescriptionz.com\/\"},{\"@type\":\"ListItem\",\"position\":2,\"name\":\"Shop Painkillers Online\",\"item\":\"https:\/\/buy-prescriptionz.com\/shop-painkillers-online\/\"},{\"@type\":\"ListItem\",\"position\":3,\"name\":\"Midazolam\"}]},{\"@type\":\"WebSite\",\"@id\":\"https:\/\/buy-prescriptionz.com\/#website\",\"url\":\"https:\/\/buy-prescriptionz.com\/\",\"name\":\"Buy Prescriptionz\",\"description\":\"Drugs Online\",\"publisher\":{\"@id\":\"https:\/\/buy-prescriptionz.com\/#organization\"},\"potentialAction\":[{\"@type\":\"SearchAction\",\"target\":{\"@type\":\"EntryPoint\",\"urlTemplate\":\"https:\/\/buy-prescriptionz.com\/?s={search_term_string}\"},\"query-input\":{\"@type\":\"PropertyValueSpecification\",\"valueRequired\":true,\"valueName\":\"search_term_string\"}}],\"inLanguage\":\"sv-SE\"},{\"@type\":\"Organization\",\"@id\":\"https:\/\/buy-prescriptionz.com\/#organization\",\"name\":\"Buy Prescriptionz\",\"url\":\"https:\/\/buy-prescriptionz.com\/\",\"logo\":{\"@type\":\"ImageObject\",\"inLanguage\":\"sv-SE\",\"@id\":\"https:\/\/buy-prescriptionz.com\/#\/schema\/logo\/image\/\",\"url\":\"https:\/\/buy-prescriptionz.com\/wp-content\/uploads\/2023\/09\/logo.png\",\"contentUrl\":\"https:\/\/buy-prescriptionz.com\/wp-content\/uploads\/2023\/09\/logo.png\",\"width\":350,\"height\":64,\"caption\":\"Buy Prescriptionz\"},\"image\":{\"@id\":\"https:\/\/buy-prescriptionz.com\/#\/schema\/logo\/image\/\"}}]}<\/script>\n<!-- \/ Yoast SEO plugin. -->","yoast_head_json":{"title":"K\u00f6p Midazolam Online - Midazolam till Salu - Best\u00e4ll Midazolam","description":"V\u00e5r onlinebutik Buy-Prescriptionz har Flexeril av b\u00e4sta kvalitet till salu. Om du vill k\u00f6pa Flexeril online kan vi hj\u00e4lpa dig med allt. Best\u00e4ll idag!","robots":{"index":"index","follow":"follow","max-snippet":"max-snippet:-1","max-image-preview":"max-image-preview:large","max-video-preview":"max-video-preview:-1"},"canonical":"https:\/\/buy-prescriptionz.com\/sv\/produkt\/midazolam\/","og_locale":"sv_SE","og_type":"article","og_title":"Buy Midazolam Online - Midazolam for Sale - Order Midazolam","og_description":"Our online Buy-Prescriptionz store has the best quality midazolan for sale. If you want to buy midazolam online, then we can help you from all ends. Order today!","og_url":"https:\/\/buy-prescriptionz.com\/sv\/produkt\/midazolam\/","og_site_name":"Buy Prescriptionz","article_modified_time":"2025-09-26T11:58:39+00:00","og_image":[{"width":400,"height":300,"url":"https:\/\/buy-prescriptionz.com\/wp-content\/uploads\/2025\/09\/midazolam.jpg","type":"image\/jpeg"}],"twitter_card":"summary_large_image","twitter_misc":{"Ber\u00e4knad l\u00e4stid":"3 minuter"},"schema":{"@context":"https:\/\/schema.org","@graph":[{"@type":"WebPage","@id":"https:\/\/buy-prescriptionz.com\/product\/midazolam\/","url":"https:\/\/buy-prescriptionz.com\/product\/midazolam\/","name":"K\u00f6p Midazolam Online - Midazolam till Salu - Best\u00e4ll Midazolam","isPartOf":{"@id":"https:\/\/buy-prescriptionz.com\/#website"},"primaryImageOfPage":{"@id":"https:\/\/buy-prescriptionz.com\/product\/midazolam\/#primaryimage"},"image":{"@id":"https:\/\/buy-prescriptionz.com\/product\/midazolam\/#primaryimage"},"thumbnailUrl":"https:\/\/buy-prescriptionz.com\/wp-content\/uploads\/2025\/09\/midazolam.jpg","datePublished":"2025-09-16T08:55:30+00:00","dateModified":"2025-09-26T11:58:39+00:00","description":"V\u00e5r onlinebutik Buy-Prescriptionz har Flexeril av b\u00e4sta kvalitet till salu. Om du vill k\u00f6pa Flexeril online kan vi hj\u00e4lpa dig med allt. Best\u00e4ll idag!","breadcrumb":{"@id":"https:\/\/buy-prescriptionz.com\/product\/midazolam\/#breadcrumb"},"inLanguage":"sv-SE","potentialAction":[{"@type":"ReadAction","target":["https:\/\/buy-prescriptionz.com\/product\/midazolam\/"]}]},{"@type":"ImageObject","inLanguage":"sv-SE","@id":"https:\/\/buy-prescriptionz.com\/product\/midazolam\/#primaryimage","url":"https:\/\/buy-prescriptionz.com\/wp-content\/uploads\/2025\/09\/midazolam.jpg","contentUrl":"https:\/\/buy-prescriptionz.com\/wp-content\/uploads\/2025\/09\/midazolam.jpg","width":400,"height":300},{"@type":"BreadcrumbList","@id":"https:\/\/buy-prescriptionz.com\/product\/midazolam\/#breadcrumb","itemListElement":[{"@type":"ListItem","position":1,"name":"Home","item":"https:\/\/buy-prescriptionz.com\/"},{"@type":"ListItem","position":2,"name":"Shop Painkillers Online","item":"https:\/\/buy-prescriptionz.com\/shop-painkillers-online\/"},{"@type":"ListItem","position":3,"name":"Midazolam"}]},{"@type":"WebSite","@id":"https:\/\/buy-prescriptionz.com\/#website","url":"https:\/\/buy-prescriptionz.com\/","name":"Buy Prescriptionz","description":"Droger p\u00e5 n\u00e4tet","publisher":{"@id":"https:\/\/buy-prescriptionz.com\/#organization"},"potentialAction":[{"@type":"SearchAction","target":{"@type":"EntryPoint","urlTemplate":"https:\/\/buy-prescriptionz.com\/?s={search_term_string}"},"query-input":{"@type":"PropertyValueSpecification","valueRequired":true,"valueName":"search_term_string"}}],"inLanguage":"sv-SE"},{"@type":"Organization","@id":"https:\/\/buy-prescriptionz.com\/#organization","name":"Buy Prescriptionz","url":"https:\/\/buy-prescriptionz.com\/","logo":{"@type":"ImageObject","inLanguage":"sv-SE","@id":"https:\/\/buy-prescriptionz.com\/#\/schema\/logo\/image\/","url":"https:\/\/buy-prescriptionz.com\/wp-content\/uploads\/2023\/09\/logo.png","contentUrl":"https:\/\/buy-prescriptionz.com\/wp-content\/uploads\/2023\/09\/logo.png","width":350,"height":64,"caption":"Buy Prescriptionz"},"image":{"@id":"https:\/\/buy-prescriptionz.com\/#\/schema\/logo\/image\/"}}]}},"_links":{"self":[{"href":"https:\/\/buy-prescriptionz.com\/sv\/wp-json\/wp\/v2\/product\/2959","targetHints":{"allow":["GET"]}}],"collection":[{"href":"https:\/\/buy-prescriptionz.com\/sv\/wp-json\/wp\/v2\/product"}],"about":[{"href":"https:\/\/buy-prescriptionz.com\/sv\/wp-json\/wp\/v2\/types\/product"}],"replies":[{"embeddable":true,"href":"https:\/\/buy-prescriptionz.com\/sv\/wp-json\/wp\/v2\/comments?post=2959"}],"wp:featuredmedia":[{"embeddable":true,"href":"https:\/\/buy-prescriptionz.com\/sv\/wp-json\/wp\/v2\/media\/2980"}],"wp:attachment":[{"href":"https:\/\/buy-prescriptionz.com\/sv\/wp-json\/wp\/v2\/media?parent=2959"}],"wp:term":[{"taxonomy":"product_brand","embeddable":true,"href":"https:\/\/buy-prescriptionz.com\/sv\/wp-json\/wp\/v2\/product_brand?post=2959"},{"taxonomy":"product_cat","embeddable":true,"href":"https:\/\/buy-prescriptionz.com\/sv\/wp-json\/wp\/v2\/product_cat?post=2959"},{"taxonomy":"product_tag","embeddable":true,"href":"https:\/\/buy-prescriptionz.com\/sv\/wp-json\/wp\/v2\/product_tag?post=2959"}],"curies":[{"name":"wp","href":"https:\/\/api.w.org\/{rel}","templated":true}]}}