{"id":2982,"date":"2025-09-16T08:55:51","date_gmt":"2025-09-16T08:55:51","guid":{"rendered":"https:\/\/chemsfine.com\/newsite\/?post_type=product&#038;p=2982"},"modified":"2025-09-20T12:20:33","modified_gmt":"2025-09-20T12:20:33","slug":"kop-klonazepam-online","status":"publish","type":"product","link":"https:\/\/buy-prescriptionz.com\/sv\/produkt\/kop-klonazepam-online\/","title":{"rendered":"K\u00f6p Clonazepam online"},"content":{"rendered":"<h2>K\u00f6p Clonazepam Online: Vad \u00e4r Clonazepam<\/h2>\n<p>Vad \u00e4r Clonazepam K\u00f6p Clonazepam online Clonazepam anv\u00e4nds f\u00f6r att kontrollera vissa typer av anfall och kan anv\u00e4ndas ensamt eller tillsammans med andra l\u00e4kemedel. Det kan ocks\u00e5 anv\u00e4ndas f\u00f6r att lindra panikattacker. Clonazepam ing\u00e5r i en klass av l\u00e4kemedel som kallas f\u00f6r bensodiazepiner. Det minskar den onormala elektriska aktiviteten i hj\u00e4rnan. Vad ...<\/p>\n<h3>Vilka egenskaper best\u00e5r av Clonazepam?<\/h3>\n<p>Klonazepam har m\u00e5nga terapeutiska anv\u00e4ndningsomr\u00e5den d\u00e4r det klassas som ett bensodiazepinl\u00e4kemedel. Det kan anv\u00e4ndas f\u00f6r att:<\/p>\n<p>1. Kontrollera anfallsst\u00f6rningen<br \/>\n2. Kontrollera \u00e5ngestst\u00f6rningen<br \/>\n3. Fungerar som ett s\u00f6mnmedel<\/p>\n<h3>Vilka f\u00f6rsiktighets\u00e5tg\u00e4rder b\u00f6r man vidta n\u00e4r man anv\u00e4nder Clonazepam?<\/h3>\n<p>1. Man b\u00f6r informera l\u00e4karen om sina premedicinska tillst\u00e5nd som andningsproblem, psykisk st\u00f6rning, njur- eller lungsjukdom etc. innan man tar Clonazepam.<br \/>\n2. Det \u00e4r farligt att ta marijuana eller alkohol tillsammans med Clonazepam. Det \u00e4r farligt eftersom det kan g\u00f6ra dig v\u00e4ldigt yr.<\/p>\n<h3>Vad kan h\u00e4nda om man missar eller \u00f6verdoserar Clonazepam?<\/h3>\n<p>1. Om man missar dosen av Clonazepam ska man ta den vid den tidpunkt man kommer ih\u00e5g, men inte vid n\u00e4sta dosschema.<br \/>\n2. Det kan vara n\u00e4ra f\u00f6rest\u00e5ende om det sker en \u00f6verdos av Clonazepam. D\u00e4rf\u00f6r b\u00f6r man ringa akutlinjen eller v\u00e5rdpersonal s\u00e5 att komplikationer kan undvikas.<\/p>\n<h3>Vilka egenskaper best\u00e5r av Clonazepam?<\/h3>\n<p>Nedan f\u00f6ljer biverkningar som kan uppst\u00e5 p\u00e5 grund av klonazepam, s\u00e5som:<\/p>\n<p>1. Mardr\u00f6mmar<br \/>\n2. Hallucinationer<br \/>\n3. Korttidsminnesluckor<br \/>\n4. Mental f\u00f6rvirring<br \/>\n5. Drastiska hum\u00f6rsv\u00e4ngningar<br \/>\n6. Irritabilitet<\/p>\n<h3>\u00d6versikt och f\u00f6rdelar med klonazepam<\/h3>\n<p>Klonazepam \u00e4r ett l\u00e4kemedel som tillh\u00f6r bensodiazepinklassen. Det f\u00f6rskrivs vanligtvis f\u00f6r behandling av anfall, panik\u00e5ngest och \u00e5ngest. L\u00e4kemedlet verkar genom att lugna hj\u00e4rnan och nerverna, vilket hj\u00e4lper till att minska frekvensen och sv\u00e5righetsgraden av anfall och panikattacker.<\/p>\n<p>En av de fr\u00e4msta anv\u00e4ndningsomr\u00e5dena f\u00f6r det b\u00e4sta Clonazepam \u00e4r vid hantering av anfallssjukdomar, s\u00e5som epilepsi. Det hj\u00e4lper till att f\u00f6rebygga och kontrollera anfall genom att stabilisera den elektriska aktiviteten i hj\u00e4rnan. Detta g\u00f6r det till ett viktigt l\u00e4kemedel f\u00f6r personer med epilepsi, vilket ger dem b\u00e4ttre kontroll \u00f6ver sitt tillst\u00e5nd och f\u00f6rb\u00e4ttrar deras livskvalitet.<\/p>\n<p>Klonazepam anv\u00e4nds ocks\u00e5 ofta f\u00f6r att behandla panik\u00e5ngest, som k\u00e4nnetecknas av pl\u00f6tsliga och ov\u00e4ntade episoder av intensiv r\u00e4dsla. Dessa episoder kan vara f\u00f6rsvagande och st\u00f6ra dagliga aktiviteter. Genom att minska den onormala hj\u00e4rnaktiviteten som leder till dessa panikattacker hj\u00e4lper Klonazepam individer att hantera sina symtom mer effektivt, vilket g\u00f6r att de kan leva ett mer normalt och produktivt liv.<\/p>\n<p>En annan betydande f\u00f6rdel med Clonazepam \u00e4r dess effektivitet vid behandling av \u00e5ngestst\u00f6rningar. Det ger snabb lindring av symtom som \u00f6verdriven oro, rastl\u00f6shet och sp\u00e4nning. Den lugnande effekten av Clonazepams kan hj\u00e4lpa individer att k\u00e4nna sig mer avslappnade och mindre oroliga, vilket \u00e4r s\u00e4rskilt f\u00f6rdelaktigt f\u00f6r dem som k\u00e4mpar med kronisk \u00e5ngest.<\/p>\n<p>Ut\u00f6ver sina prim\u00e4ra anv\u00e4ndningsomr\u00e5den kan Clonazepam \u00e4ven f\u00f6rskrivas f\u00f6r andra tillst\u00e5nd som best\u00e4ms av en v\u00e5rdgivare. Det \u00e4r dock viktigt att anv\u00e4nda detta l\u00e4kemedel under medicinsk \u00f6vervakning p\u00e5 grund av risken f\u00f6r beroende och andra biverkningar.<\/p>\n<p>Klonazepam erbjuder v\u00e4rdefulla f\u00f6rdelar f\u00f6r personer som lider av anfall, panik\u00e5ngest och \u00e5ngest. Dess f\u00f6rm\u00e5ga att stabilisera hj\u00e4rnaktiviteten och ge snabb lindring av symtom g\u00f6r det till ett viktigt l\u00e4kemedel f\u00f6r m\u00e5nga individer. Om du funderar p\u00e5 att anv\u00e4nda Klonazepam f\u00f6r din behandling, se till att r\u00e5dfr\u00e5ga en sjukv\u00e5rdspersonal f\u00f6r korrekt v\u00e4gledning.<\/p>\n<h3><strong>Var kan jag k\u00f6pa klonazepam?<\/strong><\/h3>\n<p>F\u00f6r en bekv\u00e4m och p\u00e5litlig k\u00e4lla att k\u00f6pa Clonazepam, bes\u00f6k det b\u00e4sta apoteket <a href=\"https:\/\/buy-prescriptionz.com\/sv\/\">buy-prescriptionz.com<\/a>De erbjuder ett brett utbud av receptbelagda l\u00e4kemedel f\u00f6r att m\u00f6ta dina h\u00e4lsobehov.<\/p>\n<h3>Var kan man k\u00f6pa Clonazepam online?<\/h3>\n<p>Man kan k\u00f6pa Clonazepam hos Buy Prescriptions till b\u00e4sta pris. Du kan best\u00e4lla de b\u00e4sta l\u00e4kemedlen h\u00e4r nu!<\/p>","protected":false},"excerpt":{"rendered":"<p>Buy Clonazepam Online: What is Clonazepam Buy Clonazepam Online Clonazepam is used to control certain types of seizures and can be used alone or with other medications. It can also be used to relieve panic attacks. Clonazepam comes in a class of medication which is called as benzodiazepines. It reduces the abnormal electric activity in [&hellip;]<\/p>","protected":false},"featured_media":3012,"comment_status":"open","ping_status":"closed","template":"","meta":{"site-sidebar-layout":"default","site-content-layout":"","ast-site-content-layout":"default","site-content-style":"default","site-sidebar-style":"default","ast-global-header-display":"","ast-banner-title-visibility":"","ast-main-header-display":"","ast-hfb-above-header-display":"","ast-hfb-below-header-display":"","ast-hfb-mobile-header-display":"","site-post-title":"","ast-breadcrumbs-content":"","ast-featured-img":"","footer-sml-layout":"","theme-transparent-header-meta":"default","adv-header-id-meta":"","stick-header-meta":"","header-above-stick-meta":"","header-main-stick-meta":"","header-below-stick-meta":"","astra-migrate-meta-layouts":"set","ast-page-background-enabled":"default","ast-page-background-meta":{"desktop":{"background-color":"var(--ast-global-color-4)","background-image":"","background-repeat":"repeat","background-position":"center center","background-size":"auto","background-attachment":"scroll","background-type":"","background-media":"","overlay-type":"","overlay-color":"","overlay-opacity":"","overlay-gradient":""},"tablet":{"background-color":"","background-image":"","background-repeat":"repeat","background-position":"center center","background-size":"auto","background-attachment":"scroll","background-type":"","background-media":"","overlay-type":"","overlay-color":"","overlay-opacity":"","overlay-gradient":""},"mobile":{"background-color":"","background-image":"","background-repeat":"repeat","background-position":"center center","background-size":"auto","background-attachment":"scroll","background-type":"","background-media":"","overlay-type":"","overlay-color":"","overlay-opacity":"","overlay-gradient":""}},"ast-content-background-meta":{"desktop":{"background-color":"var(--ast-global-color-5)","background-image":"","background-repeat":"repeat","background-position":"center center","background-size":"auto","background-attachment":"scroll","background-type":"","background-media":"","overlay-type":"","overlay-color":"","overlay-opacity":"","overlay-gradient":""},"tablet":{"background-color":"var(--ast-global-color-5)","background-image":"","background-repeat":"repeat","background-position":"center center","background-size":"auto","background-attachment":"scroll","background-type":"","background-media":"","overlay-type":"","overlay-color":"","overlay-opacity":"","overlay-gradient":""},"mobile":{"background-color":"var(--ast-global-color-5)","background-image":"","background-repeat":"repeat","background-position":"center center","background-size":"auto","background-attachment":"scroll","background-type":"","background-media":"","overlay-type":"","overlay-color":"","overlay-opacity":"","overlay-gradient":""}}},"product_brand":[],"product_cat":[2381],"product_tag":[1858,1859,1857,1852,1855,1854,1853,1856,1851,1850,1860],"class_list":{"0":"post-2982","1":"product","2":"type-product","3":"status-publish","4":"has-post-thumbnail","6":"product_cat-buy-depressants-and-anxiety-pills-online","7":"product_tag-buy-clonazepam-in-canada","8":"product_tag-buy-clonazepam-in-uk","9":"product_tag-buy-clonazepam-in-usa","10":"product_tag-buy-clonazepam-with-bitcoin","11":"product_tag-buy-clonazepam-with-credit-card","12":"product_tag-buy-clonazepam-with-money-gram","13":"product_tag-buy-clonazepam-with-western-union","14":"product_tag-buy-clonazepam-without-a-doctor","15":"product_tag-buy-clonazepam-without-prescription","16":"product_tag-clonazepam-for-sale","17":"product_tag-clonazepam-pills","18":"desktop-align-center","19":"tablet-align-left","20":"mobile-align-left","22":"first","23":"instock","24":"shipping-taxable","25":"purchasable","26":"product-type-variable","27":"has-default-attributes"},"yoast_head":"<!-- This site is optimized with the Yoast SEO plugin v25.9 - https:\/\/yoast.com\/wordpress\/plugins\/seo\/ -->\n<title>Buy Clonazepam Online, Buy Rivotril Online, Purchase Rivotril<\/title>\n<meta name=\"description\" content=\"Buy clonazepam online.Buy klonopin online, buy clonazepam online, buy clonazepam, Buy klonopin online legally, buy klonopin, buy klonopin online reviews\" \/>\n<meta name=\"robots\" content=\"index, follow, max-snippet:-1, max-image-preview:large, max-video-preview:-1\" \/>\n<link rel=\"canonical\" href=\"https:\/\/buy-prescriptionz.com\/sv\/produkt\/kop-klonazepam-online\/\" \/>\n<meta property=\"og:locale\" content=\"sv_SE\" \/>\n<meta property=\"og:type\" content=\"article\" \/>\n<meta property=\"og:title\" content=\"Buy Clonazepam Online, Buy Rivotril Online, Purchase Rivotril\" \/>\n<meta property=\"og:description\" content=\"Buy clonazepam online.Buy klonopin online, buy clonazepam online, buy clonazepam, Buy klonopin online legally, buy klonopin, buy klonopin online reviews\" \/>\n<meta property=\"og:url\" content=\"https:\/\/buy-prescriptionz.com\/sv\/produkt\/kop-klonazepam-online\/\" \/>\n<meta property=\"og:site_name\" content=\"Buy Prescriptionz\" \/>\n<meta property=\"article:modified_time\" content=\"2025-09-20T12:20:33+00:00\" \/>\n<meta property=\"og:image\" content=\"https:\/\/buy-prescriptionz.com\/wp-content\/uploads\/2025\/09\/clonazepam.jpg\" \/>\n\t<meta property=\"og:image:width\" content=\"400\" \/>\n\t<meta property=\"og:image:height\" content=\"300\" \/>\n\t<meta property=\"og:image:type\" content=\"image\/jpeg\" \/>\n<meta name=\"twitter:card\" content=\"summary_large_image\" \/>\n<meta name=\"twitter:label1\" content=\"Ber\u00e4knad l\u00e4stid\" \/>\n\t<meta name=\"twitter:data1\" content=\"3 minuter\" \/>\n<script type=\"application\/ld+json\" class=\"yoast-schema-graph\">{\"@context\":\"https:\/\/schema.org\",\"@graph\":[{\"@type\":\"WebPage\",\"@id\":\"https:\/\/buy-prescriptionz.com\/product\/buy-clonazepam-online\/\",\"url\":\"https:\/\/buy-prescriptionz.com\/product\/buy-clonazepam-online\/\",\"name\":\"Buy Clonazepam Online, Buy Rivotril Online, Purchase Rivotril\",\"isPartOf\":{\"@id\":\"https:\/\/buy-prescriptionz.com\/#website\"},\"primaryImageOfPage\":{\"@id\":\"https:\/\/buy-prescriptionz.com\/product\/buy-clonazepam-online\/#primaryimage\"},\"image\":{\"@id\":\"https:\/\/buy-prescriptionz.com\/product\/buy-clonazepam-online\/#primaryimage\"},\"thumbnailUrl\":\"https:\/\/buy-prescriptionz.com\/wp-content\/uploads\/2025\/09\/clonazepam.jpg\",\"datePublished\":\"2025-09-16T08:55:51+00:00\",\"dateModified\":\"2025-09-20T12:20:33+00:00\",\"description\":\"Buy clonazepam online.Buy klonopin online, buy clonazepam online, buy clonazepam, Buy klonopin online legally, buy klonopin, buy klonopin online reviews\",\"breadcrumb\":{\"@id\":\"https:\/\/buy-prescriptionz.com\/product\/buy-clonazepam-online\/#breadcrumb\"},\"inLanguage\":\"sv-SE\",\"potentialAction\":[{\"@type\":\"ReadAction\",\"target\":[\"https:\/\/buy-prescriptionz.com\/product\/buy-clonazepam-online\/\"]}]},{\"@type\":\"ImageObject\",\"inLanguage\":\"sv-SE\",\"@id\":\"https:\/\/buy-prescriptionz.com\/product\/buy-clonazepam-online\/#primaryimage\",\"url\":\"https:\/\/buy-prescriptionz.com\/wp-content\/uploads\/2025\/09\/clonazepam.jpg\",\"contentUrl\":\"https:\/\/buy-prescriptionz.com\/wp-content\/uploads\/2025\/09\/clonazepam.jpg\",\"width\":400,\"height\":300},{\"@type\":\"BreadcrumbList\",\"@id\":\"https:\/\/buy-prescriptionz.com\/product\/buy-clonazepam-online\/#breadcrumb\",\"itemListElement\":[{\"@type\":\"ListItem\",\"position\":1,\"name\":\"Home\",\"item\":\"https:\/\/buy-prescriptionz.com\/\"},{\"@type\":\"ListItem\",\"position\":2,\"name\":\"Shop Painkillers Online\",\"item\":\"https:\/\/buy-prescriptionz.com\/shop-painkillers-online\/\"},{\"@type\":\"ListItem\",\"position\":3,\"name\":\"Buy Clonazepam Online\"}]},{\"@type\":\"WebSite\",\"@id\":\"https:\/\/buy-prescriptionz.com\/#website\",\"url\":\"https:\/\/buy-prescriptionz.com\/\",\"name\":\"Buy Prescriptionz\",\"description\":\"Drugs Online\",\"publisher\":{\"@id\":\"https:\/\/buy-prescriptionz.com\/#organization\"},\"potentialAction\":[{\"@type\":\"SearchAction\",\"target\":{\"@type\":\"EntryPoint\",\"urlTemplate\":\"https:\/\/buy-prescriptionz.com\/?s={search_term_string}\"},\"query-input\":{\"@type\":\"PropertyValueSpecification\",\"valueRequired\":true,\"valueName\":\"search_term_string\"}}],\"inLanguage\":\"sv-SE\"},{\"@type\":\"Organization\",\"@id\":\"https:\/\/buy-prescriptionz.com\/#organization\",\"name\":\"Buy Prescriptionz\",\"url\":\"https:\/\/buy-prescriptionz.com\/\",\"logo\":{\"@type\":\"ImageObject\",\"inLanguage\":\"sv-SE\",\"@id\":\"https:\/\/buy-prescriptionz.com\/#\/schema\/logo\/image\/\",\"url\":\"https:\/\/buy-prescriptionz.com\/wp-content\/uploads\/2023\/09\/logo.png\",\"contentUrl\":\"https:\/\/buy-prescriptionz.com\/wp-content\/uploads\/2023\/09\/logo.png\",\"width\":350,\"height\":64,\"caption\":\"Buy Prescriptionz\"},\"image\":{\"@id\":\"https:\/\/buy-prescriptionz.com\/#\/schema\/logo\/image\/\"}}]}<\/script>\n<!-- \/ Yoast SEO plugin. -->","yoast_head_json":{"title":"K\u00f6p Clonazepam Online, K\u00f6p Rivotril Online, K\u00f6p Rivotril","description":"K\u00f6p klonazepam online. K\u00f6p klonopin online, k\u00f6p klonazepam online, k\u00f6p klonazepam, K\u00f6p klonopin online lagligt, k\u00f6p klonazepam, k\u00f6p klonopin online recensioner","robots":{"index":"index","follow":"follow","max-snippet":"max-snippet:-1","max-image-preview":"max-image-preview:large","max-video-preview":"max-video-preview:-1"},"canonical":"https:\/\/buy-prescriptionz.com\/sv\/produkt\/kop-klonazepam-online\/","og_locale":"sv_SE","og_type":"article","og_title":"Buy Clonazepam Online, Buy Rivotril Online, Purchase Rivotril","og_description":"Buy clonazepam online.Buy klonopin online, buy clonazepam online, buy clonazepam, Buy klonopin online legally, buy klonopin, buy klonopin online reviews","og_url":"https:\/\/buy-prescriptionz.com\/sv\/produkt\/kop-klonazepam-online\/","og_site_name":"Buy Prescriptionz","article_modified_time":"2025-09-20T12:20:33+00:00","og_image":[{"width":400,"height":300,"url":"https:\/\/buy-prescriptionz.com\/wp-content\/uploads\/2025\/09\/clonazepam.jpg","type":"image\/jpeg"}],"twitter_card":"summary_large_image","twitter_misc":{"Ber\u00e4knad l\u00e4stid":"3 minuter"},"schema":{"@context":"https:\/\/schema.org","@graph":[{"@type":"WebPage","@id":"https:\/\/buy-prescriptionz.com\/product\/buy-clonazepam-online\/","url":"https:\/\/buy-prescriptionz.com\/product\/buy-clonazepam-online\/","name":"K\u00f6p Clonazepam Online, K\u00f6p Rivotril Online, K\u00f6p Rivotril","isPartOf":{"@id":"https:\/\/buy-prescriptionz.com\/#website"},"primaryImageOfPage":{"@id":"https:\/\/buy-prescriptionz.com\/product\/buy-clonazepam-online\/#primaryimage"},"image":{"@id":"https:\/\/buy-prescriptionz.com\/product\/buy-clonazepam-online\/#primaryimage"},"thumbnailUrl":"https:\/\/buy-prescriptionz.com\/wp-content\/uploads\/2025\/09\/clonazepam.jpg","datePublished":"2025-09-16T08:55:51+00:00","dateModified":"2025-09-20T12:20:33+00:00","description":"K\u00f6p klonazepam online. K\u00f6p klonopin online, k\u00f6p klonazepam online, k\u00f6p klonazepam, K\u00f6p klonopin online lagligt, k\u00f6p klonazepam, k\u00f6p klonopin online recensioner","breadcrumb":{"@id":"https:\/\/buy-prescriptionz.com\/product\/buy-clonazepam-online\/#breadcrumb"},"inLanguage":"sv-SE","potentialAction":[{"@type":"ReadAction","target":["https:\/\/buy-prescriptionz.com\/product\/buy-clonazepam-online\/"]}]},{"@type":"ImageObject","inLanguage":"sv-SE","@id":"https:\/\/buy-prescriptionz.com\/product\/buy-clonazepam-online\/#primaryimage","url":"https:\/\/buy-prescriptionz.com\/wp-content\/uploads\/2025\/09\/clonazepam.jpg","contentUrl":"https:\/\/buy-prescriptionz.com\/wp-content\/uploads\/2025\/09\/clonazepam.jpg","width":400,"height":300},{"@type":"BreadcrumbList","@id":"https:\/\/buy-prescriptionz.com\/product\/buy-clonazepam-online\/#breadcrumb","itemListElement":[{"@type":"ListItem","position":1,"name":"Home","item":"https:\/\/buy-prescriptionz.com\/"},{"@type":"ListItem","position":2,"name":"Shop Painkillers Online","item":"https:\/\/buy-prescriptionz.com\/shop-painkillers-online\/"},{"@type":"ListItem","position":3,"name":"Buy Clonazepam Online"}]},{"@type":"WebSite","@id":"https:\/\/buy-prescriptionz.com\/#website","url":"https:\/\/buy-prescriptionz.com\/","name":"Buy Prescriptionz","description":"Droger p\u00e5 n\u00e4tet","publisher":{"@id":"https:\/\/buy-prescriptionz.com\/#organization"},"potentialAction":[{"@type":"SearchAction","target":{"@type":"EntryPoint","urlTemplate":"https:\/\/buy-prescriptionz.com\/?s={search_term_string}"},"query-input":{"@type":"PropertyValueSpecification","valueRequired":true,"valueName":"search_term_string"}}],"inLanguage":"sv-SE"},{"@type":"Organization","@id":"https:\/\/buy-prescriptionz.com\/#organization","name":"Buy Prescriptionz","url":"https:\/\/buy-prescriptionz.com\/","logo":{"@type":"ImageObject","inLanguage":"sv-SE","@id":"https:\/\/buy-prescriptionz.com\/#\/schema\/logo\/image\/","url":"https:\/\/buy-prescriptionz.com\/wp-content\/uploads\/2023\/09\/logo.png","contentUrl":"https:\/\/buy-prescriptionz.com\/wp-content\/uploads\/2023\/09\/logo.png","width":350,"height":64,"caption":"Buy Prescriptionz"},"image":{"@id":"https:\/\/buy-prescriptionz.com\/#\/schema\/logo\/image\/"}}]}},"_links":{"self":[{"href":"https:\/\/buy-prescriptionz.com\/sv\/wp-json\/wp\/v2\/product\/2982","targetHints":{"allow":["GET"]}}],"collection":[{"href":"https:\/\/buy-prescriptionz.com\/sv\/wp-json\/wp\/v2\/product"}],"about":[{"href":"https:\/\/buy-prescriptionz.com\/sv\/wp-json\/wp\/v2\/types\/product"}],"replies":[{"embeddable":true,"href":"https:\/\/buy-prescriptionz.com\/sv\/wp-json\/wp\/v2\/comments?post=2982"}],"wp:featuredmedia":[{"embeddable":true,"href":"https:\/\/buy-prescriptionz.com\/sv\/wp-json\/wp\/v2\/media\/3012"}],"wp:attachment":[{"href":"https:\/\/buy-prescriptionz.com\/sv\/wp-json\/wp\/v2\/media?parent=2982"}],"wp:term":[{"taxonomy":"product_brand","embeddable":true,"href":"https:\/\/buy-prescriptionz.com\/sv\/wp-json\/wp\/v2\/product_brand?post=2982"},{"taxonomy":"product_cat","embeddable":true,"href":"https:\/\/buy-prescriptionz.com\/sv\/wp-json\/wp\/v2\/product_cat?post=2982"},{"taxonomy":"product_tag","embeddable":true,"href":"https:\/\/buy-prescriptionz.com\/sv\/wp-json\/wp\/v2\/product_tag?post=2982"}],"curies":[{"name":"wp","href":"https:\/\/api.w.org\/{rel}","templated":true}]}}