{"id":2983,"date":"2025-09-16T08:55:51","date_gmt":"2025-09-16T08:55:51","guid":{"rendered":"https:\/\/chemsfine.com\/newsite\/?post_type=product&#038;p=2983"},"modified":"2025-09-24T06:26:41","modified_gmt":"2025-09-24T06:26:41","slug":"kop-nirvana-online","status":"publish","type":"product","link":"https:\/\/buy-prescriptionz.com\/sv\/produkt\/kop-nirvana-online\/","title":{"rendered":"K\u00f6p Niravam online"},"content":{"rendered":"<h2>K\u00f6p Niravam online<\/h2>\n<p>K\u00f6p Niravam (Generiskt). Anv\u00e4nds f\u00f6r att behandla panik\u00e5ngest s\u00e5v\u00e4l som \u00e5ngest. Niravam l\u00e5ter dig h\u00e5lla dig lugn och samlad. K\u00f6p Niravam online utan recept och l\u00e5t l\u00e4kemedlet verka p\u00e5 din hj\u00e4rna och dina nerver f\u00f6r att lindra symtomen p\u00e5 n\u00e4mnda attacker.<\/p>\n<p><strong>Uses\u00a0<\/strong>\u2013 Treats panic disorders<\/p>\n<p><strong>Side effects\u00a0<\/strong>\u2013 Dizziness, increased saliva production Buy Niravam (Generic)<\/p>\n<p>Om du beh\u00f6ver medicin kan du ocks\u00e5 leta efter Niravam online. Ta inte detta l\u00e4kemedel tillsammans med en fettrik m\u00e5ltid eftersom det skulle resultera i l\u00e5ngsam absorption av l\u00e4kemedlet. K\u00f6p Niravam och hitta \u00e4ven Niravam till salu f\u00f6r att f\u00e5 tillg\u00e5ng till detsamma till l\u00e4gre priser. Niravam \u00e4r ett snabbl\u00f6sligt oralt l\u00e4kemedel som anv\u00e4nds f\u00f6r att behandla \u00e5ngest och panik\u00e5ngest. Det inneh\u00e5ller alprazolam, en typ av bensodiazepin som verkar genom att f\u00f6rst\u00e4rka effekterna av en naturlig kemikalie i kroppen som kallas gamma-aminosm\u00f6rsyra (GABA). Detta hj\u00e4lper till att lugna nervsystemet och ge lindring av \u00e5ngestsymtom.<\/p>\n<h3>Hur Niravam fungerar<\/h3>\n<p>Den b\u00e4sta Niravam \u00e4r unik eftersom den l\u00f6ses upp snabbt p\u00e5 tungan, vilket g\u00f6r det l\u00e4ttare f\u00f6r de som har sv\u00e5rt att sv\u00e4lja piller. N\u00e4r den v\u00e4l \u00e4r uppl\u00f6st absorberas l\u00e4kemedlet snabbt i blodomloppet, vilket ger snabb lindring av \u00e5ngest och panikattacker. Denna snabba verkan \u00e4r s\u00e4rskilt f\u00f6rdelaktig under akuta \u00e5ngestepisoder.<\/p>\n<h3>F\u00f6rdelar med Niravam<\/h3>\n<ol>\n<li>Snabb lindring: Niravams snabbl\u00f6sliga formula erbjuder n\u00e4stan omedelbar lindring av \u00e5ngest och panikattacker, vilket \u00e4r avg\u00f6rande under sv\u00e5ra episoder.<\/li>\n<li>Bekv\u00e4m administrering: Den enkla anv\u00e4ndningen utan behov av vatten g\u00f6r Niravam till ett bekv\u00e4mt alternativ f\u00f6r dem som beh\u00f6ver snabbverkande \u00e5ngestlindring n\u00e4r de \u00e4r p\u00e5 spr\u00e5ng.<\/li>\n<li>Effektiv behandling: Alprazolam, den aktiva ingrediensen i Niravam, \u00e4r v\u00e4l dokumenterad f\u00f6r sin effektivitet vid behandling av generaliserat \u00e5ngestsyndrom (GAD) och panik\u00e5ngest, vilket bidrar till att minska symtom och f\u00f6rb\u00e4ttra livskvaliteten.<\/li>\n<\/ol>\n<h3>\u00d6verv\u00e4ganden och biverkningar<\/h3>\n<p>\u00c4ven om Niravam \u00e4r effektivt \u00e4r det viktigt att anv\u00e4nda det enligt ordination fr\u00e5n sjukv\u00e5rdspersonal. Potentiella biverkningar inkluderar d\u00e5sighet, yrsel och beroende vid l\u00e5ngvarig anv\u00e4ndning. Det \u00e4r avg\u00f6rande att f\u00f6lja l\u00e4karens instruktioner f\u00f6r att minimera riskerna och maximera f\u00f6rdelarna. Niravam erbjuder en bekv\u00e4m och effektiv l\u00f6sning f\u00f6r dem som k\u00e4mpar med \u00e5ngest och panik\u00e5ngest, och ger snabb lindring n\u00e4r det beh\u00f6vs som mest. F\u00f6r mer information om Niravam och andra receptbelagda l\u00e4kemedel, bes\u00f6k det b\u00e4sta apoteket. <a href=\"https:\/\/buy-prescriptionz.com\/sv\/\">buy-prescriptionz.com<\/a>De erbjuder en m\u00e4ngd olika produkter f\u00f6r att st\u00f6dja din h\u00e4lsa och ditt v\u00e4lbefinnande.<\/p>","protected":false},"excerpt":{"rendered":"<p>Buy Niravam Online Buy Niravam (Generic) ,Used to treat panic disorders as well as anxiety, Niravam lets you stay calm and composed. Buy Niravam online without prescription and let the drug act on your brain and nerve so as to relieve you from the symptoms of mentioned attacks. Uses\u00a0\u2013 Treats panic disorders Side effects\u00a0\u2013 Dizziness, [&hellip;]<\/p>","protected":false},"featured_media":3013,"comment_status":"open","ping_status":"closed","template":"","meta":{"site-sidebar-layout":"default","site-content-layout":"","ast-site-content-layout":"default","site-content-style":"default","site-sidebar-style":"default","ast-global-header-display":"","ast-banner-title-visibility":"","ast-main-header-display":"","ast-hfb-above-header-display":"","ast-hfb-below-header-display":"","ast-hfb-mobile-header-display":"","site-post-title":"","ast-breadcrumbs-content":"","ast-featured-img":"","footer-sml-layout":"","theme-transparent-header-meta":"default","adv-header-id-meta":"","stick-header-meta":"","header-above-stick-meta":"","header-main-stick-meta":"","header-below-stick-meta":"","astra-migrate-meta-layouts":"set","ast-page-background-enabled":"default","ast-page-background-meta":{"desktop":{"background-color":"var(--ast-global-color-4)","background-image":"","background-repeat":"repeat","background-position":"center center","background-size":"auto","background-attachment":"scroll","background-type":"","background-media":"","overlay-type":"","overlay-color":"","overlay-opacity":"","overlay-gradient":""},"tablet":{"background-color":"","background-image":"","background-repeat":"repeat","background-position":"center center","background-size":"auto","background-attachment":"scroll","background-type":"","background-media":"","overlay-type":"","overlay-color":"","overlay-opacity":"","overlay-gradient":""},"mobile":{"background-color":"","background-image":"","background-repeat":"repeat","background-position":"center center","background-size":"auto","background-attachment":"scroll","background-type":"","background-media":"","overlay-type":"","overlay-color":"","overlay-opacity":"","overlay-gradient":""}},"ast-content-background-meta":{"desktop":{"background-color":"var(--ast-global-color-5)","background-image":"","background-repeat":"repeat","background-position":"center center","background-size":"auto","background-attachment":"scroll","background-type":"","background-media":"","overlay-type":"","overlay-color":"","overlay-opacity":"","overlay-gradient":""},"tablet":{"background-color":"var(--ast-global-color-5)","background-image":"","background-repeat":"repeat","background-position":"center center","background-size":"auto","background-attachment":"scroll","background-type":"","background-media":"","overlay-type":"","overlay-color":"","overlay-opacity":"","overlay-gradient":""},"mobile":{"background-color":"var(--ast-global-color-5)","background-image":"","background-repeat":"repeat","background-position":"center center","background-size":"auto","background-attachment":"scroll","background-type":"","background-media":"","overlay-type":"","overlay-color":"","overlay-opacity":"","overlay-gradient":""}}},"product_brand":[],"product_cat":[2381],"product_tag":[1836,1837,1835,1830,1833,1832,1831,1834,1829,1828,1838],"class_list":{"0":"post-2983","1":"product","2":"type-product","3":"status-publish","4":"has-post-thumbnail","6":"product_cat-buy-depressants-and-anxiety-pills-online","7":"product_tag-buy-niravam-in-canada","8":"product_tag-buy-niravam-in-uk","9":"product_tag-buy-niravam-in-usa","10":"product_tag-buy-niravam-with-bitcoin","11":"product_tag-buy-niravam-with-credit-card","12":"product_tag-buy-niravam-with-money-gram","13":"product_tag-buy-niravam-with-western-union","14":"product_tag-buy-niravam-without-a-doctor","15":"product_tag-buy-niravam-without-prescription","16":"product_tag-niravam-for-sale","17":"product_tag-niravam-tablets","18":"desktop-align-center","19":"tablet-align-left","20":"mobile-align-left","22":"first","23":"instock","24":"shipping-taxable","25":"purchasable","26":"product-type-variable","27":"has-default-attributes"},"yoast_head":"<!-- This site is optimized with the Yoast SEO plugin v25.9 - https:\/\/yoast.com\/wordpress\/plugins\/seo\/ -->\n<title>Buy Niravam (Generic) | Best Online Prices &amp; Good Deals<\/title>\n<meta name=\"description\" content=\"Buy Niravam (Generic) , niravam for sale online. Where to order niravam where to buy no prescription meds.Niravam 2mg (Alprazolam) tablets online\" \/>\n<meta name=\"robots\" content=\"index, follow, max-snippet:-1, max-image-preview:large, max-video-preview:-1\" \/>\n<link rel=\"canonical\" href=\"https:\/\/buy-prescriptionz.com\/sv\/produkt\/kop-nirvana-online\/\" \/>\n<meta property=\"og:locale\" content=\"sv_SE\" \/>\n<meta property=\"og:type\" content=\"article\" \/>\n<meta property=\"og:title\" content=\"Buy Niravam (Generic) | Best Online Prices &amp; Good Deals\" \/>\n<meta property=\"og:description\" content=\"Buy Niravam (Generic) , niravam for sale online. Where to order niravam where to buy no prescription meds.Niravam 2mg (Alprazolam) tablets online\" \/>\n<meta property=\"og:url\" content=\"https:\/\/buy-prescriptionz.com\/sv\/produkt\/kop-nirvana-online\/\" \/>\n<meta property=\"og:site_name\" content=\"Buy Prescriptionz\" \/>\n<meta property=\"article:modified_time\" content=\"2025-09-24T06:26:41+00:00\" \/>\n<meta property=\"og:image\" content=\"https:\/\/buy-prescriptionz.com\/wp-content\/uploads\/2025\/09\/niravam.jpg\" \/>\n\t<meta property=\"og:image:width\" content=\"400\" \/>\n\t<meta property=\"og:image:height\" content=\"300\" \/>\n\t<meta property=\"og:image:type\" content=\"image\/jpeg\" \/>\n<meta name=\"twitter:card\" content=\"summary_large_image\" \/>\n<meta name=\"twitter:label1\" content=\"Ber\u00e4knad l\u00e4stid\" \/>\n\t<meta name=\"twitter:data1\" content=\"2 minuter\" \/>\n<script type=\"application\/ld+json\" class=\"yoast-schema-graph\">{\"@context\":\"https:\/\/schema.org\",\"@graph\":[{\"@type\":\"WebPage\",\"@id\":\"https:\/\/buy-prescriptionz.com\/product\/buy-niravam-online\/\",\"url\":\"https:\/\/buy-prescriptionz.com\/product\/buy-niravam-online\/\",\"name\":\"Buy Niravam (Generic) | Best Online Prices & Good Deals\",\"isPartOf\":{\"@id\":\"https:\/\/buy-prescriptionz.com\/#website\"},\"primaryImageOfPage\":{\"@id\":\"https:\/\/buy-prescriptionz.com\/product\/buy-niravam-online\/#primaryimage\"},\"image\":{\"@id\":\"https:\/\/buy-prescriptionz.com\/product\/buy-niravam-online\/#primaryimage\"},\"thumbnailUrl\":\"https:\/\/buy-prescriptionz.com\/wp-content\/uploads\/2025\/09\/niravam.jpg\",\"datePublished\":\"2025-09-16T08:55:51+00:00\",\"dateModified\":\"2025-09-24T06:26:41+00:00\",\"description\":\"Buy Niravam (Generic) , niravam for sale online. Where to order niravam where to buy no prescription meds.Niravam 2mg (Alprazolam) tablets online\",\"breadcrumb\":{\"@id\":\"https:\/\/buy-prescriptionz.com\/product\/buy-niravam-online\/#breadcrumb\"},\"inLanguage\":\"sv-SE\",\"potentialAction\":[{\"@type\":\"ReadAction\",\"target\":[\"https:\/\/buy-prescriptionz.com\/product\/buy-niravam-online\/\"]}]},{\"@type\":\"ImageObject\",\"inLanguage\":\"sv-SE\",\"@id\":\"https:\/\/buy-prescriptionz.com\/product\/buy-niravam-online\/#primaryimage\",\"url\":\"https:\/\/buy-prescriptionz.com\/wp-content\/uploads\/2025\/09\/niravam.jpg\",\"contentUrl\":\"https:\/\/buy-prescriptionz.com\/wp-content\/uploads\/2025\/09\/niravam.jpg\",\"width\":400,\"height\":300},{\"@type\":\"BreadcrumbList\",\"@id\":\"https:\/\/buy-prescriptionz.com\/product\/buy-niravam-online\/#breadcrumb\",\"itemListElement\":[{\"@type\":\"ListItem\",\"position\":1,\"name\":\"Home\",\"item\":\"https:\/\/buy-prescriptionz.com\/\"},{\"@type\":\"ListItem\",\"position\":2,\"name\":\"Shop Painkillers Online\",\"item\":\"https:\/\/buy-prescriptionz.com\/shop-painkillers-online\/\"},{\"@type\":\"ListItem\",\"position\":3,\"name\":\"Buy Niravam Online\"}]},{\"@type\":\"WebSite\",\"@id\":\"https:\/\/buy-prescriptionz.com\/#website\",\"url\":\"https:\/\/buy-prescriptionz.com\/\",\"name\":\"Buy Prescriptionz\",\"description\":\"Drugs Online\",\"publisher\":{\"@id\":\"https:\/\/buy-prescriptionz.com\/#organization\"},\"potentialAction\":[{\"@type\":\"SearchAction\",\"target\":{\"@type\":\"EntryPoint\",\"urlTemplate\":\"https:\/\/buy-prescriptionz.com\/?s={search_term_string}\"},\"query-input\":{\"@type\":\"PropertyValueSpecification\",\"valueRequired\":true,\"valueName\":\"search_term_string\"}}],\"inLanguage\":\"sv-SE\"},{\"@type\":\"Organization\",\"@id\":\"https:\/\/buy-prescriptionz.com\/#organization\",\"name\":\"Buy Prescriptionz\",\"url\":\"https:\/\/buy-prescriptionz.com\/\",\"logo\":{\"@type\":\"ImageObject\",\"inLanguage\":\"sv-SE\",\"@id\":\"https:\/\/buy-prescriptionz.com\/#\/schema\/logo\/image\/\",\"url\":\"https:\/\/buy-prescriptionz.com\/wp-content\/uploads\/2023\/09\/logo.png\",\"contentUrl\":\"https:\/\/buy-prescriptionz.com\/wp-content\/uploads\/2023\/09\/logo.png\",\"width\":350,\"height\":64,\"caption\":\"Buy Prescriptionz\"},\"image\":{\"@id\":\"https:\/\/buy-prescriptionz.com\/#\/schema\/logo\/image\/\"}}]}<\/script>\n<!-- \/ Yoast SEO plugin. -->","yoast_head_json":{"title":"Buy Niravam (Generic) | Best Online Prices & Good Deals","description":"Buy Niravam (Generic) , niravam for sale online. Where to order niravam where to buy no prescription meds.Niravam 2mg (Alprazolam) tablets online","robots":{"index":"index","follow":"follow","max-snippet":"max-snippet:-1","max-image-preview":"max-image-preview:large","max-video-preview":"max-video-preview:-1"},"canonical":"https:\/\/buy-prescriptionz.com\/sv\/produkt\/kop-nirvana-online\/","og_locale":"sv_SE","og_type":"article","og_title":"Buy Niravam (Generic) | Best Online Prices & Good Deals","og_description":"Buy Niravam (Generic) , niravam for sale online. Where to order niravam where to buy no prescription meds.Niravam 2mg (Alprazolam) tablets online","og_url":"https:\/\/buy-prescriptionz.com\/sv\/produkt\/kop-nirvana-online\/","og_site_name":"Buy Prescriptionz","article_modified_time":"2025-09-24T06:26:41+00:00","og_image":[{"width":400,"height":300,"url":"https:\/\/buy-prescriptionz.com\/wp-content\/uploads\/2025\/09\/niravam.jpg","type":"image\/jpeg"}],"twitter_card":"summary_large_image","twitter_misc":{"Ber\u00e4knad l\u00e4stid":"2 minuter"},"schema":{"@context":"https:\/\/schema.org","@graph":[{"@type":"WebPage","@id":"https:\/\/buy-prescriptionz.com\/product\/buy-niravam-online\/","url":"https:\/\/buy-prescriptionz.com\/product\/buy-niravam-online\/","name":"Buy Niravam (Generic) | Best Online Prices & Good Deals","isPartOf":{"@id":"https:\/\/buy-prescriptionz.com\/#website"},"primaryImageOfPage":{"@id":"https:\/\/buy-prescriptionz.com\/product\/buy-niravam-online\/#primaryimage"},"image":{"@id":"https:\/\/buy-prescriptionz.com\/product\/buy-niravam-online\/#primaryimage"},"thumbnailUrl":"https:\/\/buy-prescriptionz.com\/wp-content\/uploads\/2025\/09\/niravam.jpg","datePublished":"2025-09-16T08:55:51+00:00","dateModified":"2025-09-24T06:26:41+00:00","description":"Buy Niravam (Generic) , niravam for sale online. Where to order niravam where to buy no prescription meds.Niravam 2mg (Alprazolam) tablets online","breadcrumb":{"@id":"https:\/\/buy-prescriptionz.com\/product\/buy-niravam-online\/#breadcrumb"},"inLanguage":"sv-SE","potentialAction":[{"@type":"ReadAction","target":["https:\/\/buy-prescriptionz.com\/product\/buy-niravam-online\/"]}]},{"@type":"ImageObject","inLanguage":"sv-SE","@id":"https:\/\/buy-prescriptionz.com\/product\/buy-niravam-online\/#primaryimage","url":"https:\/\/buy-prescriptionz.com\/wp-content\/uploads\/2025\/09\/niravam.jpg","contentUrl":"https:\/\/buy-prescriptionz.com\/wp-content\/uploads\/2025\/09\/niravam.jpg","width":400,"height":300},{"@type":"BreadcrumbList","@id":"https:\/\/buy-prescriptionz.com\/product\/buy-niravam-online\/#breadcrumb","itemListElement":[{"@type":"ListItem","position":1,"name":"Home","item":"https:\/\/buy-prescriptionz.com\/"},{"@type":"ListItem","position":2,"name":"Shop Painkillers Online","item":"https:\/\/buy-prescriptionz.com\/shop-painkillers-online\/"},{"@type":"ListItem","position":3,"name":"Buy Niravam Online"}]},{"@type":"WebSite","@id":"https:\/\/buy-prescriptionz.com\/#website","url":"https:\/\/buy-prescriptionz.com\/","name":"Buy Prescriptionz","description":"Droger p\u00e5 n\u00e4tet","publisher":{"@id":"https:\/\/buy-prescriptionz.com\/#organization"},"potentialAction":[{"@type":"SearchAction","target":{"@type":"EntryPoint","urlTemplate":"https:\/\/buy-prescriptionz.com\/?s={search_term_string}"},"query-input":{"@type":"PropertyValueSpecification","valueRequired":true,"valueName":"search_term_string"}}],"inLanguage":"sv-SE"},{"@type":"Organization","@id":"https:\/\/buy-prescriptionz.com\/#organization","name":"Buy Prescriptionz","url":"https:\/\/buy-prescriptionz.com\/","logo":{"@type":"ImageObject","inLanguage":"sv-SE","@id":"https:\/\/buy-prescriptionz.com\/#\/schema\/logo\/image\/","url":"https:\/\/buy-prescriptionz.com\/wp-content\/uploads\/2023\/09\/logo.png","contentUrl":"https:\/\/buy-prescriptionz.com\/wp-content\/uploads\/2023\/09\/logo.png","width":350,"height":64,"caption":"Buy Prescriptionz"},"image":{"@id":"https:\/\/buy-prescriptionz.com\/#\/schema\/logo\/image\/"}}]}},"_links":{"self":[{"href":"https:\/\/buy-prescriptionz.com\/sv\/wp-json\/wp\/v2\/product\/2983","targetHints":{"allow":["GET"]}}],"collection":[{"href":"https:\/\/buy-prescriptionz.com\/sv\/wp-json\/wp\/v2\/product"}],"about":[{"href":"https:\/\/buy-prescriptionz.com\/sv\/wp-json\/wp\/v2\/types\/product"}],"replies":[{"embeddable":true,"href":"https:\/\/buy-prescriptionz.com\/sv\/wp-json\/wp\/v2\/comments?post=2983"}],"wp:featuredmedia":[{"embeddable":true,"href":"https:\/\/buy-prescriptionz.com\/sv\/wp-json\/wp\/v2\/media\/3013"}],"wp:attachment":[{"href":"https:\/\/buy-prescriptionz.com\/sv\/wp-json\/wp\/v2\/media?parent=2983"}],"wp:term":[{"taxonomy":"product_brand","embeddable":true,"href":"https:\/\/buy-prescriptionz.com\/sv\/wp-json\/wp\/v2\/product_brand?post=2983"},{"taxonomy":"product_cat","embeddable":true,"href":"https:\/\/buy-prescriptionz.com\/sv\/wp-json\/wp\/v2\/product_cat?post=2983"},{"taxonomy":"product_tag","embeddable":true,"href":"https:\/\/buy-prescriptionz.com\/sv\/wp-json\/wp\/v2\/product_tag?post=2983"}],"curies":[{"name":"wp","href":"https:\/\/api.w.org\/{rel}","templated":true}]}}