{"id":2984,"date":"2025-09-16T08:55:51","date_gmt":"2025-09-16T08:55:51","guid":{"rendered":"https:\/\/chemsfine.com\/newsite\/?post_type=product&#038;p=2984"},"modified":"2025-09-26T10:12:51","modified_gmt":"2025-09-26T10:12:51","slug":"buy-xanax-online-2-2","status":"publish","type":"product","link":"https:\/\/buy-prescriptionz.com\/sv\/produkt\/buy-xanax-online-2-2\/","title":{"rendered":"K\u00f6p Xanax online"},"content":{"rendered":"<h2>K\u00f6p Xanax online<\/h2>\n<p>K\u00f6p Xanax online Xanax tillh\u00f6r en klass av l\u00e4kemedel som kallas bensodiazepiner och anv\u00e4nds f\u00f6r att bota panikattacker. F\u00f6r att k\u00f6pa Xanax online, s\u00f6k och best\u00e4ll det. Processen \u00e4r s\u00e5 enkel som den kan bli. K\u00f6p Xanax utan recept som fungerar snabbt och botar de n\u00f6dv\u00e4ndiga symptomen.<\/p>\n<p>Xanax, \u00e4ven k\u00e4nt under sitt generiska namn Alprazolam, \u00e4r ett allm\u00e4nt f\u00f6rskrivet l\u00e4kemedel som fr\u00e4mst anv\u00e4nds f\u00f6r att behandla \u00e5ngest och panik\u00e5ngest. H\u00e4r \u00e4r allt du beh\u00f6ver veta om detta l\u00e4kemedel:<\/p>\n<h4>Vad \u00e4r Xanax?<\/h4>\n<p>Xanax tillh\u00f6r en klass l\u00e4kemedel som kallas bensodiazepiner. Det verkar genom att f\u00f6rst\u00e4rka effekterna av en signalsubstans som kallas gamma-aminosm\u00f6rsyra (GABA) i hj\u00e4rnan, vilket hj\u00e4lper till att lugna nervsystemet.<\/p>\n<h4>Anv\u00e4ndningsomr\u00e5den f\u00f6r Xanax<\/h4>\n<ul>\n<li>\u00c5ngestsyndrom: Den b\u00e4sta Xanax-medicinen ordineras vanligtvis f\u00f6r att hantera symtom p\u00e5 generaliserat \u00e5ngestsyndrom (GAD), social \u00e5ngestsyndrom och andra former av \u00e5ngest.<\/li>\n<li>Panikst\u00f6rningar: Det \u00e4r ocks\u00e5 effektivt f\u00f6r att behandla panikattacker och f\u00f6rhindra att de \u00e5terkommer.<\/li>\n<\/ul>\n<h4>Hur Xanax fungerar<\/h4>\n<p>Xanax verkar snabbt i kroppen och n\u00e5r vanligtvis maximal koncentration inom 1\u20132 timmar efter intag. Dess lugnande effekt kan vara i upp till flera timmar, vilket g\u00f6r det l\u00e4mpligt f\u00f6r att hantera akuta \u00e5ngestsymtom.<\/p>\n<h4>Biverkningar och risker<\/h4>\n<ul>\n<li>Vanliga biverkningar: D\u00e5sighet, yrsel, huvudv\u00e4rk och dimsyn.<\/li>\n<li>Potentiella risker: Beroende och abstinenssymtom vid l\u00e5ngvarig anv\u00e4ndning, s\u00e4rskilt n\u00e4r det inte tas enligt ordination.<\/li>\n<\/ul>\n<h4>K\u00f6pa Xanax Online<\/h4>\n<p>N\u00e4r du k\u00f6per den b\u00e4sta Xanax online \u00e4r det avg\u00f6rande att s\u00e4kerst\u00e4lla \u00e4kthet och s\u00e4kerhet. K\u00f6p alltid fr\u00e5n p\u00e5litliga k\u00e4llor som buy-prescriptionz.com, d\u00e4r du kan hitta \u00e4kta l\u00e4kemedel och p\u00e5litlig service. Xanax \u00e4r ett v\u00e4rdefullt l\u00e4kemedel f\u00f6r att hantera \u00e5ngest och panik\u00e5ngest, och erbjuder lindring n\u00e4r det anv\u00e4nds ansvarsfullt. F\u00f6r s\u00e4kra och autentiska k\u00f6p av Xanax och andra l\u00e4kemedel, kolla in det b\u00e4sta apoteket online p\u00e5 buy-prescriptionz.com. S\u00e4kerst\u00e4ll din h\u00e4lsa och sinnesro med p\u00e5litliga onlineleverant\u00f6rer.<\/p>\n<h3>Behandling av panik\u00e5ngest, \u00e5ngest: K\u00f6p Xanax online<\/h3>\n<p>Online anv\u00e4nds f\u00f6r behandling av panik\u00e5ngest en typ av attack som har en mycket skadlig inverkan p\u00e5 kroppen. M\u00e4nniskorna kan inte leva t\u00e5lmodigt. K\u00f6p Xanax online tablett \u00e4r mycket hj\u00e4lpsam f\u00f6r panikst\u00f6rningar det behandlas som terapi f\u00f6r sjukdomen vissa m\u00e4nniskor tar vila i panik Problem och \u00e4ven kontrollera dem. Det finns n\u00e5gra symtom p\u00e5 panikattacker ges som f\u00f6ljande Tambling, svettning, Dyspnoe, yrsel, \u00f6verdriven svettning, snabb hj\u00e4rtslag etc. Xanax \u00e4r varum\u00e4rket f\u00f6r tabletten medan Alprazolam \u00e4r l\u00e4kemedlets generiska namn. Det finns i medicinsk butik med \u00f6verkomliga priser och du kan enkelt k\u00f6pa Xanax 1mg online h\u00e4rifr\u00e5n eftersom vi har ett brett utbud av l\u00e4kemedel och tillhandah\u00e5ller online leverans i hemmet. Xanax medicinering \u00e4r ocks\u00e5 fungera som en anti konvulsiva. Xanax<br \/>\nPanikst\u00f6rning k\u00e4nnetecknas av attacker som tenderar att ha skadliga effekter p\u00e5 personen. Panikst\u00f6rningar behandlas med hj\u00e4lp av mediciner och terapi. Vissa personer kan beh\u00f6va ta mediciner resten av livet f\u00f6r att kontrollera sina panikproblem. Frekventa panikattacker eller svimning kan leda till sjukhusvistelse och till och med till d\u00f6den om problemet inte kontrolleras v\u00e4l. B\u00e5de kvinnor och m\u00e4n, som drabbas av panikattacker, l\u00f6per st\u00f6rre risk att drabbas av hj\u00e4rtattacker om deras panikproblem inte kontrolleras ordentligt. Med starka bensodiazepiner som Xanax 1mg kan du dock kontrollera och behandla panikattacker avsev\u00e4rt.<br \/>\nDet kan finnas m\u00e5nga orsaker till dessa st\u00f6rningar, men de visar sig ofta tidigt i livet. Om en person har upplevt en chockerande eller traumatisk livsh\u00e4ndelse b\u00f6rjar \u00e5terverkningarna av den tragiska h\u00e4ndelsen att p\u00e5verka personens dagliga aktiviteter och det liv som han eller hon annars skulle ha levt. Ibland f\u00f6rsvagas personen av panikproblem och tvingas undvika att g\u00e5 p\u00e5 offentliga platser eller delta i aktiviteter som de brukade uppskatta. Denna typ av livsstil \u00e4r inte \u00f6nskv\u00e4rd f\u00f6r n\u00e5gon, vilket \u00e4r anledningen till att l\u00e4kare ofta rekommenderar medicinering. Med l\u00e4karens rekommendationer kan m\u00e4nniskor k\u00f6pa Xanax online \u00f6ver natten f\u00f6r att hantera panik- och \u00e5ngesttillst\u00e5nd.<\/p>\n<h3>N\u00e5gra av de viktigaste biverkningarna av Xanax-medicinen \u00e4r f\u00f6ljande:<\/h3>\n<p>D\u00e5sighet<br \/>\nUtbrott av saliv<br \/>\nMinnesf\u00f6rlust<br \/>\nSv\u00e5righeter med att prata, andas och g\u00e5<br \/>\nBeteendef\u00f6r\u00e4ndring i sexuell lust<br \/>\nS\u00f6mnl\u00f6shet<br \/>\nD\u00e5lig syn<br \/>\nStammande<br \/>\nHuvudv\u00e4rk<br \/>\nKroppssm\u00e4rta<br \/>\nSvett<br \/>\n\u00c5ngest<br \/>\nf\u00f6rstoppning<br \/>\nD\u00e5lig matsm\u00e4ltning<br \/>\nDarrning<\/p>\n<p>Hitta Xanax till salu och anv\u00e4nd det om du lider av depression f\u00f6r att ta dig ur den onda cirkeln av \u00e5ngest och depression. Efter att ha k\u00f6pt Xanax p\u00e5 n\u00e4tet eller i butikerna kan du uppleva de f\u00f6rdelar som du f\u00e5r genom att konsumera detta l\u00e4kemedel.<\/p>\n<p>&nbsp;<\/p>","protected":false},"excerpt":{"rendered":"<p>Buy Xanax Online Buy Xanax Online\u00a0Belonging to a class of drugs known as benzodiazepines, Xanax is used to cure panic attacks. To buy Xanax online, search and order it. The process is as simple as it could get. Buy Xanax without prescription as works fast and cures the required symptoms. Xanax, also known by its [&hellip;]<\/p>","protected":false},"featured_media":3014,"comment_status":"open","ping_status":"closed","template":"","meta":{"site-sidebar-layout":"default","site-content-layout":"","ast-site-content-layout":"default","site-content-style":"default","site-sidebar-style":"default","ast-global-header-display":"","ast-banner-title-visibility":"","ast-main-header-display":"","ast-hfb-above-header-display":"","ast-hfb-below-header-display":"","ast-hfb-mobile-header-display":"","site-post-title":"","ast-breadcrumbs-content":"","ast-featured-img":"","footer-sml-layout":"","theme-transparent-header-meta":"default","adv-header-id-meta":"","stick-header-meta":"","header-above-stick-meta":"","header-main-stick-meta":"","header-below-stick-meta":"","astra-migrate-meta-layouts":"set","ast-page-background-enabled":"default","ast-page-background-meta":{"desktop":{"background-color":"var(--ast-global-color-4)","background-image":"","background-repeat":"repeat","background-position":"center center","background-size":"auto","background-attachment":"scroll","background-type":"","background-media":"","overlay-type":"","overlay-color":"","overlay-opacity":"","overlay-gradient":""},"tablet":{"background-color":"","background-image":"","background-repeat":"repeat","background-position":"center center","background-size":"auto","background-attachment":"scroll","background-type":"","background-media":"","overlay-type":"","overlay-color":"","overlay-opacity":"","overlay-gradient":""},"mobile":{"background-color":"","background-image":"","background-repeat":"repeat","background-position":"center center","background-size":"auto","background-attachment":"scroll","background-type":"","background-media":"","overlay-type":"","overlay-color":"","overlay-opacity":"","overlay-gradient":""}},"ast-content-background-meta":{"desktop":{"background-color":"var(--ast-global-color-5)","background-image":"","background-repeat":"repeat","background-position":"center center","background-size":"auto","background-attachment":"scroll","background-type":"","background-media":"","overlay-type":"","overlay-color":"","overlay-opacity":"","overlay-gradient":""},"tablet":{"background-color":"var(--ast-global-color-5)","background-image":"","background-repeat":"repeat","background-position":"center center","background-size":"auto","background-attachment":"scroll","background-type":"","background-media":"","overlay-type":"","overlay-color":"","overlay-opacity":"","overlay-gradient":""},"mobile":{"background-color":"var(--ast-global-color-5)","background-image":"","background-repeat":"repeat","background-position":"center center","background-size":"auto","background-attachment":"scroll","background-type":"","background-media":"","overlay-type":"","overlay-color":"","overlay-opacity":"","overlay-gradient":""}}},"product_brand":[],"product_cat":[2381],"product_tag":[2078,2079,2080,2081,2082,1825,1826,1824,1819,1822,1821,1820,1823,1818,1817,1827],"class_list":{"0":"post-2984","1":"product","2":"type-product","3":"status-publish","4":"has-post-thumbnail","6":"product_cat-buy-depressants-and-anxiety-pills-online","7":"product_tag-buy-all-medicine-online","8":"product_tag-buy-cialis-online","9":"product_tag-buy-soma-online","10":"product_tag-buy-tramadol-online","11":"product_tag-buy-viagra-online","12":"product_tag-buy-xanax-xr-in-canada","13":"product_tag-buy-xanax-xr-in-uk","14":"product_tag-buy-xanax-xr-in-usa","15":"product_tag-buy-xanax-xr-with-bitcoin","16":"product_tag-buy-xanax-xr-with-credit-card","17":"product_tag-buy-xanax-xr-with-money-gram","18":"product_tag-buy-xanax-xr-with-western-union","19":"product_tag-buy-xanax-xr-without-a-doctor","20":"product_tag-buy-xanax-xr-without-prescription","21":"product_tag-xanax-xr-for-sale","22":"product_tag-xanax-xr-pills","23":"desktop-align-center","24":"tablet-align-left","25":"mobile-align-left","27":"first","28":"instock","29":"shipping-taxable","30":"purchasable","31":"product-type-variable","32":"has-default-attributes"},"yoast_head":"<!-- This site is optimized with the Yoast SEO plugin v25.9 - https:\/\/yoast.com\/wordpress\/plugins\/seo\/ -->\n<title>Buy Xanax Online USA - Buy Xanax Online for Sale -<\/title>\n<meta name=\"description\" content=\"BUY XANAX ONLINE at buy-prescriptionz.com is an online pharmacy store where you can buy for a good prices with discout and also overnight and free shipping\" \/>\n<meta name=\"robots\" content=\"index, follow, max-snippet:-1, max-image-preview:large, max-video-preview:-1\" \/>\n<link rel=\"canonical\" href=\"https:\/\/buy-prescriptionz.com\/sv\/produkt\/buy-xanax-online-2-2\/\" \/>\n<meta property=\"og:locale\" content=\"sv_SE\" \/>\n<meta property=\"og:type\" content=\"article\" \/>\n<meta property=\"og:title\" content=\"Buy Xanax Online USA - Buy Xanax Online for Sale -\" \/>\n<meta property=\"og:description\" content=\"BUY XANAX ONLINE at buy-prescriptionz.com is an online pharmacy store where you can buy for a good prices with discout and also overnight and free shipping\" \/>\n<meta property=\"og:url\" content=\"https:\/\/buy-prescriptionz.com\/sv\/produkt\/buy-xanax-online-2-2\/\" \/>\n<meta property=\"og:site_name\" content=\"Buy Prescriptionz\" \/>\n<meta property=\"article:modified_time\" content=\"2025-09-26T10:12:51+00:00\" \/>\n<meta property=\"og:image\" content=\"https:\/\/buy-prescriptionz.com\/wp-content\/uploads\/2025\/09\/xanax-xr.jpg\" \/>\n\t<meta property=\"og:image:width\" content=\"400\" \/>\n\t<meta property=\"og:image:height\" content=\"300\" \/>\n\t<meta property=\"og:image:type\" content=\"image\/jpeg\" \/>\n<meta name=\"twitter:card\" content=\"summary_large_image\" \/>\n<meta name=\"twitter:label1\" content=\"Ber\u00e4knad l\u00e4stid\" \/>\n\t<meta name=\"twitter:data1\" content=\"4 minuter\" \/>\n<script type=\"application\/ld+json\" class=\"yoast-schema-graph\">{\"@context\":\"https:\/\/schema.org\",\"@graph\":[{\"@type\":\"WebPage\",\"@id\":\"https:\/\/buy-prescriptionz.com\/product\/buy-xanax-online-2-2\/\",\"url\":\"https:\/\/buy-prescriptionz.com\/product\/buy-xanax-online-2-2\/\",\"name\":\"Buy Xanax Online USA - Buy Xanax Online for Sale -\",\"isPartOf\":{\"@id\":\"https:\/\/buy-prescriptionz.com\/#website\"},\"primaryImageOfPage\":{\"@id\":\"https:\/\/buy-prescriptionz.com\/product\/buy-xanax-online-2-2\/#primaryimage\"},\"image\":{\"@id\":\"https:\/\/buy-prescriptionz.com\/product\/buy-xanax-online-2-2\/#primaryimage\"},\"thumbnailUrl\":\"https:\/\/buy-prescriptionz.com\/wp-content\/uploads\/2025\/09\/xanax-xr.jpg\",\"datePublished\":\"2025-09-16T08:55:51+00:00\",\"dateModified\":\"2025-09-26T10:12:51+00:00\",\"description\":\"BUY XANAX ONLINE at buy-prescriptionz.com is an online pharmacy store where you can buy for a good prices with discout and also overnight and free shipping\",\"breadcrumb\":{\"@id\":\"https:\/\/buy-prescriptionz.com\/product\/buy-xanax-online-2-2\/#breadcrumb\"},\"inLanguage\":\"sv-SE\",\"potentialAction\":[{\"@type\":\"ReadAction\",\"target\":[\"https:\/\/buy-prescriptionz.com\/product\/buy-xanax-online-2-2\/\"]}]},{\"@type\":\"ImageObject\",\"inLanguage\":\"sv-SE\",\"@id\":\"https:\/\/buy-prescriptionz.com\/product\/buy-xanax-online-2-2\/#primaryimage\",\"url\":\"https:\/\/buy-prescriptionz.com\/wp-content\/uploads\/2025\/09\/xanax-xr.jpg\",\"contentUrl\":\"https:\/\/buy-prescriptionz.com\/wp-content\/uploads\/2025\/09\/xanax-xr.jpg\",\"width\":400,\"height\":300},{\"@type\":\"BreadcrumbList\",\"@id\":\"https:\/\/buy-prescriptionz.com\/product\/buy-xanax-online-2-2\/#breadcrumb\",\"itemListElement\":[{\"@type\":\"ListItem\",\"position\":1,\"name\":\"Home\",\"item\":\"https:\/\/buy-prescriptionz.com\/\"},{\"@type\":\"ListItem\",\"position\":2,\"name\":\"Shop Painkillers Online\",\"item\":\"https:\/\/buy-prescriptionz.com\/shop-painkillers-online\/\"},{\"@type\":\"ListItem\",\"position\":3,\"name\":\"Buy Xanax Online\"}]},{\"@type\":\"WebSite\",\"@id\":\"https:\/\/buy-prescriptionz.com\/#website\",\"url\":\"https:\/\/buy-prescriptionz.com\/\",\"name\":\"Buy Prescriptionz\",\"description\":\"Drugs Online\",\"publisher\":{\"@id\":\"https:\/\/buy-prescriptionz.com\/#organization\"},\"potentialAction\":[{\"@type\":\"SearchAction\",\"target\":{\"@type\":\"EntryPoint\",\"urlTemplate\":\"https:\/\/buy-prescriptionz.com\/?s={search_term_string}\"},\"query-input\":{\"@type\":\"PropertyValueSpecification\",\"valueRequired\":true,\"valueName\":\"search_term_string\"}}],\"inLanguage\":\"sv-SE\"},{\"@type\":\"Organization\",\"@id\":\"https:\/\/buy-prescriptionz.com\/#organization\",\"name\":\"Buy Prescriptionz\",\"url\":\"https:\/\/buy-prescriptionz.com\/\",\"logo\":{\"@type\":\"ImageObject\",\"inLanguage\":\"sv-SE\",\"@id\":\"https:\/\/buy-prescriptionz.com\/#\/schema\/logo\/image\/\",\"url\":\"https:\/\/buy-prescriptionz.com\/wp-content\/uploads\/2023\/09\/logo.png\",\"contentUrl\":\"https:\/\/buy-prescriptionz.com\/wp-content\/uploads\/2023\/09\/logo.png\",\"width\":350,\"height\":64,\"caption\":\"Buy Prescriptionz\"},\"image\":{\"@id\":\"https:\/\/buy-prescriptionz.com\/#\/schema\/logo\/image\/\"}}]}<\/script>\n<!-- \/ Yoast SEO plugin. -->","yoast_head_json":{"title":"K\u00f6p Xanax Online USA - K\u00f6p Xanax Online till Salu -","description":"K\u00d6P XANAX ONLINE p\u00e5 buy-prescriptionz.com \u00e4r ett onlineapotek d\u00e4r du kan k\u00f6pa till bra priser med rabatt och \u00e4ven \u00f6ver natten och fri frakt.","robots":{"index":"index","follow":"follow","max-snippet":"max-snippet:-1","max-image-preview":"max-image-preview:large","max-video-preview":"max-video-preview:-1"},"canonical":"https:\/\/buy-prescriptionz.com\/sv\/produkt\/buy-xanax-online-2-2\/","og_locale":"sv_SE","og_type":"article","og_title":"Buy Xanax Online USA - Buy Xanax Online for Sale -","og_description":"BUY XANAX ONLINE at buy-prescriptionz.com is an online pharmacy store where you can buy for a good prices with discout and also overnight and free shipping","og_url":"https:\/\/buy-prescriptionz.com\/sv\/produkt\/buy-xanax-online-2-2\/","og_site_name":"Buy Prescriptionz","article_modified_time":"2025-09-26T10:12:51+00:00","og_image":[{"width":400,"height":300,"url":"https:\/\/buy-prescriptionz.com\/wp-content\/uploads\/2025\/09\/xanax-xr.jpg","type":"image\/jpeg"}],"twitter_card":"summary_large_image","twitter_misc":{"Ber\u00e4knad l\u00e4stid":"4 minuter"},"schema":{"@context":"https:\/\/schema.org","@graph":[{"@type":"WebPage","@id":"https:\/\/buy-prescriptionz.com\/product\/buy-xanax-online-2-2\/","url":"https:\/\/buy-prescriptionz.com\/product\/buy-xanax-online-2-2\/","name":"K\u00f6p Xanax Online USA - K\u00f6p Xanax Online till Salu -","isPartOf":{"@id":"https:\/\/buy-prescriptionz.com\/#website"},"primaryImageOfPage":{"@id":"https:\/\/buy-prescriptionz.com\/product\/buy-xanax-online-2-2\/#primaryimage"},"image":{"@id":"https:\/\/buy-prescriptionz.com\/product\/buy-xanax-online-2-2\/#primaryimage"},"thumbnailUrl":"https:\/\/buy-prescriptionz.com\/wp-content\/uploads\/2025\/09\/xanax-xr.jpg","datePublished":"2025-09-16T08:55:51+00:00","dateModified":"2025-09-26T10:12:51+00:00","description":"K\u00d6P XANAX ONLINE p\u00e5 buy-prescriptionz.com \u00e4r ett onlineapotek d\u00e4r du kan k\u00f6pa till bra priser med rabatt och \u00e4ven \u00f6ver natten och fri frakt.","breadcrumb":{"@id":"https:\/\/buy-prescriptionz.com\/product\/buy-xanax-online-2-2\/#breadcrumb"},"inLanguage":"sv-SE","potentialAction":[{"@type":"ReadAction","target":["https:\/\/buy-prescriptionz.com\/product\/buy-xanax-online-2-2\/"]}]},{"@type":"ImageObject","inLanguage":"sv-SE","@id":"https:\/\/buy-prescriptionz.com\/product\/buy-xanax-online-2-2\/#primaryimage","url":"https:\/\/buy-prescriptionz.com\/wp-content\/uploads\/2025\/09\/xanax-xr.jpg","contentUrl":"https:\/\/buy-prescriptionz.com\/wp-content\/uploads\/2025\/09\/xanax-xr.jpg","width":400,"height":300},{"@type":"BreadcrumbList","@id":"https:\/\/buy-prescriptionz.com\/product\/buy-xanax-online-2-2\/#breadcrumb","itemListElement":[{"@type":"ListItem","position":1,"name":"Home","item":"https:\/\/buy-prescriptionz.com\/"},{"@type":"ListItem","position":2,"name":"Shop Painkillers Online","item":"https:\/\/buy-prescriptionz.com\/shop-painkillers-online\/"},{"@type":"ListItem","position":3,"name":"Buy Xanax Online"}]},{"@type":"WebSite","@id":"https:\/\/buy-prescriptionz.com\/#website","url":"https:\/\/buy-prescriptionz.com\/","name":"Buy Prescriptionz","description":"Droger p\u00e5 n\u00e4tet","publisher":{"@id":"https:\/\/buy-prescriptionz.com\/#organization"},"potentialAction":[{"@type":"SearchAction","target":{"@type":"EntryPoint","urlTemplate":"https:\/\/buy-prescriptionz.com\/?s={search_term_string}"},"query-input":{"@type":"PropertyValueSpecification","valueRequired":true,"valueName":"search_term_string"}}],"inLanguage":"sv-SE"},{"@type":"Organization","@id":"https:\/\/buy-prescriptionz.com\/#organization","name":"Buy Prescriptionz","url":"https:\/\/buy-prescriptionz.com\/","logo":{"@type":"ImageObject","inLanguage":"sv-SE","@id":"https:\/\/buy-prescriptionz.com\/#\/schema\/logo\/image\/","url":"https:\/\/buy-prescriptionz.com\/wp-content\/uploads\/2023\/09\/logo.png","contentUrl":"https:\/\/buy-prescriptionz.com\/wp-content\/uploads\/2023\/09\/logo.png","width":350,"height":64,"caption":"Buy Prescriptionz"},"image":{"@id":"https:\/\/buy-prescriptionz.com\/#\/schema\/logo\/image\/"}}]}},"_links":{"self":[{"href":"https:\/\/buy-prescriptionz.com\/sv\/wp-json\/wp\/v2\/product\/2984","targetHints":{"allow":["GET"]}}],"collection":[{"href":"https:\/\/buy-prescriptionz.com\/sv\/wp-json\/wp\/v2\/product"}],"about":[{"href":"https:\/\/buy-prescriptionz.com\/sv\/wp-json\/wp\/v2\/types\/product"}],"replies":[{"embeddable":true,"href":"https:\/\/buy-prescriptionz.com\/sv\/wp-json\/wp\/v2\/comments?post=2984"}],"wp:featuredmedia":[{"embeddable":true,"href":"https:\/\/buy-prescriptionz.com\/sv\/wp-json\/wp\/v2\/media\/3014"}],"wp:attachment":[{"href":"https:\/\/buy-prescriptionz.com\/sv\/wp-json\/wp\/v2\/media?parent=2984"}],"wp:term":[{"taxonomy":"product_brand","embeddable":true,"href":"https:\/\/buy-prescriptionz.com\/sv\/wp-json\/wp\/v2\/product_brand?post=2984"},{"taxonomy":"product_cat","embeddable":true,"href":"https:\/\/buy-prescriptionz.com\/sv\/wp-json\/wp\/v2\/product_cat?post=2984"},{"taxonomy":"product_tag","embeddable":true,"href":"https:\/\/buy-prescriptionz.com\/sv\/wp-json\/wp\/v2\/product_tag?post=2984"}],"curies":[{"name":"wp","href":"https:\/\/api.w.org\/{rel}","templated":true}]}}