{"id":2985,"date":"2025-09-16T08:55:51","date_gmt":"2025-09-16T08:55:51","guid":{"rendered":"https:\/\/chemsfine.com\/newsite\/?post_type=product&#038;p=2985"},"modified":"2026-01-30T13:59:44","modified_gmt":"2026-01-30T13:59:44","slug":"alprazolam","status":"publish","type":"product","link":"https:\/\/buy-prescriptionz.com\/sv\/produkt\/alprazolam\/","title":{"rendered":"Alprazolam"},"content":{"rendered":"<h2 style=\"text-align: justify;\">K\u00d6PA ALPRAZOLAM ONLINE<\/h2>\n<p style=\"text-align: justify;\">K\u00d6PA ALPRAZOLAM ONLINE K\u00f6p alprazolam online, Alprazolam \u00e4r en vanlig bensodiazepin i medicinska milj\u00f6er som ocks\u00e5 tas f\u00f6r rekreations\u00e4ndam\u00e5l. Det anv\u00e4nds normalt mot \u00e5ngest och panik\u00e5ngest, \u00e4ven om det har antidepressiva egenskaper. Dess rekreationseffekter best\u00e5r av anxiolys, avh\u00e4mning och eufori. FUNKTIONER Alprazolam anv\u00e4nds f\u00f6r behandling av \u00e5ngest och ...<\/p>\n<p style=\"text-align: justify;\">Dess rekreationseffekter best\u00e5r av anxiolys, avh\u00e4mning och eufori.<\/p>\n<h3>\u00d6versikt \u00f6ver Alprazolam<\/h3>\n<p>Alprazolam anv\u00e4nds f\u00f6r behandling av \u00e5ngest- och panikst\u00f6rningar. Det tillh\u00f6r en klass av l\u00e4kemedel som kallas bensodiazepiner och som verkar p\u00e5 hj\u00e4rnan och nerverna f\u00f6r att ge en lugnande effekt. Det fungerar genom att f\u00f6rst\u00e4rka effekterna av en viss naturlig kemikalie i m\u00e4nniskokroppen.<\/p>\n<h3>Anv\u00e4ndningsomr\u00e5den f\u00f6r Alprazolam<\/h3>\n<ol>\n<li><strong>\u00c5ngestst\u00f6rningar<\/strong>: La <strong>b\u00e4sta Alprazolam <\/strong>f\u00f6rskrivs vanligtvis f\u00f6r att hantera \u00e5ngestst\u00f6rningar och ger lindring av symtom som \u00f6verdriven oro, rastl\u00f6shet och irritabilitet.<\/li>\n<li><strong>Panikst\u00f6rningar<\/strong>Det \u00e4r effektivt vid behandling av panik\u00e5ngest, som k\u00e4nnetecknas av pl\u00f6tsliga attacker av intensiv r\u00e4dsla och oro.<\/li>\n<li><strong>Kortsiktig l\u00e4ttnad<\/strong>Anv\u00e4nds ofta f\u00f6r kortsiktig hantering av \u00e5ngestsymtom medan l\u00e5ngsiktiga behandlingsplaner uppr\u00e4ttas.<\/li>\n<\/ol>\n<h3>F\u00f6rdelar med Alprazolam<\/h3>\n<ol>\n<li><strong>Snabb lindring<\/strong>Alprazolam \u00e4r k\u00e4nt f\u00f6r sin snabbverkande natur och ger snabb lindring av \u00e5ngest- och paniksymptom.<\/li>\n<li><strong>F\u00f6rb\u00e4ttrar livskvaliteten<\/strong>Genom att hantera symtom effektivt kan det avsev\u00e4rt f\u00f6rb\u00e4ttra livskvaliteten f\u00f6r personer med \u00e5ngestsyndrom.<\/li>\n<li><strong>V\u00e4lstuderad<\/strong>Alprazolam har studerats och anv\u00e4nts i stor utstr\u00e4ckning i \u00e5rtionden, vilket g\u00f6r det till ett v\u00e4lk\u00e4nt och p\u00e5litligt l\u00e4kemedel inom sjukv\u00e5rden.<\/li>\n<\/ol>\n<h3>Viktiga \u00f6verv\u00e4ganden<\/h3>\n<ol>\n<li><strong>Beroende<\/strong>Det finns en risk f\u00f6r beroende vid l\u00e5ngvarig anv\u00e4ndning, s\u00e5 det f\u00f6rskrivs vanligtvis f\u00f6r kortvarig anv\u00e4ndning.<\/li>\n<li><strong>Biverkningar<\/strong>Vanliga biverkningar inkluderar d\u00e5sighet, yrsel och \u00f6kad salivproduktion. Det \u00e4r viktigt att f\u00f6lja den f\u00f6reskrivna doseringen och riktlinjerna f\u00f6r att minimera dessa effekter.<\/li>\n<li><strong>Interaktioner<\/strong>Alprazolam kan interagera med andra l\u00e4kemedel och substanser, s\u00e5 det \u00e4r viktigt att informera din l\u00e4kare om alla l\u00e4kemedel du tar.<\/li>\n<\/ol>\n<p>Alprazolam \u00e4r ett v\u00e4rdefullt l\u00e4kemedel f\u00f6r de som lider av \u00e5ngest och panik\u00e5ngest, och erbjuder snabb och effektiv lindring. Det \u00e4r dock viktigt att anv\u00e4nda det under medicinsk \u00f6vervakning p\u00e5 grund av risken f\u00f6r beroende och biverkningar. F\u00f6r de som vill k\u00f6pa Alprazolam s\u00e4kert och bekv\u00e4mt \u00e4r ett av de b\u00e4sta apoteken... <a href=\"https:\/\/buy-prescriptionz.com\/sv\/\">buy-prescriptionz.com<\/a>.<\/p>\n<h3 style=\"text-align: justify;\">FUNKTIONER<\/h3>\n<p style=\"text-align: justify;\">Alprazolam anv\u00e4nds f\u00f6r behandling av \u00e5ngest- och panikst\u00f6rningar. Det tillh\u00f6r en klass av l\u00e4kemedel som kallas bensodiazepiner och som verkar p\u00e5 hj\u00e4rnan och nerverna f\u00f6r att ge en lugnande effekt. Det fungerar genom att f\u00f6rst\u00e4rka effekterna av en viss naturlig kemikalie i m\u00e4nniskokroppen.<\/p>\n<h3 style=\"text-align: justify;\">F\u00d6RSIKTIGHETS\u00c5TG\u00c4RDER<\/h3>\n<p style=\"text-align: justify;\">Innan du tar detta, tala om f\u00f6r din l\u00e4kare eller apotekspersonal om du \u00e4r allergisk mot det eller mot andra bensodiazepiner (t.ex. diazepam, lorazepam) eller om du har andra allergier. Denna produkt kan inneh\u00e5lla inaktiva ingredienser som orsakar allergiska reaktioner eller andra problem.K\u00f6p alprazolam online<\/p>\n<p style=\"text-align: justify;\">Det g\u00e5r \u00f6ver i br\u00f6stmj\u00f6lk och kan ha o\u00f6nskade effekter p\u00e5 ett ammande barn. Amning under anv\u00e4ndning av detta l\u00e4kemedel rekommenderas inte. R\u00e5dg\u00f6r med din l\u00e4kare innan du ammar.<\/p>\n<h3 style=\"text-align: justify;\">BIEFFEKTER<\/h3>\n<p style=\"text-align: justify;\">\u2022 D\u00e5sighet<br \/>\nTr\u00f6tthet<br \/>\nAndra biverkningar inkluderar<br \/>\nMinnesproblem<br \/>\n\u2022 Speech problems<br \/>\n\u2022 Constipation<br \/>\n\u2022 Changes in weight<br \/>\n\u2022 Missbruk (beroende)<br \/>\n\u2022 Headache<br \/>\n\u2022 Constipation<br \/>\nTorr mun<\/p>\n<h3 style=\"text-align: justify;\">\u00d6VERDOSERING<\/h3>\n<p style=\"text-align: justify;\">Symtom p\u00e5 \u00f6verdosering kan vara: sv\u00e5r s\u00f6mnighet, l\u00e5ngsamma\/reducerade reflexer, l\u00e5ngsam andning, medvetsl\u00f6shet.<\/p>\n<p style=\"text-align: justify;\">Om \u00f6verdosering misst\u00e4nks, kontakta l\u00e4kare omedelbart.<\/p>\n<h3 style=\"text-align: justify;\">MISSAD DOS<\/h3>\n<p style=\"text-align: justify;\">Om du missar en dos, ta den s\u00e5 fort du kan. Om det \u00e4r dags f\u00f6r n\u00e4sta dos, hoppa \u00f6ver den missade dosen och \u00e5teruppta ditt vanliga doseringsschema. Dubbla inte dosen f\u00f6r att komma ikapp.<\/p>\n<h3 style=\"text-align: justify;\">F\u00d6RVARING<\/h3>\n<p style=\"text-align: justify;\">F\u00f6rvara Alprazolam i rumstemperatur, bort fr\u00e5n ljus och fukt. F\u00f6rvara inte i badrummet. H\u00e5ll alla l\u00e4kemedel borta fr\u00e5n barn och husdjur. Spola inte ut dessa l\u00e4kemedel i toaletten och h\u00e4ll dem inte i ett avlopp om du inte har f\u00e5tt instruktioner om detta.<\/p>\n<h3 style=\"text-align: justify;\">VAR KAN MAN K\u00d6PA ALPRAZOLAM ONLINE?<\/h3>\n<p style=\"text-align: justify;\">Buyprescriptionz.com \u00e4r det b\u00e4sta apoteket f\u00f6r Alprazolam till salu. K\u00f6p Alprazolam online utan l\u00e4karrecept fr\u00e5n Buyprescriptionz med i det b\u00e4sta priset.<\/p>","protected":false},"excerpt":{"rendered":"<p>BUY ALPRAZOLAM ONLINE Buy alprazolam online, Alprazolam drug is a common benzodiazepine in medical settings that is also taken for the recreational purposes. It\u2019s normally used for anxiety and panic disorder, though it has antidepressant properties. Its recreational effects consist of anxiolysis, disinhibition, and euphoria. Overview of Alprazolam Alprazolam is a prescription medication primarily used [&hellip;]<\/p>","protected":false},"featured_media":3015,"comment_status":"open","ping_status":"closed","template":"","meta":{"site-sidebar-layout":"default","site-content-layout":"","ast-site-content-layout":"default","site-content-style":"default","site-sidebar-style":"default","ast-global-header-display":"","ast-banner-title-visibility":"","ast-main-header-display":"","ast-hfb-above-header-display":"","ast-hfb-below-header-display":"","ast-hfb-mobile-header-display":"","site-post-title":"","ast-breadcrumbs-content":"","ast-featured-img":"","footer-sml-layout":"","theme-transparent-header-meta":"","adv-header-id-meta":"","stick-header-meta":"","header-above-stick-meta":"","header-main-stick-meta":"","header-below-stick-meta":"","astra-migrate-meta-layouts":"default","ast-page-background-enabled":"default","ast-page-background-meta":{"desktop":{"background-color":"var(--ast-global-color-4)","background-image":"","background-repeat":"repeat","background-position":"center center","background-size":"auto","background-attachment":"scroll","background-type":"","background-media":"","overlay-type":"","overlay-color":"","overlay-opacity":"","overlay-gradient":""},"tablet":{"background-color":"","background-image":"","background-repeat":"repeat","background-position":"center center","background-size":"auto","background-attachment":"scroll","background-type":"","background-media":"","overlay-type":"","overlay-color":"","overlay-opacity":"","overlay-gradient":""},"mobile":{"background-color":"","background-image":"","background-repeat":"repeat","background-position":"center center","background-size":"auto","background-attachment":"scroll","background-type":"","background-media":"","overlay-type":"","overlay-color":"","overlay-opacity":"","overlay-gradient":""}},"ast-content-background-meta":{"desktop":{"background-color":"var(--ast-global-color-5)","background-image":"","background-repeat":"repeat","background-position":"center center","background-size":"auto","background-attachment":"scroll","background-type":"","background-media":"","overlay-type":"","overlay-color":"","overlay-opacity":"","overlay-gradient":""},"tablet":{"background-color":"var(--ast-global-color-5)","background-image":"","background-repeat":"repeat","background-position":"center center","background-size":"auto","background-attachment":"scroll","background-type":"","background-media":"","overlay-type":"","overlay-color":"","overlay-opacity":"","overlay-gradient":""},"mobile":{"background-color":"var(--ast-global-color-5)","background-image":"","background-repeat":"repeat","background-position":"center center","background-size":"auto","background-attachment":"scroll","background-type":"","background-media":"","overlay-type":"","overlay-color":"","overlay-opacity":"","overlay-gradient":""}}},"product_brand":[],"product_cat":[2381],"product_tag":[1807,1815,1816,1814,1809,1812,1811,1810,1813,1808],"class_list":{"0":"post-2985","1":"product","2":"type-product","3":"status-publish","4":"has-post-thumbnail","6":"product_cat-buy-depressants-and-anxiety-pills-online","7":"product_tag-alprazolam-for-sale","8":"product_tag-buy-alprazolam-in-canada","9":"product_tag-buy-alprazolam-in-uk","10":"product_tag-buy-alprazolam-in-usa","11":"product_tag-buy-alprazolam-with-bitcoin","12":"product_tag-buy-alprazolam-with-credit-card","13":"product_tag-buy-alprazolam-with-money-gram","14":"product_tag-buy-alprazolam-with-western-union","15":"product_tag-buy-alprazolam-without-a-doctor","16":"product_tag-buy-alprazolam-without-prescription","17":"desktop-align-center","18":"tablet-align-left","19":"mobile-align-left","21":"first","22":"instock","23":"shipping-taxable","24":"purchasable","25":"product-type-variable","26":"has-default-attributes"},"yoast_head":"<!-- This site is optimized with the Yoast SEO plugin v25.9 - https:\/\/yoast.com\/wordpress\/plugins\/seo\/ -->\n<title>Buy alprazolam online - Order alprazolam online , alprazolam<\/title>\n<meta name=\"description\" content=\"Buy alprazolam online, BUY ALPRAZOLAM ONLINE, NO PRESCRIPTION REQUIRED, WHERE TO BUY alprazolam ONLINE OVERNIGHT SHIPPING BUY CHEAP\" \/>\n<meta name=\"robots\" content=\"index, follow, max-snippet:-1, max-image-preview:large, max-video-preview:-1\" \/>\n<link rel=\"canonical\" href=\"https:\/\/buy-prescriptionz.com\/sv\/produkt\/alprazolam\/\" \/>\n<meta property=\"og:locale\" content=\"sv_SE\" \/>\n<meta property=\"og:type\" content=\"article\" \/>\n<meta property=\"og:title\" content=\"Buy alprazolam online - Order alprazolam online , alprazolam\" \/>\n<meta property=\"og:description\" content=\"Buy alprazolam online, BUY ALPRAZOLAM ONLINE, NO PRESCRIPTION REQUIRED, WHERE TO BUY alprazolam ONLINE OVERNIGHT SHIPPING BUY CHEAP\" \/>\n<meta property=\"og:url\" content=\"https:\/\/buy-prescriptionz.com\/sv\/produkt\/alprazolam\/\" \/>\n<meta property=\"og:site_name\" content=\"Buy Prescriptionz\" \/>\n<meta property=\"article:modified_time\" content=\"2026-01-30T13:59:44+00:00\" \/>\n<meta property=\"og:image\" content=\"https:\/\/buy-prescriptionz.com\/wp-content\/uploads\/2025\/09\/alprazolam.jpg\" \/>\n\t<meta property=\"og:image:width\" content=\"400\" \/>\n\t<meta property=\"og:image:height\" content=\"300\" \/>\n\t<meta property=\"og:image:type\" content=\"image\/jpeg\" \/>\n<meta name=\"twitter:card\" content=\"summary_large_image\" \/>\n<meta name=\"twitter:label1\" content=\"Ber\u00e4knad l\u00e4stid\" \/>\n\t<meta name=\"twitter:data1\" content=\"3 minuter\" \/>\n<script type=\"application\/ld+json\" class=\"yoast-schema-graph\">{\"@context\":\"https:\/\/schema.org\",\"@graph\":[{\"@type\":\"WebPage\",\"@id\":\"https:\/\/buy-prescriptionz.com\/cs\/produkt\/alprazolam\/\",\"url\":\"https:\/\/buy-prescriptionz.com\/cs\/produkt\/alprazolam\/\",\"name\":\"Buy alprazolam online - Order alprazolam online , alprazolam\",\"isPartOf\":{\"@id\":\"https:\/\/buy-prescriptionz.com\/#website\"},\"primaryImageOfPage\":{\"@id\":\"https:\/\/buy-prescriptionz.com\/cs\/produkt\/alprazolam\/#primaryimage\"},\"image\":{\"@id\":\"https:\/\/buy-prescriptionz.com\/cs\/produkt\/alprazolam\/#primaryimage\"},\"thumbnailUrl\":\"https:\/\/buy-prescriptionz.com\/wp-content\/uploads\/2025\/09\/alprazolam.jpg\",\"datePublished\":\"2025-09-16T08:55:51+00:00\",\"dateModified\":\"2026-01-30T13:59:44+00:00\",\"description\":\"Buy alprazolam online, BUY ALPRAZOLAM ONLINE, NO PRESCRIPTION REQUIRED, WHERE TO BUY alprazolam ONLINE OVERNIGHT SHIPPING BUY CHEAP\",\"breadcrumb\":{\"@id\":\"https:\/\/buy-prescriptionz.com\/cs\/produkt\/alprazolam\/#breadcrumb\"},\"inLanguage\":\"sv-SE\",\"potentialAction\":[{\"@type\":\"ReadAction\",\"target\":[\"https:\/\/buy-prescriptionz.com\/cs\/produkt\/alprazolam\/\"]}]},{\"@type\":\"ImageObject\",\"inLanguage\":\"sv-SE\",\"@id\":\"https:\/\/buy-prescriptionz.com\/cs\/produkt\/alprazolam\/#primaryimage\",\"url\":\"https:\/\/buy-prescriptionz.com\/wp-content\/uploads\/2025\/09\/alprazolam.jpg\",\"contentUrl\":\"https:\/\/buy-prescriptionz.com\/wp-content\/uploads\/2025\/09\/alprazolam.jpg\",\"width\":400,\"height\":300},{\"@type\":\"BreadcrumbList\",\"@id\":\"https:\/\/buy-prescriptionz.com\/cs\/produkt\/alprazolam\/#breadcrumb\",\"itemListElement\":[{\"@type\":\"ListItem\",\"position\":1,\"name\":\"Home\",\"item\":\"https:\/\/buy-prescriptionz.com\/\"},{\"@type\":\"ListItem\",\"position\":2,\"name\":\"Shop Painkillers Online\",\"item\":\"https:\/\/buy-prescriptionz.com\/shop-painkillers-online\/\"},{\"@type\":\"ListItem\",\"position\":3,\"name\":\"Alprazolam\"}]},{\"@type\":\"WebSite\",\"@id\":\"https:\/\/buy-prescriptionz.com\/#website\",\"url\":\"https:\/\/buy-prescriptionz.com\/\",\"name\":\"Buy Prescriptionz\",\"description\":\"Drugs Online\",\"publisher\":{\"@id\":\"https:\/\/buy-prescriptionz.com\/#organization\"},\"potentialAction\":[{\"@type\":\"SearchAction\",\"target\":{\"@type\":\"EntryPoint\",\"urlTemplate\":\"https:\/\/buy-prescriptionz.com\/?s={search_term_string}\"},\"query-input\":{\"@type\":\"PropertyValueSpecification\",\"valueRequired\":true,\"valueName\":\"search_term_string\"}}],\"inLanguage\":\"sv-SE\"},{\"@type\":\"Organization\",\"@id\":\"https:\/\/buy-prescriptionz.com\/#organization\",\"name\":\"Buy Prescriptionz\",\"url\":\"https:\/\/buy-prescriptionz.com\/\",\"logo\":{\"@type\":\"ImageObject\",\"inLanguage\":\"sv-SE\",\"@id\":\"https:\/\/buy-prescriptionz.com\/#\/schema\/logo\/image\/\",\"url\":\"https:\/\/buy-prescriptionz.com\/wp-content\/uploads\/2023\/09\/logo.png\",\"contentUrl\":\"https:\/\/buy-prescriptionz.com\/wp-content\/uploads\/2023\/09\/logo.png\",\"width\":350,\"height\":64,\"caption\":\"Buy Prescriptionz\"},\"image\":{\"@id\":\"https:\/\/buy-prescriptionz.com\/#\/schema\/logo\/image\/\"}}]}<\/script>\n<!-- \/ Yoast SEO plugin. -->","yoast_head_json":{"title":"K\u00f6p alprazolam online - Best\u00e4ll alprazolam online, alprazolam","description":"K\u00f6p alprazolam online, K\u00d6P ALPRAZOLAM ONLINE, INGET RECEPT KR\u00c4VS, VAR MAN K\u00d6PER alprazolam ONLINE \u00d6VERNATTSFRAKT K\u00d6P BILLIGT","robots":{"index":"index","follow":"follow","max-snippet":"max-snippet:-1","max-image-preview":"max-image-preview:large","max-video-preview":"max-video-preview:-1"},"canonical":"https:\/\/buy-prescriptionz.com\/sv\/produkt\/alprazolam\/","og_locale":"sv_SE","og_type":"article","og_title":"Buy alprazolam online - Order alprazolam online , alprazolam","og_description":"Buy alprazolam online, BUY ALPRAZOLAM ONLINE, NO PRESCRIPTION REQUIRED, WHERE TO BUY alprazolam ONLINE OVERNIGHT SHIPPING BUY CHEAP","og_url":"https:\/\/buy-prescriptionz.com\/sv\/produkt\/alprazolam\/","og_site_name":"Buy Prescriptionz","article_modified_time":"2026-01-30T13:59:44+00:00","og_image":[{"width":400,"height":300,"url":"https:\/\/buy-prescriptionz.com\/wp-content\/uploads\/2025\/09\/alprazolam.jpg","type":"image\/jpeg"}],"twitter_card":"summary_large_image","twitter_misc":{"Ber\u00e4knad l\u00e4stid":"3 minuter"},"schema":{"@context":"https:\/\/schema.org","@graph":[{"@type":"WebPage","@id":"https:\/\/buy-prescriptionz.com\/cs\/produkt\/alprazolam\/","url":"https:\/\/buy-prescriptionz.com\/cs\/produkt\/alprazolam\/","name":"K\u00f6p alprazolam online - Best\u00e4ll alprazolam online, alprazolam","isPartOf":{"@id":"https:\/\/buy-prescriptionz.com\/#website"},"primaryImageOfPage":{"@id":"https:\/\/buy-prescriptionz.com\/cs\/produkt\/alprazolam\/#primaryimage"},"image":{"@id":"https:\/\/buy-prescriptionz.com\/cs\/produkt\/alprazolam\/#primaryimage"},"thumbnailUrl":"https:\/\/buy-prescriptionz.com\/wp-content\/uploads\/2025\/09\/alprazolam.jpg","datePublished":"2025-09-16T08:55:51+00:00","dateModified":"2026-01-30T13:59:44+00:00","description":"K\u00f6p alprazolam online, K\u00d6P ALPRAZOLAM ONLINE, INGET RECEPT KR\u00c4VS, VAR MAN K\u00d6PER alprazolam ONLINE \u00d6VERNATTSFRAKT K\u00d6P BILLIGT","breadcrumb":{"@id":"https:\/\/buy-prescriptionz.com\/cs\/produkt\/alprazolam\/#breadcrumb"},"inLanguage":"sv-SE","potentialAction":[{"@type":"ReadAction","target":["https:\/\/buy-prescriptionz.com\/cs\/produkt\/alprazolam\/"]}]},{"@type":"ImageObject","inLanguage":"sv-SE","@id":"https:\/\/buy-prescriptionz.com\/cs\/produkt\/alprazolam\/#primaryimage","url":"https:\/\/buy-prescriptionz.com\/wp-content\/uploads\/2025\/09\/alprazolam.jpg","contentUrl":"https:\/\/buy-prescriptionz.com\/wp-content\/uploads\/2025\/09\/alprazolam.jpg","width":400,"height":300},{"@type":"BreadcrumbList","@id":"https:\/\/buy-prescriptionz.com\/cs\/produkt\/alprazolam\/#breadcrumb","itemListElement":[{"@type":"ListItem","position":1,"name":"Home","item":"https:\/\/buy-prescriptionz.com\/"},{"@type":"ListItem","position":2,"name":"Shop Painkillers Online","item":"https:\/\/buy-prescriptionz.com\/shop-painkillers-online\/"},{"@type":"ListItem","position":3,"name":"Alprazolam"}]},{"@type":"WebSite","@id":"https:\/\/buy-prescriptionz.com\/#website","url":"https:\/\/buy-prescriptionz.com\/","name":"Buy Prescriptionz","description":"Droger p\u00e5 n\u00e4tet","publisher":{"@id":"https:\/\/buy-prescriptionz.com\/#organization"},"potentialAction":[{"@type":"SearchAction","target":{"@type":"EntryPoint","urlTemplate":"https:\/\/buy-prescriptionz.com\/?s={search_term_string}"},"query-input":{"@type":"PropertyValueSpecification","valueRequired":true,"valueName":"search_term_string"}}],"inLanguage":"sv-SE"},{"@type":"Organization","@id":"https:\/\/buy-prescriptionz.com\/#organization","name":"Buy Prescriptionz","url":"https:\/\/buy-prescriptionz.com\/","logo":{"@type":"ImageObject","inLanguage":"sv-SE","@id":"https:\/\/buy-prescriptionz.com\/#\/schema\/logo\/image\/","url":"https:\/\/buy-prescriptionz.com\/wp-content\/uploads\/2023\/09\/logo.png","contentUrl":"https:\/\/buy-prescriptionz.com\/wp-content\/uploads\/2023\/09\/logo.png","width":350,"height":64,"caption":"Buy Prescriptionz"},"image":{"@id":"https:\/\/buy-prescriptionz.com\/#\/schema\/logo\/image\/"}}]}},"_links":{"self":[{"href":"https:\/\/buy-prescriptionz.com\/sv\/wp-json\/wp\/v2\/product\/2985","targetHints":{"allow":["GET"]}}],"collection":[{"href":"https:\/\/buy-prescriptionz.com\/sv\/wp-json\/wp\/v2\/product"}],"about":[{"href":"https:\/\/buy-prescriptionz.com\/sv\/wp-json\/wp\/v2\/types\/product"}],"replies":[{"embeddable":true,"href":"https:\/\/buy-prescriptionz.com\/sv\/wp-json\/wp\/v2\/comments?post=2985"}],"wp:featuredmedia":[{"embeddable":true,"href":"https:\/\/buy-prescriptionz.com\/sv\/wp-json\/wp\/v2\/media\/3015"}],"wp:attachment":[{"href":"https:\/\/buy-prescriptionz.com\/sv\/wp-json\/wp\/v2\/media?parent=2985"}],"wp:term":[{"taxonomy":"product_brand","embeddable":true,"href":"https:\/\/buy-prescriptionz.com\/sv\/wp-json\/wp\/v2\/product_brand?post=2985"},{"taxonomy":"product_cat","embeddable":true,"href":"https:\/\/buy-prescriptionz.com\/sv\/wp-json\/wp\/v2\/product_cat?post=2985"},{"taxonomy":"product_tag","embeddable":true,"href":"https:\/\/buy-prescriptionz.com\/sv\/wp-json\/wp\/v2\/product_tag?post=2985"}],"curies":[{"name":"wp","href":"https:\/\/api.w.org\/{rel}","templated":true}]}}