{"id":2986,"date":"2025-09-16T08:55:51","date_gmt":"2025-09-16T08:55:51","guid":{"rendered":"https:\/\/chemsfine.com\/newsite\/?post_type=product&#038;p=2986"},"modified":"2026-04-20T05:58:05","modified_gmt":"2026-04-20T05:58:05","slug":"kop-diazepam-online","status":"publish","type":"product","link":"https:\/\/buy-prescriptionz.com\/sv\/produkt\/kop-diazepam-online\/","title":{"rendered":"K\u00f6p Diazepam online"},"content":{"rendered":"<h2>K\u00f6p Diazepam Online: Varf\u00f6r ska du k\u00f6pa Diazepam online?<\/h2>\n<p>Diazepam anses vara en bensodiazepin som har antikonvulsiva, lugnande, \u00e5ngestd\u00e4mpande, minnesf\u00f6rlustdrivande och muskelavslappnande egenskaper och har en l\u00e5ng verkningstid. Dess verkan medieras genom f\u00f6rst\u00e4rkning av gamma-aminosm\u00f6rsyra (GABA) aktivitet. Detta \u00f6kar frekvensen av kloridkanalernas \u00f6ppning, vilket sedan till\u00e5ter fl\u00f6det av kloridjoner in i neuronerna. Detta leder slutligen till membranhyperpolarisering och minskar \u00e4ven neuronal excitabilitet. Denna tablett kan behandla kraftigt utbredda sjukdomar och rekommenderas till patienter av l\u00e4kare.<\/p>\n<h3>Vilka egenskaper har Diazepam?<\/h3>\n<p>Den orala tabletten Diazepam kan anv\u00e4ndas f\u00f6r att behandla f\u00f6ljande tillst\u00e5nd som:<\/p>\n<p>1. En till\u00e4ggsbehandling f\u00f6r skelettmuskelspasmer<br \/>\n2. Symtom p\u00e5 alkoholabstinens som skakningar och agitation<br \/>\n3. Till\u00e4ggsbehandling f\u00f6r olika typer av anfall<\/p>\n<h3>Vilka f\u00f6rsiktighets\u00e5tg\u00e4rder b\u00f6r man vidta vid anv\u00e4ndning av Diazepam?<\/h3>\n<p>Det kan finnas risker med att ta Diazepam under graviditet och amning och det \u00e4r av denna anledning som detta l\u00e4kemedel b\u00f6r undvikas under denna fas. Detta l\u00e4kemedel kan reagera med andra l\u00e4kemedel som narkotika, fenotiaziner, barbiturater, narkotika, antidepressiva medel och MAO-h\u00e4mmare.<\/p>\n<p>Det b\u00e4sta Diazepam \u00f6kar effekterna av signalsubstansen gamma-aminosm\u00f6rsyra (GABA) i hj\u00e4rnan. Detta leder till en lugnande effekt, vilket hj\u00e4lper till att minska \u00e5ngest, muskelspasmer och kramper.<\/p>\n<h3>Prim\u00e4r anv\u00e4ndning av diazepam<\/h3>\n<ul>\n<li>Hantering av \u00e5ngest: Diazepam anv\u00e4nds ofta f\u00f6r att behandla \u00e5ngestst\u00f6rningar, vilket hj\u00e4lper till att minska symtom och fr\u00e4mja avslappning.<\/li>\n<li>Lindring av muskelspasmer: Det \u00e4r effektivt f\u00f6r att slappna av muskelspasmer och spasticitet relaterade till tillst\u00e5nd som cerebral pares, multipel skleros och skador.<\/li>\n<li>Behandling av anfall: Diazepam hj\u00e4lper till att kontrollera och f\u00f6rebygga anfall, s\u00e4rskilt hos personer med epilepsi.<\/li>\n<li>Alkoholabstinens: Det hj\u00e4lper till att hantera alkoholabstinenssymtom och minskar risken f\u00f6r allvarliga abstinenskomplikationer.<\/li>\n<\/ul>\n<h3>F\u00f6rdelar med diazepam<\/h3>\n<ul>\n<li>Snabb ins\u00e4ttande: Diazepam verkar snabbt f\u00f6r att lindra symtom p\u00e5 \u00e5ngest och muskelspasmer.<\/li>\n<li>Flera anv\u00e4ndningsomr\u00e5den: Det \u00e4r anv\u00e4ndbart vid behandling av ett brett spektrum av tillst\u00e5nd, inklusive \u00e5ngest, muskelspasmer, kramper och alkoholabstinens.<\/li>\n<li>Omfattande unders\u00f6kt: L\u00e4kemedlet har studerats noggrant, vilket s\u00e4kerst\u00e4ller dess effektivitet och s\u00e4kerhet vid korrekt anv\u00e4ndning.<\/li>\n<\/ul>\n<p>Diazepam \u00e4r ett mycket effektivt l\u00e4kemedel f\u00f6r behandling av \u00e5ngest, muskelspasmer och kramper. Dess snabba ins\u00e4ttande och v\u00e4l dokumenterade s\u00e4kerhet g\u00f6r det till ett p\u00e5litligt alternativ f\u00f6r m\u00e5nga patienter. F\u00f6r mer information eller f\u00f6r att k\u00f6pa Diazepam, bes\u00f6k det b\u00e4sta apoteket. <a href=\"https:\/\/buy-prescriptionz.com\/sv\/\">buy-prescriptionz.com<\/a>.<\/p>\n<h3>Vilka biverkningar finns det av Diazepam?<\/h3>\n<p>Vanliga biverkningar av detta l\u00e4kemedel inkluderar:<\/p>\n<p>\u2022 D\u00e5sighet<br \/>\n\u2022 K\u00e4nsla av irritabilitet eller rastl\u00f6shet<br \/>\n\u2022 Muskelsvaghet<br \/>\n\u2022 Suddrigt tal<br \/>\n\u2022 Muntorrhet eller dreglande<br \/>\n\u2022 Ingen f\u00f6rm\u00e5ga att kontrollera muskelr\u00f6relserna<\/p>\n<p>Om dessa biverkningar inte f\u00f6rsvinner eller blir allvarliga kan man prata med apotekspersonalen eller l\u00e4karen.<\/p>\n<h3>Var ska man k\u00f6pa Diazepam online?<\/h3>\n<p>Man kan k\u00f6pa Diazepam p\u00e5 buy-prescriptionz.com. Diazepam finns till salu online till b\u00e4sta pris.<\/p>","protected":false},"excerpt":{"rendered":"<p>Buy Diazepam Online: Why should you buy Diazepam online? Diazepam is considered to be a benzodiazepine which has anticonvulsant, sedative, anxiolytic, amnesic properties, and muscle relaxant and has a long duration of action. The actions of it are mediated, which is with the enhancement of the Gamma-Aminobutyric Acid (GABA) activity. This increases the frequency of [&hellip;]<\/p>","protected":false},"featured_media":3016,"comment_status":"open","ping_status":"closed","template":"","meta":{"site-sidebar-layout":"default","site-content-layout":"","ast-site-content-layout":"default","site-content-style":"default","site-sidebar-style":"default","ast-global-header-display":"","ast-banner-title-visibility":"","ast-main-header-display":"","ast-hfb-above-header-display":"","ast-hfb-below-header-display":"","ast-hfb-mobile-header-display":"","site-post-title":"","ast-breadcrumbs-content":"","ast-featured-img":"","footer-sml-layout":"","theme-transparent-header-meta":"default","adv-header-id-meta":"","stick-header-meta":"","header-above-stick-meta":"","header-main-stick-meta":"","header-below-stick-meta":"","astra-migrate-meta-layouts":"set","ast-page-background-enabled":"default","ast-page-background-meta":{"desktop":{"background-color":"var(--ast-global-color-4)","background-image":"","background-repeat":"repeat","background-position":"center center","background-size":"auto","background-attachment":"scroll","background-type":"","background-media":"","overlay-type":"","overlay-color":"","overlay-opacity":"","overlay-gradient":""},"tablet":{"background-color":"","background-image":"","background-repeat":"repeat","background-position":"center center","background-size":"auto","background-attachment":"scroll","background-type":"","background-media":"","overlay-type":"","overlay-color":"","overlay-opacity":"","overlay-gradient":""},"mobile":{"background-color":"","background-image":"","background-repeat":"repeat","background-position":"center center","background-size":"auto","background-attachment":"scroll","background-type":"","background-media":"","overlay-type":"","overlay-color":"","overlay-opacity":"","overlay-gradient":""}},"ast-content-background-meta":{"desktop":{"background-color":"var(--ast-global-color-5)","background-image":"","background-repeat":"repeat","background-position":"center center","background-size":"auto","background-attachment":"scroll","background-type":"","background-media":"","overlay-type":"","overlay-color":"","overlay-opacity":"","overlay-gradient":""},"tablet":{"background-color":"var(--ast-global-color-5)","background-image":"","background-repeat":"repeat","background-position":"center center","background-size":"auto","background-attachment":"scroll","background-type":"","background-media":"","overlay-type":"","overlay-color":"","overlay-opacity":"","overlay-gradient":""},"mobile":{"background-color":"var(--ast-global-color-5)","background-image":"","background-repeat":"repeat","background-position":"center center","background-size":"auto","background-attachment":"scroll","background-type":"","background-media":"","overlay-type":"","overlay-color":"","overlay-opacity":"","overlay-gradient":""}}},"product_brand":[],"product_cat":[2381],"product_tag":[1804,1805,1803,1798,1801,1800,1799,1802,1797,1806,1796],"class_list":{"0":"post-2986","1":"product","2":"type-product","3":"status-publish","4":"has-post-thumbnail","6":"product_cat-buy-depressants-and-anxiety-pills-online","7":"product_tag-buy-diazepam-in-canada","8":"product_tag-buy-diazepam-in-uk","9":"product_tag-buy-diazepam-in-usa","10":"product_tag-buy-diazepam-with-bitcoin","11":"product_tag-buy-diazepam-with-credit-card","12":"product_tag-buy-diazepam-with-money-gram","13":"product_tag-buy-diazepam-with-western-union","14":"product_tag-buy-diazepam-without-a-doctor","15":"product_tag-buy-diazepam-without-prescription","16":"product_tag-diazepam","17":"product_tag-diazepam-for-sale","18":"desktop-align-center","19":"tablet-align-left","20":"mobile-align-left","22":"first","23":"instock","24":"shipping-taxable","25":"purchasable","26":"product-type-variable","27":"has-default-attributes"},"yoast_head":"<!-- This site is optimized with the Yoast SEO plugin v25.9 - https:\/\/yoast.com\/wordpress\/plugins\/seo\/ -->\n<title>Buy Diazepam Online USA - Buy Diazepam Online for Sale - Buy Prescriptionz<\/title>\n<meta name=\"description\" content=\"Buyprescriptionz.com is an online pharmacy store where you can Buy Diazepam Online at best price without doctor&#039;s prescription. Buy Diazepam Online Now with Free &amp; Secure Shipping!\" \/>\n<meta name=\"robots\" content=\"index, follow, max-snippet:-1, max-image-preview:large, max-video-preview:-1\" \/>\n<link rel=\"canonical\" href=\"https:\/\/buy-prescriptionz.com\/sv\/produkt\/kop-diazepam-online\/\" \/>\n<meta property=\"og:locale\" content=\"sv_SE\" \/>\n<meta property=\"og:type\" content=\"article\" \/>\n<meta property=\"og:title\" content=\"Buy Diazepam Online USA - Buy Diazepam Online for Sale - Buy Prescriptionz\" \/>\n<meta property=\"og:description\" content=\"Buyprescriptionz.com is an online pharmacy store where you can Buy Diazepam Online at best price without doctor&#039;s prescription. Buy Diazepam Online Now with Free &amp; Secure Shipping!\" \/>\n<meta property=\"og:url\" content=\"https:\/\/buy-prescriptionz.com\/sv\/produkt\/kop-diazepam-online\/\" \/>\n<meta property=\"og:site_name\" content=\"Buy Prescriptionz\" \/>\n<meta property=\"article:modified_time\" content=\"2026-04-20T05:58:05+00:00\" \/>\n<meta property=\"og:image\" content=\"https:\/\/buy-prescriptionz.com\/wp-content\/uploads\/2025\/09\/diazepam.jpg\" \/>\n\t<meta property=\"og:image:width\" content=\"400\" \/>\n\t<meta property=\"og:image:height\" content=\"300\" \/>\n\t<meta property=\"og:image:type\" content=\"image\/jpeg\" \/>\n<meta name=\"twitter:card\" content=\"summary_large_image\" \/>\n<meta name=\"twitter:label1\" content=\"Ber\u00e4knad l\u00e4stid\" \/>\n\t<meta name=\"twitter:data1\" content=\"3 minuter\" \/>\n<script type=\"application\/ld+json\" class=\"yoast-schema-graph\">{\"@context\":\"https:\/\/schema.org\",\"@graph\":[{\"@type\":\"WebPage\",\"@id\":\"https:\/\/buy-prescriptionz.com\/product\/buy-diazepam-online\/\",\"url\":\"https:\/\/buy-prescriptionz.com\/product\/buy-diazepam-online\/\",\"name\":\"Buy Diazepam Online USA - Buy Diazepam Online for Sale - Buy Prescriptionz\",\"isPartOf\":{\"@id\":\"https:\/\/buy-prescriptionz.com\/#website\"},\"primaryImageOfPage\":{\"@id\":\"https:\/\/buy-prescriptionz.com\/product\/buy-diazepam-online\/#primaryimage\"},\"image\":{\"@id\":\"https:\/\/buy-prescriptionz.com\/product\/buy-diazepam-online\/#primaryimage\"},\"thumbnailUrl\":\"https:\/\/buy-prescriptionz.com\/wp-content\/uploads\/2025\/09\/diazepam.jpg\",\"datePublished\":\"2025-09-16T08:55:51+00:00\",\"dateModified\":\"2026-04-20T05:58:05+00:00\",\"description\":\"Buyprescriptionz.com is an online pharmacy store where you can Buy Diazepam Online at best price without doctor's prescription. Buy Diazepam Online Now with Free & Secure Shipping!\",\"breadcrumb\":{\"@id\":\"https:\/\/buy-prescriptionz.com\/product\/buy-diazepam-online\/#breadcrumb\"},\"inLanguage\":\"sv-SE\",\"potentialAction\":[{\"@type\":\"ReadAction\",\"target\":[\"https:\/\/buy-prescriptionz.com\/product\/buy-diazepam-online\/\"]}]},{\"@type\":\"ImageObject\",\"inLanguage\":\"sv-SE\",\"@id\":\"https:\/\/buy-prescriptionz.com\/product\/buy-diazepam-online\/#primaryimage\",\"url\":\"https:\/\/buy-prescriptionz.com\/wp-content\/uploads\/2025\/09\/diazepam.jpg\",\"contentUrl\":\"https:\/\/buy-prescriptionz.com\/wp-content\/uploads\/2025\/09\/diazepam.jpg\",\"width\":400,\"height\":300},{\"@type\":\"BreadcrumbList\",\"@id\":\"https:\/\/buy-prescriptionz.com\/product\/buy-diazepam-online\/#breadcrumb\",\"itemListElement\":[{\"@type\":\"ListItem\",\"position\":1,\"name\":\"Home\",\"item\":\"https:\/\/buy-prescriptionz.com\/\"},{\"@type\":\"ListItem\",\"position\":2,\"name\":\"Shop Painkillers Online\",\"item\":\"https:\/\/buy-prescriptionz.com\/shop-painkillers-online\/\"},{\"@type\":\"ListItem\",\"position\":3,\"name\":\"Buy Diazepam Online\"}]},{\"@type\":\"WebSite\",\"@id\":\"https:\/\/buy-prescriptionz.com\/#website\",\"url\":\"https:\/\/buy-prescriptionz.com\/\",\"name\":\"Buy Prescriptionz\",\"description\":\"Drugs Online\",\"publisher\":{\"@id\":\"https:\/\/buy-prescriptionz.com\/#organization\"},\"potentialAction\":[{\"@type\":\"SearchAction\",\"target\":{\"@type\":\"EntryPoint\",\"urlTemplate\":\"https:\/\/buy-prescriptionz.com\/?s={search_term_string}\"},\"query-input\":{\"@type\":\"PropertyValueSpecification\",\"valueRequired\":true,\"valueName\":\"search_term_string\"}}],\"inLanguage\":\"sv-SE\"},{\"@type\":\"Organization\",\"@id\":\"https:\/\/buy-prescriptionz.com\/#organization\",\"name\":\"Buy Prescriptionz\",\"url\":\"https:\/\/buy-prescriptionz.com\/\",\"logo\":{\"@type\":\"ImageObject\",\"inLanguage\":\"sv-SE\",\"@id\":\"https:\/\/buy-prescriptionz.com\/#\/schema\/logo\/image\/\",\"url\":\"https:\/\/buy-prescriptionz.com\/wp-content\/uploads\/2023\/09\/logo.png\",\"contentUrl\":\"https:\/\/buy-prescriptionz.com\/wp-content\/uploads\/2023\/09\/logo.png\",\"width\":350,\"height\":64,\"caption\":\"Buy Prescriptionz\"},\"image\":{\"@id\":\"https:\/\/buy-prescriptionz.com\/#\/schema\/logo\/image\/\"}}]}<\/script>\n<!-- \/ Yoast SEO plugin. -->","yoast_head_json":{"title":"K\u00f6p Diazepam Online USA - K\u00f6p Diazepam Online till Salu - K\u00f6p Recept","description":"Buyprescriptionz.com \u00e4r ett onlineapotek d\u00e4r du kan k\u00f6pa Diazepam Online till b\u00e4sta pris utan l\u00e4kares recept. K\u00f6p Diazepam Online nu med fri och s\u00e4ker leverans!","robots":{"index":"index","follow":"follow","max-snippet":"max-snippet:-1","max-image-preview":"max-image-preview:large","max-video-preview":"max-video-preview:-1"},"canonical":"https:\/\/buy-prescriptionz.com\/sv\/produkt\/kop-diazepam-online\/","og_locale":"sv_SE","og_type":"article","og_title":"Buy Diazepam Online USA - Buy Diazepam Online for Sale - Buy Prescriptionz","og_description":"Buyprescriptionz.com is an online pharmacy store where you can Buy Diazepam Online at best price without doctor's prescription. Buy Diazepam Online Now with Free & Secure Shipping!","og_url":"https:\/\/buy-prescriptionz.com\/sv\/produkt\/kop-diazepam-online\/","og_site_name":"Buy Prescriptionz","article_modified_time":"2026-04-20T05:58:05+00:00","og_image":[{"width":400,"height":300,"url":"https:\/\/buy-prescriptionz.com\/wp-content\/uploads\/2025\/09\/diazepam.jpg","type":"image\/jpeg"}],"twitter_card":"summary_large_image","twitter_misc":{"Ber\u00e4knad l\u00e4stid":"3 minuter"},"schema":{"@context":"https:\/\/schema.org","@graph":[{"@type":"WebPage","@id":"https:\/\/buy-prescriptionz.com\/product\/buy-diazepam-online\/","url":"https:\/\/buy-prescriptionz.com\/product\/buy-diazepam-online\/","name":"K\u00f6p Diazepam Online USA - K\u00f6p Diazepam Online till Salu - K\u00f6p Recept","isPartOf":{"@id":"https:\/\/buy-prescriptionz.com\/#website"},"primaryImageOfPage":{"@id":"https:\/\/buy-prescriptionz.com\/product\/buy-diazepam-online\/#primaryimage"},"image":{"@id":"https:\/\/buy-prescriptionz.com\/product\/buy-diazepam-online\/#primaryimage"},"thumbnailUrl":"https:\/\/buy-prescriptionz.com\/wp-content\/uploads\/2025\/09\/diazepam.jpg","datePublished":"2025-09-16T08:55:51+00:00","dateModified":"2026-04-20T05:58:05+00:00","description":"Buyprescriptionz.com \u00e4r ett onlineapotek d\u00e4r du kan k\u00f6pa Diazepam Online till b\u00e4sta pris utan l\u00e4kares recept. K\u00f6p Diazepam Online nu med fri och s\u00e4ker leverans!","breadcrumb":{"@id":"https:\/\/buy-prescriptionz.com\/product\/buy-diazepam-online\/#breadcrumb"},"inLanguage":"sv-SE","potentialAction":[{"@type":"ReadAction","target":["https:\/\/buy-prescriptionz.com\/product\/buy-diazepam-online\/"]}]},{"@type":"ImageObject","inLanguage":"sv-SE","@id":"https:\/\/buy-prescriptionz.com\/product\/buy-diazepam-online\/#primaryimage","url":"https:\/\/buy-prescriptionz.com\/wp-content\/uploads\/2025\/09\/diazepam.jpg","contentUrl":"https:\/\/buy-prescriptionz.com\/wp-content\/uploads\/2025\/09\/diazepam.jpg","width":400,"height":300},{"@type":"BreadcrumbList","@id":"https:\/\/buy-prescriptionz.com\/product\/buy-diazepam-online\/#breadcrumb","itemListElement":[{"@type":"ListItem","position":1,"name":"Home","item":"https:\/\/buy-prescriptionz.com\/"},{"@type":"ListItem","position":2,"name":"Shop Painkillers Online","item":"https:\/\/buy-prescriptionz.com\/shop-painkillers-online\/"},{"@type":"ListItem","position":3,"name":"Buy Diazepam Online"}]},{"@type":"WebSite","@id":"https:\/\/buy-prescriptionz.com\/#website","url":"https:\/\/buy-prescriptionz.com\/","name":"Buy Prescriptionz","description":"Droger p\u00e5 n\u00e4tet","publisher":{"@id":"https:\/\/buy-prescriptionz.com\/#organization"},"potentialAction":[{"@type":"SearchAction","target":{"@type":"EntryPoint","urlTemplate":"https:\/\/buy-prescriptionz.com\/?s={search_term_string}"},"query-input":{"@type":"PropertyValueSpecification","valueRequired":true,"valueName":"search_term_string"}}],"inLanguage":"sv-SE"},{"@type":"Organization","@id":"https:\/\/buy-prescriptionz.com\/#organization","name":"Buy Prescriptionz","url":"https:\/\/buy-prescriptionz.com\/","logo":{"@type":"ImageObject","inLanguage":"sv-SE","@id":"https:\/\/buy-prescriptionz.com\/#\/schema\/logo\/image\/","url":"https:\/\/buy-prescriptionz.com\/wp-content\/uploads\/2023\/09\/logo.png","contentUrl":"https:\/\/buy-prescriptionz.com\/wp-content\/uploads\/2023\/09\/logo.png","width":350,"height":64,"caption":"Buy Prescriptionz"},"image":{"@id":"https:\/\/buy-prescriptionz.com\/#\/schema\/logo\/image\/"}}]}},"_links":{"self":[{"href":"https:\/\/buy-prescriptionz.com\/sv\/wp-json\/wp\/v2\/product\/2986","targetHints":{"allow":["GET"]}}],"collection":[{"href":"https:\/\/buy-prescriptionz.com\/sv\/wp-json\/wp\/v2\/product"}],"about":[{"href":"https:\/\/buy-prescriptionz.com\/sv\/wp-json\/wp\/v2\/types\/product"}],"replies":[{"embeddable":true,"href":"https:\/\/buy-prescriptionz.com\/sv\/wp-json\/wp\/v2\/comments?post=2986"}],"wp:featuredmedia":[{"embeddable":true,"href":"https:\/\/buy-prescriptionz.com\/sv\/wp-json\/wp\/v2\/media\/3016"}],"wp:attachment":[{"href":"https:\/\/buy-prescriptionz.com\/sv\/wp-json\/wp\/v2\/media?parent=2986"}],"wp:term":[{"taxonomy":"product_brand","embeddable":true,"href":"https:\/\/buy-prescriptionz.com\/sv\/wp-json\/wp\/v2\/product_brand?post=2986"},{"taxonomy":"product_cat","embeddable":true,"href":"https:\/\/buy-prescriptionz.com\/sv\/wp-json\/wp\/v2\/product_cat?post=2986"},{"taxonomy":"product_tag","embeddable":true,"href":"https:\/\/buy-prescriptionz.com\/sv\/wp-json\/wp\/v2\/product_tag?post=2986"}],"curies":[{"name":"wp","href":"https:\/\/api.w.org\/{rel}","templated":true}]}}