{"id":2987,"date":"2025-09-16T08:55:51","date_gmt":"2025-09-16T08:55:51","guid":{"rendered":"https:\/\/chemsfine.com\/newsite\/?post_type=product&#038;p=2987"},"modified":"2025-09-20T05:02:59","modified_gmt":"2025-09-20T05:02:59","slug":"kop-butalbital-online","status":"publish","type":"product","link":"https:\/\/buy-prescriptionz.com\/sv\/produkt\/kop-butalbital-online\/","title":{"rendered":"K\u00f6p Butalbital online"},"content":{"rendered":"<h2>K\u00f6p Butalbital online<\/h2>\n<h3>Varf\u00f6r ska du k\u00f6pa Butalbital online?<\/h3>\n<p>Butalbital tillh\u00f6r en grupp l\u00e4kemedel som kallas barbiturater. Barbituraterna verkar i centrala nervsystemet (CNS) f\u00f6r att producera effekterna. Butalbital \u00e4r en kombination av l\u00e4kemedel som anv\u00e4nds f\u00f6r att behandla sp\u00e4nningshuvudv\u00e4rk. Detta l\u00e4kemedel \u00e4r inte avsett f\u00f6r behandling av huvudv\u00e4rk som bara kommer och g\u00e5r. Butalbital kan tas som ett lugnande medel som hj\u00e4lper till att minska \u00e5ngest och kan orsaka avslappning och s\u00f6mnighet. Om det anv\u00e4nds under l\u00e5ng tid kan det bli en vana som kan orsaka fysiskt eller psykiskt beroende. Personer som upplever ih\u00e5llande sm\u00e4rta b\u00f6r dock inte l\u00e5ta r\u00e4dslan f\u00f6r beroende hindra dem fr\u00e5n att anv\u00e4nda narkotika f\u00f6r att lindra sin sm\u00e4rta.<\/p>\n<p>Butalbital \u00e4r ett l\u00e4kemedel som vanligtvis anv\u00e4nds f\u00f6r behandling av sp\u00e4nningshuvudv\u00e4rk och migr\u00e4n. Det tillh\u00f6r barbituratklassen och kombineras ofta med paracetamol och koffein f\u00f6r att \u00f6ka dess effektivitet.<\/p>\n<h3>\u00d6versikt<\/h3>\n<ul>\n<li>Klassificering: Barbiturat<\/li>\n<li>Vanliga anv\u00e4ndningsomr\u00e5den: Behandling av sp\u00e4nningshuvudv\u00e4rk och migr\u00e4n<\/li>\n<li>Kombination: Ofta i kombination med paracetamol (ett sm\u00e4rtstillande medel) och koffein (ett stimulerande medel som f\u00f6rst\u00e4rker effekterna av paracetamol)<\/li>\n<\/ul>\n<h3>F\u00f6rdelar:<\/h3>\n<ol>\n<li>Effectieve pijnverlichting: Butalbital helpt hoofdpijn te verlichten door de spiercontracties in het hoofd- en nekgebied te ontspannen.<\/li>\n<li>\u00c5ngestminskning: Dess lugnande egenskaper hj\u00e4lper till att minska \u00e5ngest och framkalla avslappning, vilket kan vara f\u00f6rdelaktigt vid huvudv\u00e4rksepisoder.<\/li>\n<li>F\u00f6rb\u00e4ttrad effektivitet: I kombination med paracetamol och koffein f\u00f6rst\u00e4rks butalbitals sm\u00e4rtlindrande effekter, vilket ger snabbare och mer omfattande lindring.<\/li>\n<li>F\u00f6rb\u00e4ttrad funktionalitet: Genom att lindra huvudv\u00e4rkssm\u00e4rta kan butalbital bidra till att f\u00f6rb\u00e4ttra den dagliga funktionen och den \u00f6vergripande livskvaliteten f\u00f6r personer som lider av frekvent sp\u00e4nningshuvudv\u00e4rk eller migr\u00e4n.<\/li>\n<li>Snabb ins\u00e4ttande: Butalbital verkar relativt snabbt och ger snabb lindring av huvudv\u00e4rkssymtom.<\/li>\n<\/ol>\n<h3>Anv\u00e4ndnings\u00f6verv\u00e4ganden:<\/h3>\n<ul>\n<li>Medicinsk \u00f6vervakning: P\u00e5 grund av risken f\u00f6r biverkningar och beroende b\u00f6r butalbital anv\u00e4ndas under ledning av sjukv\u00e5rdspersonal.<\/li>\n<li>Doseringsf\u00f6ljsamhet: Det \u00e4r viktigt att f\u00f6lja den f\u00f6reskrivna dosen och inte \u00f6verskrida den rekommenderade m\u00e4ngden f\u00f6r att undvika biverkningar.<\/li>\n<li>K\u00e4lla: Se till att du k\u00f6per butalbital fr\u00e5n v\u00e4lrenommerade k\u00e4llor, som buy-prescriptionz.com, f\u00f6r att garantera l\u00e4kemedlets kvalitet och \u00e4kthet.<\/li>\n<\/ul>\n<p>Butalbital \u00e4r ett v\u00e4rdefullt alternativ f\u00f6r dem som s\u00f6ker lindring av sp\u00e4nningshuvudv\u00e4rk och migr\u00e4n, s\u00e4rskilt n\u00e4r det anv\u00e4nds ansvarsfullt under medicinsk \u00f6vervakning. K\u00f6p Butalbital fr\u00e5n ett p\u00e5litligt och b\u00e4sta apotek som buy-prescriptionz.com f\u00f6r kvalitet och \u00e4kthet.<\/p>\n<h3>What does the feature of Butalbital comprise of?<\/h3>\n<p><strong>This combined medication is used for:<\/strong><\/p>\n<p>1. Treatment of tension headaches<br \/>\n2. Decreasing the pain<br \/>\n3. Decreasing of anxiety<br \/>\n4. Making one cause sleepiness<br \/>\n5. Relaxation purpose<\/p>\n<h3>What precautions should one take for Butalbital?<\/h3>\n<p>1. Butalbital can be a potential factor for dependence and abuse. It is therefore advised to consult the doctor about the dosage.<br \/>\n2. Those who have high blood pressure and heart rate, mood disorder and liver disease are advised to avoid using the tablet.<br \/>\n3. Smokers and alcoholics should keep the addiction away during the drug dosage.<\/p>\n<h3><strong>What does the side effect of Butalbital include?<\/strong><\/h3>\n<p><strong>One should notify the doctor if any of the below side effects worsen or persist<\/strong><\/p>\n<p>1. Vomiting<br \/>\n2. Nausea<br \/>\n3. Gas<br \/>\n4. Stomach Upset<br \/>\n5. Dizziness<br \/>\n6. Light-headedness<br \/>\n7. Fainting<br \/>\n8. Dark urine<br \/>\n9. Unusual tiredness<br \/>\n10. Mood change<\/p>\n<h3>What will happen if anyone misses or overdoeses Butalbital?<\/h3>\n<p>One should take the tablet immediately if one misses the dosage. But if it\u2019s the time for next dosage, one should avoid taking the double dose because it might worsen the condition. For overdose, one should call health experts because it can cause serous<\/p>\n<h3>Where should you buy Butalbital online?<\/h3>\n<p>You can buy Butalbital for sale at Buy Prescriptionz. You can buy Butalbital online at a very nominal and reasonable price.<\/p>","protected":false},"excerpt":{"rendered":"<p>Buy Butalbital Online Why should you buy Butalbital online? Butalbital comprises of the group of medicines which is called as barbiturates. The barbiturates act up in the central nervous system (CNS), in order to produce the effects. Butalbital comprises of a combination of medicine which is used to treat tension headaches. This medicine is not [&hellip;]<\/p>","protected":false},"featured_media":3017,"comment_status":"open","ping_status":"closed","template":"","meta":{"site-sidebar-layout":"default","site-content-layout":"","ast-site-content-layout":"default","site-content-style":"default","site-sidebar-style":"default","ast-global-header-display":"","ast-banner-title-visibility":"","ast-main-header-display":"","ast-hfb-above-header-display":"","ast-hfb-below-header-display":"","ast-hfb-mobile-header-display":"","site-post-title":"","ast-breadcrumbs-content":"","ast-featured-img":"","footer-sml-layout":"","theme-transparent-header-meta":"default","adv-header-id-meta":"","stick-header-meta":"","header-above-stick-meta":"","header-main-stick-meta":"","header-below-stick-meta":"","astra-migrate-meta-layouts":"set","ast-page-background-enabled":"default","ast-page-background-meta":{"desktop":{"background-color":"var(--ast-global-color-4)","background-image":"","background-repeat":"repeat","background-position":"center center","background-size":"auto","background-attachment":"scroll","background-type":"","background-media":"","overlay-type":"","overlay-color":"","overlay-opacity":"","overlay-gradient":""},"tablet":{"background-color":"","background-image":"","background-repeat":"repeat","background-position":"center center","background-size":"auto","background-attachment":"scroll","background-type":"","background-media":"","overlay-type":"","overlay-color":"","overlay-opacity":"","overlay-gradient":""},"mobile":{"background-color":"","background-image":"","background-repeat":"repeat","background-position":"center center","background-size":"auto","background-attachment":"scroll","background-type":"","background-media":"","overlay-type":"","overlay-color":"","overlay-opacity":"","overlay-gradient":""}},"ast-content-background-meta":{"desktop":{"background-color":"var(--ast-global-color-5)","background-image":"","background-repeat":"repeat","background-position":"center center","background-size":"auto","background-attachment":"scroll","background-type":"","background-media":"","overlay-type":"","overlay-color":"","overlay-opacity":"","overlay-gradient":""},"tablet":{"background-color":"var(--ast-global-color-5)","background-image":"","background-repeat":"repeat","background-position":"center center","background-size":"auto","background-attachment":"scroll","background-type":"","background-media":"","overlay-type":"","overlay-color":"","overlay-opacity":"","overlay-gradient":""},"mobile":{"background-color":"var(--ast-global-color-5)","background-image":"","background-repeat":"repeat","background-position":"center center","background-size":"auto","background-attachment":"scroll","background-type":"","background-media":"","overlay-type":"","overlay-color":"","overlay-opacity":"","overlay-gradient":""}}},"product_brand":[],"product_cat":[2381],"product_tag":[1707,1718,1717,1715,1716,1714,1709,1712,1711,1710,1713,1708],"class_list":{"0":"post-2987","1":"product","2":"type-product","3":"status-publish","4":"has-post-thumbnail","6":"product_cat-buy-depressants-and-anxiety-pills-online","7":"product_tag-butalbital-for-sale","8":"product_tag-butalbital-pills","9":"product_tag-butalbital-tablets","10":"product_tag-buy-butalbital-in-canada","11":"product_tag-buy-butalbital-in-uk","12":"product_tag-buy-butalbital-in-usa","13":"product_tag-buy-butalbital-with-bitcoin","14":"product_tag-buy-butalbital-with-credit-card","15":"product_tag-buy-butalbital-with-money-gram","16":"product_tag-buy-butalbital-with-western-union","17":"product_tag-buy-butalbital-without-a-doctor","18":"product_tag-buy-butalbital-without-prescription","19":"desktop-align-center","20":"tablet-align-left","21":"mobile-align-left","23":"first","24":"instock","25":"shipping-taxable","26":"purchasable","27":"product-type-variable","28":"has-default-attributes"},"yoast_head":"<!-- This site is optimized with the Yoast SEO plugin v25.9 - https:\/\/yoast.com\/wordpress\/plugins\/seo\/ -->\n<title>Buy Butalbital Online USA - Buy Butalbital Online for Sale - Buy Prescriptionz<\/title>\n<meta name=\"description\" content=\"Buyprescriptionz.com is an online pharmacy store where you can Buy Butalbital Online at best price without doctor&#039;s prescription. Buy Butalbital Online Now with Free &amp; Secure Shipping!\" \/>\n<meta name=\"robots\" content=\"index, follow, max-snippet:-1, max-image-preview:large, max-video-preview:-1\" \/>\n<link rel=\"canonical\" href=\"https:\/\/buy-prescriptionz.com\/sv\/produkt\/kop-butalbital-online\/\" \/>\n<meta property=\"og:locale\" content=\"sv_SE\" \/>\n<meta property=\"og:type\" content=\"article\" \/>\n<meta property=\"og:title\" content=\"Buy Butalbital Online USA - Buy Butalbital Online for Sale - Buy Prescriptionz\" \/>\n<meta property=\"og:description\" content=\"Buyprescriptionz.com is an online pharmacy store where you can Buy Butalbital Online at best price without doctor&#039;s prescription. Buy Butalbital Online Now with Free &amp; Secure Shipping!\" \/>\n<meta property=\"og:url\" content=\"https:\/\/buy-prescriptionz.com\/sv\/produkt\/kop-butalbital-online\/\" \/>\n<meta property=\"og:site_name\" content=\"Buy Prescriptionz\" \/>\n<meta property=\"article:modified_time\" content=\"2025-09-20T05:02:59+00:00\" \/>\n<meta property=\"og:image\" content=\"https:\/\/buy-prescriptionz.com\/wp-content\/uploads\/2025\/09\/butalbital.jpg\" \/>\n\t<meta property=\"og:image:width\" content=\"400\" \/>\n\t<meta property=\"og:image:height\" content=\"300\" \/>\n\t<meta property=\"og:image:type\" content=\"image\/jpeg\" \/>\n<meta name=\"twitter:card\" content=\"summary_large_image\" \/>\n<meta name=\"twitter:label1\" content=\"Ber\u00e4knad l\u00e4stid\" \/>\n\t<meta name=\"twitter:data1\" content=\"3 minuter\" \/>\n<script type=\"application\/ld+json\" class=\"yoast-schema-graph\">{\"@context\":\"https:\/\/schema.org\",\"@graph\":[{\"@type\":\"WebPage\",\"@id\":\"https:\/\/buy-prescriptionz.com\/cs\/produkt\/koupit-butalbital-online\/\",\"url\":\"https:\/\/buy-prescriptionz.com\/cs\/produkt\/koupit-butalbital-online\/\",\"name\":\"Buy Butalbital Online USA - Buy Butalbital Online for Sale - Buy Prescriptionz\",\"isPartOf\":{\"@id\":\"https:\/\/buy-prescriptionz.com\/#website\"},\"primaryImageOfPage\":{\"@id\":\"https:\/\/buy-prescriptionz.com\/cs\/produkt\/koupit-butalbital-online\/#primaryimage\"},\"image\":{\"@id\":\"https:\/\/buy-prescriptionz.com\/cs\/produkt\/koupit-butalbital-online\/#primaryimage\"},\"thumbnailUrl\":\"https:\/\/buy-prescriptionz.com\/wp-content\/uploads\/2025\/09\/butalbital.jpg\",\"datePublished\":\"2025-09-16T08:55:51+00:00\",\"dateModified\":\"2025-09-20T05:02:59+00:00\",\"description\":\"Buyprescriptionz.com is an online pharmacy store where you can Buy Butalbital Online at best price without doctor's prescription. Buy Butalbital Online Now with Free & Secure Shipping!\",\"breadcrumb\":{\"@id\":\"https:\/\/buy-prescriptionz.com\/cs\/produkt\/koupit-butalbital-online\/#breadcrumb\"},\"inLanguage\":\"sv-SE\",\"potentialAction\":[{\"@type\":\"ReadAction\",\"target\":[\"https:\/\/buy-prescriptionz.com\/cs\/produkt\/koupit-butalbital-online\/\"]}]},{\"@type\":\"ImageObject\",\"inLanguage\":\"sv-SE\",\"@id\":\"https:\/\/buy-prescriptionz.com\/cs\/produkt\/koupit-butalbital-online\/#primaryimage\",\"url\":\"https:\/\/buy-prescriptionz.com\/wp-content\/uploads\/2025\/09\/butalbital.jpg\",\"contentUrl\":\"https:\/\/buy-prescriptionz.com\/wp-content\/uploads\/2025\/09\/butalbital.jpg\",\"width\":400,\"height\":300},{\"@type\":\"BreadcrumbList\",\"@id\":\"https:\/\/buy-prescriptionz.com\/cs\/produkt\/koupit-butalbital-online\/#breadcrumb\",\"itemListElement\":[{\"@type\":\"ListItem\",\"position\":1,\"name\":\"Home\",\"item\":\"https:\/\/buy-prescriptionz.com\/\"},{\"@type\":\"ListItem\",\"position\":2,\"name\":\"Shop Painkillers Online\",\"item\":\"https:\/\/buy-prescriptionz.com\/shop-painkillers-online\/\"},{\"@type\":\"ListItem\",\"position\":3,\"name\":\"Buy Butalbital Online\"}]},{\"@type\":\"WebSite\",\"@id\":\"https:\/\/buy-prescriptionz.com\/#website\",\"url\":\"https:\/\/buy-prescriptionz.com\/\",\"name\":\"Buy Prescriptionz\",\"description\":\"Drugs Online\",\"publisher\":{\"@id\":\"https:\/\/buy-prescriptionz.com\/#organization\"},\"potentialAction\":[{\"@type\":\"SearchAction\",\"target\":{\"@type\":\"EntryPoint\",\"urlTemplate\":\"https:\/\/buy-prescriptionz.com\/?s={search_term_string}\"},\"query-input\":{\"@type\":\"PropertyValueSpecification\",\"valueRequired\":true,\"valueName\":\"search_term_string\"}}],\"inLanguage\":\"sv-SE\"},{\"@type\":\"Organization\",\"@id\":\"https:\/\/buy-prescriptionz.com\/#organization\",\"name\":\"Buy Prescriptionz\",\"url\":\"https:\/\/buy-prescriptionz.com\/\",\"logo\":{\"@type\":\"ImageObject\",\"inLanguage\":\"sv-SE\",\"@id\":\"https:\/\/buy-prescriptionz.com\/#\/schema\/logo\/image\/\",\"url\":\"https:\/\/buy-prescriptionz.com\/wp-content\/uploads\/2023\/09\/logo.png\",\"contentUrl\":\"https:\/\/buy-prescriptionz.com\/wp-content\/uploads\/2023\/09\/logo.png\",\"width\":350,\"height\":64,\"caption\":\"Buy Prescriptionz\"},\"image\":{\"@id\":\"https:\/\/buy-prescriptionz.com\/#\/schema\/logo\/image\/\"}}]}<\/script>\n<!-- \/ Yoast SEO plugin. -->","yoast_head_json":{"title":"K\u00f6p Butalbital Online USA - K\u00f6p Butalbital Online Till Salu - K\u00f6p Recept","description":"Buyprescriptionz.com is an online pharmacy store where you can Buy Butalbital Online at best price without doctor's prescription. Buy Butalbital Online Now with Free & Secure Shipping!","robots":{"index":"index","follow":"follow","max-snippet":"max-snippet:-1","max-image-preview":"max-image-preview:large","max-video-preview":"max-video-preview:-1"},"canonical":"https:\/\/buy-prescriptionz.com\/sv\/produkt\/kop-butalbital-online\/","og_locale":"sv_SE","og_type":"article","og_title":"Buy Butalbital Online USA - Buy Butalbital Online for Sale - Buy Prescriptionz","og_description":"Buyprescriptionz.com is an online pharmacy store where you can Buy Butalbital Online at best price without doctor's prescription. Buy Butalbital Online Now with Free & Secure Shipping!","og_url":"https:\/\/buy-prescriptionz.com\/sv\/produkt\/kop-butalbital-online\/","og_site_name":"Buy Prescriptionz","article_modified_time":"2025-09-20T05:02:59+00:00","og_image":[{"width":400,"height":300,"url":"https:\/\/buy-prescriptionz.com\/wp-content\/uploads\/2025\/09\/butalbital.jpg","type":"image\/jpeg"}],"twitter_card":"summary_large_image","twitter_misc":{"Ber\u00e4knad l\u00e4stid":"3 minuter"},"schema":{"@context":"https:\/\/schema.org","@graph":[{"@type":"WebPage","@id":"https:\/\/buy-prescriptionz.com\/cs\/produkt\/koupit-butalbital-online\/","url":"https:\/\/buy-prescriptionz.com\/cs\/produkt\/koupit-butalbital-online\/","name":"K\u00f6p Butalbital Online USA - K\u00f6p Butalbital Online Till Salu - K\u00f6p Recept","isPartOf":{"@id":"https:\/\/buy-prescriptionz.com\/#website"},"primaryImageOfPage":{"@id":"https:\/\/buy-prescriptionz.com\/cs\/produkt\/koupit-butalbital-online\/#primaryimage"},"image":{"@id":"https:\/\/buy-prescriptionz.com\/cs\/produkt\/koupit-butalbital-online\/#primaryimage"},"thumbnailUrl":"https:\/\/buy-prescriptionz.com\/wp-content\/uploads\/2025\/09\/butalbital.jpg","datePublished":"2025-09-16T08:55:51+00:00","dateModified":"2025-09-20T05:02:59+00:00","description":"Buyprescriptionz.com is an online pharmacy store where you can Buy Butalbital Online at best price without doctor's prescription. Buy Butalbital Online Now with Free & Secure Shipping!","breadcrumb":{"@id":"https:\/\/buy-prescriptionz.com\/cs\/produkt\/koupit-butalbital-online\/#breadcrumb"},"inLanguage":"sv-SE","potentialAction":[{"@type":"ReadAction","target":["https:\/\/buy-prescriptionz.com\/cs\/produkt\/koupit-butalbital-online\/"]}]},{"@type":"ImageObject","inLanguage":"sv-SE","@id":"https:\/\/buy-prescriptionz.com\/cs\/produkt\/koupit-butalbital-online\/#primaryimage","url":"https:\/\/buy-prescriptionz.com\/wp-content\/uploads\/2025\/09\/butalbital.jpg","contentUrl":"https:\/\/buy-prescriptionz.com\/wp-content\/uploads\/2025\/09\/butalbital.jpg","width":400,"height":300},{"@type":"BreadcrumbList","@id":"https:\/\/buy-prescriptionz.com\/cs\/produkt\/koupit-butalbital-online\/#breadcrumb","itemListElement":[{"@type":"ListItem","position":1,"name":"Home","item":"https:\/\/buy-prescriptionz.com\/"},{"@type":"ListItem","position":2,"name":"Shop Painkillers Online","item":"https:\/\/buy-prescriptionz.com\/shop-painkillers-online\/"},{"@type":"ListItem","position":3,"name":"Buy Butalbital Online"}]},{"@type":"WebSite","@id":"https:\/\/buy-prescriptionz.com\/#website","url":"https:\/\/buy-prescriptionz.com\/","name":"Buy Prescriptionz","description":"Droger p\u00e5 n\u00e4tet","publisher":{"@id":"https:\/\/buy-prescriptionz.com\/#organization"},"potentialAction":[{"@type":"SearchAction","target":{"@type":"EntryPoint","urlTemplate":"https:\/\/buy-prescriptionz.com\/?s={search_term_string}"},"query-input":{"@type":"PropertyValueSpecification","valueRequired":true,"valueName":"search_term_string"}}],"inLanguage":"sv-SE"},{"@type":"Organization","@id":"https:\/\/buy-prescriptionz.com\/#organization","name":"Buy Prescriptionz","url":"https:\/\/buy-prescriptionz.com\/","logo":{"@type":"ImageObject","inLanguage":"sv-SE","@id":"https:\/\/buy-prescriptionz.com\/#\/schema\/logo\/image\/","url":"https:\/\/buy-prescriptionz.com\/wp-content\/uploads\/2023\/09\/logo.png","contentUrl":"https:\/\/buy-prescriptionz.com\/wp-content\/uploads\/2023\/09\/logo.png","width":350,"height":64,"caption":"Buy Prescriptionz"},"image":{"@id":"https:\/\/buy-prescriptionz.com\/#\/schema\/logo\/image\/"}}]}},"_links":{"self":[{"href":"https:\/\/buy-prescriptionz.com\/sv\/wp-json\/wp\/v2\/product\/2987","targetHints":{"allow":["GET"]}}],"collection":[{"href":"https:\/\/buy-prescriptionz.com\/sv\/wp-json\/wp\/v2\/product"}],"about":[{"href":"https:\/\/buy-prescriptionz.com\/sv\/wp-json\/wp\/v2\/types\/product"}],"replies":[{"embeddable":true,"href":"https:\/\/buy-prescriptionz.com\/sv\/wp-json\/wp\/v2\/comments?post=2987"}],"wp:featuredmedia":[{"embeddable":true,"href":"https:\/\/buy-prescriptionz.com\/sv\/wp-json\/wp\/v2\/media\/3017"}],"wp:attachment":[{"href":"https:\/\/buy-prescriptionz.com\/sv\/wp-json\/wp\/v2\/media?parent=2987"}],"wp:term":[{"taxonomy":"product_brand","embeddable":true,"href":"https:\/\/buy-prescriptionz.com\/sv\/wp-json\/wp\/v2\/product_brand?post=2987"},{"taxonomy":"product_cat","embeddable":true,"href":"https:\/\/buy-prescriptionz.com\/sv\/wp-json\/wp\/v2\/product_cat?post=2987"},{"taxonomy":"product_tag","embeddable":true,"href":"https:\/\/buy-prescriptionz.com\/sv\/wp-json\/wp\/v2\/product_tag?post=2987"}],"curies":[{"name":"wp","href":"https:\/\/api.w.org\/{rel}","templated":true}]}}