{"id":2988,"date":"2025-09-16T08:55:51","date_gmt":"2025-09-16T08:55:51","guid":{"rendered":"https:\/\/chemsfine.com\/newsite\/?post_type=product&#038;p=2988"},"modified":"2025-09-25T11:11:28","modified_gmt":"2025-09-25T11:11:28","slug":"kop-fenobarbital-online","status":"publish","type":"product","link":"https:\/\/buy-prescriptionz.com\/sv\/produkt\/kop-fenobarbital-online\/","title":{"rendered":"K\u00f6p Phenobarbital online"},"content":{"rendered":"<h2>K\u00f6p Phenobarbital online<\/h2>\n<p>K\u00f6p fenobarbital online. Fenobarbital anses vara ett l\u00e4kemedel mot anfall och \u00e4r det \u00e4ldsta l\u00e4kemedlet mot epilepsi som fortfarande anv\u00e4nds. F\u00f6rdelen med att anv\u00e4nda fenobarbital \u00e4r att det \u00e4r billigt och effektivt att anv\u00e4nda. Det kan stanna kvar i kroppen under l\u00e5ng tid och det \u00e4r av denna anledning som l\u00e4kemedlet stannar kvar i blodet \u00e4ven efter att det bara tas en g\u00e5ng om dagen. L\u00e4kemedlet anv\u00e4nds f\u00f6r att behandla s\u00f6mnl\u00f6shet och det kan ocks\u00e5 anv\u00e4ndas som ett lugnande medel f\u00f6r att behandla symtom som sp\u00e4nning eller \u00e5ngest. Det verkar genom att bromsa hj\u00e4rnan och \u00e4ven nervsystemet. Fenobarbital kan ocks\u00e5 anv\u00e4ndas f\u00f6r att minska bilirubinniv\u00e5erna hos nyf\u00f6dda barn. Det b\u00e4sta fenobarbital \u00e4r ett l\u00e4kemedel som fr\u00e4mst anv\u00e4nds f\u00f6r att kontrollera anfall och hantera \u00e5ngest. Det tillh\u00f6r barbituratklassen och fungerar genom att s\u00e4nka det centrala nervsystemet, vilket g\u00f6r det till ett effektivt antikonvulsivt och lugnande medel.<\/p>\n<p>Fenobarbital verkar genom att bromsa hj\u00e4rnans och nervsystemets aktivitet. Det f\u00f6rskrivs vanligtvis f\u00f6r:<\/p>\n<ul>\n<li>Epilepsibehandling: Fenobarbital \u00e4r mycket effektivt f\u00f6r att minska frekvensen och sv\u00e5righetsgraden av anfall. Det anv\u00e4nds ofta f\u00f6r generaliserade tonisk-kloniska anfall och partiella anfall.<\/li>\n<li>Sedering: Det ger lugnande effekter, vilket g\u00f6r det anv\u00e4ndbart f\u00f6r \u00e5ngestlindring och som preanestetikum.<\/li>\n<li>Behandling av s\u00f6mnl\u00f6shet: P\u00e5 grund av dess lugnande egenskaper kan det hj\u00e4lpa till med korttidsbehandling av sv\u00e5r s\u00f6mnl\u00f6shet.<\/li>\n<li>Abstinenssymtom: Fenobarbital kan anv\u00e4ndas f\u00f6r att hantera abstinenssymtom fr\u00e5n andra barbiturater eller bensodiazepiner.<\/li>\n<\/ul>\n<h3>F\u00f6rdelar<\/h3>\n<ol>\n<li>Effektiv anfallskontroll: Fenobarbital \u00e4r ett av de \u00e4ldsta och mest p\u00e5litliga l\u00e4kemedlen f\u00f6r att kontrollera anfall. Det hj\u00e4lper till att stabilisera den elektriska aktiviteten i hj\u00e4rnan, vilket minskar antalet anfall.<\/li>\n<li>\u00c5ngestlindring: Dess lugnande effekt g\u00f6r den f\u00f6rdelaktig f\u00f6r personer som upplever akut \u00e5ngest, och hj\u00e4lper dem att lugna ner sig och slappna av.<\/li>\n<li>M\u00e5ngsidig anv\u00e4ndning: F\u00f6rutom epilepsi breddar fenobarbitals f\u00f6rm\u00e5ga att fungera som ett lugnande medel och hantera abstinenssymtom dess terapeutiska till\u00e4mpningar.<\/li>\n<li>Kostnadseffektivt: J\u00e4mf\u00f6rt med nyare antiepileptiska l\u00e4kemedel \u00e4r fenobarbital ofta mer \u00f6verkomligt, vilket g\u00f6r det tillg\u00e4ngligt f\u00f6r l\u00e5ngvarig anv\u00e4ndning.<\/li>\n<\/ol>\n<p>Fenobarbital \u00e4r fortfarande en h\u00f6rnsten i behandlingen av anfall och \u00e5ngest, och v\u00e4rderas f\u00f6r sin effektivitet och m\u00e5ngsidighet. Om du letar efter det b\u00e4sta apoteket f\u00f6r att k\u00f6pa fenobarbital, bes\u00f6k <a href=\"http:\/\/buy-prescriptionz.com\/sv\/\">buy-prescriptionz.com<\/a>De erbjuder ett brett utbud av receptbelagda l\u00e4kemedel f\u00f6r att m\u00f6ta dina h\u00e4lsobehov.<\/p>\n<h3>What precautions should one take while using Phenobarbital?<\/h3>\n<p>1. The patient should tell the list of medication which he\/she is already using, to the doctor, before using Phenobarbital for the illness recovery drug<br \/>\n2. If you have any pre-existing diseases like breathing disorders, heart problems, mental instability, impotency, or obesity, which is likely to interact with Phenobarbital and it is for this reason that you should consult your doctor.<br \/>\n3. One should not take alcohol while taking Phenobarbital because it can lead to drowsiness and dizziness<br \/>\n4. Detta l\u00e4kemedel \u00e4r inte s\u00e4kert under graviditet och amning eftersom det kan orsaka komplikationer inte bara hos barnet utan \u00e4ven hos modern. Storleksf\u00f6r\u00e4ndringar av fenobarbital kan inkludera huvudv\u00e4rk, tr\u00f6tthet, kr\u00e4kningar, dubbelseende och l\u00e5ngsam hj\u00e4rtrytm eller andning.<\/p>\n<p>If you want to buy Phenobarbital to treat your illness then you can buy it from buy-prescriptionz.com because they have the medicine available at best price.<\/p>","protected":false},"excerpt":{"rendered":"<p>Buy Phenobarbital Online Buy Phenobarbital Online.Phenobarbital is considered to be a seizure medicine and is the oldest epilepsy medicine which is still in use. The advantage in using phenobarbital is that it is of low cost and it is effective in usage. It can stay in the body for a long time and it is [&hellip;]<\/p>","protected":false},"featured_media":3018,"comment_status":"open","ping_status":"closed","template":"","meta":{"site-sidebar-layout":"default","site-content-layout":"","ast-site-content-layout":"default","site-content-style":"default","site-sidebar-style":"default","ast-global-header-display":"","ast-banner-title-visibility":"","ast-main-header-display":"","ast-hfb-above-header-display":"","ast-hfb-below-header-display":"","ast-hfb-mobile-header-display":"","site-post-title":"","ast-breadcrumbs-content":"","ast-featured-img":"","footer-sml-layout":"","theme-transparent-header-meta":"default","adv-header-id-meta":"","stick-header-meta":"","header-above-stick-meta":"","header-main-stick-meta":"","header-below-stick-meta":"","astra-migrate-meta-layouts":"set","ast-page-background-enabled":"default","ast-page-background-meta":{"desktop":{"background-color":"var(--ast-global-color-4)","background-image":"","background-repeat":"repeat","background-position":"center center","background-size":"auto","background-attachment":"scroll","background-type":"","background-media":"","overlay-type":"","overlay-color":"","overlay-opacity":"","overlay-gradient":""},"tablet":{"background-color":"","background-image":"","background-repeat":"repeat","background-position":"center center","background-size":"auto","background-attachment":"scroll","background-type":"","background-media":"","overlay-type":"","overlay-color":"","overlay-opacity":"","overlay-gradient":""},"mobile":{"background-color":"","background-image":"","background-repeat":"repeat","background-position":"center center","background-size":"auto","background-attachment":"scroll","background-type":"","background-media":"","overlay-type":"","overlay-color":"","overlay-opacity":"","overlay-gradient":""}},"ast-content-background-meta":{"desktop":{"background-color":"var(--ast-global-color-5)","background-image":"","background-repeat":"repeat","background-position":"center center","background-size":"auto","background-attachment":"scroll","background-type":"","background-media":"","overlay-type":"","overlay-color":"","overlay-opacity":"","overlay-gradient":""},"tablet":{"background-color":"var(--ast-global-color-5)","background-image":"","background-repeat":"repeat","background-position":"center center","background-size":"auto","background-attachment":"scroll","background-type":"","background-media":"","overlay-type":"","overlay-color":"","overlay-opacity":"","overlay-gradient":""},"mobile":{"background-color":"var(--ast-global-color-5)","background-image":"","background-repeat":"repeat","background-position":"center center","background-size":"auto","background-attachment":"scroll","background-type":"","background-media":"","overlay-type":"","overlay-color":"","overlay-opacity":"","overlay-gradient":""}}},"product_brand":[],"product_cat":[2381],"product_tag":[1727,1728,1726,1721,1724,1723,1722,1725,1720,1729,1719],"class_list":{"0":"post-2988","1":"product","2":"type-product","3":"status-publish","4":"has-post-thumbnail","6":"product_cat-buy-depressants-and-anxiety-pills-online","7":"product_tag-buy-phenobarbital-in-canada","8":"product_tag-buy-phenobarbital-in-uk","9":"product_tag-buy-phenobarbital-in-usa","10":"product_tag-buy-phenobarbital-with-bitcoin","11":"product_tag-buy-phenobarbital-with-credit-card","12":"product_tag-buy-phenobarbital-with-money-gram","13":"product_tag-buy-phenobarbital-with-western-union","14":"product_tag-buy-phenobarbital-without-a-doctor","15":"product_tag-buy-phenobarbital-without-prescription","16":"product_tag-phenobarbital","17":"product_tag-phenobarbital-for-sale","18":"desktop-align-center","19":"tablet-align-left","20":"mobile-align-left","22":"first","23":"instock","24":"shipping-taxable","25":"purchasable","26":"product-type-variable","27":"has-default-attributes"},"yoast_head":"<!-- This site is optimized with the Yoast SEO plugin v25.9 - https:\/\/yoast.com\/wordpress\/plugins\/seo\/ -->\n<title>Buy Phenobarbital Online USA - Buy Phenobarbital Online for Sale -<\/title>\n<meta name=\"description\" content=\"Buy Phenobarbital Online where you can Buy Phenobarbital Online at best price without doctor&#039;s prescription. Now with Free &amp; Secure Shipping!\" \/>\n<meta name=\"robots\" content=\"index, follow, max-snippet:-1, max-image-preview:large, max-video-preview:-1\" \/>\n<link rel=\"canonical\" href=\"https:\/\/buy-prescriptionz.com\/sv\/produkt\/kop-fenobarbital-online\/\" \/>\n<meta property=\"og:locale\" content=\"sv_SE\" \/>\n<meta property=\"og:type\" content=\"article\" \/>\n<meta property=\"og:title\" content=\"Buy Phenobarbital Online USA - Buy Phenobarbital Online for Sale -\" \/>\n<meta property=\"og:description\" content=\"Buy Phenobarbital Online where you can Buy Phenobarbital Online at best price without doctor&#039;s prescription. Now with Free &amp; Secure Shipping!\" \/>\n<meta property=\"og:url\" content=\"https:\/\/buy-prescriptionz.com\/sv\/produkt\/kop-fenobarbital-online\/\" \/>\n<meta property=\"og:site_name\" content=\"Buy Prescriptionz\" \/>\n<meta property=\"article:modified_time\" content=\"2025-09-25T11:11:28+00:00\" \/>\n<meta property=\"og:image\" content=\"https:\/\/buy-prescriptionz.com\/wp-content\/uploads\/2025\/09\/phenobarbital.jpg\" \/>\n\t<meta property=\"og:image:width\" content=\"400\" \/>\n\t<meta property=\"og:image:height\" content=\"300\" \/>\n\t<meta property=\"og:image:type\" content=\"image\/jpeg\" \/>\n<meta name=\"twitter:card\" content=\"summary_large_image\" \/>\n<meta name=\"twitter:label1\" content=\"Ber\u00e4knad l\u00e4stid\" \/>\n\t<meta name=\"twitter:data1\" content=\"3 minuter\" \/>\n<script type=\"application\/ld+json\" class=\"yoast-schema-graph\">{\"@context\":\"https:\/\/schema.org\",\"@graph\":[{\"@type\":\"WebPage\",\"@id\":\"https:\/\/buy-prescriptionz.com\/product\/buy-phenobarbital-online\/\",\"url\":\"https:\/\/buy-prescriptionz.com\/product\/buy-phenobarbital-online\/\",\"name\":\"Buy Phenobarbital Online USA - Buy Phenobarbital Online for Sale -\",\"isPartOf\":{\"@id\":\"https:\/\/buy-prescriptionz.com\/#website\"},\"primaryImageOfPage\":{\"@id\":\"https:\/\/buy-prescriptionz.com\/product\/buy-phenobarbital-online\/#primaryimage\"},\"image\":{\"@id\":\"https:\/\/buy-prescriptionz.com\/product\/buy-phenobarbital-online\/#primaryimage\"},\"thumbnailUrl\":\"https:\/\/buy-prescriptionz.com\/wp-content\/uploads\/2025\/09\/phenobarbital.jpg\",\"datePublished\":\"2025-09-16T08:55:51+00:00\",\"dateModified\":\"2025-09-25T11:11:28+00:00\",\"description\":\"Buy Phenobarbital Online where you can Buy Phenobarbital Online at best price without doctor's prescription. Now with Free & Secure Shipping!\",\"breadcrumb\":{\"@id\":\"https:\/\/buy-prescriptionz.com\/product\/buy-phenobarbital-online\/#breadcrumb\"},\"inLanguage\":\"sv-SE\",\"potentialAction\":[{\"@type\":\"ReadAction\",\"target\":[\"https:\/\/buy-prescriptionz.com\/product\/buy-phenobarbital-online\/\"]}]},{\"@type\":\"ImageObject\",\"inLanguage\":\"sv-SE\",\"@id\":\"https:\/\/buy-prescriptionz.com\/product\/buy-phenobarbital-online\/#primaryimage\",\"url\":\"https:\/\/buy-prescriptionz.com\/wp-content\/uploads\/2025\/09\/phenobarbital.jpg\",\"contentUrl\":\"https:\/\/buy-prescriptionz.com\/wp-content\/uploads\/2025\/09\/phenobarbital.jpg\",\"width\":400,\"height\":300},{\"@type\":\"BreadcrumbList\",\"@id\":\"https:\/\/buy-prescriptionz.com\/product\/buy-phenobarbital-online\/#breadcrumb\",\"itemListElement\":[{\"@type\":\"ListItem\",\"position\":1,\"name\":\"Home\",\"item\":\"https:\/\/buy-prescriptionz.com\/\"},{\"@type\":\"ListItem\",\"position\":2,\"name\":\"Shop Painkillers Online\",\"item\":\"https:\/\/buy-prescriptionz.com\/shop-painkillers-online\/\"},{\"@type\":\"ListItem\",\"position\":3,\"name\":\"Buy Phenobarbital Online\"}]},{\"@type\":\"WebSite\",\"@id\":\"https:\/\/buy-prescriptionz.com\/#website\",\"url\":\"https:\/\/buy-prescriptionz.com\/\",\"name\":\"Buy Prescriptionz\",\"description\":\"Drugs Online\",\"publisher\":{\"@id\":\"https:\/\/buy-prescriptionz.com\/#organization\"},\"potentialAction\":[{\"@type\":\"SearchAction\",\"target\":{\"@type\":\"EntryPoint\",\"urlTemplate\":\"https:\/\/buy-prescriptionz.com\/?s={search_term_string}\"},\"query-input\":{\"@type\":\"PropertyValueSpecification\",\"valueRequired\":true,\"valueName\":\"search_term_string\"}}],\"inLanguage\":\"sv-SE\"},{\"@type\":\"Organization\",\"@id\":\"https:\/\/buy-prescriptionz.com\/#organization\",\"name\":\"Buy Prescriptionz\",\"url\":\"https:\/\/buy-prescriptionz.com\/\",\"logo\":{\"@type\":\"ImageObject\",\"inLanguage\":\"sv-SE\",\"@id\":\"https:\/\/buy-prescriptionz.com\/#\/schema\/logo\/image\/\",\"url\":\"https:\/\/buy-prescriptionz.com\/wp-content\/uploads\/2023\/09\/logo.png\",\"contentUrl\":\"https:\/\/buy-prescriptionz.com\/wp-content\/uploads\/2023\/09\/logo.png\",\"width\":350,\"height\":64,\"caption\":\"Buy Prescriptionz\"},\"image\":{\"@id\":\"https:\/\/buy-prescriptionz.com\/#\/schema\/logo\/image\/\"}}]}<\/script>\n<!-- \/ Yoast SEO plugin. -->","yoast_head_json":{"title":"K\u00f6p fenobarbital online i USA - K\u00f6p fenobarbital online till salu -","description":"Buy Phenobarbital Online where you can Buy Phenobarbital Online at best price without doctor's prescription. Now with Free & Secure Shipping!","robots":{"index":"index","follow":"follow","max-snippet":"max-snippet:-1","max-image-preview":"max-image-preview:large","max-video-preview":"max-video-preview:-1"},"canonical":"https:\/\/buy-prescriptionz.com\/sv\/produkt\/kop-fenobarbital-online\/","og_locale":"sv_SE","og_type":"article","og_title":"Buy Phenobarbital Online USA - Buy Phenobarbital Online for Sale -","og_description":"Buy Phenobarbital Online where you can Buy Phenobarbital Online at best price without doctor's prescription. Now with Free & Secure Shipping!","og_url":"https:\/\/buy-prescriptionz.com\/sv\/produkt\/kop-fenobarbital-online\/","og_site_name":"Buy Prescriptionz","article_modified_time":"2025-09-25T11:11:28+00:00","og_image":[{"width":400,"height":300,"url":"https:\/\/buy-prescriptionz.com\/wp-content\/uploads\/2025\/09\/phenobarbital.jpg","type":"image\/jpeg"}],"twitter_card":"summary_large_image","twitter_misc":{"Ber\u00e4knad l\u00e4stid":"3 minuter"},"schema":{"@context":"https:\/\/schema.org","@graph":[{"@type":"WebPage","@id":"https:\/\/buy-prescriptionz.com\/product\/buy-phenobarbital-online\/","url":"https:\/\/buy-prescriptionz.com\/product\/buy-phenobarbital-online\/","name":"K\u00f6p fenobarbital online i USA - K\u00f6p fenobarbital online till salu -","isPartOf":{"@id":"https:\/\/buy-prescriptionz.com\/#website"},"primaryImageOfPage":{"@id":"https:\/\/buy-prescriptionz.com\/product\/buy-phenobarbital-online\/#primaryimage"},"image":{"@id":"https:\/\/buy-prescriptionz.com\/product\/buy-phenobarbital-online\/#primaryimage"},"thumbnailUrl":"https:\/\/buy-prescriptionz.com\/wp-content\/uploads\/2025\/09\/phenobarbital.jpg","datePublished":"2025-09-16T08:55:51+00:00","dateModified":"2025-09-25T11:11:28+00:00","description":"Buy Phenobarbital Online where you can Buy Phenobarbital Online at best price without doctor's prescription. Now with Free & Secure Shipping!","breadcrumb":{"@id":"https:\/\/buy-prescriptionz.com\/product\/buy-phenobarbital-online\/#breadcrumb"},"inLanguage":"sv-SE","potentialAction":[{"@type":"ReadAction","target":["https:\/\/buy-prescriptionz.com\/product\/buy-phenobarbital-online\/"]}]},{"@type":"ImageObject","inLanguage":"sv-SE","@id":"https:\/\/buy-prescriptionz.com\/product\/buy-phenobarbital-online\/#primaryimage","url":"https:\/\/buy-prescriptionz.com\/wp-content\/uploads\/2025\/09\/phenobarbital.jpg","contentUrl":"https:\/\/buy-prescriptionz.com\/wp-content\/uploads\/2025\/09\/phenobarbital.jpg","width":400,"height":300},{"@type":"BreadcrumbList","@id":"https:\/\/buy-prescriptionz.com\/product\/buy-phenobarbital-online\/#breadcrumb","itemListElement":[{"@type":"ListItem","position":1,"name":"Home","item":"https:\/\/buy-prescriptionz.com\/"},{"@type":"ListItem","position":2,"name":"Shop Painkillers Online","item":"https:\/\/buy-prescriptionz.com\/shop-painkillers-online\/"},{"@type":"ListItem","position":3,"name":"Buy Phenobarbital Online"}]},{"@type":"WebSite","@id":"https:\/\/buy-prescriptionz.com\/#website","url":"https:\/\/buy-prescriptionz.com\/","name":"Buy Prescriptionz","description":"Droger p\u00e5 n\u00e4tet","publisher":{"@id":"https:\/\/buy-prescriptionz.com\/#organization"},"potentialAction":[{"@type":"SearchAction","target":{"@type":"EntryPoint","urlTemplate":"https:\/\/buy-prescriptionz.com\/?s={search_term_string}"},"query-input":{"@type":"PropertyValueSpecification","valueRequired":true,"valueName":"search_term_string"}}],"inLanguage":"sv-SE"},{"@type":"Organization","@id":"https:\/\/buy-prescriptionz.com\/#organization","name":"Buy Prescriptionz","url":"https:\/\/buy-prescriptionz.com\/","logo":{"@type":"ImageObject","inLanguage":"sv-SE","@id":"https:\/\/buy-prescriptionz.com\/#\/schema\/logo\/image\/","url":"https:\/\/buy-prescriptionz.com\/wp-content\/uploads\/2023\/09\/logo.png","contentUrl":"https:\/\/buy-prescriptionz.com\/wp-content\/uploads\/2023\/09\/logo.png","width":350,"height":64,"caption":"Buy Prescriptionz"},"image":{"@id":"https:\/\/buy-prescriptionz.com\/#\/schema\/logo\/image\/"}}]}},"_links":{"self":[{"href":"https:\/\/buy-prescriptionz.com\/sv\/wp-json\/wp\/v2\/product\/2988","targetHints":{"allow":["GET"]}}],"collection":[{"href":"https:\/\/buy-prescriptionz.com\/sv\/wp-json\/wp\/v2\/product"}],"about":[{"href":"https:\/\/buy-prescriptionz.com\/sv\/wp-json\/wp\/v2\/types\/product"}],"replies":[{"embeddable":true,"href":"https:\/\/buy-prescriptionz.com\/sv\/wp-json\/wp\/v2\/comments?post=2988"}],"wp:featuredmedia":[{"embeddable":true,"href":"https:\/\/buy-prescriptionz.com\/sv\/wp-json\/wp\/v2\/media\/3018"}],"wp:attachment":[{"href":"https:\/\/buy-prescriptionz.com\/sv\/wp-json\/wp\/v2\/media?parent=2988"}],"wp:term":[{"taxonomy":"product_brand","embeddable":true,"href":"https:\/\/buy-prescriptionz.com\/sv\/wp-json\/wp\/v2\/product_brand?post=2988"},{"taxonomy":"product_cat","embeddable":true,"href":"https:\/\/buy-prescriptionz.com\/sv\/wp-json\/wp\/v2\/product_cat?post=2988"},{"taxonomy":"product_tag","embeddable":true,"href":"https:\/\/buy-prescriptionz.com\/sv\/wp-json\/wp\/v2\/product_tag?post=2988"}],"curies":[{"name":"wp","href":"https:\/\/api.w.org\/{rel}","templated":true}]}}