{"id":2989,"date":"2025-09-16T08:55:51","date_gmt":"2025-09-16T08:55:51","guid":{"rendered":"https:\/\/chemsfine.com\/newsite\/?post_type=product&#038;p=2989"},"modified":"2025-09-20T12:16:19","modified_gmt":"2025-09-20T12:16:19","slug":"kop-cbd-hampaolja-online","status":"publish","type":"product","link":"https:\/\/buy-prescriptionz.com\/sv\/produkt\/kop-cbd-hampaolja-online\/","title":{"rendered":"K\u00f6p CBD-hampolja p\u00e5 n\u00e4tet"},"content":{"rendered":"<h2>K\u00f6p CBD-hampolja p\u00e5 n\u00e4tet<\/h2>\n<p>indikerade f\u00f6rdelarna med hampolja som kan lindra m\u00e5nga sjukdomar. Detta l\u00e4kemedel har ett h\u00f6gt inneh\u00e5ll av essentiella fettsyror, omega 3 och omega 6 d\u00e4r hampolja kan anv\u00e4ndas f\u00f6r att \u00f6ka immuniteten, f\u00f6rb\u00e4ttra den kardiovaskul\u00e4ra h\u00e4lsan och \u00e4ven motverka hudens \u00e5ldrande. P\u00e5 grund av marijuanans naturliga krafter finns det skapande och distribution av hampolja. Den <a href=\"https:\/\/en.wikipedia.org\/w\/index.php?sort=relevance&amp;search=Buy+CBD+Hemp+Online&amp;title=Special%3ASearch&amp;profile=advanced&amp;fulltext=1&amp;advancedSearch-current=%7B%7D&amp;ns0=1\">CBD<\/a> som ing\u00e5r i produkten kommer fr\u00e5n en underbar Sativa-v\u00e4xt som \u00e4r cannabis. Detta l\u00e4kemedel har extraherats fr\u00e5n stj\u00e4lken av hampaplantan d\u00e4r det huvudsakligen anv\u00e4nds f\u00f6r sitt CBD-inneh\u00e5ll. P\u00e5 laglig grund m\u00e5ste den ha mindre \u00e4n 0,3 procent THC<\/p>\n<h3>CBD-hampaolja: En \u00f6versikt och f\u00f6rdelar<\/h3>\n<p>CBD-hampaolja utvinns ur hampaplantan, en kusin till marijuanaplantan. Till skillnad fr\u00e5n THC \u00e4r den f\u00f6rening i marijuana som orsakar ett rus, CBD (cannabidiol), icke-psykoaktiv, vilket g\u00f6r den till ett popul\u00e4rt val f\u00f6r dem som s\u00f6ker naturlig lindring utan sinnesf\u00f6r\u00e4ndrande effekter.<\/p>\n<p><strong>Hur CBD-hampaolja fungerar<\/strong><\/p>\n<p>Den b\u00e4sta CBD-en interagerar med kroppens endocannabinoida system, vilket spelar en avg\u00f6rande roll i att reglera olika fysiologiska processer som sm\u00e4rta, hum\u00f6r, aptit och s\u00f6mn. Genom att p\u00e5verka dessa receptorer kan CBD bidra till att uppr\u00e4tth\u00e5lla balans i kroppen.<\/p>\n<p><strong>F\u00f6rdelar med CBD-hampaolja<\/strong><\/p>\n<ol>\n<li>Sm\u00e4rtlindring CBD-hampaolja \u00e4r allm\u00e4nt k\u00e4nd f\u00f6r sina sm\u00e4rtlindrande egenskaper. Den kan hj\u00e4lpa till att lindra kronisk sm\u00e4rta, artrit och muskelv\u00e4rk genom att minska inflammation och interagera med neurotransmittorer.<\/li>\n<li>\u00c5ngest- och stressreducering M\u00e5nga anv\u00e4ndare upplever att CBD hj\u00e4lper till att hantera \u00e5ngest och stress. Det fr\u00e4mjar en k\u00e4nsla av lugn och avslappning utan de lugnande effekter som \u00e4r f\u00f6rknippade med andra behandlingar.<\/li>\n<li>F\u00f6rb\u00e4ttrad s\u00f6mn CBD kan bidra till att f\u00f6rb\u00e4ttra s\u00f6mnkvaliteten och s\u00f6mnl\u00e4ngden. Genom att ta itu med de bakomliggande orsakerna till s\u00f6mnl\u00f6shet, s\u00e5som \u00e5ngest och sm\u00e4rta, hj\u00e4lper CBD anv\u00e4ndare att uppn\u00e5 en mer vilsam s\u00f6mn.<\/li>\n<li>Neurobeskyddande egenskaper Forskning tyder p\u00e5 att CBD kan ha neurobeskyddande egenskaper, vilket potentiellt gynnar personer med neurologiska sjukdomar som epilepsi och multipel skleros. Det kan ocks\u00e5 st\u00f6dja hj\u00e4rnh\u00e4lsan genom att minska oxidativ stress.<\/li>\n<li>CBD-hampaolja f\u00f6r huden anv\u00e4nds ocks\u00e5 i hudv\u00e5rdsprodukter f\u00f6r sina antiinflammatoriska och antioxidativa egenskaper. Den kan hj\u00e4lpa till att hantera akne, eksem och psoriasis, vilket fr\u00e4mjar en friskare hud.<\/li>\n<\/ol>\n<p>CBD-hampaolja erbjuder ett naturligt alternativ f\u00f6r de som s\u00f6ker lindring fr\u00e5n sm\u00e4rta, \u00e5ngest och andra h\u00e4lsoproblem. Dess m\u00e5ngsidiga f\u00f6rdelar g\u00f6r den till ett v\u00e4rdefullt tillskott till h\u00e4lsorutiner.<\/p>\n<p>F\u00f6r h\u00f6gkvalitativ CBD-hampaolja och andra receptbelagda produkter, fr\u00e5n det b\u00e4sta apoteket <a href=\"https:\/\/buy-prescriptionz.com\/sv\/\">buy-prescriptionz.com<\/a>Uppt\u00e4ck det naturliga s\u00e4ttet att f\u00f6rb\u00e4ttra ditt v\u00e4lbefinnande idag.<\/p>\n<p><strong>CBD-olja 500mg Produkt h\u00f6jdpunkter<\/strong><br \/>\n30 ml (1 oz) \/ 30 portioner per flaska<br \/>\nTotalt CBD: 500 mg (16,66 mg per portion)<br \/>\nHampextrakt med fullt spektrum (CBD + andra fytocannabinoider)<br \/>\nKommer fr\u00e5n ekologiskt odlade, icke-GMO, bek\u00e4mpningsmedelsfria hampaplantor.<br \/>\nTestad i oberoende laboratorier f\u00f6r styrka och renhet<br \/>\nInneh\u00e5lls i kallpressad MCT-olja av h\u00f6gsta kvalitet<br \/>\nMindre \u00e4n 0,3% THC (icke-psykoaktiv)<\/p>\n<p><strong>F\u00f6rdelarna CBD Oil Hemp Oil<\/strong><br \/>\nH\u00f6gsta renhetsniv\u00e5, ingen risk f\u00f6r h\u00f6g<br \/>\nV\u00e5r CBD-olja fr\u00e5n hampa inneh\u00e5ller mindre \u00e4n 0,3% THC, vilket g\u00f6r att du kan uppleva en hel rad av cannabisf\u00f6rdelar utan den psykoaktiva effekten.<br \/>\n1. Motverka \u00e5ldrande hud<br \/>\n2. \u00d6ka immuniteten<br \/>\n3. F\u00f6rb\u00e4ttra den kardiovaskul\u00e4ra h\u00e4lsan<\/p>\n<p><strong>Hur man anv\u00e4nder CBD-hampolja<\/strong><\/p>\n<p>De flesta m\u00e4nniskor tar sin CBD-olja sublingualt eftersom det \u00e4r den snabbaste och mest effektiva formen av intag.Fyll droppflaskan med din dos CBD-olja, placera n\u00e5gra droppar under tungan och v\u00e4nta en eller tv\u00e5 minuter s\u00e5 att oljan absorberas genom munnens slemk\u00f6rtlar - sv\u00e4lj sedan.<br \/>\nOm du inte gillar CBD-oljans naturliga smak kan du blanda det fullst\u00e4ndiga extraktet med din mat. Tills\u00e4tt det i en smoothie, shake, salladsdressing, s\u00e5s eller droppa bara n\u00e5gra droppar \u00f6ver din m\u00e5ltid.<\/p>\n<p><strong>Vilka \u00e4r biverkningarna av hampaolja?<\/strong><\/p>\n<p>1. Torr mun<br \/>\n2. L\u00e5gt blodtryck<br \/>\n3. D\u00e5sighet<br \/>\n4. Uppbl\u00e5sthet<br \/>\n5. Illam\u00e5ende<br \/>\n6. Dysfunktion i hj\u00e4rtat<br \/>\n7. Bakterieinfektioner tillv\u00e4xt<\/p>\n<p><strong>Man b\u00f6r upph\u00f6ra med konsumtionen om man drabbas av n\u00e5gon av dessa typer av biverkningar.<\/strong><\/p>\n<h3>Var kan man k\u00f6pa hampaolja p\u00e5 n\u00e4tet?<\/h3>\n<p>Hampa kan k\u00f6pas online p\u00e5 buy-prescriptionz.com<\/p>","protected":false},"excerpt":{"rendered":"<p>Buy CBD Hemp Oil Online Buy CBD Hemp Oil Online.Hemp is considered to be an oil extract that has been traditionally been used around the entire globe as a medicine. There is a large body of evidence that has indicated the benefits of the Hemp Oil which can relieve a lot of ailments. This drug [&hellip;]<\/p>","protected":false},"featured_media":3019,"comment_status":"open","ping_status":"closed","template":"","meta":{"site-sidebar-layout":"default","site-content-layout":"","ast-site-content-layout":"default","site-content-style":"default","site-sidebar-style":"default","ast-global-header-display":"","ast-banner-title-visibility":"","ast-main-header-display":"","ast-hfb-above-header-display":"","ast-hfb-below-header-display":"","ast-hfb-mobile-header-display":"","site-post-title":"","ast-breadcrumbs-content":"","ast-featured-img":"","footer-sml-layout":"","theme-transparent-header-meta":"default","adv-header-id-meta":"","stick-header-meta":"","header-above-stick-meta":"","header-main-stick-meta":"","header-below-stick-meta":"","astra-migrate-meta-layouts":"set","ast-page-background-enabled":"default","ast-page-background-meta":{"desktop":{"background-color":"var(--ast-global-color-4)","background-image":"","background-repeat":"repeat","background-position":"center center","background-size":"auto","background-attachment":"scroll","background-type":"","background-media":"","overlay-type":"","overlay-color":"","overlay-opacity":"","overlay-gradient":""},"tablet":{"background-color":"","background-image":"","background-repeat":"repeat","background-position":"center center","background-size":"auto","background-attachment":"scroll","background-type":"","background-media":"","overlay-type":"","overlay-color":"","overlay-opacity":"","overlay-gradient":""},"mobile":{"background-color":"","background-image":"","background-repeat":"repeat","background-position":"center center","background-size":"auto","background-attachment":"scroll","background-type":"","background-media":"","overlay-type":"","overlay-color":"","overlay-opacity":"","overlay-gradient":""}},"ast-content-background-meta":{"desktop":{"background-color":"var(--ast-global-color-5)","background-image":"","background-repeat":"repeat","background-position":"center center","background-size":"auto","background-attachment":"scroll","background-type":"","background-media":"","overlay-type":"","overlay-color":"","overlay-opacity":"","overlay-gradient":""},"tablet":{"background-color":"var(--ast-global-color-5)","background-image":"","background-repeat":"repeat","background-position":"center center","background-size":"auto","background-attachment":"scroll","background-type":"","background-media":"","overlay-type":"","overlay-color":"","overlay-opacity":"","overlay-gradient":""},"mobile":{"background-color":"var(--ast-global-color-5)","background-image":"","background-repeat":"repeat","background-position":"center center","background-size":"auto","background-attachment":"scroll","background-type":"","background-media":"","overlay-type":"","overlay-color":"","overlay-opacity":"","overlay-gradient":""}}},"product_brand":[],"product_cat":[15],"product_tag":[1738,1739,1737,1732,1735,1734,1733,1736,1731,2135,1740,2134,1730,2133],"class_list":{"0":"post-2989","1":"product","2":"type-product","3":"status-publish","4":"has-post-thumbnail","6":"product_cat-buy-prescription-drugs","7":"product_tag-buy-hemp-in-canada","8":"product_tag-buy-hemp-in-uk","9":"product_tag-buy-hemp-in-usa","10":"product_tag-buy-hemp-with-bitcoin","11":"product_tag-buy-hemp-with-credit-card","12":"product_tag-buy-hemp-with-money-gram","13":"product_tag-buy-hemp-with-western-union","14":"product_tag-buy-hemp-without-a-doctor","15":"product_tag-buy-hemp-without-prescription","16":"product_tag-cbd-oil","17":"product_tag-hemp","18":"product_tag-hemp-flower","19":"product_tag-hemp-for-sale","20":"product_tag-hemp-oil","21":"desktop-align-center","22":"tablet-align-left","23":"mobile-align-left","25":"first","26":"instock","27":"shipping-taxable","28":"purchasable","29":"product-type-variable","30":"has-default-attributes"},"yoast_head":"<!-- This site is optimized with the Yoast SEO plugin v25.9 - https:\/\/yoast.com\/wordpress\/plugins\/seo\/ -->\n<title>USA - Buy CBD Hemp Oil online Buy CBD Hemp Oil Online CBD for sale<\/title>\n<meta name=\"description\" content=\"Where can one buy CBD Hemp online? Buy CBD Hemp Oil Online at best price without doctor&#039;s prescription. Now with Free &amp; Secure Shipping!\" \/>\n<meta name=\"robots\" content=\"index, follow, max-snippet:-1, max-image-preview:large, max-video-preview:-1\" \/>\n<link rel=\"canonical\" href=\"https:\/\/buy-prescriptionz.com\/sv\/produkt\/kop-cbd-hampaolja-online\/\" \/>\n<meta property=\"og:locale\" content=\"sv_SE\" \/>\n<meta property=\"og:type\" content=\"article\" \/>\n<meta property=\"og:title\" content=\"USA - Buy CBD Hemp Oil online Buy CBD Hemp Oil Online CBD for sale\" \/>\n<meta property=\"og:description\" content=\"Where can one buy CBD Hemp online? Buy CBD Hemp Oil Online at best price without doctor&#039;s prescription. Now with Free &amp; Secure Shipping!\" \/>\n<meta property=\"og:url\" content=\"https:\/\/buy-prescriptionz.com\/sv\/produkt\/kop-cbd-hampaolja-online\/\" \/>\n<meta property=\"og:site_name\" content=\"Buy Prescriptionz\" \/>\n<meta property=\"article:modified_time\" content=\"2025-09-20T12:16:19+00:00\" \/>\n<meta property=\"og:image\" content=\"https:\/\/buy-prescriptionz.com\/wp-content\/uploads\/2025\/09\/hemp.jpg\" \/>\n\t<meta property=\"og:image:width\" content=\"400\" \/>\n\t<meta property=\"og:image:height\" content=\"300\" \/>\n\t<meta property=\"og:image:type\" content=\"image\/jpeg\" \/>\n<meta name=\"twitter:card\" content=\"summary_large_image\" \/>\n<meta name=\"twitter:label1\" content=\"Ber\u00e4knad l\u00e4stid\" \/>\n\t<meta name=\"twitter:data1\" content=\"4 minuter\" \/>\n<script type=\"application\/ld+json\" class=\"yoast-schema-graph\">{\"@context\":\"https:\/\/schema.org\",\"@graph\":[{\"@type\":\"WebPage\",\"@id\":\"https:\/\/buy-prescriptionz.com\/product\/buy-cbd-hemp-oil-online\/\",\"url\":\"https:\/\/buy-prescriptionz.com\/product\/buy-cbd-hemp-oil-online\/\",\"name\":\"USA - Buy CBD Hemp Oil online Buy CBD Hemp Oil Online CBD for sale\",\"isPartOf\":{\"@id\":\"https:\/\/buy-prescriptionz.com\/#website\"},\"primaryImageOfPage\":{\"@id\":\"https:\/\/buy-prescriptionz.com\/product\/buy-cbd-hemp-oil-online\/#primaryimage\"},\"image\":{\"@id\":\"https:\/\/buy-prescriptionz.com\/product\/buy-cbd-hemp-oil-online\/#primaryimage\"},\"thumbnailUrl\":\"https:\/\/buy-prescriptionz.com\/wp-content\/uploads\/2025\/09\/hemp.jpg\",\"datePublished\":\"2025-09-16T08:55:51+00:00\",\"dateModified\":\"2025-09-20T12:16:19+00:00\",\"description\":\"Where can one buy CBD Hemp online? Buy CBD Hemp Oil Online at best price without doctor's prescription. Now with Free & Secure Shipping!\",\"breadcrumb\":{\"@id\":\"https:\/\/buy-prescriptionz.com\/product\/buy-cbd-hemp-oil-online\/#breadcrumb\"},\"inLanguage\":\"sv-SE\",\"potentialAction\":[{\"@type\":\"ReadAction\",\"target\":[\"https:\/\/buy-prescriptionz.com\/product\/buy-cbd-hemp-oil-online\/\"]}]},{\"@type\":\"ImageObject\",\"inLanguage\":\"sv-SE\",\"@id\":\"https:\/\/buy-prescriptionz.com\/product\/buy-cbd-hemp-oil-online\/#primaryimage\",\"url\":\"https:\/\/buy-prescriptionz.com\/wp-content\/uploads\/2025\/09\/hemp.jpg\",\"contentUrl\":\"https:\/\/buy-prescriptionz.com\/wp-content\/uploads\/2025\/09\/hemp.jpg\",\"width\":400,\"height\":300},{\"@type\":\"BreadcrumbList\",\"@id\":\"https:\/\/buy-prescriptionz.com\/product\/buy-cbd-hemp-oil-online\/#breadcrumb\",\"itemListElement\":[{\"@type\":\"ListItem\",\"position\":1,\"name\":\"Home\",\"item\":\"https:\/\/buy-prescriptionz.com\/\"},{\"@type\":\"ListItem\",\"position\":2,\"name\":\"Shop Painkillers Online\",\"item\":\"https:\/\/buy-prescriptionz.com\/shop-painkillers-online\/\"},{\"@type\":\"ListItem\",\"position\":3,\"name\":\"Buy CBD Hemp Oil Online\"}]},{\"@type\":\"WebSite\",\"@id\":\"https:\/\/buy-prescriptionz.com\/#website\",\"url\":\"https:\/\/buy-prescriptionz.com\/\",\"name\":\"Buy Prescriptionz\",\"description\":\"Drugs Online\",\"publisher\":{\"@id\":\"https:\/\/buy-prescriptionz.com\/#organization\"},\"potentialAction\":[{\"@type\":\"SearchAction\",\"target\":{\"@type\":\"EntryPoint\",\"urlTemplate\":\"https:\/\/buy-prescriptionz.com\/?s={search_term_string}\"},\"query-input\":{\"@type\":\"PropertyValueSpecification\",\"valueRequired\":true,\"valueName\":\"search_term_string\"}}],\"inLanguage\":\"sv-SE\"},{\"@type\":\"Organization\",\"@id\":\"https:\/\/buy-prescriptionz.com\/#organization\",\"name\":\"Buy Prescriptionz\",\"url\":\"https:\/\/buy-prescriptionz.com\/\",\"logo\":{\"@type\":\"ImageObject\",\"inLanguage\":\"sv-SE\",\"@id\":\"https:\/\/buy-prescriptionz.com\/#\/schema\/logo\/image\/\",\"url\":\"https:\/\/buy-prescriptionz.com\/wp-content\/uploads\/2023\/09\/logo.png\",\"contentUrl\":\"https:\/\/buy-prescriptionz.com\/wp-content\/uploads\/2023\/09\/logo.png\",\"width\":350,\"height\":64,\"caption\":\"Buy Prescriptionz\"},\"image\":{\"@id\":\"https:\/\/buy-prescriptionz.com\/#\/schema\/logo\/image\/\"}}]}<\/script>\n<!-- \/ Yoast SEO plugin. -->","yoast_head_json":{"title":"USA - K\u00f6p CBD-hampolja online K\u00f6p CBD-hampolja online CBD till salu","description":"Var kan man k\u00f6pa CBD-hampan online? K\u00f6p CBD Hemp Oil Online till b\u00e4sta pris utan l\u00e4karrecept. Nu med gratis och s\u00e4ker leverans!","robots":{"index":"index","follow":"follow","max-snippet":"max-snippet:-1","max-image-preview":"max-image-preview:large","max-video-preview":"max-video-preview:-1"},"canonical":"https:\/\/buy-prescriptionz.com\/sv\/produkt\/kop-cbd-hampaolja-online\/","og_locale":"sv_SE","og_type":"article","og_title":"USA - Buy CBD Hemp Oil online Buy CBD Hemp Oil Online CBD for sale","og_description":"Where can one buy CBD Hemp online? Buy CBD Hemp Oil Online at best price without doctor's prescription. Now with Free & Secure Shipping!","og_url":"https:\/\/buy-prescriptionz.com\/sv\/produkt\/kop-cbd-hampaolja-online\/","og_site_name":"Buy Prescriptionz","article_modified_time":"2025-09-20T12:16:19+00:00","og_image":[{"width":400,"height":300,"url":"https:\/\/buy-prescriptionz.com\/wp-content\/uploads\/2025\/09\/hemp.jpg","type":"image\/jpeg"}],"twitter_card":"summary_large_image","twitter_misc":{"Ber\u00e4knad l\u00e4stid":"4 minuter"},"schema":{"@context":"https:\/\/schema.org","@graph":[{"@type":"WebPage","@id":"https:\/\/buy-prescriptionz.com\/product\/buy-cbd-hemp-oil-online\/","url":"https:\/\/buy-prescriptionz.com\/product\/buy-cbd-hemp-oil-online\/","name":"USA - K\u00f6p CBD-hampolja online K\u00f6p CBD-hampolja online CBD till salu","isPartOf":{"@id":"https:\/\/buy-prescriptionz.com\/#website"},"primaryImageOfPage":{"@id":"https:\/\/buy-prescriptionz.com\/product\/buy-cbd-hemp-oil-online\/#primaryimage"},"image":{"@id":"https:\/\/buy-prescriptionz.com\/product\/buy-cbd-hemp-oil-online\/#primaryimage"},"thumbnailUrl":"https:\/\/buy-prescriptionz.com\/wp-content\/uploads\/2025\/09\/hemp.jpg","datePublished":"2025-09-16T08:55:51+00:00","dateModified":"2025-09-20T12:16:19+00:00","description":"Var kan man k\u00f6pa CBD-hampan online? K\u00f6p CBD Hemp Oil Online till b\u00e4sta pris utan l\u00e4karrecept. Nu med gratis och s\u00e4ker leverans!","breadcrumb":{"@id":"https:\/\/buy-prescriptionz.com\/product\/buy-cbd-hemp-oil-online\/#breadcrumb"},"inLanguage":"sv-SE","potentialAction":[{"@type":"ReadAction","target":["https:\/\/buy-prescriptionz.com\/product\/buy-cbd-hemp-oil-online\/"]}]},{"@type":"ImageObject","inLanguage":"sv-SE","@id":"https:\/\/buy-prescriptionz.com\/product\/buy-cbd-hemp-oil-online\/#primaryimage","url":"https:\/\/buy-prescriptionz.com\/wp-content\/uploads\/2025\/09\/hemp.jpg","contentUrl":"https:\/\/buy-prescriptionz.com\/wp-content\/uploads\/2025\/09\/hemp.jpg","width":400,"height":300},{"@type":"BreadcrumbList","@id":"https:\/\/buy-prescriptionz.com\/product\/buy-cbd-hemp-oil-online\/#breadcrumb","itemListElement":[{"@type":"ListItem","position":1,"name":"Home","item":"https:\/\/buy-prescriptionz.com\/"},{"@type":"ListItem","position":2,"name":"Shop Painkillers Online","item":"https:\/\/buy-prescriptionz.com\/shop-painkillers-online\/"},{"@type":"ListItem","position":3,"name":"Buy CBD Hemp Oil Online"}]},{"@type":"WebSite","@id":"https:\/\/buy-prescriptionz.com\/#website","url":"https:\/\/buy-prescriptionz.com\/","name":"Buy Prescriptionz","description":"Droger p\u00e5 n\u00e4tet","publisher":{"@id":"https:\/\/buy-prescriptionz.com\/#organization"},"potentialAction":[{"@type":"SearchAction","target":{"@type":"EntryPoint","urlTemplate":"https:\/\/buy-prescriptionz.com\/?s={search_term_string}"},"query-input":{"@type":"PropertyValueSpecification","valueRequired":true,"valueName":"search_term_string"}}],"inLanguage":"sv-SE"},{"@type":"Organization","@id":"https:\/\/buy-prescriptionz.com\/#organization","name":"Buy Prescriptionz","url":"https:\/\/buy-prescriptionz.com\/","logo":{"@type":"ImageObject","inLanguage":"sv-SE","@id":"https:\/\/buy-prescriptionz.com\/#\/schema\/logo\/image\/","url":"https:\/\/buy-prescriptionz.com\/wp-content\/uploads\/2023\/09\/logo.png","contentUrl":"https:\/\/buy-prescriptionz.com\/wp-content\/uploads\/2023\/09\/logo.png","width":350,"height":64,"caption":"Buy Prescriptionz"},"image":{"@id":"https:\/\/buy-prescriptionz.com\/#\/schema\/logo\/image\/"}}]}},"_links":{"self":[{"href":"https:\/\/buy-prescriptionz.com\/sv\/wp-json\/wp\/v2\/product\/2989","targetHints":{"allow":["GET"]}}],"collection":[{"href":"https:\/\/buy-prescriptionz.com\/sv\/wp-json\/wp\/v2\/product"}],"about":[{"href":"https:\/\/buy-prescriptionz.com\/sv\/wp-json\/wp\/v2\/types\/product"}],"replies":[{"embeddable":true,"href":"https:\/\/buy-prescriptionz.com\/sv\/wp-json\/wp\/v2\/comments?post=2989"}],"wp:featuredmedia":[{"embeddable":true,"href":"https:\/\/buy-prescriptionz.com\/sv\/wp-json\/wp\/v2\/media\/3019"}],"wp:attachment":[{"href":"https:\/\/buy-prescriptionz.com\/sv\/wp-json\/wp\/v2\/media?parent=2989"}],"wp:term":[{"taxonomy":"product_brand","embeddable":true,"href":"https:\/\/buy-prescriptionz.com\/sv\/wp-json\/wp\/v2\/product_brand?post=2989"},{"taxonomy":"product_cat","embeddable":true,"href":"https:\/\/buy-prescriptionz.com\/sv\/wp-json\/wp\/v2\/product_cat?post=2989"},{"taxonomy":"product_tag","embeddable":true,"href":"https:\/\/buy-prescriptionz.com\/sv\/wp-json\/wp\/v2\/product_tag?post=2989"}],"curies":[{"name":"wp","href":"https:\/\/api.w.org\/{rel}","templated":true}]}}