{"id":2991,"date":"2025-09-16T08:55:52","date_gmt":"2025-09-16T08:55:52","guid":{"rendered":"https:\/\/chemsfine.com\/newsite\/?post_type=product&#038;p=2991"},"modified":"2025-09-21T08:53:53","modified_gmt":"2025-09-21T08:53:53","slug":"kop-fentanyl-plaster-online","status":"publish","type":"product","link":"https:\/\/buy-prescriptionz.com\/sv\/produkt\/kop-fentanyl-plaster-online\/","title":{"rendered":"K\u00f6p Fentanyl Patch online"},"content":{"rendered":"<h2>K\u00d6P FENTANYL-PL\u00c5STER ONLINE<\/h2>\n<p>K\u00d6PA FENTANYLPLATCH ONLINE K\u00f6p Fentanylpl\u00e5ster online Fentanylpl\u00e5ster anv\u00e4nds f\u00f6r att lindra sv\u00e5r sm\u00e4rta hos personer som f\u00f6rv\u00e4ntas beh\u00f6va sm\u00e4rtlindring dygnet runt under l\u00e5ng tid och som inte kan behandlas med andra mediciner. Fentanyl ing\u00e5r i en klass av l\u00e4kemedel som kallas opiatanalgetika (narkotiska analgetika). Det kan fungera ...<\/p>\n<h3>FENTANYL-PL\u00c5STERNAS FUNKTIONER<\/h3>\n<p>Fentanyl kommer som ett pl\u00e5ster som appliceras direkt p\u00e5 huden. Detta appliceras vanligtvis p\u00e5 huden var 72:e timme. Byt pl\u00e5ster ungef\u00e4r samma tid p\u00e5 dagen varje g\u00e5ng du byter det. F\u00f6lj anvisningarna p\u00e5 din receptetikett mycket noggrant och be din l\u00e4kare att f\u00f6rklara om du inte f\u00f6rst\u00e5r n\u00e5got. Applicera fentanylpl\u00e5ster exakt enligt anvisningarna.<\/p>\n<p>Fentanylpl\u00e5ster \u00e4r sj\u00e4lvh\u00e4ftande pl\u00e5ster som appliceras p\u00e5 huden f\u00f6r att avge en kontrollerad dos fentanyl \u00f6ver en tidsperiod. Fentanyl \u00e4r en kraftfull syntetisk opioid som anv\u00e4nds f\u00f6r att behandla m\u00e5ttlig till sv\u00e5r sm\u00e4rta. Pl\u00e5stren finns i olika styrkor, med h\u00f6gre doser vanligtvis reserverade f\u00f6r patienter som har utvecklat tolerans mot andra sm\u00e4rtstillande l\u00e4kemedel.<\/p>\n<h3>Hur fungerar fentanylpl\u00e5ster?<\/h3>\n<p>N\u00e4r det b\u00e4sta Fentanyl-pl\u00e5stret appliceras p\u00e5 huden absorberas l\u00e4kemedlet genom huden och ut i blodomloppet. D\u00e4rifr\u00e5n f\u00e4rdas det till centrala nervsystemet, d\u00e4r det binder till specifika receptorer i hj\u00e4rnan och ryggm\u00e4rgen. Denna bindningsverkan hj\u00e4lper till att blockera sm\u00e4rtsignaler och ger lindring till individen som b\u00e4r pl\u00e5stret.<\/p>\n<h3>F\u00f6rdelar med att anv\u00e4nda fentanylpl\u00e5ster<\/h3>\n<h3>1. L\u00e5ngvarig lindring<\/h3>\n<p>En av de viktigaste f\u00f6rdelarna med att anv\u00e4nda Fentanyl-pl\u00e5ster \u00e4r att de ger l\u00e5ngvarig lindring av kronisk sm\u00e4rta. Till skillnad fr\u00e5n orala l\u00e4kemedel som beh\u00f6ver tas flera g\u00e5nger om dagen beh\u00f6ver Fentanyl-pl\u00e5ster bara appliceras en g\u00e5ng var 72:e timme, vilket g\u00f6r dem till ett bekv\u00e4mt alternativ f\u00f6r personer med hektiska scheman.<\/p>\n<h3>2. Kontrollerad dosering<\/h3>\n<p>Fentanylpl\u00e5ster ger en j\u00e4mn dos l\u00e4kemedel under en l\u00e4ngre period, vilket s\u00e4kerst\u00e4ller att individen f\u00e5r j\u00e4mn sm\u00e4rtlindring. Denna kontrollerade dosering kan bidra till att f\u00f6rhindra de upp- och nedg\u00e5ngar som \u00e4r f\u00f6rknippade med andra former av sm\u00e4rtstillande l\u00e4kemedel, vilket leder till en mer stabil symtomhantering.<\/p>\n<h3>3. Minskad risk f\u00f6r biverkningar<\/h3>\n<p>Eftersom Fentanyl-pl\u00e5ster passerar f\u00f6rbi mag-tarmsystemet kan de minska risken f\u00f6r vanliga biverkningar som illam\u00e5ende och magbesv\u00e4r. Detta kan vara s\u00e4rskilt f\u00f6rdelaktigt f\u00f6r patienter som har k\u00e4nsliga magar eller som inte t\u00e5l traditionella orala sm\u00e4rtstillande l\u00e4kemedel.<\/p>\n<h3>4. F\u00f6rb\u00e4ttrad livskvalitet<\/h3>\n<p>Genom att ge effektiv sm\u00e4rtlindring kan Fentanyl-pl\u00e5ster hj\u00e4lpa individer att \u00e5terf\u00e5 sin livskvalitet och delta i dagliga aktiviteter som kan ha begr\u00e4nsats av kronisk sm\u00e4rta. Denna f\u00f6rb\u00e4ttrade funktionalitet kan leda till b\u00e4ttre psykisk h\u00e4lsa och allm\u00e4nt v\u00e4lbefinnande.<\/p>\n<h2>Anv\u00e4ndning och f\u00f6rsiktighets\u00e5tg\u00e4rder<\/h2>\n<p>N\u00e4r du anv\u00e4nder Fentanyl-pl\u00e5ster \u00e4r det viktigt att du noggrant f\u00f6ljer din v\u00e5rdgivares instruktioner. Pl\u00e5stren ska appliceras p\u00e5 ren, torr hud och roteras till olika delar av kroppen f\u00f6r att f\u00f6rhindra hudirritation. Det \u00e4r avg\u00f6rande att undvika att uts\u00e4tta pl\u00e5stret f\u00f6r v\u00e4rmek\u00e4llor som v\u00e4rmedynor eller bubbelbad, eftersom detta kan \u00f6ka l\u00e4kemedelsabsorptionshastigheten och leda till \u00f6verdosering.<br \/>\nDet \u00e4r ocks\u00e5 viktigt att f\u00f6rvara Fentanyl-pl\u00e5ster s\u00e4kert utom r\u00e4ckh\u00e5ll f\u00f6r barn och husdjur, eftersom oavsiktligt intag kan vara d\u00f6dligt. Om du upplever tecken p\u00e5 en \u00f6verdos, s\u00e5som andningssv\u00e5righeter eller extrem d\u00e5sighet, s\u00f6k omedelbart l\u00e4karv\u00e5rd.<\/p>\n<p>Fentanylpl\u00e5ster erbjuder ett v\u00e4rdefullt behandlingsalternativ f\u00f6r personer som lider av kronisk sm\u00e4rta. Genom att ge l\u00e5ngvarig lindring, kontrollerad dosering och f\u00f6rb\u00e4ttrad livskvalitet kan dessa pl\u00e5ster g\u00f6ra en betydande skillnad i livet f\u00f6r dem som k\u00e4mpar med p\u00e5g\u00e5ende sm\u00e4rtproblem. Om du tror att Fentanylpl\u00e5ster kan vara ett l\u00e4mpligt alternativ f\u00f6r dig, r\u00e5dfr\u00e5ga din v\u00e5rdgivare f\u00f6r att diskutera de potentiella f\u00f6rdelarna och riskerna som \u00e4r f\u00f6rknippade med denna form av sm\u00e4rtlindring.<br \/>\nF\u00f6r mer information om att k\u00f6pa Fentanyl-pl\u00e5ster och andra receptbelagda l\u00e4kemedel online, bes\u00f6k det b\u00e4sta apoteket\u00a0<a href=\"https:\/\/buy-prescriptionz.com\/sv\/\">buy-prescriptionz.com<\/a>\u00a0today!<\/p>\n<h3>F\u00d6RSIKTIGHETS\u00c5TG\u00c4RDER MED FENTANYLPL\u00c5STERK\u00f6p Fentanylpl\u00e5ster Online<\/h3>\n<p>K\u00f6p Fentanylpl\u00e5ster online, Fentanylpl\u00e5ster \u00e4r endast avsedda f\u00f6r anv\u00e4ndning p\u00e5 huden. Placera inte pl\u00e5stren i munnen och tugga eller sv\u00e4lj inte pl\u00e5stren.<br \/>\nTala om f\u00f6r din l\u00e4kare och apotekspersonal om du \u00e4r allergisk mot fentanyl, andra l\u00e4kemedel eller n\u00e5got av inneh\u00e5lls\u00e4mnena i fentanylpl\u00e5ster. Fr\u00e5ga din l\u00e4kare eller apotekspersonal eller kontrollera l\u00e4kemedelsguiden f\u00f6r en lista \u00f6ver ingredienserna.<\/p>\n<h3>F\u00d6LJANDE \u00c4R BIVERKNINGARNA AV FENTANYLPL\u00c5STER<\/h3>\n<p>Illam\u00e5ende, kr\u00e4kningar, ostadighetsk\u00e4nsla, f\u00f6rstoppning, yrsel, d\u00e5sighet eller huvudv\u00e4rk kan f\u00f6rekomma. Kl\u00e5da, mild irritation eller rodnad vid appliceringsst\u00e4llet kan ocks\u00e5 f\u00f6rekomma. Vissa av dessa biverkningar kan minska efter att du har anv\u00e4nt detta l\u00e4kemedel ett tag. Om n\u00e5gon av dessa biverkningar kvarst\u00e5r eller f\u00f6rv\u00e4rras, kontakta din l\u00e4kare eller apotekspersonal omedelbart.<\/p>\n<h3>MISSAD DOS<\/h3>\n<p>Om du gl\u00f6mmer att ta fentanylpl\u00e5ster, s\u00e4tta p\u00e5 pl\u00e5stret s\u00e5 snart du kommer ih\u00e5g det. Var noga med att ta bort det anv\u00e4nda pl\u00e5stret innan du s\u00e4tter p\u00e5 ett nytt pl\u00e5ster. Anv\u00e4nd det nya pl\u00e5stret under den tid som din l\u00e4kare har ordinerat och s\u00e4tt sedan tillbaka det. Anv\u00e4nd inte tv\u00e5 pl\u00e5ster samtidigt om inte din l\u00e4kare har ordinerat det.<\/p>\n<h3>\u00d6VERDOS AV FENTANYLPL\u00c5STER<\/h3>\n<p>\u00d6verdosering orsakar ibland andningsdepression, koma, slapphet i skelettmuskulaturen, kall och fuktig hud, sammandragna pupiller och ibland bradykardi, hypotoni och d\u00f6dsfall. \u00c4ven vid f\u00f6rb\u00e4ttring kr\u00e4vs fortsatt medicinsk \u00f6vervakning p\u00e5 grund av risken f\u00f6r l\u00e5ngvariga effekter. D\u00f6dsfall p\u00e5 grund av \u00f6verdosering har rapporterats vid missbruk och felaktig anv\u00e4ndning av DURAGESIC.<\/p>\n<h3>F\u00d6RVARING AV FENTANYLPL\u00c5STER<\/h3>\n<p>FDA rekommenderar att man kasserar anv\u00e4nda pl\u00e5ster genom att vika dem p\u00e5 mitten med de klibbiga sidorna mot varandra och sedan spola ner dem i toaletten. De ska inte sl\u00e4ngas i hush\u00e5llssoporna d\u00e4r dina barn eller husdjur kan hitta dem.<\/p>\n<h3>VAR KAN MAN K\u00d6PA FENTANYL-PL\u00c5STER ONLINE?<\/h3>\n<p>Det \u00e4r viktigt att ha en lista \u00f6ver receptbelagda l\u00e4kemedel du tar, s\u00e5v\u00e4l som andra produkter som vitaminer, mineraler eller andra kosttillskott. Du b\u00f6r ta med dig listan varje g\u00e5ng du bes\u00f6ker din l\u00e4kare eller om du l\u00e4ggs in p\u00e5 sjukhus. Det \u00e4r ocks\u00e5 viktig medicinsk information att ha med sig i h\u00e4ndelse av en n\u00f6dsituation. K\u00f6p Fentanylpl\u00e5ster fr\u00e5n buyprescriptionz till din d\u00f6rr till b\u00e4sta pris.<\/p>","protected":false},"excerpt":{"rendered":"<p>BUY FENTANYL PATCH ONLINE Buy Fentanyl Patch Online\u00a0Fentanyl patches are used to relieve severe pain in people who are expected to need pain medication around the clock for a long time and who cannot be treated with other medications. Fentanyl is in a class of medications which is called opiate (narcotic) analgesics. It can works [&hellip;]<\/p>","protected":false},"featured_media":3021,"comment_status":"open","ping_status":"closed","template":"","meta":{"site-sidebar-layout":"default","site-content-layout":"","ast-site-content-layout":"default","site-content-style":"default","site-sidebar-style":"default","ast-global-header-display":"","ast-banner-title-visibility":"","ast-main-header-display":"","ast-hfb-above-header-display":"","ast-hfb-below-header-display":"","ast-hfb-mobile-header-display":"","site-post-title":"","ast-breadcrumbs-content":"","ast-featured-img":"","footer-sml-layout":"","theme-transparent-header-meta":"default","adv-header-id-meta":"","stick-header-meta":"","header-above-stick-meta":"","header-main-stick-meta":"","header-below-stick-meta":"","astra-migrate-meta-layouts":"set","ast-page-background-enabled":"default","ast-page-background-meta":{"desktop":{"background-color":"var(--ast-global-color-4)","background-image":"","background-repeat":"repeat","background-position":"center center","background-size":"auto","background-attachment":"scroll","background-type":"","background-media":"","overlay-type":"","overlay-color":"","overlay-opacity":"","overlay-gradient":""},"tablet":{"background-color":"","background-image":"","background-repeat":"repeat","background-position":"center center","background-size":"auto","background-attachment":"scroll","background-type":"","background-media":"","overlay-type":"","overlay-color":"","overlay-opacity":"","overlay-gradient":""},"mobile":{"background-color":"","background-image":"","background-repeat":"repeat","background-position":"center center","background-size":"auto","background-attachment":"scroll","background-type":"","background-media":"","overlay-type":"","overlay-color":"","overlay-opacity":"","overlay-gradient":""}},"ast-content-background-meta":{"desktop":{"background-color":"var(--ast-global-color-5)","background-image":"","background-repeat":"repeat","background-position":"center center","background-size":"auto","background-attachment":"scroll","background-type":"","background-media":"","overlay-type":"","overlay-color":"","overlay-opacity":"","overlay-gradient":""},"tablet":{"background-color":"var(--ast-global-color-5)","background-image":"","background-repeat":"repeat","background-position":"center center","background-size":"auto","background-attachment":"scroll","background-type":"","background-media":"","overlay-type":"","overlay-color":"","overlay-opacity":"","overlay-gradient":""},"mobile":{"background-color":"var(--ast-global-color-5)","background-image":"","background-repeat":"repeat","background-position":"center center","background-size":"auto","background-attachment":"scroll","background-type":"","background-media":"","overlay-type":"","overlay-color":"","overlay-opacity":"","overlay-gradient":""}}},"product_brand":[],"product_cat":[2382],"product_tag":[1557,1558,1556,1551,1554,1553,1552,1555,1550,2187,2185,2186,2188,1549,2189,1560,1559,2182,2183,2184],"class_list":{"0":"post-2991","1":"product","2":"type-product","3":"status-publish","4":"has-post-thumbnail","6":"product_cat-buy-opioids-online","7":"product_tag-buy-fentanyl-patch-in-canada","8":"product_tag-buy-fentanyl-patch-in-uk","9":"product_tag-buy-fentanyl-patch-in-usa","10":"product_tag-buy-fentanyl-patch-with-bitcoin","11":"product_tag-buy-fentanyl-patch-with-credit-card","12":"product_tag-buy-fentanyl-patch-with-money-gram","13":"product_tag-buy-fentanyl-patch-with-western-union","14":"product_tag-buy-fentanyl-patch-without-a-doctor","15":"product_tag-buy-fentanyl-patch-without-prescription","16":"product_tag-fentanyl-buy-uk","17":"product_tag-fentanyl-patch-dosage","18":"product_tag-fentanyl-patch-dose-sizes","19":"product_tag-fentanyl-patch-for-back-pain","20":"product_tag-fentanyl-patch-for-sale","21":"product_tag-fentanyl-patch-onset","22":"product_tag-fentanyl-patch-pills","23":"product_tag-fentanyl-patch-tablets","24":"product_tag-fentanyl-patch-uk","25":"product_tag-fentanyl-patches-to-buy-uk","26":"product_tag-fentanyl-transdermal-patch","27":"desktop-align-center","28":"tablet-align-left","29":"mobile-align-left","31":"first","32":"instock","33":"shipping-taxable","34":"purchasable","35":"product-type-variable"},"yoast_head":"<!-- This site is optimized with the Yoast SEO plugin v25.9 - https:\/\/yoast.com\/wordpress\/plugins\/seo\/ -->\n<title>Buy Fentanyl Patch Online - Fentanyl for Sale | Fentanyl Store<\/title>\n<meta name=\"description\" content=\"Buy Fentanyl Patch Online,Fentanyl Powder is fentanyl supplier specializing in patches, powder, pills, lozenges and injection solutions.\" \/>\n<meta name=\"robots\" content=\"index, follow, max-snippet:-1, max-image-preview:large, max-video-preview:-1\" \/>\n<link rel=\"canonical\" href=\"https:\/\/buy-prescriptionz.com\/sv\/produkt\/kop-fentanyl-plaster-online\/\" \/>\n<meta property=\"og:locale\" content=\"sv_SE\" \/>\n<meta property=\"og:type\" content=\"article\" \/>\n<meta property=\"og:title\" content=\"Buy Fentanyl Patch Online - Fentanyl for Sale | Fentanyl Store\" \/>\n<meta property=\"og:description\" content=\"Buy Fentanyl Patch Online,Fentanyl Powder is fentanyl supplier specializing in patches, powder, pills, lozenges and injection solutions.\" \/>\n<meta property=\"og:url\" content=\"https:\/\/buy-prescriptionz.com\/sv\/produkt\/kop-fentanyl-plaster-online\/\" \/>\n<meta property=\"og:site_name\" content=\"Buy Prescriptionz\" \/>\n<meta property=\"article:modified_time\" content=\"2025-09-21T08:53:53+00:00\" \/>\n<meta property=\"og:image\" content=\"https:\/\/buy-prescriptionz.com\/wp-content\/uploads\/2025\/09\/fentanyl-patch.jpg\" \/>\n\t<meta property=\"og:image:width\" content=\"400\" \/>\n\t<meta property=\"og:image:height\" content=\"300\" \/>\n\t<meta property=\"og:image:type\" content=\"image\/jpeg\" \/>\n<meta name=\"twitter:card\" content=\"summary_large_image\" \/>\n<meta name=\"twitter:label1\" content=\"Ber\u00e4knad l\u00e4stid\" \/>\n\t<meta name=\"twitter:data1\" content=\"5 minuter\" \/>\n<script type=\"application\/ld+json\" class=\"yoast-schema-graph\">{\"@context\":\"https:\/\/schema.org\",\"@graph\":[{\"@type\":\"WebPage\",\"@id\":\"https:\/\/buy-prescriptionz.com\/product\/buy-fentanyl-patch-online\/\",\"url\":\"https:\/\/buy-prescriptionz.com\/product\/buy-fentanyl-patch-online\/\",\"name\":\"Buy Fentanyl Patch Online - Fentanyl for Sale | Fentanyl Store\",\"isPartOf\":{\"@id\":\"https:\/\/buy-prescriptionz.com\/#website\"},\"primaryImageOfPage\":{\"@id\":\"https:\/\/buy-prescriptionz.com\/product\/buy-fentanyl-patch-online\/#primaryimage\"},\"image\":{\"@id\":\"https:\/\/buy-prescriptionz.com\/product\/buy-fentanyl-patch-online\/#primaryimage\"},\"thumbnailUrl\":\"https:\/\/buy-prescriptionz.com\/wp-content\/uploads\/2025\/09\/fentanyl-patch.jpg\",\"datePublished\":\"2025-09-16T08:55:52+00:00\",\"dateModified\":\"2025-09-21T08:53:53+00:00\",\"description\":\"Buy Fentanyl Patch Online,Fentanyl Powder is fentanyl supplier specializing in patches, powder, pills, lozenges and injection solutions.\",\"breadcrumb\":{\"@id\":\"https:\/\/buy-prescriptionz.com\/product\/buy-fentanyl-patch-online\/#breadcrumb\"},\"inLanguage\":\"sv-SE\",\"potentialAction\":[{\"@type\":\"ReadAction\",\"target\":[\"https:\/\/buy-prescriptionz.com\/product\/buy-fentanyl-patch-online\/\"]}]},{\"@type\":\"ImageObject\",\"inLanguage\":\"sv-SE\",\"@id\":\"https:\/\/buy-prescriptionz.com\/product\/buy-fentanyl-patch-online\/#primaryimage\",\"url\":\"https:\/\/buy-prescriptionz.com\/wp-content\/uploads\/2025\/09\/fentanyl-patch.jpg\",\"contentUrl\":\"https:\/\/buy-prescriptionz.com\/wp-content\/uploads\/2025\/09\/fentanyl-patch.jpg\",\"width\":400,\"height\":300},{\"@type\":\"BreadcrumbList\",\"@id\":\"https:\/\/buy-prescriptionz.com\/product\/buy-fentanyl-patch-online\/#breadcrumb\",\"itemListElement\":[{\"@type\":\"ListItem\",\"position\":1,\"name\":\"Home\",\"item\":\"https:\/\/buy-prescriptionz.com\/\"},{\"@type\":\"ListItem\",\"position\":2,\"name\":\"Shop Painkillers Online\",\"item\":\"https:\/\/buy-prescriptionz.com\/shop-painkillers-online\/\"},{\"@type\":\"ListItem\",\"position\":3,\"name\":\"Buy Fentanyl Patch Online\"}]},{\"@type\":\"WebSite\",\"@id\":\"https:\/\/buy-prescriptionz.com\/#website\",\"url\":\"https:\/\/buy-prescriptionz.com\/\",\"name\":\"Buy Prescriptionz\",\"description\":\"Drugs Online\",\"publisher\":{\"@id\":\"https:\/\/buy-prescriptionz.com\/#organization\"},\"potentialAction\":[{\"@type\":\"SearchAction\",\"target\":{\"@type\":\"EntryPoint\",\"urlTemplate\":\"https:\/\/buy-prescriptionz.com\/?s={search_term_string}\"},\"query-input\":{\"@type\":\"PropertyValueSpecification\",\"valueRequired\":true,\"valueName\":\"search_term_string\"}}],\"inLanguage\":\"sv-SE\"},{\"@type\":\"Organization\",\"@id\":\"https:\/\/buy-prescriptionz.com\/#organization\",\"name\":\"Buy Prescriptionz\",\"url\":\"https:\/\/buy-prescriptionz.com\/\",\"logo\":{\"@type\":\"ImageObject\",\"inLanguage\":\"sv-SE\",\"@id\":\"https:\/\/buy-prescriptionz.com\/#\/schema\/logo\/image\/\",\"url\":\"https:\/\/buy-prescriptionz.com\/wp-content\/uploads\/2023\/09\/logo.png\",\"contentUrl\":\"https:\/\/buy-prescriptionz.com\/wp-content\/uploads\/2023\/09\/logo.png\",\"width\":350,\"height\":64,\"caption\":\"Buy Prescriptionz\"},\"image\":{\"@id\":\"https:\/\/buy-prescriptionz.com\/#\/schema\/logo\/image\/\"}}]}<\/script>\n<!-- \/ Yoast SEO plugin. -->","yoast_head_json":{"title":"K\u00f6p Fentanylpl\u00e5ster Online - Fentanyl till salu | Fentanylbutik","description":"K\u00f6p Fentanylpl\u00e5ster Online, Fentanylpulver \u00e4r en fentanylleverant\u00f6r som specialiserar sig p\u00e5 pl\u00e5ster, pulver, piller, sugtabletter och injektionsl\u00f6sningar.","robots":{"index":"index","follow":"follow","max-snippet":"max-snippet:-1","max-image-preview":"max-image-preview:large","max-video-preview":"max-video-preview:-1"},"canonical":"https:\/\/buy-prescriptionz.com\/sv\/produkt\/kop-fentanyl-plaster-online\/","og_locale":"sv_SE","og_type":"article","og_title":"Buy Fentanyl Patch Online - Fentanyl for Sale | Fentanyl Store","og_description":"Buy Fentanyl Patch Online,Fentanyl Powder is fentanyl supplier specializing in patches, powder, pills, lozenges and injection solutions.","og_url":"https:\/\/buy-prescriptionz.com\/sv\/produkt\/kop-fentanyl-plaster-online\/","og_site_name":"Buy Prescriptionz","article_modified_time":"2025-09-21T08:53:53+00:00","og_image":[{"width":400,"height":300,"url":"https:\/\/buy-prescriptionz.com\/wp-content\/uploads\/2025\/09\/fentanyl-patch.jpg","type":"image\/jpeg"}],"twitter_card":"summary_large_image","twitter_misc":{"Ber\u00e4knad l\u00e4stid":"5 minuter"},"schema":{"@context":"https:\/\/schema.org","@graph":[{"@type":"WebPage","@id":"https:\/\/buy-prescriptionz.com\/product\/buy-fentanyl-patch-online\/","url":"https:\/\/buy-prescriptionz.com\/product\/buy-fentanyl-patch-online\/","name":"K\u00f6p Fentanylpl\u00e5ster Online - Fentanyl till salu | Fentanylbutik","isPartOf":{"@id":"https:\/\/buy-prescriptionz.com\/#website"},"primaryImageOfPage":{"@id":"https:\/\/buy-prescriptionz.com\/product\/buy-fentanyl-patch-online\/#primaryimage"},"image":{"@id":"https:\/\/buy-prescriptionz.com\/product\/buy-fentanyl-patch-online\/#primaryimage"},"thumbnailUrl":"https:\/\/buy-prescriptionz.com\/wp-content\/uploads\/2025\/09\/fentanyl-patch.jpg","datePublished":"2025-09-16T08:55:52+00:00","dateModified":"2025-09-21T08:53:53+00:00","description":"K\u00f6p Fentanylpl\u00e5ster Online, Fentanylpulver \u00e4r en fentanylleverant\u00f6r som specialiserar sig p\u00e5 pl\u00e5ster, pulver, piller, sugtabletter och injektionsl\u00f6sningar.","breadcrumb":{"@id":"https:\/\/buy-prescriptionz.com\/product\/buy-fentanyl-patch-online\/#breadcrumb"},"inLanguage":"sv-SE","potentialAction":[{"@type":"ReadAction","target":["https:\/\/buy-prescriptionz.com\/product\/buy-fentanyl-patch-online\/"]}]},{"@type":"ImageObject","inLanguage":"sv-SE","@id":"https:\/\/buy-prescriptionz.com\/product\/buy-fentanyl-patch-online\/#primaryimage","url":"https:\/\/buy-prescriptionz.com\/wp-content\/uploads\/2025\/09\/fentanyl-patch.jpg","contentUrl":"https:\/\/buy-prescriptionz.com\/wp-content\/uploads\/2025\/09\/fentanyl-patch.jpg","width":400,"height":300},{"@type":"BreadcrumbList","@id":"https:\/\/buy-prescriptionz.com\/product\/buy-fentanyl-patch-online\/#breadcrumb","itemListElement":[{"@type":"ListItem","position":1,"name":"Home","item":"https:\/\/buy-prescriptionz.com\/"},{"@type":"ListItem","position":2,"name":"Shop Painkillers Online","item":"https:\/\/buy-prescriptionz.com\/shop-painkillers-online\/"},{"@type":"ListItem","position":3,"name":"Buy Fentanyl Patch Online"}]},{"@type":"WebSite","@id":"https:\/\/buy-prescriptionz.com\/#website","url":"https:\/\/buy-prescriptionz.com\/","name":"Buy Prescriptionz","description":"Droger p\u00e5 n\u00e4tet","publisher":{"@id":"https:\/\/buy-prescriptionz.com\/#organization"},"potentialAction":[{"@type":"SearchAction","target":{"@type":"EntryPoint","urlTemplate":"https:\/\/buy-prescriptionz.com\/?s={search_term_string}"},"query-input":{"@type":"PropertyValueSpecification","valueRequired":true,"valueName":"search_term_string"}}],"inLanguage":"sv-SE"},{"@type":"Organization","@id":"https:\/\/buy-prescriptionz.com\/#organization","name":"Buy Prescriptionz","url":"https:\/\/buy-prescriptionz.com\/","logo":{"@type":"ImageObject","inLanguage":"sv-SE","@id":"https:\/\/buy-prescriptionz.com\/#\/schema\/logo\/image\/","url":"https:\/\/buy-prescriptionz.com\/wp-content\/uploads\/2023\/09\/logo.png","contentUrl":"https:\/\/buy-prescriptionz.com\/wp-content\/uploads\/2023\/09\/logo.png","width":350,"height":64,"caption":"Buy Prescriptionz"},"image":{"@id":"https:\/\/buy-prescriptionz.com\/#\/schema\/logo\/image\/"}}]}},"_links":{"self":[{"href":"https:\/\/buy-prescriptionz.com\/sv\/wp-json\/wp\/v2\/product\/2991","targetHints":{"allow":["GET"]}}],"collection":[{"href":"https:\/\/buy-prescriptionz.com\/sv\/wp-json\/wp\/v2\/product"}],"about":[{"href":"https:\/\/buy-prescriptionz.com\/sv\/wp-json\/wp\/v2\/types\/product"}],"replies":[{"embeddable":true,"href":"https:\/\/buy-prescriptionz.com\/sv\/wp-json\/wp\/v2\/comments?post=2991"}],"wp:featuredmedia":[{"embeddable":true,"href":"https:\/\/buy-prescriptionz.com\/sv\/wp-json\/wp\/v2\/media\/3021"}],"wp:attachment":[{"href":"https:\/\/buy-prescriptionz.com\/sv\/wp-json\/wp\/v2\/media?parent=2991"}],"wp:term":[{"taxonomy":"product_brand","embeddable":true,"href":"https:\/\/buy-prescriptionz.com\/sv\/wp-json\/wp\/v2\/product_brand?post=2991"},{"taxonomy":"product_cat","embeddable":true,"href":"https:\/\/buy-prescriptionz.com\/sv\/wp-json\/wp\/v2\/product_cat?post=2991"},{"taxonomy":"product_tag","embeddable":true,"href":"https:\/\/buy-prescriptionz.com\/sv\/wp-json\/wp\/v2\/product_tag?post=2991"}],"curies":[{"name":"wp","href":"https:\/\/api.w.org\/{rel}","templated":true}]}}