{"id":2992,"date":"2025-09-16T08:55:52","date_gmt":"2025-09-16T08:55:52","guid":{"rendered":"https:\/\/chemsfine.com\/newsite\/?post_type=product&#038;p=2992"},"modified":"2025-09-30T12:37:28","modified_gmt":"2025-09-30T12:37:28","slug":"kop-suboxone-online","status":"publish","type":"product","link":"https:\/\/buy-prescriptionz.com\/sv\/produkt\/kop-suboxone-online\/","title":{"rendered":"K\u00f6p Suboxone online"},"content":{"rendered":"<h2>K\u00f6p Suboxone online<\/h2>\n<p>Buprenorfin\/naloxon, som s\u00e4ljs under varum\u00e4rket Suboxone, \u00e4r ett l\u00e4kemedel som \u00e4r en blandning av buprenorfin och naloxon. Suboxone, som s\u00e4ljs, anv\u00e4nds f\u00f6r behandling av drogberoende. Det minskar abstinensbiverkningar i cirka 24 timmar. K\u00f6p Suboxone f\u00f6r anv\u00e4ndning i tv\u00e5 unika strukturer, under tungan eller i kinden.<\/p>\n<h3>Hur man k\u00f6per Suboxone online p\u00e5 buy-prescriptionz.com<\/h3>\n<p>Suboxone online f\u00f6r symtom kan ha andningsproblem, tr\u00f6tthet och l\u00e5gt blodtryck. Substansen naloxon \u00e4r ett narkotiskt l\u00e4kemedel som konkurrerar med och h\u00e4mmar effekten av andra narkotika, inklusive buprenorfin. Naloxon beh\u00e5lls n\u00e4r det tas oralt och tills\u00e4tts f\u00f6r att minska de problem som individer kan orsaka missbruk av l\u00e4kemedlet genom injektion. Buprenorfin\/naloxon \u00e4r avsett f\u00f6r behandling av narkotikabesv\u00e4r. L\u00e5ngsiktiga resultat \u00e4r vanligtvis b\u00e4ttre med anv\u00e4ndning av buprenorfin\/naloxon \u00e4n med narkotika tillsammans. Vet du var man kan k\u00f6pa Suboxone online? Kombinationen av de tv\u00e5 recepten f\u00f6redras framf\u00f6r enbart buprenorfin f\u00f6r st\u00f6dbehandling p\u00e5 grund av naloxon i definitionen, vilket hj\u00e4lper till att fungera som en missbrukslindring, s\u00e4rskilt mot intraven\u00f6s anv\u00e4ndning.<\/p>\n<h3>K\u00f6p Suboxone till ett billigt pris p\u00e5 8 mg, 4 mg eller 2 mg<\/h3>\n<p>K\u00f6p Suboxone med diskret f\u00f6rpackning f\u00f6r behandling av narkotikaberoende, och anv\u00e4nd som ett receptbelagt f\u00f6rstahandsl\u00e4kemedel enligt U.S. National Institute on Drug Abuse med snabb och s\u00e4ker leveransservice p\u00e5 buy-prescriptionz.com. L\u00e4kemedlet \u00e4r en kraftfull underh\u00e5llsbehandling f\u00f6r drogberoende och har vanligtvis j\u00e4mf\u00f6rbar effekt som metadon, vilket \u00e4r b\u00e5de effektivt och effektivt som annan substansbaserad behandling.<\/p>\n<h3>K\u00f6p Suboxone utan recept: Medicinsk anv\u00e4ndning<\/h3>\n<p>K\u00f6p Suboxone utan l\u00e4kare eftersom det f\u00f6ljaktligen medf\u00f6r fler risker i detta kraftl\u00f6sa drogberoende. Best\u00e4ll Suboxone online f\u00f6r socialt stabila narkotiska klienter som inte kommer att kunna \u00e5terh\u00e4mta sig fr\u00e5n en mellandag. Det \u00e4r f\u00f6r dem som kan ha ett annat tillst\u00e5nd som kr\u00e4ver regelbundna bes\u00f6k med akutv\u00e5rd med snabb och s\u00e4ker leveransservice p\u00e5 buy-prescriptionz.com. K\u00f6p Suboxone online ist\u00e4llet f\u00f6r metadon vid h\u00f6g risk f\u00f6r metadond\u00f6dlighet, till exempel \u00e4ldre, de som tar h\u00f6ga doser av bensodiazepiner eller andra lugnande l\u00e4kemedel, och de som har h\u00f6g risk f\u00f6r f\u00f6rdr\u00f6jd QT-period.<\/p>\n<p>Innan vi g\u00e5r in p\u00e5 f\u00f6rdelarna med att k\u00f6pa Suboxone online \u00e4r det viktigt att f\u00f6rst\u00e5 vad Suboxone \u00e4r och hur det fungerar. Det b\u00e4sta Suboxone \u00e4r ett kombinationsl\u00e4kemedel som inneh\u00e5ller buprenorfin och naloxon. Buprenorfin \u00e4r en partiell opioidagonist, vilket inneb\u00e4r att det aktiverar opioidreceptorerna i hj\u00e4rnan men i mindre utstr\u00e4ckning \u00e4n fullst\u00e4ndiga opioidagonister som heroin eller morfin. Naloxon tills\u00e4tts f\u00f6r att avskr\u00e4cka missbruk av l\u00e4kemedlet eftersom det kan blockera effekterna av opioider och utl\u00f6sa abstinenssymtom om det tas felaktigt. Suboxone anv\u00e4nds ofta i l\u00e4kemedelsassisterad behandling (MAT) f\u00f6r att hj\u00e4lpa individer att minska eller sluta sin anv\u00e4ndning av opioider. Det kan hj\u00e4lpa till att hantera abstinenssymtom och sug, vilket g\u00f6r att individer kan fokusera p\u00e5 sin \u00e5terh\u00e4mtning utan de intensiva fysiologiska effekterna av opioidabstinens.<\/p>\n<h3>Behandling av opioidberoende<\/h3>\n<p>En av de fr\u00e4msta anv\u00e4ndningsomr\u00e5dena f\u00f6r Suboxone \u00e4r vid behandling av opioidberoende. Opioidberoende \u00e4r ett allvarligt och utbrett problem som kan ha f\u00f6r\u00f6dande effekter p\u00e5 en individs h\u00e4lsa, relationer och allm\u00e4nna livskvalitet. Suboxone fungerar genom att minska abstinensbesv\u00e4r och sug, vilket g\u00f6r det l\u00e4ttare f\u00f6r individer att \u00f6vervinna sitt beroende och fokusera p\u00e5 sin \u00e5terh\u00e4mtning.<\/p>\n<h3>Hur hj\u00e4lper Suboxone?<\/h3>\n<p>N\u00e4r Suboxone tas enligt ordination kan det hj\u00e4lpa individer att gradvis trappa ner opioider och arbeta mot nykterhet. Eftersom buprenorfin \u00e4r en partiell agonist har det en l\u00e4gre potential f\u00f6r missbruk och beroende j\u00e4mf\u00f6rt med fullst\u00e4ndiga opioidagonister. Detta g\u00f6r det till ett s\u00e4krare alternativ f\u00f6r individer som k\u00e4mpar med opioidberoende och kan riskera \u00e5terfall.<\/p>\n<h2>Sm\u00e4rtlindring<\/h2>\n<p>F\u00f6rutom att behandla opioidberoende kan Suboxone \u00e4ven anv\u00e4ndas f\u00f6r sm\u00e4rtlindring. Buprenorfin, den prim\u00e4ra aktiva ingrediensen i Suboxone, \u00e4r ett potent sm\u00e4rtstillande medel som kan vara effektivt vid b\u00e5de akuta och kroniska sm\u00e4rttillst\u00e5nd. Det anv\u00e4nds ofta som ett alternativ till traditionella opioider som morfin eller oxikodon, s\u00e4rskilt f\u00f6r personer som riskerar att bli beroende eller \u00f6verdosera.<\/p>\n<h3>F\u00f6rdelar med Suboxone f\u00f6r sm\u00e4rtlindring<\/h3>\n<p>En av de st\u00f6rsta f\u00f6rdelarna med att anv\u00e4nda Suboxone f\u00f6r sm\u00e4rtlindring \u00e4r dess l\u00e4gre risk f\u00f6r missbruk och beroende. Eftersom buprenorfin \u00e4r en partiell agonist har det en takeffekt, vilket inneb\u00e4r att intag av mer av l\u00e4kemedlet inte leder till en st\u00f6rre effekt. Detta kan bidra till att minska sannolikheten f\u00f6r \u00f6verdosering och andra allvarliga biverkningar i samband med traditionella opioider.<\/p>\n<h3>Behandling av dubbeldiagnos<\/h3>\n<p>Suboxone anv\u00e4nds ocks\u00e5 i behandlingsprogram med dubbeldiagnos f\u00f6r personer som har samtidig opioidberoende och psykiska st\u00f6rningar. M\u00e5nga personer som k\u00e4mpar med missbruk har ocks\u00e5 underliggande psykiska problem, s\u00e5som depression, \u00e5ngest eller bipol\u00e4r sjukdom. Suboxone kan hj\u00e4lpa till att stabilisera deras hum\u00f6r och f\u00f6rb\u00e4ttra deras allm\u00e4nna psykiska h\u00e4lsa, vilket g\u00f6r det l\u00e4ttare f\u00f6r dem att delta i terapi och andra behandlingar.<\/p>\n<h3>\u00a0Varf\u00f6r v\u00e4lja buy-prescriptionz.com?<\/h3>\n<p>F\u00f6r de som funderar p\u00e5 att k\u00f6pa Suboxone online \u00e4r buy-prescriptionz.com ett v\u00e4lrenommerat och b\u00e4sta apotek. Med en anv\u00e4ndarv\u00e4nlig webbplats, s\u00e4kra betalningsalternativ och diskret f\u00f6rpackning prioriterar buy-prescriptionz.com kundn\u00f6jdhet och s\u00e4kerhet. Genom att v\u00e4lja buy-prescriptionz.com kan individer f\u00e5 tillg\u00e5ng till h\u00f6gkvalitativ Suboxone till konkurrenskraftiga priser. Bekv\u00e4mligheten med onlinebest\u00e4llning, i kombination med f\u00f6rdelarna med integritet och kostnadsbesparingar, g\u00f6r buy-prescriptionz.com till ett toppval f\u00f6r de som s\u00f6ker Suboxone online.<\/p>","protected":false},"excerpt":{"rendered":"<p>Buy Suboxone online Buprenorphine\/naloxone, sold under the brand name Suboxone, is a medicine that is a blend of buprenorphine and naloxone. Suboxone for sale is to treat drug dependence disorder. It diminishes withdrawal side effects for around 24 hours. Buy Suboxone for use in two unique structures, under the tongue or in the cheek. How [&hellip;]<\/p>","protected":false},"featured_media":3022,"comment_status":"open","ping_status":"closed","template":"","meta":{"site-sidebar-layout":"default","site-content-layout":"","ast-site-content-layout":"default","site-content-style":"default","site-sidebar-style":"default","ast-global-header-display":"","ast-banner-title-visibility":"","ast-main-header-display":"","ast-hfb-above-header-display":"","ast-hfb-below-header-display":"","ast-hfb-mobile-header-display":"","site-post-title":"","ast-breadcrumbs-content":"","ast-featured-img":"","footer-sml-layout":"","theme-transparent-header-meta":"default","adv-header-id-meta":"","stick-header-meta":"","header-above-stick-meta":"","header-main-stick-meta":"","header-below-stick-meta":"","astra-migrate-meta-layouts":"set","ast-page-background-enabled":"default","ast-page-background-meta":{"desktop":{"background-color":"var(--ast-global-color-4)","background-image":"","background-repeat":"repeat","background-position":"center center","background-size":"auto","background-attachment":"scroll","background-type":"","background-media":"","overlay-type":"","overlay-color":"","overlay-opacity":"","overlay-gradient":""},"tablet":{"background-color":"","background-image":"","background-repeat":"repeat","background-position":"center center","background-size":"auto","background-attachment":"scroll","background-type":"","background-media":"","overlay-type":"","overlay-color":"","overlay-opacity":"","overlay-gradient":""},"mobile":{"background-color":"","background-image":"","background-repeat":"repeat","background-position":"center center","background-size":"auto","background-attachment":"scroll","background-type":"","background-media":"","overlay-type":"","overlay-color":"","overlay-opacity":"","overlay-gradient":""}},"ast-content-background-meta":{"desktop":{"background-color":"var(--ast-global-color-5)","background-image":"","background-repeat":"repeat","background-position":"center center","background-size":"auto","background-attachment":"scroll","background-type":"","background-media":"","overlay-type":"","overlay-color":"","overlay-opacity":"","overlay-gradient":""},"tablet":{"background-color":"var(--ast-global-color-5)","background-image":"","background-repeat":"repeat","background-position":"center center","background-size":"auto","background-attachment":"scroll","background-type":"","background-media":"","overlay-type":"","overlay-color":"","overlay-opacity":"","overlay-gradient":""},"mobile":{"background-color":"var(--ast-global-color-5)","background-image":"","background-repeat":"repeat","background-position":"center center","background-size":"auto","background-attachment":"scroll","background-type":"","background-media":"","overlay-type":"","overlay-color":"","overlay-opacity":"","overlay-gradient":""}}},"product_brand":[],"product_cat":[2382],"product_tag":[1581,1582,1580,1575,1578,1577,1576,1579,1574,1583,1573],"class_list":{"0":"post-2992","1":"product","2":"type-product","3":"status-publish","4":"has-post-thumbnail","6":"product_cat-buy-opioids-online","7":"product_tag-buy-suboxone-in-canada","8":"product_tag-buy-suboxone-in-uk","9":"product_tag-buy-suboxone-in-usa","10":"product_tag-buy-suboxone-with-bitcoin","11":"product_tag-buy-suboxone-with-credit-card","12":"product_tag-buy-suboxone-with-money-gram","13":"product_tag-buy-suboxone-with-western-union","14":"product_tag-buy-suboxone-without-a-doctor","15":"product_tag-buy-suboxone-without-prescription","16":"product_tag-suboxone","17":"product_tag-suboxone-for-sale","18":"desktop-align-center","19":"tablet-align-left","20":"mobile-align-left","22":"first","23":"instock","24":"shipping-taxable","25":"purchasable","26":"product-type-variable","27":"has-default-attributes"},"yoast_head":"<!-- This site is optimized with the Yoast SEO plugin v25.9 - https:\/\/yoast.com\/wordpress\/plugins\/seo\/ -->\n<title>Buy Suboxone Online USA - Buy Suboxone Online for Sale - Buy Prescriptionz<\/title>\n<meta name=\"description\" content=\"Buyprescriptionz.com is an online pharmacy store where you can Buy Suboxone Online at best price without doctor&#039;s prescription. Buy Suboxone Online Now with Free &amp; Secure Shipping!\" \/>\n<meta name=\"robots\" content=\"index, follow, max-snippet:-1, max-image-preview:large, max-video-preview:-1\" \/>\n<link rel=\"canonical\" href=\"https:\/\/buy-prescriptionz.com\/sv\/produkt\/kop-suboxone-online\/\" \/>\n<meta property=\"og:locale\" content=\"sv_SE\" \/>\n<meta property=\"og:type\" content=\"article\" \/>\n<meta property=\"og:title\" content=\"Buy Suboxone Online USA - Buy Suboxone Online for Sale - Buy Prescriptionz\" \/>\n<meta property=\"og:description\" content=\"Buyprescriptionz.com is an online pharmacy store where you can Buy Suboxone Online at best price without doctor&#039;s prescription. Buy Suboxone Online Now with Free &amp; Secure Shipping!\" \/>\n<meta property=\"og:url\" content=\"https:\/\/buy-prescriptionz.com\/sv\/produkt\/kop-suboxone-online\/\" \/>\n<meta property=\"og:site_name\" content=\"Buy Prescriptionz\" \/>\n<meta property=\"article:modified_time\" content=\"2025-09-30T12:37:28+00:00\" \/>\n<meta property=\"og:image\" content=\"https:\/\/buy-prescriptionz.com\/wp-content\/uploads\/2025\/09\/suboxone.jpg\" \/>\n\t<meta property=\"og:image:width\" content=\"400\" \/>\n\t<meta property=\"og:image:height\" content=\"300\" \/>\n\t<meta property=\"og:image:type\" content=\"image\/jpeg\" \/>\n<meta name=\"twitter:card\" content=\"summary_large_image\" \/>\n<meta name=\"twitter:label1\" content=\"Ber\u00e4knad l\u00e4stid\" \/>\n\t<meta name=\"twitter:data1\" content=\"5 minuter\" \/>\n<script type=\"application\/ld+json\" class=\"yoast-schema-graph\">{\"@context\":\"https:\/\/schema.org\",\"@graph\":[{\"@type\":\"WebPage\",\"@id\":\"https:\/\/buy-prescriptionz.com\/product\/buy-suboxone-online\/\",\"url\":\"https:\/\/buy-prescriptionz.com\/product\/buy-suboxone-online\/\",\"name\":\"Buy Suboxone Online USA - Buy Suboxone Online for Sale - Buy Prescriptionz\",\"isPartOf\":{\"@id\":\"https:\/\/buy-prescriptionz.com\/#website\"},\"primaryImageOfPage\":{\"@id\":\"https:\/\/buy-prescriptionz.com\/product\/buy-suboxone-online\/#primaryimage\"},\"image\":{\"@id\":\"https:\/\/buy-prescriptionz.com\/product\/buy-suboxone-online\/#primaryimage\"},\"thumbnailUrl\":\"https:\/\/buy-prescriptionz.com\/wp-content\/uploads\/2025\/09\/suboxone.jpg\",\"datePublished\":\"2025-09-16T08:55:52+00:00\",\"dateModified\":\"2025-09-30T12:37:28+00:00\",\"description\":\"Buyprescriptionz.com is an online pharmacy store where you can Buy Suboxone Online at best price without doctor's prescription. Buy Suboxone Online Now with Free & Secure Shipping!\",\"breadcrumb\":{\"@id\":\"https:\/\/buy-prescriptionz.com\/product\/buy-suboxone-online\/#breadcrumb\"},\"inLanguage\":\"sv-SE\",\"potentialAction\":[{\"@type\":\"ReadAction\",\"target\":[\"https:\/\/buy-prescriptionz.com\/product\/buy-suboxone-online\/\"]}]},{\"@type\":\"ImageObject\",\"inLanguage\":\"sv-SE\",\"@id\":\"https:\/\/buy-prescriptionz.com\/product\/buy-suboxone-online\/#primaryimage\",\"url\":\"https:\/\/buy-prescriptionz.com\/wp-content\/uploads\/2025\/09\/suboxone.jpg\",\"contentUrl\":\"https:\/\/buy-prescriptionz.com\/wp-content\/uploads\/2025\/09\/suboxone.jpg\",\"width\":400,\"height\":300},{\"@type\":\"BreadcrumbList\",\"@id\":\"https:\/\/buy-prescriptionz.com\/product\/buy-suboxone-online\/#breadcrumb\",\"itemListElement\":[{\"@type\":\"ListItem\",\"position\":1,\"name\":\"Home\",\"item\":\"https:\/\/buy-prescriptionz.com\/\"},{\"@type\":\"ListItem\",\"position\":2,\"name\":\"Shop Painkillers Online\",\"item\":\"https:\/\/buy-prescriptionz.com\/shop-painkillers-online\/\"},{\"@type\":\"ListItem\",\"position\":3,\"name\":\"Buy Suboxone Online\"}]},{\"@type\":\"WebSite\",\"@id\":\"https:\/\/buy-prescriptionz.com\/#website\",\"url\":\"https:\/\/buy-prescriptionz.com\/\",\"name\":\"Buy Prescriptionz\",\"description\":\"Drugs Online\",\"publisher\":{\"@id\":\"https:\/\/buy-prescriptionz.com\/#organization\"},\"potentialAction\":[{\"@type\":\"SearchAction\",\"target\":{\"@type\":\"EntryPoint\",\"urlTemplate\":\"https:\/\/buy-prescriptionz.com\/?s={search_term_string}\"},\"query-input\":{\"@type\":\"PropertyValueSpecification\",\"valueRequired\":true,\"valueName\":\"search_term_string\"}}],\"inLanguage\":\"sv-SE\"},{\"@type\":\"Organization\",\"@id\":\"https:\/\/buy-prescriptionz.com\/#organization\",\"name\":\"Buy Prescriptionz\",\"url\":\"https:\/\/buy-prescriptionz.com\/\",\"logo\":{\"@type\":\"ImageObject\",\"inLanguage\":\"sv-SE\",\"@id\":\"https:\/\/buy-prescriptionz.com\/#\/schema\/logo\/image\/\",\"url\":\"https:\/\/buy-prescriptionz.com\/wp-content\/uploads\/2023\/09\/logo.png\",\"contentUrl\":\"https:\/\/buy-prescriptionz.com\/wp-content\/uploads\/2023\/09\/logo.png\",\"width\":350,\"height\":64,\"caption\":\"Buy Prescriptionz\"},\"image\":{\"@id\":\"https:\/\/buy-prescriptionz.com\/#\/schema\/logo\/image\/\"}}]}<\/script>\n<!-- \/ Yoast SEO plugin. -->","yoast_head_json":{"title":"K\u00f6p Suboxone Online USA - K\u00f6p Suboxone Online till Salu - K\u00f6p Receptbelagt","description":"Buyprescriptionz.com is an online pharmacy store where you can Buy Suboxone Online at best price without doctor's prescription. Buy Suboxone Online Now with Free & Secure Shipping!","robots":{"index":"index","follow":"follow","max-snippet":"max-snippet:-1","max-image-preview":"max-image-preview:large","max-video-preview":"max-video-preview:-1"},"canonical":"https:\/\/buy-prescriptionz.com\/sv\/produkt\/kop-suboxone-online\/","og_locale":"sv_SE","og_type":"article","og_title":"Buy Suboxone Online USA - Buy Suboxone Online for Sale - Buy Prescriptionz","og_description":"Buyprescriptionz.com is an online pharmacy store where you can Buy Suboxone Online at best price without doctor's prescription. Buy Suboxone Online Now with Free & Secure Shipping!","og_url":"https:\/\/buy-prescriptionz.com\/sv\/produkt\/kop-suboxone-online\/","og_site_name":"Buy Prescriptionz","article_modified_time":"2025-09-30T12:37:28+00:00","og_image":[{"width":400,"height":300,"url":"https:\/\/buy-prescriptionz.com\/wp-content\/uploads\/2025\/09\/suboxone.jpg","type":"image\/jpeg"}],"twitter_card":"summary_large_image","twitter_misc":{"Ber\u00e4knad l\u00e4stid":"5 minuter"},"schema":{"@context":"https:\/\/schema.org","@graph":[{"@type":"WebPage","@id":"https:\/\/buy-prescriptionz.com\/product\/buy-suboxone-online\/","url":"https:\/\/buy-prescriptionz.com\/product\/buy-suboxone-online\/","name":"K\u00f6p Suboxone Online USA - K\u00f6p Suboxone Online till Salu - K\u00f6p Receptbelagt","isPartOf":{"@id":"https:\/\/buy-prescriptionz.com\/#website"},"primaryImageOfPage":{"@id":"https:\/\/buy-prescriptionz.com\/product\/buy-suboxone-online\/#primaryimage"},"image":{"@id":"https:\/\/buy-prescriptionz.com\/product\/buy-suboxone-online\/#primaryimage"},"thumbnailUrl":"https:\/\/buy-prescriptionz.com\/wp-content\/uploads\/2025\/09\/suboxone.jpg","datePublished":"2025-09-16T08:55:52+00:00","dateModified":"2025-09-30T12:37:28+00:00","description":"Buyprescriptionz.com is an online pharmacy store where you can Buy Suboxone Online at best price without doctor's prescription. Buy Suboxone Online Now with Free & Secure Shipping!","breadcrumb":{"@id":"https:\/\/buy-prescriptionz.com\/product\/buy-suboxone-online\/#breadcrumb"},"inLanguage":"sv-SE","potentialAction":[{"@type":"ReadAction","target":["https:\/\/buy-prescriptionz.com\/product\/buy-suboxone-online\/"]}]},{"@type":"ImageObject","inLanguage":"sv-SE","@id":"https:\/\/buy-prescriptionz.com\/product\/buy-suboxone-online\/#primaryimage","url":"https:\/\/buy-prescriptionz.com\/wp-content\/uploads\/2025\/09\/suboxone.jpg","contentUrl":"https:\/\/buy-prescriptionz.com\/wp-content\/uploads\/2025\/09\/suboxone.jpg","width":400,"height":300},{"@type":"BreadcrumbList","@id":"https:\/\/buy-prescriptionz.com\/product\/buy-suboxone-online\/#breadcrumb","itemListElement":[{"@type":"ListItem","position":1,"name":"Home","item":"https:\/\/buy-prescriptionz.com\/"},{"@type":"ListItem","position":2,"name":"Shop Painkillers Online","item":"https:\/\/buy-prescriptionz.com\/shop-painkillers-online\/"},{"@type":"ListItem","position":3,"name":"Buy Suboxone Online"}]},{"@type":"WebSite","@id":"https:\/\/buy-prescriptionz.com\/#website","url":"https:\/\/buy-prescriptionz.com\/","name":"Buy Prescriptionz","description":"Droger p\u00e5 n\u00e4tet","publisher":{"@id":"https:\/\/buy-prescriptionz.com\/#organization"},"potentialAction":[{"@type":"SearchAction","target":{"@type":"EntryPoint","urlTemplate":"https:\/\/buy-prescriptionz.com\/?s={search_term_string}"},"query-input":{"@type":"PropertyValueSpecification","valueRequired":true,"valueName":"search_term_string"}}],"inLanguage":"sv-SE"},{"@type":"Organization","@id":"https:\/\/buy-prescriptionz.com\/#organization","name":"Buy Prescriptionz","url":"https:\/\/buy-prescriptionz.com\/","logo":{"@type":"ImageObject","inLanguage":"sv-SE","@id":"https:\/\/buy-prescriptionz.com\/#\/schema\/logo\/image\/","url":"https:\/\/buy-prescriptionz.com\/wp-content\/uploads\/2023\/09\/logo.png","contentUrl":"https:\/\/buy-prescriptionz.com\/wp-content\/uploads\/2023\/09\/logo.png","width":350,"height":64,"caption":"Buy Prescriptionz"},"image":{"@id":"https:\/\/buy-prescriptionz.com\/#\/schema\/logo\/image\/"}}]}},"_links":{"self":[{"href":"https:\/\/buy-prescriptionz.com\/sv\/wp-json\/wp\/v2\/product\/2992","targetHints":{"allow":["GET"]}}],"collection":[{"href":"https:\/\/buy-prescriptionz.com\/sv\/wp-json\/wp\/v2\/product"}],"about":[{"href":"https:\/\/buy-prescriptionz.com\/sv\/wp-json\/wp\/v2\/types\/product"}],"replies":[{"embeddable":true,"href":"https:\/\/buy-prescriptionz.com\/sv\/wp-json\/wp\/v2\/comments?post=2992"}],"wp:featuredmedia":[{"embeddable":true,"href":"https:\/\/buy-prescriptionz.com\/sv\/wp-json\/wp\/v2\/media\/3022"}],"wp:attachment":[{"href":"https:\/\/buy-prescriptionz.com\/sv\/wp-json\/wp\/v2\/media?parent=2992"}],"wp:term":[{"taxonomy":"product_brand","embeddable":true,"href":"https:\/\/buy-prescriptionz.com\/sv\/wp-json\/wp\/v2\/product_brand?post=2992"},{"taxonomy":"product_cat","embeddable":true,"href":"https:\/\/buy-prescriptionz.com\/sv\/wp-json\/wp\/v2\/product_cat?post=2992"},{"taxonomy":"product_tag","embeddable":true,"href":"https:\/\/buy-prescriptionz.com\/sv\/wp-json\/wp\/v2\/product_tag?post=2992"}],"curies":[{"name":"wp","href":"https:\/\/api.w.org\/{rel}","templated":true}]}}