{"id":2993,"date":"2025-09-16T08:55:52","date_gmt":"2025-09-16T08:55:52","guid":{"rendered":"https:\/\/chemsfine.com\/newsite\/?post_type=product&#038;p=2993"},"modified":"2025-09-27T12:06:59","modified_gmt":"2025-09-27T12:06:59","slug":"kop-subutex-online","status":"publish","type":"product","link":"https:\/\/buy-prescriptionz.com\/sv\/produkt\/kop-subutex-online\/","title":{"rendered":"K\u00f6p Subutex online"},"content":{"rendered":"<h2>K\u00f6p Subutex online<\/h2>\n<p>K\u00f6p Subutex Online, Buprenorfin, som s\u00e4ljs under varum\u00e4rket Subutex, \u00e4r ett narkotiskt l\u00e4kemedel som anv\u00e4nds f\u00f6r att behandla drogberoende och intensiv sm\u00e4rta. K\u00f6p Subutex f\u00f6r anv\u00e4ndning under tungan, genom infusion, som hudfix eller som implantat. Vid drogmissbruk p\u00e5b\u00f6rjas Subutex till salu p\u00e5 buy-prescriptionz.com vanligtvis n\u00e4r abstinenssymptom har uppst\u00e5tt och under de f\u00f6rsta tv\u00e5 dagarna av behandlingen under direkt ledning av en terapeutisk v\u00e5rdgivare.<\/p>\n<h3>Subutex online p\u00e5 buy-prescriptionz.com<\/h3>\n<p style=\"margin: 0in; margin-bottom: .0001pt; line-height: 15.0pt;\">Symtom kan vara andningsproblem, tr\u00f6tthet, binjureinsufficiens, QT-f\u00f6rl\u00e4ngning, l\u00e5g cirkulation, k\u00e4nslom\u00e4ssiga reaktioner och narkotikaberoende. Andra \u00e4r kramper, och det finns risk f\u00f6r andra kramper. Du kan k\u00f6pa Subutex utan l\u00e4kare, och d\u00e4r kan du lindra sm\u00e4rtan. Best\u00e4ll Subutex online f\u00f6r opioidabstinens efter att buprenorfin har upph\u00f6rt \u00e4r vanligtvis mindre extremt \u00e4n med andra opioider. K\u00f6p Subutex online anv\u00e4ndning under graviditet \u00e4r skyddad och anv\u00e4ndning under amning rekommenderas inte med snabb och s\u00e4ker leveranstj\u00e4nst. Buprenorfin p\u00e5verkar olika typer av narkotiska receptorer p\u00e5 olika s\u00e4tt. Beroende p\u00e5 vilken typ av receptor det \u00e4r kan det vara en agonist. Subutex \u00e4r ett receptbelagt l\u00e4kemedel som anv\u00e4nds f\u00f6r att behandla opioidberoende. Det inneh\u00e5ller den aktiva ingrediensen buprenorfin, som fungerar genom att binda till samma receptorer i hj\u00e4rnan som opioider, men utan att producera samma rus. Detta hj\u00e4lper till att minska sug och abstinenssymtom, vilket g\u00f6r det l\u00e4ttare f\u00f6r m\u00e4nniskor att \u00f6vervinna sitt beroende. Subutex ordineras vanligtvis som en del av ett omfattande behandlingsprogram som inkluderar r\u00e5dgivning och terapi. Det \u00e4r inte ett botemedel mot missbruk, utan snarare ett verktyg f\u00f6r att hj\u00e4lpa individer att hantera sitt missbruk och arbeta mot tillfrisknande.<\/p>\n<h3 style=\"line-height: 20.5pt; background: white; margin: 0in 0in 7.5pt 0in;\"><span lang=\"EN-IN\" style=\"font-family: 'Segoe UI','sans-serif'; color: #080808;\">Subutex anv\u00e4ndningsomr\u00e5den<\/span><\/h3>\n<p>1. Opioidabstinens: En av Subutex huvudsakliga anv\u00e4ndningsomr\u00e5den \u00e4r att hj\u00e4lpa individer att s\u00e4kert avgifta sig fr\u00e5n opioider. N\u00e4r n\u00e5gon pl\u00f6tsligt slutar anv\u00e4nda opioider kan de uppleva sm\u00e4rtsamma abstinensbesv\u00e4r som illam\u00e5ende, kr\u00e4kningar, muskelv\u00e4rk och s\u00f6mnl\u00f6shet. Subutex kan hj\u00e4lpa till att lindra dessa symtom genom att ge en mildare form av opioidstimulering, vilket g\u00f6r att individen kan trappa ner drogen gradvis.<\/p>\n<p>2. Opioidunderh\u00e5llsbehandling: Subutex anv\u00e4nds ocks\u00e5 som underh\u00e5llsbehandling f\u00f6r personer med opioidberoende. Genom att ta Subutex enligt ordination kan patienter minska sitt sug efter opioider och f\u00f6rhindra \u00e5terfall. Detta kan hj\u00e4lpa dem att h\u00e5lla sig drogfria och leva ett h\u00e4lsosammare och mer stabilt liv.<\/p>\n<p>3. Sm\u00e4rtlindring: F\u00f6rutom att behandla opioidberoende kan Subutex \u00e4ven anv\u00e4ndas f\u00f6r att hantera kronisk sm\u00e4rta. Tack vare sin unika verkningsmekanism kan Subutex ge sm\u00e4rtlindring utan den risk f\u00f6r beroende eller andningsdepression som \u00e4r f\u00f6rknippad med traditionella opioider. Detta g\u00f6r det till ett s\u00e4krare alternativ f\u00f6r personer som beh\u00f6ver l\u00e5ngvarig sm\u00e4rtlindring.<\/p>\n<p>4. Off-label-anv\u00e4ndning: \u00c4ven om Subutex fr\u00e4mst anv\u00e4nds f\u00f6r opioidberoende och sm\u00e4rtlindring, kan det \u00e4ven ha off-label-anv\u00e4ndning i vissa situationer. Vissa v\u00e5rdgivare kan f\u00f6rskriva Subutex f\u00f6r tillst\u00e5nd som depression, \u00e5ngest eller posttraumatiskt stressyndrom. Dessa anv\u00e4ndningsomr\u00e5den \u00e4r dock inte godk\u00e4nda av FDA och b\u00f6r noggrant \u00f6verv\u00e4gas fr\u00e5n fall till fall.<\/p>\n<h2 style=\"line-height: 20.5pt; background: white; margin: 0in 0in 7.5pt 0in;\"><span lang=\"EN-IN\" style=\"font-family: 'Segoe UI','sans-serif'; color: #080808;\">Hur fungerar Subutex?<\/span><\/h2>\n<p style=\"background: white; margin: 0in 0in 12.0pt 0in;\"><span lang=\"EN-IN\" style=\"font-size: 10.5pt; font-family: 'Segoe UI','sans-serif'; color: #080808;\">Som tidigare n\u00e4mnts fungerar Subutex genom att binda till opioidreceptorer i hj\u00e4rnan, men med l\u00e4gre intensitet \u00e4n traditionella opioider. Detta hj\u00e4lper till att stabilisera hj\u00e4rnans kemi och minska suget efter opioider. Genom att blockera opioidernas euforiska effekter kan Subutex ocks\u00e5 bidra till att f\u00f6rhindra \u00e5terfall och fr\u00e4mja \u00e5terh\u00e4mtning.<\/span><\/p>\n<h2 style=\"line-height: 20.5pt; background: white; margin: 0in 0in 7.5pt 0in;\"><span lang=\"EN-IN\" style=\"font-family: 'Segoe UI','sans-serif'; color: #080808;\">Biverkningar och risker<\/span><\/h2>\n<p style=\"margin: 0in; margin-bottom: .0001pt; background: white;\"><span lang=\"EN-IN\" style=\"font-size: 10.5pt; font-family: 'Segoe UI','sans-serif'; color: #080808;\">\u00c4ven om Subutex kan vara en effektiv behandling f\u00f6r opioidberoende \u00e4r det inte utan risker. Liksom alla l\u00e4kemedel kan Subutex orsaka biverkningar som illam\u00e5ende, f\u00f6rstoppning, yrsel och huvudv\u00e4rk. I s\u00e4llsynta fall kan det ocks\u00e5 leda till andningsdepression eller \u00f6verdosering om det tas i h\u00f6ga doser eller i kombination med andra substanser. Det \u00e4r viktigt att anv\u00e4nda Subutex under \u00f6verinseende av en v\u00e5rdgivare och att noggrant f\u00f6lja deras doseringsanvisningar. Patienter b\u00f6r ocks\u00e5 \u00f6vervakas regelbundet f\u00f6r eventuella tecken p\u00e5 missbruk eller beroende.<\/span><\/p>\n<p style=\"margin: 0in; margin-bottom: .0001pt; line-height: 15.0pt;\"><span lang=\"EN-IN\" style=\"font-size: 10.5pt; font-family: 'Segoe UI','sans-serif';\">\u00a0<\/span><\/p>\n<h2 style=\"line-height: 20.5pt; margin: 0in 0in 7.5pt 0in;\"><span lang=\"EN-IN\" style=\"font-family: 'Segoe UI','sans-serif';\">Redo att k\u00f6pa Subutex online?<\/span><\/h2>\n<p style=\"margin: 0in; margin-bottom: .0001pt; line-height: 15.0pt;\"><span lang=\"EN-IN\" style=\"font-size: 10.5pt; font-family: 'Segoe UI','sans-serif';\">Om du funderar p\u00e5 att k\u00f6pa Subutex online \u00e4r det viktigt att du ser till att du k\u00f6per fr\u00e5n ett v\u00e4lrenommerat och licensierat apotek. Ett s\u00e5dant onlineapotek som erbjuder ett brett utbud av l\u00e4kemedel, inklusive Subutex, \u00e4r buy-prescriptionz.com. Med konkurrenskraftiga priser, snabb leverans och en s\u00e4ker best\u00e4llningsprocess kan du lita p\u00e5 att buy-prescriptionz.com f\u00f6rser dig med den medicin du beh\u00f6ver. Sammanfattningsvis kan det erbjuda en rad f\u00f6rdelar att k\u00f6pa Subutex online, fr\u00e5n bekv\u00e4mlighet och integritet till kostnadseffektivitet och tillg\u00e4nglighet. Om du letar efter ett bekv\u00e4mt och p\u00e5litligt s\u00e4tt att f\u00e5 tag p\u00e5 dina receptbelagda l\u00e4kemedel, \u00f6verv\u00e4g att k\u00f6pa Subutex online fr\u00e5n buy-prescriptionz.com. B\u00f6rja din resa mot \u00e5terh\u00e4mtning idag med ett klick p\u00e5 en knapp!<\/span><\/p>\n<h3>Medicinsk anv\u00e4ndning: K\u00f6p Subutex med diskret f\u00f6rpackning<\/h3>\n<p>K\u00f6p Subutex till ett billigt pris f\u00f6r behandling av personer med narkotikaberoende. Det b\u00f6r bara p\u00e5b\u00f6rjas n\u00e4r abstinenssymptom har b\u00f6rjat. B\u00e5de buprenorfin och metadon \u00e4r l\u00e4kemedel som anv\u00e4nds f\u00f6r avgiftning, kort- och l\u00e5ngvarig narkotikasubstitutionsbehandling. Ett transdermalt pl\u00e5ster \u00e4r tillg\u00e4ngligt f\u00f6r behandling av kronisk sm\u00e4rta. Hur man k\u00f6per Subutex online som pl\u00e5ster som inte \u00e4r avsedda f\u00f6r anv\u00e4ndning vid intensiv sm\u00e4rta, sm\u00e4rta som bara ska vara under en kort period eller sm\u00e4rta efter en medicinsk procedur, och de \u00e4r inte heller f\u00f6rskrivna f\u00f6r narkotikaberoende.<\/p>\n<h3>Farmakokinetik<\/h3>\n<p>K\u00f6p Subutex utan recept, och det anv\u00e4nds av levern, som CYP3A4-isozymer i cytokrom P450-systemet, till norbuprenorfin. Glukuronideringen av buprenorfin fullbordas av UGT1A1 och UGT2B7, och norbuprenorfin av UGT1A1 och UGT1A3. P\u00e5 buy-prescriptionz.com kan du k\u00f6pa Subutex online i 20 till 73 timmars stabilitet och med snabb och s\u00e4ker leveransservice. Det finns ingen risk f\u00f6r ansamling hos personer med nedsatt njurfunktion.<\/p>","protected":false},"excerpt":{"rendered":"<p>Buy Subutex Online Buy Subutex Online,Buprenorphine, sold under the brand name Subutex, is a narcotic used to treat drug dependency and intense pain. Buy Subutex for use under the tongue, by infusion, as a skin fix, or as an implant. For drug compulsions Subutex for sale at buy-prescriptionz.com is regularly possibly begun when withdrawal indications [&hellip;]<\/p>","protected":false},"featured_media":3023,"comment_status":"open","ping_status":"closed","template":"","meta":{"site-sidebar-layout":"default","site-content-layout":"","ast-site-content-layout":"default","site-content-style":"default","site-sidebar-style":"default","ast-global-header-display":"","ast-banner-title-visibility":"","ast-main-header-display":"","ast-hfb-above-header-display":"","ast-hfb-below-header-display":"","ast-hfb-mobile-header-display":"","site-post-title":"","ast-breadcrumbs-content":"","ast-featured-img":"","footer-sml-layout":"","theme-transparent-header-meta":"default","adv-header-id-meta":"","stick-header-meta":"","header-above-stick-meta":"","header-main-stick-meta":"","header-below-stick-meta":"","astra-migrate-meta-layouts":"set","ast-page-background-enabled":"default","ast-page-background-meta":{"desktop":{"background-color":"var(--ast-global-color-4)","background-image":"","background-repeat":"repeat","background-position":"center center","background-size":"auto","background-attachment":"scroll","background-type":"","background-media":"","overlay-type":"","overlay-color":"","overlay-opacity":"","overlay-gradient":""},"tablet":{"background-color":"","background-image":"","background-repeat":"repeat","background-position":"center center","background-size":"auto","background-attachment":"scroll","background-type":"","background-media":"","overlay-type":"","overlay-color":"","overlay-opacity":"","overlay-gradient":""},"mobile":{"background-color":"","background-image":"","background-repeat":"repeat","background-position":"center center","background-size":"auto","background-attachment":"scroll","background-type":"","background-media":"","overlay-type":"","overlay-color":"","overlay-opacity":"","overlay-gradient":""}},"ast-content-background-meta":{"desktop":{"background-color":"var(--ast-global-color-5)","background-image":"","background-repeat":"repeat","background-position":"center center","background-size":"auto","background-attachment":"scroll","background-type":"","background-media":"","overlay-type":"","overlay-color":"","overlay-opacity":"","overlay-gradient":""},"tablet":{"background-color":"var(--ast-global-color-5)","background-image":"","background-repeat":"repeat","background-position":"center center","background-size":"auto","background-attachment":"scroll","background-type":"","background-media":"","overlay-type":"","overlay-color":"","overlay-opacity":"","overlay-gradient":""},"mobile":{"background-color":"var(--ast-global-color-5)","background-image":"","background-repeat":"repeat","background-position":"center center","background-size":"auto","background-attachment":"scroll","background-type":"","background-media":"","overlay-type":"","overlay-color":"","overlay-opacity":"","overlay-gradient":""}}},"product_brand":[],"product_cat":[2382],"product_tag":[1592,1593,1591,1586,1589,1588,1587,1590,1585,1584,1595,1594],"class_list":{"0":"post-2993","1":"product","2":"type-product","3":"status-publish","4":"has-post-thumbnail","6":"product_cat-buy-opioids-online","7":"product_tag-buy-subutex-in-canada","8":"product_tag-buy-subutex-in-uk","9":"product_tag-buy-subutex-in-usa","10":"product_tag-buy-subutex-with-bitcoin","11":"product_tag-buy-subutex-with-credit-card","12":"product_tag-buy-subutex-with-money-gram","13":"product_tag-buy-subutex-with-western-union","14":"product_tag-buy-subutex-without-a-doctor","15":"product_tag-buy-subutex-without-prescription","16":"product_tag-subutex-for-sale","17":"product_tag-subutex-pills","18":"product_tag-subutex-tablets","19":"desktop-align-center","20":"tablet-align-left","21":"mobile-align-left","23":"first","24":"instock","25":"shipping-taxable","26":"purchasable","27":"product-type-variable","28":"has-default-attributes"},"yoast_head":"<!-- This site is optimized with the Yoast SEO plugin v25.9 - https:\/\/yoast.com\/wordpress\/plugins\/seo\/ -->\n<title>Buy Subtex Online - Subtex for Sale - Order Subtex<\/title>\n<meta name=\"description\" content=\"If you are willing to get Subtex for sale, then we are the right choice for you. Our staff members will help you buy Subtex online at cheap rates. Place your order with us!\" \/>\n<meta name=\"robots\" content=\"index, follow, max-snippet:-1, max-image-preview:large, max-video-preview:-1\" \/>\n<link rel=\"canonical\" href=\"https:\/\/buy-prescriptionz.com\/sv\/produkt\/kop-subutex-online\/\" \/>\n<meta property=\"og:locale\" content=\"sv_SE\" \/>\n<meta property=\"og:type\" content=\"article\" \/>\n<meta property=\"og:title\" content=\"Buy Subtex Online - Subtex for Sale - Order Subtex\" \/>\n<meta property=\"og:description\" content=\"If you are willing to get Subtex for sale, then we are the right choice for you. Our staff members will help you buy Subtex online at cheap rates. Place your order with us!\" \/>\n<meta property=\"og:url\" content=\"https:\/\/buy-prescriptionz.com\/sv\/produkt\/kop-subutex-online\/\" \/>\n<meta property=\"og:site_name\" content=\"Buy Prescriptionz\" \/>\n<meta property=\"article:modified_time\" content=\"2025-09-27T12:06:59+00:00\" \/>\n<meta property=\"og:image\" content=\"https:\/\/buy-prescriptionz.com\/wp-content\/uploads\/2025\/09\/subutex.jpeg\" \/>\n\t<meta property=\"og:image:width\" content=\"400\" \/>\n\t<meta property=\"og:image:height\" content=\"300\" \/>\n\t<meta property=\"og:image:type\" content=\"image\/jpeg\" \/>\n<meta name=\"twitter:card\" content=\"summary_large_image\" \/>\n<meta name=\"twitter:label1\" content=\"Ber\u00e4knad l\u00e4stid\" \/>\n\t<meta name=\"twitter:data1\" content=\"5 minuter\" \/>\n<script type=\"application\/ld+json\" class=\"yoast-schema-graph\">{\"@context\":\"https:\/\/schema.org\",\"@graph\":[{\"@type\":\"WebPage\",\"@id\":\"https:\/\/buy-prescriptionz.com\/product\/buy-subutex-online\/\",\"url\":\"https:\/\/buy-prescriptionz.com\/product\/buy-subutex-online\/\",\"name\":\"Buy Subtex Online - Subtex for Sale - Order Subtex\",\"isPartOf\":{\"@id\":\"https:\/\/buy-prescriptionz.com\/#website\"},\"primaryImageOfPage\":{\"@id\":\"https:\/\/buy-prescriptionz.com\/product\/buy-subutex-online\/#primaryimage\"},\"image\":{\"@id\":\"https:\/\/buy-prescriptionz.com\/product\/buy-subutex-online\/#primaryimage\"},\"thumbnailUrl\":\"https:\/\/buy-prescriptionz.com\/wp-content\/uploads\/2025\/09\/subutex.jpeg\",\"datePublished\":\"2025-09-16T08:55:52+00:00\",\"dateModified\":\"2025-09-27T12:06:59+00:00\",\"description\":\"If you are willing to get Subtex for sale, then we are the right choice for you. Our staff members will help you buy Subtex online at cheap rates. Place your order with us!\",\"breadcrumb\":{\"@id\":\"https:\/\/buy-prescriptionz.com\/product\/buy-subutex-online\/#breadcrumb\"},\"inLanguage\":\"sv-SE\",\"potentialAction\":[{\"@type\":\"ReadAction\",\"target\":[\"https:\/\/buy-prescriptionz.com\/product\/buy-subutex-online\/\"]}]},{\"@type\":\"ImageObject\",\"inLanguage\":\"sv-SE\",\"@id\":\"https:\/\/buy-prescriptionz.com\/product\/buy-subutex-online\/#primaryimage\",\"url\":\"https:\/\/buy-prescriptionz.com\/wp-content\/uploads\/2025\/09\/subutex.jpeg\",\"contentUrl\":\"https:\/\/buy-prescriptionz.com\/wp-content\/uploads\/2025\/09\/subutex.jpeg\",\"width\":400,\"height\":300},{\"@type\":\"BreadcrumbList\",\"@id\":\"https:\/\/buy-prescriptionz.com\/product\/buy-subutex-online\/#breadcrumb\",\"itemListElement\":[{\"@type\":\"ListItem\",\"position\":1,\"name\":\"Home\",\"item\":\"https:\/\/buy-prescriptionz.com\/\"},{\"@type\":\"ListItem\",\"position\":2,\"name\":\"Shop Painkillers Online\",\"item\":\"https:\/\/buy-prescriptionz.com\/shop-painkillers-online\/\"},{\"@type\":\"ListItem\",\"position\":3,\"name\":\"Buy Subutex Online\"}]},{\"@type\":\"WebSite\",\"@id\":\"https:\/\/buy-prescriptionz.com\/#website\",\"url\":\"https:\/\/buy-prescriptionz.com\/\",\"name\":\"Buy Prescriptionz\",\"description\":\"Drugs Online\",\"publisher\":{\"@id\":\"https:\/\/buy-prescriptionz.com\/#organization\"},\"potentialAction\":[{\"@type\":\"SearchAction\",\"target\":{\"@type\":\"EntryPoint\",\"urlTemplate\":\"https:\/\/buy-prescriptionz.com\/?s={search_term_string}\"},\"query-input\":{\"@type\":\"PropertyValueSpecification\",\"valueRequired\":true,\"valueName\":\"search_term_string\"}}],\"inLanguage\":\"sv-SE\"},{\"@type\":\"Organization\",\"@id\":\"https:\/\/buy-prescriptionz.com\/#organization\",\"name\":\"Buy Prescriptionz\",\"url\":\"https:\/\/buy-prescriptionz.com\/\",\"logo\":{\"@type\":\"ImageObject\",\"inLanguage\":\"sv-SE\",\"@id\":\"https:\/\/buy-prescriptionz.com\/#\/schema\/logo\/image\/\",\"url\":\"https:\/\/buy-prescriptionz.com\/wp-content\/uploads\/2023\/09\/logo.png\",\"contentUrl\":\"https:\/\/buy-prescriptionz.com\/wp-content\/uploads\/2023\/09\/logo.png\",\"width\":350,\"height\":64,\"caption\":\"Buy Prescriptionz\"},\"image\":{\"@id\":\"https:\/\/buy-prescriptionz.com\/#\/schema\/logo\/image\/\"}}]}<\/script>\n<!-- \/ Yoast SEO plugin. -->","yoast_head_json":{"title":"K\u00f6p Subutex Online - Subutex f\u00f6r Rea - Best\u00e4ll Subutex","description":"Om du vill k\u00f6pa Subtext till salu, d\u00e5 \u00e4r vi r\u00e4tt val f\u00f6r dig. V\u00e5r personal hj\u00e4lper dig att k\u00f6pa Subutex online till billiga priser. L\u00e4gg din best\u00e4llning hos oss!","robots":{"index":"index","follow":"follow","max-snippet":"max-snippet:-1","max-image-preview":"max-image-preview:large","max-video-preview":"max-video-preview:-1"},"canonical":"https:\/\/buy-prescriptionz.com\/sv\/produkt\/kop-subutex-online\/","og_locale":"sv_SE","og_type":"article","og_title":"Buy Subtex Online - Subtex for Sale - Order Subtex","og_description":"If you are willing to get Subtex for sale, then we are the right choice for you. Our staff members will help you buy Subtex online at cheap rates. Place your order with us!","og_url":"https:\/\/buy-prescriptionz.com\/sv\/produkt\/kop-subutex-online\/","og_site_name":"Buy Prescriptionz","article_modified_time":"2025-09-27T12:06:59+00:00","og_image":[{"width":400,"height":300,"url":"https:\/\/buy-prescriptionz.com\/wp-content\/uploads\/2025\/09\/subutex.jpeg","type":"image\/jpeg"}],"twitter_card":"summary_large_image","twitter_misc":{"Ber\u00e4knad l\u00e4stid":"5 minuter"},"schema":{"@context":"https:\/\/schema.org","@graph":[{"@type":"WebPage","@id":"https:\/\/buy-prescriptionz.com\/product\/buy-subutex-online\/","url":"https:\/\/buy-prescriptionz.com\/product\/buy-subutex-online\/","name":"K\u00f6p Subutex Online - Subutex f\u00f6r Rea - Best\u00e4ll Subutex","isPartOf":{"@id":"https:\/\/buy-prescriptionz.com\/#website"},"primaryImageOfPage":{"@id":"https:\/\/buy-prescriptionz.com\/product\/buy-subutex-online\/#primaryimage"},"image":{"@id":"https:\/\/buy-prescriptionz.com\/product\/buy-subutex-online\/#primaryimage"},"thumbnailUrl":"https:\/\/buy-prescriptionz.com\/wp-content\/uploads\/2025\/09\/subutex.jpeg","datePublished":"2025-09-16T08:55:52+00:00","dateModified":"2025-09-27T12:06:59+00:00","description":"Om du vill k\u00f6pa Subtext till salu, d\u00e5 \u00e4r vi r\u00e4tt val f\u00f6r dig. V\u00e5r personal hj\u00e4lper dig att k\u00f6pa Subutex online till billiga priser. L\u00e4gg din best\u00e4llning hos oss!","breadcrumb":{"@id":"https:\/\/buy-prescriptionz.com\/product\/buy-subutex-online\/#breadcrumb"},"inLanguage":"sv-SE","potentialAction":[{"@type":"ReadAction","target":["https:\/\/buy-prescriptionz.com\/product\/buy-subutex-online\/"]}]},{"@type":"ImageObject","inLanguage":"sv-SE","@id":"https:\/\/buy-prescriptionz.com\/product\/buy-subutex-online\/#primaryimage","url":"https:\/\/buy-prescriptionz.com\/wp-content\/uploads\/2025\/09\/subutex.jpeg","contentUrl":"https:\/\/buy-prescriptionz.com\/wp-content\/uploads\/2025\/09\/subutex.jpeg","width":400,"height":300},{"@type":"BreadcrumbList","@id":"https:\/\/buy-prescriptionz.com\/product\/buy-subutex-online\/#breadcrumb","itemListElement":[{"@type":"ListItem","position":1,"name":"Home","item":"https:\/\/buy-prescriptionz.com\/"},{"@type":"ListItem","position":2,"name":"Shop Painkillers Online","item":"https:\/\/buy-prescriptionz.com\/shop-painkillers-online\/"},{"@type":"ListItem","position":3,"name":"Buy Subutex Online"}]},{"@type":"WebSite","@id":"https:\/\/buy-prescriptionz.com\/#website","url":"https:\/\/buy-prescriptionz.com\/","name":"Buy Prescriptionz","description":"Droger p\u00e5 n\u00e4tet","publisher":{"@id":"https:\/\/buy-prescriptionz.com\/#organization"},"potentialAction":[{"@type":"SearchAction","target":{"@type":"EntryPoint","urlTemplate":"https:\/\/buy-prescriptionz.com\/?s={search_term_string}"},"query-input":{"@type":"PropertyValueSpecification","valueRequired":true,"valueName":"search_term_string"}}],"inLanguage":"sv-SE"},{"@type":"Organization","@id":"https:\/\/buy-prescriptionz.com\/#organization","name":"Buy Prescriptionz","url":"https:\/\/buy-prescriptionz.com\/","logo":{"@type":"ImageObject","inLanguage":"sv-SE","@id":"https:\/\/buy-prescriptionz.com\/#\/schema\/logo\/image\/","url":"https:\/\/buy-prescriptionz.com\/wp-content\/uploads\/2023\/09\/logo.png","contentUrl":"https:\/\/buy-prescriptionz.com\/wp-content\/uploads\/2023\/09\/logo.png","width":350,"height":64,"caption":"Buy Prescriptionz"},"image":{"@id":"https:\/\/buy-prescriptionz.com\/#\/schema\/logo\/image\/"}}]}},"_links":{"self":[{"href":"https:\/\/buy-prescriptionz.com\/sv\/wp-json\/wp\/v2\/product\/2993","targetHints":{"allow":["GET"]}}],"collection":[{"href":"https:\/\/buy-prescriptionz.com\/sv\/wp-json\/wp\/v2\/product"}],"about":[{"href":"https:\/\/buy-prescriptionz.com\/sv\/wp-json\/wp\/v2\/types\/product"}],"replies":[{"embeddable":true,"href":"https:\/\/buy-prescriptionz.com\/sv\/wp-json\/wp\/v2\/comments?post=2993"}],"wp:featuredmedia":[{"embeddable":true,"href":"https:\/\/buy-prescriptionz.com\/sv\/wp-json\/wp\/v2\/media\/3023"}],"wp:attachment":[{"href":"https:\/\/buy-prescriptionz.com\/sv\/wp-json\/wp\/v2\/media?parent=2993"}],"wp:term":[{"taxonomy":"product_brand","embeddable":true,"href":"https:\/\/buy-prescriptionz.com\/sv\/wp-json\/wp\/v2\/product_brand?post=2993"},{"taxonomy":"product_cat","embeddable":true,"href":"https:\/\/buy-prescriptionz.com\/sv\/wp-json\/wp\/v2\/product_cat?post=2993"},{"taxonomy":"product_tag","embeddable":true,"href":"https:\/\/buy-prescriptionz.com\/sv\/wp-json\/wp\/v2\/product_tag?post=2993"}],"curies":[{"name":"wp","href":"https:\/\/api.w.org\/{rel}","templated":true}]}}