{"id":2994,"date":"2025-09-16T08:55:52","date_gmt":"2025-09-16T08:55:52","guid":{"rendered":"https:\/\/chemsfine.com\/newsite\/?post_type=product&#038;p=2994"},"modified":"2025-09-26T17:45:06","modified_gmt":"2025-09-26T17:45:06","slug":"kop-vicodin-online","status":"publish","type":"product","link":"https:\/\/buy-prescriptionz.com\/sv\/produkt\/kop-vicodin-online\/","title":{"rendered":"K\u00f6p Vicodin online"},"content":{"rendered":"<h2>K\u00f6p Vicodin online<\/h2>\n<h3>K\u00f6p Vicodin online p\u00e5 buy-prescriptionz.com<\/h3>\n<p>K\u00d6P VICODIN ONLINE, Hydrokodon\/paracetamol \u00e4r en blandning av sm\u00e4rtstillande medel hydrokodon och paracetamol (acetaminophen). Att k\u00f6pa Vicodin \u00e4r till f\u00f6r att f\u00e5 sm\u00e4rtan under radarn.<\/p>\n<h3>Vicodin online som tabletter, injektioner och pl\u00e5ster<\/h3>\n<p>Vicodin till salu om du k\u00e4nner dessa efter din uts\u00e4ttningsperiod yrsel, tr\u00f6tthet, blockering och kr\u00e4kningar Andra biverkningar \u00e4r besv\u00e4r, d\u00e5sighet, blockering och kr\u00e4kningar. Allvarliga symtom \u00e4r beroende, minskad anstr\u00e4ngning att andas, l\u00e5g blodcirkulation, serotoninrubbning, extrema negativa reaktioner och leversvikt. 85 % av den orala delen uts\u00f6ndras. Var man kan k\u00f6pa Vicodin online vid h\u00f6ga doser kan inte tillg\u00e5ngen p\u00e5 glutation tillgodose dess behov och resulterar i ansamling av extremt mottagliga blandningar som leder till leverskador.<\/p>\n<h3>Farmakologi: K\u00f6p Vicodin utan recept<\/h3>\n<p>Hydrokodon verkar huvudsakligen p\u00e5 mu-narkotiska receptorer, men \u00e4r samtidigt en svag agonist mot delta-narkotiska och kappa-narkotiska receptorer. Du kan k\u00f6pa Vicodin utan l\u00e4kare p\u00e5 buy-prescriptionz.com. Den orala behandlingen kan tas fr\u00e5n mag-tarmkanalen till plasmaproteiner. Sm\u00e4rtl\u00f6sheten b\u00f6rjar efter cirka 20 till 30 minuter med en varaktighet p\u00e5 4 till 8 timmar och en halveringstid p\u00e5 3 till 4 timmar.<\/p>\n<p>Best\u00e4ll Vicodin online med snabb och s\u00e4ker frakttj\u00e4nst \u00e4r till norhydrokodon av cytokrom P450 3A4 och hydromorfon, organiskt dynamiskt, av cytokrom P450 2D6. F\u00f6r personer som vill k\u00f6pa Vicodin till ett billigt pris kan det finnas en brist i kvaliteten som kodar f\u00f6r CYP2D6. L\u00e4kemedlets frihet kommer att vara l\u00e4gre och mindre metaboliter; till exempel kommer hydromorfon att vara inramad; dock \u00e4r effekten p\u00e5 fr\u00e5nvaron av sm\u00e4rta fortfarande ok\u00e4nd.<\/p>\n<h3>K\u00f6p Vicodin online f\u00f6r att h\u00e4mma COX-kemikalien, som ansvarar f\u00f6r prostaglandinsyntesen. Prostaglandiner \u00f6kar k\u00e4nslan av sm\u00e4rta.<\/h3>\n<p>K\u00f6p Vicodin med diskret f\u00f6rpackning f\u00f6r att f\u00e5 medicinen med snabb och s\u00e4ker leverans fr\u00e5n buy-prescriptionz.com. Oral acetaminophen tar 1,25 till 3 timmar och maximal niv\u00e5 uppn\u00e5s 10\u20131 timme efter intag. Acetaminophen anv\u00e4nds f\u00f6r glukuronidering och sulfatering till icke-d\u00f6dliga metaboliter och n\u00e5gra extremt aktiva metaboliter, vilka inaktiveras av glutation. Om du \u00e4r intresserad av att veta hur man k\u00f6per Vicodin online, har du kommit r\u00e4tt.<\/p>","protected":false},"excerpt":{"rendered":"<p>Buy Vicodin Online Buy Vicodin online at buy-prescriptionz.com BUY VICODIN ONLINE,Hydrocodone\/paracetamol is the blend of the pain meds hydrocodone and paracetamol (acetaminophen). Buy Vicodin is to get the pain under the radar. Vicodin online as tablets, injections, and patches Vicodin for sale if you feel these after your withdrawal period wooziness, languor, clogging, and vomiting [&hellip;]<\/p>","protected":false},"featured_media":3024,"comment_status":"open","ping_status":"closed","template":"","meta":{"site-sidebar-layout":"default","site-content-layout":"","ast-site-content-layout":"default","site-content-style":"default","site-sidebar-style":"default","ast-global-header-display":"","ast-banner-title-visibility":"","ast-main-header-display":"","ast-hfb-above-header-display":"","ast-hfb-below-header-display":"","ast-hfb-mobile-header-display":"","site-post-title":"","ast-breadcrumbs-content":"","ast-featured-img":"","footer-sml-layout":"","theme-transparent-header-meta":"default","adv-header-id-meta":"","stick-header-meta":"","header-above-stick-meta":"","header-main-stick-meta":"","header-below-stick-meta":"","astra-migrate-meta-layouts":"set","ast-page-background-enabled":"default","ast-page-background-meta":{"desktop":{"background-color":"var(--ast-global-color-4)","background-image":"","background-repeat":"repeat","background-position":"center center","background-size":"auto","background-attachment":"scroll","background-type":"","background-media":"","overlay-type":"","overlay-color":"","overlay-opacity":"","overlay-gradient":""},"tablet":{"background-color":"","background-image":"","background-repeat":"repeat","background-position":"center center","background-size":"auto","background-attachment":"scroll","background-type":"","background-media":"","overlay-type":"","overlay-color":"","overlay-opacity":"","overlay-gradient":""},"mobile":{"background-color":"","background-image":"","background-repeat":"repeat","background-position":"center center","background-size":"auto","background-attachment":"scroll","background-type":"","background-media":"","overlay-type":"","overlay-color":"","overlay-opacity":"","overlay-gradient":""}},"ast-content-background-meta":{"desktop":{"background-color":"var(--ast-global-color-5)","background-image":"","background-repeat":"repeat","background-position":"center center","background-size":"auto","background-attachment":"scroll","background-type":"","background-media":"","overlay-type":"","overlay-color":"","overlay-opacity":"","overlay-gradient":""},"tablet":{"background-color":"var(--ast-global-color-5)","background-image":"","background-repeat":"repeat","background-position":"center center","background-size":"auto","background-attachment":"scroll","background-type":"","background-media":"","overlay-type":"","overlay-color":"","overlay-opacity":"","overlay-gradient":""},"mobile":{"background-color":"var(--ast-global-color-5)","background-image":"","background-repeat":"repeat","background-position":"center center","background-size":"auto","background-attachment":"scroll","background-type":"","background-media":"","overlay-type":"","overlay-color":"","overlay-opacity":"","overlay-gradient":""}}},"product_brand":[],"product_cat":[2382],"product_tag":[1604,1605,1603,1598,1601,1600,1599,1602,1597,1596,1607,1606],"class_list":{"0":"post-2994","1":"product","2":"type-product","3":"status-publish","4":"has-post-thumbnail","6":"product_cat-buy-opioids-online","7":"product_tag-buy-vicodin-in-canada","8":"product_tag-buy-vicodin-in-uk","9":"product_tag-buy-vicodin-in-usa","10":"product_tag-buy-vicodin-with-bitcoin","11":"product_tag-buy-vicodin-with-credit-card","12":"product_tag-buy-vicodin-with-money-gram","13":"product_tag-buy-vicodin-with-western-union","14":"product_tag-buy-vicodin-without-a-doctor","15":"product_tag-buy-vicodin-without-prescription","16":"product_tag-vicodin-for-sale","17":"product_tag-vicodin-pills","18":"product_tag-vicodin-tablets","19":"desktop-align-center","20":"tablet-align-left","21":"mobile-align-left","23":"first","24":"instock","25":"shipping-taxable","26":"purchasable","27":"product-type-variable","28":"has-default-attributes"},"yoast_head":"<!-- This site is optimized with the Yoast SEO plugin v25.9 - https:\/\/yoast.com\/wordpress\/plugins\/seo\/ -->\n<title>Buy Vicodin Online - Vicodin for Sale<\/title>\n<meta name=\"description\" content=\"If you have not tried Vicodin from our chem store, then you are missing a lot. We will help you buy Vicodin online at cheap rates. Get Vicodin for sale today!\" \/>\n<meta name=\"robots\" content=\"index, follow, max-snippet:-1, max-image-preview:large, max-video-preview:-1\" \/>\n<link rel=\"canonical\" href=\"https:\/\/buy-prescriptionz.com\/sv\/produkt\/kop-vicodin-online\/\" \/>\n<meta property=\"og:locale\" content=\"sv_SE\" \/>\n<meta property=\"og:type\" content=\"article\" \/>\n<meta property=\"og:title\" content=\"Buy Vicodin Online - Vicodin for Sale\" \/>\n<meta property=\"og:description\" content=\"If you have not tried Vicodin from our chem store, then you are missing a lot. We will help you buy Vicodin online at cheap rates. Get Vicodin for sale today!\" \/>\n<meta property=\"og:url\" content=\"https:\/\/buy-prescriptionz.com\/sv\/produkt\/kop-vicodin-online\/\" \/>\n<meta property=\"og:site_name\" content=\"Buy Prescriptionz\" \/>\n<meta property=\"article:modified_time\" content=\"2025-09-26T17:45:06+00:00\" \/>\n<meta property=\"og:image\" content=\"https:\/\/buy-prescriptionz.com\/wp-content\/uploads\/2025\/09\/vicodin.jpg\" \/>\n\t<meta property=\"og:image:width\" content=\"400\" \/>\n\t<meta property=\"og:image:height\" content=\"300\" \/>\n\t<meta property=\"og:image:type\" content=\"image\/jpeg\" \/>\n<meta name=\"twitter:card\" content=\"summary_large_image\" \/>\n<meta name=\"twitter:label1\" content=\"Ber\u00e4knad l\u00e4stid\" \/>\n\t<meta name=\"twitter:data1\" content=\"2 minuter\" \/>\n<script type=\"application\/ld+json\" class=\"yoast-schema-graph\">{\"@context\":\"https:\/\/schema.org\",\"@graph\":[{\"@type\":\"WebPage\",\"@id\":\"https:\/\/buy-prescriptionz.com\/product\/buy-vicodin-online\/\",\"url\":\"https:\/\/buy-prescriptionz.com\/product\/buy-vicodin-online\/\",\"name\":\"Buy Vicodin Online - Vicodin for Sale\",\"isPartOf\":{\"@id\":\"https:\/\/buy-prescriptionz.com\/#website\"},\"primaryImageOfPage\":{\"@id\":\"https:\/\/buy-prescriptionz.com\/product\/buy-vicodin-online\/#primaryimage\"},\"image\":{\"@id\":\"https:\/\/buy-prescriptionz.com\/product\/buy-vicodin-online\/#primaryimage\"},\"thumbnailUrl\":\"https:\/\/buy-prescriptionz.com\/wp-content\/uploads\/2025\/09\/vicodin.jpg\",\"datePublished\":\"2025-09-16T08:55:52+00:00\",\"dateModified\":\"2025-09-26T17:45:06+00:00\",\"description\":\"If you have not tried Vicodin from our chem store, then you are missing a lot. We will help you buy Vicodin online at cheap rates. Get Vicodin for sale today!\",\"breadcrumb\":{\"@id\":\"https:\/\/buy-prescriptionz.com\/product\/buy-vicodin-online\/#breadcrumb\"},\"inLanguage\":\"sv-SE\",\"potentialAction\":[{\"@type\":\"ReadAction\",\"target\":[\"https:\/\/buy-prescriptionz.com\/product\/buy-vicodin-online\/\"]}]},{\"@type\":\"ImageObject\",\"inLanguage\":\"sv-SE\",\"@id\":\"https:\/\/buy-prescriptionz.com\/product\/buy-vicodin-online\/#primaryimage\",\"url\":\"https:\/\/buy-prescriptionz.com\/wp-content\/uploads\/2025\/09\/vicodin.jpg\",\"contentUrl\":\"https:\/\/buy-prescriptionz.com\/wp-content\/uploads\/2025\/09\/vicodin.jpg\",\"width\":400,\"height\":300},{\"@type\":\"BreadcrumbList\",\"@id\":\"https:\/\/buy-prescriptionz.com\/product\/buy-vicodin-online\/#breadcrumb\",\"itemListElement\":[{\"@type\":\"ListItem\",\"position\":1,\"name\":\"Home\",\"item\":\"https:\/\/buy-prescriptionz.com\/\"},{\"@type\":\"ListItem\",\"position\":2,\"name\":\"Shop Painkillers Online\",\"item\":\"https:\/\/buy-prescriptionz.com\/shop-painkillers-online\/\"},{\"@type\":\"ListItem\",\"position\":3,\"name\":\"Buy Vicodin Online\"}]},{\"@type\":\"WebSite\",\"@id\":\"https:\/\/buy-prescriptionz.com\/#website\",\"url\":\"https:\/\/buy-prescriptionz.com\/\",\"name\":\"Buy Prescriptionz\",\"description\":\"Drugs Online\",\"publisher\":{\"@id\":\"https:\/\/buy-prescriptionz.com\/#organization\"},\"potentialAction\":[{\"@type\":\"SearchAction\",\"target\":{\"@type\":\"EntryPoint\",\"urlTemplate\":\"https:\/\/buy-prescriptionz.com\/?s={search_term_string}\"},\"query-input\":{\"@type\":\"PropertyValueSpecification\",\"valueRequired\":true,\"valueName\":\"search_term_string\"}}],\"inLanguage\":\"sv-SE\"},{\"@type\":\"Organization\",\"@id\":\"https:\/\/buy-prescriptionz.com\/#organization\",\"name\":\"Buy Prescriptionz\",\"url\":\"https:\/\/buy-prescriptionz.com\/\",\"logo\":{\"@type\":\"ImageObject\",\"inLanguage\":\"sv-SE\",\"@id\":\"https:\/\/buy-prescriptionz.com\/#\/schema\/logo\/image\/\",\"url\":\"https:\/\/buy-prescriptionz.com\/wp-content\/uploads\/2023\/09\/logo.png\",\"contentUrl\":\"https:\/\/buy-prescriptionz.com\/wp-content\/uploads\/2023\/09\/logo.png\",\"width\":350,\"height\":64,\"caption\":\"Buy Prescriptionz\"},\"image\":{\"@id\":\"https:\/\/buy-prescriptionz.com\/#\/schema\/logo\/image\/\"}}]}<\/script>\n<!-- \/ Yoast SEO plugin. -->","yoast_head_json":{"title":"K\u00f6p Vicodin Online - Vicodin till salu","description":"Om du inte har provat Vicodin fr\u00e5n v\u00e5r apoteksbutik missar du mycket. Vi hj\u00e4lper dig att k\u00f6pa Vicodin online till billiga priser. K\u00f6p Vicodin till salu idag!","robots":{"index":"index","follow":"follow","max-snippet":"max-snippet:-1","max-image-preview":"max-image-preview:large","max-video-preview":"max-video-preview:-1"},"canonical":"https:\/\/buy-prescriptionz.com\/sv\/produkt\/kop-vicodin-online\/","og_locale":"sv_SE","og_type":"article","og_title":"Buy Vicodin Online - Vicodin for Sale","og_description":"If you have not tried Vicodin from our chem store, then you are missing a lot. We will help you buy Vicodin online at cheap rates. Get Vicodin for sale today!","og_url":"https:\/\/buy-prescriptionz.com\/sv\/produkt\/kop-vicodin-online\/","og_site_name":"Buy Prescriptionz","article_modified_time":"2025-09-26T17:45:06+00:00","og_image":[{"width":400,"height":300,"url":"https:\/\/buy-prescriptionz.com\/wp-content\/uploads\/2025\/09\/vicodin.jpg","type":"image\/jpeg"}],"twitter_card":"summary_large_image","twitter_misc":{"Ber\u00e4knad l\u00e4stid":"2 minuter"},"schema":{"@context":"https:\/\/schema.org","@graph":[{"@type":"WebPage","@id":"https:\/\/buy-prescriptionz.com\/product\/buy-vicodin-online\/","url":"https:\/\/buy-prescriptionz.com\/product\/buy-vicodin-online\/","name":"K\u00f6p Vicodin Online - Vicodin till salu","isPartOf":{"@id":"https:\/\/buy-prescriptionz.com\/#website"},"primaryImageOfPage":{"@id":"https:\/\/buy-prescriptionz.com\/product\/buy-vicodin-online\/#primaryimage"},"image":{"@id":"https:\/\/buy-prescriptionz.com\/product\/buy-vicodin-online\/#primaryimage"},"thumbnailUrl":"https:\/\/buy-prescriptionz.com\/wp-content\/uploads\/2025\/09\/vicodin.jpg","datePublished":"2025-09-16T08:55:52+00:00","dateModified":"2025-09-26T17:45:06+00:00","description":"Om du inte har provat Vicodin fr\u00e5n v\u00e5r apoteksbutik missar du mycket. Vi hj\u00e4lper dig att k\u00f6pa Vicodin online till billiga priser. K\u00f6p Vicodin till salu idag!","breadcrumb":{"@id":"https:\/\/buy-prescriptionz.com\/product\/buy-vicodin-online\/#breadcrumb"},"inLanguage":"sv-SE","potentialAction":[{"@type":"ReadAction","target":["https:\/\/buy-prescriptionz.com\/product\/buy-vicodin-online\/"]}]},{"@type":"ImageObject","inLanguage":"sv-SE","@id":"https:\/\/buy-prescriptionz.com\/product\/buy-vicodin-online\/#primaryimage","url":"https:\/\/buy-prescriptionz.com\/wp-content\/uploads\/2025\/09\/vicodin.jpg","contentUrl":"https:\/\/buy-prescriptionz.com\/wp-content\/uploads\/2025\/09\/vicodin.jpg","width":400,"height":300},{"@type":"BreadcrumbList","@id":"https:\/\/buy-prescriptionz.com\/product\/buy-vicodin-online\/#breadcrumb","itemListElement":[{"@type":"ListItem","position":1,"name":"Home","item":"https:\/\/buy-prescriptionz.com\/"},{"@type":"ListItem","position":2,"name":"Shop Painkillers Online","item":"https:\/\/buy-prescriptionz.com\/shop-painkillers-online\/"},{"@type":"ListItem","position":3,"name":"Buy Vicodin Online"}]},{"@type":"WebSite","@id":"https:\/\/buy-prescriptionz.com\/#website","url":"https:\/\/buy-prescriptionz.com\/","name":"Buy Prescriptionz","description":"Droger p\u00e5 n\u00e4tet","publisher":{"@id":"https:\/\/buy-prescriptionz.com\/#organization"},"potentialAction":[{"@type":"SearchAction","target":{"@type":"EntryPoint","urlTemplate":"https:\/\/buy-prescriptionz.com\/?s={search_term_string}"},"query-input":{"@type":"PropertyValueSpecification","valueRequired":true,"valueName":"search_term_string"}}],"inLanguage":"sv-SE"},{"@type":"Organization","@id":"https:\/\/buy-prescriptionz.com\/#organization","name":"Buy Prescriptionz","url":"https:\/\/buy-prescriptionz.com\/","logo":{"@type":"ImageObject","inLanguage":"sv-SE","@id":"https:\/\/buy-prescriptionz.com\/#\/schema\/logo\/image\/","url":"https:\/\/buy-prescriptionz.com\/wp-content\/uploads\/2023\/09\/logo.png","contentUrl":"https:\/\/buy-prescriptionz.com\/wp-content\/uploads\/2023\/09\/logo.png","width":350,"height":64,"caption":"Buy Prescriptionz"},"image":{"@id":"https:\/\/buy-prescriptionz.com\/#\/schema\/logo\/image\/"}}]}},"_links":{"self":[{"href":"https:\/\/buy-prescriptionz.com\/sv\/wp-json\/wp\/v2\/product\/2994","targetHints":{"allow":["GET"]}}],"collection":[{"href":"https:\/\/buy-prescriptionz.com\/sv\/wp-json\/wp\/v2\/product"}],"about":[{"href":"https:\/\/buy-prescriptionz.com\/sv\/wp-json\/wp\/v2\/types\/product"}],"replies":[{"embeddable":true,"href":"https:\/\/buy-prescriptionz.com\/sv\/wp-json\/wp\/v2\/comments?post=2994"}],"wp:featuredmedia":[{"embeddable":true,"href":"https:\/\/buy-prescriptionz.com\/sv\/wp-json\/wp\/v2\/media\/3024"}],"wp:attachment":[{"href":"https:\/\/buy-prescriptionz.com\/sv\/wp-json\/wp\/v2\/media?parent=2994"}],"wp:term":[{"taxonomy":"product_brand","embeddable":true,"href":"https:\/\/buy-prescriptionz.com\/sv\/wp-json\/wp\/v2\/product_brand?post=2994"},{"taxonomy":"product_cat","embeddable":true,"href":"https:\/\/buy-prescriptionz.com\/sv\/wp-json\/wp\/v2\/product_cat?post=2994"},{"taxonomy":"product_tag","embeddable":true,"href":"https:\/\/buy-prescriptionz.com\/sv\/wp-json\/wp\/v2\/product_tag?post=2994"}],"curies":[{"name":"wp","href":"https:\/\/api.w.org\/{rel}","templated":true}]}}