{"id":2995,"date":"2025-09-16T08:55:52","date_gmt":"2025-09-16T08:55:52","guid":{"rendered":"https:\/\/chemsfine.com\/newsite\/?post_type=product&#038;p=2995"},"modified":"2026-03-26T18:00:50","modified_gmt":"2026-03-26T18:00:50","slug":"kop-tramadol-online","status":"publish","type":"product","link":"https:\/\/buy-prescriptionz.com\/sv\/produkt\/kop-tramadol-online\/","title":{"rendered":"K\u00f6p Tramadol online"},"content":{"rendered":"<h2>K\u00f6p Tramadol online<\/h2>\n<p>K\u00f6p Tramadol utan l\u00e4kare p\u00e5 buy-prescriptionz.com Buy Tramadol Online,Tramadol \u00e4r ett narkotiskt sm\u00e4rtrecept som anv\u00e4nds vid kronisk sm\u00e4rta. K\u00f6p Tramadol online f\u00f6r att ta genom munnen i en snabbutl\u00f6sningsformel, lindringen av obehaget b\u00f6rjar f\u00f6r det mesta runt en timme. Det \u00e4r tillg\u00e4ngligt genom injektion. K\u00f6p Tramadol i blandning med paracetamol eller ....<\/p>\n<h3>Tramadol till salu i doser 100 mg och 50 mg<\/h3>\n<p>Tramadol online verkar genom officiella \u00e5tg\u00e4rder mot \u03bc-narkotiska receptorer p\u00e5 neuroner. Det \u00e4r en serotonin-noradrenalin\u00e5terupptagsh\u00e4mmare. Den omvandlas i levern till O-desmetyltramadol, ett narkotiskt medel med en starkare koppling till \u03bc-narkotiska receptorer. Du m\u00e5ste leta runt \u00f6verallt efter detta \u00e4mne f\u00f6r din kroniska sm\u00e4rta, och du beh\u00f6ver veta hur man k\u00f6per Tramadol online. Svaret \u00e4r enkelt som andra, k\u00f6p det p\u00e5 buy-prescriptionz.com. K\u00f6p Tramadol utan recept f\u00f6r dess sm\u00e4rtlindrande effekter tar cirka en timme att bli aktiva och 2 till 4 timmar att toppa efter oral administrering med en snabb fris\u00e4ttningsformulering. Tramadol har ungef\u00e4r en tiondel av intensiteten av morfin och \u00e4r lika kraftfullt j\u00e4mf\u00f6rt med petidin och kodein. Desmetramadol \u00e4r ensamt ansvarig f\u00f6r de narkotiska effekterna av tramadol. B\u00e5de tramadol och desmetramadol har uttalad selektivitet f\u00f6r MOR j\u00e4mf\u00f6rt med DOR och KOR vad g\u00e4ller att begr\u00e4nsa affiniteten.<\/p>\n<p>Tramadol \u00e4r ett allm\u00e4nt f\u00f6rskrivet l\u00e4kemedel som anv\u00e4nds f\u00f6r behandling av m\u00e5ttlig till m\u00e5ttligt sv\u00e5r sm\u00e4rta. Det \u00e4r ett opioidbaserat sm\u00e4rtstillande medel som verkar genom att f\u00f6r\u00e4ndra hur hj\u00e4rnan och nervsystemet reagerar p\u00e5 sm\u00e4rta, vilket ger effektiv lindring f\u00f6r en m\u00e4ngd olika tillst\u00e5nd. Den fr\u00e4msta f\u00f6rdelen med Tramadol \u00e4r dess m\u00e5ngsidighet vid behandling av olika typer av sm\u00e4rta, oavsett om de \u00e4r akuta eller kroniska. Det anv\u00e4nds ofta f\u00f6r tillst\u00e5nd som postoperativ sm\u00e4rta, artrit och andra muskuloskeletala sm\u00e4rtsjukdomar. Tramadols f\u00f6rm\u00e5ga att hantera sm\u00e4rta effektivt kan avsev\u00e4rt f\u00f6rb\u00e4ttra patientens livskvalitet, vilket g\u00f6r det m\u00f6jligt f\u00f6r dem att utf\u00f6ra dagliga aktiviteter med mindre obehag. Tramadol finns i olika former, inklusive formuleringar med omedelbar fris\u00e4ttning och f\u00f6rl\u00e4ngd fris\u00e4ttning, vilket erbjuder flexibilitet i doseringen f\u00f6r att m\u00f6ta individuella patientbehov. Versionen med f\u00f6rl\u00e4ngd fris\u00e4ttning ger f\u00f6rl\u00e4ngd sm\u00e4rtlindring, vilket minskar behovet av flera doser under dagen. F\u00f6rutom sina sm\u00e4rtlindrande egenskaper tolereras Tramadol i allm\u00e4nhet v\u00e4l n\u00e4r det anv\u00e4nds enligt anvisningarna. Det har en l\u00e4gre potential f\u00f6r beroende och missbruk j\u00e4mf\u00f6rt med andra starkare opioider, vilket g\u00f6r det till ett s\u00e4krare alternativ f\u00f6r m\u00e5nga patienter. Det \u00e4r dock fortfarande viktigt att anv\u00e4nda Tramadol under \u00f6verinseende av en v\u00e5rdgivare f\u00f6r att undvika potentiella biverkningar och interaktioner med andra l\u00e4kemedel. F\u00f6r de som vill k\u00f6pa den b\u00e4sta Tramadolen bekv\u00e4mt och s\u00e4kert erbjuder onlinek\u00e4llor som buy-prescriptionz.com ett p\u00e5litligt alternativ. Denna plattform s\u00e4kerst\u00e4ller att patienter f\u00e5r \u00e4kta l\u00e4kemedel, vilket bibeh\u00e5ller b\u00e5de effektiviteten och s\u00e4kerheten i behandlingen. Tramadol \u00e4r ett effektivt och m\u00e5ngsidigt sm\u00e4rtlindringalternativ som avsev\u00e4rt kan f\u00f6rb\u00e4ttra livskvaliteten f\u00f6r patienter med olika sm\u00e4rttillst\u00e5nd. N\u00e4r det k\u00f6ps fr\u00e5n det b\u00e4sta apoteket som buy-prescriptionz.com kan patienter vara s\u00e4kra p\u00e5 att de f\u00e5r autentisk och h\u00f6gkvalitativ medicin.<\/p>\n<h3>M\u00e4ngden tillg\u00e4nglig tramadol<\/h3>\n<p>Best\u00e4ll Tramadol online i tillg\u00e4ngliga m\u00e4ngder i form av v\u00e4tskor, siraper, droppar, elixir, bubbeltabletter och pulver f\u00f6r blandning med vatten, beh\u00e5llare, tabletter inklusive f\u00f6rl\u00e4ngda utskrivningsplaner, suppositorier, exacerberande pulver och injektioner. Du kan ocks\u00e5 k\u00f6pa Tramadol online med snabb och s\u00e4ker leveransservice p\u00e5 buy-prescriptionz.com.<\/p>\n<h3>K\u00f6p Tramadol med diskret f\u00f6rpackning var du vill<\/h3>\n<p>K\u00f6p Tramadol till ett billigt pris som p\u00e5verkar narkotiska receptorer genom sin betydande dynamiska metabolit desmetramadol, som har upp till 700 g\u00e5nger h\u00f6gre k\u00e4nslighet f\u00f6r MOR. Tramadol finns tillg\u00e4ngligt med snabba och s\u00e4kra leveranstj\u00e4nster, men har i sig visat sig vara otillr\u00e4ckligt effektivt f\u00f6r att aktivera MOR i den anv\u00e4ndbara unders\u00f6kningen. Det finns inte mycket att gissa om var man kan k\u00f6pa Tramadol online eftersom dess effektivitet \u00e4r lika h\u00f6g som morfin; f\u00f6r extrem sm\u00e4rta \u00e4r det mindre effektivt \u00e4n morfin. Dessa sm\u00e4rtstillande effekter varar i cirka 6 timmar.<\/p>","protected":false},"excerpt":{"rendered":"<p>Buy Tramadol Online Buy Tramadol Online,Tramadol is a narcotic pain prescription used for chronic pain. Buy Tramadol online to take by mouth in a fast discharge formula, the relief from discomfort, for the most part, starts around an hour. It is accessible by injection. Buy Tramadol in blend with paracetamol or as longer-acting formulations. Tramadol [&hellip;]<\/p>","protected":false},"featured_media":3025,"comment_status":"open","ping_status":"closed","template":"","meta":{"site-sidebar-layout":"default","site-content-layout":"","ast-site-content-layout":"default","site-content-style":"default","site-sidebar-style":"default","ast-global-header-display":"","ast-banner-title-visibility":"","ast-main-header-display":"","ast-hfb-above-header-display":"","ast-hfb-below-header-display":"","ast-hfb-mobile-header-display":"","site-post-title":"","ast-breadcrumbs-content":"","ast-featured-img":"","footer-sml-layout":"","theme-transparent-header-meta":"default","adv-header-id-meta":"","stick-header-meta":"","header-above-stick-meta":"","header-main-stick-meta":"","header-below-stick-meta":"","astra-migrate-meta-layouts":"set","ast-page-background-enabled":"default","ast-page-background-meta":{"desktop":{"background-color":"var(--ast-global-color-4)","background-image":"","background-repeat":"repeat","background-position":"center center","background-size":"auto","background-attachment":"scroll","background-type":"","background-media":"","overlay-type":"","overlay-color":"","overlay-opacity":"","overlay-gradient":""},"tablet":{"background-color":"","background-image":"","background-repeat":"repeat","background-position":"center center","background-size":"auto","background-attachment":"scroll","background-type":"","background-media":"","overlay-type":"","overlay-color":"","overlay-opacity":"","overlay-gradient":""},"mobile":{"background-color":"","background-image":"","background-repeat":"repeat","background-position":"center center","background-size":"auto","background-attachment":"scroll","background-type":"","background-media":"","overlay-type":"","overlay-color":"","overlay-opacity":"","overlay-gradient":""}},"ast-content-background-meta":{"desktop":{"background-color":"var(--ast-global-color-5)","background-image":"","background-repeat":"repeat","background-position":"center center","background-size":"auto","background-attachment":"scroll","background-type":"","background-media":"","overlay-type":"","overlay-color":"","overlay-opacity":"","overlay-gradient":""},"tablet":{"background-color":"var(--ast-global-color-5)","background-image":"","background-repeat":"repeat","background-position":"center center","background-size":"auto","background-attachment":"scroll","background-type":"","background-media":"","overlay-type":"","overlay-color":"","overlay-opacity":"","overlay-gradient":""},"mobile":{"background-color":"var(--ast-global-color-5)","background-image":"","background-repeat":"repeat","background-position":"center center","background-size":"auto","background-attachment":"scroll","background-type":"","background-media":"","overlay-type":"","overlay-color":"","overlay-opacity":"","overlay-gradient":""}}},"product_brand":[],"product_cat":[2382],"product_tag":[1545,1546,1544,1539,1542,1541,1540,1543,1538,1537,1548,1547],"class_list":{"0":"post-2995","1":"product","2":"type-product","3":"status-publish","4":"has-post-thumbnail","6":"product_cat-buy-opioids-online","7":"product_tag-buy-tramadol-in-canada","8":"product_tag-buy-tramadol-in-uk","9":"product_tag-buy-tramadol-in-usa","10":"product_tag-buy-tramadol-with-bitcoin","11":"product_tag-buy-tramadol-with-credit-card","12":"product_tag-buy-tramadol-with-money-gram","13":"product_tag-buy-tramadol-with-western-union","14":"product_tag-buy-tramadol-without-a-doctor","15":"product_tag-buy-tramadol-without-prescription","16":"product_tag-tramadol-for-sale","17":"product_tag-tramadol-pills","18":"product_tag-tramadol-tablets","19":"desktop-align-center","20":"tablet-align-left","21":"mobile-align-left","23":"first","24":"instock","25":"shipping-taxable","26":"purchasable","27":"product-type-variable","28":"has-default-attributes"},"yoast_head":"<!-- This site is optimized with the Yoast SEO plugin v25.9 - https:\/\/yoast.com\/wordpress\/plugins\/seo\/ -->\n<title>Buy Tramadol Online - Tramadol for Sale Online<\/title>\n<meta name=\"description\" content=\"At our chem store, you can get Tramadol for sale at cheap rates. We deal with a-grade quality products only. Buy Tramadol online from our store now. Place your order right away!\" \/>\n<meta name=\"robots\" content=\"index, follow, max-snippet:-1, max-image-preview:large, max-video-preview:-1\" \/>\n<link rel=\"canonical\" href=\"https:\/\/buy-prescriptionz.com\/sv\/produkt\/kop-tramadol-online\/\" \/>\n<meta property=\"og:locale\" content=\"sv_SE\" \/>\n<meta property=\"og:type\" content=\"article\" \/>\n<meta property=\"og:title\" content=\"Buy Tramadol Online - Tramadol for Sale Online\" \/>\n<meta property=\"og:description\" content=\"At our chem store, you can get Tramadol for sale at cheap rates. We deal with a-grade quality products only. Buy Tramadol online from our store now. Place your order right away!\" \/>\n<meta property=\"og:url\" content=\"https:\/\/buy-prescriptionz.com\/sv\/produkt\/kop-tramadol-online\/\" \/>\n<meta property=\"og:site_name\" content=\"Buy Prescriptionz\" \/>\n<meta property=\"article:modified_time\" content=\"2026-03-26T18:00:50+00:00\" \/>\n<meta property=\"og:image\" content=\"https:\/\/buy-prescriptionz.com\/wp-content\/uploads\/2025\/09\/tramadol.jpg\" \/>\n\t<meta property=\"og:image:width\" content=\"400\" \/>\n\t<meta property=\"og:image:height\" content=\"300\" \/>\n\t<meta property=\"og:image:type\" content=\"image\/jpeg\" \/>\n<meta name=\"twitter:card\" content=\"summary_large_image\" \/>\n<meta name=\"twitter:label1\" content=\"Ber\u00e4knad l\u00e4stid\" \/>\n\t<meta name=\"twitter:data1\" content=\"2 minuter\" \/>\n<script type=\"application\/ld+json\" class=\"yoast-schema-graph\">{\"@context\":\"https:\/\/schema.org\",\"@graph\":[{\"@type\":\"WebPage\",\"@id\":\"https:\/\/buy-prescriptionz.com\/product\/buy-tramadol-online\/\",\"url\":\"https:\/\/buy-prescriptionz.com\/product\/buy-tramadol-online\/\",\"name\":\"Buy Tramadol Online - Tramadol for Sale Online\",\"isPartOf\":{\"@id\":\"https:\/\/buy-prescriptionz.com\/#website\"},\"primaryImageOfPage\":{\"@id\":\"https:\/\/buy-prescriptionz.com\/product\/buy-tramadol-online\/#primaryimage\"},\"image\":{\"@id\":\"https:\/\/buy-prescriptionz.com\/product\/buy-tramadol-online\/#primaryimage\"},\"thumbnailUrl\":\"https:\/\/buy-prescriptionz.com\/wp-content\/uploads\/2025\/09\/tramadol.jpg\",\"datePublished\":\"2025-09-16T08:55:52+00:00\",\"dateModified\":\"2026-03-26T18:00:50+00:00\",\"description\":\"At our chem store, you can get Tramadol for sale at cheap rates. We deal with a-grade quality products only. Buy Tramadol online from our store now. Place your order right away!\",\"breadcrumb\":{\"@id\":\"https:\/\/buy-prescriptionz.com\/product\/buy-tramadol-online\/#breadcrumb\"},\"inLanguage\":\"sv-SE\",\"potentialAction\":[{\"@type\":\"ReadAction\",\"target\":[\"https:\/\/buy-prescriptionz.com\/product\/buy-tramadol-online\/\"]}]},{\"@type\":\"ImageObject\",\"inLanguage\":\"sv-SE\",\"@id\":\"https:\/\/buy-prescriptionz.com\/product\/buy-tramadol-online\/#primaryimage\",\"url\":\"https:\/\/buy-prescriptionz.com\/wp-content\/uploads\/2025\/09\/tramadol.jpg\",\"contentUrl\":\"https:\/\/buy-prescriptionz.com\/wp-content\/uploads\/2025\/09\/tramadol.jpg\",\"width\":400,\"height\":300},{\"@type\":\"BreadcrumbList\",\"@id\":\"https:\/\/buy-prescriptionz.com\/product\/buy-tramadol-online\/#breadcrumb\",\"itemListElement\":[{\"@type\":\"ListItem\",\"position\":1,\"name\":\"Home\",\"item\":\"https:\/\/buy-prescriptionz.com\/\"},{\"@type\":\"ListItem\",\"position\":2,\"name\":\"Shop Painkillers Online\",\"item\":\"https:\/\/buy-prescriptionz.com\/shop-painkillers-online\/\"},{\"@type\":\"ListItem\",\"position\":3,\"name\":\"Buy Tramadol Online\"}]},{\"@type\":\"WebSite\",\"@id\":\"https:\/\/buy-prescriptionz.com\/#website\",\"url\":\"https:\/\/buy-prescriptionz.com\/\",\"name\":\"Buy Prescriptionz\",\"description\":\"Drugs Online\",\"publisher\":{\"@id\":\"https:\/\/buy-prescriptionz.com\/#organization\"},\"potentialAction\":[{\"@type\":\"SearchAction\",\"target\":{\"@type\":\"EntryPoint\",\"urlTemplate\":\"https:\/\/buy-prescriptionz.com\/?s={search_term_string}\"},\"query-input\":{\"@type\":\"PropertyValueSpecification\",\"valueRequired\":true,\"valueName\":\"search_term_string\"}}],\"inLanguage\":\"sv-SE\"},{\"@type\":\"Organization\",\"@id\":\"https:\/\/buy-prescriptionz.com\/#organization\",\"name\":\"Buy Prescriptionz\",\"url\":\"https:\/\/buy-prescriptionz.com\/\",\"logo\":{\"@type\":\"ImageObject\",\"inLanguage\":\"sv-SE\",\"@id\":\"https:\/\/buy-prescriptionz.com\/#\/schema\/logo\/image\/\",\"url\":\"https:\/\/buy-prescriptionz.com\/wp-content\/uploads\/2023\/09\/logo.png\",\"contentUrl\":\"https:\/\/buy-prescriptionz.com\/wp-content\/uploads\/2023\/09\/logo.png\",\"width\":350,\"height\":64,\"caption\":\"Buy Prescriptionz\"},\"image\":{\"@id\":\"https:\/\/buy-prescriptionz.com\/#\/schema\/logo\/image\/\"}}]}<\/script>\n<!-- \/ Yoast SEO plugin. -->","yoast_head_json":{"title":"K\u00f6p Tramadol Online - Tramadol till salu online","description":"I v\u00e5r kembutik kan du k\u00f6pa Tramadol till l\u00e5ga priser. Vi anv\u00e4nder endast produkter av h\u00f6gsta kvalitet. K\u00f6p Tramadol online fr\u00e5n v\u00e5r butik nu. L\u00e4gg din best\u00e4llning direkt!","robots":{"index":"index","follow":"follow","max-snippet":"max-snippet:-1","max-image-preview":"max-image-preview:large","max-video-preview":"max-video-preview:-1"},"canonical":"https:\/\/buy-prescriptionz.com\/sv\/produkt\/kop-tramadol-online\/","og_locale":"sv_SE","og_type":"article","og_title":"Buy Tramadol Online - Tramadol for Sale Online","og_description":"At our chem store, you can get Tramadol for sale at cheap rates. We deal with a-grade quality products only. Buy Tramadol online from our store now. Place your order right away!","og_url":"https:\/\/buy-prescriptionz.com\/sv\/produkt\/kop-tramadol-online\/","og_site_name":"Buy Prescriptionz","article_modified_time":"2026-03-26T18:00:50+00:00","og_image":[{"width":400,"height":300,"url":"https:\/\/buy-prescriptionz.com\/wp-content\/uploads\/2025\/09\/tramadol.jpg","type":"image\/jpeg"}],"twitter_card":"summary_large_image","twitter_misc":{"Ber\u00e4knad l\u00e4stid":"2 minuter"},"schema":{"@context":"https:\/\/schema.org","@graph":[{"@type":"WebPage","@id":"https:\/\/buy-prescriptionz.com\/product\/buy-tramadol-online\/","url":"https:\/\/buy-prescriptionz.com\/product\/buy-tramadol-online\/","name":"K\u00f6p Tramadol Online - Tramadol till salu online","isPartOf":{"@id":"https:\/\/buy-prescriptionz.com\/#website"},"primaryImageOfPage":{"@id":"https:\/\/buy-prescriptionz.com\/product\/buy-tramadol-online\/#primaryimage"},"image":{"@id":"https:\/\/buy-prescriptionz.com\/product\/buy-tramadol-online\/#primaryimage"},"thumbnailUrl":"https:\/\/buy-prescriptionz.com\/wp-content\/uploads\/2025\/09\/tramadol.jpg","datePublished":"2025-09-16T08:55:52+00:00","dateModified":"2026-03-26T18:00:50+00:00","description":"I v\u00e5r kembutik kan du k\u00f6pa Tramadol till l\u00e5ga priser. Vi anv\u00e4nder endast produkter av h\u00f6gsta kvalitet. K\u00f6p Tramadol online fr\u00e5n v\u00e5r butik nu. L\u00e4gg din best\u00e4llning direkt!","breadcrumb":{"@id":"https:\/\/buy-prescriptionz.com\/product\/buy-tramadol-online\/#breadcrumb"},"inLanguage":"sv-SE","potentialAction":[{"@type":"ReadAction","target":["https:\/\/buy-prescriptionz.com\/product\/buy-tramadol-online\/"]}]},{"@type":"ImageObject","inLanguage":"sv-SE","@id":"https:\/\/buy-prescriptionz.com\/product\/buy-tramadol-online\/#primaryimage","url":"https:\/\/buy-prescriptionz.com\/wp-content\/uploads\/2025\/09\/tramadol.jpg","contentUrl":"https:\/\/buy-prescriptionz.com\/wp-content\/uploads\/2025\/09\/tramadol.jpg","width":400,"height":300},{"@type":"BreadcrumbList","@id":"https:\/\/buy-prescriptionz.com\/product\/buy-tramadol-online\/#breadcrumb","itemListElement":[{"@type":"ListItem","position":1,"name":"Home","item":"https:\/\/buy-prescriptionz.com\/"},{"@type":"ListItem","position":2,"name":"Shop Painkillers Online","item":"https:\/\/buy-prescriptionz.com\/shop-painkillers-online\/"},{"@type":"ListItem","position":3,"name":"Buy Tramadol Online"}]},{"@type":"WebSite","@id":"https:\/\/buy-prescriptionz.com\/#website","url":"https:\/\/buy-prescriptionz.com\/","name":"Buy Prescriptionz","description":"Droger p\u00e5 n\u00e4tet","publisher":{"@id":"https:\/\/buy-prescriptionz.com\/#organization"},"potentialAction":[{"@type":"SearchAction","target":{"@type":"EntryPoint","urlTemplate":"https:\/\/buy-prescriptionz.com\/?s={search_term_string}"},"query-input":{"@type":"PropertyValueSpecification","valueRequired":true,"valueName":"search_term_string"}}],"inLanguage":"sv-SE"},{"@type":"Organization","@id":"https:\/\/buy-prescriptionz.com\/#organization","name":"Buy Prescriptionz","url":"https:\/\/buy-prescriptionz.com\/","logo":{"@type":"ImageObject","inLanguage":"sv-SE","@id":"https:\/\/buy-prescriptionz.com\/#\/schema\/logo\/image\/","url":"https:\/\/buy-prescriptionz.com\/wp-content\/uploads\/2023\/09\/logo.png","contentUrl":"https:\/\/buy-prescriptionz.com\/wp-content\/uploads\/2023\/09\/logo.png","width":350,"height":64,"caption":"Buy Prescriptionz"},"image":{"@id":"https:\/\/buy-prescriptionz.com\/#\/schema\/logo\/image\/"}}]}},"_links":{"self":[{"href":"https:\/\/buy-prescriptionz.com\/sv\/wp-json\/wp\/v2\/product\/2995","targetHints":{"allow":["GET"]}}],"collection":[{"href":"https:\/\/buy-prescriptionz.com\/sv\/wp-json\/wp\/v2\/product"}],"about":[{"href":"https:\/\/buy-prescriptionz.com\/sv\/wp-json\/wp\/v2\/types\/product"}],"replies":[{"embeddable":true,"href":"https:\/\/buy-prescriptionz.com\/sv\/wp-json\/wp\/v2\/comments?post=2995"}],"wp:featuredmedia":[{"embeddable":true,"href":"https:\/\/buy-prescriptionz.com\/sv\/wp-json\/wp\/v2\/media\/3025"}],"wp:attachment":[{"href":"https:\/\/buy-prescriptionz.com\/sv\/wp-json\/wp\/v2\/media?parent=2995"}],"wp:term":[{"taxonomy":"product_brand","embeddable":true,"href":"https:\/\/buy-prescriptionz.com\/sv\/wp-json\/wp\/v2\/product_brand?post=2995"},{"taxonomy":"product_cat","embeddable":true,"href":"https:\/\/buy-prescriptionz.com\/sv\/wp-json\/wp\/v2\/product_cat?post=2995"},{"taxonomy":"product_tag","embeddable":true,"href":"https:\/\/buy-prescriptionz.com\/sv\/wp-json\/wp\/v2\/product_tag?post=2995"}],"curies":[{"name":"wp","href":"https:\/\/api.w.org\/{rel}","templated":true}]}}