{"id":2997,"date":"2025-09-16T08:55:53","date_gmt":"2025-09-16T08:55:53","guid":{"rendered":"https:\/\/chemsfine.com\/newsite\/?post_type=product&#038;p=2997"},"modified":"2025-09-22T05:13:48","modified_gmt":"2025-09-22T05:13:48","slug":"kop-hydrokodon-online","status":"publish","type":"product","link":"https:\/\/buy-prescriptionz.com\/sv\/produkt\/kop-hydrokodon-online\/","title":{"rendered":"K\u00f6p Hydrocodone online"},"content":{"rendered":"<h2>K\u00d6PA HYDROKODON P\u00c5 N\u00c4TET<\/h2>\n<p>Buy hydrocodone online ,Hydrocodone is used for relieve moderate to severe pain. It is an <a href=\"https:\/\/buy-prescriptionz.com\/sv\/\">opioid<\/a> sm\u00e4rtlindring. Hydrokodon verkar i hj\u00e4rnan f\u00f6r att f\u00f6r\u00e4ndra hur m\u00e4nniskokroppen k\u00e4nner och reagerar p\u00e5 sm\u00e4rta.<\/p>\n<h3>EGENSKAPER HOS HYDROKODON<\/h3>\n<p>Hydrokodon \u00e4r en stark sm\u00e4rtstillande effekt och kan minska hosta genom att verka p\u00e5 luftv\u00e4garna och minska deras spasmer. Det ing\u00e5r i flera sm\u00e4rtstillande medel, inklusive andra medicinska komponenter.<\/p>\n<h3>B\u00d6R K\u00c4NNA TILL F\u00d6RSIKTIGHETS\u00c5TG\u00c4RDER F\u00d6R HYDROKODON<\/h3>\n<p>Du b\u00f6r inte anv\u00e4nda hydrokodon om du \u00e4r allergisk mot det. Om du anv\u00e4nder detta medan du \u00e4r gravid kan ditt barn bli beroende av l\u00e4kemedlet. Dessa kan grunda livshotande abstinenssymtom hos barnet efter att det har f\u00f6tts.<\/p>\n<h3>BIEFFEKTER<\/h3>\n<p>astma eller andningsproblem, eller<br \/>\nEn blockering i magen eller tarmarna.<br \/>\nHuvudskada, hj\u00e4rntum\u00f6r eller kramper;<\/p>\n<h3>Problem med urinering;<\/h3>\n<p>Bullrig andning, suckande, ytlig andning;<br \/>\nLever- eller njursjukdom;<\/p>\n<p>Detta \u00e4r inte en fullst\u00e4ndig lista \u00f6ver biverkningar och andra kan f\u00f6rekomma. Ring din l\u00e4kare f\u00f6r ytterligare medicinska r\u00e5d om biverkningar.<\/p>\n<p>Hydrokodon \u00e4r ett kraftfullt opioidbaserat sm\u00e4rtstillande medel som anv\u00e4nds f\u00f6r att behandla m\u00e5ttlig till sv\u00e5r sm\u00e4rta, och f\u00f6rskrivs ofta n\u00e4r andra sm\u00e4rtstillande medel inte \u00e4r effektiva. Det anv\u00e4nds ocks\u00e5 i kombination med paracetamol eller ibuprofen f\u00f6r att f\u00f6rst\u00e4rka dess sm\u00e4rtlindrande effekter.<\/p>\n<h3>\u00d6versikt<\/h3>\n<ul>\n<li>Sammans\u00e4ttning: Det b\u00e4sta hydrokodonet kombineras ofta med paracetamol eller ibuprofen f\u00f6r att \u00f6ka dess effekt.<\/li>\n<li>Anv\u00e4ndning: Det ordineras f\u00f6r hantering av sv\u00e5r sm\u00e4rta fr\u00e5n skador, operationer eller kroniska tillst\u00e5nd som inte svarar p\u00e5 andra l\u00e4kemedel.<\/li>\n<li>Former: Finns i tablett-, kapsel- och flytande form, vilket m\u00f6jligg\u00f6r flexibilitet i administrering baserat p\u00e5 patientens behov.<\/li>\n<\/ul>\n<h3>F\u00f6rdelar<\/h3>\n<ol>\n<li>Effektiv sm\u00e4rtlindring: Hydrokodon \u00e4r mycket effektivt f\u00f6r att lindra m\u00e5ttlig till sv\u00e5r sm\u00e4rta, vilket g\u00f6r det l\u00e4mpligt f\u00f6r patienter som beh\u00f6ver stark sm\u00e4rtlindring.<\/li>\n<li>F\u00f6rb\u00e4ttrad effekt: I kombination med paracetamol eller ibuprofen f\u00f6rst\u00e4rks hydrokodons sm\u00e4rtlindrande effekter, vilket ger b\u00e4ttre lindring \u00e4n att anv\u00e4nda varje komponent f\u00f6r sig.<\/li>\n<li>F\u00f6rb\u00e4ttrad livskvalitet: Effektiv sm\u00e4rtbehandling med hydrokodon kan leda till betydande f\u00f6rb\u00e4ttringar av patientens livskvalitet, vilket m\u00f6jligg\u00f6r \u00f6kad funktionalitet och komfort i dagliga aktiviteter.<\/li>\n<li>Flexibilitet i behandlingen: Hydrokodon finns i flera formuleringar och kan skr\u00e4ddarsys f\u00f6r att m\u00f6ta specifika patientbehov, oavsett om de beh\u00f6ver omedelbar eller f\u00f6rl\u00e4ngd sm\u00e4rtlindring.<\/li>\n<\/ol>\n<p>Hydrokodon \u00e4r ett potent opioidbaserat sm\u00e4rtstillande medel som erbjuder betydande f\u00f6rdelar vid hantering av m\u00e5ttlig till sv\u00e5r sm\u00e4rta. Dess kombination med andra sm\u00e4rtstillande medel som paracetamol eller ibuprofen \u00f6kar dess effektivitet och ger omfattande sm\u00e4rtlindring. F\u00f6r de som s\u00f6ker bekv\u00e4m och p\u00e5litlig tillg\u00e5ng till hydrokodon erbjuder onlinek\u00e4llor som buy-prescriptionz.com ett p\u00e5litligt alternativ. F\u00f6r att s\u00e4kerst\u00e4lla l\u00e4kemedlets \u00e4kthet och kvalitet kan det b\u00e4sta apoteket buy-prescriptionz.com hj\u00e4lpa patienter att hantera sin sm\u00e4rta effektivt och s\u00e4kert. N\u00e4r det anv\u00e4nds under medicinsk \u00f6vervakning kan hydrokodon avsev\u00e4rt f\u00f6rb\u00e4ttra livskvaliteten f\u00f6r personer som lider av sv\u00e5r sm\u00e4rta.<\/p>\n<h3>PROBLEM MED MISSAD DOS<\/h3>\n<p>Eftersom hydrokodon anv\u00e4nds som sm\u00e4rtlindring \u00e4r det inte troligt att du missar en dos. Hoppa \u00f6ver den missade dosen om det \u00e4r dags f\u00f6r n\u00e4sta dos. Anv\u00e4nd inte tv\u00e5 doser samtidigt.<\/p>\n<h3>\u00d6VERDOSERING GER IBLAND UPPHOV TILL F\u00d6LJANDE PROBLEM<\/h3>\n<p>\u00d6verdosering kan vara d\u00f6dlig, s\u00e4rskilt om du anv\u00e4nder l\u00e4kemedlet utan recept. \u00d6verdosering kan inneb\u00e4ra l\u00e5ngsam hj\u00e4rtfrekvens, muskelsvaghet, sv\u00e5r s\u00f6mnighet, kall och kladdig hud, pinpoint pupiller, mycket l\u00e5ngsam andning eller koma.<\/p>\n<h3>LAGRING AV HYDROKODON<\/h3>\n<p>F\u00f6rvara detta l\u00e4kemedel i den beh\u00e5llare som det levereras i, ordentligt st\u00e4ngd och utom r\u00e4ckh\u00e5ll f\u00f6r barn. F\u00f6rvara detta vid rumstemperatur och bort fr\u00e5n \u00f6verdriven v\u00e4rme och fukt (inte i badrummet). Spola denna medicin som \u00e4r f\u00f6r\u00e5ldrad eller inte l\u00e4ngre beh\u00f6vs i toaletten. Det \u00e4r viktigt att f\u00f6rvara medicinen utom synh\u00e5ll och utom r\u00e4ckh\u00e5ll f\u00f6r barn. F\u00f6r att skydda dina barn fr\u00e5n f\u00f6rgiftning ska du alltid l\u00e5sa s\u00e4kerhetslocken och omedelbart placera medicinen p\u00e5 en s\u00e4ker plats - en plats som \u00e4r upp och bort och utom deras syn- och r\u00e4ckh\u00e5ll.<\/p>\n<h3>VAR KAN MAN K\u00d6PA B\u00c4STA HYDROCODONE ONLINE?<\/h3>\n<p>Du kan k\u00f6pa Hydrocodone om du \u00e4r s\u00e4ker p\u00e5 att du inte har kontraindikationer f\u00f6r anv\u00e4ndning av detta l\u00e4kemedel. Innan du k\u00f6per Hydrocodone online ska du d\u00e4rf\u00f6r g\u00f6ra en l\u00e4karunders\u00f6kning. V\u00e4lj b\u00e4sta Hydrocodone kommer inte att anv\u00e4ndas utan recept under l\u00e5ng tid.<\/p>\n<p>K\u00f6p original Hydrocodone av god kvalitet fr\u00e5n buyprescriptionz. Vi erbjuder de b\u00e4sta priserna och problemfria betalningss\u00e4tt. Skaffa Hydrocodone och bli \u00e4ntligen av med obeveklig sm\u00e4rta. G\u00f6r dina dagliga uppgifter utan obehag och tillbringa dina dagar av vila och \u00e5terh\u00e4mtning i lugn och ro i st\u00e4llet f\u00f6r att lida hela dagen och hela natten.<\/p>","protected":false},"excerpt":{"rendered":"<p>BUY HYDROCODONE ONLINE Buy hydrocodone online ,Hydrocodone is used for relieve moderate to severe pain. It is an opioid pain reliever. Hydrocodone works in the brain to change how human body feels and responds to pain. FEATURES OF HYDROCODONE Hydrocodone is a strong pain-killer action and able to reduce cough by means of the action [&hellip;]<\/p>","protected":false},"featured_media":3027,"comment_status":"open","ping_status":"closed","template":"","meta":{"site-sidebar-layout":"default","site-content-layout":"","ast-site-content-layout":"default","site-content-style":"default","site-sidebar-style":"default","ast-global-header-display":"","ast-banner-title-visibility":"","ast-main-header-display":"","ast-hfb-above-header-display":"","ast-hfb-below-header-display":"","ast-hfb-mobile-header-display":"","site-post-title":"","ast-breadcrumbs-content":"","ast-featured-img":"","footer-sml-layout":"","theme-transparent-header-meta":"default","adv-header-id-meta":"","stick-header-meta":"","header-above-stick-meta":"","header-main-stick-meta":"","header-below-stick-meta":"","astra-migrate-meta-layouts":"set","ast-page-background-enabled":"default","ast-page-background-meta":{"desktop":{"background-color":"var(--ast-global-color-4)","background-image":"","background-repeat":"repeat","background-position":"center center","background-size":"auto","background-attachment":"scroll","background-type":"","background-media":"","overlay-type":"","overlay-color":"","overlay-opacity":"","overlay-gradient":""},"tablet":{"background-color":"","background-image":"","background-repeat":"repeat","background-position":"center center","background-size":"auto","background-attachment":"scroll","background-type":"","background-media":"","overlay-type":"","overlay-color":"","overlay-opacity":"","overlay-gradient":""},"mobile":{"background-color":"","background-image":"","background-repeat":"repeat","background-position":"center center","background-size":"auto","background-attachment":"scroll","background-type":"","background-media":"","overlay-type":"","overlay-color":"","overlay-opacity":"","overlay-gradient":""}},"ast-content-background-meta":{"desktop":{"background-color":"var(--ast-global-color-5)","background-image":"","background-repeat":"repeat","background-position":"center center","background-size":"auto","background-attachment":"scroll","background-type":"","background-media":"","overlay-type":"","overlay-color":"","overlay-opacity":"","overlay-gradient":""},"tablet":{"background-color":"var(--ast-global-color-5)","background-image":"","background-repeat":"repeat","background-position":"center center","background-size":"auto","background-attachment":"scroll","background-type":"","background-media":"","overlay-type":"","overlay-color":"","overlay-opacity":"","overlay-gradient":""},"mobile":{"background-color":"var(--ast-global-color-5)","background-image":"","background-repeat":"repeat","background-position":"center center","background-size":"auto","background-attachment":"scroll","background-type":"","background-media":"","overlay-type":"","overlay-color":"","overlay-opacity":"","overlay-gradient":""}}},"product_brand":[],"product_cat":[2382],"product_tag":[1521,1522,1520,1515,1518,1517,1516,1519,1514,1513,1524,1523],"class_list":{"0":"post-2997","1":"product","2":"type-product","3":"status-publish","4":"has-post-thumbnail","6":"product_cat-buy-opioids-online","7":"product_tag-buy-hydrocodone-in-canada","8":"product_tag-buy-hydrocodone-in-uk","9":"product_tag-buy-hydrocodone-in-usa","10":"product_tag-buy-hydrocodone-with-bitcoin","11":"product_tag-buy-hydrocodone-with-credit-card","12":"product_tag-buy-hydrocodone-with-money-gram","13":"product_tag-buy-hydrocodone-with-western-union","14":"product_tag-buy-hydrocodone-without-a-doctor","15":"product_tag-buy-hydrocodone-without-prescription","16":"product_tag-hydrocodone-for-sale","17":"product_tag-hydrocodone-pills","18":"product_tag-hydrocodone-tablets","19":"desktop-align-center","20":"tablet-align-left","21":"mobile-align-left","23":"first","24":"instock","25":"shipping-taxable","26":"purchasable","27":"product-type-variable","28":"has-default-attributes"},"yoast_head":"<!-- This site is optimized with the Yoast SEO plugin v25.9 - https:\/\/yoast.com\/wordpress\/plugins\/seo\/ -->\n<title>Buy hydrocodone online, Order hydrocodone online USA, Pain Relief<\/title>\n<meta name=\"description\" content=\"Buy hydrocodone online. Buy hydrocodone online in the USA and Canada all States with overnight shipping. No Rx need to get hydrocodone online\" \/>\n<meta name=\"robots\" content=\"index, follow, max-snippet:-1, max-image-preview:large, max-video-preview:-1\" \/>\n<link rel=\"canonical\" href=\"https:\/\/buy-prescriptionz.com\/sv\/produkt\/kop-hydrokodon-online\/\" \/>\n<meta property=\"og:locale\" content=\"sv_SE\" \/>\n<meta property=\"og:type\" content=\"article\" \/>\n<meta property=\"og:title\" content=\"Buy hydrocodone online, Order hydrocodone online USA, Pain Relief\" \/>\n<meta property=\"og:description\" content=\"Buy hydrocodone online. Buy hydrocodone online in the USA and Canada all States with overnight shipping. No Rx need to get hydrocodone online\" \/>\n<meta property=\"og:url\" content=\"https:\/\/buy-prescriptionz.com\/sv\/produkt\/kop-hydrokodon-online\/\" \/>\n<meta property=\"og:site_name\" content=\"Buy Prescriptionz\" \/>\n<meta property=\"article:modified_time\" content=\"2025-09-22T05:13:48+00:00\" \/>\n<meta property=\"og:image\" content=\"https:\/\/buy-prescriptionz.com\/wp-content\/uploads\/2025\/09\/hydrocodone.jpg\" \/>\n\t<meta property=\"og:image:width\" content=\"400\" \/>\n\t<meta property=\"og:image:height\" content=\"300\" \/>\n\t<meta property=\"og:image:type\" content=\"image\/jpeg\" \/>\n<meta name=\"twitter:card\" content=\"summary_large_image\" \/>\n<meta name=\"twitter:label1\" content=\"Ber\u00e4knad l\u00e4stid\" \/>\n\t<meta name=\"twitter:data1\" content=\"4 minuter\" \/>\n<script type=\"application\/ld+json\" class=\"yoast-schema-graph\">{\"@context\":\"https:\/\/schema.org\",\"@graph\":[{\"@type\":\"WebPage\",\"@id\":\"https:\/\/buy-prescriptionz.com\/product\/buy-hydrocodone-online\/\",\"url\":\"https:\/\/buy-prescriptionz.com\/product\/buy-hydrocodone-online\/\",\"name\":\"Buy hydrocodone online, Order hydrocodone online USA, Pain Relief\",\"isPartOf\":{\"@id\":\"https:\/\/buy-prescriptionz.com\/#website\"},\"primaryImageOfPage\":{\"@id\":\"https:\/\/buy-prescriptionz.com\/product\/buy-hydrocodone-online\/#primaryimage\"},\"image\":{\"@id\":\"https:\/\/buy-prescriptionz.com\/product\/buy-hydrocodone-online\/#primaryimage\"},\"thumbnailUrl\":\"https:\/\/buy-prescriptionz.com\/wp-content\/uploads\/2025\/09\/hydrocodone.jpg\",\"datePublished\":\"2025-09-16T08:55:53+00:00\",\"dateModified\":\"2025-09-22T05:13:48+00:00\",\"description\":\"Buy hydrocodone online. Buy hydrocodone online in the USA and Canada all States with overnight shipping. No Rx need to get hydrocodone online\",\"breadcrumb\":{\"@id\":\"https:\/\/buy-prescriptionz.com\/product\/buy-hydrocodone-online\/#breadcrumb\"},\"inLanguage\":\"sv-SE\",\"potentialAction\":[{\"@type\":\"ReadAction\",\"target\":[\"https:\/\/buy-prescriptionz.com\/product\/buy-hydrocodone-online\/\"]}]},{\"@type\":\"ImageObject\",\"inLanguage\":\"sv-SE\",\"@id\":\"https:\/\/buy-prescriptionz.com\/product\/buy-hydrocodone-online\/#primaryimage\",\"url\":\"https:\/\/buy-prescriptionz.com\/wp-content\/uploads\/2025\/09\/hydrocodone.jpg\",\"contentUrl\":\"https:\/\/buy-prescriptionz.com\/wp-content\/uploads\/2025\/09\/hydrocodone.jpg\",\"width\":400,\"height\":300},{\"@type\":\"BreadcrumbList\",\"@id\":\"https:\/\/buy-prescriptionz.com\/product\/buy-hydrocodone-online\/#breadcrumb\",\"itemListElement\":[{\"@type\":\"ListItem\",\"position\":1,\"name\":\"Home\",\"item\":\"https:\/\/buy-prescriptionz.com\/\"},{\"@type\":\"ListItem\",\"position\":2,\"name\":\"Shop Painkillers Online\",\"item\":\"https:\/\/buy-prescriptionz.com\/shop-painkillers-online\/\"},{\"@type\":\"ListItem\",\"position\":3,\"name\":\"Buy Hydrocodone Online\"}]},{\"@type\":\"WebSite\",\"@id\":\"https:\/\/buy-prescriptionz.com\/#website\",\"url\":\"https:\/\/buy-prescriptionz.com\/\",\"name\":\"Buy Prescriptionz\",\"description\":\"Drugs Online\",\"publisher\":{\"@id\":\"https:\/\/buy-prescriptionz.com\/#organization\"},\"potentialAction\":[{\"@type\":\"SearchAction\",\"target\":{\"@type\":\"EntryPoint\",\"urlTemplate\":\"https:\/\/buy-prescriptionz.com\/?s={search_term_string}\"},\"query-input\":{\"@type\":\"PropertyValueSpecification\",\"valueRequired\":true,\"valueName\":\"search_term_string\"}}],\"inLanguage\":\"sv-SE\"},{\"@type\":\"Organization\",\"@id\":\"https:\/\/buy-prescriptionz.com\/#organization\",\"name\":\"Buy Prescriptionz\",\"url\":\"https:\/\/buy-prescriptionz.com\/\",\"logo\":{\"@type\":\"ImageObject\",\"inLanguage\":\"sv-SE\",\"@id\":\"https:\/\/buy-prescriptionz.com\/#\/schema\/logo\/image\/\",\"url\":\"https:\/\/buy-prescriptionz.com\/wp-content\/uploads\/2023\/09\/logo.png\",\"contentUrl\":\"https:\/\/buy-prescriptionz.com\/wp-content\/uploads\/2023\/09\/logo.png\",\"width\":350,\"height\":64,\"caption\":\"Buy Prescriptionz\"},\"image\":{\"@id\":\"https:\/\/buy-prescriptionz.com\/#\/schema\/logo\/image\/\"}}]}<\/script>\n<!-- \/ Yoast SEO plugin. -->","yoast_head_json":{"title":"K\u00f6p hydrocodone online, Best\u00e4ll hydrocodone online USA, Sm\u00e4rtlindring","description":"K\u00f6p hydrokodon online. K\u00f6p hydrocodone online i USA och Kanada alla stater med \u00f6ver natten. Ingen Rx beh\u00f6ver f\u00f6r att f\u00e5 hydrocodone online","robots":{"index":"index","follow":"follow","max-snippet":"max-snippet:-1","max-image-preview":"max-image-preview:large","max-video-preview":"max-video-preview:-1"},"canonical":"https:\/\/buy-prescriptionz.com\/sv\/produkt\/kop-hydrokodon-online\/","og_locale":"sv_SE","og_type":"article","og_title":"Buy hydrocodone online, Order hydrocodone online USA, Pain Relief","og_description":"Buy hydrocodone online. Buy hydrocodone online in the USA and Canada all States with overnight shipping. No Rx need to get hydrocodone online","og_url":"https:\/\/buy-prescriptionz.com\/sv\/produkt\/kop-hydrokodon-online\/","og_site_name":"Buy Prescriptionz","article_modified_time":"2025-09-22T05:13:48+00:00","og_image":[{"width":400,"height":300,"url":"https:\/\/buy-prescriptionz.com\/wp-content\/uploads\/2025\/09\/hydrocodone.jpg","type":"image\/jpeg"}],"twitter_card":"summary_large_image","twitter_misc":{"Ber\u00e4knad l\u00e4stid":"4 minuter"},"schema":{"@context":"https:\/\/schema.org","@graph":[{"@type":"WebPage","@id":"https:\/\/buy-prescriptionz.com\/product\/buy-hydrocodone-online\/","url":"https:\/\/buy-prescriptionz.com\/product\/buy-hydrocodone-online\/","name":"K\u00f6p hydrocodone online, Best\u00e4ll hydrocodone online USA, Sm\u00e4rtlindring","isPartOf":{"@id":"https:\/\/buy-prescriptionz.com\/#website"},"primaryImageOfPage":{"@id":"https:\/\/buy-prescriptionz.com\/product\/buy-hydrocodone-online\/#primaryimage"},"image":{"@id":"https:\/\/buy-prescriptionz.com\/product\/buy-hydrocodone-online\/#primaryimage"},"thumbnailUrl":"https:\/\/buy-prescriptionz.com\/wp-content\/uploads\/2025\/09\/hydrocodone.jpg","datePublished":"2025-09-16T08:55:53+00:00","dateModified":"2025-09-22T05:13:48+00:00","description":"K\u00f6p hydrokodon online. K\u00f6p hydrocodone online i USA och Kanada alla stater med \u00f6ver natten. Ingen Rx beh\u00f6ver f\u00f6r att f\u00e5 hydrocodone online","breadcrumb":{"@id":"https:\/\/buy-prescriptionz.com\/product\/buy-hydrocodone-online\/#breadcrumb"},"inLanguage":"sv-SE","potentialAction":[{"@type":"ReadAction","target":["https:\/\/buy-prescriptionz.com\/product\/buy-hydrocodone-online\/"]}]},{"@type":"ImageObject","inLanguage":"sv-SE","@id":"https:\/\/buy-prescriptionz.com\/product\/buy-hydrocodone-online\/#primaryimage","url":"https:\/\/buy-prescriptionz.com\/wp-content\/uploads\/2025\/09\/hydrocodone.jpg","contentUrl":"https:\/\/buy-prescriptionz.com\/wp-content\/uploads\/2025\/09\/hydrocodone.jpg","width":400,"height":300},{"@type":"BreadcrumbList","@id":"https:\/\/buy-prescriptionz.com\/product\/buy-hydrocodone-online\/#breadcrumb","itemListElement":[{"@type":"ListItem","position":1,"name":"Home","item":"https:\/\/buy-prescriptionz.com\/"},{"@type":"ListItem","position":2,"name":"Shop Painkillers Online","item":"https:\/\/buy-prescriptionz.com\/shop-painkillers-online\/"},{"@type":"ListItem","position":3,"name":"Buy Hydrocodone Online"}]},{"@type":"WebSite","@id":"https:\/\/buy-prescriptionz.com\/#website","url":"https:\/\/buy-prescriptionz.com\/","name":"Buy Prescriptionz","description":"Droger p\u00e5 n\u00e4tet","publisher":{"@id":"https:\/\/buy-prescriptionz.com\/#organization"},"potentialAction":[{"@type":"SearchAction","target":{"@type":"EntryPoint","urlTemplate":"https:\/\/buy-prescriptionz.com\/?s={search_term_string}"},"query-input":{"@type":"PropertyValueSpecification","valueRequired":true,"valueName":"search_term_string"}}],"inLanguage":"sv-SE"},{"@type":"Organization","@id":"https:\/\/buy-prescriptionz.com\/#organization","name":"Buy Prescriptionz","url":"https:\/\/buy-prescriptionz.com\/","logo":{"@type":"ImageObject","inLanguage":"sv-SE","@id":"https:\/\/buy-prescriptionz.com\/#\/schema\/logo\/image\/","url":"https:\/\/buy-prescriptionz.com\/wp-content\/uploads\/2023\/09\/logo.png","contentUrl":"https:\/\/buy-prescriptionz.com\/wp-content\/uploads\/2023\/09\/logo.png","width":350,"height":64,"caption":"Buy Prescriptionz"},"image":{"@id":"https:\/\/buy-prescriptionz.com\/#\/schema\/logo\/image\/"}}]}},"_links":{"self":[{"href":"https:\/\/buy-prescriptionz.com\/sv\/wp-json\/wp\/v2\/product\/2997","targetHints":{"allow":["GET"]}}],"collection":[{"href":"https:\/\/buy-prescriptionz.com\/sv\/wp-json\/wp\/v2\/product"}],"about":[{"href":"https:\/\/buy-prescriptionz.com\/sv\/wp-json\/wp\/v2\/types\/product"}],"replies":[{"embeddable":true,"href":"https:\/\/buy-prescriptionz.com\/sv\/wp-json\/wp\/v2\/comments?post=2997"}],"wp:featuredmedia":[{"embeddable":true,"href":"https:\/\/buy-prescriptionz.com\/sv\/wp-json\/wp\/v2\/media\/3027"}],"wp:attachment":[{"href":"https:\/\/buy-prescriptionz.com\/sv\/wp-json\/wp\/v2\/media?parent=2997"}],"wp:term":[{"taxonomy":"product_brand","embeddable":true,"href":"https:\/\/buy-prescriptionz.com\/sv\/wp-json\/wp\/v2\/product_brand?post=2997"},{"taxonomy":"product_cat","embeddable":true,"href":"https:\/\/buy-prescriptionz.com\/sv\/wp-json\/wp\/v2\/product_cat?post=2997"},{"taxonomy":"product_tag","embeddable":true,"href":"https:\/\/buy-prescriptionz.com\/sv\/wp-json\/wp\/v2\/product_tag?post=2997"}],"curies":[{"name":"wp","href":"https:\/\/api.w.org\/{rel}","templated":true}]}}