{"id":2998,"date":"2025-09-16T08:55:53","date_gmt":"2025-09-16T08:55:53","guid":{"rendered":"https:\/\/chemsfine.com\/newsite\/?post_type=product&#038;p=2998"},"modified":"2025-09-23T06:49:43","modified_gmt":"2025-09-23T06:49:43","slug":"kop-levacetylmetadol-online","status":"publish","type":"product","link":"https:\/\/buy-prescriptionz.com\/sv\/produkt\/kop-levacetylmetadol-online\/","title":{"rendered":"K\u00f6p Levacetylmethadol online"},"content":{"rendered":"<h2>K\u00d6PA LEVACETYLMETHADOL ONLINE<\/h2>\n<p>K\u00f6p Levacetylmethadol online ,Levacetymethadol \u00e4r ett syntetiskt opioidbed\u00f6vningsmedel med m\u00e5nga r\u00f6relser som kvantitativt liknar dem som morfin, varav de mest framtr\u00e4dande ber\u00f6r det centrala nervsystemet och organ som best\u00e5r av glatt muskulatur. Det \u00e4r dock mer aktivt och mer giftigt \u00e4n andra.<\/p>\n<h3>EGENSKAPER HOS LEVACETYLMETHADOL<\/h3>\n<p>Det \u00e4r ett narkotiskt sm\u00e4rtlindrande medel med l\u00e5ng verkningstid. Det anv\u00e4nds fr\u00e4mst f\u00f6r behandling av narkotikarelaterat beroende.<\/p>\n<h3>\u00d6versikt och f\u00f6rdelar med Levacetylmetadol<\/h3>\n<p>Levacetylmetadol \u00e4r en syntetisk opioid som fr\u00e4mst anv\u00e4nds f\u00f6r sm\u00e4rtlindring och behandling av opioidberoende. Levacetylmetadol \u00e4r k\u00e4nt f\u00f6r sin l\u00e4ngre verkningstid j\u00e4mf\u00f6rt med andra opioider och hj\u00e4lper till att minska doseringsfrekvensen, vilket \u00e4r f\u00f6rdelaktigt f\u00f6r patienter som k\u00e4mpar med att f\u00f6lja ett strikt medicineringsschema. Det verkar p\u00e5 centrala nervsystemet f\u00f6r att lindra sm\u00e4rta och mildra abstinensbesv\u00e4r hos dem som genomg\u00e5r behandling f\u00f6r opioidberoende.<\/p>\n<h3>F\u00f6rdelar<\/h3>\n<ol>\n<li>F\u00f6rl\u00e4ngd verkningstid: Levacetylmetadols l\u00e5ngvariga effekter inneb\u00e4r att f\u00e4rre doser beh\u00f6vs, vilket f\u00f6renklar medicineringsrutiner och f\u00f6rb\u00e4ttrar f\u00f6ljsamheten.<\/li>\n<li>Effektiv sm\u00e4rtlindring: Den ger betydande lindring av kronisk sm\u00e4rta, vilket g\u00f6r den till ett v\u00e4rdefullt alternativ f\u00f6r patienter med ih\u00e5llande sm\u00e4rttillst\u00e5nd.<\/li>\n<li>Behandling av opioidberoende: Den \u00e4r effektiv f\u00f6r att minska abstinenssymtom och sug, vilket hj\u00e4lper till i \u00e5terh\u00e4mtningsprocessen f\u00f6r personer med opioidberoende.<\/li>\n<li>Minskad risk f\u00f6r biverkningar: J\u00e4mf\u00f6rt med andra opioider har levacetylmetadol en l\u00e4gre risk att orsaka andningsdepression och eufori, vilket g\u00f6r det s\u00e4krare f\u00f6r l\u00e5ngvarig anv\u00e4ndning.<\/li>\n<li>F\u00f6rb\u00e4ttrad livskvalitet: Genom att hantera sm\u00e4rta och st\u00f6dja \u00e5terh\u00e4mtning fr\u00e5n missbruk hj\u00e4lper Levacetylmetadol till att f\u00f6rb\u00e4ttra det allm\u00e4nna v\u00e4lbefinnandet och funktionaliteten i det dagliga livet.<\/li>\n<\/ol>\n<p>Att k\u00f6pa Levacetylmetadol fr\u00e5n det b\u00e4sta apoteket buy-prescriptionz.com erbjuder flera f\u00f6rdelar. Det ger effektiv sm\u00e4rtlindring och \u00e4r ett v\u00e4rdefullt verktyg vid behandling av opioidberoende p\u00e5 grund av dess f\u00f6rl\u00e4ngda verkningstid. Detta l\u00e4kemedels l\u00e4gre risk f\u00f6r allvarliga biverkningar g\u00f6r det till ett s\u00e4krare val f\u00f6r dem som beh\u00f6ver l\u00e5ngvarig opioidbehandling. Genom att v\u00e4lja Levacetylmetadol fr\u00e5n en p\u00e5litlig k\u00e4lla som buy-prescriptionz.com kan patienter f\u00e5 tillg\u00e5ng till ett h\u00f6gkvalitativt l\u00e4kemedel som avsev\u00e4rt kan f\u00f6rb\u00e4ttra deras livskvalitet.<\/p>\n<h3>BIEFFEKTER<\/h3>\n<p>k\u00e4nsla av att inte m\u00e5 bra (oh\u00e4lsa)<\/p>\n<p>S\u00f6mnl\u00f6shet.<br \/>\nSvaghet.<br \/>\nBuksm\u00e4rta.<br \/>\nF\u00f6rstoppning.<br \/>\nLedv\u00e4rk.<br \/>\nNervositet.<br \/>\nSvettning.<\/p>\n<h3>F\u00d6RSIKTIGHETS\u00c5TG\u00c4RDER F\u00d6R LEVACETYLMETHADOL.<\/h3>\n<p>l acetat ges vanligtvis tre g\u00e5nger i veckan, antingen m\u00e5ndag, onsdag och fredag eller tisdag, torsdag och l\u00f6rdag. Om abstinensproblem uppst\u00e5r under det 72 timmar l\u00e5nga intervallet mellan doserna kan den f\u00f6reg\u00e5ende dosen \u00f6kas.<br \/>\nDe vanliga doserna av levometadylacetat f\u00e5r inte ges under p\u00e5 varandra f\u00f6ljande dagar p\u00e5 grund av risken f\u00f6r d\u00f6dlig \u00f6verdosering. Ingen dos som n\u00e4mns i denna m\u00e4rkning \u00e4r n\u00e5gonsin avsedd att ges som en daglig dos.<\/p>\n<p>\u00bb Undvik anv\u00e4ndning av alkoholhaltiga drycker och illegala opioider, \u00e4ven om man upplever abstinenssymtom och sug, p\u00e5 grund av risken f\u00f6r potentiellt d\u00f6dlig additiv toxicitet eller \u00f6verdosering.<br \/>\n\" Behov av att informera l\u00e4kare och tandl\u00e4kare om levomethadylanv\u00e4ndning, s\u00e4rskilt om n\u00e5gon form av kirurgi (inklusive tandkirurgi) eller akut behandling kr\u00e4vs<\/p>\n<h3>MISSAD DOS<\/h3>\n<p>Om du missar dosen och kommer till kliniken p\u00e5 dagen f\u00f6r n\u00e4sta planerade dos (missar m\u00e5ndag, kommer onsdag), kommer den vanliga dosen att tolereras v\u00e4l i de flesta fall, \u00e4ven om en minskad dos kan vara l\u00e4mplig i vissa fall.<\/p>\n<h3>\u00d6VERDOSERING<\/h3>\n<p>Analys av \u00f6verdosering som observerats vid utvecklingen av ORLAAM (levometadylacetat) har visat att n\u00e4r ORLAAM (levometadylacetat) avleds till missbrukskanaler kan den oinformerade missbrukaren bli ot\u00e5lig p\u00e5 grund av den l\u00e5ngsamma ins\u00e4ttningen av levometadylacetat (2-4 timmar) och ta olagliga l\u00e4kemedel, vilket leder till en potentiellt d\u00f6dlig kombinerad \u00f6verdosering n\u00e4r den maximala effekten av ORLAAM (levometadylacetat) utvecklas. P\u00e5 grund av dessa risker f\u00f6r avledning och oavsiktlig d\u00f6d har det godk\u00e4nts f\u00f6r anv\u00e4ndning endast n\u00e4r det tillhandah\u00e5lls av en licensierad inr\u00e4ttning.<\/p>\n<h3>LAGRING AV LEVACETYLMETHADOL<\/h3>\n<p>F\u00f6rvara den mellan 15 och 30 \u00b0C (59 och 86 \u00b0F), skyddad fr\u00e5n frysning, om inte annat anges av tillverkaren.<\/p>\n<h3>VAR MAN KAN K\u00d6PA B\u00c4STA LEVACETYLMETHADOL ONLINE?<\/h3>\n<p>K\u00f6p Levacetylmethadol Online fr\u00e5n buyprescriptionz du \u00e4r var som helst i v\u00e4rlden men du kan k\u00f6pa ditt apotek online med 100% Safe. Vi ger b\u00e4sta priser i alla v\u00e5ra produkter. Du kan bl\u00e4ddra bland v\u00e5ra produkter.<\/p>","protected":false},"excerpt":{"rendered":"<p>BUY LEVACETYLMETHADOL ONLINE Buy Levacetylmethadol Online\u00a0,Levacetymethadol is a synthetic opioid anesthetic with numerous movements quantitatively similar to those as morphine, the most prominent of which involve the central nervous system and organs composed of smooth muscle. However, it is more active and more toxic than others. FEATURES OF LEVACETYLMETHADOL It is a narcotic pain-relieving with [&hellip;]<\/p>","protected":false},"featured_media":3028,"comment_status":"open","ping_status":"closed","template":"","meta":{"site-sidebar-layout":"default","site-content-layout":"","ast-site-content-layout":"default","site-content-style":"default","site-sidebar-style":"default","ast-global-header-display":"","ast-banner-title-visibility":"","ast-main-header-display":"","ast-hfb-above-header-display":"","ast-hfb-below-header-display":"","ast-hfb-mobile-header-display":"","site-post-title":"","ast-breadcrumbs-content":"","ast-featured-img":"","footer-sml-layout":"","theme-transparent-header-meta":"default","adv-header-id-meta":"","stick-header-meta":"","header-above-stick-meta":"","header-main-stick-meta":"","header-below-stick-meta":"","astra-migrate-meta-layouts":"set","ast-page-background-enabled":"default","ast-page-background-meta":{"desktop":{"background-color":"var(--ast-global-color-4)","background-image":"","background-repeat":"repeat","background-position":"center center","background-size":"auto","background-attachment":"scroll","background-type":"","background-media":"","overlay-type":"","overlay-color":"","overlay-opacity":"","overlay-gradient":""},"tablet":{"background-color":"","background-image":"","background-repeat":"repeat","background-position":"center center","background-size":"auto","background-attachment":"scroll","background-type":"","background-media":"","overlay-type":"","overlay-color":"","overlay-opacity":"","overlay-gradient":""},"mobile":{"background-color":"","background-image":"","background-repeat":"repeat","background-position":"center center","background-size":"auto","background-attachment":"scroll","background-type":"","background-media":"","overlay-type":"","overlay-color":"","overlay-opacity":"","overlay-gradient":""}},"ast-content-background-meta":{"desktop":{"background-color":"var(--ast-global-color-5)","background-image":"","background-repeat":"repeat","background-position":"center center","background-size":"auto","background-attachment":"scroll","background-type":"","background-media":"","overlay-type":"","overlay-color":"","overlay-opacity":"","overlay-gradient":""},"tablet":{"background-color":"var(--ast-global-color-5)","background-image":"","background-repeat":"repeat","background-position":"center center","background-size":"auto","background-attachment":"scroll","background-type":"","background-media":"","overlay-type":"","overlay-color":"","overlay-opacity":"","overlay-gradient":""},"mobile":{"background-color":"var(--ast-global-color-5)","background-image":"","background-repeat":"repeat","background-position":"center center","background-size":"auto","background-attachment":"scroll","background-type":"","background-media":"","overlay-type":"","overlay-color":"","overlay-opacity":"","overlay-gradient":""}}},"product_brand":[],"product_cat":[2382],"product_tag":[1509,1510,1508,1503,1506,1505,1504,1507,1502,1501,1512,1511],"class_list":{"0":"post-2998","1":"product","2":"type-product","3":"status-publish","4":"has-post-thumbnail","6":"product_cat-buy-opioids-online","7":"product_tag-buy-levacetylmethadol-in-canada","8":"product_tag-buy-levacetylmethadol-in-uk","9":"product_tag-buy-levacetylmethadol-in-usa","10":"product_tag-buy-levacetylmethadol-with-bitcoin","11":"product_tag-buy-levacetylmethadol-with-credit-card","12":"product_tag-buy-levacetylmethadol-with-money-gram","13":"product_tag-buy-levacetylmethadol-with-western-union","14":"product_tag-buy-levacetylmethadol-without-a-doctor","15":"product_tag-buy-levacetylmethadol-without-prescription","16":"product_tag-levacetylmethadol-for-sale","17":"product_tag-levacetylmethadol-pills","18":"product_tag-levacetylmethadol-tablets","19":"desktop-align-center","20":"tablet-align-left","21":"mobile-align-left","23":"first","24":"instock","25":"shipping-taxable","26":"purchasable","27":"product-type-variable","28":"has-default-attributes"},"yoast_head":"<!-- This site is optimized with the Yoast SEO plugin v25.9 - https:\/\/yoast.com\/wordpress\/plugins\/seo\/ -->\n<title>Buy LevacetylMethadol Online - LevacetylMethadol for Sale<\/title>\n<meta name=\"description\" content=\"If you want to buy Levacetylmethadol online, then visit our online Buy-Prescriptionz store is the best option. We have Levacetylmethadol for sale. Place your order now!\" \/>\n<meta name=\"robots\" content=\"index, follow, max-snippet:-1, max-image-preview:large, max-video-preview:-1\" \/>\n<link rel=\"canonical\" href=\"https:\/\/buy-prescriptionz.com\/sv\/produkt\/kop-levacetylmetadol-online\/\" \/>\n<meta property=\"og:locale\" content=\"sv_SE\" \/>\n<meta property=\"og:type\" content=\"article\" \/>\n<meta property=\"og:title\" content=\"Buy LevacetylMethadol Online - LevacetylMethadol for Sale\" \/>\n<meta property=\"og:description\" content=\"If you want to buy Levacetylmethadol online, then visit our online Buy-Prescriptionz store is the best option. We have Levacetylmethadol for sale. Place your order now!\" \/>\n<meta property=\"og:url\" content=\"https:\/\/buy-prescriptionz.com\/sv\/produkt\/kop-levacetylmetadol-online\/\" \/>\n<meta property=\"og:site_name\" content=\"Buy Prescriptionz\" \/>\n<meta property=\"article:modified_time\" content=\"2025-09-23T06:49:43+00:00\" \/>\n<meta property=\"og:image\" content=\"https:\/\/buy-prescriptionz.com\/wp-content\/uploads\/2025\/09\/levacetylmethadol.jpg\" \/>\n\t<meta property=\"og:image:width\" content=\"400\" \/>\n\t<meta property=\"og:image:height\" content=\"300\" \/>\n\t<meta property=\"og:image:type\" content=\"image\/jpeg\" \/>\n<meta name=\"twitter:card\" content=\"summary_large_image\" \/>\n<meta name=\"twitter:label1\" content=\"Ber\u00e4knad l\u00e4stid\" \/>\n\t<meta name=\"twitter:data1\" content=\"4 minuter\" \/>\n<script type=\"application\/ld+json\" class=\"yoast-schema-graph\">{\"@context\":\"https:\/\/schema.org\",\"@graph\":[{\"@type\":\"WebPage\",\"@id\":\"https:\/\/buy-prescriptionz.com\/product\/buy-levacetylmethadol-online\/\",\"url\":\"https:\/\/buy-prescriptionz.com\/product\/buy-levacetylmethadol-online\/\",\"name\":\"Buy LevacetylMethadol Online - LevacetylMethadol for Sale\",\"isPartOf\":{\"@id\":\"https:\/\/buy-prescriptionz.com\/#website\"},\"primaryImageOfPage\":{\"@id\":\"https:\/\/buy-prescriptionz.com\/product\/buy-levacetylmethadol-online\/#primaryimage\"},\"image\":{\"@id\":\"https:\/\/buy-prescriptionz.com\/product\/buy-levacetylmethadol-online\/#primaryimage\"},\"thumbnailUrl\":\"https:\/\/buy-prescriptionz.com\/wp-content\/uploads\/2025\/09\/levacetylmethadol.jpg\",\"datePublished\":\"2025-09-16T08:55:53+00:00\",\"dateModified\":\"2025-09-23T06:49:43+00:00\",\"description\":\"If you want to buy Levacetylmethadol online, then visit our online Buy-Prescriptionz store is the best option. We have Levacetylmethadol for sale. Place your order now!\",\"breadcrumb\":{\"@id\":\"https:\/\/buy-prescriptionz.com\/product\/buy-levacetylmethadol-online\/#breadcrumb\"},\"inLanguage\":\"sv-SE\",\"potentialAction\":[{\"@type\":\"ReadAction\",\"target\":[\"https:\/\/buy-prescriptionz.com\/product\/buy-levacetylmethadol-online\/\"]}]},{\"@type\":\"ImageObject\",\"inLanguage\":\"sv-SE\",\"@id\":\"https:\/\/buy-prescriptionz.com\/product\/buy-levacetylmethadol-online\/#primaryimage\",\"url\":\"https:\/\/buy-prescriptionz.com\/wp-content\/uploads\/2025\/09\/levacetylmethadol.jpg\",\"contentUrl\":\"https:\/\/buy-prescriptionz.com\/wp-content\/uploads\/2025\/09\/levacetylmethadol.jpg\",\"width\":400,\"height\":300},{\"@type\":\"BreadcrumbList\",\"@id\":\"https:\/\/buy-prescriptionz.com\/product\/buy-levacetylmethadol-online\/#breadcrumb\",\"itemListElement\":[{\"@type\":\"ListItem\",\"position\":1,\"name\":\"Home\",\"item\":\"https:\/\/buy-prescriptionz.com\/\"},{\"@type\":\"ListItem\",\"position\":2,\"name\":\"Shop Painkillers Online\",\"item\":\"https:\/\/buy-prescriptionz.com\/shop-painkillers-online\/\"},{\"@type\":\"ListItem\",\"position\":3,\"name\":\"Buy Levacetylmethadol Online\"}]},{\"@type\":\"WebSite\",\"@id\":\"https:\/\/buy-prescriptionz.com\/#website\",\"url\":\"https:\/\/buy-prescriptionz.com\/\",\"name\":\"Buy Prescriptionz\",\"description\":\"Drugs Online\",\"publisher\":{\"@id\":\"https:\/\/buy-prescriptionz.com\/#organization\"},\"potentialAction\":[{\"@type\":\"SearchAction\",\"target\":{\"@type\":\"EntryPoint\",\"urlTemplate\":\"https:\/\/buy-prescriptionz.com\/?s={search_term_string}\"},\"query-input\":{\"@type\":\"PropertyValueSpecification\",\"valueRequired\":true,\"valueName\":\"search_term_string\"}}],\"inLanguage\":\"sv-SE\"},{\"@type\":\"Organization\",\"@id\":\"https:\/\/buy-prescriptionz.com\/#organization\",\"name\":\"Buy Prescriptionz\",\"url\":\"https:\/\/buy-prescriptionz.com\/\",\"logo\":{\"@type\":\"ImageObject\",\"inLanguage\":\"sv-SE\",\"@id\":\"https:\/\/buy-prescriptionz.com\/#\/schema\/logo\/image\/\",\"url\":\"https:\/\/buy-prescriptionz.com\/wp-content\/uploads\/2023\/09\/logo.png\",\"contentUrl\":\"https:\/\/buy-prescriptionz.com\/wp-content\/uploads\/2023\/09\/logo.png\",\"width\":350,\"height\":64,\"caption\":\"Buy Prescriptionz\"},\"image\":{\"@id\":\"https:\/\/buy-prescriptionz.com\/#\/schema\/logo\/image\/\"}}]}<\/script>\n<!-- \/ Yoast SEO plugin. -->","yoast_head_json":{"title":"K\u00f6p Le acetylMethadol Online - Le acetylMethadol till salu","description":"Om du vill k\u00f6pa Levacetylmetadol online, d\u00e5 \u00e4r v\u00e5r onlinebutik Buy-Prescriptionz det b\u00e4sta alternativet. Vi har Levacetylmetadol till salu. L\u00e4gg din best\u00e4llning nu!","robots":{"index":"index","follow":"follow","max-snippet":"max-snippet:-1","max-image-preview":"max-image-preview:large","max-video-preview":"max-video-preview:-1"},"canonical":"https:\/\/buy-prescriptionz.com\/sv\/produkt\/kop-levacetylmetadol-online\/","og_locale":"sv_SE","og_type":"article","og_title":"Buy LevacetylMethadol Online - LevacetylMethadol for Sale","og_description":"If you want to buy Levacetylmethadol online, then visit our online Buy-Prescriptionz store is the best option. We have Levacetylmethadol for sale. Place your order now!","og_url":"https:\/\/buy-prescriptionz.com\/sv\/produkt\/kop-levacetylmetadol-online\/","og_site_name":"Buy Prescriptionz","article_modified_time":"2025-09-23T06:49:43+00:00","og_image":[{"width":400,"height":300,"url":"https:\/\/buy-prescriptionz.com\/wp-content\/uploads\/2025\/09\/levacetylmethadol.jpg","type":"image\/jpeg"}],"twitter_card":"summary_large_image","twitter_misc":{"Ber\u00e4knad l\u00e4stid":"4 minuter"},"schema":{"@context":"https:\/\/schema.org","@graph":[{"@type":"WebPage","@id":"https:\/\/buy-prescriptionz.com\/product\/buy-levacetylmethadol-online\/","url":"https:\/\/buy-prescriptionz.com\/product\/buy-levacetylmethadol-online\/","name":"K\u00f6p Le acetylMethadol Online - Le acetylMethadol till salu","isPartOf":{"@id":"https:\/\/buy-prescriptionz.com\/#website"},"primaryImageOfPage":{"@id":"https:\/\/buy-prescriptionz.com\/product\/buy-levacetylmethadol-online\/#primaryimage"},"image":{"@id":"https:\/\/buy-prescriptionz.com\/product\/buy-levacetylmethadol-online\/#primaryimage"},"thumbnailUrl":"https:\/\/buy-prescriptionz.com\/wp-content\/uploads\/2025\/09\/levacetylmethadol.jpg","datePublished":"2025-09-16T08:55:53+00:00","dateModified":"2025-09-23T06:49:43+00:00","description":"Om du vill k\u00f6pa Levacetylmetadol online, d\u00e5 \u00e4r v\u00e5r onlinebutik Buy-Prescriptionz det b\u00e4sta alternativet. Vi har Levacetylmetadol till salu. L\u00e4gg din best\u00e4llning nu!","breadcrumb":{"@id":"https:\/\/buy-prescriptionz.com\/product\/buy-levacetylmethadol-online\/#breadcrumb"},"inLanguage":"sv-SE","potentialAction":[{"@type":"ReadAction","target":["https:\/\/buy-prescriptionz.com\/product\/buy-levacetylmethadol-online\/"]}]},{"@type":"ImageObject","inLanguage":"sv-SE","@id":"https:\/\/buy-prescriptionz.com\/product\/buy-levacetylmethadol-online\/#primaryimage","url":"https:\/\/buy-prescriptionz.com\/wp-content\/uploads\/2025\/09\/levacetylmethadol.jpg","contentUrl":"https:\/\/buy-prescriptionz.com\/wp-content\/uploads\/2025\/09\/levacetylmethadol.jpg","width":400,"height":300},{"@type":"BreadcrumbList","@id":"https:\/\/buy-prescriptionz.com\/product\/buy-levacetylmethadol-online\/#breadcrumb","itemListElement":[{"@type":"ListItem","position":1,"name":"Home","item":"https:\/\/buy-prescriptionz.com\/"},{"@type":"ListItem","position":2,"name":"Shop Painkillers Online","item":"https:\/\/buy-prescriptionz.com\/shop-painkillers-online\/"},{"@type":"ListItem","position":3,"name":"Buy Levacetylmethadol Online"}]},{"@type":"WebSite","@id":"https:\/\/buy-prescriptionz.com\/#website","url":"https:\/\/buy-prescriptionz.com\/","name":"Buy Prescriptionz","description":"Droger p\u00e5 n\u00e4tet","publisher":{"@id":"https:\/\/buy-prescriptionz.com\/#organization"},"potentialAction":[{"@type":"SearchAction","target":{"@type":"EntryPoint","urlTemplate":"https:\/\/buy-prescriptionz.com\/?s={search_term_string}"},"query-input":{"@type":"PropertyValueSpecification","valueRequired":true,"valueName":"search_term_string"}}],"inLanguage":"sv-SE"},{"@type":"Organization","@id":"https:\/\/buy-prescriptionz.com\/#organization","name":"Buy Prescriptionz","url":"https:\/\/buy-prescriptionz.com\/","logo":{"@type":"ImageObject","inLanguage":"sv-SE","@id":"https:\/\/buy-prescriptionz.com\/#\/schema\/logo\/image\/","url":"https:\/\/buy-prescriptionz.com\/wp-content\/uploads\/2023\/09\/logo.png","contentUrl":"https:\/\/buy-prescriptionz.com\/wp-content\/uploads\/2023\/09\/logo.png","width":350,"height":64,"caption":"Buy Prescriptionz"},"image":{"@id":"https:\/\/buy-prescriptionz.com\/#\/schema\/logo\/image\/"}}]}},"_links":{"self":[{"href":"https:\/\/buy-prescriptionz.com\/sv\/wp-json\/wp\/v2\/product\/2998","targetHints":{"allow":["GET"]}}],"collection":[{"href":"https:\/\/buy-prescriptionz.com\/sv\/wp-json\/wp\/v2\/product"}],"about":[{"href":"https:\/\/buy-prescriptionz.com\/sv\/wp-json\/wp\/v2\/types\/product"}],"replies":[{"embeddable":true,"href":"https:\/\/buy-prescriptionz.com\/sv\/wp-json\/wp\/v2\/comments?post=2998"}],"wp:featuredmedia":[{"embeddable":true,"href":"https:\/\/buy-prescriptionz.com\/sv\/wp-json\/wp\/v2\/media\/3028"}],"wp:attachment":[{"href":"https:\/\/buy-prescriptionz.com\/sv\/wp-json\/wp\/v2\/media?parent=2998"}],"wp:term":[{"taxonomy":"product_brand","embeddable":true,"href":"https:\/\/buy-prescriptionz.com\/sv\/wp-json\/wp\/v2\/product_brand?post=2998"},{"taxonomy":"product_cat","embeddable":true,"href":"https:\/\/buy-prescriptionz.com\/sv\/wp-json\/wp\/v2\/product_cat?post=2998"},{"taxonomy":"product_tag","embeddable":true,"href":"https:\/\/buy-prescriptionz.com\/sv\/wp-json\/wp\/v2\/product_tag?post=2998"}],"curies":[{"name":"wp","href":"https:\/\/api.w.org\/{rel}","templated":true}]}}