{"id":2999,"date":"2025-09-16T08:55:53","date_gmt":"2025-09-16T08:55:53","guid":{"rendered":"https:\/\/chemsfine.com\/newsite\/?post_type=product&#038;p=2999"},"modified":"2025-09-23T07:02:45","modified_gmt":"2025-09-23T07:02:45","slug":"kop-metadon-online","status":"publish","type":"product","link":"https:\/\/buy-prescriptionz.com\/sv\/produkt\/kop-metadon-online\/","title":{"rendered":"K\u00f6p Metadon p\u00e5 n\u00e4tet"},"content":{"rendered":"<h2>K\u00d6PA METADON P\u00c5 N\u00c4TET<\/h2>\n<p>Metadon ing\u00e5r i en klass av recept som kallas opiatanalgetika. Det kan fungera f\u00f6r att behandla personer som \u00e4r beroende av opiater genom att ge liknande effekter och f\u00f6rhindra abstinenssymtom hos personer som har slutat anv\u00e4nda dessa droger.<\/p>\n<h3>EGENSKAPER HOS LEVACETYLMETHADOL<\/h3>\n<p>Metadon fungerar genom att \u00e4ndra hj\u00e4rnans och nervsystemets reaktion p\u00e5 sm\u00e4rta. Det lindrar de sm\u00e4rtsamma symptomen av opiatuttag och blockerar de upprymda effekterna av opiatmedicin som heroin, morfin och kodein samt halvsyntetiska opioider som oxikodon och hydrokodon.<\/p>\n<h3>K\u00f6p Metadon p\u00e5 n\u00e4tet<\/h3>\n<p>Metadon \u00e4r en syntetisk opioid som fr\u00e4mst anv\u00e4nds f\u00f6r sm\u00e4rtlindring och som en del av l\u00e4kemedelsassisterad behandling (MAT) f\u00f6r opioidberoende. Det fungerar genom att f\u00f6r\u00e4ndra hur hj\u00e4rnan och nervsystemet reagerar p\u00e5 sm\u00e4rta och genom att blockera de euforiska effekterna av andra opioider. Detta g\u00f6r det till ett viktigt verktyg vid behandling av opioidberoende. Metadon \u00e4r k\u00e4nt f\u00f6r sina l\u00e5ngvariga effekter, vilka hj\u00e4lper till att minska sug och abstinensbesv\u00e4r, vilket g\u00f6r att individer kan fokusera p\u00e5 \u00e5terh\u00e4mtning.<\/p>\n<h3>F\u00f6rdelar<\/h3>\n<ol>\n<li>Effektiv sm\u00e4rtlindring: Den ger betydande lindring av kronisk sm\u00e4rta, vilket g\u00f6r den till ett v\u00e4rdefullt alternativ f\u00f6r patienter med ih\u00e5llande sm\u00e4rttillst\u00e5nd.<\/li>\n<li>Behandling av opioidberoende: Den \u00e4r effektiv f\u00f6r att minska abstinenssymtom och sug, vilket hj\u00e4lper till i \u00e5terh\u00e4mtningsprocessen f\u00f6r personer med opioidberoende.<\/li>\n<li>L\u00e5ngvariga effekter: Metadons f\u00f6rl\u00e4ngda verkningstid m\u00f6jligg\u00f6r mindre frekvent dosering, vilket f\u00f6renklar medicineringsscheman och f\u00f6rb\u00e4ttrar f\u00f6ljsamheten.<\/li>\n<li>Minskad eufori: J\u00e4mf\u00f6rt med andra opioider har metadon en l\u00e4gre potential att orsaka eufori, vilket minskar risken f\u00f6r missbruk och beroende.<\/li>\n<li>F\u00f6rb\u00e4ttrad livskvalitet: Genom att hantera sm\u00e4rta och st\u00f6dja \u00e5terh\u00e4mtning fr\u00e5n missbruk hj\u00e4lper Levacetylmetadol till att f\u00f6rb\u00e4ttra det allm\u00e4nna v\u00e4lbefinnandet och funktionaliteten i det dagliga livet.<\/li>\n<\/ol>\n<p>Att inte k\u00f6pa metadon fr\u00e5n ett av de b\u00e4sta apoteken, buy-prescriptionz.com, erbjuder betydande f\u00f6rdelar f\u00f6r b\u00e5de sm\u00e4rtlindring och behandling av opioidberoende. Dess f\u00f6rm\u00e5ga att ge l\u00e5ngvarig sm\u00e4rtlindring s\u00e4kerst\u00e4ller att patienter kan uppr\u00e4tth\u00e5lla ett konsekvent och hanterbart doseringsschema, vilket f\u00f6rb\u00e4ttrar f\u00f6ljsamheten till behandlingen. Metadons effektivitet i att minska abstinenssymtom och sug g\u00f6r det till en viktig del av behandlingen av opioidberoende och st\u00f6djer individer i deras \u00e5terh\u00e4mtningsprocess. Dessutom minskar dess l\u00e4gre potential att orsaka eufori j\u00e4mf\u00f6rt med andra opioider risken f\u00f6r missbruk och beroende. Genom att v\u00e4lja metadon fr\u00e5n buy-prescriptionz.com f\u00e5r patienter tillg\u00e5ng till ett p\u00e5litligt och h\u00f6gkvalitativt l\u00e4kemedel som kan f\u00f6rb\u00e4ttra deras allm\u00e4nna livskvalitet och hj\u00e4lpa dem att hantera kronisk sm\u00e4rta eller \u00f6vervinna opioidberoende.<\/p>\n<h3>BIEFFEKTER<\/h3>\n<p><strong>Biverkningar b\u00f6r tas med i ber\u00e4kningen <\/strong>allvarligt,<strong> om det finns n\u00e5gra biverkningar nedan.<\/strong><\/p>\n<p>Upplever andningssv\u00e5righeter eller ytlig andning<br \/>\nK\u00e4nner dig yr eller svimf\u00e4rdig<br \/>\nF\u00e5 utslag, svullnad av l\u00e4ppar, ansikte, tunga eller hals.<br \/>\nK\u00e4nner sm\u00e4rta i br\u00f6stet<br \/>\nUpplever en snabb eller dunkande hj\u00e4rtslag<br \/>\nUpplever hallucinationer eller f\u00f6rvirring<\/p>\n<h3>F\u00d6RSIKTIGHETS\u00c5TG\u00c4RDER F\u00d6R LEVACETYLMETHADOL.<\/h3>\n<p>Anv\u00e4nd aldrig mer \u00e4n den f\u00f6reskrivna m\u00e4ngden, och ta alltid in den f\u00f6reskrivna tiden. Om en dos missas eller om det k\u00e4nns som om den inte fungerar, ta inte en extra dos metadon.<br \/>\nKonsumera inte alkohol n\u00e4r du tar metadon.<br \/>\nVar f\u00f6rsiktig med att k\u00f6ra bil eller anv\u00e4nda maskiner n\u00e4r du anv\u00e4nder metadon.<\/p>\n<h3>MISSAD DOS<\/h3>\n<p>Om din l\u00e4kare har sagt att du ska ta metadon mot sm\u00e4rta ska du ta den missade dosen s\u00e5 snart du kommer ih\u00e5g den och sedan forts\u00e4tta med din vanliga dosering. Men om det snart \u00e4r dags f\u00f6r n\u00e4sta dos, hoppa \u00f6ver den missade dosen och forts\u00e4tt med det vanliga doseringsschemat. Ta inte dubbel dos f\u00f6r en missad dos.<br \/>\nOm du tar detta f\u00f6r att behandla opioidberoende, hoppa \u00f6ver den missade dosen och ta n\u00e4sta dos n\u00e4sta dag som planerat. Ta inte en dubbel dos f\u00f6r att kompensera f\u00f6r en missad dos.<\/p>\n<h3>\u00d6VERDOSERING<\/h3>\n<p>Det anv\u00e4nds f\u00f6r att v\u00e4nda de livshotande effekterna av en \u00f6verdos. Du kommer kanske inte att kunna behandla dig sj\u00e4lv om du drabbas av en opiat\u00f6verdos. Du b\u00f6r se till att dina familjemedlemmar, v\u00e5rdgivare eller andra som umg\u00e5s med dig vet hur man kan se om du drabbas av en \u00f6verdos, hur man anv\u00e4nder detta och vad man ska g\u00f6ra tills akut medicinsk hj\u00e4lp anl\u00e4nder.<\/p>\n<p><strong>Symtom p\u00e5 \u00f6verdosering kan vara f\u00f6ljande:<\/strong><\/p>\n<p>sm\u00e5, punktformade pupiller (svarta cirklar i mitten av \u00f6gonen)<br \/>\nl\u00e5ngsam eller ytlig andning<br \/>\ns\u00f6mnighet<br \/>\nkall, klam eller bl\u00e5 hud<br \/>\nmedvetandef\u00f6rlust (koma)<br \/>\nslappa muskler<\/p>\n<h3>LAGRING AV LEVACETYLMETHADOL<\/h3>\n<p>F\u00f6rvara metadonet vid allm\u00e4n rumstemperatur och bort fr\u00e5n ljus och barn.<br \/>\nG\u00f6r dig av med oanv\u00e4nt metadon genom att spola ner det i toaletten.<\/p>\n<h3>VAR KAN MAN K\u00d6PA B\u00c4STA METADON P\u00c5 N\u00c4TET?<\/h3>\n<p>Beh\u00f6ver du snabbt metadon? Du kan best\u00e4lla online hos buyprescriptionz och f\u00e5 det tidigt till d\u00f6rren.<\/p>","protected":false},"excerpt":{"rendered":"<p>BUY METHADONE ONLINE Methadone is in a class of prescriptions called opiate analgesics. It can works to treat persons who addicted to opiate by turn out similar effects and it preventing withdrawal symptoms in people who have stopped using these drugs. FEATURES OF LEVACETYLMETHADOL Methadone works by changing the brain and nervous system respond to [&hellip;]<\/p>","protected":false},"featured_media":3029,"comment_status":"open","ping_status":"closed","template":"","meta":{"site-sidebar-layout":"default","site-content-layout":"","ast-site-content-layout":"default","site-content-style":"default","site-sidebar-style":"default","ast-global-header-display":"","ast-banner-title-visibility":"","ast-main-header-display":"","ast-hfb-above-header-display":"","ast-hfb-below-header-display":"","ast-hfb-mobile-header-display":"","site-post-title":"","ast-breadcrumbs-content":"","ast-featured-img":"","footer-sml-layout":"","theme-transparent-header-meta":"default","adv-header-id-meta":"","stick-header-meta":"","header-above-stick-meta":"","header-main-stick-meta":"","header-below-stick-meta":"","astra-migrate-meta-layouts":"set","ast-page-background-enabled":"default","ast-page-background-meta":{"desktop":{"background-color":"var(--ast-global-color-4)","background-image":"","background-repeat":"repeat","background-position":"center center","background-size":"auto","background-attachment":"scroll","background-type":"","background-media":"","overlay-type":"","overlay-color":"","overlay-opacity":"","overlay-gradient":""},"tablet":{"background-color":"","background-image":"","background-repeat":"repeat","background-position":"center center","background-size":"auto","background-attachment":"scroll","background-type":"","background-media":"","overlay-type":"","overlay-color":"","overlay-opacity":"","overlay-gradient":""},"mobile":{"background-color":"","background-image":"","background-repeat":"repeat","background-position":"center center","background-size":"auto","background-attachment":"scroll","background-type":"","background-media":"","overlay-type":"","overlay-color":"","overlay-opacity":"","overlay-gradient":""}},"ast-content-background-meta":{"desktop":{"background-color":"var(--ast-global-color-5)","background-image":"","background-repeat":"repeat","background-position":"center center","background-size":"auto","background-attachment":"scroll","background-type":"","background-media":"","overlay-type":"","overlay-color":"","overlay-opacity":"","overlay-gradient":""},"tablet":{"background-color":"var(--ast-global-color-5)","background-image":"","background-repeat":"repeat","background-position":"center center","background-size":"auto","background-attachment":"scroll","background-type":"","background-media":"","overlay-type":"","overlay-color":"","overlay-opacity":"","overlay-gradient":""},"mobile":{"background-color":"var(--ast-global-color-5)","background-image":"","background-repeat":"repeat","background-position":"center center","background-size":"auto","background-attachment":"scroll","background-type":"","background-media":"","overlay-type":"","overlay-color":"","overlay-opacity":"","overlay-gradient":""}}},"product_brand":[],"product_cat":[2382],"product_tag":[1498,1499,1497,1492,1495,1494,1493,1496,1491,1490,1500],"class_list":{"0":"post-2999","1":"product","2":"type-product","3":"status-publish","4":"has-post-thumbnail","6":"product_cat-buy-opioids-online","7":"product_tag-buy-methadone-in-canada","8":"product_tag-buy-methadone-in-uk","9":"product_tag-buy-methadone-in-usa","10":"product_tag-buy-methadone-with-bitcoin","11":"product_tag-buy-methadone-with-credit-card","12":"product_tag-buy-methadone-with-money-gram","13":"product_tag-buy-methadone-with-western-union","14":"product_tag-buy-methadone-without-a-doctor","15":"product_tag-buy-methadone-without-prescription","16":"product_tag-methadone-for-sale","17":"product_tag-methadone-oral-solution","18":"desktop-align-center","19":"tablet-align-left","20":"mobile-align-left","22":"first","23":"instock","24":"shipping-taxable","25":"purchasable","26":"product-type-variable","27":"has-default-attributes"},"yoast_head":"<!-- This site is optimized with the Yoast SEO plugin v25.9 - https:\/\/yoast.com\/wordpress\/plugins\/seo\/ -->\n<title>Buy Methadone Online USA - Buy Methadone Online for Sale - Buy Prescriptionz<\/title>\n<meta name=\"description\" content=\"Buyprescriptionz.com is an online pharmacy store where you can Buy Methadone Online at best price without doctor&#039;s prescription. Buy Methadone Online Now with Free &amp; Secure Shipping!\" \/>\n<meta name=\"robots\" content=\"index, follow, max-snippet:-1, max-image-preview:large, max-video-preview:-1\" \/>\n<link rel=\"canonical\" href=\"https:\/\/buy-prescriptionz.com\/sv\/produkt\/kop-metadon-online\/\" \/>\n<meta property=\"og:locale\" content=\"sv_SE\" \/>\n<meta property=\"og:type\" content=\"article\" \/>\n<meta property=\"og:title\" content=\"Buy Methadone Online USA - Buy Methadone Online for Sale - Buy Prescriptionz\" \/>\n<meta property=\"og:description\" content=\"Buyprescriptionz.com is an online pharmacy store where you can Buy Methadone Online at best price without doctor&#039;s prescription. Buy Methadone Online Now with Free &amp; Secure Shipping!\" \/>\n<meta property=\"og:url\" content=\"https:\/\/buy-prescriptionz.com\/sv\/produkt\/kop-metadon-online\/\" \/>\n<meta property=\"og:site_name\" content=\"Buy Prescriptionz\" \/>\n<meta property=\"article:modified_time\" content=\"2025-09-23T07:02:45+00:00\" \/>\n<meta property=\"og:image\" content=\"https:\/\/buy-prescriptionz.com\/wp-content\/uploads\/2025\/09\/methadone.jpg\" \/>\n\t<meta property=\"og:image:width\" content=\"400\" \/>\n\t<meta property=\"og:image:height\" content=\"300\" \/>\n\t<meta property=\"og:image:type\" content=\"image\/jpeg\" \/>\n<meta name=\"twitter:card\" content=\"summary_large_image\" \/>\n<meta name=\"twitter:label1\" content=\"Ber\u00e4knad l\u00e4stid\" \/>\n\t<meta name=\"twitter:data1\" content=\"4 minuter\" \/>\n<script type=\"application\/ld+json\" class=\"yoast-schema-graph\">{\"@context\":\"https:\/\/schema.org\",\"@graph\":[{\"@type\":\"WebPage\",\"@id\":\"https:\/\/buy-prescriptionz.com\/product\/buy-methadone-online\/\",\"url\":\"https:\/\/buy-prescriptionz.com\/product\/buy-methadone-online\/\",\"name\":\"Buy Methadone Online USA - Buy Methadone Online for Sale - Buy Prescriptionz\",\"isPartOf\":{\"@id\":\"https:\/\/buy-prescriptionz.com\/#website\"},\"primaryImageOfPage\":{\"@id\":\"https:\/\/buy-prescriptionz.com\/product\/buy-methadone-online\/#primaryimage\"},\"image\":{\"@id\":\"https:\/\/buy-prescriptionz.com\/product\/buy-methadone-online\/#primaryimage\"},\"thumbnailUrl\":\"https:\/\/buy-prescriptionz.com\/wp-content\/uploads\/2025\/09\/methadone.jpg\",\"datePublished\":\"2025-09-16T08:55:53+00:00\",\"dateModified\":\"2025-09-23T07:02:45+00:00\",\"description\":\"Buyprescriptionz.com is an online pharmacy store where you can Buy Methadone Online at best price without doctor's prescription. Buy Methadone Online Now with Free & Secure Shipping!\",\"breadcrumb\":{\"@id\":\"https:\/\/buy-prescriptionz.com\/product\/buy-methadone-online\/#breadcrumb\"},\"inLanguage\":\"sv-SE\",\"potentialAction\":[{\"@type\":\"ReadAction\",\"target\":[\"https:\/\/buy-prescriptionz.com\/product\/buy-methadone-online\/\"]}]},{\"@type\":\"ImageObject\",\"inLanguage\":\"sv-SE\",\"@id\":\"https:\/\/buy-prescriptionz.com\/product\/buy-methadone-online\/#primaryimage\",\"url\":\"https:\/\/buy-prescriptionz.com\/wp-content\/uploads\/2025\/09\/methadone.jpg\",\"contentUrl\":\"https:\/\/buy-prescriptionz.com\/wp-content\/uploads\/2025\/09\/methadone.jpg\",\"width\":400,\"height\":300},{\"@type\":\"BreadcrumbList\",\"@id\":\"https:\/\/buy-prescriptionz.com\/product\/buy-methadone-online\/#breadcrumb\",\"itemListElement\":[{\"@type\":\"ListItem\",\"position\":1,\"name\":\"Home\",\"item\":\"https:\/\/buy-prescriptionz.com\/\"},{\"@type\":\"ListItem\",\"position\":2,\"name\":\"Shop Painkillers Online\",\"item\":\"https:\/\/buy-prescriptionz.com\/shop-painkillers-online\/\"},{\"@type\":\"ListItem\",\"position\":3,\"name\":\"Buy Methadone Online\"}]},{\"@type\":\"WebSite\",\"@id\":\"https:\/\/buy-prescriptionz.com\/#website\",\"url\":\"https:\/\/buy-prescriptionz.com\/\",\"name\":\"Buy Prescriptionz\",\"description\":\"Drugs Online\",\"publisher\":{\"@id\":\"https:\/\/buy-prescriptionz.com\/#organization\"},\"potentialAction\":[{\"@type\":\"SearchAction\",\"target\":{\"@type\":\"EntryPoint\",\"urlTemplate\":\"https:\/\/buy-prescriptionz.com\/?s={search_term_string}\"},\"query-input\":{\"@type\":\"PropertyValueSpecification\",\"valueRequired\":true,\"valueName\":\"search_term_string\"}}],\"inLanguage\":\"sv-SE\"},{\"@type\":\"Organization\",\"@id\":\"https:\/\/buy-prescriptionz.com\/#organization\",\"name\":\"Buy Prescriptionz\",\"url\":\"https:\/\/buy-prescriptionz.com\/\",\"logo\":{\"@type\":\"ImageObject\",\"inLanguage\":\"sv-SE\",\"@id\":\"https:\/\/buy-prescriptionz.com\/#\/schema\/logo\/image\/\",\"url\":\"https:\/\/buy-prescriptionz.com\/wp-content\/uploads\/2023\/09\/logo.png\",\"contentUrl\":\"https:\/\/buy-prescriptionz.com\/wp-content\/uploads\/2023\/09\/logo.png\",\"width\":350,\"height\":64,\"caption\":\"Buy Prescriptionz\"},\"image\":{\"@id\":\"https:\/\/buy-prescriptionz.com\/#\/schema\/logo\/image\/\"}}]}<\/script>\n<!-- \/ Yoast SEO plugin. -->","yoast_head_json":{"title":"K\u00f6p Metadon Online USA - K\u00f6p Metadon Online Till Salu - K\u00f6p Recept","description":"Buyprescriptionz.com \u00e4r ett apotek p\u00e5 n\u00e4tet d\u00e4r du kan k\u00f6pa Methadone Online till b\u00e4sta pris utan l\u00e4kares recept. K\u00f6p Methadone Online nu med fri och s\u00e4ker leverans!","robots":{"index":"index","follow":"follow","max-snippet":"max-snippet:-1","max-image-preview":"max-image-preview:large","max-video-preview":"max-video-preview:-1"},"canonical":"https:\/\/buy-prescriptionz.com\/sv\/produkt\/kop-metadon-online\/","og_locale":"sv_SE","og_type":"article","og_title":"Buy Methadone Online USA - Buy Methadone Online for Sale - Buy Prescriptionz","og_description":"Buyprescriptionz.com is an online pharmacy store where you can Buy Methadone Online at best price without doctor's prescription. Buy Methadone Online Now with Free & Secure Shipping!","og_url":"https:\/\/buy-prescriptionz.com\/sv\/produkt\/kop-metadon-online\/","og_site_name":"Buy Prescriptionz","article_modified_time":"2025-09-23T07:02:45+00:00","og_image":[{"width":400,"height":300,"url":"https:\/\/buy-prescriptionz.com\/wp-content\/uploads\/2025\/09\/methadone.jpg","type":"image\/jpeg"}],"twitter_card":"summary_large_image","twitter_misc":{"Ber\u00e4knad l\u00e4stid":"4 minuter"},"schema":{"@context":"https:\/\/schema.org","@graph":[{"@type":"WebPage","@id":"https:\/\/buy-prescriptionz.com\/product\/buy-methadone-online\/","url":"https:\/\/buy-prescriptionz.com\/product\/buy-methadone-online\/","name":"K\u00f6p Metadon Online USA - K\u00f6p Metadon Online Till Salu - K\u00f6p Recept","isPartOf":{"@id":"https:\/\/buy-prescriptionz.com\/#website"},"primaryImageOfPage":{"@id":"https:\/\/buy-prescriptionz.com\/product\/buy-methadone-online\/#primaryimage"},"image":{"@id":"https:\/\/buy-prescriptionz.com\/product\/buy-methadone-online\/#primaryimage"},"thumbnailUrl":"https:\/\/buy-prescriptionz.com\/wp-content\/uploads\/2025\/09\/methadone.jpg","datePublished":"2025-09-16T08:55:53+00:00","dateModified":"2025-09-23T07:02:45+00:00","description":"Buyprescriptionz.com \u00e4r ett apotek p\u00e5 n\u00e4tet d\u00e4r du kan k\u00f6pa Methadone Online till b\u00e4sta pris utan l\u00e4kares recept. K\u00f6p Methadone Online nu med fri och s\u00e4ker leverans!","breadcrumb":{"@id":"https:\/\/buy-prescriptionz.com\/product\/buy-methadone-online\/#breadcrumb"},"inLanguage":"sv-SE","potentialAction":[{"@type":"ReadAction","target":["https:\/\/buy-prescriptionz.com\/product\/buy-methadone-online\/"]}]},{"@type":"ImageObject","inLanguage":"sv-SE","@id":"https:\/\/buy-prescriptionz.com\/product\/buy-methadone-online\/#primaryimage","url":"https:\/\/buy-prescriptionz.com\/wp-content\/uploads\/2025\/09\/methadone.jpg","contentUrl":"https:\/\/buy-prescriptionz.com\/wp-content\/uploads\/2025\/09\/methadone.jpg","width":400,"height":300},{"@type":"BreadcrumbList","@id":"https:\/\/buy-prescriptionz.com\/product\/buy-methadone-online\/#breadcrumb","itemListElement":[{"@type":"ListItem","position":1,"name":"Home","item":"https:\/\/buy-prescriptionz.com\/"},{"@type":"ListItem","position":2,"name":"Shop Painkillers Online","item":"https:\/\/buy-prescriptionz.com\/shop-painkillers-online\/"},{"@type":"ListItem","position":3,"name":"Buy Methadone Online"}]},{"@type":"WebSite","@id":"https:\/\/buy-prescriptionz.com\/#website","url":"https:\/\/buy-prescriptionz.com\/","name":"Buy Prescriptionz","description":"Droger p\u00e5 n\u00e4tet","publisher":{"@id":"https:\/\/buy-prescriptionz.com\/#organization"},"potentialAction":[{"@type":"SearchAction","target":{"@type":"EntryPoint","urlTemplate":"https:\/\/buy-prescriptionz.com\/?s={search_term_string}"},"query-input":{"@type":"PropertyValueSpecification","valueRequired":true,"valueName":"search_term_string"}}],"inLanguage":"sv-SE"},{"@type":"Organization","@id":"https:\/\/buy-prescriptionz.com\/#organization","name":"Buy Prescriptionz","url":"https:\/\/buy-prescriptionz.com\/","logo":{"@type":"ImageObject","inLanguage":"sv-SE","@id":"https:\/\/buy-prescriptionz.com\/#\/schema\/logo\/image\/","url":"https:\/\/buy-prescriptionz.com\/wp-content\/uploads\/2023\/09\/logo.png","contentUrl":"https:\/\/buy-prescriptionz.com\/wp-content\/uploads\/2023\/09\/logo.png","width":350,"height":64,"caption":"Buy Prescriptionz"},"image":{"@id":"https:\/\/buy-prescriptionz.com\/#\/schema\/logo\/image\/"}}]}},"_links":{"self":[{"href":"https:\/\/buy-prescriptionz.com\/sv\/wp-json\/wp\/v2\/product\/2999","targetHints":{"allow":["GET"]}}],"collection":[{"href":"https:\/\/buy-prescriptionz.com\/sv\/wp-json\/wp\/v2\/product"}],"about":[{"href":"https:\/\/buy-prescriptionz.com\/sv\/wp-json\/wp\/v2\/types\/product"}],"replies":[{"embeddable":true,"href":"https:\/\/buy-prescriptionz.com\/sv\/wp-json\/wp\/v2\/comments?post=2999"}],"wp:featuredmedia":[{"embeddable":true,"href":"https:\/\/buy-prescriptionz.com\/sv\/wp-json\/wp\/v2\/media\/3029"}],"wp:attachment":[{"href":"https:\/\/buy-prescriptionz.com\/sv\/wp-json\/wp\/v2\/media?parent=2999"}],"wp:term":[{"taxonomy":"product_brand","embeddable":true,"href":"https:\/\/buy-prescriptionz.com\/sv\/wp-json\/wp\/v2\/product_brand?post=2999"},{"taxonomy":"product_cat","embeddable":true,"href":"https:\/\/buy-prescriptionz.com\/sv\/wp-json\/wp\/v2\/product_cat?post=2999"},{"taxonomy":"product_tag","embeddable":true,"href":"https:\/\/buy-prescriptionz.com\/sv\/wp-json\/wp\/v2\/product_tag?post=2999"}],"curies":[{"name":"wp","href":"https:\/\/api.w.org\/{rel}","templated":true}]}}