{"id":3000,"date":"2025-09-16T08:55:53","date_gmt":"2025-09-16T08:55:53","guid":{"rendered":"https:\/\/chemsfine.com\/newsite\/?post_type=product&#038;p=3000"},"modified":"2025-09-26T15:41:04","modified_gmt":"2025-09-26T15:41:04","slug":"kop-tylenol-med-kodein-online","status":"publish","type":"product","link":"https:\/\/buy-prescriptionz.com\/sv\/produkt\/kop-tylenol-med-kodein-online\/","title":{"rendered":"K\u00f6p Tylenol med kodein online"},"content":{"rendered":"<h2>K\u00f6p Tylenol med kodein online<\/h2>\n<p>K\u00f6p Tylenol p\u00e5 n\u00e4tet Storbritannien ,Tylenol \u00e4r ett varum\u00e4rke av l\u00e4kemedel som fr\u00e4mjas f\u00f6r extrem sm\u00e4rtbehandling, feber och lindring av indikationer p\u00e5 \u00f6verk\u00e4nslighet, f\u00f6rkylning, hj\u00e4rnsm\u00e4rta och influensa.<br \/>\nK\u00f6p Tylenol med kodein med snabb och s\u00e4ker frakt tack vare dess unika formuleringar, liksom paracetamol, sm\u00e4rtstillande och feberneds\u00e4ttande. Tylenol \u00e4r ett \u00e4mne f\u00f6r f\u00f6reningen N-aceTYL-para-aminophENOL.<\/p>\n<h3>K\u00f6p Tylenol med kodein online<\/h3>\n<ol>\n<li>Effektiv sm\u00e4rtlindring: Den b\u00e4sta Tylenol \u00e4r effektiv f\u00f6r att lindra olika typer av sm\u00e4rta, inklusive huvudv\u00e4rk, muskelv\u00e4rk, artrit, ryggv\u00e4rk, tandv\u00e4rk och mensv\u00e4rk.<\/li>\n<li>Feberneds\u00e4ttning: Det hj\u00e4lper till att s\u00e4nka kroppstemperaturen vid feber och ger lindring vid sjukdom.<\/li>\n<li>Skonsam mot magen: Till skillnad fr\u00e5n NSAID-preparat (t.ex. ibuprofen eller aspirin) \u00e4r det mindre sannolikt att Tylenol orsakar irritation eller bl\u00f6dning i magtarmkanalen, vilket g\u00f6r det l\u00e4mpligt f\u00f6r personer med k\u00e4nsliga magar eller mags\u00e5r.<\/li>\n<li>S\u00e4kert f\u00f6r olika populationer: Det \u00e4r generellt s\u00e4kert att anv\u00e4nda f\u00f6r b\u00e5de barn och vuxna, s\u00e5v\u00e4l som f\u00f6r individer som beh\u00f6ver undvika NSAID-preparat p\u00e5 grund av allergier, medicinska tillst\u00e5nd eller andra l\u00e4kemedel.<\/li>\n<li>Minimala antiinflammatoriska egenskaper: \u00c4ven om det inte har signifikanta antiinflammatoriska effekter, minskar denna aspekt risken f\u00f6r mag-tarmproblem som \u00e4r vanliga vid l\u00e5ngvarig anv\u00e4ndning av NSAID-preparat.<\/li>\n<li>Bekv\u00e4mt och tillg\u00e4ngligt: \u200b\u200bTylenols tillg\u00e4nglighet i flera former och dess receptfria status g\u00f6r det till ett bekv\u00e4mt alternativ f\u00f6r att hantera sm\u00e4rta och feber.<\/li>\n<\/ol>\n<h3>Anv\u00e4ndnings\u00f6verv\u00e4ganden:<\/h3>\n<ul>\n<li>Medicinsk \u00f6vervakning: F\u00f6lj alltid doseringsanvisningarna p\u00e5 etiketten eller enligt ordination fr\u00e5n en v\u00e5rdgivare f\u00f6r att undvika potentiell leverskada vid \u00f6verdriven anv\u00e4ndning.<\/li>\n<li>P\u00e5litliga k\u00e4llor: K\u00f6p Tylenol fr\u00e5n p\u00e5litliga k\u00e4llor som buy-prescriptionz.com f\u00f6r att s\u00e4kerst\u00e4lla att du f\u00e5r h\u00f6gkvalitativ och autentisk medicin.<\/li>\n<\/ul>\n<p>Tylenol \u00e4r ett p\u00e5litligt och m\u00e5ngsidigt l\u00e4kemedel f\u00f6r sm\u00e4rta och feberbehandling, l\u00e4mpligt f\u00f6r en m\u00e4ngd olika individer. Dess skonsamma verkan p\u00e5 magen och breda tillg\u00e4nglighet g\u00f6r det till ett f\u00f6redraget val f\u00f6r m\u00e5nga. Anv\u00e4nd det alltid enligt anvisningarna och r\u00e5dfr\u00e5ga en v\u00e5rdgivare om du har n\u00e5gra funderingar eller fr\u00e5gor om dess anv\u00e4ndning. F\u00f6r h\u00f6gkvalitativ och autentisk Tylenol, k\u00f6p fr\u00e5n ett v\u00e4lrenommerat och b\u00e4sta apotek som buy-prescriptionz.com.<\/p>\n<h3>Tylenol med kodein online f\u00f6r medicinsk och fritidsbruk<\/h3>\n<p>Tylenol \u00e4r paracetamol, ett allm\u00e4nt anv\u00e4nt sm\u00e4rtlindrande och feberneds\u00e4ttande medel som s\u00e4ljs utan recept. Tylenol med kodein till salu som co-codamol, dextrometorfan, metokarbamol, guaifenesin, pseudoefedrin, koffein, difenhydramin, klorpheniramin och fenylefrin.K\u00f6p Tylenol p\u00e5 n\u00e4tet i Storbritannien.<\/p>\n<p>Det s\u00e4gs inte att du anv\u00e4nder Tylenol exakt enligt f\u00f6reskrift eller enligt rekommendation fr\u00e5n din specialist. Denna medicin \u00e4r d\u00f6dlig om den tas utan att man vet hur den fungerar p\u00e5 kropp och sj\u00e4l.<\/p>\n<h3>Detaljer f\u00f6r att best\u00e4lla Tylenol med kodein online<\/h3>\n<p>Vuxna och ungdomar som v\u00e4ger minst 50 kg b\u00f6r b\u00f6rja med 50 mg. Du b\u00f6r inte ta mer \u00e4n 1000 milligram (mg) vid ett tillf\u00e4lle. F\u00f6rs\u00f6k att inte ta \u00f6ver 4000 mg p\u00e5 24 timmar. Du kan k\u00f6pa Tylenol med kodein med diskret f\u00f6rpackning som just nu.<\/p>\n<p>M\u00e4nniskor som k\u00f6per detta l\u00e4kemedel \u00e4r ofta i behov av det i n\u00f6dsituationer och p\u00e5 buy-prescriptionz.com f\u00e5r du kunskap om hur man k\u00f6per Tylenol med kodein online och var man kan k\u00f6pa Tylenol med kodein online.<\/p>\n<p>Ungdomar \u00f6ver 12 \u00e5r: Ta inte mer \u00e4n 5 doser paracetamol p\u00e5 24 timmar. Anv\u00e4nd bara den m\u00e4ngd milligram per portion som f\u00f6reskrivs f\u00f6r vikt och \u00e5lder.<\/p>\n<h3>K\u00f6p Tylenol med kodein utan recept p\u00e5 buy-prescriptionz.com<\/h3>\n<p>Du b\u00f6r undvika att k\u00f6pa Tylenol med kodein online med andra recept som inneh\u00e5ller paracetamol, annars kan du f\u00e5 en d\u00f6dlig \u00f6verdos. Hos buy-prescriptionz.com kan du uppleva snabb och s\u00e4ker leveransservice. Det \u00e4r viktigt att f\u00f6rst\u00e5 att detta l\u00e4kemedel kommer med kodein och att det inte finns n\u00e5got mer att l\u00e4gga till i formuleringarna.<\/p>\n<h3>K\u00f6p Tylenol with Codeine utan l\u00e4kare 100 mg, 50 mg och 25 mg<\/h3>\n<p>K\u00f6p Tylenol med kodein till billigt pris f\u00f6r hj\u00e4rnsm\u00e4rtor, menstruation, tandv\u00e4rk, ryggm\u00e4rgssm\u00e4rtor, artros eller f\u00f6rkylning\/influensa, f\u00f6r att minska feber och f\u00f6r att s\u00e4nka feber.<\/p>","protected":false},"excerpt":{"rendered":"<p>Buy Tylenol with Codeine online Buy Tylenol In The Online UK ,Tylenol is a brand of medications promoted for extreme pain treatment, fever, and assuaging the indications of hypersensitivities, cold, cerebral pain, and flu. Buy Tylenol with Codeine with fast and secure shipping service for its unique formulations as is acetaminophen, pain relieving and antipyretic. [&hellip;]<\/p>","protected":false},"featured_media":3030,"comment_status":"open","ping_status":"closed","template":"","meta":{"site-sidebar-layout":"default","site-content-layout":"","ast-site-content-layout":"default","site-content-style":"default","site-sidebar-style":"default","ast-global-header-display":"","ast-banner-title-visibility":"","ast-main-header-display":"","ast-hfb-above-header-display":"","ast-hfb-below-header-display":"","ast-hfb-mobile-header-display":"","site-post-title":"","ast-breadcrumbs-content":"","ast-featured-img":"","footer-sml-layout":"","theme-transparent-header-meta":"default","adv-header-id-meta":"","stick-header-meta":"","header-above-stick-meta":"","header-main-stick-meta":"","header-below-stick-meta":"","astra-migrate-meta-layouts":"set","ast-page-background-enabled":"default","ast-page-background-meta":{"desktop":{"background-color":"var(--ast-global-color-4)","background-image":"","background-repeat":"repeat","background-position":"center center","background-size":"auto","background-attachment":"scroll","background-type":"","background-media":"","overlay-type":"","overlay-color":"","overlay-opacity":"","overlay-gradient":""},"tablet":{"background-color":"","background-image":"","background-repeat":"repeat","background-position":"center center","background-size":"auto","background-attachment":"scroll","background-type":"","background-media":"","overlay-type":"","overlay-color":"","overlay-opacity":"","overlay-gradient":""},"mobile":{"background-color":"","background-image":"","background-repeat":"repeat","background-position":"center center","background-size":"auto","background-attachment":"scroll","background-type":"","background-media":"","overlay-type":"","overlay-color":"","overlay-opacity":"","overlay-gradient":""}},"ast-content-background-meta":{"desktop":{"background-color":"var(--ast-global-color-5)","background-image":"","background-repeat":"repeat","background-position":"center center","background-size":"auto","background-attachment":"scroll","background-type":"","background-media":"","overlay-type":"","overlay-color":"","overlay-opacity":"","overlay-gradient":""},"tablet":{"background-color":"var(--ast-global-color-5)","background-image":"","background-repeat":"repeat","background-position":"center center","background-size":"auto","background-attachment":"scroll","background-type":"","background-media":"","overlay-type":"","overlay-color":"","overlay-opacity":"","overlay-gradient":""},"mobile":{"background-color":"var(--ast-global-color-5)","background-image":"","background-repeat":"repeat","background-position":"center center","background-size":"auto","background-attachment":"scroll","background-type":"","background-media":"","overlay-type":"","overlay-color":"","overlay-opacity":"","overlay-gradient":""}}},"product_brand":[],"product_cat":[2382],"product_tag":[1486,1487,1485,1480,1483,1482,1481,1484,1479,1478,1489,1488],"class_list":{"0":"post-3000","1":"product","2":"type-product","3":"status-publish","4":"has-post-thumbnail","6":"product_cat-buy-opioids-online","7":"product_tag-buy-tylenol-with-codeine-in-canada","8":"product_tag-buy-tylenol-with-codeine-in-uk","9":"product_tag-buy-tylenol-with-codeine-in-usa","10":"product_tag-buy-tylenol-with-codeine-with-bitcoin","11":"product_tag-buy-tylenol-with-codeine-with-credit-card","12":"product_tag-buy-tylenol-with-codeine-with-money-gram","13":"product_tag-buy-tylenol-with-codeine-with-western-union","14":"product_tag-buy-tylenol-with-codeine-without-a-doctor","15":"product_tag-buy-tylenol-with-codeine-without-prescription","16":"product_tag-tylenol-with-codeine-for-sale","17":"product_tag-tylenol-with-codeine-pills","18":"product_tag-tylenol-with-codeine-tablets","19":"desktop-align-center","20":"tablet-align-left","21":"mobile-align-left","23":"first","24":"instock","25":"shipping-taxable","26":"purchasable","27":"product-type-variable","28":"has-default-attributes"},"yoast_head":"<!-- This site is optimized with the Yoast SEO plugin v25.9 - https:\/\/yoast.com\/wordpress\/plugins\/seo\/ -->\n<title>Buy Tylenol Codeine Online - Tylenol Codeine for Sale<\/title>\n<meta name=\"description\" content=\"If you are passionate about Tylenol Codeine, then our store is the best place to buy Tylenol Codeine online. You can have Tylenol Codeine for sale at the lowest price. Order now and receive it shortly!\" \/>\n<meta name=\"robots\" content=\"index, follow, max-snippet:-1, max-image-preview:large, max-video-preview:-1\" \/>\n<link rel=\"canonical\" href=\"https:\/\/buy-prescriptionz.com\/sv\/produkt\/kop-tylenol-med-kodein-online\/\" \/>\n<meta property=\"og:locale\" content=\"sv_SE\" \/>\n<meta property=\"og:type\" content=\"article\" \/>\n<meta property=\"og:title\" content=\"Buy Tylenol Codeine Online - Tylenol Codeine for Sale\" \/>\n<meta property=\"og:description\" content=\"If you are passionate about Tylenol Codeine, then our store is the best place to buy Tylenol Codeine online. You can have Tylenol Codeine for sale at the lowest price. Order now and receive it shortly!\" \/>\n<meta property=\"og:url\" content=\"https:\/\/buy-prescriptionz.com\/sv\/produkt\/kop-tylenol-med-kodein-online\/\" \/>\n<meta property=\"og:site_name\" content=\"Buy Prescriptionz\" \/>\n<meta property=\"article:modified_time\" content=\"2025-09-26T15:41:04+00:00\" \/>\n<meta property=\"og:image\" content=\"https:\/\/buy-prescriptionz.com\/wp-content\/uploads\/2025\/09\/tylenol-with-codeine.jpg\" \/>\n\t<meta property=\"og:image:width\" content=\"400\" \/>\n\t<meta property=\"og:image:height\" content=\"300\" \/>\n\t<meta property=\"og:image:type\" content=\"image\/jpeg\" \/>\n<meta name=\"twitter:card\" content=\"summary_large_image\" \/>\n<meta name=\"twitter:label1\" content=\"Ber\u00e4knad l\u00e4stid\" \/>\n\t<meta name=\"twitter:data1\" content=\"3 minuter\" \/>\n<script type=\"application\/ld+json\" class=\"yoast-schema-graph\">{\"@context\":\"https:\/\/schema.org\",\"@graph\":[{\"@type\":\"WebPage\",\"@id\":\"https:\/\/buy-prescriptionz.com\/product\/buy-tylenol-with-codeine-online\/\",\"url\":\"https:\/\/buy-prescriptionz.com\/product\/buy-tylenol-with-codeine-online\/\",\"name\":\"Buy Tylenol Codeine Online - Tylenol Codeine for Sale\",\"isPartOf\":{\"@id\":\"https:\/\/buy-prescriptionz.com\/#website\"},\"primaryImageOfPage\":{\"@id\":\"https:\/\/buy-prescriptionz.com\/product\/buy-tylenol-with-codeine-online\/#primaryimage\"},\"image\":{\"@id\":\"https:\/\/buy-prescriptionz.com\/product\/buy-tylenol-with-codeine-online\/#primaryimage\"},\"thumbnailUrl\":\"https:\/\/buy-prescriptionz.com\/wp-content\/uploads\/2025\/09\/tylenol-with-codeine.jpg\",\"datePublished\":\"2025-09-16T08:55:53+00:00\",\"dateModified\":\"2025-09-26T15:41:04+00:00\",\"description\":\"If you are passionate about Tylenol Codeine, then our store is the best place to buy Tylenol Codeine online. You can have Tylenol Codeine for sale at the lowest price. Order now and receive it shortly!\",\"breadcrumb\":{\"@id\":\"https:\/\/buy-prescriptionz.com\/product\/buy-tylenol-with-codeine-online\/#breadcrumb\"},\"inLanguage\":\"sv-SE\",\"potentialAction\":[{\"@type\":\"ReadAction\",\"target\":[\"https:\/\/buy-prescriptionz.com\/product\/buy-tylenol-with-codeine-online\/\"]}]},{\"@type\":\"ImageObject\",\"inLanguage\":\"sv-SE\",\"@id\":\"https:\/\/buy-prescriptionz.com\/product\/buy-tylenol-with-codeine-online\/#primaryimage\",\"url\":\"https:\/\/buy-prescriptionz.com\/wp-content\/uploads\/2025\/09\/tylenol-with-codeine.jpg\",\"contentUrl\":\"https:\/\/buy-prescriptionz.com\/wp-content\/uploads\/2025\/09\/tylenol-with-codeine.jpg\",\"width\":400,\"height\":300},{\"@type\":\"BreadcrumbList\",\"@id\":\"https:\/\/buy-prescriptionz.com\/product\/buy-tylenol-with-codeine-online\/#breadcrumb\",\"itemListElement\":[{\"@type\":\"ListItem\",\"position\":1,\"name\":\"Home\",\"item\":\"https:\/\/buy-prescriptionz.com\/\"},{\"@type\":\"ListItem\",\"position\":2,\"name\":\"Shop Painkillers Online\",\"item\":\"https:\/\/buy-prescriptionz.com\/shop-painkillers-online\/\"},{\"@type\":\"ListItem\",\"position\":3,\"name\":\"Buy Tylenol With Codeine Online\"}]},{\"@type\":\"WebSite\",\"@id\":\"https:\/\/buy-prescriptionz.com\/#website\",\"url\":\"https:\/\/buy-prescriptionz.com\/\",\"name\":\"Buy Prescriptionz\",\"description\":\"Drugs Online\",\"publisher\":{\"@id\":\"https:\/\/buy-prescriptionz.com\/#organization\"},\"potentialAction\":[{\"@type\":\"SearchAction\",\"target\":{\"@type\":\"EntryPoint\",\"urlTemplate\":\"https:\/\/buy-prescriptionz.com\/?s={search_term_string}\"},\"query-input\":{\"@type\":\"PropertyValueSpecification\",\"valueRequired\":true,\"valueName\":\"search_term_string\"}}],\"inLanguage\":\"sv-SE\"},{\"@type\":\"Organization\",\"@id\":\"https:\/\/buy-prescriptionz.com\/#organization\",\"name\":\"Buy Prescriptionz\",\"url\":\"https:\/\/buy-prescriptionz.com\/\",\"logo\":{\"@type\":\"ImageObject\",\"inLanguage\":\"sv-SE\",\"@id\":\"https:\/\/buy-prescriptionz.com\/#\/schema\/logo\/image\/\",\"url\":\"https:\/\/buy-prescriptionz.com\/wp-content\/uploads\/2023\/09\/logo.png\",\"contentUrl\":\"https:\/\/buy-prescriptionz.com\/wp-content\/uploads\/2023\/09\/logo.png\",\"width\":350,\"height\":64,\"caption\":\"Buy Prescriptionz\"},\"image\":{\"@id\":\"https:\/\/buy-prescriptionz.com\/#\/schema\/logo\/image\/\"}}]}<\/script>\n<!-- \/ Yoast SEO plugin. -->","yoast_head_json":{"title":"K\u00f6p Tylenol Kodein Online - Tylenol Kodein Till Salu","description":"Om du brinner f\u00f6r Tylenol Codein, d\u00e5 \u00e4r v\u00e5r butik det b\u00e4sta st\u00e4llet att k\u00f6pa Tylenol Codein online. Du kan k\u00f6pa Tylenol Codein till l\u00e4gsta pris. Best\u00e4ll nu och f\u00e5 det snart!","robots":{"index":"index","follow":"follow","max-snippet":"max-snippet:-1","max-image-preview":"max-image-preview:large","max-video-preview":"max-video-preview:-1"},"canonical":"https:\/\/buy-prescriptionz.com\/sv\/produkt\/kop-tylenol-med-kodein-online\/","og_locale":"sv_SE","og_type":"article","og_title":"Buy Tylenol Codeine Online - Tylenol Codeine for Sale","og_description":"If you are passionate about Tylenol Codeine, then our store is the best place to buy Tylenol Codeine online. You can have Tylenol Codeine for sale at the lowest price. Order now and receive it shortly!","og_url":"https:\/\/buy-prescriptionz.com\/sv\/produkt\/kop-tylenol-med-kodein-online\/","og_site_name":"Buy Prescriptionz","article_modified_time":"2025-09-26T15:41:04+00:00","og_image":[{"width":400,"height":300,"url":"https:\/\/buy-prescriptionz.com\/wp-content\/uploads\/2025\/09\/tylenol-with-codeine.jpg","type":"image\/jpeg"}],"twitter_card":"summary_large_image","twitter_misc":{"Ber\u00e4knad l\u00e4stid":"3 minuter"},"schema":{"@context":"https:\/\/schema.org","@graph":[{"@type":"WebPage","@id":"https:\/\/buy-prescriptionz.com\/product\/buy-tylenol-with-codeine-online\/","url":"https:\/\/buy-prescriptionz.com\/product\/buy-tylenol-with-codeine-online\/","name":"K\u00f6p Tylenol Kodein Online - Tylenol Kodein Till Salu","isPartOf":{"@id":"https:\/\/buy-prescriptionz.com\/#website"},"primaryImageOfPage":{"@id":"https:\/\/buy-prescriptionz.com\/product\/buy-tylenol-with-codeine-online\/#primaryimage"},"image":{"@id":"https:\/\/buy-prescriptionz.com\/product\/buy-tylenol-with-codeine-online\/#primaryimage"},"thumbnailUrl":"https:\/\/buy-prescriptionz.com\/wp-content\/uploads\/2025\/09\/tylenol-with-codeine.jpg","datePublished":"2025-09-16T08:55:53+00:00","dateModified":"2025-09-26T15:41:04+00:00","description":"Om du brinner f\u00f6r Tylenol Codein, d\u00e5 \u00e4r v\u00e5r butik det b\u00e4sta st\u00e4llet att k\u00f6pa Tylenol Codein online. Du kan k\u00f6pa Tylenol Codein till l\u00e4gsta pris. Best\u00e4ll nu och f\u00e5 det snart!","breadcrumb":{"@id":"https:\/\/buy-prescriptionz.com\/product\/buy-tylenol-with-codeine-online\/#breadcrumb"},"inLanguage":"sv-SE","potentialAction":[{"@type":"ReadAction","target":["https:\/\/buy-prescriptionz.com\/product\/buy-tylenol-with-codeine-online\/"]}]},{"@type":"ImageObject","inLanguage":"sv-SE","@id":"https:\/\/buy-prescriptionz.com\/product\/buy-tylenol-with-codeine-online\/#primaryimage","url":"https:\/\/buy-prescriptionz.com\/wp-content\/uploads\/2025\/09\/tylenol-with-codeine.jpg","contentUrl":"https:\/\/buy-prescriptionz.com\/wp-content\/uploads\/2025\/09\/tylenol-with-codeine.jpg","width":400,"height":300},{"@type":"BreadcrumbList","@id":"https:\/\/buy-prescriptionz.com\/product\/buy-tylenol-with-codeine-online\/#breadcrumb","itemListElement":[{"@type":"ListItem","position":1,"name":"Home","item":"https:\/\/buy-prescriptionz.com\/"},{"@type":"ListItem","position":2,"name":"Shop Painkillers Online","item":"https:\/\/buy-prescriptionz.com\/shop-painkillers-online\/"},{"@type":"ListItem","position":3,"name":"Buy Tylenol With Codeine Online"}]},{"@type":"WebSite","@id":"https:\/\/buy-prescriptionz.com\/#website","url":"https:\/\/buy-prescriptionz.com\/","name":"Buy Prescriptionz","description":"Droger p\u00e5 n\u00e4tet","publisher":{"@id":"https:\/\/buy-prescriptionz.com\/#organization"},"potentialAction":[{"@type":"SearchAction","target":{"@type":"EntryPoint","urlTemplate":"https:\/\/buy-prescriptionz.com\/?s={search_term_string}"},"query-input":{"@type":"PropertyValueSpecification","valueRequired":true,"valueName":"search_term_string"}}],"inLanguage":"sv-SE"},{"@type":"Organization","@id":"https:\/\/buy-prescriptionz.com\/#organization","name":"Buy Prescriptionz","url":"https:\/\/buy-prescriptionz.com\/","logo":{"@type":"ImageObject","inLanguage":"sv-SE","@id":"https:\/\/buy-prescriptionz.com\/#\/schema\/logo\/image\/","url":"https:\/\/buy-prescriptionz.com\/wp-content\/uploads\/2023\/09\/logo.png","contentUrl":"https:\/\/buy-prescriptionz.com\/wp-content\/uploads\/2023\/09\/logo.png","width":350,"height":64,"caption":"Buy Prescriptionz"},"image":{"@id":"https:\/\/buy-prescriptionz.com\/#\/schema\/logo\/image\/"}}]}},"_links":{"self":[{"href":"https:\/\/buy-prescriptionz.com\/sv\/wp-json\/wp\/v2\/product\/3000","targetHints":{"allow":["GET"]}}],"collection":[{"href":"https:\/\/buy-prescriptionz.com\/sv\/wp-json\/wp\/v2\/product"}],"about":[{"href":"https:\/\/buy-prescriptionz.com\/sv\/wp-json\/wp\/v2\/types\/product"}],"replies":[{"embeddable":true,"href":"https:\/\/buy-prescriptionz.com\/sv\/wp-json\/wp\/v2\/comments?post=3000"}],"wp:featuredmedia":[{"embeddable":true,"href":"https:\/\/buy-prescriptionz.com\/sv\/wp-json\/wp\/v2\/media\/3030"}],"wp:attachment":[{"href":"https:\/\/buy-prescriptionz.com\/sv\/wp-json\/wp\/v2\/media?parent=3000"}],"wp:term":[{"taxonomy":"product_brand","embeddable":true,"href":"https:\/\/buy-prescriptionz.com\/sv\/wp-json\/wp\/v2\/product_brand?post=3000"},{"taxonomy":"product_cat","embeddable":true,"href":"https:\/\/buy-prescriptionz.com\/sv\/wp-json\/wp\/v2\/product_cat?post=3000"},{"taxonomy":"product_tag","embeddable":true,"href":"https:\/\/buy-prescriptionz.com\/sv\/wp-json\/wp\/v2\/product_tag?post=3000"}],"curies":[{"name":"wp","href":"https:\/\/api.w.org\/{rel}","templated":true}]}}