{"id":3001,"date":"2025-09-16T08:55:53","date_gmt":"2025-09-16T08:55:53","guid":{"rendered":"https:\/\/chemsfine.com\/newsite\/?post_type=product&#038;p=3001"},"modified":"2025-09-19T13:33:38","modified_gmt":"2025-09-19T13:33:38","slug":"kop-actavis-prometazin-sirap-online","status":"publish","type":"product","link":"https:\/\/buy-prescriptionz.com\/sv\/produkt\/kop-actavis-prometazin-sirap-online\/","title":{"rendered":"K\u00f6p Actavis Promethazine Syrup online"},"content":{"rendered":"<h2 style=\"text-align: justify;\">K\u00d6P ACTAVIS PROMETAZIN SIRAP ONLINE<\/h2>\n<p style=\"text-align: justify;\">Buy Actavis <a href=\"https:\/\/buy-prescriptionz.com\/sv\/produkt\/biphetamine\/\">Promethazine<\/a> Syrup Online, Actavis promethazine syrup is used to treat symptoms caused by the common cold, flu, allergies, and other breathing illnesses. It contains Promethazine hydrochloride 6.25 mg and codeine phosphate 10 mg in a flavored syrup base with a pH between 4.8 and 5.4, Alcohol 7%.<\/p>\n<h3 style=\"text-align: justify;\">FUNKTIONER<\/h3>\n<p style=\"text-align: justify;\">It works by decreasing the effects of histamine, a compound the body releases in response to certain irritants. And also Phenergan is used as a sedative and sleep aid for all types of patients and prevent or control nausea and vomiting, treat motion sickness. You can use it with the other medicines, for pain after surgery also.<\/p>\n<h3 style=\"text-align: justify;\">F\u00d6RSIKTIGHETS\u00c5TG\u00c4RDER<\/h3>\n<p style=\"text-align: justify;\">Contact doctor immediately if you have experience of extreme sleepiness, confusion, or shallow breathing. Blood tests may be needed sometimes to check for unwanted effects.<\/p>\n<p style=\"text-align: justify;\"><strong>Do not give this medicine to:<\/strong><\/p>\n<p style=\"text-align: justify;\">\u2022 Children younger than 12 years of age.<br \/>\n\u2022 Children younger than 18 years age had surgery removal of tonsils or adenoids.<br \/>\n\u2022 Children\u2019s of age in between 12 to 18 years who have a high risk for breathing problems (eg, <a href=\"https:\/\/de.wikipedia.org\/w\/index.php?sort=relevance&amp;search=Promethazine&amp;title=Spezial%3ASuche&amp;profile=advanced&amp;fulltext=1&amp;advancedSearch-current=%7B%7D&amp;ns0=1\">obstructive<\/a> sleep apnea, obesity, lung disease).<\/p>\n<h3 style=\"text-align: justify;\">BIEFFEKTER<\/h3>\n<p style=\"text-align: justify;\">This medicine may be habit-forming. If you feel that it is not working as well, do not use more than your prescribed dose. Call your doctor for instructions.<\/p>\n<p style=\"text-align: justify;\">Promethazine may increase your risk for convulsions (seizures). It may also cause dystonia (movement disorder). This is more likely sick children with diarrhea.<\/p>\n<p>It makes your skin more sensitive to sunlight. Use sunscreen when you are outdoors. Avoid sunlamps and tanning beds.<\/p>\n<p style=\"text-align: justify;\">Do not take other medicines unless they have been discussed with doctor. It includes prescription or nonprescription OTC (over-the-counter) medicines and herbal or vitamin supplements.<\/p>\n<p style=\"text-align: justify;\">Contact immediately your doctor if you have any concerns.<\/p>\n<h3>F\u00f6rst\u00e5 Actavis prometazinsirap: En \u00f6versikt<\/h3>\n<p>Actavis Prometazinsirap \u00e4r ett receptbelagt l\u00e4kemedel som anv\u00e4nds f\u00f6r att behandla symtom p\u00e5 allergier, f\u00f6rkylningar och hosta. Det inneh\u00e5ller en kombination av prometazin (ett antihistamin) och kodein (ett narkotiskt hostd\u00e4mpande medel), som tillsammans ger lindring av hosta, nysningar, rinnande n\u00e4sa och andra symtom i samband med luftv\u00e4gsbesv\u00e4r.<\/p>\n<h3>Hur Actavis Prometazinsirap fungerar<\/h3>\n<p>Prometazin verkar genom att blockera effekterna av histamin, ett naturligt \u00e4mne i kroppen som fris\u00e4tts vid allergiska reaktioner. Genom att blockera histamin hj\u00e4lper prometazin till att minska symtom som kl\u00e5da, nysningar och rinnande \u00f6gon. Kodein verkar p\u00e5 hj\u00e4rnan genom att undertrycka hostreflexen, vilket g\u00f6r det l\u00e4ttare att andas och minskar hostbehovet.<\/p>\n<h3>F\u00f6rdelar med Actavis prometazinsirap<\/h3>\n<ol>\n<li><strong>Effektiv symptomlindring<\/strong>Den b\u00e4sta Actavis Promethazine Sirapen ger snabb och effektiv lindring av symtom som hosta, nysningar och n\u00e4st\u00e4ppa, vilket g\u00f6r att anv\u00e4ndarna kan k\u00e4nna sig mer bekv\u00e4ma och andas l\u00e4ttare.<\/li>\n<li><strong>Kombination av l\u00e4kemedel<\/strong>Kombinationen av prometazin och kodein i Actavis Promethazine Syrup ger en helt\u00e4ckande metod f\u00f6r behandling av luftv\u00e4gssymtom, och riktar sig mot b\u00e5de den bakomliggande orsaken till allergier och f\u00f6rkylningar samt den associerade hostan.<\/li>\n<li><strong>Receptbelagd styrka<\/strong>Actavis Promethazine Syrup \u00e4r ett receptbelagt l\u00e4kemedel, vilket inneb\u00e4r att det \u00e4r formulerat med h\u00f6gre koncentrationer av aktiva ingredienser, vilket ger mer kraftfull symtomlindring j\u00e4mf\u00f6rt med receptfria l\u00e4kemedel.<\/li>\n<li><strong>M\u00e5ngsidig behandling<\/strong>F\u00f6rutom allergier och f\u00f6rkylningar kan Actavis Promethazine Syrup \u00e4ven anv\u00e4ndas f\u00f6r att behandla andra tillst\u00e5nd s\u00e5som bronkit, bih\u00e5leinflammation och andra luftv\u00e4gsinfektioner.<\/li>\n<li><strong>Anpassningsbar dosering<\/strong>Actavis Prometazinsirap finns i olika styrkor, vilket g\u00f6r det m\u00f6jligt f\u00f6r v\u00e5rdgivare att skr\u00e4ddarsy doseringen efter varje individs specifika behov f\u00f6r optimal symtomlindring.<\/li>\n<\/ol>\n<h3>\u00c4r Actavis prometazinsirap r\u00e4tt f\u00f6r dig?<\/h3>\n<p>Innan du b\u00f6rjar med Actavis Promethazine Syrup \u00e4r det viktigt att du r\u00e5dg\u00f6r med en v\u00e5rdgivare f\u00f6r att avg\u00f6ra om det \u00e4r r\u00e4tt behandlingsalternativ f\u00f6r ditt tillst\u00e5nd. Din v\u00e5rdgivare kommer att beakta faktorer som din sjukdomshistoria, nuvarande medicinering och sv\u00e5righetsgraden av dina symtom f\u00f6r att avg\u00f6ra om Actavis Promethazine Syrup \u00e4r l\u00e4mpligt f\u00f6r dig.<\/p>\n<h3>Var man kan k\u00f6pa Actavis prometazinsirap<\/h3>\n<p>Om du har f\u00e5tt Actavis Promethazine Syrup utskriven och undrar var du kan k\u00f6pa den, kan du k\u00f6pa receptbelagda l\u00e4kemedel online fr\u00e5n det b\u00e4sta apoteket som buy-prescriptionz.com. Att k\u00f6pa receptbelagda l\u00e4kemedel online \u00e4r bekv\u00e4mt och konfidentiellt, vilket g\u00f6r att du f\u00e5r den behandling du beh\u00f6ver utan att beh\u00f6va bes\u00f6ka ett fysiskt apotek.<\/p>\n<h3 style=\"text-align: justify;\">MISSAD DOS<\/h3>\n<p style=\"text-align: justify;\">If you miss a dose of the medicine, take it as soon as possible. However, if it is almost time for next dose, skip the missed dose and just go back to your regular dosing schedule. Do not double doses.<\/p>\n<h3 style=\"text-align: justify;\">\u00d6VERDOSERING<\/h3>\n<p style=\"text-align: justify;\">Symptoms of Phenergan overdose may include:<\/p>\n<p style=\"text-align: justify;\">This medicine may cause some people to become dizzy, drowsy, large pupils, flushing, nausea, vomiting, shallow breathing, and fainting. If you experience one of them contact your doctor immediately.<\/p>\n<h3 style=\"text-align: justify;\">F\u00d6RVARING<\/h3>\n<p style=\"text-align: justify;\">Store it at room temperature in a closed container, away from heat, moisture, and direct light. Keep it from freezing. Also keep out of the reach of kids.<\/p>\n<h3 style=\"text-align: justify;\">WHERE TO BUY ACTAVIS PROMETHAZINE SYRUP ONLINE?<\/h3>\n<p style=\"text-align: justify;\">K\u00f6p Actavis Promethazine Sirap online fr\u00e5n oss (buy-prescriptionz.com) hem till dig till b\u00e4sta pris. Var alltid frisk. Best\u00e4ll nu!<\/p>","protected":false},"excerpt":{"rendered":"<p>BUY ACTAVIS PROMETHAZINE SYRUP ONLINE Buy Actavis Promethazine Syrup Online, Actavis promethazine syrup is used to treat symptoms caused by the common cold, flu, allergies, and other breathing illnesses. It contains Promethazine hydrochloride 6.25 mg and codeine phosphate 10 mg in a flavored syrup base with a pH between 4.8 and 5.4, Alcohol 7%. FEATURES [&hellip;]<\/p>","protected":false},"featured_media":3031,"comment_status":"open","ping_status":"closed","template":"","meta":{"site-sidebar-layout":"default","site-content-layout":"","ast-site-content-layout":"default","site-content-style":"default","site-sidebar-style":"default","ast-global-header-display":"","ast-banner-title-visibility":"","ast-main-header-display":"","ast-hfb-above-header-display":"","ast-hfb-below-header-display":"","ast-hfb-mobile-header-display":"","site-post-title":"","ast-breadcrumbs-content":"","ast-featured-img":"","footer-sml-layout":"","theme-transparent-header-meta":"default","adv-header-id-meta":"","stick-header-meta":"","header-above-stick-meta":"","header-main-stick-meta":"","header-below-stick-meta":"","astra-migrate-meta-layouts":"set","ast-page-background-enabled":"default","ast-page-background-meta":{"desktop":{"background-color":"var(--ast-global-color-4)","background-image":"","background-repeat":"repeat","background-position":"center center","background-size":"auto","background-attachment":"scroll","background-type":"","background-media":"","overlay-type":"","overlay-color":"","overlay-opacity":"","overlay-gradient":""},"tablet":{"background-color":"","background-image":"","background-repeat":"repeat","background-position":"center center","background-size":"auto","background-attachment":"scroll","background-type":"","background-media":"","overlay-type":"","overlay-color":"","overlay-opacity":"","overlay-gradient":""},"mobile":{"background-color":"","background-image":"","background-repeat":"repeat","background-position":"center center","background-size":"auto","background-attachment":"scroll","background-type":"","background-media":"","overlay-type":"","overlay-color":"","overlay-opacity":"","overlay-gradient":""}},"ast-content-background-meta":{"desktop":{"background-color":"var(--ast-global-color-5)","background-image":"","background-repeat":"repeat","background-position":"center center","background-size":"auto","background-attachment":"scroll","background-type":"","background-media":"","overlay-type":"","overlay-color":"","overlay-opacity":"","overlay-gradient":""},"tablet":{"background-color":"var(--ast-global-color-5)","background-image":"","background-repeat":"repeat","background-position":"center center","background-size":"auto","background-attachment":"scroll","background-type":"","background-media":"","overlay-type":"","overlay-color":"","overlay-opacity":"","overlay-gradient":""},"mobile":{"background-color":"var(--ast-global-color-5)","background-image":"","background-repeat":"repeat","background-position":"center center","background-size":"auto","background-attachment":"scroll","background-type":"","background-media":"","overlay-type":"","overlay-color":"","overlay-opacity":"","overlay-gradient":""}}},"product_brand":[],"product_cat":[2382],"product_tag":[],"class_list":{"0":"post-3001","1":"product","2":"type-product","3":"status-publish","4":"has-post-thumbnail","6":"product_cat-buy-opioids-online","7":"desktop-align-center","8":"tablet-align-left","9":"mobile-align-left","11":"first","12":"instock","13":"shipping-taxable","14":"purchasable","15":"product-type-variable","16":"has-default-attributes"},"yoast_head":"<!-- This site is optimized with the Yoast SEO plugin v25.9 - https:\/\/yoast.com\/wordpress\/plugins\/seo\/ -->\n<title>Actavis Promethazine Syrup for Sale - Buy Actavis Promethazine Syrup Online<\/title>\n<meta name=\"description\" content=\"You can now get Actavis Promethazine Syrup for sale from our top Chems store. Our staff will assist you to buy Actavis Promethazine Syrup online at the best prices. Order Actavis Promethazine Syrup online today with worldwide shipping!\" \/>\n<meta name=\"robots\" content=\"index, follow, max-snippet:-1, max-image-preview:large, max-video-preview:-1\" \/>\n<link rel=\"canonical\" href=\"https:\/\/buy-prescriptionz.com\/sv\/produkt\/kop-actavis-prometazin-sirap-online\/\" \/>\n<meta property=\"og:locale\" content=\"sv_SE\" \/>\n<meta property=\"og:type\" content=\"article\" \/>\n<meta property=\"og:title\" content=\"Actavis Promethazine Syrup for Sale - Buy Actavis Promethazine Syrup Online\" \/>\n<meta property=\"og:description\" content=\"You can now get Actavis Promethazine Syrup for sale from our top Chems store. Our staff will assist you to buy Actavis Promethazine Syrup online at the best prices. Order Actavis Promethazine Syrup online today with worldwide shipping!\" \/>\n<meta property=\"og:url\" content=\"https:\/\/buy-prescriptionz.com\/sv\/produkt\/kop-actavis-prometazin-sirap-online\/\" \/>\n<meta property=\"og:site_name\" content=\"Buy Prescriptionz\" \/>\n<meta property=\"article:modified_time\" content=\"2025-09-19T13:33:38+00:00\" \/>\n<meta property=\"og:image\" content=\"https:\/\/buy-prescriptionz.com\/wp-content\/uploads\/2025\/09\/actavis-promathazine-syrup.jpg\" \/>\n\t<meta property=\"og:image:width\" content=\"400\" \/>\n\t<meta property=\"og:image:height\" content=\"300\" \/>\n\t<meta property=\"og:image:type\" content=\"image\/jpeg\" \/>\n<meta name=\"twitter:card\" content=\"summary_large_image\" \/>\n<meta name=\"twitter:label1\" content=\"Ber\u00e4knad l\u00e4stid\" \/>\n\t<meta name=\"twitter:data1\" content=\"4 minuter\" \/>\n<script type=\"application\/ld+json\" class=\"yoast-schema-graph\">{\"@context\":\"https:\/\/schema.org\",\"@graph\":[{\"@type\":\"WebPage\",\"@id\":\"https:\/\/buy-prescriptionz.com\/cs\/produkt\/koupit-actavis-promethazin-sirup-online\/\",\"url\":\"https:\/\/buy-prescriptionz.com\/cs\/produkt\/koupit-actavis-promethazin-sirup-online\/\",\"name\":\"Actavis Promethazine Syrup for Sale - Buy Actavis Promethazine Syrup Online\",\"isPartOf\":{\"@id\":\"https:\/\/buy-prescriptionz.com\/#website\"},\"primaryImageOfPage\":{\"@id\":\"https:\/\/buy-prescriptionz.com\/cs\/produkt\/koupit-actavis-promethazin-sirup-online\/#primaryimage\"},\"image\":{\"@id\":\"https:\/\/buy-prescriptionz.com\/cs\/produkt\/koupit-actavis-promethazin-sirup-online\/#primaryimage\"},\"thumbnailUrl\":\"https:\/\/buy-prescriptionz.com\/wp-content\/uploads\/2025\/09\/actavis-promathazine-syrup.jpg\",\"datePublished\":\"2025-09-16T08:55:53+00:00\",\"dateModified\":\"2025-09-19T13:33:38+00:00\",\"description\":\"You can now get Actavis Promethazine Syrup for sale from our top Chems store. Our staff will assist you to buy Actavis Promethazine Syrup online at the best prices. Order Actavis Promethazine Syrup online today with worldwide shipping!\",\"breadcrumb\":{\"@id\":\"https:\/\/buy-prescriptionz.com\/cs\/produkt\/koupit-actavis-promethazin-sirup-online\/#breadcrumb\"},\"inLanguage\":\"sv-SE\",\"potentialAction\":[{\"@type\":\"ReadAction\",\"target\":[\"https:\/\/buy-prescriptionz.com\/cs\/produkt\/koupit-actavis-promethazin-sirup-online\/\"]}]},{\"@type\":\"ImageObject\",\"inLanguage\":\"sv-SE\",\"@id\":\"https:\/\/buy-prescriptionz.com\/cs\/produkt\/koupit-actavis-promethazin-sirup-online\/#primaryimage\",\"url\":\"https:\/\/buy-prescriptionz.com\/wp-content\/uploads\/2025\/09\/actavis-promathazine-syrup.jpg\",\"contentUrl\":\"https:\/\/buy-prescriptionz.com\/wp-content\/uploads\/2025\/09\/actavis-promathazine-syrup.jpg\",\"width\":400,\"height\":300},{\"@type\":\"BreadcrumbList\",\"@id\":\"https:\/\/buy-prescriptionz.com\/cs\/produkt\/koupit-actavis-promethazin-sirup-online\/#breadcrumb\",\"itemListElement\":[{\"@type\":\"ListItem\",\"position\":1,\"name\":\"Home\",\"item\":\"https:\/\/buy-prescriptionz.com\/\"},{\"@type\":\"ListItem\",\"position\":2,\"name\":\"Shop Painkillers Online\",\"item\":\"https:\/\/buy-prescriptionz.com\/shop-painkillers-online\/\"},{\"@type\":\"ListItem\",\"position\":3,\"name\":\"Buy Actavis Promethazine Syrup Online\"}]},{\"@type\":\"WebSite\",\"@id\":\"https:\/\/buy-prescriptionz.com\/#website\",\"url\":\"https:\/\/buy-prescriptionz.com\/\",\"name\":\"Buy Prescriptionz\",\"description\":\"Drugs Online\",\"publisher\":{\"@id\":\"https:\/\/buy-prescriptionz.com\/#organization\"},\"potentialAction\":[{\"@type\":\"SearchAction\",\"target\":{\"@type\":\"EntryPoint\",\"urlTemplate\":\"https:\/\/buy-prescriptionz.com\/?s={search_term_string}\"},\"query-input\":{\"@type\":\"PropertyValueSpecification\",\"valueRequired\":true,\"valueName\":\"search_term_string\"}}],\"inLanguage\":\"sv-SE\"},{\"@type\":\"Organization\",\"@id\":\"https:\/\/buy-prescriptionz.com\/#organization\",\"name\":\"Buy Prescriptionz\",\"url\":\"https:\/\/buy-prescriptionz.com\/\",\"logo\":{\"@type\":\"ImageObject\",\"inLanguage\":\"sv-SE\",\"@id\":\"https:\/\/buy-prescriptionz.com\/#\/schema\/logo\/image\/\",\"url\":\"https:\/\/buy-prescriptionz.com\/wp-content\/uploads\/2023\/09\/logo.png\",\"contentUrl\":\"https:\/\/buy-prescriptionz.com\/wp-content\/uploads\/2023\/09\/logo.png\",\"width\":350,\"height\":64,\"caption\":\"Buy Prescriptionz\"},\"image\":{\"@id\":\"https:\/\/buy-prescriptionz.com\/#\/schema\/logo\/image\/\"}}]}<\/script>\n<!-- \/ Yoast SEO plugin. -->","yoast_head_json":{"title":"Actavis Promethazine Sirap till salu - K\u00f6p Actavis Promethazine Sirap Online","description":"Nu kan du k\u00f6pa Actavis Promethazine Sirap fr\u00e5n v\u00e5r fr\u00e4msta apoteksbutik. V\u00e5r personal hj\u00e4lper dig att k\u00f6pa Actavis Promethazine Sirap online till de b\u00e4sta priserna. Best\u00e4ll Actavis Promethazine Sirap online idag med leverans \u00f6ver hela v\u00e4rlden!","robots":{"index":"index","follow":"follow","max-snippet":"max-snippet:-1","max-image-preview":"max-image-preview:large","max-video-preview":"max-video-preview:-1"},"canonical":"https:\/\/buy-prescriptionz.com\/sv\/produkt\/kop-actavis-prometazin-sirap-online\/","og_locale":"sv_SE","og_type":"article","og_title":"Actavis Promethazine Syrup for Sale - Buy Actavis Promethazine Syrup Online","og_description":"You can now get Actavis Promethazine Syrup for sale from our top Chems store. Our staff will assist you to buy Actavis Promethazine Syrup online at the best prices. Order Actavis Promethazine Syrup online today with worldwide shipping!","og_url":"https:\/\/buy-prescriptionz.com\/sv\/produkt\/kop-actavis-prometazin-sirap-online\/","og_site_name":"Buy Prescriptionz","article_modified_time":"2025-09-19T13:33:38+00:00","og_image":[{"width":400,"height":300,"url":"https:\/\/buy-prescriptionz.com\/wp-content\/uploads\/2025\/09\/actavis-promathazine-syrup.jpg","type":"image\/jpeg"}],"twitter_card":"summary_large_image","twitter_misc":{"Ber\u00e4knad l\u00e4stid":"4 minuter"},"schema":{"@context":"https:\/\/schema.org","@graph":[{"@type":"WebPage","@id":"https:\/\/buy-prescriptionz.com\/cs\/produkt\/koupit-actavis-promethazin-sirup-online\/","url":"https:\/\/buy-prescriptionz.com\/cs\/produkt\/koupit-actavis-promethazin-sirup-online\/","name":"Actavis Promethazine Sirap till salu - K\u00f6p Actavis Promethazine Sirap Online","isPartOf":{"@id":"https:\/\/buy-prescriptionz.com\/#website"},"primaryImageOfPage":{"@id":"https:\/\/buy-prescriptionz.com\/cs\/produkt\/koupit-actavis-promethazin-sirup-online\/#primaryimage"},"image":{"@id":"https:\/\/buy-prescriptionz.com\/cs\/produkt\/koupit-actavis-promethazin-sirup-online\/#primaryimage"},"thumbnailUrl":"https:\/\/buy-prescriptionz.com\/wp-content\/uploads\/2025\/09\/actavis-promathazine-syrup.jpg","datePublished":"2025-09-16T08:55:53+00:00","dateModified":"2025-09-19T13:33:38+00:00","description":"Nu kan du k\u00f6pa Actavis Promethazine Sirap fr\u00e5n v\u00e5r fr\u00e4msta apoteksbutik. V\u00e5r personal hj\u00e4lper dig att k\u00f6pa Actavis Promethazine Sirap online till de b\u00e4sta priserna. Best\u00e4ll Actavis Promethazine Sirap online idag med leverans \u00f6ver hela v\u00e4rlden!","breadcrumb":{"@id":"https:\/\/buy-prescriptionz.com\/cs\/produkt\/koupit-actavis-promethazin-sirup-online\/#breadcrumb"},"inLanguage":"sv-SE","potentialAction":[{"@type":"ReadAction","target":["https:\/\/buy-prescriptionz.com\/cs\/produkt\/koupit-actavis-promethazin-sirup-online\/"]}]},{"@type":"ImageObject","inLanguage":"sv-SE","@id":"https:\/\/buy-prescriptionz.com\/cs\/produkt\/koupit-actavis-promethazin-sirup-online\/#primaryimage","url":"https:\/\/buy-prescriptionz.com\/wp-content\/uploads\/2025\/09\/actavis-promathazine-syrup.jpg","contentUrl":"https:\/\/buy-prescriptionz.com\/wp-content\/uploads\/2025\/09\/actavis-promathazine-syrup.jpg","width":400,"height":300},{"@type":"BreadcrumbList","@id":"https:\/\/buy-prescriptionz.com\/cs\/produkt\/koupit-actavis-promethazin-sirup-online\/#breadcrumb","itemListElement":[{"@type":"ListItem","position":1,"name":"Home","item":"https:\/\/buy-prescriptionz.com\/"},{"@type":"ListItem","position":2,"name":"Shop Painkillers Online","item":"https:\/\/buy-prescriptionz.com\/shop-painkillers-online\/"},{"@type":"ListItem","position":3,"name":"Buy Actavis Promethazine Syrup Online"}]},{"@type":"WebSite","@id":"https:\/\/buy-prescriptionz.com\/#website","url":"https:\/\/buy-prescriptionz.com\/","name":"Buy Prescriptionz","description":"Droger p\u00e5 n\u00e4tet","publisher":{"@id":"https:\/\/buy-prescriptionz.com\/#organization"},"potentialAction":[{"@type":"SearchAction","target":{"@type":"EntryPoint","urlTemplate":"https:\/\/buy-prescriptionz.com\/?s={search_term_string}"},"query-input":{"@type":"PropertyValueSpecification","valueRequired":true,"valueName":"search_term_string"}}],"inLanguage":"sv-SE"},{"@type":"Organization","@id":"https:\/\/buy-prescriptionz.com\/#organization","name":"Buy Prescriptionz","url":"https:\/\/buy-prescriptionz.com\/","logo":{"@type":"ImageObject","inLanguage":"sv-SE","@id":"https:\/\/buy-prescriptionz.com\/#\/schema\/logo\/image\/","url":"https:\/\/buy-prescriptionz.com\/wp-content\/uploads\/2023\/09\/logo.png","contentUrl":"https:\/\/buy-prescriptionz.com\/wp-content\/uploads\/2023\/09\/logo.png","width":350,"height":64,"caption":"Buy Prescriptionz"},"image":{"@id":"https:\/\/buy-prescriptionz.com\/#\/schema\/logo\/image\/"}}]}},"_links":{"self":[{"href":"https:\/\/buy-prescriptionz.com\/sv\/wp-json\/wp\/v2\/product\/3001","targetHints":{"allow":["GET"]}}],"collection":[{"href":"https:\/\/buy-prescriptionz.com\/sv\/wp-json\/wp\/v2\/product"}],"about":[{"href":"https:\/\/buy-prescriptionz.com\/sv\/wp-json\/wp\/v2\/types\/product"}],"replies":[{"embeddable":true,"href":"https:\/\/buy-prescriptionz.com\/sv\/wp-json\/wp\/v2\/comments?post=3001"}],"wp:featuredmedia":[{"embeddable":true,"href":"https:\/\/buy-prescriptionz.com\/sv\/wp-json\/wp\/v2\/media\/3031"}],"wp:attachment":[{"href":"https:\/\/buy-prescriptionz.com\/sv\/wp-json\/wp\/v2\/media?parent=3001"}],"wp:term":[{"taxonomy":"product_brand","embeddable":true,"href":"https:\/\/buy-prescriptionz.com\/sv\/wp-json\/wp\/v2\/product_brand?post=3001"},{"taxonomy":"product_cat","embeddable":true,"href":"https:\/\/buy-prescriptionz.com\/sv\/wp-json\/wp\/v2\/product_cat?post=3001"},{"taxonomy":"product_tag","embeddable":true,"href":"https:\/\/buy-prescriptionz.com\/sv\/wp-json\/wp\/v2\/product_tag?post=3001"}],"curies":[{"name":"wp","href":"https:\/\/api.w.org\/{rel}","templated":true}]}}