{"id":3002,"date":"2025-09-16T08:55:53","date_gmt":"2025-09-16T08:55:53","guid":{"rendered":"https:\/\/chemsfine.com\/newsite\/?post_type=product&#038;p=3002"},"modified":"2025-09-26T14:33:40","modified_gmt":"2025-09-26T14:33:40","slug":"morphine","status":"publish","type":"product","link":"https:\/\/buy-prescriptionz.com\/sv\/produkt\/morphine\/","title":{"rendered":"Morfin"},"content":{"rendered":"<h2>K\u00d6PA MORFIN P\u00c5 N\u00c4TET<\/h2>\n<p>K\u00f6p morfin online K\u00f6p morfin online,Morfin anv\u00e4nds f\u00f6r att lindra m\u00e5ttlig till sv\u00e5r sm\u00e4rta. Morfinkapslar anv\u00e4nds endast f\u00f6r att lindra sv\u00e5r (dygnet runt) sm\u00e4rta som inte kan kontrolleras med hj\u00e4lp av andra sm\u00e4rtstillande l\u00e4kemedel. Morfin ska inte anv\u00e4ndas f\u00f6r att behandla sm\u00e4rta som kan kontrolleras med l\u00e4kemedel som tas vid behov. Morfin ...<\/p>\n<h3>EGENSKAPER HOS MORFIN<\/h3>\n<p>Morfintabletter \u00e4r indicerade f\u00f6r behandling av sm\u00e4rta som \u00e4r tillr\u00e4ckligt sv\u00e5r f\u00f6r att kr\u00e4va daglig, dygnet runt, l\u00e5ngvarig behandling. <a href=\"https:\/\/de.wikipedia.org\/w\/index.php?sort=relevance&amp;search=drungs&amp;title=Spezial%3ASuche&amp;profile=advanced&amp;fulltext=1&amp;advancedSearch-current=%7B%7D&amp;ns0=1\">opioid<\/a> behandling och f\u00f6r vilka alternativa behandlingsalternativ \u00e4r otillr\u00e4ckliga.<\/p>\n<h3>BIEFFEKTER<\/h3>\n<p><strong>Morfin kan orsaka biverkningar. Ber\u00e4tta f\u00f6r din l\u00e4kare om n\u00e5got av dessa symtom \u00e4r allvarligt eller inte f\u00f6rsvinner:<\/strong><br \/>\nMagsm\u00e4rta och kramper<br \/>\nD\u00e5sighet<br \/>\nTorr mun<br \/>\nNervositet<br \/>\nHuvudv\u00e4rk<br \/>\nHum\u00f6rf\u00f6r\u00e4ndringar<\/p>\n<h3><strong>Morfin: \u00d6versikt och f\u00f6rdelar f\u00f6r effektiv sm\u00e4rtlindring fr\u00e5n buy-prescriptionz.com<\/strong><\/h3>\n<p>Morfin, tillg\u00e4ngligt via onlinek\u00e4llor som buy-prescriptionz.com, \u00e4r ett av de mest effektiva l\u00e4kemedlen f\u00f6r att hantera sv\u00e5r sm\u00e4rta. Det anv\u00e4nds ofta f\u00f6r patienter som upplever kronisk sm\u00e4rta, postoperativ sm\u00e4rta eller sm\u00e4rta i samband med cancer. Det b\u00e4sta morfinet \u00e4r ett mycket effektivt alternativ f\u00f6r att hantera sv\u00e5r sm\u00e4rta.<\/p>\n<p>Morfin erbjuder flera viktiga f\u00f6rdelar:<\/p>\n<ol>\n<li>Effektiv sm\u00e4rtlindring: Hydrokodon \u00e4r mycket effektivt f\u00f6r att lindra m\u00e5ttlig till sv\u00e5r sm\u00e4rta, vilket g\u00f6r det l\u00e4mpligt f\u00f6r patienter som beh\u00f6ver stark sm\u00e4rtlindring.<\/li>\n<li>Snabb verkan: L\u00e4kemedlet b\u00f6rjar verka snabbt och ger omedelbar lindring vid akuta sm\u00e4rtepisoder.<\/li>\n<li>M\u00e5ngsidiga formuleringar: Morfin finns i olika former, inklusive orala, injicerbara och depottabletter, vilket m\u00f6jligg\u00f6r flexibel administrering skr\u00e4ddarsydd efter patientens behov.<\/li>\n<li>F\u00f6rb\u00e4ttrad livskvalitet: F\u00f6r de som lider av kronisk sm\u00e4rta kan morfin avsev\u00e4rt f\u00f6rb\u00e4ttra den dagliga funktionen och den allm\u00e4nna livskvaliteten genom att minska sm\u00e4rtniv\u00e5erna.<\/li>\n<\/ol>\n<p>P\u00e5 grund av dess styrka m\u00e5ste dock morfin anv\u00e4ndas under strikt medicinsk \u00f6vervakning. Patienter b\u00f6r noggrant f\u00f6lja sin v\u00e5rdgivares instruktioner f\u00f6r att minimera risken f\u00f6r beroende och andra biverkningar, s\u00e5som andningsdepression, f\u00f6rstoppning och d\u00e5sighet. N\u00e4r det k\u00f6ps fr\u00e5n det b\u00e4sta apoteket som buy-prescriptionz.com och anv\u00e4nds ansvarsfullt under medicinsk ledning kan det i h\u00f6g grad gynna personer som lider av kronisk sm\u00e4rta, vilket f\u00f6rb\u00e4ttrar deras livskvalitet och allm\u00e4nna v\u00e4lbefinnande. R\u00e5dfr\u00e5ga alltid en sjukv\u00e5rdspersonal f\u00f6r att s\u00e4kerst\u00e4lla s\u00e4ker och l\u00e4mplig anv\u00e4ndning av morfin.<\/p>\n<h3>F\u00d6RSIKTIGHETS\u00c5TG\u00c4RDER F\u00d6R MORFIN<\/h3>\n<p>Morfin finns som en l\u00f6sning, en tablett med f\u00f6rl\u00e4ngd fris\u00e4ttning och som en kapsel med f\u00f6rl\u00e4ngd fris\u00e4ttning (l\u00e5ngtidsverkande) som tas genom munnen. Den orala l\u00f6sningen tas i allm\u00e4nhet var 4:e timme som beh\u00f6vs vid sm\u00e4rta. Vissa m\u00e4rken \u00e4r tabletter med f\u00f6rl\u00e4ngd fris\u00e4ttning som vanligtvis tas var 8:e eller var 12:e timme. F\u00f6lj anvisningarna p\u00e5 l\u00e4karens receptetikett noggrant och fr\u00e5ga din l\u00e4kare om du vill f\u00f6rklara n\u00e5gon del som du inte f\u00f6rst\u00e5r.<br \/>\nSe till att du vet hur m\u00e5nga milliliter av v\u00e4tskan du ska ta. Fr\u00e5ga din l\u00e4kare om du har n\u00e5gra fr\u00e5gor om hur stor dos av detta l\u00e4kemedel du ska ta eller hur du ska anv\u00e4nda doseringsb\u00e4garen eller sprutan.<br \/>\nOm du tar m\u00e4rkeskapslar med f\u00f6rl\u00e4ngd fris\u00e4ttning och du har en gastrostomisond (kirurgiskt inf\u00f6rd matningssond), fr\u00e5ga din l\u00e4kare eller apotekspersonal hur du ska administrera l\u00e4kemedlet genom din sond.<\/p>\n<h3>MISSAD DOS<\/h3>\n<p>Om du tar morfin kommer din l\u00e4kare f\u00f6rmodligen att s\u00e4ga att du ska ta medicinen vid behov.<br \/>\nOm du har blivit tillsagd att ta schemalagda doser av produkten med f\u00f6rl\u00e4ngd fris\u00e4ttning, ta den missade dosen s\u00e5 snart du kommer ih\u00e5g den och ta inte n\u00e4sta dos vid ordinarie tidpunkt. L\u00e5t i st\u00e4llet samma tid som du vanligtvis till\u00e5ter mellan doserna g\u00e5 innan n\u00e4sta dos. Om du kommer ih\u00e5g n\u00e4r det n\u00e4stan \u00e4r dags f\u00f6r n\u00e4sta dos, hoppa \u00f6ver den missade dosen och forts\u00e4tt med ordinarie dosschema. Ta inte tv\u00e5 doser f\u00f6r en missad dos.<\/p>\n<h3>\u00d6VERDOSERING<\/h3>\n<p><strong>Symtom p\u00e5 \u00f6verdosering kan vara f\u00f6ljande:<\/strong><\/p>\n<p>l\u00e5ngsam, ytlig eller oregelbunden andning<br \/>\ns\u00f6mnighet<br \/>\nmedvetandef\u00f6rlust<br \/>\nslappa muskler<br \/>\nkall, klam hud<br \/>\nsm\u00e5 elever<br \/>\nl\u00e5ngsam hj\u00e4rtslag<br \/>\nsuddig syn<br \/>\nillam\u00e5ende<br \/>\nSvimning<\/p>\n<h3>LAGRING AV MORFIN<\/h3>\n<p>Det \u00e4r viktigt att h\u00e5lla detta l\u00e4kemedel utom synh\u00e5ll f\u00f6r barn och f\u00f6rvara det i rumstemperatur.F\u00f6r att skydda barn fr\u00e5n f\u00f6rgiftning, l\u00e5s s\u00e4kerhetskapslar och placera l\u00e4kemedlet p\u00e5 en s\u00e4ker plats.<\/p>\n<h3>VAR KAN MAN K\u00d6PA B\u00c4STA MORFIN P\u00c5 N\u00c4TET?<\/h3>\n<p>K\u00f6p Morfin till din d\u00f6rr med enkla och l\u00e4tta steg fr\u00e5n buprescriptionz online med b\u00e4sta pris och f\u00e5 sm\u00e4rtlindring.<\/p>","protected":false},"excerpt":{"rendered":"<p>BUY MORPHINE ONLINE Buy Morphine Online, Morphine is used for relief moderate to severe pain. Morphine capsules are only used to relieve severe (around-the-clock) pain that cannot be controlled by the use of other pain medications. Morphine should not be used to treat pain that can be controlled by medication that is taken as needed. [&hellip;]<\/p>","protected":false},"featured_media":3032,"comment_status":"open","ping_status":"closed","template":"","meta":{"site-sidebar-layout":"default","site-content-layout":"","ast-site-content-layout":"default","site-content-style":"default","site-sidebar-style":"default","ast-global-header-display":"","ast-banner-title-visibility":"","ast-main-header-display":"","ast-hfb-above-header-display":"","ast-hfb-below-header-display":"","ast-hfb-mobile-header-display":"","site-post-title":"","ast-breadcrumbs-content":"","ast-featured-img":"","footer-sml-layout":"","theme-transparent-header-meta":"default","adv-header-id-meta":"","stick-header-meta":"","header-above-stick-meta":"","header-main-stick-meta":"","header-below-stick-meta":"","astra-migrate-meta-layouts":"set","ast-page-background-enabled":"default","ast-page-background-meta":{"desktop":{"background-color":"var(--ast-global-color-4)","background-image":"","background-repeat":"repeat","background-position":"center center","background-size":"auto","background-attachment":"scroll","background-type":"","background-media":"","overlay-type":"","overlay-color":"","overlay-opacity":"","overlay-gradient":""},"tablet":{"background-color":"","background-image":"","background-repeat":"repeat","background-position":"center center","background-size":"auto","background-attachment":"scroll","background-type":"","background-media":"","overlay-type":"","overlay-color":"","overlay-opacity":"","overlay-gradient":""},"mobile":{"background-color":"","background-image":"","background-repeat":"repeat","background-position":"center center","background-size":"auto","background-attachment":"scroll","background-type":"","background-media":"","overlay-type":"","overlay-color":"","overlay-opacity":"","overlay-gradient":""}},"ast-content-background-meta":{"desktop":{"background-color":"var(--ast-global-color-5)","background-image":"","background-repeat":"repeat","background-position":"center center","background-size":"auto","background-attachment":"scroll","background-type":"","background-media":"","overlay-type":"","overlay-color":"","overlay-opacity":"","overlay-gradient":""},"tablet":{"background-color":"var(--ast-global-color-5)","background-image":"","background-repeat":"repeat","background-position":"center center","background-size":"auto","background-attachment":"scroll","background-type":"","background-media":"","overlay-type":"","overlay-color":"","overlay-opacity":"","overlay-gradient":""},"mobile":{"background-color":"var(--ast-global-color-5)","background-image":"","background-repeat":"repeat","background-position":"center center","background-size":"auto","background-attachment":"scroll","background-type":"","background-media":"","overlay-type":"","overlay-color":"","overlay-opacity":"","overlay-gradient":""}}},"product_brand":[],"product_cat":[2382],"product_tag":[2175,2177,2176,2178,2180,2179,2181],"class_list":{"0":"post-3002","1":"product","2":"type-product","3":"status-publish","4":"has-post-thumbnail","6":"product_cat-buy-opioids-online","7":"product_tag-best-of-morphine","8":"product_tag-buy-morphine-30mg-online","9":"product_tag-buy-morphine-online","10":"product_tag-buy-morphine-online-without-prescription","11":"product_tag-buy-pain-relief-tablets","12":"product_tag-morphine","13":"product_tag-morphine-sulfate","14":"desktop-align-center","15":"tablet-align-left","16":"mobile-align-left","18":"first","19":"instock","20":"shipping-taxable","21":"purchasable","22":"product-type-variable","23":"has-default-attributes"},"yoast_head":"<!-- This site is optimized with the Yoast SEO plugin v25.9 - https:\/\/yoast.com\/wordpress\/plugins\/seo\/ -->\n<title>Buy Morphine Online - Buy Pain Relief Tablets &amp; Treatments Online AU<\/title>\n<meta name=\"description\" content=\"Buy Morphine Online is an online pharmacy store where you can Morphine at best price without doctor&#039;s prescription. Morphine\" \/>\n<meta name=\"robots\" content=\"index, follow, max-snippet:-1, max-image-preview:large, max-video-preview:-1\" \/>\n<link rel=\"canonical\" href=\"https:\/\/buy-prescriptionz.com\/sv\/produkt\/morphine\/\" \/>\n<meta property=\"og:locale\" content=\"sv_SE\" \/>\n<meta property=\"og:type\" content=\"article\" \/>\n<meta property=\"og:title\" content=\"Buy Morphine Online - Buy Pain Relief Tablets &amp; Treatments Online AU\" \/>\n<meta property=\"og:description\" content=\"Buy Morphine Online is an online pharmacy store where you can Morphine at best price without doctor&#039;s prescription. Morphine\" \/>\n<meta property=\"og:url\" content=\"https:\/\/buy-prescriptionz.com\/sv\/produkt\/morphine\/\" \/>\n<meta property=\"og:site_name\" content=\"Buy Prescriptionz\" \/>\n<meta property=\"article:modified_time\" content=\"2025-09-26T14:33:40+00:00\" \/>\n<meta property=\"og:image\" content=\"https:\/\/buy-prescriptionz.com\/wp-content\/uploads\/2025\/09\/morphine.jpg\" \/>\n\t<meta property=\"og:image:width\" content=\"400\" \/>\n\t<meta property=\"og:image:height\" content=\"300\" \/>\n\t<meta property=\"og:image:type\" content=\"image\/jpeg\" \/>\n<meta name=\"twitter:card\" content=\"summary_large_image\" \/>\n<meta name=\"twitter:label1\" content=\"Ber\u00e4knad l\u00e4stid\" \/>\n\t<meta name=\"twitter:data1\" content=\"4 minuter\" \/>\n<script type=\"application\/ld+json\" class=\"yoast-schema-graph\">{\"@context\":\"https:\/\/schema.org\",\"@graph\":[{\"@type\":\"WebPage\",\"@id\":\"https:\/\/buy-prescriptionz.com\/product\/morphine\/\",\"url\":\"https:\/\/buy-prescriptionz.com\/product\/morphine\/\",\"name\":\"Buy Morphine Online - Buy Pain Relief Tablets & Treatments Online AU\",\"isPartOf\":{\"@id\":\"https:\/\/buy-prescriptionz.com\/#website\"},\"primaryImageOfPage\":{\"@id\":\"https:\/\/buy-prescriptionz.com\/product\/morphine\/#primaryimage\"},\"image\":{\"@id\":\"https:\/\/buy-prescriptionz.com\/product\/morphine\/#primaryimage\"},\"thumbnailUrl\":\"https:\/\/buy-prescriptionz.com\/wp-content\/uploads\/2025\/09\/morphine.jpg\",\"datePublished\":\"2025-09-16T08:55:53+00:00\",\"dateModified\":\"2025-09-26T14:33:40+00:00\",\"description\":\"Buy Morphine Online is an online pharmacy store where you can Morphine at best price without doctor's prescription. Morphine\",\"breadcrumb\":{\"@id\":\"https:\/\/buy-prescriptionz.com\/product\/morphine\/#breadcrumb\"},\"inLanguage\":\"sv-SE\",\"potentialAction\":[{\"@type\":\"ReadAction\",\"target\":[\"https:\/\/buy-prescriptionz.com\/product\/morphine\/\"]}]},{\"@type\":\"ImageObject\",\"inLanguage\":\"sv-SE\",\"@id\":\"https:\/\/buy-prescriptionz.com\/product\/morphine\/#primaryimage\",\"url\":\"https:\/\/buy-prescriptionz.com\/wp-content\/uploads\/2025\/09\/morphine.jpg\",\"contentUrl\":\"https:\/\/buy-prescriptionz.com\/wp-content\/uploads\/2025\/09\/morphine.jpg\",\"width\":400,\"height\":300},{\"@type\":\"BreadcrumbList\",\"@id\":\"https:\/\/buy-prescriptionz.com\/product\/morphine\/#breadcrumb\",\"itemListElement\":[{\"@type\":\"ListItem\",\"position\":1,\"name\":\"Home\",\"item\":\"https:\/\/buy-prescriptionz.com\/\"},{\"@type\":\"ListItem\",\"position\":2,\"name\":\"Shop Painkillers Online\",\"item\":\"https:\/\/buy-prescriptionz.com\/shop-painkillers-online\/\"},{\"@type\":\"ListItem\",\"position\":3,\"name\":\"Morphine\"}]},{\"@type\":\"WebSite\",\"@id\":\"https:\/\/buy-prescriptionz.com\/#website\",\"url\":\"https:\/\/buy-prescriptionz.com\/\",\"name\":\"Buy Prescriptionz\",\"description\":\"Drugs Online\",\"publisher\":{\"@id\":\"https:\/\/buy-prescriptionz.com\/#organization\"},\"potentialAction\":[{\"@type\":\"SearchAction\",\"target\":{\"@type\":\"EntryPoint\",\"urlTemplate\":\"https:\/\/buy-prescriptionz.com\/?s={search_term_string}\"},\"query-input\":{\"@type\":\"PropertyValueSpecification\",\"valueRequired\":true,\"valueName\":\"search_term_string\"}}],\"inLanguage\":\"sv-SE\"},{\"@type\":\"Organization\",\"@id\":\"https:\/\/buy-prescriptionz.com\/#organization\",\"name\":\"Buy Prescriptionz\",\"url\":\"https:\/\/buy-prescriptionz.com\/\",\"logo\":{\"@type\":\"ImageObject\",\"inLanguage\":\"sv-SE\",\"@id\":\"https:\/\/buy-prescriptionz.com\/#\/schema\/logo\/image\/\",\"url\":\"https:\/\/buy-prescriptionz.com\/wp-content\/uploads\/2023\/09\/logo.png\",\"contentUrl\":\"https:\/\/buy-prescriptionz.com\/wp-content\/uploads\/2023\/09\/logo.png\",\"width\":350,\"height\":64,\"caption\":\"Buy Prescriptionz\"},\"image\":{\"@id\":\"https:\/\/buy-prescriptionz.com\/#\/schema\/logo\/image\/\"}}]}<\/script>\n<!-- \/ Yoast SEO plugin. -->","yoast_head_json":{"title":"K\u00f6p Morfin online - K\u00f6p sm\u00e4rtstillande tabletter och behandlingar online AU","description":"Buy Morphine Online \u00e4r ett onlineapotek d\u00e4r du kan k\u00f6pa Morphine till b\u00e4sta pris utan l\u00e4kares recept. Morfin","robots":{"index":"index","follow":"follow","max-snippet":"max-snippet:-1","max-image-preview":"max-image-preview:large","max-video-preview":"max-video-preview:-1"},"canonical":"https:\/\/buy-prescriptionz.com\/sv\/produkt\/morphine\/","og_locale":"sv_SE","og_type":"article","og_title":"Buy Morphine Online - Buy Pain Relief Tablets & Treatments Online AU","og_description":"Buy Morphine Online is an online pharmacy store where you can Morphine at best price without doctor's prescription. Morphine","og_url":"https:\/\/buy-prescriptionz.com\/sv\/produkt\/morphine\/","og_site_name":"Buy Prescriptionz","article_modified_time":"2025-09-26T14:33:40+00:00","og_image":[{"width":400,"height":300,"url":"https:\/\/buy-prescriptionz.com\/wp-content\/uploads\/2025\/09\/morphine.jpg","type":"image\/jpeg"}],"twitter_card":"summary_large_image","twitter_misc":{"Ber\u00e4knad l\u00e4stid":"4 minuter"},"schema":{"@context":"https:\/\/schema.org","@graph":[{"@type":"WebPage","@id":"https:\/\/buy-prescriptionz.com\/product\/morphine\/","url":"https:\/\/buy-prescriptionz.com\/product\/morphine\/","name":"K\u00f6p Morfin online - K\u00f6p sm\u00e4rtstillande tabletter och behandlingar online AU","isPartOf":{"@id":"https:\/\/buy-prescriptionz.com\/#website"},"primaryImageOfPage":{"@id":"https:\/\/buy-prescriptionz.com\/product\/morphine\/#primaryimage"},"image":{"@id":"https:\/\/buy-prescriptionz.com\/product\/morphine\/#primaryimage"},"thumbnailUrl":"https:\/\/buy-prescriptionz.com\/wp-content\/uploads\/2025\/09\/morphine.jpg","datePublished":"2025-09-16T08:55:53+00:00","dateModified":"2025-09-26T14:33:40+00:00","description":"Buy Morphine Online \u00e4r ett onlineapotek d\u00e4r du kan k\u00f6pa Morphine till b\u00e4sta pris utan l\u00e4kares recept. Morfin","breadcrumb":{"@id":"https:\/\/buy-prescriptionz.com\/product\/morphine\/#breadcrumb"},"inLanguage":"sv-SE","potentialAction":[{"@type":"ReadAction","target":["https:\/\/buy-prescriptionz.com\/product\/morphine\/"]}]},{"@type":"ImageObject","inLanguage":"sv-SE","@id":"https:\/\/buy-prescriptionz.com\/product\/morphine\/#primaryimage","url":"https:\/\/buy-prescriptionz.com\/wp-content\/uploads\/2025\/09\/morphine.jpg","contentUrl":"https:\/\/buy-prescriptionz.com\/wp-content\/uploads\/2025\/09\/morphine.jpg","width":400,"height":300},{"@type":"BreadcrumbList","@id":"https:\/\/buy-prescriptionz.com\/product\/morphine\/#breadcrumb","itemListElement":[{"@type":"ListItem","position":1,"name":"Home","item":"https:\/\/buy-prescriptionz.com\/"},{"@type":"ListItem","position":2,"name":"Shop Painkillers Online","item":"https:\/\/buy-prescriptionz.com\/shop-painkillers-online\/"},{"@type":"ListItem","position":3,"name":"Morphine"}]},{"@type":"WebSite","@id":"https:\/\/buy-prescriptionz.com\/#website","url":"https:\/\/buy-prescriptionz.com\/","name":"Buy Prescriptionz","description":"Droger p\u00e5 n\u00e4tet","publisher":{"@id":"https:\/\/buy-prescriptionz.com\/#organization"},"potentialAction":[{"@type":"SearchAction","target":{"@type":"EntryPoint","urlTemplate":"https:\/\/buy-prescriptionz.com\/?s={search_term_string}"},"query-input":{"@type":"PropertyValueSpecification","valueRequired":true,"valueName":"search_term_string"}}],"inLanguage":"sv-SE"},{"@type":"Organization","@id":"https:\/\/buy-prescriptionz.com\/#organization","name":"Buy Prescriptionz","url":"https:\/\/buy-prescriptionz.com\/","logo":{"@type":"ImageObject","inLanguage":"sv-SE","@id":"https:\/\/buy-prescriptionz.com\/#\/schema\/logo\/image\/","url":"https:\/\/buy-prescriptionz.com\/wp-content\/uploads\/2023\/09\/logo.png","contentUrl":"https:\/\/buy-prescriptionz.com\/wp-content\/uploads\/2023\/09\/logo.png","width":350,"height":64,"caption":"Buy Prescriptionz"},"image":{"@id":"https:\/\/buy-prescriptionz.com\/#\/schema\/logo\/image\/"}}]}},"_links":{"self":[{"href":"https:\/\/buy-prescriptionz.com\/sv\/wp-json\/wp\/v2\/product\/3002","targetHints":{"allow":["GET"]}}],"collection":[{"href":"https:\/\/buy-prescriptionz.com\/sv\/wp-json\/wp\/v2\/product"}],"about":[{"href":"https:\/\/buy-prescriptionz.com\/sv\/wp-json\/wp\/v2\/types\/product"}],"replies":[{"embeddable":true,"href":"https:\/\/buy-prescriptionz.com\/sv\/wp-json\/wp\/v2\/comments?post=3002"}],"wp:featuredmedia":[{"embeddable":true,"href":"https:\/\/buy-prescriptionz.com\/sv\/wp-json\/wp\/v2\/media\/3032"}],"wp:attachment":[{"href":"https:\/\/buy-prescriptionz.com\/sv\/wp-json\/wp\/v2\/media?parent=3002"}],"wp:term":[{"taxonomy":"product_brand","embeddable":true,"href":"https:\/\/buy-prescriptionz.com\/sv\/wp-json\/wp\/v2\/product_brand?post=3002"},{"taxonomy":"product_cat","embeddable":true,"href":"https:\/\/buy-prescriptionz.com\/sv\/wp-json\/wp\/v2\/product_cat?post=3002"},{"taxonomy":"product_tag","embeddable":true,"href":"https:\/\/buy-prescriptionz.com\/sv\/wp-json\/wp\/v2\/product_tag?post=3002"}],"curies":[{"name":"wp","href":"https:\/\/api.w.org\/{rel}","templated":true}]}}