{"id":3005,"date":"2025-09-16T08:55:53","date_gmt":"2025-09-16T08:55:53","guid":{"rendered":"https:\/\/chemsfine.com\/newsite\/?post_type=product&#038;p=3005"},"modified":"2025-09-25T13:10:00","modified_gmt":"2025-09-25T13:10:00","slug":"kop-quaaludes-mandrax-online","status":"publish","type":"product","link":"https:\/\/buy-prescriptionz.com\/sv\/produkt\/kop-quaaludes-mandrax-online\/","title":{"rendered":"K\u00f6p Quaaludes (Mandrax) online"},"content":{"rendered":"<h2>BUY QUAALUDES (MANDRAX)ONLINE<\/h2>\n<p>Buy Mandrax Online, Quaaludes are the brand name for sedative-hypnotic drug Methaqualone, which function in the human body as a general central nervous system depressant.Quaaludes are the brand name for the sedative-hypnotic drug Methaqualone, which function in the human body as a general central nervous system depressant.<\/p>\n<h3>QUAALUDES FEATURES<\/h3>\n<p>Methaqualone is a essential nervous system depressant that increases the GABA receptors activity. It acts as a sedative and a hypnotic. Hypnotics help a person sleep and that was the top reason someone would be prescribed Quaaludes.<\/p>\n<h3>PRECAUTIONS OF FEATURES<\/h3>\n<p>Tell to you doctor if you have any health problems to overcome allergic reactions or other health problems.If you are using other drugs then discuss with the doctor about them,to know those combination causes any side effects or not. Buy Quaaludes (<a href=\"https:\/\/de.wikipedia.org\/w\/index.php?sort=relevance&amp;search=Quaaludes&amp;title=Spezial%3ASuche&amp;profile=advanced&amp;fulltext=1&amp;advancedSearch-current=%7B%7D&amp;ns0=1\">Mandrax<\/a>) Online<\/p>\n<h3><strong>Quaaludes (Mandrax) Online: \u00d6versikt och anv\u00e4ndningsomr\u00e5den<\/strong><\/h3>\n<p>Quaaludes, \u00e4ven k\u00e4nda som Mandrax eller Metakvalon, f\u00f6rskrevs i stor utstr\u00e4ckning f\u00f6rr som lugnande medel och hypnotika. De anv\u00e4ndes fr\u00e4mst f\u00f6r att behandla s\u00f6mnl\u00f6shet (s\u00f6mnsv\u00e5righeter) och \u00e5ngest p\u00e5 grund av deras lugnande effekter p\u00e5 det centrala nervsystemet. De b\u00e4sta Quaaludes fungerar genom att \u00f6ka aktiviteten hos en signalsubstans som kallas gamma-aminosm\u00f6rsyra (GABA) i hj\u00e4rnan, vilket hj\u00e4lper till att minska hj\u00e4rnaktiviteten och framkalla avslappning. Detta gjorde dem effektiva f\u00f6r att hj\u00e4lpa m\u00e4nniskor att uppn\u00e5 vilsam s\u00f6mn och lindra k\u00e4nslor av \u00e5ngest.<\/p>\n<h3>F\u00f6rdelarna med Quaaludes (Mandrax)<\/h3>\n<ol>\n<li>S\u00f6mnhj\u00e4lp: Quaaludes var mycket effektiva vid behandling av s\u00f6mnl\u00f6shet genom att hj\u00e4lpa individer att somna och bibeh\u00e5lla en djup s\u00f6mn hela natten. Detta var f\u00f6rdelaktigt f\u00f6r dem som lider av kroniska s\u00f6mnst\u00f6rningar.<\/li>\n<li>\u00c5ngestlindring: De gav ocks\u00e5 lindring fr\u00e5n \u00e5ngestsymtom genom att lugna sinnet och minska k\u00e4nslor av nervositet eller sp\u00e4nning. Denna dubbla verkan gjorde dem anv\u00e4ndbara f\u00f6r personer som upplever b\u00e5de s\u00f6mnst\u00f6rningar och \u00e5ngest.<\/li>\n<li>Muskelavslappning: Quaaludes hade muskelavslappnande egenskaper, vilket bidrog till deras terapeutiska effekter. De kunde hj\u00e4lpa till att lindra muskelsp\u00e4nningar och fr\u00e4mja avslappning i hela kroppen.<\/li>\n<li>Euforiska effekter: Ut\u00f6ver sina medicinska anv\u00e4ndningsomr\u00e5den var Quaaludes ocks\u00e5 k\u00e4nda f\u00f6r sina euforiska effekter, vilket bidrog till deras rekreationsanv\u00e4ndning tidigare. Detta ledde dock ocks\u00e5 till utbrett missbruk och beroendeproblem.<\/li>\n<li>Begr\u00e4nsad tillg\u00e4nglighet: P\u00e5 grund av deras potential f\u00f6r missbruk och beroende klassificerades Quaaludes som ett Schedule I-kontrollerat \u00e4mne i m\u00e5nga l\u00e4nder. Detta inneb\u00e4r att deras lagliga tillg\u00e4nglighet \u00e4r begr\u00e4nsad och de f\u00f6rskrivs inte l\u00e4ngre f\u00f6r medicinskt bruk p\u00e5 de flesta platser.<\/li>\n<\/ol>\n<p>Om du funderar p\u00e5 att k\u00f6pa Quaaludes (Mandrax) online \u00e4r det viktigt att vara medveten om deras kontrollerade status och potentiella risker. F\u00f6r ett s\u00e4kert och p\u00e5litligt k\u00f6p, bes\u00f6k det b\u00e4sta apoteket buy-prescriptionz.com. Denna betrodda plattform erbjuder \u00e4kta produkter med diskret frakt och konkurrenskraftiga priser. Anv\u00e4nd alltid l\u00e4kemedel ansvarsfullt och r\u00e5dfr\u00e5ga en sjukv\u00e5rdspersonal f\u00f6r v\u00e4gledning om hantering av s\u00f6mnst\u00f6rningar eller \u00e5ngest.<\/p>\n<h3>COMMON SIDE EFFECTS WHILE TAKING QUAALUDES<\/h3>\n<p>Yrsel<br \/>\nVomiting<br \/>\nIllam\u00e5ende<br \/>\nDiarrhea<br \/>\nAbdominal cramps<br \/>\nItching<br \/>\nFatigue<br \/>\nRashes<br \/>\nSweating<br \/>\nTorr mun<br \/>\nTingling sensation in arms and legs<br \/>\nReduced heart rate<br \/>\nKramper<br \/>\nSlowed breathing (respiration).<\/p>\n<p>Quaaludes also cause erectile dysfunction (ED)and difficulty achieving orgasms. At high doses it can cause mental confusion and loss of muscle control (ataxia).These are not a complete list of side effects and others may occur.<\/p>\n<h3>MISSAD DOS<\/h3>\n<p>Sometimes people generally forget to take dose correct time to time. Never take missed dose of Quaaludes as double dose.Just take the single dose as usual.<\/p>\n<h3>OVER DOSE PROBLEMS<\/h3>\n<p>Quaaludes are a central nervous system (CNS) depressant. Examples of other CNS depressants include Diazepam (Valium),meprobamate, and gamma hydroxybutyrate (GHB). Overdose of Quaaludes can lead to coma, seizures, or death.<br \/>\nThe range of dangerous doses varies widely. Taking doses of over 300 mg can be very dangerous for first-time users. Quaalude doses of about 8,000 mg per day and it can be fatal; however, even higher doses may not be deadly depending upon the state of the user&#8217;s tolerance. Because these are made in illegal labs, the strength and contents of the actual product may not be known, putting the user at even higher risk.<\/p>\n<h3>QUAALUDES STORAGE<\/h3>\n<p>Store this medicine at general room temparture and never give it to children. Never keep it as near to child.<\/p>\n<h3>WHERE TO BUY QUAALUDES ONLINE?<\/h3>\n<p>There are many websites sale Quaaludes but never take fault and expiry medicines from all websites. Take care on purchasing this product. Buyprescription sale Quaaludes in online with the best price and a genuine product. Buy Quaaludes Online<\/p>","protected":false},"excerpt":{"rendered":"<p>BUY QUAALUDES (MANDRAX)ONLINE Buy Mandrax Online, Quaaludes are the brand name for sedative-hypnotic drug Methaqualone, which function in the human body as a general central nervous system depressant.Quaaludes are the brand name for the sedative-hypnotic drug Methaqualone, which function in the human body as a general central nervous system depressant. QUAALUDES FEATURES Methaqualone is a [&hellip;]<\/p>","protected":false},"featured_media":3035,"comment_status":"open","ping_status":"closed","template":"","meta":{"site-sidebar-layout":"default","site-content-layout":"","ast-site-content-layout":"default","site-content-style":"default","site-sidebar-style":"default","ast-global-header-display":"","ast-banner-title-visibility":"","ast-main-header-display":"","ast-hfb-above-header-display":"","ast-hfb-below-header-display":"","ast-hfb-mobile-header-display":"","site-post-title":"","ast-breadcrumbs-content":"","ast-featured-img":"","footer-sml-layout":"","theme-transparent-header-meta":"default","adv-header-id-meta":"","stick-header-meta":"","header-above-stick-meta":"","header-main-stick-meta":"","header-below-stick-meta":"","astra-migrate-meta-layouts":"set","ast-page-background-enabled":"default","ast-page-background-meta":{"desktop":{"background-color":"var(--ast-global-color-4)","background-image":"","background-repeat":"repeat","background-position":"center center","background-size":"auto","background-attachment":"scroll","background-type":"","background-media":"","overlay-type":"","overlay-color":"","overlay-opacity":"","overlay-gradient":""},"tablet":{"background-color":"","background-image":"","background-repeat":"repeat","background-position":"center center","background-size":"auto","background-attachment":"scroll","background-type":"","background-media":"","overlay-type":"","overlay-color":"","overlay-opacity":"","overlay-gradient":""},"mobile":{"background-color":"","background-image":"","background-repeat":"repeat","background-position":"center center","background-size":"auto","background-attachment":"scroll","background-type":"","background-media":"","overlay-type":"","overlay-color":"","overlay-opacity":"","overlay-gradient":""}},"ast-content-background-meta":{"desktop":{"background-color":"var(--ast-global-color-5)","background-image":"","background-repeat":"repeat","background-position":"center center","background-size":"auto","background-attachment":"scroll","background-type":"","background-media":"","overlay-type":"","overlay-color":"","overlay-opacity":"","overlay-gradient":""},"tablet":{"background-color":"var(--ast-global-color-5)","background-image":"","background-repeat":"repeat","background-position":"center center","background-size":"auto","background-attachment":"scroll","background-type":"","background-media":"","overlay-type":"","overlay-color":"","overlay-opacity":"","overlay-gradient":""},"mobile":{"background-color":"var(--ast-global-color-5)","background-image":"","background-repeat":"repeat","background-position":"center center","background-size":"auto","background-attachment":"scroll","background-type":"","background-media":"","overlay-type":"","overlay-color":"","overlay-opacity":"","overlay-gradient":""}}},"product_brand":[],"product_cat":[2383],"product_tag":[1380,1381,1379,1374,1377,1376,1375,1378,1373,1372,1383,1382],"class_list":{"0":"post-3005","1":"product","2":"type-product","3":"status-publish","4":"has-post-thumbnail","6":"product_cat-buy-stimulants-online","7":"product_tag-buy-quaaludes-mandrax-in-canada","8":"product_tag-buy-quaaludes-mandrax-in-uk","9":"product_tag-buy-quaaludes-mandrax-in-usa","10":"product_tag-buy-quaaludes-mandrax-with-bitcoin","11":"product_tag-buy-quaaludes-mandrax-with-credit-card","12":"product_tag-buy-quaaludes-mandrax-with-money-gram","13":"product_tag-buy-quaaludes-mandrax-with-western-union","14":"product_tag-buy-quaaludes-mandrax-without-a-doctor","15":"product_tag-buy-quaaludes-mandrax-without-prescription","16":"product_tag-quaaludes-mandrax-for-sale","17":"product_tag-quaaludes-mandrax-pills","18":"product_tag-quaaludes-mandrax-tablets","19":"desktop-align-center","20":"tablet-align-left","21":"mobile-align-left","23":"first","24":"instock","25":"shipping-taxable","26":"purchasable","27":"product-type-variable","28":"has-default-attributes"},"yoast_head":"<!-- This site is optimized with the Yoast SEO plugin v25.9 - https:\/\/yoast.com\/wordpress\/plugins\/seo\/ -->\n<title>Buy Quaaludes Online - Mandrax for sale online at very cheap price<\/title>\n<meta name=\"description\" content=\"Buy Quaaludes Online, Buy Lemmon 714 Online. Buy Mandraz Online - BUY LEMMON 714 ONLINE cheap from Blue Pearl Medshop without prescription\" \/>\n<meta name=\"robots\" content=\"index, follow, max-snippet:-1, max-image-preview:large, max-video-preview:-1\" \/>\n<link rel=\"canonical\" href=\"https:\/\/buy-prescriptionz.com\/sv\/produkt\/kop-quaaludes-mandrax-online\/\" \/>\n<meta property=\"og:locale\" content=\"sv_SE\" \/>\n<meta property=\"og:type\" content=\"article\" \/>\n<meta property=\"og:title\" content=\"Buy Quaaludes Online - Mandrax for sale online at very cheap price\" \/>\n<meta property=\"og:description\" content=\"Buy Quaaludes Online, Buy Lemmon 714 Online. Buy Mandraz Online - BUY LEMMON 714 ONLINE cheap from Blue Pearl Medshop without prescription\" \/>\n<meta property=\"og:url\" content=\"https:\/\/buy-prescriptionz.com\/sv\/produkt\/kop-quaaludes-mandrax-online\/\" \/>\n<meta property=\"og:site_name\" content=\"Buy Prescriptionz\" \/>\n<meta property=\"article:modified_time\" content=\"2025-09-25T13:10:00+00:00\" \/>\n<meta property=\"og:image\" content=\"https:\/\/buy-prescriptionz.com\/wp-content\/uploads\/2025\/09\/quaaludes-mandrax.jpg\" \/>\n\t<meta property=\"og:image:width\" content=\"400\" \/>\n\t<meta property=\"og:image:height\" content=\"300\" \/>\n\t<meta property=\"og:image:type\" content=\"image\/jpeg\" \/>\n<meta name=\"twitter:card\" content=\"summary_large_image\" \/>\n<meta name=\"twitter:label1\" content=\"Ber\u00e4knad l\u00e4stid\" \/>\n\t<meta name=\"twitter:data1\" content=\"4 minuter\" \/>\n<script type=\"application\/ld+json\" class=\"yoast-schema-graph\">{\"@context\":\"https:\/\/schema.org\",\"@graph\":[{\"@type\":\"WebPage\",\"@id\":\"https:\/\/buy-prescriptionz.com\/product\/buy-quaaludes-mandrax-online\/\",\"url\":\"https:\/\/buy-prescriptionz.com\/product\/buy-quaaludes-mandrax-online\/\",\"name\":\"Buy Quaaludes Online - Mandrax for sale online at very cheap price\",\"isPartOf\":{\"@id\":\"https:\/\/buy-prescriptionz.com\/#website\"},\"primaryImageOfPage\":{\"@id\":\"https:\/\/buy-prescriptionz.com\/product\/buy-quaaludes-mandrax-online\/#primaryimage\"},\"image\":{\"@id\":\"https:\/\/buy-prescriptionz.com\/product\/buy-quaaludes-mandrax-online\/#primaryimage\"},\"thumbnailUrl\":\"https:\/\/buy-prescriptionz.com\/wp-content\/uploads\/2025\/09\/quaaludes-mandrax.jpg\",\"datePublished\":\"2025-09-16T08:55:53+00:00\",\"dateModified\":\"2025-09-25T13:10:00+00:00\",\"description\":\"Buy Quaaludes Online, Buy Lemmon 714 Online. Buy Mandraz Online - BUY LEMMON 714 ONLINE cheap from Blue Pearl Medshop without prescription\",\"breadcrumb\":{\"@id\":\"https:\/\/buy-prescriptionz.com\/product\/buy-quaaludes-mandrax-online\/#breadcrumb\"},\"inLanguage\":\"sv-SE\",\"potentialAction\":[{\"@type\":\"ReadAction\",\"target\":[\"https:\/\/buy-prescriptionz.com\/product\/buy-quaaludes-mandrax-online\/\"]}]},{\"@type\":\"ImageObject\",\"inLanguage\":\"sv-SE\",\"@id\":\"https:\/\/buy-prescriptionz.com\/product\/buy-quaaludes-mandrax-online\/#primaryimage\",\"url\":\"https:\/\/buy-prescriptionz.com\/wp-content\/uploads\/2025\/09\/quaaludes-mandrax.jpg\",\"contentUrl\":\"https:\/\/buy-prescriptionz.com\/wp-content\/uploads\/2025\/09\/quaaludes-mandrax.jpg\",\"width\":400,\"height\":300},{\"@type\":\"BreadcrumbList\",\"@id\":\"https:\/\/buy-prescriptionz.com\/product\/buy-quaaludes-mandrax-online\/#breadcrumb\",\"itemListElement\":[{\"@type\":\"ListItem\",\"position\":1,\"name\":\"Home\",\"item\":\"https:\/\/buy-prescriptionz.com\/\"},{\"@type\":\"ListItem\",\"position\":2,\"name\":\"Shop Painkillers Online\",\"item\":\"https:\/\/buy-prescriptionz.com\/shop-painkillers-online\/\"},{\"@type\":\"ListItem\",\"position\":3,\"name\":\"Buy Quaaludes (Mandrax) Online\"}]},{\"@type\":\"WebSite\",\"@id\":\"https:\/\/buy-prescriptionz.com\/#website\",\"url\":\"https:\/\/buy-prescriptionz.com\/\",\"name\":\"Buy Prescriptionz\",\"description\":\"Drugs Online\",\"publisher\":{\"@id\":\"https:\/\/buy-prescriptionz.com\/#organization\"},\"potentialAction\":[{\"@type\":\"SearchAction\",\"target\":{\"@type\":\"EntryPoint\",\"urlTemplate\":\"https:\/\/buy-prescriptionz.com\/?s={search_term_string}\"},\"query-input\":{\"@type\":\"PropertyValueSpecification\",\"valueRequired\":true,\"valueName\":\"search_term_string\"}}],\"inLanguage\":\"sv-SE\"},{\"@type\":\"Organization\",\"@id\":\"https:\/\/buy-prescriptionz.com\/#organization\",\"name\":\"Buy Prescriptionz\",\"url\":\"https:\/\/buy-prescriptionz.com\/\",\"logo\":{\"@type\":\"ImageObject\",\"inLanguage\":\"sv-SE\",\"@id\":\"https:\/\/buy-prescriptionz.com\/#\/schema\/logo\/image\/\",\"url\":\"https:\/\/buy-prescriptionz.com\/wp-content\/uploads\/2023\/09\/logo.png\",\"contentUrl\":\"https:\/\/buy-prescriptionz.com\/wp-content\/uploads\/2023\/09\/logo.png\",\"width\":350,\"height\":64,\"caption\":\"Buy Prescriptionz\"},\"image\":{\"@id\":\"https:\/\/buy-prescriptionz.com\/#\/schema\/logo\/image\/\"}}]}<\/script>\n<!-- \/ Yoast SEO plugin. -->","yoast_head_json":{"title":"Buy Quaaludes Online - Mandrax for sale online at very cheap price","description":"Buy Quaaludes Online, Buy Lemmon 714 Online. Buy Mandraz Online - BUY LEMMON 714 ONLINE cheap from Blue Pearl Medshop without prescription","robots":{"index":"index","follow":"follow","max-snippet":"max-snippet:-1","max-image-preview":"max-image-preview:large","max-video-preview":"max-video-preview:-1"},"canonical":"https:\/\/buy-prescriptionz.com\/sv\/produkt\/kop-quaaludes-mandrax-online\/","og_locale":"sv_SE","og_type":"article","og_title":"Buy Quaaludes Online - Mandrax for sale online at very cheap price","og_description":"Buy Quaaludes Online, Buy Lemmon 714 Online. Buy Mandraz Online - BUY LEMMON 714 ONLINE cheap from Blue Pearl Medshop without prescription","og_url":"https:\/\/buy-prescriptionz.com\/sv\/produkt\/kop-quaaludes-mandrax-online\/","og_site_name":"Buy Prescriptionz","article_modified_time":"2025-09-25T13:10:00+00:00","og_image":[{"width":400,"height":300,"url":"https:\/\/buy-prescriptionz.com\/wp-content\/uploads\/2025\/09\/quaaludes-mandrax.jpg","type":"image\/jpeg"}],"twitter_card":"summary_large_image","twitter_misc":{"Ber\u00e4knad l\u00e4stid":"4 minuter"},"schema":{"@context":"https:\/\/schema.org","@graph":[{"@type":"WebPage","@id":"https:\/\/buy-prescriptionz.com\/product\/buy-quaaludes-mandrax-online\/","url":"https:\/\/buy-prescriptionz.com\/product\/buy-quaaludes-mandrax-online\/","name":"Buy Quaaludes Online - Mandrax for sale online at very cheap price","isPartOf":{"@id":"https:\/\/buy-prescriptionz.com\/#website"},"primaryImageOfPage":{"@id":"https:\/\/buy-prescriptionz.com\/product\/buy-quaaludes-mandrax-online\/#primaryimage"},"image":{"@id":"https:\/\/buy-prescriptionz.com\/product\/buy-quaaludes-mandrax-online\/#primaryimage"},"thumbnailUrl":"https:\/\/buy-prescriptionz.com\/wp-content\/uploads\/2025\/09\/quaaludes-mandrax.jpg","datePublished":"2025-09-16T08:55:53+00:00","dateModified":"2025-09-25T13:10:00+00:00","description":"Buy Quaaludes Online, Buy Lemmon 714 Online. Buy Mandraz Online - BUY LEMMON 714 ONLINE cheap from Blue Pearl Medshop without prescription","breadcrumb":{"@id":"https:\/\/buy-prescriptionz.com\/product\/buy-quaaludes-mandrax-online\/#breadcrumb"},"inLanguage":"sv-SE","potentialAction":[{"@type":"ReadAction","target":["https:\/\/buy-prescriptionz.com\/product\/buy-quaaludes-mandrax-online\/"]}]},{"@type":"ImageObject","inLanguage":"sv-SE","@id":"https:\/\/buy-prescriptionz.com\/product\/buy-quaaludes-mandrax-online\/#primaryimage","url":"https:\/\/buy-prescriptionz.com\/wp-content\/uploads\/2025\/09\/quaaludes-mandrax.jpg","contentUrl":"https:\/\/buy-prescriptionz.com\/wp-content\/uploads\/2025\/09\/quaaludes-mandrax.jpg","width":400,"height":300},{"@type":"BreadcrumbList","@id":"https:\/\/buy-prescriptionz.com\/product\/buy-quaaludes-mandrax-online\/#breadcrumb","itemListElement":[{"@type":"ListItem","position":1,"name":"Home","item":"https:\/\/buy-prescriptionz.com\/"},{"@type":"ListItem","position":2,"name":"Shop Painkillers Online","item":"https:\/\/buy-prescriptionz.com\/shop-painkillers-online\/"},{"@type":"ListItem","position":3,"name":"Buy Quaaludes (Mandrax) Online"}]},{"@type":"WebSite","@id":"https:\/\/buy-prescriptionz.com\/#website","url":"https:\/\/buy-prescriptionz.com\/","name":"Buy Prescriptionz","description":"Droger p\u00e5 n\u00e4tet","publisher":{"@id":"https:\/\/buy-prescriptionz.com\/#organization"},"potentialAction":[{"@type":"SearchAction","target":{"@type":"EntryPoint","urlTemplate":"https:\/\/buy-prescriptionz.com\/?s={search_term_string}"},"query-input":{"@type":"PropertyValueSpecification","valueRequired":true,"valueName":"search_term_string"}}],"inLanguage":"sv-SE"},{"@type":"Organization","@id":"https:\/\/buy-prescriptionz.com\/#organization","name":"Buy Prescriptionz","url":"https:\/\/buy-prescriptionz.com\/","logo":{"@type":"ImageObject","inLanguage":"sv-SE","@id":"https:\/\/buy-prescriptionz.com\/#\/schema\/logo\/image\/","url":"https:\/\/buy-prescriptionz.com\/wp-content\/uploads\/2023\/09\/logo.png","contentUrl":"https:\/\/buy-prescriptionz.com\/wp-content\/uploads\/2023\/09\/logo.png","width":350,"height":64,"caption":"Buy Prescriptionz"},"image":{"@id":"https:\/\/buy-prescriptionz.com\/#\/schema\/logo\/image\/"}}]}},"_links":{"self":[{"href":"https:\/\/buy-prescriptionz.com\/sv\/wp-json\/wp\/v2\/product\/3005","targetHints":{"allow":["GET"]}}],"collection":[{"href":"https:\/\/buy-prescriptionz.com\/sv\/wp-json\/wp\/v2\/product"}],"about":[{"href":"https:\/\/buy-prescriptionz.com\/sv\/wp-json\/wp\/v2\/types\/product"}],"replies":[{"embeddable":true,"href":"https:\/\/buy-prescriptionz.com\/sv\/wp-json\/wp\/v2\/comments?post=3005"}],"wp:featuredmedia":[{"embeddable":true,"href":"https:\/\/buy-prescriptionz.com\/sv\/wp-json\/wp\/v2\/media\/3035"}],"wp:attachment":[{"href":"https:\/\/buy-prescriptionz.com\/sv\/wp-json\/wp\/v2\/media?parent=3005"}],"wp:term":[{"taxonomy":"product_brand","embeddable":true,"href":"https:\/\/buy-prescriptionz.com\/sv\/wp-json\/wp\/v2\/product_brand?post=3005"},{"taxonomy":"product_cat","embeddable":true,"href":"https:\/\/buy-prescriptionz.com\/sv\/wp-json\/wp\/v2\/product_cat?post=3005"},{"taxonomy":"product_tag","embeddable":true,"href":"https:\/\/buy-prescriptionz.com\/sv\/wp-json\/wp\/v2\/product_tag?post=3005"}],"curies":[{"name":"wp","href":"https:\/\/api.w.org\/{rel}","templated":true}]}}