{"id":3043,"date":"2025-09-16T08:56:08","date_gmt":"2025-09-16T08:56:08","guid":{"rendered":"https:\/\/chemsfine.com\/newsite\/?post_type=product&#038;p=3043"},"modified":"2025-09-27T11:46:54","modified_gmt":"2025-09-27T11:46:54","slug":"kop-propionat-online","status":"publish","type":"product","link":"https:\/\/buy-prescriptionz.com\/sv\/produkt\/kop-propionat-online\/","title":{"rendered":"K\u00f6p Propionate online"},"content":{"rendered":"<h2>K\u00f6p Propionate online<\/h2>\n<p>K\u00f6p propionat online, testosteronpropionat eller propionat \u00e4r en androgen och anabol steroid som receptbel\u00e4ggs f\u00f6r behandling av l\u00e5ga testosteronniv\u00e5er hos m\u00e4n. K\u00f6p propionat 100 mg f\u00f6r att behandla br\u00f6stcancertillv\u00e4xt hos kvinnor p\u00e5 buy-prescriptionz.com.<\/p>\n<h3>Propionat 100 mg online f\u00f6r att \u00f6ka testosteron i kroppen<\/h3>\n<p>Propionat 100 mg till salu som en l\u00e4ngre verkande testosteronester likt testosteron enantat, testosteron cypionat och testosteron undekanoat, vilket b\u00f6rjade under 1950-talet med testosteron propionat som ett resultat av detta l\u00e4kemedel. Letar du efter information om hur man k\u00f6per Propionat 100 mg online och har inte hittat buy-prescriptionz.com? Nu vet du var du kan k\u00f6pa Propionat 100 mg online. Skaffa dig r\u00e4tt ordning och lagra dina l\u00e4kemedel var som helst i USA.<\/p>\n<h3>K\u00f6p Propionat 100 mg utan recept<\/h3>\n<p>L\u00e4kemedlet \u00e4r en laboratorietillverkad androgen och anabol steroid och \u00e4r en agonist till androgenreceptorn, den organiska naturen hos androgener som testosteron och dihydrotestosteron. P\u00e5 buy-prescriptionz.com kan du k\u00f6pa Propionat 100 mg utan l\u00e4kare med snabb och s\u00e4ker leveransservice. Testosteronpropionat \u00e4r f\u00f6r androgensubstitutionsbehandling. Det \u00e4r f\u00f6r behandling av hypogonadism hos m\u00e4n, br\u00f6stcancertillv\u00e4xt, l\u00e5g sexlust, sen pubertet hos unga m\u00e4n och klimakteriebesv\u00e4r hos kvinnor. K\u00f6p Propionat 100 mg till ett billigt pris f\u00f6r b\u00e5de kvinnor och m\u00e4n.<\/p>\n<h3>K\u00f6p propionat online: \u00d6versikt, f\u00f6rdelar och biverkningar<\/h3>\n<p>Propionat \u00e4r en form av testosteron som anv\u00e4nds i hormonbehandling (HRT) f\u00f6r m\u00e4n med l\u00e5ga testosteronniv\u00e5er. Det anv\u00e4nds ocks\u00e5 av kroppsbyggare och idrottare f\u00f6r att f\u00f6rb\u00e4ttra muskelmassa och prestation tack vare dess snabbverkande natur.<\/p>\n<h4>F\u00f6rdelar med propionat<\/h4>\n<ol>\n<li>Testosteroners\u00e4ttning: Det b\u00e4sta propionatet hj\u00e4lper till att \u00e5terst\u00e4lla testosteronniv\u00e5erna hos m\u00e4n med hypogonadism eller andra testosteronbristtillst\u00e5nd, vilket f\u00f6rb\u00e4ttrar libido, energiniv\u00e5er och allm\u00e4nt v\u00e4lbefinnande.<\/li>\n<li>Muskeltillv\u00e4xt: Det fr\u00e4mjar muskeltillv\u00e4xt och utveckling genom att f\u00f6rb\u00e4ttra proteinsyntesen och kv\u00e4veretentionen i musklerna, vilket underl\u00e4ttar snabbare \u00e5terh\u00e4mtning och muskelreparation efter tr\u00e4ning.<\/li>\n<li>\u00d6kad styrka: Anv\u00e4ndare upplever ofta \u00f6kad styrka och uth\u00e5llighet, vilket m\u00f6jligg\u00f6r mer intensiva och produktiva tr\u00e4ningspass.<\/li>\n<li>F\u00f6rb\u00e4ttrad bent\u00e4thet: Testosteron, inklusive propionat, hj\u00e4lper till att bibeh\u00e5lla bent\u00e4theten, vilket minskar risken f\u00f6r osteoporos och frakturer.<\/li>\n<\/ol>\n<h4>Biverkningar av propionat<\/h4>\n<ol>\n<li>Androgena effekter: Propionat kan orsaka androgena biverkningar s\u00e5som akne, fet hud och \u00f6kad ansikts-\/kroppsh\u00e5rv\u00e4xt.<\/li>\n<li>Hj\u00e4rt- och k\u00e4rlproblem: Det kan p\u00e5verka kolesterolniv\u00e5erna negativt, vilket \u00f6kar risken f\u00f6r hj\u00e4rt- och k\u00e4rlproblem som hj\u00e4rtsjukdomar och stroke.<\/li>\n<li>H\u00e4mning av naturligt testosteron: L\u00e5ngvarig anv\u00e4ndning av propionat kan h\u00e4mma kroppens naturliga testosteronproduktion, vilket leder till beroende av externt testosteron.<\/li>\n<li>Hum\u00f6rsv\u00e4ngningar: Vissa anv\u00e4ndare kan uppleva hum\u00f6rsv\u00e4ngningar, irritabilitet eller aggression.<\/li>\n<li>Potential f\u00f6r missbruk: Liksom alla testosteronderivat har propionat potential f\u00f6r missbruk och felaktig anv\u00e4ndning, vilket leder till allvarliga h\u00e4lsokonsekvenser.<\/li>\n<\/ol>\n<p>Propionat b\u00f6r anv\u00e4ndas under medicinsk \u00f6vervakning, med doseringar anpassade till individuella behov och tillst\u00e5nd. Det \u00e4r viktigt att regelbundet \u00f6vervaka testosteronniv\u00e5er, hematokrit och lipidprofiler under behandlingen. F\u00f6r autentiska och p\u00e5litliga k\u00e4llor till propionat, bes\u00f6k ett av de b\u00e4sta apoteken buy-prescriptionz.com. De s\u00e4kerst\u00e4ller kvalitet och s\u00e4ker leverans av l\u00e4kemedel.<\/p>\n<h3>K\u00f6p Propionat 100 mg med diskret f\u00f6rpackning<\/h3>\n<p>Best\u00e4ll Propionat 100 mg online f\u00f6r dess androgena effekter och m\u00e5ttliga anabola effekter, vilket g\u00f6r det v\u00e4rdefullt f\u00f6r att uppn\u00e5 maskulinisering och l\u00e4mpligt f\u00f6r androgensubstitutionsbehandling. Testosteronpropionat \u00e4r en testosteronester och ett kortverkande prodrug av testosteron i kroppen. K\u00f6p Propionat 100 mg online i vilken m\u00e4ngd du \u00e4n beh\u00f6ver f\u00f6r din behandling eller \u00f6kning av sexlusten. Detta l\u00e4kemedel kommer att behandla dina sexuella problem, erektionsproblem och den psykologiska sexprocessen. Testosteronpropionat finns tillg\u00e4ngligt med snabb och s\u00e4ker leveransservice p\u00e5 buy-prescriptionz.com enligt anvisningarna i olja genom intramuskul\u00e4r injektion. Det har en m\u00e5ttligt kort tid p\u00e5 0,8 dagar och 1,5 dagar i kroppen f\u00f6r att verka. Det har en kortvarig verkningstid och m\u00e5ste regleras n\u00e5gra g\u00e5nger i veckan.<\/p>","protected":false},"excerpt":{"rendered":"<p>Buy Propionate Online Buy Propionate Online,Testosterone Propionate or Propionate is an androgen and anabolic steroid prescription for the treatment of low testosterone levels in men. Buy Propionate 100 mg to treat breast cancer growth in women at buy-prescriptionz.com. Propionate 100 mg online to increase testosterone in the body Propionate 100 mg for sale as a [&hellip;]<\/p>","protected":false},"featured_media":3073,"comment_status":"open","ping_status":"closed","template":"","meta":{"site-sidebar-layout":"default","site-content-layout":"","ast-site-content-layout":"default","site-content-style":"default","site-sidebar-style":"default","ast-global-header-display":"","ast-banner-title-visibility":"","ast-main-header-display":"","ast-hfb-above-header-display":"","ast-hfb-below-header-display":"","ast-hfb-mobile-header-display":"","site-post-title":"","ast-breadcrumbs-content":"","ast-featured-img":"","footer-sml-layout":"","theme-transparent-header-meta":"default","adv-header-id-meta":"","stick-header-meta":"","header-above-stick-meta":"","header-main-stick-meta":"","header-below-stick-meta":"","astra-migrate-meta-layouts":"set","ast-page-background-enabled":"default","ast-page-background-meta":{"desktop":{"background-color":"var(--ast-global-color-4)","background-image":"","background-repeat":"repeat","background-position":"center center","background-size":"auto","background-attachment":"scroll","background-type":"","background-media":"","overlay-type":"","overlay-color":"","overlay-opacity":"","overlay-gradient":""},"tablet":{"background-color":"","background-image":"","background-repeat":"repeat","background-position":"center center","background-size":"auto","background-attachment":"scroll","background-type":"","background-media":"","overlay-type":"","overlay-color":"","overlay-opacity":"","overlay-gradient":""},"mobile":{"background-color":"","background-image":"","background-repeat":"repeat","background-position":"center center","background-size":"auto","background-attachment":"scroll","background-type":"","background-media":"","overlay-type":"","overlay-color":"","overlay-opacity":"","overlay-gradient":""}},"ast-content-background-meta":{"desktop":{"background-color":"var(--ast-global-color-5)","background-image":"","background-repeat":"repeat","background-position":"center center","background-size":"auto","background-attachment":"scroll","background-type":"","background-media":"","overlay-type":"","overlay-color":"","overlay-opacity":"","overlay-gradient":""},"tablet":{"background-color":"var(--ast-global-color-5)","background-image":"","background-repeat":"repeat","background-position":"center center","background-size":"auto","background-attachment":"scroll","background-type":"","background-media":"","overlay-type":"","overlay-color":"","overlay-opacity":"","overlay-gradient":""},"mobile":{"background-color":"var(--ast-global-color-5)","background-image":"","background-repeat":"repeat","background-position":"center center","background-size":"auto","background-attachment":"scroll","background-type":"","background-media":"","overlay-type":"","overlay-color":"","overlay-opacity":"","overlay-gradient":""}}},"product_brand":[],"product_cat":[2384],"product_tag":[1313,1314,1312,1307,1310,1309,1308,1311,1306,1305,1315],"class_list":{"0":"post-3043","1":"product","2":"type-product","3":"status-publish","4":"has-post-thumbnail","6":"product_cat-buy-anabolic-steroids-online","7":"product_tag-buy-propionate-in-canada","8":"product_tag-buy-propionate-in-uk","9":"product_tag-buy-propionate-in-usa","10":"product_tag-buy-propionate-with-bitcoin","11":"product_tag-buy-propionate-with-credit-card","12":"product_tag-buy-propionate-with-money-gram","13":"product_tag-buy-propionate-with-western-union","14":"product_tag-buy-propionate-without-a-doctor","15":"product_tag-buy-propionate-without-prescription","16":"product_tag-propionate-for-sale","17":"product_tag-propionate-injection","18":"desktop-align-center","19":"tablet-align-left","20":"mobile-align-left","22":"first","23":"instock","24":"shipping-taxable","25":"purchasable","26":"product-type-variable","27":"has-default-attributes"},"yoast_head":"<!-- This site is optimized with the Yoast SEO plugin v25.9 - https:\/\/yoast.com\/wordpress\/plugins\/seo\/ -->\n<title>Buy Propionate Online - Propionate for Sale<\/title>\n<meta name=\"description\" content=\"Our store has the top quality Propionate for sale. You can never get over the quality of our products. If you need then, You can buy Propionate online right away. Order now!\" \/>\n<meta name=\"robots\" content=\"index, follow, max-snippet:-1, max-image-preview:large, max-video-preview:-1\" \/>\n<link rel=\"canonical\" href=\"https:\/\/buy-prescriptionz.com\/sv\/produkt\/kop-propionat-online\/\" \/>\n<meta property=\"og:locale\" content=\"sv_SE\" \/>\n<meta property=\"og:type\" content=\"article\" \/>\n<meta property=\"og:title\" content=\"Buy Propionate Online - Propionate for Sale\" \/>\n<meta property=\"og:description\" content=\"Our store has the top quality Propionate for sale. You can never get over the quality of our products. If you need then, You can buy Propionate online right away. Order now!\" \/>\n<meta property=\"og:url\" content=\"https:\/\/buy-prescriptionz.com\/sv\/produkt\/kop-propionat-online\/\" \/>\n<meta property=\"og:site_name\" content=\"Buy Prescriptionz\" \/>\n<meta property=\"article:modified_time\" content=\"2025-09-27T11:46:54+00:00\" \/>\n<meta property=\"og:image\" content=\"https:\/\/buy-prescriptionz.com\/wp-content\/uploads\/2025\/09\/propionate.jpg\" \/>\n\t<meta property=\"og:image:width\" content=\"400\" \/>\n\t<meta property=\"og:image:height\" content=\"300\" \/>\n\t<meta property=\"og:image:type\" content=\"image\/jpeg\" \/>\n<meta name=\"twitter:card\" content=\"summary_large_image\" \/>\n<meta name=\"twitter:label1\" content=\"Ber\u00e4knad l\u00e4stid\" \/>\n\t<meta name=\"twitter:data1\" content=\"3 minuter\" \/>\n<script type=\"application\/ld+json\" class=\"yoast-schema-graph\">{\"@context\":\"https:\/\/schema.org\",\"@graph\":[{\"@type\":\"WebPage\",\"@id\":\"https:\/\/buy-prescriptionz.com\/product\/buy-propionate-online\/\",\"url\":\"https:\/\/buy-prescriptionz.com\/product\/buy-propionate-online\/\",\"name\":\"Buy Propionate Online - Propionate for Sale\",\"isPartOf\":{\"@id\":\"https:\/\/buy-prescriptionz.com\/#website\"},\"primaryImageOfPage\":{\"@id\":\"https:\/\/buy-prescriptionz.com\/product\/buy-propionate-online\/#primaryimage\"},\"image\":{\"@id\":\"https:\/\/buy-prescriptionz.com\/product\/buy-propionate-online\/#primaryimage\"},\"thumbnailUrl\":\"https:\/\/buy-prescriptionz.com\/wp-content\/uploads\/2025\/09\/propionate.jpg\",\"datePublished\":\"2025-09-16T08:56:08+00:00\",\"dateModified\":\"2025-09-27T11:46:54+00:00\",\"description\":\"Our store has the top quality Propionate for sale. You can never get over the quality of our products. If you need then, You can buy Propionate online right away. Order now!\",\"breadcrumb\":{\"@id\":\"https:\/\/buy-prescriptionz.com\/product\/buy-propionate-online\/#breadcrumb\"},\"inLanguage\":\"sv-SE\",\"potentialAction\":[{\"@type\":\"ReadAction\",\"target\":[\"https:\/\/buy-prescriptionz.com\/product\/buy-propionate-online\/\"]}]},{\"@type\":\"ImageObject\",\"inLanguage\":\"sv-SE\",\"@id\":\"https:\/\/buy-prescriptionz.com\/product\/buy-propionate-online\/#primaryimage\",\"url\":\"https:\/\/buy-prescriptionz.com\/wp-content\/uploads\/2025\/09\/propionate.jpg\",\"contentUrl\":\"https:\/\/buy-prescriptionz.com\/wp-content\/uploads\/2025\/09\/propionate.jpg\",\"width\":400,\"height\":300},{\"@type\":\"BreadcrumbList\",\"@id\":\"https:\/\/buy-prescriptionz.com\/product\/buy-propionate-online\/#breadcrumb\",\"itemListElement\":[{\"@type\":\"ListItem\",\"position\":1,\"name\":\"Home\",\"item\":\"https:\/\/buy-prescriptionz.com\/\"},{\"@type\":\"ListItem\",\"position\":2,\"name\":\"Shop Painkillers Online\",\"item\":\"https:\/\/buy-prescriptionz.com\/shop-painkillers-online\/\"},{\"@type\":\"ListItem\",\"position\":3,\"name\":\"Buy Propionate Online\"}]},{\"@type\":\"WebSite\",\"@id\":\"https:\/\/buy-prescriptionz.com\/#website\",\"url\":\"https:\/\/buy-prescriptionz.com\/\",\"name\":\"Buy Prescriptionz\",\"description\":\"Drugs Online\",\"publisher\":{\"@id\":\"https:\/\/buy-prescriptionz.com\/#organization\"},\"potentialAction\":[{\"@type\":\"SearchAction\",\"target\":{\"@type\":\"EntryPoint\",\"urlTemplate\":\"https:\/\/buy-prescriptionz.com\/?s={search_term_string}\"},\"query-input\":{\"@type\":\"PropertyValueSpecification\",\"valueRequired\":true,\"valueName\":\"search_term_string\"}}],\"inLanguage\":\"sv-SE\"},{\"@type\":\"Organization\",\"@id\":\"https:\/\/buy-prescriptionz.com\/#organization\",\"name\":\"Buy Prescriptionz\",\"url\":\"https:\/\/buy-prescriptionz.com\/\",\"logo\":{\"@type\":\"ImageObject\",\"inLanguage\":\"sv-SE\",\"@id\":\"https:\/\/buy-prescriptionz.com\/#\/schema\/logo\/image\/\",\"url\":\"https:\/\/buy-prescriptionz.com\/wp-content\/uploads\/2023\/09\/logo.png\",\"contentUrl\":\"https:\/\/buy-prescriptionz.com\/wp-content\/uploads\/2023\/09\/logo.png\",\"width\":350,\"height\":64,\"caption\":\"Buy Prescriptionz\"},\"image\":{\"@id\":\"https:\/\/buy-prescriptionz.com\/#\/schema\/logo\/image\/\"}}]}<\/script>\n<!-- \/ Yoast SEO plugin. -->","yoast_head_json":{"title":"K\u00f6p propionat online - Propionat till salu","description":"V\u00e5r butik har propionat av h\u00f6gsta kvalitet till salu. Du kan aldrig komma \u00f6ver kvaliteten p\u00e5 v\u00e5ra produkter. Om du beh\u00f6ver det kan du k\u00f6pa propionat online direkt. Best\u00e4ll nu!","robots":{"index":"index","follow":"follow","max-snippet":"max-snippet:-1","max-image-preview":"max-image-preview:large","max-video-preview":"max-video-preview:-1"},"canonical":"https:\/\/buy-prescriptionz.com\/sv\/produkt\/kop-propionat-online\/","og_locale":"sv_SE","og_type":"article","og_title":"Buy Propionate Online - Propionate for Sale","og_description":"Our store has the top quality Propionate for sale. You can never get over the quality of our products. If you need then, You can buy Propionate online right away. Order now!","og_url":"https:\/\/buy-prescriptionz.com\/sv\/produkt\/kop-propionat-online\/","og_site_name":"Buy Prescriptionz","article_modified_time":"2025-09-27T11:46:54+00:00","og_image":[{"width":400,"height":300,"url":"https:\/\/buy-prescriptionz.com\/wp-content\/uploads\/2025\/09\/propionate.jpg","type":"image\/jpeg"}],"twitter_card":"summary_large_image","twitter_misc":{"Ber\u00e4knad l\u00e4stid":"3 minuter"},"schema":{"@context":"https:\/\/schema.org","@graph":[{"@type":"WebPage","@id":"https:\/\/buy-prescriptionz.com\/product\/buy-propionate-online\/","url":"https:\/\/buy-prescriptionz.com\/product\/buy-propionate-online\/","name":"K\u00f6p propionat online - Propionat till salu","isPartOf":{"@id":"https:\/\/buy-prescriptionz.com\/#website"},"primaryImageOfPage":{"@id":"https:\/\/buy-prescriptionz.com\/product\/buy-propionate-online\/#primaryimage"},"image":{"@id":"https:\/\/buy-prescriptionz.com\/product\/buy-propionate-online\/#primaryimage"},"thumbnailUrl":"https:\/\/buy-prescriptionz.com\/wp-content\/uploads\/2025\/09\/propionate.jpg","datePublished":"2025-09-16T08:56:08+00:00","dateModified":"2025-09-27T11:46:54+00:00","description":"V\u00e5r butik har propionat av h\u00f6gsta kvalitet till salu. Du kan aldrig komma \u00f6ver kvaliteten p\u00e5 v\u00e5ra produkter. Om du beh\u00f6ver det kan du k\u00f6pa propionat online direkt. Best\u00e4ll nu!","breadcrumb":{"@id":"https:\/\/buy-prescriptionz.com\/product\/buy-propionate-online\/#breadcrumb"},"inLanguage":"sv-SE","potentialAction":[{"@type":"ReadAction","target":["https:\/\/buy-prescriptionz.com\/product\/buy-propionate-online\/"]}]},{"@type":"ImageObject","inLanguage":"sv-SE","@id":"https:\/\/buy-prescriptionz.com\/product\/buy-propionate-online\/#primaryimage","url":"https:\/\/buy-prescriptionz.com\/wp-content\/uploads\/2025\/09\/propionate.jpg","contentUrl":"https:\/\/buy-prescriptionz.com\/wp-content\/uploads\/2025\/09\/propionate.jpg","width":400,"height":300},{"@type":"BreadcrumbList","@id":"https:\/\/buy-prescriptionz.com\/product\/buy-propionate-online\/#breadcrumb","itemListElement":[{"@type":"ListItem","position":1,"name":"Home","item":"https:\/\/buy-prescriptionz.com\/"},{"@type":"ListItem","position":2,"name":"Shop Painkillers Online","item":"https:\/\/buy-prescriptionz.com\/shop-painkillers-online\/"},{"@type":"ListItem","position":3,"name":"Buy Propionate Online"}]},{"@type":"WebSite","@id":"https:\/\/buy-prescriptionz.com\/#website","url":"https:\/\/buy-prescriptionz.com\/","name":"Buy Prescriptionz","description":"Droger p\u00e5 n\u00e4tet","publisher":{"@id":"https:\/\/buy-prescriptionz.com\/#organization"},"potentialAction":[{"@type":"SearchAction","target":{"@type":"EntryPoint","urlTemplate":"https:\/\/buy-prescriptionz.com\/?s={search_term_string}"},"query-input":{"@type":"PropertyValueSpecification","valueRequired":true,"valueName":"search_term_string"}}],"inLanguage":"sv-SE"},{"@type":"Organization","@id":"https:\/\/buy-prescriptionz.com\/#organization","name":"Buy Prescriptionz","url":"https:\/\/buy-prescriptionz.com\/","logo":{"@type":"ImageObject","inLanguage":"sv-SE","@id":"https:\/\/buy-prescriptionz.com\/#\/schema\/logo\/image\/","url":"https:\/\/buy-prescriptionz.com\/wp-content\/uploads\/2023\/09\/logo.png","contentUrl":"https:\/\/buy-prescriptionz.com\/wp-content\/uploads\/2023\/09\/logo.png","width":350,"height":64,"caption":"Buy Prescriptionz"},"image":{"@id":"https:\/\/buy-prescriptionz.com\/#\/schema\/logo\/image\/"}}]}},"_links":{"self":[{"href":"https:\/\/buy-prescriptionz.com\/sv\/wp-json\/wp\/v2\/product\/3043","targetHints":{"allow":["GET"]}}],"collection":[{"href":"https:\/\/buy-prescriptionz.com\/sv\/wp-json\/wp\/v2\/product"}],"about":[{"href":"https:\/\/buy-prescriptionz.com\/sv\/wp-json\/wp\/v2\/types\/product"}],"replies":[{"embeddable":true,"href":"https:\/\/buy-prescriptionz.com\/sv\/wp-json\/wp\/v2\/comments?post=3043"}],"wp:featuredmedia":[{"embeddable":true,"href":"https:\/\/buy-prescriptionz.com\/sv\/wp-json\/wp\/v2\/media\/3073"}],"wp:attachment":[{"href":"https:\/\/buy-prescriptionz.com\/sv\/wp-json\/wp\/v2\/media?parent=3043"}],"wp:term":[{"taxonomy":"product_brand","embeddable":true,"href":"https:\/\/buy-prescriptionz.com\/sv\/wp-json\/wp\/v2\/product_brand?post=3043"},{"taxonomy":"product_cat","embeddable":true,"href":"https:\/\/buy-prescriptionz.com\/sv\/wp-json\/wp\/v2\/product_cat?post=3043"},{"taxonomy":"product_tag","embeddable":true,"href":"https:\/\/buy-prescriptionz.com\/sv\/wp-json\/wp\/v2\/product_tag?post=3043"}],"curies":[{"name":"wp","href":"https:\/\/api.w.org\/{rel}","templated":true}]}}