{"id":3044,"date":"2025-09-16T08:56:08","date_gmt":"2025-09-16T08:56:08","guid":{"rendered":"https:\/\/chemsfine.com\/newsite\/?post_type=product&#038;p=3044"},"modified":"2025-09-21T08:50:06","modified_gmt":"2025-09-21T08:50:06","slug":"kop-enantat-online","status":"publish","type":"product","link":"https:\/\/buy-prescriptionz.com\/sv\/produkt\/kop-enantat-online\/","title":{"rendered":"K\u00f6p Enanthate online"},"content":{"rendered":"<h2>K\u00f6p Enanthate online<\/h2>\n<h3>Var kan man k\u00f6pa Testosteron Enanthate online i injektionsform?<\/h3>\n<p>Testosteron Enanthate Online, <a href=\"https:\/\/buy-prescriptionz.com\/sv\/\">Enanthate<\/a> l \u00e4r en androgen och anabolisk steroidmedicin som \u00e4r avsedd f\u00f6r behandling av l\u00e5ga testosteronniv\u00e5er hos m\u00e4n och kvinnor eller kirurgiskt k\u00f6nsf\u00f6r\u00e4ndrade individer. K\u00f6p Testosteron Enanthate online f\u00f6r hormonbehandling f\u00f6r transsexuella m\u00e4n och kvinnor.<br \/>\nK\u00f6p Testosteron Enanthate i injektion p\u00e5 buy-prescriptionz.com f\u00f6r infusion i muskeln normalt en g\u00e5ng varannan till var fj\u00e4rde vecka.<\/p>\n<h3>Testosteron Enanthate till salu<\/h3>\n<p>Testosteron Enanthate online f\u00f6r maskulinisering som hudreng\u00f6ring, expanderad h\u00e5rutveckling, r\u00f6stf\u00f6r\u00e4ndringar och utvecklad sexuell lust. Vet du hur man k\u00f6per Testosteron Enanthate online? Svaret finns p\u00e5 buy-prescriptionz.com.<\/p>\n<p>L\u00e4kemedlet \u00e4r en kemiskt framst\u00e4lld androgen, och anabola steroider och f\u00f6ljaktligen \u00e4r en agonist av androgenreceptorn, det organiska fokuset av androgener som testosteron och dihydrotestosteron. Du kan k\u00f6pa Testosteron Enanthate utan recept och den snabba och s\u00e4kra leveransservice i USA och europeiska stater.<\/p>\n<p>K\u00f6p Testosteron Enanthate utan l\u00e4kare f\u00f6r p\u00e5litliga androgena effekter och m\u00e5ttliga anabola anv\u00e4ndningsomr\u00e5den, vilket g\u00f6r det v\u00e4rdefullt f\u00f6r att skapa maskulinisering och l\u00e4mpligt f\u00f6r androgen substitutionsterapi.<\/p>\n<p>Best\u00e4ll Testosteron Enantat online som ett testosteronboostermedel och ett prodrug f\u00f6r att \u00f6ka testosteronniv\u00e5erna i kroppen. P\u00e5 buy-prescriptionz.com kan du \u00e4ven best\u00e4lla stora m\u00e4ngder av detta l\u00e4kemedel var som helst i de utvalda regionerna. Testosteron enantat anv\u00e4nds i androgensubstitutionsterapi. L\u00e4kemedlet \u00e4r uttryckligen det b\u00e4sta i USA f\u00f6r behandling av hypogonadism hos m\u00e4n, f\u00f6rsenad ton\u00e5rstid hos unga m\u00e4n och testosteronniv\u00e5er hos kvinnor.<\/p>\n<h3>K\u00f6p Testosteron Enanthate till billigt pris: Farmakologi<\/h3>\n<p>Testosteron enanthate har bortskaffandet av 4,5 dagar och en tid p\u00e5 8,5 dagar n\u00e4r det anv\u00e4nds som en intramuskul\u00e4r injektion i lager. K\u00f6p Testosteron Enanthate online f\u00f6r dina behovsbes\u00f6k av ungef\u00e4r en g\u00e5ng i veckan, och betydande f\u00f6r\u00e4ndringar i testosteronniv\u00e5erna resulterar med det, med niv\u00e5er som f\u00f6rst h\u00f6js och suprafysiologiska.<\/p>\n<p>K\u00f6p Testosteron Enanthate med diskret f\u00f6rpackning med snabb och s\u00e4ker frakttj\u00e4nst som 17\u03b2-heptanoat \u00e4r en kemiskt erh\u00e5llen androstansteroid och en dotterbolag till testosteron. Det \u00e4r en androgenester; uttryckligen \u00e4r det C17\u03b2-enantat (heptanoat) ester av testosteron.<\/p>\n<h1><strong>K\u00f6p Enanthate online<\/strong><\/h1>\n<p>Enantat, ofta k\u00e4nt som testosteron-enantat, \u00e4r en popul\u00e4r anabol steroid som anv\u00e4nds f\u00f6r testosteronbehandling och bodybuilding. H\u00e4r \u00e4r en omfattande \u00f6versikt och f\u00f6rdelar med att k\u00f6pa Enantat online:<\/p>\n<ol>\n<li><strong>Vad \u00e4r Enantat?<\/strong><\/li>\n<\/ol>\n<ol>\n<li style=\"list-style-type: none;\">\n<ul>\n<li>Testosteron Enantat \u00e4r en syntetisk form av det naturligt f\u00f6rekommande testosteronhormonet.<\/li>\n<li>It&#8217;s used primarily to treat low testosterone levels in men and to improve physical performance.<\/li>\n<\/ul>\n<\/li>\n<\/ol>\n<ol start=\"2\">\n<li><strong>Forms and Dosage:<\/strong><\/li>\n<\/ol>\n<ol>\n<li style=\"list-style-type: none;\">\n<ul>\n<li>Finns vanligtvis i injicerbar form.<\/li>\n<li>Doseringarna varierar beroende p\u00e5 medicinsk r\u00e5dgivning och avsedd anv\u00e4ndning, fr\u00e5n 50 mg till 400 mg per injektion.<\/li>\n<\/ul>\n<\/li>\n<\/ol>\n<ol start=\"3\">\n<li><strong>Verkningsmekanism:<\/strong><\/li>\n<\/ol>\n<ol>\n<li style=\"list-style-type: none;\">\n<ul>\n<li>Enantat fungerar genom att komplettera kroppens naturliga testosteron, vilket hj\u00e4lper till att uppr\u00e4tth\u00e5lla balanserade hormonniv\u00e5er.<\/li>\n<\/ul>\n<\/li>\n<\/ol>\n<h3>F\u00f6rdelar<\/h3>\n<ol>\n<li><strong>Muskeltillv\u00e4xt och styrka:<\/strong><\/li>\n<\/ol>\n<ol>\n<li style=\"list-style-type: none;\">\n<ul>\n<li>F\u00f6rb\u00e4ttrad proteinsyntes: Hj\u00e4lper till snabbare muskelreparation och tillv\u00e4xt.<\/li>\n<li>\u00d6kad kv\u00e4veretention: Avg\u00f6rande f\u00f6r muskeltillv\u00e4xt eftersom det h\u00e5ller musklerna i ett anabolt tillst\u00e5nd.<\/li>\n<\/ul>\n<\/li>\n<\/ol>\n<ol start=\"2\">\n<li><strong>F\u00f6rb\u00e4ttrade \u00e5terh\u00e4mtningstider:<\/strong><\/li>\n<\/ol>\n<ol>\n<li style=\"list-style-type: none;\">\n<ul>\n<li>Snabbare \u00e5terh\u00e4mtning: Minskad muskel\u00f6mhet och snabbare \u00e5terh\u00e4mtning fr\u00e5n intensiva tr\u00e4ningspass.<\/li>\n<li>\u00d6kad produktion av r\u00f6da blodkroppar: F\u00f6rb\u00e4ttrar syretillf\u00f6rseln till musklerna, vilket f\u00f6rb\u00e4ttrar uth\u00e5llighet och prestation.<\/li>\n<\/ul>\n<\/li>\n<\/ol>\n<ol start=\"3\">\n<li><strong>Fettf\u00f6rlust:<\/strong><\/li>\n<\/ol>\n<ol>\n<li style=\"list-style-type: none;\">\n<ul>\n<li>F\u00f6rb\u00e4ttrad \u00e4mnesoms\u00e4ttning: \u00d6kar fettmetabolismen, vilket bidrar till snabbare fettf\u00f6rbr\u00e4nning samtidigt som muskelmassan bevaras.<\/li>\n<\/ul>\n<\/li>\n<\/ol>\n<ol start=\"4\">\n<li><strong>Libido och hum\u00f6r:<\/strong><\/li>\n<\/ol>\n<ol>\n<li style=\"list-style-type: none;\">\n<ul>\n<li>F\u00f6rb\u00e4ttrad libido: Hj\u00e4lper till att \u00e5terst\u00e4lla och \u00f6ka sexlusten.<\/li>\n<li>B\u00e4ttre hum\u00f6r: Stabiliserar hum\u00f6ret och bek\u00e4mpar depressionssymptom i samband med l\u00e5gt testosteron.<\/li>\n<\/ul>\n<\/li>\n<\/ol>\n<ol start=\"5\">\n<li><strong>Bendensitet och styrka:<\/strong><\/li>\n<\/ol>\n<ol>\n<li style=\"list-style-type: none;\">\n<ul>\n<li>\u00d6kad bent\u00e4thet: Hj\u00e4lper till att uppr\u00e4tth\u00e5lla benh\u00e4lsan och f\u00f6rebygga bensk\u00f6rhet.<\/li>\n<\/ul>\n<\/li>\n<\/ol>\n<p>Var kan jag k\u00f6pa Enanthate? Att k\u00f6pa Enanthate online fr\u00e5n det b\u00e4sta apoteket, buy-prescriptionz.com, erbjuder m\u00e5nga f\u00f6rdelar, inklusive bekv\u00e4mlighet, variation och kostnadsbesparingar. Det \u00e4r viktigt att k\u00f6pa fr\u00e5n p\u00e5litliga k\u00e4llor f\u00f6r att s\u00e4kerst\u00e4lla produktens kvalitet och \u00e4kthet. R\u00e5dfr\u00e5ga alltid en v\u00e5rdgivare innan du p\u00e5b\u00f6rjar n\u00e5gon ny medicinering eller kosttillskottsbehandling f\u00f6r att s\u00e4kerst\u00e4lla att den \u00e4r l\u00e4mplig f\u00f6r dina behov.<\/p>","protected":false},"excerpt":{"rendered":"<p>Buy Enanthate Online Where to buy Testosterone Enanthate online in injection form Testosterone Enanthate Online, Enanthate or Delatestryl is an androgen and anabolic steroid medication that is for the treatment of low testosterone levels in men and women or surgically sex changed individuals. Buy Testosterone Enanthate online for hormone treatment for transgender men and women. [&hellip;]<\/p>","protected":false},"featured_media":3074,"comment_status":"open","ping_status":"closed","template":"","meta":{"site-sidebar-layout":"default","site-content-layout":"","ast-site-content-layout":"default","site-content-style":"default","site-sidebar-style":"default","ast-global-header-display":"","ast-banner-title-visibility":"","ast-main-header-display":"","ast-hfb-above-header-display":"","ast-hfb-below-header-display":"","ast-hfb-mobile-header-display":"","site-post-title":"","ast-breadcrumbs-content":"","ast-featured-img":"","footer-sml-layout":"","theme-transparent-header-meta":"default","adv-header-id-meta":"","stick-header-meta":"","header-above-stick-meta":"","header-main-stick-meta":"","header-below-stick-meta":"","astra-migrate-meta-layouts":"set","ast-page-background-enabled":"default","ast-page-background-meta":{"desktop":{"background-color":"var(--ast-global-color-4)","background-image":"","background-repeat":"repeat","background-position":"center center","background-size":"auto","background-attachment":"scroll","background-type":"","background-media":"","overlay-type":"","overlay-color":"","overlay-opacity":"","overlay-gradient":""},"tablet":{"background-color":"","background-image":"","background-repeat":"repeat","background-position":"center center","background-size":"auto","background-attachment":"scroll","background-type":"","background-media":"","overlay-type":"","overlay-color":"","overlay-opacity":"","overlay-gradient":""},"mobile":{"background-color":"","background-image":"","background-repeat":"repeat","background-position":"center center","background-size":"auto","background-attachment":"scroll","background-type":"","background-media":"","overlay-type":"","overlay-color":"","overlay-opacity":"","overlay-gradient":""}},"ast-content-background-meta":{"desktop":{"background-color":"var(--ast-global-color-5)","background-image":"","background-repeat":"repeat","background-position":"center center","background-size":"auto","background-attachment":"scroll","background-type":"","background-media":"","overlay-type":"","overlay-color":"","overlay-opacity":"","overlay-gradient":""},"tablet":{"background-color":"var(--ast-global-color-5)","background-image":"","background-repeat":"repeat","background-position":"center center","background-size":"auto","background-attachment":"scroll","background-type":"","background-media":"","overlay-type":"","overlay-color":"","overlay-opacity":"","overlay-gradient":""},"mobile":{"background-color":"var(--ast-global-color-5)","background-image":"","background-repeat":"repeat","background-position":"center center","background-size":"auto","background-attachment":"scroll","background-type":"","background-media":"","overlay-type":"","overlay-color":"","overlay-opacity":"","overlay-gradient":""}}},"product_brand":[],"product_cat":[2384],"product_tag":[1302,1303,1301,1296,1299,1298,1297,1300,1295,1294,1304],"class_list":{"0":"post-3044","1":"product","2":"type-product","3":"status-publish","4":"has-post-thumbnail","6":"product_cat-buy-anabolic-steroids-online","7":"product_tag-buy-enanthate-in-canada","8":"product_tag-buy-enanthate-in-uk","9":"product_tag-buy-enanthate-in-usa","10":"product_tag-buy-enanthate-with-bitcoin","11":"product_tag-buy-enanthate-with-credit-card","12":"product_tag-buy-enanthate-with-money-gram","13":"product_tag-buy-enanthate-with-western-union","14":"product_tag-buy-enanthate-without-a-doctor","15":"product_tag-buy-enanthate-without-prescription","16":"product_tag-enanthate-for-sale","17":"product_tag-enanthate-injection","18":"desktop-align-center","19":"tablet-align-left","20":"mobile-align-left","22":"first","23":"instock","24":"shipping-taxable","25":"purchasable","26":"product-type-variable","27":"has-default-attributes"},"yoast_head":"<!-- This site is optimized with the Yoast SEO plugin v25.9 - https:\/\/yoast.com\/wordpress\/plugins\/seo\/ -->\n<title>Testosterone Enanthate Online - Testosterone enanthate,Buy Testosterone<\/title>\n<meta name=\"description\" content=\"Testosterone Enanthate Online - Testosterone;- Buy Testosterone Enanthate book online at best prices in India on Amazon.in. Read Testosterone Enanthate\" \/>\n<meta name=\"robots\" content=\"index, follow, max-snippet:-1, max-image-preview:large, max-video-preview:-1\" \/>\n<link rel=\"canonical\" href=\"https:\/\/buy-prescriptionz.com\/sv\/produkt\/kop-enantat-online\/\" \/>\n<meta property=\"og:locale\" content=\"sv_SE\" \/>\n<meta property=\"og:type\" content=\"article\" \/>\n<meta property=\"og:title\" content=\"Testosterone Enanthate Online - Testosterone enanthate,Buy Testosterone\" \/>\n<meta property=\"og:description\" content=\"Testosterone Enanthate Online - Testosterone;- Buy Testosterone Enanthate book online at best prices in India on Amazon.in. Read Testosterone Enanthate\" \/>\n<meta property=\"og:url\" content=\"https:\/\/buy-prescriptionz.com\/sv\/produkt\/kop-enantat-online\/\" \/>\n<meta property=\"og:site_name\" content=\"Buy Prescriptionz\" \/>\n<meta property=\"article:modified_time\" content=\"2025-09-21T08:50:06+00:00\" \/>\n<meta property=\"og:image\" content=\"https:\/\/buy-prescriptionz.com\/wp-content\/uploads\/2025\/09\/enanthate.jpg\" \/>\n\t<meta property=\"og:image:width\" content=\"400\" \/>\n\t<meta property=\"og:image:height\" content=\"300\" \/>\n\t<meta property=\"og:image:type\" content=\"image\/jpeg\" \/>\n<meta name=\"twitter:card\" content=\"summary_large_image\" \/>\n<meta name=\"twitter:label1\" content=\"Ber\u00e4knad l\u00e4stid\" \/>\n\t<meta name=\"twitter:data1\" content=\"3 minuter\" \/>\n<script type=\"application\/ld+json\" class=\"yoast-schema-graph\">{\"@context\":\"https:\/\/schema.org\",\"@graph\":[{\"@type\":\"WebPage\",\"@id\":\"https:\/\/buy-prescriptionz.com\/product\/buy-enanthate-online\/\",\"url\":\"https:\/\/buy-prescriptionz.com\/product\/buy-enanthate-online\/\",\"name\":\"Testosterone Enanthate Online - Testosterone enanthate,Buy Testosterone\",\"isPartOf\":{\"@id\":\"https:\/\/buy-prescriptionz.com\/#website\"},\"primaryImageOfPage\":{\"@id\":\"https:\/\/buy-prescriptionz.com\/product\/buy-enanthate-online\/#primaryimage\"},\"image\":{\"@id\":\"https:\/\/buy-prescriptionz.com\/product\/buy-enanthate-online\/#primaryimage\"},\"thumbnailUrl\":\"https:\/\/buy-prescriptionz.com\/wp-content\/uploads\/2025\/09\/enanthate.jpg\",\"datePublished\":\"2025-09-16T08:56:08+00:00\",\"dateModified\":\"2025-09-21T08:50:06+00:00\",\"description\":\"Testosterone Enanthate Online - Testosterone;- Buy Testosterone Enanthate book online at best prices in India on Amazon.in. Read Testosterone Enanthate\",\"breadcrumb\":{\"@id\":\"https:\/\/buy-prescriptionz.com\/product\/buy-enanthate-online\/#breadcrumb\"},\"inLanguage\":\"sv-SE\",\"potentialAction\":[{\"@type\":\"ReadAction\",\"target\":[\"https:\/\/buy-prescriptionz.com\/product\/buy-enanthate-online\/\"]}]},{\"@type\":\"ImageObject\",\"inLanguage\":\"sv-SE\",\"@id\":\"https:\/\/buy-prescriptionz.com\/product\/buy-enanthate-online\/#primaryimage\",\"url\":\"https:\/\/buy-prescriptionz.com\/wp-content\/uploads\/2025\/09\/enanthate.jpg\",\"contentUrl\":\"https:\/\/buy-prescriptionz.com\/wp-content\/uploads\/2025\/09\/enanthate.jpg\",\"width\":400,\"height\":300},{\"@type\":\"BreadcrumbList\",\"@id\":\"https:\/\/buy-prescriptionz.com\/product\/buy-enanthate-online\/#breadcrumb\",\"itemListElement\":[{\"@type\":\"ListItem\",\"position\":1,\"name\":\"Home\",\"item\":\"https:\/\/buy-prescriptionz.com\/\"},{\"@type\":\"ListItem\",\"position\":2,\"name\":\"Shop Painkillers Online\",\"item\":\"https:\/\/buy-prescriptionz.com\/shop-painkillers-online\/\"},{\"@type\":\"ListItem\",\"position\":3,\"name\":\"Buy Enanthate Online\"}]},{\"@type\":\"WebSite\",\"@id\":\"https:\/\/buy-prescriptionz.com\/#website\",\"url\":\"https:\/\/buy-prescriptionz.com\/\",\"name\":\"Buy Prescriptionz\",\"description\":\"Drugs Online\",\"publisher\":{\"@id\":\"https:\/\/buy-prescriptionz.com\/#organization\"},\"potentialAction\":[{\"@type\":\"SearchAction\",\"target\":{\"@type\":\"EntryPoint\",\"urlTemplate\":\"https:\/\/buy-prescriptionz.com\/?s={search_term_string}\"},\"query-input\":{\"@type\":\"PropertyValueSpecification\",\"valueRequired\":true,\"valueName\":\"search_term_string\"}}],\"inLanguage\":\"sv-SE\"},{\"@type\":\"Organization\",\"@id\":\"https:\/\/buy-prescriptionz.com\/#organization\",\"name\":\"Buy Prescriptionz\",\"url\":\"https:\/\/buy-prescriptionz.com\/\",\"logo\":{\"@type\":\"ImageObject\",\"inLanguage\":\"sv-SE\",\"@id\":\"https:\/\/buy-prescriptionz.com\/#\/schema\/logo\/image\/\",\"url\":\"https:\/\/buy-prescriptionz.com\/wp-content\/uploads\/2023\/09\/logo.png\",\"contentUrl\":\"https:\/\/buy-prescriptionz.com\/wp-content\/uploads\/2023\/09\/logo.png\",\"width\":350,\"height\":64,\"caption\":\"Buy Prescriptionz\"},\"image\":{\"@id\":\"https:\/\/buy-prescriptionz.com\/#\/schema\/logo\/image\/\"}}]}<\/script>\n<!-- \/ Yoast SEO plugin. -->","yoast_head_json":{"title":"Testosteron Enanthate Online - Testosteron enanthate, K\u00f6p Testosteron","description":"Testosteron Enanthate Online - Testosteron;- K\u00f6p Testosteron Enanthate bok online till b\u00e4sta pris i Indien p\u00e5 Amazon.in. L\u00e4s Testosteron Enanthate","robots":{"index":"index","follow":"follow","max-snippet":"max-snippet:-1","max-image-preview":"max-image-preview:large","max-video-preview":"max-video-preview:-1"},"canonical":"https:\/\/buy-prescriptionz.com\/sv\/produkt\/kop-enantat-online\/","og_locale":"sv_SE","og_type":"article","og_title":"Testosterone Enanthate Online - Testosterone enanthate,Buy Testosterone","og_description":"Testosterone Enanthate Online - Testosterone;- Buy Testosterone Enanthate book online at best prices in India on Amazon.in. Read Testosterone Enanthate","og_url":"https:\/\/buy-prescriptionz.com\/sv\/produkt\/kop-enantat-online\/","og_site_name":"Buy Prescriptionz","article_modified_time":"2025-09-21T08:50:06+00:00","og_image":[{"width":400,"height":300,"url":"https:\/\/buy-prescriptionz.com\/wp-content\/uploads\/2025\/09\/enanthate.jpg","type":"image\/jpeg"}],"twitter_card":"summary_large_image","twitter_misc":{"Ber\u00e4knad l\u00e4stid":"3 minuter"},"schema":{"@context":"https:\/\/schema.org","@graph":[{"@type":"WebPage","@id":"https:\/\/buy-prescriptionz.com\/product\/buy-enanthate-online\/","url":"https:\/\/buy-prescriptionz.com\/product\/buy-enanthate-online\/","name":"Testosteron Enanthate Online - Testosteron enanthate, K\u00f6p Testosteron","isPartOf":{"@id":"https:\/\/buy-prescriptionz.com\/#website"},"primaryImageOfPage":{"@id":"https:\/\/buy-prescriptionz.com\/product\/buy-enanthate-online\/#primaryimage"},"image":{"@id":"https:\/\/buy-prescriptionz.com\/product\/buy-enanthate-online\/#primaryimage"},"thumbnailUrl":"https:\/\/buy-prescriptionz.com\/wp-content\/uploads\/2025\/09\/enanthate.jpg","datePublished":"2025-09-16T08:56:08+00:00","dateModified":"2025-09-21T08:50:06+00:00","description":"Testosteron Enanthate Online - Testosteron;- K\u00f6p Testosteron Enanthate bok online till b\u00e4sta pris i Indien p\u00e5 Amazon.in. L\u00e4s Testosteron Enanthate","breadcrumb":{"@id":"https:\/\/buy-prescriptionz.com\/product\/buy-enanthate-online\/#breadcrumb"},"inLanguage":"sv-SE","potentialAction":[{"@type":"ReadAction","target":["https:\/\/buy-prescriptionz.com\/product\/buy-enanthate-online\/"]}]},{"@type":"ImageObject","inLanguage":"sv-SE","@id":"https:\/\/buy-prescriptionz.com\/product\/buy-enanthate-online\/#primaryimage","url":"https:\/\/buy-prescriptionz.com\/wp-content\/uploads\/2025\/09\/enanthate.jpg","contentUrl":"https:\/\/buy-prescriptionz.com\/wp-content\/uploads\/2025\/09\/enanthate.jpg","width":400,"height":300},{"@type":"BreadcrumbList","@id":"https:\/\/buy-prescriptionz.com\/product\/buy-enanthate-online\/#breadcrumb","itemListElement":[{"@type":"ListItem","position":1,"name":"Home","item":"https:\/\/buy-prescriptionz.com\/"},{"@type":"ListItem","position":2,"name":"Shop Painkillers Online","item":"https:\/\/buy-prescriptionz.com\/shop-painkillers-online\/"},{"@type":"ListItem","position":3,"name":"Buy Enanthate Online"}]},{"@type":"WebSite","@id":"https:\/\/buy-prescriptionz.com\/#website","url":"https:\/\/buy-prescriptionz.com\/","name":"Buy Prescriptionz","description":"Droger p\u00e5 n\u00e4tet","publisher":{"@id":"https:\/\/buy-prescriptionz.com\/#organization"},"potentialAction":[{"@type":"SearchAction","target":{"@type":"EntryPoint","urlTemplate":"https:\/\/buy-prescriptionz.com\/?s={search_term_string}"},"query-input":{"@type":"PropertyValueSpecification","valueRequired":true,"valueName":"search_term_string"}}],"inLanguage":"sv-SE"},{"@type":"Organization","@id":"https:\/\/buy-prescriptionz.com\/#organization","name":"Buy Prescriptionz","url":"https:\/\/buy-prescriptionz.com\/","logo":{"@type":"ImageObject","inLanguage":"sv-SE","@id":"https:\/\/buy-prescriptionz.com\/#\/schema\/logo\/image\/","url":"https:\/\/buy-prescriptionz.com\/wp-content\/uploads\/2023\/09\/logo.png","contentUrl":"https:\/\/buy-prescriptionz.com\/wp-content\/uploads\/2023\/09\/logo.png","width":350,"height":64,"caption":"Buy Prescriptionz"},"image":{"@id":"https:\/\/buy-prescriptionz.com\/#\/schema\/logo\/image\/"}}]}},"_links":{"self":[{"href":"https:\/\/buy-prescriptionz.com\/sv\/wp-json\/wp\/v2\/product\/3044","targetHints":{"allow":["GET"]}}],"collection":[{"href":"https:\/\/buy-prescriptionz.com\/sv\/wp-json\/wp\/v2\/product"}],"about":[{"href":"https:\/\/buy-prescriptionz.com\/sv\/wp-json\/wp\/v2\/types\/product"}],"replies":[{"embeddable":true,"href":"https:\/\/buy-prescriptionz.com\/sv\/wp-json\/wp\/v2\/comments?post=3044"}],"wp:featuredmedia":[{"embeddable":true,"href":"https:\/\/buy-prescriptionz.com\/sv\/wp-json\/wp\/v2\/media\/3074"}],"wp:attachment":[{"href":"https:\/\/buy-prescriptionz.com\/sv\/wp-json\/wp\/v2\/media?parent=3044"}],"wp:term":[{"taxonomy":"product_brand","embeddable":true,"href":"https:\/\/buy-prescriptionz.com\/sv\/wp-json\/wp\/v2\/product_brand?post=3044"},{"taxonomy":"product_cat","embeddable":true,"href":"https:\/\/buy-prescriptionz.com\/sv\/wp-json\/wp\/v2\/product_cat?post=3044"},{"taxonomy":"product_tag","embeddable":true,"href":"https:\/\/buy-prescriptionz.com\/sv\/wp-json\/wp\/v2\/product_tag?post=3044"}],"curies":[{"name":"wp","href":"https:\/\/api.w.org\/{rel}","templated":true}]}}