{"id":3045,"date":"2025-09-16T08:56:09","date_gmt":"2025-09-16T08:56:09","guid":{"rendered":"https:\/\/chemsfine.com\/newsite\/?post_type=product&#038;p=3045"},"modified":"2025-09-16T08:56:35","modified_gmt":"2025-09-16T08:56:35","slug":"kop-cypionat-online","status":"publish","type":"product","link":"https:\/\/buy-prescriptionz.com\/sv\/produkt\/kop-cypionat-online\/","title":{"rendered":"K\u00f6p Cypionate online"},"content":{"rendered":"<h2>K\u00f6p Cypionate online<\/h2>\n<h3>Testosteron Cypionate online p\u00e5 buy-prescriptionz.com<\/h3>\n<p>K\u00f6p Cypionate Online, Testosteron Cypionate eller Depo-Testosterone, det \u00e4r en androgen och anabol steroid f\u00f6r att \u00f6ka testosteronniv\u00e5erna i m\u00e4nniskokroppen. K\u00f6p Testosteron Cypionate online f\u00f6r behandling av l\u00e5ga testosteronniv\u00e5er hos m\u00e4n och kvinnor.<\/p>\n<h3>K\u00f6p Testosteron Cypionate av 100 mg och 200 mg kvantitet i USA<\/h3>\n<p>Testosteron Cypionat till salu f\u00f6r att ges som en blandning i muskeln eller under en m\u00e5nad, beroende p\u00e5 klinisk indikation. Varje dosering finns tillg\u00e4nglig f\u00f6r injektioner och oralt intag p\u00e5 buy-prescriptionz.com.<\/p>\n<p>Svaren p\u00e5 testosteron cypionat g\u00e5r med i tecken p\u00e5 maskulinisering som hudf\u00f6rs\u00e4mring, f\u00f6rl\u00e4ngd h\u00e5rutveckling, r\u00f6stf\u00f6r\u00e4ndringar och f\u00f6rl\u00e4ngd sexuell lust.<br \/>\nK\u00f6p Testosteron Cypionate utan recept, en designad androgen och anabolisk steroid och \u00e4r en agonist av androgenreceptorn, androgenerna som testosteron och dihydrotestosteron.<\/p>\n<p>K\u00f6p Testosteron Cypionate till billigt pris f\u00f6r dess starka androgena effekter och genomsnittliga anabola effekter, vilket g\u00f6r det l\u00f6nsamt f\u00f6r maskulinisering och l\u00e4mpligt f\u00f6r androgen substitutionsterapi.<\/p>\n<h3>K\u00f6p Testosteron Cypionate med diskret f\u00f6rpackning i USA och Tyskland<\/h3>\n<p><strong>genom UPS, Express Delivery, FedEx och EMS.<\/strong><\/p>\n<p>Testosteron cypionat \u00e4r en testosteronester och en tuff prodrug av testosteron i kroppen. P\u00e5 grund av detta ses det som ett varum\u00e4rke och bioidentiskt slags testosteron. P\u00e5 buy-prescriptionz.com kan du best\u00e4lla och uppleva snabb och s\u00e4ker fraktservice.<\/p>\n<h3>Best\u00e4ll Testosteron Cypionate online: Farmakokinetik<\/h3>\n<p>Testosteron cypionat \u00e4r den intramuskul\u00e4ra imbuementboostern, inklusive dess \u00f6verf\u00f6ringstidpunkt, \u00e4r om\u00f6jlig att skilja sig fr\u00e5n och fr\u00e5n denna tid fram\u00e5t i huvudsak proportionell till dem av testosteron enanthate. Hur man k\u00f6per Testosteron Cypionate online handlar ocks\u00e5 om hur du beh\u00f6ver det f\u00f6r att leverera p\u00e5 din plats genom buy-prescriptionz.com.<\/p>\n<p>K\u00f6p Testosteron Cypionate utan l\u00e4kare f\u00f6r alla syften och \u00e4ndam\u00e5l som utbytbara som mediciner. Stora f\u00f6r\u00e4ndringar i testosteronniv\u00e5erna f\u00f6ljer med det, d\u00e4r niv\u00e5erna f\u00f6rst \u00e4r f\u00f6rh\u00f6jda och suprafysiologiska.<\/p>\n<p>K\u00f6p Testosteron Cypionat online f\u00f6r androgensubstitutionsbehandling. Det \u00e4r godk\u00e4nt av FDA f\u00f6r behandling av essentiell eller hypogonadotropisk hypogonadism.<br \/>\nDet \u00e4r inte l\u00e4mpligt f\u00f6r penistillv\u00e4xt, penisproblem och f\u00f6rsenad ton\u00e5rsperiod hos unga m\u00e4n, oligospermi, hormonsubstitutionsbehandling hos transpersoner och osteoporos. L\u00e4r dig var du kan k\u00f6pa Testosteron Cypionate online p\u00e5 buy-prescriptionz.com.<\/p>","protected":false},"excerpt":{"rendered":"<p>Buy Cypionate Online Testosterone Cypionate online on buy-prescriptionz.com Buy Cypionate Online,Testosterone Cypionate or Depo-Testosterone, it is an androgen and anabolic steroid to increase testosterone levels in the human body. Buy Testosterone Cypionate online for the treatment of low testosterone levels in men and women. Buy Testosterone Cypionate of 100 mg and 200 mg Quantity in [&hellip;]<\/p>","protected":false},"featured_media":3075,"comment_status":"open","ping_status":"closed","template":"","meta":{"site-sidebar-layout":"","site-content-layout":"","ast-site-content-layout":"","site-content-style":"","site-sidebar-style":"","ast-global-header-display":"","ast-banner-title-visibility":"","ast-main-header-display":"","ast-hfb-above-header-display":"","ast-hfb-below-header-display":"","ast-hfb-mobile-header-display":"","site-post-title":"","ast-breadcrumbs-content":"","ast-featured-img":"","footer-sml-layout":"","theme-transparent-header-meta":"","adv-header-id-meta":"","stick-header-meta":"","header-above-stick-meta":"","header-main-stick-meta":"","header-below-stick-meta":"","astra-migrate-meta-layouts":"","ast-page-background-enabled":"default","ast-page-background-meta":{"desktop":{"background-color":"var(--ast-global-color-4)","background-image":"","background-repeat":"repeat","background-position":"center center","background-size":"auto","background-attachment":"scroll","background-type":"","background-media":"","overlay-type":"","overlay-color":"","overlay-opacity":"","overlay-gradient":""},"tablet":{"background-color":"","background-image":"","background-repeat":"repeat","background-position":"center center","background-size":"auto","background-attachment":"scroll","background-type":"","background-media":"","overlay-type":"","overlay-color":"","overlay-opacity":"","overlay-gradient":""},"mobile":{"background-color":"","background-image":"","background-repeat":"repeat","background-position":"center center","background-size":"auto","background-attachment":"scroll","background-type":"","background-media":"","overlay-type":"","overlay-color":"","overlay-opacity":"","overlay-gradient":""}},"ast-content-background-meta":{"desktop":{"background-color":"var(--ast-global-color-5)","background-image":"","background-repeat":"repeat","background-position":"center center","background-size":"auto","background-attachment":"scroll","background-type":"","background-media":"","overlay-type":"","overlay-color":"","overlay-opacity":"","overlay-gradient":""},"tablet":{"background-color":"var(--ast-global-color-5)","background-image":"","background-repeat":"repeat","background-position":"center center","background-size":"auto","background-attachment":"scroll","background-type":"","background-media":"","overlay-type":"","overlay-color":"","overlay-opacity":"","overlay-gradient":""},"mobile":{"background-color":"var(--ast-global-color-5)","background-image":"","background-repeat":"repeat","background-position":"center center","background-size":"auto","background-attachment":"scroll","background-type":"","background-media":"","overlay-type":"","overlay-color":"","overlay-opacity":"","overlay-gradient":""}}},"product_brand":[],"product_cat":[2384],"product_tag":[1369,1370,1368,1363,1366,1365,1364,1367,1362,1361,1371],"class_list":{"0":"post-3045","1":"product","2":"type-product","3":"status-publish","4":"has-post-thumbnail","6":"product_cat-buy-anabolic-steroids-online","7":"product_tag-buy-cypionate-in-canada","8":"product_tag-buy-cypionate-in-uk","9":"product_tag-buy-cypionate-in-usa","10":"product_tag-buy-cypionate-with-bitcoin","11":"product_tag-buy-cypionate-with-credit-card","12":"product_tag-buy-cypionate-with-money-gram","13":"product_tag-buy-cypionate-with-western-union","14":"product_tag-buy-cypionate-without-a-doctor","15":"product_tag-buy-cypionate-without-prescription","16":"product_tag-cypionate-for-sale","17":"product_tag-cypionate-injection","18":"desktop-align-center","19":"tablet-align-left","20":"mobile-align-left","22":"first","23":"instock","24":"shipping-taxable","25":"purchasable","26":"product-type-variable","27":"has-default-attributes"},"yoast_head":"<!-- This site is optimized with the Yoast SEO plugin v25.9 - https:\/\/yoast.com\/wordpress\/plugins\/seo\/ -->\n<title>Buy Cypionate Online - Cypionate for Sale Online<\/title>\n<meta name=\"description\" content=\"Here is the chance to grab Cypionate for sale at cheap prices. Our online Buy-Prescriptionz store is selling worldwide. Order to buy Cypionate online soon.\" \/>\n<meta name=\"robots\" content=\"index, follow, max-snippet:-1, max-image-preview:large, max-video-preview:-1\" \/>\n<link rel=\"canonical\" href=\"https:\/\/buy-prescriptionz.com\/sv\/produkt\/kop-cypionat-online\/\" \/>\n<meta property=\"og:locale\" content=\"sv_SE\" \/>\n<meta property=\"og:type\" content=\"article\" \/>\n<meta property=\"og:title\" content=\"Buy Cypionate Online - Cypionate for Sale Online\" \/>\n<meta property=\"og:description\" content=\"Here is the chance to grab Cypionate for sale at cheap prices. Our online Buy-Prescriptionz store is selling worldwide. Order to buy Cypionate online soon.\" \/>\n<meta property=\"og:url\" content=\"https:\/\/buy-prescriptionz.com\/sv\/produkt\/kop-cypionat-online\/\" \/>\n<meta property=\"og:site_name\" content=\"Buy Prescriptionz\" \/>\n<meta property=\"article:modified_time\" content=\"2025-09-16T08:56:35+00:00\" \/>\n<meta property=\"og:image\" content=\"https:\/\/buy-prescriptionz.com\/wp-content\/uploads\/2025\/09\/cypionate.jpg\" \/>\n\t<meta property=\"og:image:width\" content=\"400\" \/>\n\t<meta property=\"og:image:height\" content=\"300\" \/>\n\t<meta property=\"og:image:type\" content=\"image\/jpeg\" \/>\n<meta name=\"twitter:card\" content=\"summary_large_image\" \/>\n<meta name=\"twitter:label1\" content=\"Ber\u00e4knad l\u00e4stid\" \/>\n\t<meta name=\"twitter:data1\" content=\"2 minuter\" \/>\n<script type=\"application\/ld+json\" class=\"yoast-schema-graph\">{\"@context\":\"https:\/\/schema.org\",\"@graph\":[{\"@type\":\"WebPage\",\"@id\":\"https:\/\/buy-prescriptionz.com\/cs\/produkt\/koupit-cypionat-online\/\",\"url\":\"https:\/\/buy-prescriptionz.com\/cs\/produkt\/koupit-cypionat-online\/\",\"name\":\"Buy Cypionate Online - Cypionate for Sale Online\",\"isPartOf\":{\"@id\":\"https:\/\/buy-prescriptionz.com\/#website\"},\"primaryImageOfPage\":{\"@id\":\"https:\/\/buy-prescriptionz.com\/cs\/produkt\/koupit-cypionat-online\/#primaryimage\"},\"image\":{\"@id\":\"https:\/\/buy-prescriptionz.com\/cs\/produkt\/koupit-cypionat-online\/#primaryimage\"},\"thumbnailUrl\":\"https:\/\/buy-prescriptionz.com\/wp-content\/uploads\/2025\/09\/cypionate.jpg\",\"datePublished\":\"2025-09-16T08:56:09+00:00\",\"dateModified\":\"2025-09-16T08:56:35+00:00\",\"description\":\"Here is the chance to grab Cypionate for sale at cheap prices. Our online Buy-Prescriptionz store is selling worldwide. Order to buy Cypionate online soon.\",\"breadcrumb\":{\"@id\":\"https:\/\/buy-prescriptionz.com\/cs\/produkt\/koupit-cypionat-online\/#breadcrumb\"},\"inLanguage\":\"sv-SE\",\"potentialAction\":[{\"@type\":\"ReadAction\",\"target\":[\"https:\/\/buy-prescriptionz.com\/cs\/produkt\/koupit-cypionat-online\/\"]}]},{\"@type\":\"ImageObject\",\"inLanguage\":\"sv-SE\",\"@id\":\"https:\/\/buy-prescriptionz.com\/cs\/produkt\/koupit-cypionat-online\/#primaryimage\",\"url\":\"https:\/\/buy-prescriptionz.com\/wp-content\/uploads\/2025\/09\/cypionate.jpg\",\"contentUrl\":\"https:\/\/buy-prescriptionz.com\/wp-content\/uploads\/2025\/09\/cypionate.jpg\",\"width\":400,\"height\":300},{\"@type\":\"BreadcrumbList\",\"@id\":\"https:\/\/buy-prescriptionz.com\/cs\/produkt\/koupit-cypionat-online\/#breadcrumb\",\"itemListElement\":[{\"@type\":\"ListItem\",\"position\":1,\"name\":\"Home\",\"item\":\"https:\/\/buy-prescriptionz.com\/\"},{\"@type\":\"ListItem\",\"position\":2,\"name\":\"Shop Painkillers Online\",\"item\":\"https:\/\/buy-prescriptionz.com\/shop-painkillers-online\/\"},{\"@type\":\"ListItem\",\"position\":3,\"name\":\"Buy Cypionate Online\"}]},{\"@type\":\"WebSite\",\"@id\":\"https:\/\/buy-prescriptionz.com\/#website\",\"url\":\"https:\/\/buy-prescriptionz.com\/\",\"name\":\"Buy Prescriptionz\",\"description\":\"Drugs Online\",\"publisher\":{\"@id\":\"https:\/\/buy-prescriptionz.com\/#organization\"},\"potentialAction\":[{\"@type\":\"SearchAction\",\"target\":{\"@type\":\"EntryPoint\",\"urlTemplate\":\"https:\/\/buy-prescriptionz.com\/?s={search_term_string}\"},\"query-input\":{\"@type\":\"PropertyValueSpecification\",\"valueRequired\":true,\"valueName\":\"search_term_string\"}}],\"inLanguage\":\"sv-SE\"},{\"@type\":\"Organization\",\"@id\":\"https:\/\/buy-prescriptionz.com\/#organization\",\"name\":\"Buy Prescriptionz\",\"url\":\"https:\/\/buy-prescriptionz.com\/\",\"logo\":{\"@type\":\"ImageObject\",\"inLanguage\":\"sv-SE\",\"@id\":\"https:\/\/buy-prescriptionz.com\/#\/schema\/logo\/image\/\",\"url\":\"https:\/\/buy-prescriptionz.com\/wp-content\/uploads\/2023\/09\/logo.png\",\"contentUrl\":\"https:\/\/buy-prescriptionz.com\/wp-content\/uploads\/2023\/09\/logo.png\",\"width\":350,\"height\":64,\"caption\":\"Buy Prescriptionz\"},\"image\":{\"@id\":\"https:\/\/buy-prescriptionz.com\/#\/schema\/logo\/image\/\"}}]}<\/script>\n<!-- \/ Yoast SEO plugin. -->","yoast_head_json":{"title":"K\u00f6p Cypionat Online - Cypionat till salu online","description":"H\u00e4r \u00e4r chansen att f\u00e5 tag p\u00e5 Cypionate till salu till billiga priser. V\u00e5r online Buy-Prescriptionz-butik s\u00e4ljer \u00f6ver hela v\u00e4rlden. Best\u00e4ll f\u00f6r att k\u00f6pa Cypionate online snart.","robots":{"index":"index","follow":"follow","max-snippet":"max-snippet:-1","max-image-preview":"max-image-preview:large","max-video-preview":"max-video-preview:-1"},"canonical":"https:\/\/buy-prescriptionz.com\/sv\/produkt\/kop-cypionat-online\/","og_locale":"sv_SE","og_type":"article","og_title":"Buy Cypionate Online - Cypionate for Sale Online","og_description":"Here is the chance to grab Cypionate for sale at cheap prices. Our online Buy-Prescriptionz store is selling worldwide. Order to buy Cypionate online soon.","og_url":"https:\/\/buy-prescriptionz.com\/sv\/produkt\/kop-cypionat-online\/","og_site_name":"Buy Prescriptionz","article_modified_time":"2025-09-16T08:56:35+00:00","og_image":[{"width":400,"height":300,"url":"https:\/\/buy-prescriptionz.com\/wp-content\/uploads\/2025\/09\/cypionate.jpg","type":"image\/jpeg"}],"twitter_card":"summary_large_image","twitter_misc":{"Ber\u00e4knad l\u00e4stid":"2 minuter"},"schema":{"@context":"https:\/\/schema.org","@graph":[{"@type":"WebPage","@id":"https:\/\/buy-prescriptionz.com\/cs\/produkt\/koupit-cypionat-online\/","url":"https:\/\/buy-prescriptionz.com\/cs\/produkt\/koupit-cypionat-online\/","name":"K\u00f6p Cypionat Online - Cypionat till salu online","isPartOf":{"@id":"https:\/\/buy-prescriptionz.com\/#website"},"primaryImageOfPage":{"@id":"https:\/\/buy-prescriptionz.com\/cs\/produkt\/koupit-cypionat-online\/#primaryimage"},"image":{"@id":"https:\/\/buy-prescriptionz.com\/cs\/produkt\/koupit-cypionat-online\/#primaryimage"},"thumbnailUrl":"https:\/\/buy-prescriptionz.com\/wp-content\/uploads\/2025\/09\/cypionate.jpg","datePublished":"2025-09-16T08:56:09+00:00","dateModified":"2025-09-16T08:56:35+00:00","description":"H\u00e4r \u00e4r chansen att f\u00e5 tag p\u00e5 Cypionate till salu till billiga priser. V\u00e5r online Buy-Prescriptionz-butik s\u00e4ljer \u00f6ver hela v\u00e4rlden. Best\u00e4ll f\u00f6r att k\u00f6pa Cypionate online snart.","breadcrumb":{"@id":"https:\/\/buy-prescriptionz.com\/cs\/produkt\/koupit-cypionat-online\/#breadcrumb"},"inLanguage":"sv-SE","potentialAction":[{"@type":"ReadAction","target":["https:\/\/buy-prescriptionz.com\/cs\/produkt\/koupit-cypionat-online\/"]}]},{"@type":"ImageObject","inLanguage":"sv-SE","@id":"https:\/\/buy-prescriptionz.com\/cs\/produkt\/koupit-cypionat-online\/#primaryimage","url":"https:\/\/buy-prescriptionz.com\/wp-content\/uploads\/2025\/09\/cypionate.jpg","contentUrl":"https:\/\/buy-prescriptionz.com\/wp-content\/uploads\/2025\/09\/cypionate.jpg","width":400,"height":300},{"@type":"BreadcrumbList","@id":"https:\/\/buy-prescriptionz.com\/cs\/produkt\/koupit-cypionat-online\/#breadcrumb","itemListElement":[{"@type":"ListItem","position":1,"name":"Home","item":"https:\/\/buy-prescriptionz.com\/"},{"@type":"ListItem","position":2,"name":"Shop Painkillers Online","item":"https:\/\/buy-prescriptionz.com\/shop-painkillers-online\/"},{"@type":"ListItem","position":3,"name":"Buy Cypionate Online"}]},{"@type":"WebSite","@id":"https:\/\/buy-prescriptionz.com\/#website","url":"https:\/\/buy-prescriptionz.com\/","name":"Buy Prescriptionz","description":"Droger p\u00e5 n\u00e4tet","publisher":{"@id":"https:\/\/buy-prescriptionz.com\/#organization"},"potentialAction":[{"@type":"SearchAction","target":{"@type":"EntryPoint","urlTemplate":"https:\/\/buy-prescriptionz.com\/?s={search_term_string}"},"query-input":{"@type":"PropertyValueSpecification","valueRequired":true,"valueName":"search_term_string"}}],"inLanguage":"sv-SE"},{"@type":"Organization","@id":"https:\/\/buy-prescriptionz.com\/#organization","name":"Buy Prescriptionz","url":"https:\/\/buy-prescriptionz.com\/","logo":{"@type":"ImageObject","inLanguage":"sv-SE","@id":"https:\/\/buy-prescriptionz.com\/#\/schema\/logo\/image\/","url":"https:\/\/buy-prescriptionz.com\/wp-content\/uploads\/2023\/09\/logo.png","contentUrl":"https:\/\/buy-prescriptionz.com\/wp-content\/uploads\/2023\/09\/logo.png","width":350,"height":64,"caption":"Buy Prescriptionz"},"image":{"@id":"https:\/\/buy-prescriptionz.com\/#\/schema\/logo\/image\/"}}]}},"_links":{"self":[{"href":"https:\/\/buy-prescriptionz.com\/sv\/wp-json\/wp\/v2\/product\/3045","targetHints":{"allow":["GET"]}}],"collection":[{"href":"https:\/\/buy-prescriptionz.com\/sv\/wp-json\/wp\/v2\/product"}],"about":[{"href":"https:\/\/buy-prescriptionz.com\/sv\/wp-json\/wp\/v2\/types\/product"}],"replies":[{"embeddable":true,"href":"https:\/\/buy-prescriptionz.com\/sv\/wp-json\/wp\/v2\/comments?post=3045"}],"wp:featuredmedia":[{"embeddable":true,"href":"https:\/\/buy-prescriptionz.com\/sv\/wp-json\/wp\/v2\/media\/3075"}],"wp:attachment":[{"href":"https:\/\/buy-prescriptionz.com\/sv\/wp-json\/wp\/v2\/media?parent=3045"}],"wp:term":[{"taxonomy":"product_brand","embeddable":true,"href":"https:\/\/buy-prescriptionz.com\/sv\/wp-json\/wp\/v2\/product_brand?post=3045"},{"taxonomy":"product_cat","embeddable":true,"href":"https:\/\/buy-prescriptionz.com\/sv\/wp-json\/wp\/v2\/product_cat?post=3045"},{"taxonomy":"product_tag","embeddable":true,"href":"https:\/\/buy-prescriptionz.com\/sv\/wp-json\/wp\/v2\/product_tag?post=3045"}],"curies":[{"name":"wp","href":"https:\/\/api.w.org\/{rel}","templated":true}]}}