{"id":3048,"date":"2025-09-16T08:56:09","date_gmt":"2025-09-16T08:56:09","guid":{"rendered":"https:\/\/chemsfine.com\/newsite\/?post_type=product&#038;p=3048"},"modified":"2025-09-24T11:10:48","modified_gmt":"2025-09-24T11:10:48","slug":"kop-omnadren-online","status":"publish","type":"product","link":"https:\/\/buy-prescriptionz.com\/sv\/produkt\/kop-omnadren-online\/","title":{"rendered":"K\u00f6p Omnadren online"},"content":{"rendered":"<h2>K\u00f6p Omnadren online<\/h2>\n<h3>Omnadren 250 (Sustanon) av Elfa | Testosteronblandning<\/h3>\n<p>Omnadren 250 till salu, Omnadren \u00f6kar muskeluth\u00e5lligheten och n\u00e4r du v\u00e4l har k\u00f6pt Omnadren online kan du anv\u00e4nda det sj\u00e4lv och uppleva skillnaden. Det \u00e4r den perfekta steroiden f\u00f6r alla idrottare, som anv\u00e4nds av dem \u00f6ver hela v\u00e4rlden. Omnadren 250 \u00e4r en injicerbar anabolisk substans som best\u00e5r av 30 mg testosteronpropionat, 60 mg testosteronfenylpropionat, 60 mg testosteronisohexanoat och 100 mg testosteronhexanoat. F\u00f6reningen har h\u00f6ga androgena effekter, den ger snabb muskeltillv\u00e4xt och en \u00f6kning av styrka, samt en allm\u00e4n k\u00e4nsla av v\u00e4lbefinnande och \u00f6kad sexlust. Omnadren f\u00f6rhindrar uppkomsten av skador eftersom det sm\u00f6rjer lederna genom att lagra v\u00e4tska i bindv\u00e4ven och det anses vara en effektiv antikatabolisk f\u00f6rening. Dess aktiva livsl\u00e4ngd \u00e4r cirka 18 dagar.<\/p>\n<p>Omnadren 250 injiceras vanligtvis minst en g\u00e5ng i veckan med en dos p\u00e5 400-1200 mg per vecka f\u00f6r m\u00e4n, medan kvinnliga idrottare b\u00f6r anv\u00e4nda mycket l\u00e4gre doser eller undvika att anv\u00e4nda det alls. Omnadren 250 kan kombineras med Equipoise eller Deca Durabolin eller orala steroider som Anadrol eller Anabol f\u00f6r att uppn\u00e5 en fyllnadseffekt. Anv\u00e4ndningen av Omnadren 250 minskar kroppens naturliga testosteronproduktion, och det b\u00f6r anv\u00e4ndas i slutet av cykeln i kombination med Nolvadex, HCG och Clomid i cirka 3 veckor f\u00f6r en effektiv \u00e5terst\u00e4llning av m\u00e4nniskokroppen. Kvinnor kan uppleva typiska viriliseringseffekter n\u00e4r de anv\u00e4nder Omnadren, medan manliga idrottare kan uppleva sm\u00e4rtsamma erektioner, kr\u00e4kningar, illam\u00e5ende, f\u00f6rh\u00f6jt blodtryck, f\u00f6rh\u00f6jt serumkolesterol, hum\u00f6rsv\u00e4ngningar och aggressivitet.<\/p>\n<p>Anv\u00e4ndningsomr\u00e5den \u2013 Testosteroners\u00e4ttningsterapi (TRT)<\/p>\n<p>Biverkningar \u2013 Hj\u00e4rtproblem, fet hud, leverproblem, akne<\/p>\n<p>K\u00f6p omnadren online utan recept och anv\u00e4nd det f\u00f6r att \u00f6ka testosteronniv\u00e5n s\u00e5 att den n\u00e5r det normala intervallet som vid TRT. Du kan ocks\u00e5 k\u00f6pa omnadren f\u00f6r att uppleva de terapeutiska f\u00f6rdelarna. M\u00e5nga g\u00e5nger kan du hitta omnadren till salu, vilket g\u00f6r din uppgift bara enklare.<\/p>\n<h3>\u00d6versikt och f\u00f6rdelar med att k\u00f6pa Omnadren online<\/h3>\n<p>Omnadren \u00e4r en blandning av fyra olika testosteronestrar, som ger b\u00e5de snabbverkande och l\u00e5ngvariga effekter, vilket g\u00f6r det till ett favoritval f\u00f6r testosteronbehandling och prestationsf\u00f6rb\u00e4ttring inom bodybuilding. Denna anabola steroid erbjuder flera f\u00f6rdelar, inklusive stabila testosteronniv\u00e5er, f\u00f6rb\u00e4ttrat hum\u00f6r och v\u00e4lbefinnande, betydande muskeltillv\u00e4xt och styrka, f\u00f6rb\u00e4ttrad atletisk prestation, snabbare \u00e5terh\u00e4mtningstider, \u00f6kad \u00e4mnesoms\u00e4ttning f\u00f6r fettf\u00f6rbr\u00e4nning och f\u00f6rb\u00e4ttrad libido och sexuell h\u00e4lsa.<\/p>\n<p>Blandningen s\u00e4kerst\u00e4ller balanserade hormonniv\u00e5er, \u00f6kar muskelproteinsyntesen, bevarar kv\u00e4ve i musklerna, f\u00f6rb\u00e4ttrar produktionen av r\u00f6da blodkroppar och st\u00f6der kroppens \u00f6vergripande \u00e5teruppbyggnad genom att fr\u00e4mja muskeltillv\u00e4xt och fettf\u00f6rbr\u00e4nning samtidigt.<\/p>\n<h3>Biverkningar av Omnadren<\/h3>\n<p>\u00c4ven om Omnadren erbjuder m\u00e5nga f\u00f6rdelar \u00e4r det viktigt att vara medveten om potentiella biverkningar. Vanliga biverkningar inkluderar akne, h\u00e5ravfall och \u00f6kad kroppsbeh\u00e5ring p\u00e5 grund av dess androgena egenskaper. Vissa anv\u00e4ndare kan uppleva v\u00e4tskeretention och uppbl\u00e5sthet, vilket kan leda till h\u00f6gt blodtryck. Gynekomasti, eller utveckling av br\u00f6stv\u00e4vnad hos m\u00e4n, kan uppst\u00e5 p\u00e5 grund av \u00f6kade \u00f6strogenniv\u00e5er. Dessutom kan Omnadren p\u00e5verka kolesterolniv\u00e5erna negativt, vilket \u00f6kar risken f\u00f6r hj\u00e4rt-k\u00e4rlproblem. L\u00e5ngvarig anv\u00e4ndning eller h\u00f6ga doser kan h\u00e4mma den naturliga testosteronproduktionen, vilket leder till testikelatrofi. Levertoxiciteten \u00e4r generellt l\u00e5g med injicerbara former, men det \u00e4r l\u00e4mpligt att \u00f6vervaka leverfunktionen. F\u00f6r att minska dessa risker \u00e4r det viktigt att anv\u00e4nda Omnadren under medicinsk \u00f6vervakning, f\u00f6lja rekommenderade doser och genomf\u00f6ra regelbundna h\u00e4lsokontroller.<\/p>\n<p>Du kan k\u00f6pa Nolvadex fr\u00e5n en p\u00e5litlig och l\u00e4ttanv\u00e4nd webbplats som det b\u00e4sta apoteket buy-prescriptionz.com. Denna plattform \u00e4r k\u00e4nd f\u00f6r sina genuina produkter, diskreta leveransmetoder, konkurrenskraftiga priser och andra f\u00f6rdelar. Du kan l\u00e4sa kundrecensioner p\u00e5 deras webbplats samt anv\u00e4nda receptbelagda tj\u00e4nster f\u00f6r att garantera korrekt anv\u00e4ndning av ditt k\u00f6pta l\u00e4kemedel. Skaffa Nolvadex fr\u00e5n buy-prescriptionz.com och upplev dess goda effekter, samtidigt som du har bekv\u00e4mligheten och s\u00e4kerheten med att handla online.<\/p>","protected":false},"excerpt":{"rendered":"<p>Buy Omnadren Online Omnadren 250 (Sustanon) by Jelfa | Testosterone Blend Omnadren 250 for Sale, Omnadren increases muscular endurance and once you would have bought omnadren online, you can use it for yourself and experience the difference. It is the perfect steroid for all athletes, used by them all over the world.Omnadren 250 is an [&hellip;]<\/p>","protected":false},"featured_media":3078,"comment_status":"open","ping_status":"closed","template":"","meta":{"site-sidebar-layout":"default","site-content-layout":"","ast-site-content-layout":"default","site-content-style":"default","site-sidebar-style":"default","ast-global-header-display":"","ast-banner-title-visibility":"","ast-main-header-display":"","ast-hfb-above-header-display":"","ast-hfb-below-header-display":"","ast-hfb-mobile-header-display":"","site-post-title":"","ast-breadcrumbs-content":"","ast-featured-img":"","footer-sml-layout":"","theme-transparent-header-meta":"default","adv-header-id-meta":"","stick-header-meta":"","header-above-stick-meta":"","header-main-stick-meta":"","header-below-stick-meta":"","astra-migrate-meta-layouts":"set","ast-page-background-enabled":"default","ast-page-background-meta":{"desktop":{"background-color":"var(--ast-global-color-4)","background-image":"","background-repeat":"repeat","background-position":"center center","background-size":"auto","background-attachment":"scroll","background-type":"","background-media":"","overlay-type":"","overlay-color":"","overlay-opacity":"","overlay-gradient":""},"tablet":{"background-color":"","background-image":"","background-repeat":"repeat","background-position":"center center","background-size":"auto","background-attachment":"scroll","background-type":"","background-media":"","overlay-type":"","overlay-color":"","overlay-opacity":"","overlay-gradient":""},"mobile":{"background-color":"","background-image":"","background-repeat":"repeat","background-position":"center center","background-size":"auto","background-attachment":"scroll","background-type":"","background-media":"","overlay-type":"","overlay-color":"","overlay-opacity":"","overlay-gradient":""}},"ast-content-background-meta":{"desktop":{"background-color":"var(--ast-global-color-5)","background-image":"","background-repeat":"repeat","background-position":"center center","background-size":"auto","background-attachment":"scroll","background-type":"","background-media":"","overlay-type":"","overlay-color":"","overlay-opacity":"","overlay-gradient":""},"tablet":{"background-color":"var(--ast-global-color-5)","background-image":"","background-repeat":"repeat","background-position":"center center","background-size":"auto","background-attachment":"scroll","background-type":"","background-media":"","overlay-type":"","overlay-color":"","overlay-opacity":"","overlay-gradient":""},"mobile":{"background-color":"var(--ast-global-color-5)","background-image":"","background-repeat":"repeat","background-position":"center center","background-size":"auto","background-attachment":"scroll","background-type":"","background-media":"","overlay-type":"","overlay-color":"","overlay-opacity":"","overlay-gradient":""}}},"product_brand":[],"product_cat":[2384],"product_tag":[1335,1336,1334,1329,1332,1331,1330,1333,1328,1327,1338,1337],"class_list":{"0":"post-3048","1":"product","2":"type-product","3":"status-publish","4":"has-post-thumbnail","6":"product_cat-buy-anabolic-steroids-online","7":"product_tag-buy-omnadren-in-canada","8":"product_tag-buy-omnadren-in-uk","9":"product_tag-buy-omnadren-in-usa","10":"product_tag-buy-omnadren-with-bitcoin","11":"product_tag-buy-omnadren-with-credit-card","12":"product_tag-buy-omnadren-with-money-gram","13":"product_tag-buy-omnadren-with-western-union","14":"product_tag-buy-omnadren-without-a-doctor","15":"product_tag-buy-omnadren-without-prescription","16":"product_tag-omnadren-for-sale","17":"product_tag-omnadren-pills","18":"product_tag-omnadren-tablets","19":"desktop-align-center","20":"tablet-align-left","21":"mobile-align-left","23":"first","24":"instock","25":"shipping-taxable","26":"purchasable","27":"product-type-variable","28":"has-default-attributes"},"yoast_head":"<!-- This site is optimized with the Yoast SEO plugin v25.9 - https:\/\/yoast.com\/wordpress\/plugins\/seo\/ -->\n<title>Buy Omnadren 250 Online - Omnadren 250 for Sale<\/title>\n<meta name=\"description\" content=\"If you wish to buy Omnadren 250 online so our Buy-prescriptionz store can help. We have Omnadren 250 for sale at the best rates here. Place your order now!\" \/>\n<meta name=\"robots\" content=\"index, follow, max-snippet:-1, max-image-preview:large, max-video-preview:-1\" \/>\n<link rel=\"canonical\" href=\"https:\/\/buy-prescriptionz.com\/sv\/produkt\/kop-omnadren-online\/\" \/>\n<meta property=\"og:locale\" content=\"sv_SE\" \/>\n<meta property=\"og:type\" content=\"article\" \/>\n<meta property=\"og:title\" content=\"Buy Omnadren 250 Online - Omnadren 250 for Sale\" \/>\n<meta property=\"og:description\" content=\"If you wish to buy Omnadren 250 online so our Buy-prescriptionz store can help. We have Omnadren 250 for sale at the best rates here. Place your order now!\" \/>\n<meta property=\"og:url\" content=\"https:\/\/buy-prescriptionz.com\/sv\/produkt\/kop-omnadren-online\/\" \/>\n<meta property=\"og:site_name\" content=\"Buy Prescriptionz\" \/>\n<meta property=\"article:modified_time\" content=\"2025-09-24T11:10:48+00:00\" \/>\n<meta property=\"og:image\" content=\"https:\/\/buy-prescriptionz.com\/wp-content\/uploads\/2025\/09\/omnadren.jpg\" \/>\n\t<meta property=\"og:image:width\" content=\"400\" \/>\n\t<meta property=\"og:image:height\" content=\"300\" \/>\n\t<meta property=\"og:image:type\" content=\"image\/jpeg\" \/>\n<meta name=\"twitter:card\" content=\"summary_large_image\" \/>\n<meta name=\"twitter:label1\" content=\"Ber\u00e4knad l\u00e4stid\" \/>\n\t<meta name=\"twitter:data1\" content=\"3 minuter\" \/>\n<script type=\"application\/ld+json\" class=\"yoast-schema-graph\">{\"@context\":\"https:\/\/schema.org\",\"@graph\":[{\"@type\":\"WebPage\",\"@id\":\"https:\/\/buy-prescriptionz.com\/product\/buy-omnadren-online\/\",\"url\":\"https:\/\/buy-prescriptionz.com\/product\/buy-omnadren-online\/\",\"name\":\"Buy Omnadren 250 Online - Omnadren 250 for Sale\",\"isPartOf\":{\"@id\":\"https:\/\/buy-prescriptionz.com\/#website\"},\"primaryImageOfPage\":{\"@id\":\"https:\/\/buy-prescriptionz.com\/product\/buy-omnadren-online\/#primaryimage\"},\"image\":{\"@id\":\"https:\/\/buy-prescriptionz.com\/product\/buy-omnadren-online\/#primaryimage\"},\"thumbnailUrl\":\"https:\/\/buy-prescriptionz.com\/wp-content\/uploads\/2025\/09\/omnadren.jpg\",\"datePublished\":\"2025-09-16T08:56:09+00:00\",\"dateModified\":\"2025-09-24T11:10:48+00:00\",\"description\":\"If you wish to buy Omnadren 250 online so our Buy-prescriptionz store can help. We have Omnadren 250 for sale at the best rates here. Place your order now!\",\"breadcrumb\":{\"@id\":\"https:\/\/buy-prescriptionz.com\/product\/buy-omnadren-online\/#breadcrumb\"},\"inLanguage\":\"sv-SE\",\"potentialAction\":[{\"@type\":\"ReadAction\",\"target\":[\"https:\/\/buy-prescriptionz.com\/product\/buy-omnadren-online\/\"]}]},{\"@type\":\"ImageObject\",\"inLanguage\":\"sv-SE\",\"@id\":\"https:\/\/buy-prescriptionz.com\/product\/buy-omnadren-online\/#primaryimage\",\"url\":\"https:\/\/buy-prescriptionz.com\/wp-content\/uploads\/2025\/09\/omnadren.jpg\",\"contentUrl\":\"https:\/\/buy-prescriptionz.com\/wp-content\/uploads\/2025\/09\/omnadren.jpg\",\"width\":400,\"height\":300},{\"@type\":\"BreadcrumbList\",\"@id\":\"https:\/\/buy-prescriptionz.com\/product\/buy-omnadren-online\/#breadcrumb\",\"itemListElement\":[{\"@type\":\"ListItem\",\"position\":1,\"name\":\"Home\",\"item\":\"https:\/\/buy-prescriptionz.com\/\"},{\"@type\":\"ListItem\",\"position\":2,\"name\":\"Shop Painkillers Online\",\"item\":\"https:\/\/buy-prescriptionz.com\/shop-painkillers-online\/\"},{\"@type\":\"ListItem\",\"position\":3,\"name\":\"Buy Omnadren Online\"}]},{\"@type\":\"WebSite\",\"@id\":\"https:\/\/buy-prescriptionz.com\/#website\",\"url\":\"https:\/\/buy-prescriptionz.com\/\",\"name\":\"Buy Prescriptionz\",\"description\":\"Drugs Online\",\"publisher\":{\"@id\":\"https:\/\/buy-prescriptionz.com\/#organization\"},\"potentialAction\":[{\"@type\":\"SearchAction\",\"target\":{\"@type\":\"EntryPoint\",\"urlTemplate\":\"https:\/\/buy-prescriptionz.com\/?s={search_term_string}\"},\"query-input\":{\"@type\":\"PropertyValueSpecification\",\"valueRequired\":true,\"valueName\":\"search_term_string\"}}],\"inLanguage\":\"sv-SE\"},{\"@type\":\"Organization\",\"@id\":\"https:\/\/buy-prescriptionz.com\/#organization\",\"name\":\"Buy Prescriptionz\",\"url\":\"https:\/\/buy-prescriptionz.com\/\",\"logo\":{\"@type\":\"ImageObject\",\"inLanguage\":\"sv-SE\",\"@id\":\"https:\/\/buy-prescriptionz.com\/#\/schema\/logo\/image\/\",\"url\":\"https:\/\/buy-prescriptionz.com\/wp-content\/uploads\/2023\/09\/logo.png\",\"contentUrl\":\"https:\/\/buy-prescriptionz.com\/wp-content\/uploads\/2023\/09\/logo.png\",\"width\":350,\"height\":64,\"caption\":\"Buy Prescriptionz\"},\"image\":{\"@id\":\"https:\/\/buy-prescriptionz.com\/#\/schema\/logo\/image\/\"}}]}<\/script>\n<!-- \/ Yoast SEO plugin. -->","yoast_head_json":{"title":"K\u00f6p Omnadren 250 Online - Omnadren 250 till salu","description":"Om du vill k\u00f6pa Omnadren 250 online kan v\u00e5r Buy-prescriptionz-butik hj\u00e4lpa dig. Vi har Omnadren 250 till salu till de b\u00e4sta priserna h\u00e4r. L\u00e4gg din best\u00e4llning nu!","robots":{"index":"index","follow":"follow","max-snippet":"max-snippet:-1","max-image-preview":"max-image-preview:large","max-video-preview":"max-video-preview:-1"},"canonical":"https:\/\/buy-prescriptionz.com\/sv\/produkt\/kop-omnadren-online\/","og_locale":"sv_SE","og_type":"article","og_title":"Buy Omnadren 250 Online - Omnadren 250 for Sale","og_description":"If you wish to buy Omnadren 250 online so our Buy-prescriptionz store can help. We have Omnadren 250 for sale at the best rates here. Place your order now!","og_url":"https:\/\/buy-prescriptionz.com\/sv\/produkt\/kop-omnadren-online\/","og_site_name":"Buy Prescriptionz","article_modified_time":"2025-09-24T11:10:48+00:00","og_image":[{"width":400,"height":300,"url":"https:\/\/buy-prescriptionz.com\/wp-content\/uploads\/2025\/09\/omnadren.jpg","type":"image\/jpeg"}],"twitter_card":"summary_large_image","twitter_misc":{"Ber\u00e4knad l\u00e4stid":"3 minuter"},"schema":{"@context":"https:\/\/schema.org","@graph":[{"@type":"WebPage","@id":"https:\/\/buy-prescriptionz.com\/product\/buy-omnadren-online\/","url":"https:\/\/buy-prescriptionz.com\/product\/buy-omnadren-online\/","name":"K\u00f6p Omnadren 250 Online - Omnadren 250 till salu","isPartOf":{"@id":"https:\/\/buy-prescriptionz.com\/#website"},"primaryImageOfPage":{"@id":"https:\/\/buy-prescriptionz.com\/product\/buy-omnadren-online\/#primaryimage"},"image":{"@id":"https:\/\/buy-prescriptionz.com\/product\/buy-omnadren-online\/#primaryimage"},"thumbnailUrl":"https:\/\/buy-prescriptionz.com\/wp-content\/uploads\/2025\/09\/omnadren.jpg","datePublished":"2025-09-16T08:56:09+00:00","dateModified":"2025-09-24T11:10:48+00:00","description":"Om du vill k\u00f6pa Omnadren 250 online kan v\u00e5r Buy-prescriptionz-butik hj\u00e4lpa dig. Vi har Omnadren 250 till salu till de b\u00e4sta priserna h\u00e4r. L\u00e4gg din best\u00e4llning nu!","breadcrumb":{"@id":"https:\/\/buy-prescriptionz.com\/product\/buy-omnadren-online\/#breadcrumb"},"inLanguage":"sv-SE","potentialAction":[{"@type":"ReadAction","target":["https:\/\/buy-prescriptionz.com\/product\/buy-omnadren-online\/"]}]},{"@type":"ImageObject","inLanguage":"sv-SE","@id":"https:\/\/buy-prescriptionz.com\/product\/buy-omnadren-online\/#primaryimage","url":"https:\/\/buy-prescriptionz.com\/wp-content\/uploads\/2025\/09\/omnadren.jpg","contentUrl":"https:\/\/buy-prescriptionz.com\/wp-content\/uploads\/2025\/09\/omnadren.jpg","width":400,"height":300},{"@type":"BreadcrumbList","@id":"https:\/\/buy-prescriptionz.com\/product\/buy-omnadren-online\/#breadcrumb","itemListElement":[{"@type":"ListItem","position":1,"name":"Home","item":"https:\/\/buy-prescriptionz.com\/"},{"@type":"ListItem","position":2,"name":"Shop Painkillers Online","item":"https:\/\/buy-prescriptionz.com\/shop-painkillers-online\/"},{"@type":"ListItem","position":3,"name":"Buy Omnadren Online"}]},{"@type":"WebSite","@id":"https:\/\/buy-prescriptionz.com\/#website","url":"https:\/\/buy-prescriptionz.com\/","name":"Buy Prescriptionz","description":"Droger p\u00e5 n\u00e4tet","publisher":{"@id":"https:\/\/buy-prescriptionz.com\/#organization"},"potentialAction":[{"@type":"SearchAction","target":{"@type":"EntryPoint","urlTemplate":"https:\/\/buy-prescriptionz.com\/?s={search_term_string}"},"query-input":{"@type":"PropertyValueSpecification","valueRequired":true,"valueName":"search_term_string"}}],"inLanguage":"sv-SE"},{"@type":"Organization","@id":"https:\/\/buy-prescriptionz.com\/#organization","name":"Buy Prescriptionz","url":"https:\/\/buy-prescriptionz.com\/","logo":{"@type":"ImageObject","inLanguage":"sv-SE","@id":"https:\/\/buy-prescriptionz.com\/#\/schema\/logo\/image\/","url":"https:\/\/buy-prescriptionz.com\/wp-content\/uploads\/2023\/09\/logo.png","contentUrl":"https:\/\/buy-prescriptionz.com\/wp-content\/uploads\/2023\/09\/logo.png","width":350,"height":64,"caption":"Buy Prescriptionz"},"image":{"@id":"https:\/\/buy-prescriptionz.com\/#\/schema\/logo\/image\/"}}]}},"_links":{"self":[{"href":"https:\/\/buy-prescriptionz.com\/sv\/wp-json\/wp\/v2\/product\/3048","targetHints":{"allow":["GET"]}}],"collection":[{"href":"https:\/\/buy-prescriptionz.com\/sv\/wp-json\/wp\/v2\/product"}],"about":[{"href":"https:\/\/buy-prescriptionz.com\/sv\/wp-json\/wp\/v2\/types\/product"}],"replies":[{"embeddable":true,"href":"https:\/\/buy-prescriptionz.com\/sv\/wp-json\/wp\/v2\/comments?post=3048"}],"wp:featuredmedia":[{"embeddable":true,"href":"https:\/\/buy-prescriptionz.com\/sv\/wp-json\/wp\/v2\/media\/3078"}],"wp:attachment":[{"href":"https:\/\/buy-prescriptionz.com\/sv\/wp-json\/wp\/v2\/media?parent=3048"}],"wp:term":[{"taxonomy":"product_brand","embeddable":true,"href":"https:\/\/buy-prescriptionz.com\/sv\/wp-json\/wp\/v2\/product_brand?post=3048"},{"taxonomy":"product_cat","embeddable":true,"href":"https:\/\/buy-prescriptionz.com\/sv\/wp-json\/wp\/v2\/product_cat?post=3048"},{"taxonomy":"product_tag","embeddable":true,"href":"https:\/\/buy-prescriptionz.com\/sv\/wp-json\/wp\/v2\/product_tag?post=3048"}],"curies":[{"name":"wp","href":"https:\/\/api.w.org\/{rel}","templated":true}]}}