{"id":3051,"date":"2025-09-16T08:56:09","date_gmt":"2025-09-16T08:56:09","guid":{"rendered":"https:\/\/chemsfine.com\/newsite\/?post_type=product&#038;p=3051"},"modified":"2025-09-22T05:26:12","modified_gmt":"2025-09-22T05:26:12","slug":"kop-lasix-online","status":"publish","type":"product","link":"https:\/\/buy-prescriptionz.com\/sv\/produkt\/kop-lasix-online\/","title":{"rendered":"K\u00f6p Lasix online"},"content":{"rendered":"<h2>K\u00f6p Lasix online<\/h2>\n<h3>K\u00f6p Lasix 40 mg online p\u00e5 buy-prescriptionz.com f\u00f6r h\u00f6gt blodtryck<\/h3>\n<p>K\u00f6p Lasix 40 mg online p\u00e5 buy-prescriptionz.com f\u00f6r hypertoni K\u00f6p Lasix online, Furosemide eller Lasix \u00e4r ett l\u00e4kemedel f\u00f6r behandling av v\u00e4tskeuts\u00f6ndring p\u00e5 grund av illam\u00e5ende, leverproblem eller njursjukdom. K\u00f6p Lasix 40 mg f\u00f6r behandling av h\u00f6gt blodtryck ocks\u00e5. Lasix 40 mg online finns tillg\u00e4ngligt f\u00f6r infusion i en ven eller genom munnen. ...<\/p>\n<h3>K\u00f6p Lasix Online: F\u00f6rdelar, biverkningar och \u00f6versikt<\/h3>\n<p>Lasix, \u00e4ven k\u00e4nt som furosemid, \u00e4r ett potent diuretikum som fr\u00e4mst anv\u00e4nds f\u00f6r att behandla v\u00e4tskeretention (\u00f6dem) i samband med hj\u00e4rtsvikt, leversjukdom och njursjukdomar. Det anv\u00e4nds ocks\u00e5 f\u00f6r att hantera h\u00f6gt blodtryck (hypertoni). Lasix fungerar genom att f\u00f6rhindra att kroppen absorberar f\u00f6r mycket salt, vilket g\u00f6r att saltet ist\u00e4llet kan passera ut i urinen.<\/p>\n<h4>F\u00f6rdelar med Lasix<\/h4>\n<ol>\n<li>Minskar v\u00e4tskeretention: Lasix minskar effektivt svullnad och v\u00e4tskeansamling i kroppen, vilket g\u00f6r det l\u00e4ttare f\u00f6r patienter med hj\u00e4rt-, lever- eller njurproblem att andas och r\u00f6ra sig mer bekv\u00e4mt.<\/li>\n<li>Hanterar h\u00f6gt blodtryck: Genom att fr\u00e4mja eliminering av \u00f6verfl\u00f6dig v\u00e4tska hj\u00e4lper Lasix till att s\u00e4nka h\u00f6gt blodtryck, vilket minskar risken f\u00f6r stroke och hj\u00e4rtinfarkt.<\/li>\n<li>F\u00f6rebygger komplikationer: Genom att minska \u00f6dem hj\u00e4lper Lasix till att f\u00f6rhindra komplikationer i samband med sv\u00e5r v\u00e4tskeretention, s\u00e5som lung\u00f6dem (v\u00e4tska i lungorna) och sv\u00e5rt h\u00f6gt blodtryck.<\/li>\n<li>Snabb verkan: Lasix verkar snabbt och ger snabb lindring av symtom p\u00e5 v\u00e4tskeretention och h\u00f6gt blodtryck, vilket kan vara avg\u00f6rande f\u00f6r patienter i akut n\u00f6d.<\/li>\n<\/ol>\n<h4>Biverkningar av Lasix<\/h4>\n<ol>\n<li>Elektrolytobalans: Vanliga biverkningar inkluderar l\u00e5ga niv\u00e5er av kalium, natrium och magnesium i blodet, vilket kan orsaka symtom som muskelkramper, svaghet och oregelbunden hj\u00e4rtrytm.<\/li>\n<li>Uttorkning: \u00d6verdriven v\u00e4tskef\u00f6rlust kan leda till uttorkning, vilket orsakar yrsel, muntorrhet och minskad urinproduktion.<\/li>\n<li>Hypotension: Lasix kan orsaka ett betydande blodtrycksfall, vilket leder till yrsel eller svimning, s\u00e4rskilt n\u00e4r man reser sig upp snabbt.<\/li>\n<li>H\u00f6rselproblem: H\u00f6ga doser eller snabb intraven\u00f6s administrering av Lasix kan leda till tillf\u00e4llig eller permanent h\u00f6rselneds\u00e4ttning.<\/li>\n<li>Allergiska reaktioner: Vissa patienter kan uppleva allergiska reaktioner, inklusive utslag, kl\u00e5da eller andningssv\u00e5righeter.<\/li>\n<\/ol>\n<p>Det \u00e4r att f\u00f6redra att ta Lasix under medicinsk \u00f6vervakning p\u00e5 grund av dess starka effekter och m\u00f6jliga biverkningar. Att f\u00f6lja den rekommenderade dosen och schemal\u00e4gga rutinm\u00e4ssiga unders\u00f6kningar \u00e4r avg\u00f6rande f\u00f6r att \u00f6vervaka njurfunktion och elektrolytniv\u00e5er. F\u00f6r att f\u00e5 Lasix och f\u00e5 mer information, g\u00e5 till buy-prescriptionz.com, det b\u00e4sta apoteket.<\/p>\n<h3>Lasix 40 mg till salu till otroliga priser<\/h3>\n<p>Oroa dig inte f\u00f6r hur du k\u00f6per Lasix 40 mg online f\u00f6r behandling av \u00f6dem och h\u00f6gt blodtryck. Best\u00e4ll Lasix 40 mg online \u00e4ven f\u00f6r levercirros, njurimpedans, nefrotisk sjukdom, vid behandling av svullnad i vener eller lungor d\u00e4r snabb diures kr\u00e4vs, och vid behandling av sv\u00e5r hyperkalcemi.<\/p>\n<p>Lasix uts\u00f6ndras genom cylindrisk emission i njuren. L\u00e4gre doser f\u00f6rskrivs till mer etablerade patienter f\u00f6r att begr\u00e4nsa symtomen, och h\u00f6ga doser kr\u00e4vs vid njursvikt. Det kan orsaka njurskador om det tas i \u00f6verskott.<\/p>\n<h3>Var man kan k\u00f6pa Lasix 40 mg online f\u00f6r patienter i USA<\/h3>\n<p>K\u00f6p Lasix 40 mg utan recept som verkar inom 1 timme efter oralt intag, och efter IV-infusion \u00e4r effekten efter cirka 30 minuter. Best\u00e4ll nu p\u00e5 buy-prescriptionz.com f\u00f6r snabb och s\u00e4ker leveransservice. Diures upplevs i 6\u20138 timmar efter oral injektion f\u00f6r akuta behov. Furosemid \u00e4r en icke-kompetitiv subtyp-explicit blockerare av GABA-A-receptorer. Furosemid har tillskrivits reversibla GABA-framkallade fl\u00f6den av \u03b16\u03b22\u03b32-receptorer vid \u00b5M fokus, men inte \u03b11\u03b22\u03b32-receptorer. K\u00f6p Lasix 40 mg till ett billigt pris f\u00f6r bulkbest\u00e4llningar p\u00e5 buy-prescriptionz.com.<\/p>\n<h3>K\u00f6p Lasix 40 mg online<\/h3>\n<p>Aktiviteten p\u00e5 de distala tubuli \u00e4r oberoende av eventuell h\u00e4mmande effekt p\u00e5 karbanhydras eller aldosteron; den upph\u00e4ver den kortikomedull\u00e4ra osmotiska processen och negativ, lika positiv, fri vattenbalans. K\u00f6p nu Lasix 40 mg utan l\u00e4kare med en snabb och s\u00e4ker leveranstj\u00e4nst p\u00e5 buy-prescriptionz.com.<\/p>\n<p>K\u00f6p Lasix 40 mg med diskret f\u00f6rpackning, liksom andra diuretika, verkar genom att begr\u00e4nsa den luminala Na-K-Cl-kotransport\u00f6ren i bihanget genom att transportera den till kloridkanalen, vilket orsakar natrium-, klorid- och kaliumf\u00f6rlust i urinen.<\/p>","protected":false},"excerpt":{"rendered":"<p>Buy Lasix Online Buy Lasix 40 mg online at buy-prescriptionz.com for Hypertension Buy Lasix Online,Furosemide or Lasix is a drug for treating liquid excretion because of nausea, liver issues, or kidney disease. Buy Lasix 40 mg for the treatment of high blood pressure also. Lasix 40 mg online is available for infusion into a vein [&hellip;]<\/p>","protected":false},"featured_media":3081,"comment_status":"open","ping_status":"closed","template":"","meta":{"site-sidebar-layout":"default","site-content-layout":"","ast-site-content-layout":"default","site-content-style":"default","site-sidebar-style":"default","ast-global-header-display":"","ast-banner-title-visibility":"","ast-main-header-display":"","ast-hfb-above-header-display":"","ast-hfb-below-header-display":"","ast-hfb-mobile-header-display":"","site-post-title":"","ast-breadcrumbs-content":"","ast-featured-img":"","footer-sml-layout":"","theme-transparent-header-meta":"default","adv-header-id-meta":"","stick-header-meta":"","header-above-stick-meta":"","header-main-stick-meta":"","header-below-stick-meta":"","astra-migrate-meta-layouts":"set","ast-page-background-enabled":"default","ast-page-background-meta":{"desktop":{"background-color":"var(--ast-global-color-4)","background-image":"","background-repeat":"repeat","background-position":"center center","background-size":"auto","background-attachment":"scroll","background-type":"","background-media":"","overlay-type":"","overlay-color":"","overlay-opacity":"","overlay-gradient":""},"tablet":{"background-color":"","background-image":"","background-repeat":"repeat","background-position":"center center","background-size":"auto","background-attachment":"scroll","background-type":"","background-media":"","overlay-type":"","overlay-color":"","overlay-opacity":"","overlay-gradient":""},"mobile":{"background-color":"","background-image":"","background-repeat":"repeat","background-position":"center center","background-size":"auto","background-attachment":"scroll","background-type":"","background-media":"","overlay-type":"","overlay-color":"","overlay-opacity":"","overlay-gradient":""}},"ast-content-background-meta":{"desktop":{"background-color":"var(--ast-global-color-5)","background-image":"","background-repeat":"repeat","background-position":"center center","background-size":"auto","background-attachment":"scroll","background-type":"","background-media":"","overlay-type":"","overlay-color":"","overlay-opacity":"","overlay-gradient":""},"tablet":{"background-color":"var(--ast-global-color-5)","background-image":"","background-repeat":"repeat","background-position":"center center","background-size":"auto","background-attachment":"scroll","background-type":"","background-media":"","overlay-type":"","overlay-color":"","overlay-opacity":"","overlay-gradient":""},"mobile":{"background-color":"var(--ast-global-color-5)","background-image":"","background-repeat":"repeat","background-position":"center center","background-size":"auto","background-attachment":"scroll","background-type":"","background-media":"","overlay-type":"","overlay-color":"","overlay-opacity":"","overlay-gradient":""}}},"product_brand":[],"product_cat":[2384],"product_tag":[1278,1279,1277,1272,1275,1274,1273,1276,1271,1270,1281,1280],"class_list":{"0":"post-3051","1":"product","2":"type-product","3":"status-publish","4":"has-post-thumbnail","6":"product_cat-buy-anabolic-steroids-online","7":"product_tag-buy-lasix-in-canada","8":"product_tag-buy-lasix-in-uk","9":"product_tag-buy-lasix-in-usa","10":"product_tag-buy-lasix-with-bitcoin","11":"product_tag-buy-lasix-with-credit-card","12":"product_tag-buy-lasix-with-money-gram","13":"product_tag-buy-lasix-with-western-union","14":"product_tag-buy-lasix-without-a-doctor","15":"product_tag-buy-lasix-without-prescription","16":"product_tag-lasix-for-sale","17":"product_tag-lasix-pills","18":"product_tag-lasix-tablets","19":"desktop-align-center","20":"tablet-align-left","21":"mobile-align-left","23":"first","24":"instock","25":"shipping-taxable","26":"purchasable","27":"product-type-variable","28":"has-default-attributes"},"yoast_head":"<!-- This site is optimized with the Yoast SEO plugin v25.9 - https:\/\/yoast.com\/wordpress\/plugins\/seo\/ -->\n<title>Buy Lasix Online - Lasix for Sale | Buy-Prescriptionz<\/title>\n<meta name=\"description\" content=\"Get Lasix for sale at pocket-friendly prices from our Buy-Prescriptionz store. We will help you buy lasix online. Accept your order and deliver it to you soon!\" \/>\n<meta name=\"robots\" content=\"index, follow, max-snippet:-1, max-image-preview:large, max-video-preview:-1\" \/>\n<link rel=\"canonical\" href=\"https:\/\/buy-prescriptionz.com\/sv\/produkt\/kop-lasix-online\/\" \/>\n<meta property=\"og:locale\" content=\"sv_SE\" \/>\n<meta property=\"og:type\" content=\"article\" \/>\n<meta property=\"og:title\" content=\"Buy Lasix Online - Lasix for Sale | Buy-Prescriptionz\" \/>\n<meta property=\"og:description\" content=\"Get Lasix for sale at pocket-friendly prices from our Buy-Prescriptionz store. We will help you buy lasix online. Accept your order and deliver it to you soon!\" \/>\n<meta property=\"og:url\" content=\"https:\/\/buy-prescriptionz.com\/sv\/produkt\/kop-lasix-online\/\" \/>\n<meta property=\"og:site_name\" content=\"Buy Prescriptionz\" \/>\n<meta property=\"article:modified_time\" content=\"2025-09-22T05:26:12+00:00\" \/>\n<meta property=\"og:image\" content=\"https:\/\/buy-prescriptionz.com\/wp-content\/uploads\/2025\/09\/lasix.jpg\" \/>\n\t<meta property=\"og:image:width\" content=\"400\" \/>\n\t<meta property=\"og:image:height\" content=\"300\" \/>\n\t<meta property=\"og:image:type\" content=\"image\/jpeg\" \/>\n<meta name=\"twitter:card\" content=\"summary_large_image\" \/>\n<meta name=\"twitter:label1\" content=\"Ber\u00e4knad l\u00e4stid\" \/>\n\t<meta name=\"twitter:data1\" content=\"4 minuter\" \/>\n<script type=\"application\/ld+json\" class=\"yoast-schema-graph\">{\"@context\":\"https:\/\/schema.org\",\"@graph\":[{\"@type\":\"WebPage\",\"@id\":\"https:\/\/buy-prescriptionz.com\/product\/buy-lasix-online\/\",\"url\":\"https:\/\/buy-prescriptionz.com\/product\/buy-lasix-online\/\",\"name\":\"Buy Lasix Online - Lasix for Sale | Buy-Prescriptionz\",\"isPartOf\":{\"@id\":\"https:\/\/buy-prescriptionz.com\/#website\"},\"primaryImageOfPage\":{\"@id\":\"https:\/\/buy-prescriptionz.com\/product\/buy-lasix-online\/#primaryimage\"},\"image\":{\"@id\":\"https:\/\/buy-prescriptionz.com\/product\/buy-lasix-online\/#primaryimage\"},\"thumbnailUrl\":\"https:\/\/buy-prescriptionz.com\/wp-content\/uploads\/2025\/09\/lasix.jpg\",\"datePublished\":\"2025-09-16T08:56:09+00:00\",\"dateModified\":\"2025-09-22T05:26:12+00:00\",\"description\":\"Get Lasix for sale at pocket-friendly prices from our Buy-Prescriptionz store. We will help you buy lasix online. Accept your order and deliver it to you soon!\",\"breadcrumb\":{\"@id\":\"https:\/\/buy-prescriptionz.com\/product\/buy-lasix-online\/#breadcrumb\"},\"inLanguage\":\"sv-SE\",\"potentialAction\":[{\"@type\":\"ReadAction\",\"target\":[\"https:\/\/buy-prescriptionz.com\/product\/buy-lasix-online\/\"]}]},{\"@type\":\"ImageObject\",\"inLanguage\":\"sv-SE\",\"@id\":\"https:\/\/buy-prescriptionz.com\/product\/buy-lasix-online\/#primaryimage\",\"url\":\"https:\/\/buy-prescriptionz.com\/wp-content\/uploads\/2025\/09\/lasix.jpg\",\"contentUrl\":\"https:\/\/buy-prescriptionz.com\/wp-content\/uploads\/2025\/09\/lasix.jpg\",\"width\":400,\"height\":300},{\"@type\":\"BreadcrumbList\",\"@id\":\"https:\/\/buy-prescriptionz.com\/product\/buy-lasix-online\/#breadcrumb\",\"itemListElement\":[{\"@type\":\"ListItem\",\"position\":1,\"name\":\"Home\",\"item\":\"https:\/\/buy-prescriptionz.com\/\"},{\"@type\":\"ListItem\",\"position\":2,\"name\":\"Shop Painkillers Online\",\"item\":\"https:\/\/buy-prescriptionz.com\/shop-painkillers-online\/\"},{\"@type\":\"ListItem\",\"position\":3,\"name\":\"Buy Lasix Online\"}]},{\"@type\":\"WebSite\",\"@id\":\"https:\/\/buy-prescriptionz.com\/#website\",\"url\":\"https:\/\/buy-prescriptionz.com\/\",\"name\":\"Buy Prescriptionz\",\"description\":\"Drugs Online\",\"publisher\":{\"@id\":\"https:\/\/buy-prescriptionz.com\/#organization\"},\"potentialAction\":[{\"@type\":\"SearchAction\",\"target\":{\"@type\":\"EntryPoint\",\"urlTemplate\":\"https:\/\/buy-prescriptionz.com\/?s={search_term_string}\"},\"query-input\":{\"@type\":\"PropertyValueSpecification\",\"valueRequired\":true,\"valueName\":\"search_term_string\"}}],\"inLanguage\":\"sv-SE\"},{\"@type\":\"Organization\",\"@id\":\"https:\/\/buy-prescriptionz.com\/#organization\",\"name\":\"Buy Prescriptionz\",\"url\":\"https:\/\/buy-prescriptionz.com\/\",\"logo\":{\"@type\":\"ImageObject\",\"inLanguage\":\"sv-SE\",\"@id\":\"https:\/\/buy-prescriptionz.com\/#\/schema\/logo\/image\/\",\"url\":\"https:\/\/buy-prescriptionz.com\/wp-content\/uploads\/2023\/09\/logo.png\",\"contentUrl\":\"https:\/\/buy-prescriptionz.com\/wp-content\/uploads\/2023\/09\/logo.png\",\"width\":350,\"height\":64,\"caption\":\"Buy Prescriptionz\"},\"image\":{\"@id\":\"https:\/\/buy-prescriptionz.com\/#\/schema\/logo\/image\/\"}}]}<\/script>\n<!-- \/ Yoast SEO plugin. -->","yoast_head_json":{"title":"K\u00f6p Lasix Online - Lasix till salu | Buy-Receptbelagt","description":"K\u00f6p Lasix till l\u00e5gpris fr\u00e5n v\u00e5r Buy-Prescriptionz-butik. Vi hj\u00e4lper dig att k\u00f6pa Lasix online. Ta emot din best\u00e4llning och leverera den till dig snart!","robots":{"index":"index","follow":"follow","max-snippet":"max-snippet:-1","max-image-preview":"max-image-preview:large","max-video-preview":"max-video-preview:-1"},"canonical":"https:\/\/buy-prescriptionz.com\/sv\/produkt\/kop-lasix-online\/","og_locale":"sv_SE","og_type":"article","og_title":"Buy Lasix Online - Lasix for Sale | Buy-Prescriptionz","og_description":"Get Lasix for sale at pocket-friendly prices from our Buy-Prescriptionz store. We will help you buy lasix online. Accept your order and deliver it to you soon!","og_url":"https:\/\/buy-prescriptionz.com\/sv\/produkt\/kop-lasix-online\/","og_site_name":"Buy Prescriptionz","article_modified_time":"2025-09-22T05:26:12+00:00","og_image":[{"width":400,"height":300,"url":"https:\/\/buy-prescriptionz.com\/wp-content\/uploads\/2025\/09\/lasix.jpg","type":"image\/jpeg"}],"twitter_card":"summary_large_image","twitter_misc":{"Ber\u00e4knad l\u00e4stid":"4 minuter"},"schema":{"@context":"https:\/\/schema.org","@graph":[{"@type":"WebPage","@id":"https:\/\/buy-prescriptionz.com\/product\/buy-lasix-online\/","url":"https:\/\/buy-prescriptionz.com\/product\/buy-lasix-online\/","name":"K\u00f6p Lasix Online - Lasix till salu | Buy-Receptbelagt","isPartOf":{"@id":"https:\/\/buy-prescriptionz.com\/#website"},"primaryImageOfPage":{"@id":"https:\/\/buy-prescriptionz.com\/product\/buy-lasix-online\/#primaryimage"},"image":{"@id":"https:\/\/buy-prescriptionz.com\/product\/buy-lasix-online\/#primaryimage"},"thumbnailUrl":"https:\/\/buy-prescriptionz.com\/wp-content\/uploads\/2025\/09\/lasix.jpg","datePublished":"2025-09-16T08:56:09+00:00","dateModified":"2025-09-22T05:26:12+00:00","description":"K\u00f6p Lasix till l\u00e5gpris fr\u00e5n v\u00e5r Buy-Prescriptionz-butik. Vi hj\u00e4lper dig att k\u00f6pa Lasix online. Ta emot din best\u00e4llning och leverera den till dig snart!","breadcrumb":{"@id":"https:\/\/buy-prescriptionz.com\/product\/buy-lasix-online\/#breadcrumb"},"inLanguage":"sv-SE","potentialAction":[{"@type":"ReadAction","target":["https:\/\/buy-prescriptionz.com\/product\/buy-lasix-online\/"]}]},{"@type":"ImageObject","inLanguage":"sv-SE","@id":"https:\/\/buy-prescriptionz.com\/product\/buy-lasix-online\/#primaryimage","url":"https:\/\/buy-prescriptionz.com\/wp-content\/uploads\/2025\/09\/lasix.jpg","contentUrl":"https:\/\/buy-prescriptionz.com\/wp-content\/uploads\/2025\/09\/lasix.jpg","width":400,"height":300},{"@type":"BreadcrumbList","@id":"https:\/\/buy-prescriptionz.com\/product\/buy-lasix-online\/#breadcrumb","itemListElement":[{"@type":"ListItem","position":1,"name":"Home","item":"https:\/\/buy-prescriptionz.com\/"},{"@type":"ListItem","position":2,"name":"Shop Painkillers Online","item":"https:\/\/buy-prescriptionz.com\/shop-painkillers-online\/"},{"@type":"ListItem","position":3,"name":"Buy Lasix Online"}]},{"@type":"WebSite","@id":"https:\/\/buy-prescriptionz.com\/#website","url":"https:\/\/buy-prescriptionz.com\/","name":"Buy Prescriptionz","description":"Droger p\u00e5 n\u00e4tet","publisher":{"@id":"https:\/\/buy-prescriptionz.com\/#organization"},"potentialAction":[{"@type":"SearchAction","target":{"@type":"EntryPoint","urlTemplate":"https:\/\/buy-prescriptionz.com\/?s={search_term_string}"},"query-input":{"@type":"PropertyValueSpecification","valueRequired":true,"valueName":"search_term_string"}}],"inLanguage":"sv-SE"},{"@type":"Organization","@id":"https:\/\/buy-prescriptionz.com\/#organization","name":"Buy Prescriptionz","url":"https:\/\/buy-prescriptionz.com\/","logo":{"@type":"ImageObject","inLanguage":"sv-SE","@id":"https:\/\/buy-prescriptionz.com\/#\/schema\/logo\/image\/","url":"https:\/\/buy-prescriptionz.com\/wp-content\/uploads\/2023\/09\/logo.png","contentUrl":"https:\/\/buy-prescriptionz.com\/wp-content\/uploads\/2023\/09\/logo.png","width":350,"height":64,"caption":"Buy Prescriptionz"},"image":{"@id":"https:\/\/buy-prescriptionz.com\/#\/schema\/logo\/image\/"}}]}},"_links":{"self":[{"href":"https:\/\/buy-prescriptionz.com\/sv\/wp-json\/wp\/v2\/product\/3051","targetHints":{"allow":["GET"]}}],"collection":[{"href":"https:\/\/buy-prescriptionz.com\/sv\/wp-json\/wp\/v2\/product"}],"about":[{"href":"https:\/\/buy-prescriptionz.com\/sv\/wp-json\/wp\/v2\/types\/product"}],"replies":[{"embeddable":true,"href":"https:\/\/buy-prescriptionz.com\/sv\/wp-json\/wp\/v2\/comments?post=3051"}],"wp:featuredmedia":[{"embeddable":true,"href":"https:\/\/buy-prescriptionz.com\/sv\/wp-json\/wp\/v2\/media\/3081"}],"wp:attachment":[{"href":"https:\/\/buy-prescriptionz.com\/sv\/wp-json\/wp\/v2\/media?parent=3051"}],"wp:term":[{"taxonomy":"product_brand","embeddable":true,"href":"https:\/\/buy-prescriptionz.com\/sv\/wp-json\/wp\/v2\/product_brand?post=3051"},{"taxonomy":"product_cat","embeddable":true,"href":"https:\/\/buy-prescriptionz.com\/sv\/wp-json\/wp\/v2\/product_cat?post=3051"},{"taxonomy":"product_tag","embeddable":true,"href":"https:\/\/buy-prescriptionz.com\/sv\/wp-json\/wp\/v2\/product_tag?post=3051"}],"curies":[{"name":"wp","href":"https:\/\/api.w.org\/{rel}","templated":true}]}}