{"id":3052,"date":"2025-09-16T08:56:09","date_gmt":"2025-09-16T08:56:09","guid":{"rendered":"https:\/\/chemsfine.com\/newsite\/?post_type=product&#038;p=3052"},"modified":"2025-09-22T11:15:45","modified_gmt":"2025-09-22T11:15:45","slug":"kop-insulin-online","status":"publish","type":"product","link":"https:\/\/buy-prescriptionz.com\/sv\/produkt\/kop-insulin-online\/","title":{"rendered":"K\u00f6p insulin p\u00e5 n\u00e4tet"},"content":{"rendered":"<h1>K\u00f6p insulin online p\u00e5 100 mg, 150 mg och 50 mg<\/h1>\n<p>K\u00f6p<a href=\"https:\/\/en.wikipedia.org\/wiki\/Insulin\"> Insulin<\/a> Online \u00e4r ett peptidhormon som produceras av betacellerna i bukspottk\u00f6rtelns \u00f6ar; det \u00e4r kroppens grundl\u00e4ggande anabola hormon. Var man kan k\u00f6pa insulin online p\u00e5 buy-prescriptionz.com som styr matsm\u00e4ltningen av st\u00e4rkelse, fett och protein genom att hj\u00e4lpa till med upptaget av sockerarter, glukos fr\u00e5n blodet till lever, fett och skelettmuskelceller.<\/p>\n<p>Insuline is een essentieel hormoon voor het reguleren van de bloedsuikerspiegel en essentieel voor diabetesmanagement. Het helpt het lichaam om glucose effectief te gebruiken en voorkomt complicaties door een hoge of lage bloedsuikerspiegel. Voor een handige en betrouwbare manier om insuline te kopen, kunt u terecht bij de beste apotheek: Buy-prescriptionz.com. Zij bieden een ruime keuze aan insuline, zodat u snel en veilig de medicatie krijgt die u nodig hebt.<\/p>\n<h2>K\u00f6p insulin online. P\u00e5 buy-prescriptionz.com f\u00f6r USA och europeiska stater.<\/h2>\n<p>Den assimilerade glukosen omvandlas antingen till glykogen genom glykogenes eller fetter (triglycerider) genom lipogenes, eller, i levern, till b\u00e5da. Glukos Cirkulerande insulin p\u00e5verkar sammanslagningen av proteiner i olika v\u00e4vnader.<\/p>\n<p><a href=\"https:\/\/buy-prescriptionz.com\/sv\/produkt\/dormicum\/\">Insulin<\/a> Till salu p\u00e5 buy-prescriptionz.com f\u00f6r diabetespatienter eftersom det \u00e4r ett anabolt hormon som hj\u00e4lper till att fris\u00e4tta och omvandla partiklar i blodet. L\u00e5ga insulinniv\u00e5er i blodet har motsatt effekt genom att fr\u00e4mja l\u00e5ngtg\u00e5ende katabolism, s\u00e4rskilt f\u00f6rh\u00e5llandet mellan muskler och fett. Det \u00e4r inte sv\u00e5rt att veta var man kan k\u00f6pa insulin online eftersom du p\u00e5 prescriptionz.com kan k\u00f6pa \u00f6nskad kvalitet n\u00e4r som helst och var som helst. Dormicum Online<\/p>\n<h3>F\u00f6rdelar<\/h3>\n<ul>\n<li>Bekv\u00e4mlighet: Du kan enkelt best\u00e4lla det b\u00e4sta insulinet hemifr\u00e5n utan att beh\u00f6va bes\u00f6ka ett apotek. Detta \u00e4r s\u00e4rskilt f\u00f6rdelaktigt f\u00f6r personer med r\u00f6rlighetsproblem eller hektiska scheman.<\/li>\n<li>Kostnadsbesparingar: Onlineapotek erbjuder ofta mer konkurrenskraftiga priser j\u00e4mf\u00f6rt med lokala apotek. Du kan ocks\u00e5 hitta rabatter och alternativ f\u00f6r stork\u00f6p.<\/li>\n<li>Sekretess: Att k\u00f6pa insulin online m\u00f6jligg\u00f6r en diskret process, vilket kan vara viktigt f\u00f6r dem som f\u00f6redrar att h\u00e5lla sina medicinska tillst\u00e5nd privata.<\/li>\n<\/ul>\n<h3>Uses<\/h3>\n<ul>\n<li>Reglera blodsockret: Insulin \u00e4r viktigt f\u00f6r att hantera b\u00e5de typ 1- och typ 2-diabetes och hj\u00e4lper till att uppr\u00e4tth\u00e5lla normala blodsockerniv\u00e5er.<\/li>\n<li>Kontrollera hyperglykemi: Genom att s\u00e4nka blodsockerniv\u00e5erna f\u00f6rhindrar insulin komplikationer i samband med h\u00f6gt blodsocker, s\u00e5som nervskador och hj\u00e4rt-k\u00e4rlproblem.<\/li>\n<li>St\u00f6djer \u00e4mnesoms\u00e4ttningen: Insulin hj\u00e4lper kroppen att anv\u00e4nda glukos effektivt, vilket \u00e4r avg\u00f6rande f\u00f6r energiproduktion och \u00f6vergripande \u00e4mnesoms\u00e4ttningsfunktion.<\/li>\n<\/ul>\n<h3>Biverkningar<\/h3>\n<ul>\n<li>Hypoglykemi: L\u00e5gt blodsocker \u00e4r en vanlig biverkning av insulin och k\u00e4nnetecknas av symtom som yrsel, svettningar och f\u00f6rvirring.<\/li>\n<li>Vikt\u00f6kning: L\u00e5ngvarig anv\u00e4ndning av insulin kan leda till vikt\u00f6kning, eftersom det fr\u00e4mjar lagring av glukos som fett.<\/li>\n<li>Allergiska reaktioner: Vissa patienter kan uppleva allergiska reaktioner, inklusive utslag, kl\u00e5da eller andningssv\u00e5righeter.<\/li>\n<li>Problem med injektionsst\u00e4llet: Upprepade insulininjektioner kan orsaka lokala problem som rodnad, svullnad eller lipodystrofi (onormal fettf\u00f6rdelning).<\/li>\n<\/ul>\n<h3>\u00a0Insulin utan recept och snabb och s\u00e4ker leveransservice<\/h3>\n<p>L\u00e4r dig hur du k\u00f6per insulin online p\u00e5 prescriptionz.com eftersom betaceller \u00e4r k\u00e4nsliga f\u00f6r glukosproduktion, s\u00e5 kallade glukosniv\u00e5er. Om glukosniv\u00e5n \u00e4r h\u00f6g uts\u00f6ndrar betacellerna insulin i blodet; n\u00e4r glukosniv\u00e5erna \u00e4r l\u00e5ga h\u00e4mmas fris\u00e4ttningen av insulin. Glukagon, som uts\u00f6ndrar glukos genom levern genom glykogenolys och glukoneogenes, har motsatt effekt av insulin. Du kan k\u00f6pa insulin online och \u00e4ven k\u00f6pa insulin till ett billigt pris.<\/p>\n<p>F\u00e5 insulin utan l\u00e4kare, liksom de som kr\u00e4ver infusion f\u00f6r att \u00e4ta, vilket \u00e4r f\u00f6rskrivet till humant insulin och animaliskt insulin. Det l\u00e5ngverkande insulinet; det f\u00f6rsta av dessa var Lantus (insulin glargin). Best\u00e4ll denna produkt som har en konsekvent effekt under en helt\u00e4ckande period fr\u00e5n 18 till 24 timmar. Ett annat insulin med f\u00f6rl\u00e4ngd fris\u00e4ttning \u00e4r Levemir, som \u00e4r baserat p\u00e5 en metod f\u00f6r acylering av om\u00e4ttat fett. K\u00f6p \u00e4ven insulin med diskret f\u00f6rpackning p\u00e5 buy-prescriptionz.com med snabb och s\u00e4ker leveransservice runt om i USA och i utvalda europeiska stater.<\/p>","protected":false},"excerpt":{"rendered":"<p>Buy Insulin Online of 100 mg, 150 mg, and 50 mg Buy Insulin Online is a peptide hormone produced by beta cells of the pancreatic islets; it is the fundamental anabolic hormone of the body. Where to Buy Insulin online at buy-prescriptionz.com that directs the digestion of starches, fats, and protein by helping the ingestion [&hellip;]<\/p>","protected":false},"featured_media":3082,"comment_status":"open","ping_status":"closed","template":"","meta":{"site-sidebar-layout":"default","site-content-layout":"","ast-site-content-layout":"default","site-content-style":"default","site-sidebar-style":"default","ast-global-header-display":"","ast-banner-title-visibility":"","ast-main-header-display":"","ast-hfb-above-header-display":"","ast-hfb-below-header-display":"","ast-hfb-mobile-header-display":"","site-post-title":"","ast-breadcrumbs-content":"","ast-featured-img":"","footer-sml-layout":"","theme-transparent-header-meta":"default","adv-header-id-meta":"","stick-header-meta":"","header-above-stick-meta":"","header-main-stick-meta":"","header-below-stick-meta":"","astra-migrate-meta-layouts":"set","ast-page-background-enabled":"default","ast-page-background-meta":{"desktop":{"background-color":"var(--ast-global-color-4)","background-image":"","background-repeat":"repeat","background-position":"center center","background-size":"auto","background-attachment":"scroll","background-type":"","background-media":"","overlay-type":"","overlay-color":"","overlay-opacity":"","overlay-gradient":""},"tablet":{"background-color":"","background-image":"","background-repeat":"repeat","background-position":"center center","background-size":"auto","background-attachment":"scroll","background-type":"","background-media":"","overlay-type":"","overlay-color":"","overlay-opacity":"","overlay-gradient":""},"mobile":{"background-color":"","background-image":"","background-repeat":"repeat","background-position":"center center","background-size":"auto","background-attachment":"scroll","background-type":"","background-media":"","overlay-type":"","overlay-color":"","overlay-opacity":"","overlay-gradient":""}},"ast-content-background-meta":{"desktop":{"background-color":"var(--ast-global-color-5)","background-image":"","background-repeat":"repeat","background-position":"center center","background-size":"auto","background-attachment":"scroll","background-type":"","background-media":"","overlay-type":"","overlay-color":"","overlay-opacity":"","overlay-gradient":""},"tablet":{"background-color":"var(--ast-global-color-5)","background-image":"","background-repeat":"repeat","background-position":"center center","background-size":"auto","background-attachment":"scroll","background-type":"","background-media":"","overlay-type":"","overlay-color":"","overlay-opacity":"","overlay-gradient":""},"mobile":{"background-color":"var(--ast-global-color-5)","background-image":"","background-repeat":"repeat","background-position":"center center","background-size":"auto","background-attachment":"scroll","background-type":"","background-media":"","overlay-type":"","overlay-color":"","overlay-opacity":"","overlay-gradient":""}}},"product_brand":[],"product_cat":[2384],"product_tag":[],"class_list":{"0":"post-3052","1":"product","2":"type-product","3":"status-publish","4":"has-post-thumbnail","6":"product_cat-buy-anabolic-steroids-online","7":"desktop-align-center","8":"tablet-align-left","9":"mobile-align-left","11":"first","12":"instock","13":"shipping-taxable","14":"purchasable","15":"product-type-variable","16":"has-default-attributes"},"yoast_head":"<!-- This site is optimized with the Yoast SEO plugin v25.9 - https:\/\/yoast.com\/wordpress\/plugins\/seo\/ -->\n<title>Buy Insulin Online - buy insulin online from walmart,insulin for sale online<\/title>\n<meta name=\"description\" content=\"Buy Insulin Online.where to buy insulin cheap,Buy Lantus insulin online works by controlling blood over the counter insulin walmart\" \/>\n<meta name=\"robots\" content=\"index, follow, max-snippet:-1, max-image-preview:large, max-video-preview:-1\" \/>\n<link rel=\"canonical\" href=\"https:\/\/buy-prescriptionz.com\/sv\/produkt\/kop-insulin-online\/\" \/>\n<meta property=\"og:locale\" content=\"sv_SE\" \/>\n<meta property=\"og:type\" content=\"article\" \/>\n<meta property=\"og:title\" content=\"Buy Insulin Online - buy insulin online from walmart,insulin for sale online\" \/>\n<meta property=\"og:description\" content=\"Buy Insulin Online.where to buy insulin cheap,Buy Lantus insulin online works by controlling blood over the counter insulin walmart\" \/>\n<meta property=\"og:url\" content=\"https:\/\/buy-prescriptionz.com\/sv\/produkt\/kop-insulin-online\/\" \/>\n<meta property=\"og:site_name\" content=\"Buy Prescriptionz\" \/>\n<meta property=\"article:modified_time\" content=\"2025-09-22T11:15:45+00:00\" \/>\n<meta property=\"og:image\" content=\"https:\/\/buy-prescriptionz.com\/wp-content\/uploads\/2025\/09\/insulin.jpg\" \/>\n\t<meta property=\"og:image:width\" content=\"400\" \/>\n\t<meta property=\"og:image:height\" content=\"300\" \/>\n\t<meta property=\"og:image:type\" content=\"image\/jpeg\" \/>\n<meta name=\"twitter:card\" content=\"summary_large_image\" \/>\n<meta name=\"twitter:label1\" content=\"Ber\u00e4knad l\u00e4stid\" \/>\n\t<meta name=\"twitter:data1\" content=\"4 minuter\" \/>\n<script type=\"application\/ld+json\" class=\"yoast-schema-graph\">{\"@context\":\"https:\/\/schema.org\",\"@graph\":[{\"@type\":\"WebPage\",\"@id\":\"https:\/\/buy-prescriptionz.com\/product\/buy-insulin-online\/\",\"url\":\"https:\/\/buy-prescriptionz.com\/product\/buy-insulin-online\/\",\"name\":\"Buy Insulin Online - buy insulin online from walmart,insulin for sale online\",\"isPartOf\":{\"@id\":\"https:\/\/buy-prescriptionz.com\/#website\"},\"primaryImageOfPage\":{\"@id\":\"https:\/\/buy-prescriptionz.com\/product\/buy-insulin-online\/#primaryimage\"},\"image\":{\"@id\":\"https:\/\/buy-prescriptionz.com\/product\/buy-insulin-online\/#primaryimage\"},\"thumbnailUrl\":\"https:\/\/buy-prescriptionz.com\/wp-content\/uploads\/2025\/09\/insulin.jpg\",\"datePublished\":\"2025-09-16T08:56:09+00:00\",\"dateModified\":\"2025-09-22T11:15:45+00:00\",\"description\":\"Buy Insulin Online.where to buy insulin cheap,Buy Lantus insulin online works by controlling blood over the counter insulin walmart\",\"breadcrumb\":{\"@id\":\"https:\/\/buy-prescriptionz.com\/product\/buy-insulin-online\/#breadcrumb\"},\"inLanguage\":\"sv-SE\",\"potentialAction\":[{\"@type\":\"ReadAction\",\"target\":[\"https:\/\/buy-prescriptionz.com\/product\/buy-insulin-online\/\"]}]},{\"@type\":\"ImageObject\",\"inLanguage\":\"sv-SE\",\"@id\":\"https:\/\/buy-prescriptionz.com\/product\/buy-insulin-online\/#primaryimage\",\"url\":\"https:\/\/buy-prescriptionz.com\/wp-content\/uploads\/2025\/09\/insulin.jpg\",\"contentUrl\":\"https:\/\/buy-prescriptionz.com\/wp-content\/uploads\/2025\/09\/insulin.jpg\",\"width\":400,\"height\":300},{\"@type\":\"BreadcrumbList\",\"@id\":\"https:\/\/buy-prescriptionz.com\/product\/buy-insulin-online\/#breadcrumb\",\"itemListElement\":[{\"@type\":\"ListItem\",\"position\":1,\"name\":\"Home\",\"item\":\"https:\/\/buy-prescriptionz.com\/\"},{\"@type\":\"ListItem\",\"position\":2,\"name\":\"Shop Painkillers Online\",\"item\":\"https:\/\/buy-prescriptionz.com\/shop-painkillers-online\/\"},{\"@type\":\"ListItem\",\"position\":3,\"name\":\"Buy Insulin Online\"}]},{\"@type\":\"WebSite\",\"@id\":\"https:\/\/buy-prescriptionz.com\/#website\",\"url\":\"https:\/\/buy-prescriptionz.com\/\",\"name\":\"Buy Prescriptionz\",\"description\":\"Drugs Online\",\"publisher\":{\"@id\":\"https:\/\/buy-prescriptionz.com\/#organization\"},\"potentialAction\":[{\"@type\":\"SearchAction\",\"target\":{\"@type\":\"EntryPoint\",\"urlTemplate\":\"https:\/\/buy-prescriptionz.com\/?s={search_term_string}\"},\"query-input\":{\"@type\":\"PropertyValueSpecification\",\"valueRequired\":true,\"valueName\":\"search_term_string\"}}],\"inLanguage\":\"sv-SE\"},{\"@type\":\"Organization\",\"@id\":\"https:\/\/buy-prescriptionz.com\/#organization\",\"name\":\"Buy Prescriptionz\",\"url\":\"https:\/\/buy-prescriptionz.com\/\",\"logo\":{\"@type\":\"ImageObject\",\"inLanguage\":\"sv-SE\",\"@id\":\"https:\/\/buy-prescriptionz.com\/#\/schema\/logo\/image\/\",\"url\":\"https:\/\/buy-prescriptionz.com\/wp-content\/uploads\/2023\/09\/logo.png\",\"contentUrl\":\"https:\/\/buy-prescriptionz.com\/wp-content\/uploads\/2023\/09\/logo.png\",\"width\":350,\"height\":64,\"caption\":\"Buy Prescriptionz\"},\"image\":{\"@id\":\"https:\/\/buy-prescriptionz.com\/#\/schema\/logo\/image\/\"}}]}<\/script>\n<!-- \/ Yoast SEO plugin. -->","yoast_head_json":{"title":"K\u00f6p insulin online - k\u00f6p insulin online fr\u00e5n Walmart, insulin till salu online","description":"K\u00f6p insulin online. Var man kan k\u00f6pa insulin billigt, K\u00f6p Lantus insulin online fungerar genom att kontrollera blodet receptfritt insulin walmart","robots":{"index":"index","follow":"follow","max-snippet":"max-snippet:-1","max-image-preview":"max-image-preview:large","max-video-preview":"max-video-preview:-1"},"canonical":"https:\/\/buy-prescriptionz.com\/sv\/produkt\/kop-insulin-online\/","og_locale":"sv_SE","og_type":"article","og_title":"Buy Insulin Online - buy insulin online from walmart,insulin for sale online","og_description":"Buy Insulin Online.where to buy insulin cheap,Buy Lantus insulin online works by controlling blood over the counter insulin walmart","og_url":"https:\/\/buy-prescriptionz.com\/sv\/produkt\/kop-insulin-online\/","og_site_name":"Buy Prescriptionz","article_modified_time":"2025-09-22T11:15:45+00:00","og_image":[{"width":400,"height":300,"url":"https:\/\/buy-prescriptionz.com\/wp-content\/uploads\/2025\/09\/insulin.jpg","type":"image\/jpeg"}],"twitter_card":"summary_large_image","twitter_misc":{"Ber\u00e4knad l\u00e4stid":"4 minuter"},"schema":{"@context":"https:\/\/schema.org","@graph":[{"@type":"WebPage","@id":"https:\/\/buy-prescriptionz.com\/product\/buy-insulin-online\/","url":"https:\/\/buy-prescriptionz.com\/product\/buy-insulin-online\/","name":"K\u00f6p insulin online - k\u00f6p insulin online fr\u00e5n Walmart, insulin till salu online","isPartOf":{"@id":"https:\/\/buy-prescriptionz.com\/#website"},"primaryImageOfPage":{"@id":"https:\/\/buy-prescriptionz.com\/product\/buy-insulin-online\/#primaryimage"},"image":{"@id":"https:\/\/buy-prescriptionz.com\/product\/buy-insulin-online\/#primaryimage"},"thumbnailUrl":"https:\/\/buy-prescriptionz.com\/wp-content\/uploads\/2025\/09\/insulin.jpg","datePublished":"2025-09-16T08:56:09+00:00","dateModified":"2025-09-22T11:15:45+00:00","description":"K\u00f6p insulin online. Var man kan k\u00f6pa insulin billigt, K\u00f6p Lantus insulin online fungerar genom att kontrollera blodet receptfritt insulin walmart","breadcrumb":{"@id":"https:\/\/buy-prescriptionz.com\/product\/buy-insulin-online\/#breadcrumb"},"inLanguage":"sv-SE","potentialAction":[{"@type":"ReadAction","target":["https:\/\/buy-prescriptionz.com\/product\/buy-insulin-online\/"]}]},{"@type":"ImageObject","inLanguage":"sv-SE","@id":"https:\/\/buy-prescriptionz.com\/product\/buy-insulin-online\/#primaryimage","url":"https:\/\/buy-prescriptionz.com\/wp-content\/uploads\/2025\/09\/insulin.jpg","contentUrl":"https:\/\/buy-prescriptionz.com\/wp-content\/uploads\/2025\/09\/insulin.jpg","width":400,"height":300},{"@type":"BreadcrumbList","@id":"https:\/\/buy-prescriptionz.com\/product\/buy-insulin-online\/#breadcrumb","itemListElement":[{"@type":"ListItem","position":1,"name":"Home","item":"https:\/\/buy-prescriptionz.com\/"},{"@type":"ListItem","position":2,"name":"Shop Painkillers Online","item":"https:\/\/buy-prescriptionz.com\/shop-painkillers-online\/"},{"@type":"ListItem","position":3,"name":"Buy Insulin Online"}]},{"@type":"WebSite","@id":"https:\/\/buy-prescriptionz.com\/#website","url":"https:\/\/buy-prescriptionz.com\/","name":"Buy Prescriptionz","description":"Droger p\u00e5 n\u00e4tet","publisher":{"@id":"https:\/\/buy-prescriptionz.com\/#organization"},"potentialAction":[{"@type":"SearchAction","target":{"@type":"EntryPoint","urlTemplate":"https:\/\/buy-prescriptionz.com\/?s={search_term_string}"},"query-input":{"@type":"PropertyValueSpecification","valueRequired":true,"valueName":"search_term_string"}}],"inLanguage":"sv-SE"},{"@type":"Organization","@id":"https:\/\/buy-prescriptionz.com\/#organization","name":"Buy Prescriptionz","url":"https:\/\/buy-prescriptionz.com\/","logo":{"@type":"ImageObject","inLanguage":"sv-SE","@id":"https:\/\/buy-prescriptionz.com\/#\/schema\/logo\/image\/","url":"https:\/\/buy-prescriptionz.com\/wp-content\/uploads\/2023\/09\/logo.png","contentUrl":"https:\/\/buy-prescriptionz.com\/wp-content\/uploads\/2023\/09\/logo.png","width":350,"height":64,"caption":"Buy Prescriptionz"},"image":{"@id":"https:\/\/buy-prescriptionz.com\/#\/schema\/logo\/image\/"}}]}},"_links":{"self":[{"href":"https:\/\/buy-prescriptionz.com\/sv\/wp-json\/wp\/v2\/product\/3052","targetHints":{"allow":["GET"]}}],"collection":[{"href":"https:\/\/buy-prescriptionz.com\/sv\/wp-json\/wp\/v2\/product"}],"about":[{"href":"https:\/\/buy-prescriptionz.com\/sv\/wp-json\/wp\/v2\/types\/product"}],"replies":[{"embeddable":true,"href":"https:\/\/buy-prescriptionz.com\/sv\/wp-json\/wp\/v2\/comments?post=3052"}],"wp:featuredmedia":[{"embeddable":true,"href":"https:\/\/buy-prescriptionz.com\/sv\/wp-json\/wp\/v2\/media\/3082"}],"wp:attachment":[{"href":"https:\/\/buy-prescriptionz.com\/sv\/wp-json\/wp\/v2\/media?parent=3052"}],"wp:term":[{"taxonomy":"product_brand","embeddable":true,"href":"https:\/\/buy-prescriptionz.com\/sv\/wp-json\/wp\/v2\/product_brand?post=3052"},{"taxonomy":"product_cat","embeddable":true,"href":"https:\/\/buy-prescriptionz.com\/sv\/wp-json\/wp\/v2\/product_cat?post=3052"},{"taxonomy":"product_tag","embeddable":true,"href":"https:\/\/buy-prescriptionz.com\/sv\/wp-json\/wp\/v2\/product_tag?post=3052"}],"curies":[{"name":"wp","href":"https:\/\/api.w.org\/{rel}","templated":true}]}}