{"id":3053,"date":"2025-09-16T08:56:09","date_gmt":"2025-09-16T08:56:09","guid":{"rendered":"https:\/\/chemsfine.com\/newsite\/?post_type=product&#038;p=3053"},"modified":"2025-09-26T17:48:15","modified_gmt":"2025-09-26T17:48:15","slug":"kopa-vicoprofen-online-3","status":"publish","type":"product","link":"https:\/\/buy-prescriptionz.com\/sv\/produkt\/kopa-vicoprofen-online-3\/","title":{"rendered":"K\u00f6p Vicoprofen online"},"content":{"rendered":"<h2>K\u00f6p Vicoprofen online<\/h2>\n<h3>K\u00f6p Vicoprofen Online,Vad \u00e4r hydrokodon och ibuprofen och hur fungerar det (aktivitetssystem)?<\/h3>\n<p>K\u00f6p Vicoprofen Online, det \u00e4r en blandning av en narkotisk sm\u00e4rtstillande (hydrokodonbitartrat, en sm\u00e4rtstillande identifierad med opiater) och en icke-steroidal lindrande l\u00e4kemedel (ibuprofen). De tv\u00e5 l\u00e4kemedlen \u00e4r kraftfulla mot sm\u00e4rta i hela styrelsen. Det har utv\u00e4rderats att en tablett Vicoprofen \u00e4r lika \u00f6vertygande som tv\u00e5 tabletter Tylenol #3 (paracetamol 300 mg ut\u00f6ver kodein 30 mg). Vicoprofen bekr\u00e4ftades av FDA 1997.<\/p>\n<p>Vicoprofen anv\u00e4nds vid m\u00e5ttlig till sv\u00e5r sm\u00e4rta n\u00e4r starkare l\u00e4kemedel beh\u00f6vs. Det inneh\u00e5ller hydrokodon, ett starkare opioidbaserat sm\u00e4rtstillande medel, och ibuprofen, ett receptfritt sm\u00e4rtstillande medel. Det \u00e4r avsett att lindra sv\u00e5r sm\u00e4rta. Vicoprofens opioidkoncentration b\u00f6r dock anv\u00e4ndas med f\u00f6rsiktighet under l\u00e4kares \u00f6verinseende f\u00f6r att f\u00f6rhindra beroende och negativa effekter. R\u00e5dfr\u00e5ga alltid din l\u00e4kare f\u00f6r att bekr\u00e4fta att det \u00e4r korrekt f\u00f6r din sm\u00e4rtlindring. K\u00f6p endast fr\u00e5n det b\u00e4sta apoteket p\u00e5 Buy-prescriptionz.com.<\/p>\n<p><strong>Vilka varum\u00e4rken finns f\u00f6r hydrokodon och ibuprofen?<\/strong><\/p>\n<p>Vicoprofen, Reprexain, Xylon<\/p>\n<p><strong>\u00c4r hydrokodon och ibuprofen tillg\u00e4ngliga som en icke-exklusiv medicinering?<\/strong><\/p>\n<p>Konventionell Tillg\u00e4nglig: Ja<\/p>\n<p><strong>Beh\u00f6ver jag ett botemedel mot hydrokodon och ibuprofen?<\/strong><\/p>\n<p>Ja, det \u00e4r sant<\/p>\n<p><strong>Hur anv\u00e4nds hydrokodon och ibuprofen?<\/strong><\/p>\n<p>Hydrokodon och ibuprofen (Vicoprofen) \u00e4r ett narkotiskt sm\u00e4rtlindrande l\u00e4kemedel som godk\u00e4nns f\u00f6r administrering av m\u00e5ttlig till extrem sm\u00e4rta och som anv\u00e4nds tillf\u00e4lligt.<\/p>\n<h3>K\u00f6p vicoprofen online. <strong>Vilka \u00e4r symptomen p\u00e5 hydrokodon och ibuprofen?<\/strong><\/h3>\n<p><strong>De vanligaste symtomen som upptr\u00e4der vid anv\u00e4ndning av hydrokodon \u00e4r f\u00f6ljande:<\/strong><\/p>\n<p>yrsel,<\/p>\n<p>f\u00f6rvirring,<\/p>\n<p>sedering,<\/p>\n<p>sjukdom,<\/p>\n<p>dyspepsi (sura uppst\u00f6tningar),<\/p>\n<p>Regurgitering,<\/p>\n<p>obehag,<\/p>\n<p>\u00e5ngest, och<\/p>\n<p>tr\u00f6ghet (languor).<\/p>\n<h3>Vicoprofen-dos<\/h3>\n<p>Det b\u00e4sta Vicoprofen behandlar akut sm\u00e4rta. Om doseringen:<\/p>\n<p>B\u00f6rja s\u00e4kert: F\u00f6r att minska beroende och negativa effekter kommer din l\u00e4kare att ordinera den l\u00e4gsta effektiva dosen under kortast m\u00f6jliga tid.<\/p>\n<p>Typisk dos: Den vanliga dosen f\u00f6r sm\u00e4rtbehandling \u00e4r en tablett var 4\u20136:e timme. \u00d6verskrid inte din l\u00e4kares dagliga gr\u00e4ns, vanligtvis 5 tabletter.<br \/>\nVaraktighet spelar roll: Vicoprofen rekommenderas f\u00f6r akut sm\u00e4rtbehandling och varar vanligtvis i 10 dagar.<\/p>\n<p>Justeringar: Din dos kan \u00e4ndras beroende p\u00e5 sm\u00e4rta, l\u00e4kemedelsrespons och h\u00e4lsoproblem.<\/p>\n<p>Vicoprofen \u00e4r ett starkt sm\u00e4rtstillande medel som m\u00e5ste anv\u00e4ndas noggrant f\u00f6r att maximera s\u00e4kerhet och effektivitet. \u00d6ppen kommunikation med din l\u00e4kare ang\u00e5ende sm\u00e4rta och behandlingsrespons \u00e4r avg\u00f6rande.<\/p>\n<h3>Vilka \u00e4r biverkningarna av Vicoprofen?<\/h3>\n<p>Vicoprofen fungerar bra men har biverkningar. F\u00f6ljande \u00e4r en sammanfattning av vad du kan uppleva:<\/p>\n<p>Du kan ha magproblem, illam\u00e5ende eller f\u00f6rstoppning. F\u00f6r att minska magont, \u00e4t samtidigt som du tar det.<\/p>\n<p>Vicoprofen kan orsaka d\u00e5sighet eller yrsel, s\u00e5 undvik att k\u00f6ra bil eller anv\u00e4nda tung utrustning tills du vet hur det p\u00e5verkar dig.<\/p>\n<p>Huvudv\u00e4rk och yrsel: Ironiskt nog kan det orsaka huvudv\u00e4rk.<\/p>\n<p>Hum\u00f6rsv\u00e4ngningar eller \u00f6kad \u00e5ngest? L\u00e4kemedlet kan hj\u00e4lpa.<\/p>\n<p>Eftersom det inneh\u00e5ller hydrokodon kan det skapa beroende. Ta det p\u00e5 allvar och f\u00f6lj din l\u00e4kares r\u00e5d.<\/p>\n<p>En enkel sammanfattning. Vicoprofens biverkningar kan variera, s\u00e5 om du \u00e4r orolig eller k\u00e4nner dig konstig, prata med din l\u00e4kare.<\/p>\n<p><strong>Andra viktiga symtom \u00e4r att urinledaren hindras och passar, vilket kan leda till problem med att kissa.<\/strong><\/p>\n<p>De mest k\u00e4nda reaktionerna p\u00e5 ibuprofen \u00e4r gastrointestinala reaktioner. Det kan orsaka s\u00e5r, magont, kramper, sjukdom, gastrit och till och med \u00e4kta gastrointestinal d\u00f6d. Ibland kan mags\u00e5r och dr\u00e4nering ske utan magsm\u00e4rtor, och m\u00f6rk f\u00f6rdr\u00f6jningsavf\u00f6ring, bristande f\u00f6rm\u00e5ga och yrsel efter att ha st\u00e5tt upp kan vara de viktigaste indikationerna p\u00e5 inre d\u00f6ende. Utslag, njursvaghet, \u00f6ronljud (tinnitus) och yrsel kan likas\u00e5 f\u00f6rekomma.K\u00f6p Vicoprofen Online<\/p>\n<p>Hydrokodon kan h\u00e4mma andningen och anv\u00e4nds med f\u00f6rsiktighet hos \u00e4ldre, handikappade patienter och personer med ett f\u00f6rflutet pr\u00e4glat av mags\u00e5r eller allvarlig lungsjukdom. Hydrokodon kan f\u00f6rs\u00e4mra t\u00e4nkandet och den fysiska f\u00f6rm\u00e5gan som kr\u00e4vs f\u00f6r att k\u00f6ra bil eller arbeta med apparater. Hydrokodon kan vara en predisposition. Mental och fysisk beroende kan f\u00f6rekomma men \u00e4r om\u00f6jlig n\u00e4r den anv\u00e4nds f\u00f6r tillf\u00e4llig lindring av sm\u00e4rta. Vilka \u00e4r m\u00e5tten f\u00f6r hydrokodon och ibuprofen?<\/p>\n<p>Den typiska dosen av Vicoprofen \u00e4r en tablett var fj\u00e4rde till sj\u00e4tte timme, beroende p\u00e5 vad som kr\u00e4vs f\u00f6r sm\u00e4rta. Tillverkaren f\u00f6reskriver en gr\u00e4ns p\u00e5 5 tabletter f\u00f6r varje dag och en tillf\u00e4llig behandlingstid (under tio dagar).<\/p>\n<h3>FR\u00c5GA<\/h3>\n<p><strong>I restaurativ mening anspelar uttrycket \"myalgi\" p\u00e5 vilken typ av sm\u00e4rta?<\/strong><\/p>\n<p>Se svar<\/p>\n<p><strong>Vilka mediciner eller f\u00f6rst\u00e4rkningar associeras med hydrokodon och ibuprofen?<\/strong><\/p>\n<p>Hydrokodon, som andra opiata pl\u00e5goandragare, samverkar med recept och mediciner som d\u00e4mpar hj\u00e4rnans procedurer, till exempel sprit, barbiturater, skelettmuskelavslappnande medel inklusive karisoprodol (Soma), cyklobenzaprin (Flexeril) och bensodiazepiner (till exempel lorazepam [Ativan] och klonazepam [Klonopin]).<\/p>\n<p>Narkotika, t.ex. hydrokodon, kan bromsa motiliteten i hj\u00e4rnan. Vid den tidpunkt d\u00e5 den f\u00f6renas med recept som har antikolinerga verkan kan denna p\u00e5verkan p\u00e5 tarmen kompletteras, vilket f\u00f6ranleder st\u00e4mplad tillt\u00e4ppning. S\u00e5dana l\u00e4kemedel inneh\u00e5ller dicyklomin (Bentyl), n\u00e5gra antihistaminer (t.ex. karbinoxamin [Rondec], clemastin [Tavist], difenhydramin [Benadryl], promethazin [Phenergan]), n\u00e5gra fenotiaziner (t.ex. tioridazin [Mellaril], triflupromazin [Stelazine]); Vissa tricykliska antidepressiva medel (t.ex. amitriptylin [Elavil, Endep], amoxapin [Asendin], klomipramin [Anafranil], protriptylin [Vivactil]), klozapin (Clozaril), cyklobenzaprin (Flexeril) och disopyramid (Norpace). Anv\u00e4ndningen av antidiarr\u00e9medel (till exempel difenoxylat [Lomotil], loperamid [Imodium]) hos personer som tar narkotiska analgetika, till exempel hydrokodon kan f\u00f6ranleda allvarlig stopp och kanske mer anm\u00e4rkningsv\u00e4rd sedering.<\/p>\n<p>Cimetidin (Tagamet) kan, n\u00e4r det anv\u00e4nds tillsammans med lugnande analgetika, till exempel hydrokodon, orsaka perplexitet, f\u00f6rvirring, kramper eller andningssv\u00e5righeter genom att ut\u00f6ka blodgrupperingarna av det lugnande medlet.<\/p>\n<p>Ibuprofen, som har blodf\u00f6rtunnande (antikoagulantia) egenskaper, anv\u00e4nds med varning hos patienter som tar andra blodf\u00f6rtunnande antikoagulantia, till exempel warfarin (Coumadin), p\u00e5 grund av en ut\u00f6kad risk f\u00f6r att d\u00f6. Samtidig anv\u00e4ndning av ibuprofen och klopidogrel (Plavix) kan likas\u00e5 f\u00f6ranleda \u00f6kad risk f\u00f6r d\u00f6dsfall. Patienter som tar litium (Eskalith, Lithobid) kan skapa d\u00f6dliga litiumniv\u00e5er i blodet om ibuprofen tas samtidigt. Ibuprofen kan bygga metotrexat (Rheumatrex, Trexall) giftig kvalitet n\u00e4r det anv\u00e4nds tillsammans.<\/p>\n<p>\u00c4r hydrokodon och ibuprofen s\u00e4kert att ta om jag \u00e4r gravid eller ammar?<\/p>\n<p>Hydrokodon och ibuprofen passerar placenta. Hur som helst finns det inte tillr\u00e4ckligt med uppgifter om hur hydrokodon och ibuprofen p\u00e5verkar fostret. L\u00e4kare kan anv\u00e4nda hydrokodon och ibuprofen om f\u00f6rdelarna \u00f6verstiger de potentiella farorna.<\/p>\n<p>Det \u00e4r inte k\u00e4nt om hydrokodon avges i br\u00f6stmj\u00f6lk.<\/p>\n<p>Vad skulle det annars vara bra f\u00f6r mig att t\u00e4nka p\u00e5 n\u00e4r det g\u00e4ller hydrokodon och ibuprofen?<\/p>\n<p>Vilka arrangemang av hydrokodon och ibuprofen \u00e4r tillg\u00e4ngliga?<\/p>\n<p>Tabletter: hydrokodonbitartrat 7,5 mg och ibuprofen 200 mg.<\/p>\n<p>P\u00e5 vilket s\u00e4tt skulle det vara l\u00e4mpligt att f\u00f6rvara hydrokodon och ibuprofen?<\/p>\n<p>Tabletterna b\u00f6r f\u00f6rvaras i rumstemperatur mellan 15 C - 30 C (59 F - 86 F).<\/p>\n<p>Senaste nyheterna om kronisk sm\u00e4rta<\/p>\n<p>Kan CBD behandla opioidberoende?<\/p>\n<p>Mindre sm\u00e4rta, fler bilolyckor: Legaliserad marijuana<\/p>\n<p>Hypnoterapi, ett alternativ till opioider mot sm\u00e4rta?<\/p>\n<p>Forskare uppt\u00e4cker ov\u00e4ntad spelare i fibromyalgi<\/p>\n<p>1 av 4 amerikanska arbetare k\u00e4mpar med ryggsm\u00e4rta<\/p>\n<p>Beh\u00f6ver du fler nyheter? F\u00f6lj Buyprescriptionz nyhetsbrev!<\/p>\n<p>Dag f\u00f6r dag h\u00e4lsov\u00e5rdsnyheter<\/p>\n<p>Tr\u00e4ning har effekt p\u00e5 hungern<\/p>\n<p>\u00c4r klamydiavaccinet effektivt?<\/p>\n<p>L\u00e5nga tr\u00e4ningspass, hj\u00e4rtproblem<\/p>\n<p>Proteser under operationen<\/p>\n<p>Basic Football D\u00f6dsorsak<\/p>\n<p>XML Fler h\u00e4lsorelaterade nyheter \"<\/p>\n<p>Drifting p\u00e5 Buyprescriptionz<\/p>\n<p>Denguefeber<\/p>\n<p>Hepatit A<\/p>\n<p>Ebolavirus<\/p>\n<p>Symtom och tecken p\u00e5 tidig graviditet<\/p>\n<p>Hack<\/p>\n<p>Rundown<\/p>\n<p>Hydrokodon och ibuprofen (Vicoprofen) \u00e4r ett narkotiskt sm\u00e4rtlindringsmedel som godk\u00e4nns f\u00f6r administrering av m\u00e5ttlig till allvarlig pl\u00e5ga, som anv\u00e4nds tillf\u00e4lligt. Unders\u00f6k symtom, sederade kommunikationer, f\u00f6rmaningar och f\u00f6rs\u00e4kringar innan du tar n\u00e5got recept.<\/p>","protected":false},"excerpt":{"rendered":"<p>Buy Vicoprofen Online Buy Vicoprofen Online,What are hydrocodone and ibuprofen, and how can it work (system of activity)? Buy Vicoprofen Online, it is a mix of a narcotic pain-relieving (hydrocodone bitartrate, an agony reliever identified with opiates) and a nonsteroidal mitigating drug (ibuprofen). The two meds are powerful for agony the board. It is evaluated [&hellip;]<\/p>","protected":false},"featured_media":3083,"comment_status":"open","ping_status":"closed","template":"","meta":{"site-sidebar-layout":"default","site-content-layout":"","ast-site-content-layout":"default","site-content-style":"default","site-sidebar-style":"default","ast-global-header-display":"","ast-banner-title-visibility":"","ast-main-header-display":"","ast-hfb-above-header-display":"","ast-hfb-below-header-display":"","ast-hfb-mobile-header-display":"","site-post-title":"","ast-breadcrumbs-content":"","ast-featured-img":"","footer-sml-layout":"","theme-transparent-header-meta":"default","adv-header-id-meta":"","stick-header-meta":"","header-above-stick-meta":"","header-main-stick-meta":"","header-below-stick-meta":"","astra-migrate-meta-layouts":"set","ast-page-background-enabled":"default","ast-page-background-meta":{"desktop":{"background-color":"var(--ast-global-color-4)","background-image":"","background-repeat":"repeat","background-position":"center center","background-size":"auto","background-attachment":"scroll","background-type":"","background-media":"","overlay-type":"","overlay-color":"","overlay-opacity":"","overlay-gradient":""},"tablet":{"background-color":"","background-image":"","background-repeat":"repeat","background-position":"center center","background-size":"auto","background-attachment":"scroll","background-type":"","background-media":"","overlay-type":"","overlay-color":"","overlay-opacity":"","overlay-gradient":""},"mobile":{"background-color":"","background-image":"","background-repeat":"repeat","background-position":"center center","background-size":"auto","background-attachment":"scroll","background-type":"","background-media":"","overlay-type":"","overlay-color":"","overlay-opacity":"","overlay-gradient":""}},"ast-content-background-meta":{"desktop":{"background-color":"var(--ast-global-color-5)","background-image":"","background-repeat":"repeat","background-position":"center center","background-size":"auto","background-attachment":"scroll","background-type":"","background-media":"","overlay-type":"","overlay-color":"","overlay-opacity":"","overlay-gradient":""},"tablet":{"background-color":"var(--ast-global-color-5)","background-image":"","background-repeat":"repeat","background-position":"center center","background-size":"auto","background-attachment":"scroll","background-type":"","background-media":"","overlay-type":"","overlay-color":"","overlay-opacity":"","overlay-gradient":""},"mobile":{"background-color":"var(--ast-global-color-5)","background-image":"","background-repeat":"repeat","background-position":"center center","background-size":"auto","background-attachment":"scroll","background-type":"","background-media":"","overlay-type":"","overlay-color":"","overlay-opacity":"","overlay-gradient":""}}},"product_brand":[],"product_cat":[2385],"product_tag":[1230,1231,1229,1224,1227,1226,1225,1228,1223,1222,1233,1232],"class_list":{"0":"post-3053","1":"product","2":"type-product","3":"status-publish","4":"has-post-thumbnail","6":"product_cat-buy-pain-killer-pills-online","7":"product_tag-buy-vicoprofen-in-canada","8":"product_tag-buy-vicoprofen-in-uk","9":"product_tag-buy-vicoprofen-in-usa","10":"product_tag-buy-vicoprofen-with-bitcoin","11":"product_tag-buy-vicoprofen-with-credit-card","12":"product_tag-buy-vicoprofen-with-money-gram","13":"product_tag-buy-vicoprofen-with-western-union","14":"product_tag-buy-vicoprofen-without-a-doctor","15":"product_tag-buy-vicoprofen-without-prescription","16":"product_tag-vicoprofen-for-sale","17":"product_tag-vicoprofen-pills","18":"product_tag-vicoprofen-tablets","19":"desktop-align-center","20":"tablet-align-left","21":"mobile-align-left","23":"first","24":"instock","25":"shipping-taxable","26":"purchasable","27":"product-type-variable","28":"has-default-attributes"},"yoast_head":"<!-- This site is optimized with the Yoast SEO plugin v25.9 - https:\/\/yoast.com\/wordpress\/plugins\/seo\/ -->\n<title>Buy Vicoprofen Online USA - Buy Vicoprofen Online for Sale -<\/title>\n<meta name=\"description\" content=\"Buy Vicoprofen Online, we are best sellers of this drug. we sell other drugs for pain and anxiety. we do discrete shipping and safe delBuy Vicoprofen Online\" \/>\n<meta name=\"robots\" content=\"index, follow, max-snippet:-1, max-image-preview:large, max-video-preview:-1\" \/>\n<link rel=\"canonical\" href=\"https:\/\/buy-prescriptionz.com\/sv\/produkt\/kopa-vicoprofen-online-3\/\" \/>\n<meta property=\"og:locale\" content=\"sv_SE\" \/>\n<meta property=\"og:type\" content=\"article\" \/>\n<meta property=\"og:title\" content=\"Buy Vicoprofen Online USA - Buy Vicoprofen Online for Sale -\" \/>\n<meta property=\"og:description\" content=\"Buy Vicoprofen Online, we are best sellers of this drug. we sell other drugs for pain and anxiety. we do discrete shipping and safe delBuy Vicoprofen Online\" \/>\n<meta property=\"og:url\" content=\"https:\/\/buy-prescriptionz.com\/sv\/produkt\/kopa-vicoprofen-online-3\/\" \/>\n<meta property=\"og:site_name\" content=\"Buy Prescriptionz\" \/>\n<meta property=\"article:modified_time\" content=\"2025-09-26T17:48:15+00:00\" \/>\n<meta property=\"og:image\" content=\"https:\/\/buy-prescriptionz.com\/wp-content\/uploads\/2025\/09\/vicoprofen.jpg\" \/>\n\t<meta property=\"og:image:width\" content=\"400\" \/>\n\t<meta property=\"og:image:height\" content=\"300\" \/>\n\t<meta property=\"og:image:type\" content=\"image\/jpeg\" \/>\n<meta name=\"twitter:card\" content=\"summary_large_image\" \/>\n<meta name=\"twitter:label1\" content=\"Ber\u00e4knad l\u00e4stid\" \/>\n\t<meta name=\"twitter:data1\" content=\"6 minuter\" \/>\n<script type=\"application\/ld+json\" class=\"yoast-schema-graph\">{\"@context\":\"https:\/\/schema.org\",\"@graph\":[{\"@type\":\"WebPage\",\"@id\":\"https:\/\/buy-prescriptionz.com\/es\/producto\/comprar-vicoprofeno-en-linea\/\",\"url\":\"https:\/\/buy-prescriptionz.com\/es\/producto\/comprar-vicoprofeno-en-linea\/\",\"name\":\"Buy Vicoprofen Online USA - Buy Vicoprofen Online for Sale -\",\"isPartOf\":{\"@id\":\"https:\/\/buy-prescriptionz.com\/#website\"},\"primaryImageOfPage\":{\"@id\":\"https:\/\/buy-prescriptionz.com\/es\/producto\/comprar-vicoprofeno-en-linea\/#primaryimage\"},\"image\":{\"@id\":\"https:\/\/buy-prescriptionz.com\/es\/producto\/comprar-vicoprofeno-en-linea\/#primaryimage\"},\"thumbnailUrl\":\"https:\/\/buy-prescriptionz.com\/wp-content\/uploads\/2025\/09\/vicoprofen.jpg\",\"datePublished\":\"2025-09-16T08:56:09+00:00\",\"dateModified\":\"2025-09-26T17:48:15+00:00\",\"description\":\"Buy Vicoprofen Online, we are best sellers of this drug. we sell other drugs for pain and anxiety. we do discrete shipping and safe delBuy Vicoprofen Online\",\"breadcrumb\":{\"@id\":\"https:\/\/buy-prescriptionz.com\/es\/producto\/comprar-vicoprofeno-en-linea\/#breadcrumb\"},\"inLanguage\":\"sv-SE\",\"potentialAction\":[{\"@type\":\"ReadAction\",\"target\":[\"https:\/\/buy-prescriptionz.com\/es\/producto\/comprar-vicoprofeno-en-linea\/\"]}]},{\"@type\":\"ImageObject\",\"inLanguage\":\"sv-SE\",\"@id\":\"https:\/\/buy-prescriptionz.com\/es\/producto\/comprar-vicoprofeno-en-linea\/#primaryimage\",\"url\":\"https:\/\/buy-prescriptionz.com\/wp-content\/uploads\/2025\/09\/vicoprofen.jpg\",\"contentUrl\":\"https:\/\/buy-prescriptionz.com\/wp-content\/uploads\/2025\/09\/vicoprofen.jpg\",\"width\":400,\"height\":300},{\"@type\":\"BreadcrumbList\",\"@id\":\"https:\/\/buy-prescriptionz.com\/es\/producto\/comprar-vicoprofeno-en-linea\/#breadcrumb\",\"itemListElement\":[{\"@type\":\"ListItem\",\"position\":1,\"name\":\"Home\",\"item\":\"https:\/\/buy-prescriptionz.com\/\"},{\"@type\":\"ListItem\",\"position\":2,\"name\":\"Shop Painkillers Online\",\"item\":\"https:\/\/buy-prescriptionz.com\/shop-painkillers-online\/\"},{\"@type\":\"ListItem\",\"position\":3,\"name\":\"Buy Vicoprofen Online\"}]},{\"@type\":\"WebSite\",\"@id\":\"https:\/\/buy-prescriptionz.com\/#website\",\"url\":\"https:\/\/buy-prescriptionz.com\/\",\"name\":\"Buy Prescriptionz\",\"description\":\"Drugs Online\",\"publisher\":{\"@id\":\"https:\/\/buy-prescriptionz.com\/#organization\"},\"potentialAction\":[{\"@type\":\"SearchAction\",\"target\":{\"@type\":\"EntryPoint\",\"urlTemplate\":\"https:\/\/buy-prescriptionz.com\/?s={search_term_string}\"},\"query-input\":{\"@type\":\"PropertyValueSpecification\",\"valueRequired\":true,\"valueName\":\"search_term_string\"}}],\"inLanguage\":\"sv-SE\"},{\"@type\":\"Organization\",\"@id\":\"https:\/\/buy-prescriptionz.com\/#organization\",\"name\":\"Buy Prescriptionz\",\"url\":\"https:\/\/buy-prescriptionz.com\/\",\"logo\":{\"@type\":\"ImageObject\",\"inLanguage\":\"sv-SE\",\"@id\":\"https:\/\/buy-prescriptionz.com\/#\/schema\/logo\/image\/\",\"url\":\"https:\/\/buy-prescriptionz.com\/wp-content\/uploads\/2023\/09\/logo.png\",\"contentUrl\":\"https:\/\/buy-prescriptionz.com\/wp-content\/uploads\/2023\/09\/logo.png\",\"width\":350,\"height\":64,\"caption\":\"Buy Prescriptionz\"},\"image\":{\"@id\":\"https:\/\/buy-prescriptionz.com\/#\/schema\/logo\/image\/\"}}]}<\/script>\n<!-- \/ Yoast SEO plugin. -->","yoast_head_json":{"title":"K\u00f6p Vicoprofen Online USA - K\u00f6p Vicoprofen Online till salu -","description":"K\u00f6p Vicoprofen Online, vi \u00e4r b\u00e4sta s\u00e4ljare av detta l\u00e4kemedel. vi s\u00e4ljer andra l\u00e4kemedel f\u00f6r sm\u00e4rta och \u00e5ngest. vi g\u00f6r diskret frakt och s\u00e4ker delBuy Vicoprofen Online","robots":{"index":"index","follow":"follow","max-snippet":"max-snippet:-1","max-image-preview":"max-image-preview:large","max-video-preview":"max-video-preview:-1"},"canonical":"https:\/\/buy-prescriptionz.com\/sv\/produkt\/kopa-vicoprofen-online-3\/","og_locale":"sv_SE","og_type":"article","og_title":"Buy Vicoprofen Online USA - Buy Vicoprofen Online for Sale -","og_description":"Buy Vicoprofen Online, we are best sellers of this drug. we sell other drugs for pain and anxiety. we do discrete shipping and safe delBuy Vicoprofen Online","og_url":"https:\/\/buy-prescriptionz.com\/sv\/produkt\/kopa-vicoprofen-online-3\/","og_site_name":"Buy Prescriptionz","article_modified_time":"2025-09-26T17:48:15+00:00","og_image":[{"width":400,"height":300,"url":"https:\/\/buy-prescriptionz.com\/wp-content\/uploads\/2025\/09\/vicoprofen.jpg","type":"image\/jpeg"}],"twitter_card":"summary_large_image","twitter_misc":{"Ber\u00e4knad l\u00e4stid":"6 minuter"},"schema":{"@context":"https:\/\/schema.org","@graph":[{"@type":"WebPage","@id":"https:\/\/buy-prescriptionz.com\/es\/producto\/comprar-vicoprofeno-en-linea\/","url":"https:\/\/buy-prescriptionz.com\/es\/producto\/comprar-vicoprofeno-en-linea\/","name":"K\u00f6p Vicoprofen Online USA - K\u00f6p Vicoprofen Online till salu -","isPartOf":{"@id":"https:\/\/buy-prescriptionz.com\/#website"},"primaryImageOfPage":{"@id":"https:\/\/buy-prescriptionz.com\/es\/producto\/comprar-vicoprofeno-en-linea\/#primaryimage"},"image":{"@id":"https:\/\/buy-prescriptionz.com\/es\/producto\/comprar-vicoprofeno-en-linea\/#primaryimage"},"thumbnailUrl":"https:\/\/buy-prescriptionz.com\/wp-content\/uploads\/2025\/09\/vicoprofen.jpg","datePublished":"2025-09-16T08:56:09+00:00","dateModified":"2025-09-26T17:48:15+00:00","description":"K\u00f6p Vicoprofen Online, vi \u00e4r b\u00e4sta s\u00e4ljare av detta l\u00e4kemedel. vi s\u00e4ljer andra l\u00e4kemedel f\u00f6r sm\u00e4rta och \u00e5ngest. vi g\u00f6r diskret frakt och s\u00e4ker delBuy Vicoprofen Online","breadcrumb":{"@id":"https:\/\/buy-prescriptionz.com\/es\/producto\/comprar-vicoprofeno-en-linea\/#breadcrumb"},"inLanguage":"sv-SE","potentialAction":[{"@type":"ReadAction","target":["https:\/\/buy-prescriptionz.com\/es\/producto\/comprar-vicoprofeno-en-linea\/"]}]},{"@type":"ImageObject","inLanguage":"sv-SE","@id":"https:\/\/buy-prescriptionz.com\/es\/producto\/comprar-vicoprofeno-en-linea\/#primaryimage","url":"https:\/\/buy-prescriptionz.com\/wp-content\/uploads\/2025\/09\/vicoprofen.jpg","contentUrl":"https:\/\/buy-prescriptionz.com\/wp-content\/uploads\/2025\/09\/vicoprofen.jpg","width":400,"height":300},{"@type":"BreadcrumbList","@id":"https:\/\/buy-prescriptionz.com\/es\/producto\/comprar-vicoprofeno-en-linea\/#breadcrumb","itemListElement":[{"@type":"ListItem","position":1,"name":"Home","item":"https:\/\/buy-prescriptionz.com\/"},{"@type":"ListItem","position":2,"name":"Shop Painkillers Online","item":"https:\/\/buy-prescriptionz.com\/shop-painkillers-online\/"},{"@type":"ListItem","position":3,"name":"Buy Vicoprofen Online"}]},{"@type":"WebSite","@id":"https:\/\/buy-prescriptionz.com\/#website","url":"https:\/\/buy-prescriptionz.com\/","name":"Buy Prescriptionz","description":"Droger p\u00e5 n\u00e4tet","publisher":{"@id":"https:\/\/buy-prescriptionz.com\/#organization"},"potentialAction":[{"@type":"SearchAction","target":{"@type":"EntryPoint","urlTemplate":"https:\/\/buy-prescriptionz.com\/?s={search_term_string}"},"query-input":{"@type":"PropertyValueSpecification","valueRequired":true,"valueName":"search_term_string"}}],"inLanguage":"sv-SE"},{"@type":"Organization","@id":"https:\/\/buy-prescriptionz.com\/#organization","name":"Buy Prescriptionz","url":"https:\/\/buy-prescriptionz.com\/","logo":{"@type":"ImageObject","inLanguage":"sv-SE","@id":"https:\/\/buy-prescriptionz.com\/#\/schema\/logo\/image\/","url":"https:\/\/buy-prescriptionz.com\/wp-content\/uploads\/2023\/09\/logo.png","contentUrl":"https:\/\/buy-prescriptionz.com\/wp-content\/uploads\/2023\/09\/logo.png","width":350,"height":64,"caption":"Buy Prescriptionz"},"image":{"@id":"https:\/\/buy-prescriptionz.com\/#\/schema\/logo\/image\/"}}]}},"_links":{"self":[{"href":"https:\/\/buy-prescriptionz.com\/sv\/wp-json\/wp\/v2\/product\/3053","targetHints":{"allow":["GET"]}}],"collection":[{"href":"https:\/\/buy-prescriptionz.com\/sv\/wp-json\/wp\/v2\/product"}],"about":[{"href":"https:\/\/buy-prescriptionz.com\/sv\/wp-json\/wp\/v2\/types\/product"}],"replies":[{"embeddable":true,"href":"https:\/\/buy-prescriptionz.com\/sv\/wp-json\/wp\/v2\/comments?post=3053"}],"wp:featuredmedia":[{"embeddable":true,"href":"https:\/\/buy-prescriptionz.com\/sv\/wp-json\/wp\/v2\/media\/3083"}],"wp:attachment":[{"href":"https:\/\/buy-prescriptionz.com\/sv\/wp-json\/wp\/v2\/media?parent=3053"}],"wp:term":[{"taxonomy":"product_brand","embeddable":true,"href":"https:\/\/buy-prescriptionz.com\/sv\/wp-json\/wp\/v2\/product_brand?post=3053"},{"taxonomy":"product_cat","embeddable":true,"href":"https:\/\/buy-prescriptionz.com\/sv\/wp-json\/wp\/v2\/product_cat?post=3053"},{"taxonomy":"product_tag","embeddable":true,"href":"https:\/\/buy-prescriptionz.com\/sv\/wp-json\/wp\/v2\/product_tag?post=3053"}],"curies":[{"name":"wp","href":"https:\/\/api.w.org\/{rel}","templated":true}]}}